{"id":983,"date":"2021-04-16T16:58:29","date_gmt":"2021-04-16T16:58:29","guid":{"rendered":"https:\/\/211md.org\/?page_id=983"},"modified":"2025-09-07T17:09:00","modified_gmt":"2025-09-07T21:09:00","slug":"sezi-ipotek","status":"publish","type":"page","link":"https:\/\/211md.org\/ht\/resources\/housing-shelter\/mortgage-foreclosure\/","title":{"rendered":"Sezi ipot\u00e8k"},"content":{"rendered":"<img decoding=\"async\" src=\"https:\/\/stg-maryland211-staging.kinsta.cloud\/wp-content\/uploads\/2025\/08\/5-1-scaled.png\" alt=\"5\" itemprop=\"image\" height=\"692\" width=\"2560\" title=\"5\" onerror=\"this.style.display='none'\" loading=\"lazy\" \/>\n\t\t<h1><a href=\"#start\" target=\"_self\">Tit Paj Defo<\/a><\/h1><p>Gen \u00e8d ki disponib si w ap lite pou peye ipot\u00e8k ou a. Plis ou aji pi bon\u00e8, se pi bon.<\/p>\n<p>Aprann plis sou pwosesis la ak kijan yon konseye lojman ka ede w.<\/p>\n\t\t\t<a href=\"#start\" target=\"_self\">\n\t\t\t\t\t\tK\u00f2manse\n\t\t\t\t\t<\/a>\n\t\t\t\t<img decoding=\"async\" src=\"https:\/\/211md.org\/wp-content\/plugins\/bb-plugin\/img\/pixel.png\" alt=\"\" itemprop=\"image\" onerror=\"this.style.display='none'\" loading=\"lazy\" \/>\n\t\t<h2>S\u00e8vi ak yon konseye lojman<\/h2>\n<p>Gen fason pou sove kay ou si ou pa kapab f\u00e8 peman mansy\u00e8l yo oswa si ou nan pwosesis sezi.<\/p>\n<p>Inisyativ pou Pwopriyet\u00e8 Kay nan Maryland ki Prez\u00e8ve Ekite (HOPE) ka ede sove kay yo.<\/p>\n<p>Ajans lan travay av\u00e8k konseye lojman nan \u00f2ganizasyon san bi likratif nan tout eta a.<\/p>\n<p>Konseye yo ede pwopriyet\u00e8 kay yo konprann pwosesis sezi a ak pwogram ki ka ede yo.<\/p>\n<p>\u00c8d gratis nan Maryland. F\u00e8 atansyon ak konpayi ki pwom\u00e8t pou ede w pou yon fr\u00e8.<\/p>\n<p>Rele <a href=\"https:\/\/dhcd.maryland.gov\/Residents\/Pages\/HOPE\/Homeowners.aspx\" target=\"_blank\" rel=\"noopener\">ESPWA<\/a> nan 1-877-462-7555.<\/p>\n<h3>Frod sekou sezi<\/h3>\n<p>Pa gen okenn fr\u00e8 pou jwenn \u00e8d ak yon sezi nan Maryland.<\/p>\n<p>Gen k\u00e8k magouy\u00e8 ki twonpe pwopriyet\u00e8 kay yo pou yo siyen akte pwopriyete yo epi pran kay la pou t\u00e8t pa yo, epi gen l\u00f2t ki f\u00e8 yo peye anpil fr\u00e8 san yo pa bay okenn s\u00e8vis.<\/p>\n<p>Pa siyen okenn dokiman san ou pa jwenn kons\u00e8y legal objektif anvan, konsilte ak konpayi ipot\u00e8k ou a, oswa pale ak yon konseye HOPE.<\/p>\n\t\t\t\t<img decoding=\"async\" src=\"http:\/\/211md.org\/wp-content\/uploads\/2025\/09\/homeowner-talking-ot-a-housing-counselor.jpg\" alt=\"pwopriyet\u00e8 kay ap pale ak yon konseye lojman\" itemprop=\"image\" title=\"pwopriyet\u00e8 kay ap pale ak yon konseye lojman\" onerror=\"this.style.display='none'\" loading=\"lazy\" \/>\n\t<h3>Rech\u00e8ch Lojman Popil\u00e8 Nan Baz Done Nou an<\/h3><p>Ch\u00e8che nan Baz Done Resous Kominot\u00e8 a pou jwenn rech\u00e8ch lojman popil\u00e8 sa yo. Konekte ak sa ou bezwen.<\/p>\n\t\t\t<a href=\"https:\/\/search.211md.org\/search?query=DM-1800.5000&#038;query_label=Mortgage+Delinquency+and+Default+Counseling&#038;query_type=taxonomy\" target=\"_blank\" rel=\"noopener\">\n\t\t\t\t\t\tDelinkans ipot\u00e8k ak kons\u00e8y\n\t\t\t\t\t<\/a>\n\t\t\t<a href=\"https:\/\/search.211md.org\/search?query=BH-3800.5000&#038;query_label=Mortgage+Payment+Assistance&#038;query_type=taxonomy\" target=\"_self\">\n\t\t\t\t\t\tasistans pou peman ipot\u00e8k\n\t\t\t\t\t<\/a>\n\t\t\t<a href=\"https:\/\/search.211md.org\/search?query=DM-1800.8500&#038;query_label=Tax+Foreclosure+Assistance&#038;query_type=taxonomy\" target=\"_blank\" rel=\"noopener\">\n\t\t\t\t\t\tAsistans pou sezi taks\n\t\t\t\t\t<\/a>\n\t\t\t<a href=\"https:\/\/search.211md.org\/search?query=BH-3700&#038;query_label=Housing+Counseling&#038;query_type=taxonomy\" target=\"_blank\" rel=\"noopener\">\n\t\t\t\t\t\tKons\u00e8y Lojman\n\t\t\t\t\t<\/a>\n\t\t\t<a href=\"https:\/\/search.211md.org\/search?query=BH-1800.8500-150%2CBH-3000.3500%2CPH-3300.2750%2CBH-7000.4600%2CBH-8400.6000-060%2CBH-8600&#038;query_label=I+need+help+with+housing.&#038;query_type=taxonomy\" target=\"_blank\" rel=\"noopener\">\n\t\t\t\t\t\t\u00c8d Jeneral pou Lojman\n\t\t\t\t\t<\/a>\n\t<h2>Pwosesis Foreclosure<\/h2>\n<p>Apre yon peman rate, yon ipot\u00e8k an def\u00f2.<\/p>\n<p>Kredit\u00e8 a ka voye yon &quot;avi defisyans&quot;.<\/p>\n<p>Apre plizy\u00e8 peman ki rate, yon &quot;avi defayans&quot; ka rive. Li eksplike kantite lajan ki dwe a epi li f\u00e8 w konnen ke sezi kay la ka yon posibilite.<\/p>\n<p>Pwosedi sezi ka legalman k\u00f2manse l\u00e8 ipot\u00e8k la pa peye pandan 90 jou.<\/p>\n<p>Pwochen etap la se yon &quot;Avi Aksyon Sezi.&quot; Lalwa Maryland egzije pou yo voye avi a tou de s\u00e8tifye ak pa lap\u00f2s premye klas omwen 45 jou anvan yo depoze yon aksyon sezi.<\/p>\n<p>Pa tann sa rive. Pi vit ou jwenn \u00e8d ak pwobl\u00e8m ipot\u00e8k ou yo, se plis chans kay la ap sove.<\/p>\n<p>Gade yon del\u00e8 nan\u00a0<a href=\"https:\/\/dhcd.maryland.gov\/Residents\/Documents\/HOPE\/TheNetworkForclosureTimeline_May2012v4.pdf\" target=\"_blank\" rel=\"noopener\">Pwosesis Foreclosure Maryland<\/a>.<\/p>\n\t\t\t\t<img decoding=\"async\" src=\"https:\/\/211md.org\/wp-content\/uploads\/2021\/05\/Housing-Legal.png\" alt=\"Mato legal ak yon mod\u00e8l plastik nan yon kay akote li\" itemprop=\"image\" height=\"348\" width=\"460\" title=\"Lojman Legal\" onerror=\"this.style.display='none'\" loading=\"lazy\" \/>\n\t<h2>Opsyon Peman Ipot\u00e8k<\/h2>\n<p>Anjeneral, pret\u00e8 lojman pa vle sezi sou yon ipot\u00e8k. Raman genyen ganyan nan fermeture pout\u00e8t co\u00fbts te enplike. Eseye travay sou yon plan peman ak kredit\u00e8 ou jiskaske ou pi byen finansy\u00e8man.<\/p>\n<p>Kle a se pou mande \u00e8d bon\u00e8 ak p\u00e8sistans, epi jwenn kons\u00e8y nan men yon konseye lojman eta apwouve. Yo ka ede w konprann dokiman ipot\u00e8k ou yo, eksplike opsyon ou genyen yo epi ede w negosye yon &quot;Plan antrennman&quot; ak kredit\u00e8 w la.<\/p>\n<p>Vini nan randevou a prepare av\u00e8k dokiman r\u00e8gleman, deklarasyon taks ak nenp\u00f2t avi oswa fakti ki soti nan kredit\u00e8 w la, ansanm ak bidj\u00e8 kay ou a ak lis kredit\u00e8.<\/p>\n<p>Plan antrennman posib yo ka gen ladan:<\/p>\n<ul>\n<li aria-level=\"1\">Plan ranbousman \u2013 Ranmase t\u00e8t ou l\u00e8 w ajoute yon pati nan kantite lajan ki sot pase a nan peman mansy\u00e8l ou yo.<\/li>\n<li aria-level=\"1\">Plan tolerans \u2013 Peman mansy\u00e8l ou yo redwi oswa sispann tanpor\u00e8man. Anjeneral, gen yon kantite lajan ki pi wo l\u00e8 peman yo retabli.<\/li>\n<li aria-level=\"1\">Plan Modifikasyon Pr\u00e8 - Kret\u00e8 a dak\u00f2 pou chanje kondisyon ou yo nan k\u00e8k fason. Yo ta ka diminye enter\u00e8 ou, pwolonje pery\u00f2d peman pr\u00e8 a oswa negosye penalite pou peman davans la.<\/li>\n<li aria-level=\"1\">Reklamasyon Pasy\u00e8l - Kret\u00e8 a ka ofri yon pr\u00e8 ki ba enter\u00e8 oswa san enter\u00e8 atrav\u00e8 konpayi asirans lan (FHA oswa asirans ipot\u00e8k prive) pou ratrape aryere a. Ka gen ti peman chak mwa. Pr\u00e8 a dwe l\u00e8 ou vann pwopriyete a oswa l\u00e8 ou peye premye ipot\u00e8k ou a.<\/li>\n<li aria-level=\"1\">Plan Refonte (pa disponib ak Fannie Mae oswa Freddie Mac) \u2013 Ou mete peman ki manke yo nan d\u00e8y\u00e8 pr\u00e8 a.<\/li>\n<\/ul>\n<p>Si kredit\u00e8 w la rejte pwopozisyon w la, eseye negosye epi ch\u00e8che konnen kisa yo ta vle aksepte. Si li sanble pa rezonab oswa enjis, mande pou pale ak yon espesyalis al\u00e8jman p\u00e8t oswa sip\u00e8viz\u00e8. Menmsi yon konseye lojman ka yon gwo \u00e8d, ou bezwen aji k\u00f2m defans\u00e8 ou. Menm si sezi inevitab, ou ka toujou negosye pi bon t\u00e8m oswa yon del\u00e8 pwolonje pou ou pa soti nan fr\u00e8t la. Pare pou kontinye goumen!<\/p>\n\t\t\t\t<img decoding=\"async\" src=\"https:\/\/211md.org\/wp-content\/plugins\/bb-plugin\/img\/pixel.png\" alt=\"\" itemprop=\"image\" onerror=\"this.style.display='none'\" loading=\"lazy\" \/>\n\t\t\t\t<img decoding=\"async\" src=\"https:\/\/211md.org\/wp-content\/uploads\/bb-plugin\/cache\/Call-center-specialst-circle-4e9ecd7b3425be4576416abc911049bb-.jpg\" alt=\"Espesyalis nan sant ap\u00e8l\" itemprop=\"image\" title=\"Espesyalis nan sant ap\u00e8l\" onerror=\"this.style.display='none'\" loading=\"lazy\" \/>\n<h2>Rele 211<\/h2><p>Pale ak yon moun ki gen sousi pou ou epi ki gen konpasyon 24 sou 24, 7 jou sou 7. Yo kapab tou mete ou an kontak ak resous.\u00a0<\/p>\n<h2>\n\t\t\tEnf\u00f2masyon ki gen rap\u00f2\t<\/h2>\n\t<h2>eksplore pwogram asistans yo<\/h2>\n<p>Aprann plis sou pwogram benefis yo ak kijan pou kontakte sip\u00f2.<\/p>\n\t\t<h3><a href=\"\/ht\/resous-yo\/manje\/\" target=\"_self\">Manje<\/a><\/h3><p>Manje gratis tou pre mwen, gadmanje, SNAP, WIC, ekonomi sou mak\u00e8t<\/p>\n<a href=\"\/ht\/resous-yo\/manje\/\"  target=\"_self\">Aprann plis<\/a>\t\n\t\t\t\t<a href=\"\/ht\/resous-yo\/manje\/\"  target=\"_self\" itemprop=\"url\">\n\t\t\t\t<img decoding=\"async\" src=\"https:\/\/211md.org\/wp-content\/uploads\/bb-plugin\/cache\/2025_MdInfoNet_Icon-Sets-white_food-square-dfa1c607bcdb6b34735ae61e84e21386-.png\" alt=\"2025_MdInfoNet_Icon Sets-blan_manje\" itemprop=\"image\" title=\"2025_MdInfoNet_Icon Sets-blan_manje\" onerror=\"this.style.display='none'\" loading=\"lazy\" \/>\n\t\t\t\t<\/a>\n\t\t<h3><a href=\"\/ht\/resous-yo\/asistans-sevis-piblik\/\" target=\"_self\">S\u00e8vis piblik yo<\/a><\/h3><p>Pwogram asistans pou b\u00f2dwo elektrisite, gaz ak dlo<\/p>\n<a href=\"\/ht\/resous-yo\/asistans-sevis-piblik\/\"  target=\"_self\">Aprann plis<\/a>\t\n\t\t\t\t<a href=\"\/ht\/resous-yo\/asistans-sevis-piblik\/\"  target=\"_self\" itemprop=\"url\">\n\t\t\t\t<img decoding=\"async\" src=\"https:\/\/211md.org\/wp-content\/uploads\/bb-plugin\/cache\/2025_MdInfoNet_Icon-Sets-white_Utilities-square-485aa1950491235898117da61fd0a70a-.png\" alt=\"2025_MdInfoNet_Ikon Ansanm-blan_Itilite\" itemprop=\"image\" title=\"2025_MdInfoNet_Ikon Ansanm-blan_Itilite\" onerror=\"this.style.display='none'\" loading=\"lazy\" \/>\n\t\t\t\t<\/a>\n\t\t\t\t<a href=\"\/ht\/resous-yo\/abri-lojman\/\"  target=\"_self\" itemprop=\"url\">\n\t\t\t\t<img decoding=\"async\" src=\"https:\/\/211md.org\/wp-content\/uploads\/bb-plugin\/cache\/2025_MdInfoNet_Icon-Sets-white_Housing-square-5b4ab26c33cdf5bd88fd6164be4cc0b8-.png\" alt=\"2025_MdInfoNet_Icon Sets-blan_Lojman\" itemprop=\"image\" title=\"2025_MdInfoNet_Icon Sets-blan_Lojman\" onerror=\"this.style.display='none'\" loading=\"lazy\" \/>\n\t\t\t\t<\/a>\n\t\t<h3><a href=\"\/ht\/resous-yo\/abri-lojman\/\" target=\"_self\">Lojman<\/a><\/h3><p>Peman lwaye, prevansyon ekspilsyon, abri pou moun ki san kay<\/p>\n<a href=\"\/ht\/resous-yo\/abri-lojman\/\"  target=\"_self\">Aprann plis<\/a>\t\n\t\t\t\t<a href=\"\/ht\/resous-yo\/nouvo-nan-nou-ak-maryland\/\"  target=\"_self\" itemprop=\"url\">\n\t\t\t\t<img decoding=\"async\" src=\"https:\/\/211md.org\/wp-content\/uploads\/bb-plugin\/cache\/2025_MdInfoNet_Icon-Sets-white_Immigration-square-71ef90812193ac6d0e3edc3e61891f7f-.png\" alt=\"2025_MdInfoNet_Icon Sets-blan_Imigrasyon\" itemprop=\"image\" title=\"2025_MdInfoNet_Icon Sets-blan_Imigrasyon\" onerror=\"this.style.display='none'\" loading=\"lazy\" \/>\n\t\t\t\t<\/a>\n\t\t<h3><a href=\"\/ht\/resous-yo\/nouvo-nan-nou-ak-maryland\/\" target=\"_self\">Imigrasyon<\/a><\/h3><p>\u00c8d imigrasyon pou nouvo Ameriken ak refijye yo<\/p>\n<a href=\"\/ht\/resous-yo\/nouvo-nan-nou-ak-maryland\/\"  target=\"_self\">Aprann plis<\/a>\t\n\t\t<h4><a href=\"\/ht\/resous-yo\/aje-andikap\/\" target=\"_self\">Aje ak Andikap<\/a><\/h4>\n\t\t\t\t<a href=\"\/ht\/resous-yo\/aje-andikap\/\"  target=\"_self\" itemprop=\"url\">\n\t\t\t\t<img decoding=\"async\" src=\"https:\/\/211md.org\/wp-content\/uploads\/bb-plugin\/cache\/2025_MdInfoNet_Icon-Sets_Aging-disability-square-c466727102cae71e5f27b8539bb51945-.png\" alt=\"2025_MdInfoNet_Icon Sets_Aging-disability\" itemprop=\"image\" title=\"2025_MdInfoNet_Icon Sets_Aging-disability\" onerror=\"this.style.display='none'\" loading=\"lazy\" \/>\n\t\t\t\t<\/a>\n\t\t<h4><a href=\"https:\/\/211md.org\/ht\/resous-yo\/timoun-fanmi-yo\/\" target=\"_blank\" rel=\"noopener\">Timoun ak Fanmi<\/a><\/h4>\n\t\t\t\t<a href=\"https:\/\/211md.org\/ht\/resous-yo\/timoun-fanmi-yo\/\" target=\"_blank\" rel=\"noopener\" itemprop=\"url\">\n\t\t\t\t<img decoding=\"async\" src=\"https:\/\/211md.org\/wp-content\/uploads\/bb-plugin\/cache\/2025_MdInfoNet_Icon-Sets_Child-Care-square-a9a0002f8a1c05e3f89f8b914f61699f-.png\" alt=\"\" itemprop=\"image\" onerror=\"this.style.display='none'\" loading=\"lazy\" \/>\n\t\t\t\t<\/a>\n\t\t<h4><a href=\"\/ht\/resous-yo\/vyolans-familyal-domestik\/\" target=\"_self\">Vyolans domestik<\/a><\/h4>\n\t\t\t\t<a href=\"\/ht\/resous-yo\/vyolans-familyal-domestik\/\"  target=\"_self\" itemprop=\"url\">\n\t\t\t\t<img decoding=\"async\" src=\"https:\/\/211md.org\/wp-content\/uploads\/bb-plugin\/cache\/2025_MdInfoNet_Icon-Sets_Protection-square-ed94a34c5cb05f036201f3e0966332c1-.png\" alt=\"2025_MdInfoNet_Ansanm Ik\u00f2n_Pwoteksyon\" itemprop=\"image\" title=\"2025_MdInfoNet_Ansanm Ik\u00f2n_Pwoteksyon\" onerror=\"this.style.display='none'\" loading=\"lazy\" \/>\n\t\t\t\t<\/a>\n\t\t<h4><a href=\"\/ht\/resous-yo\/rechech-travay\/\" target=\"_self\">Travay<\/a><\/h4>\n\t\t\t\t<a href=\"\/ht\/resous-yo\/rechech-travay\/\"  target=\"_self\" itemprop=\"url\">\n\t\t\t\t<img decoding=\"async\" src=\"https:\/\/211md.org\/wp-content\/uploads\/bb-plugin\/cache\/2025_MdInfoNet_Icon-Sets_Employment-square-44707bd410e4df10a470bf130ebcea86-.png\" alt=\"2025_MdInfoNet_Icon Sets_Anplwa\" itemprop=\"image\" title=\"2025_MdInfoNet_Icon Sets_Anplwa\" onerror=\"this.style.display='none'\" loading=\"lazy\" \/>\n\t\t\t\t<\/a>\n\t\t<h4><a href=\"\/ht\/resous-yo\/swen-sante\/\" target=\"_self\">Swen Sante<\/a><\/h4>\n\t\t\t\t<a href=\"\/ht\/resous-yo\/swen-sante\/\"  target=\"_self\" itemprop=\"url\">\n\t\t\t\t<img decoding=\"async\" src=\"https:\/\/211md.org\/wp-content\/uploads\/bb-plugin\/cache\/2025_MdInfoNet_Icon-Sets_Health-Care-square-dee98a0060cbe0e7f27eda253fc12679-.png\" alt=\"2025_MdInfoNet_Icon Sets_Swen Sante\" itemprop=\"image\" title=\"2025_MdInfoNet_Icon Sets_Swen Sante\" onerror=\"this.style.display='none'\" loading=\"lazy\" \/>\n\t\t\t\t<\/a>\n\t\t<h4><a href=\"\/ht\/resous-yo\/timoun-fanmi-yo\/swen-fanmi\/\" target=\"_self\">Parente<\/a><\/h4>\n\t\t\t\t<a href=\"\/ht\/resous-yo\/timoun-fanmi-yo\/swen-fanmi\/\"  target=\"_self\" itemprop=\"url\">\n\t\t\t\t<img decoding=\"async\" src=\"https:\/\/211md.org\/wp-content\/uploads\/bb-plugin\/cache\/2025_MdInfoNet_Icon-Sets_Community-square-4956d72cf95aef42b6ee5fc6feb149ef-.png\" alt=\"2025_MdInfoNet_Ansanm Ik\u00f2n_Kominote\" itemprop=\"image\" title=\"2025_MdInfoNet_Ansanm Ik\u00f2n_Kominote\" onerror=\"this.style.display='none'\" loading=\"lazy\" \/>\n\t\t\t\t<\/a>\n\t\t<h4><a href=\"\/ht\/resous-yo\/sevis-legal-yo\/\" target=\"_self\">S\u00e8vis Legal<\/a><\/h4>\n\t\t\t\t<a href=\"\/ht\/resous-yo\/sevis-legal-yo\/\"  target=\"_self\" itemprop=\"url\">\n\t\t\t\t<img decoding=\"async\" src=\"https:\/\/211md.org\/wp-content\/uploads\/bb-plugin\/cache\/2025_MdInfoNet_Icon-Sets_Legal-square-18fdf438feb8435588174d9046463257-.png\" alt=\"2025_MdInfoNet_Ikon_Ansanm_Legal\" itemprop=\"image\" title=\"2025_MdInfoNet_Ikon_Ansanm_Legal\" onerror=\"this.style.display='none'\" loading=\"lazy\" \/>\n\t\t\t\t<\/a>\n\t\t<h4><a href=\"\/ht\/resous-yo\/sante-mantal\/\" target=\"_self\">Sante mantal<\/a><\/h4>\n\t\t\t\t<a href=\"\/ht\/resous-yo\/sante-mantal\/\"  target=\"_self\" itemprop=\"url\">\n\t\t\t\t<img decoding=\"async\" src=\"https:\/\/211md.org\/wp-content\/uploads\/bb-plugin\/cache\/2025_MdInfoNet_Icon-Sets_Mental-Health-square-c59b38c4a993a947d4c9280fbe2d2fee-.png\" alt=\"2025_MdInfoNet_Icon Sets_Sante Mantal\" itemprop=\"image\" title=\"2025_MdInfoNet_Icon Sets_Sante Mantal\" onerror=\"this.style.display='none'\" loading=\"lazy\" \/>\n\t\t\t\t<\/a>\n\t\t<h4><a href=\"\/ht\/resous-yo\/mdreentry\/\" target=\"_self\">Reantre<\/a><\/h4>\n\t\t\t\t<a href=\"\/ht\/resous-yo\/mdreentry\/\"  target=\"_self\" itemprop=\"url\">\n\t\t\t\t<img decoding=\"async\" src=\"https:\/\/211md.org\/wp-content\/uploads\/bb-plugin\/cache\/2025_MdInfoNet_Icon-Sets_Partnership-square-daedf11c7eeda165b0fe97a4a84b80e0-.png\" alt=\"2025_MdInfoNet_Ansanm Ik\u00f2n_Patenarya\" itemprop=\"image\" title=\"2025_MdInfoNet_Ansanm Ik\u00f2n_Patenarya\" onerror=\"this.style.display='none'\" loading=\"lazy\" \/>\n\t\t\t\t<\/a>\n\t\t<h4><a href=\"\/ht\/resous-yo\/itilizasyon-sibstans\/\" target=\"_self\">Itilizasyon sibstans<\/a><\/h4>\n\t\t\t\t<a href=\"\/ht\/resous-yo\/itilizasyon-sibstans\/\"  target=\"_self\" itemprop=\"url\">\n\t\t\t\t<img decoding=\"async\" src=\"https:\/\/211md.org\/wp-content\/uploads\/bb-plugin\/cache\/2025_MdInfoNet_Icon-Sets_Substance-Abuse-square-9022fec9d18a64118ad685c101885b55-.png\" alt=\"2025_MdInfoNet_Icon Sets_Abi Sibstans\" itemprop=\"image\" title=\"2025_MdInfoNet_Icon Sets_Abi Sibstans\" onerror=\"this.style.display='none'\" loading=\"lazy\" \/>\n\t\t\t\t<\/a>\n\t\t<h4><a href=\"\/ht\/resous-yo\/veteran-yo\/\" target=\"_self\">Veteran yo<\/a><\/h4>\n\t\t\t\t<a href=\"\/ht\/resous-yo\/veteran-yo\/\"  target=\"_self\" itemprop=\"url\">\n\t\t\t\t<img decoding=\"async\" src=\"https:\/\/211md.org\/wp-content\/uploads\/bb-plugin\/cache\/2025_MdInfoNet_Icon-Sets_Rating-square-6e60d00cce4faa8e0a6d4ad7366aa733-.png\" alt=\"2025_MdInfoNet_Icon Sets_Rating\" itemprop=\"image\" title=\"2025_MdInfoNet_Icon Sets_Rating\" onerror=\"this.style.display='none'\" loading=\"lazy\" \/>\n\t\t\t\t<\/a>","protected":false},"excerpt":{"rendered":"<p>\u00c8d pou tit paj defo a disponib si w ap lite pou peye ipot\u00e8k ou a. Pi vit ou aji, se pi bon. Aprann sou pwosesis la ak kijan yon konseye lojman ka ede w. K\u00f2manse S\u00e8vi ak yon konseye lojman Gen fason pou sove kay ou si w pa kapab f\u00e8 peman mansy\u00e8l yo oswa si w nan sezi.\u2026<\/p>","protected":false},"author":8,"featured_media":1816,"parent":926,"menu_order":0,"comment_status":"closed","ping_status":"closed","template":"","meta":{"footnotes":""},"class_list":["post-983","page","type-page","status-publish","has-post-thumbnail","hentry"],"_links":{"self":[{"href":"https:\/\/211md.org\/ht\/wp-json\/wp\/v2\/pages\/983","targetHints":{"allow":["GET"]}}],"collection":[{"href":"https:\/\/211md.org\/ht\/wp-json\/wp\/v2\/pages"}],"about":[{"href":"https:\/\/211md.org\/ht\/wp-json\/wp\/v2\/types\/page"}],"author":[{"embeddable":true,"href":"https:\/\/211md.org\/ht\/wp-json\/wp\/v2\/users\/8"}],"replies":[{"embeddable":true,"href":"https:\/\/211md.org\/ht\/wp-json\/wp\/v2\/comments?post=983"}],"version-history":[{"count":3,"href":"https:\/\/211md.org\/ht\/wp-json\/wp\/v2\/pages\/983\/revisions"}],"predecessor-version":[{"id":33718,"href":"https:\/\/211md.org\/ht\/wp-json\/wp\/v2\/pages\/983\/revisions\/33718"}],"up":[{"embeddable":true,"href":"https:\/\/211md.org\/ht\/wp-json\/wp\/v2\/pages\/926"}],"wp:featuredmedia":[{"embeddable":true,"href":"https:\/\/211md.org\/ht\/wp-json\/wp\/v2\/media\/1816"}],"wp:attachment":[{"href":"https:\/\/211md.org\/ht\/wp-json\/wp\/v2\/media?parent=983"}],"curies":[{"name":"wp","href":"https:\/\/api.w.org\/{rel}","templated":true}]}}