{"id":985,"date":"2021-04-16T17:24:12","date_gmt":"2021-04-16T17:24:12","guid":{"rendered":"https:\/\/211md.org\/?page_id=985"},"modified":"2025-10-23T18:21:25","modified_gmt":"2025-10-23T22:21:25","slug":"benefis-chomaj","status":"publish","type":"page","link":"https:\/\/211md.org\/ht\/resources\/employment-search\/unemployment-benefits\/","title":{"rendered":"Benefis Chomaj Maryland"},"content":{"rendered":"<img decoding=\"async\" src=\"https:\/\/stg-maryland211-staging.kinsta.cloud\/wp-content\/uploads\/2025\/08\/5-1-scaled.png\" alt=\"5\" itemprop=\"image\" height=\"692\" width=\"2560\" title=\"5\" onerror=\"this.style.display='none'\" loading=\"lazy\" \/>\n\t\t<p>Anplwaye Maryland ki p\u00e8di travay yo san yo pa gen fot ka kalifye pou benefis chomaj. Pwogram nan bay benefis asirans chomaj tanpor\u00e8 (UI) pou ranplase yon pati nan revni yon moun.<\/p>\n<p>Nan Maryland, moun yo dwe depoze chak sem\u00e8n epi verifye y ap ch\u00e8che travay aktivman.<\/p>\n<p>Aprann kijan pou aplike pou benefis, jwenn asirans sante pandan w ap travay, epi kijan pou reklame benefis sou deklarasyon taks.<\/p>\n\t\t\t<a href=\"#start\" target=\"_self\">\n\t\t\t\t\t\tK\u00f2manse\n\t\t\t\t\t<\/a>\n\t\t\t\t<img decoding=\"async\" src=\"https:\/\/211md.org\/wp-content\/plugins\/bb-plugin\/img\/pixel.png\" alt=\"\" itemprop=\"image\" onerror=\"this.style.display='none'\" loading=\"lazy\" \/>\n\t\t\t\t<img decoding=\"async\" src=\"https:\/\/stg-maryland211-staging.kinsta.cloud\/wp-content\/uploads\/2025\/08\/16.png\" alt=\"16\" itemprop=\"image\" height=\"1000\" width=\"1000\" title=\"16\" onerror=\"this.style.display='none'\" loading=\"lazy\" \/>\n\t\t\t\t<img decoding=\"async\" src=\"http:\/\/211md.org\/wp-content\/uploads\/2021\/05\/Girl-Looking-At-Phone-scaled.jpg\" alt=\"Ti fi kap gade telef\u00f2n ak yon notepad ak plim\" itemprop=\"image\" title=\"Ispanik, Latin, J\u00e8n, Adolesan, Ti fi, Iniv\u00e8site, El\u00e8v, Kenbe, Telef\u00f2n entelijan, Etidye\" onerror=\"this.style.display='none'\" loading=\"lazy\" \/>\n<h2>Ki chif chomaj la nan Maryland?<\/h2>\n<p>Gen de nimewo prensipal chomaj. Youn se yon ajan viv ak l\u00f2t la se sist\u00e8m telef\u00f2n IVR la. Ou kapab tou k\u00f2manse yon <a href=\"http:\/\/www.labor.maryland.gov\/employment\/unemployment.shtml\" target=\"_blank\" rel=\"noopener\">chat ak yon asistan vity\u00e8l<\/a>.<\/p>\n<p>Nouvo reklamasyon oubyen pou enf\u00f2masyon sou yon reklamasyon ki deja egziste:<\/p>\n<img loading=\"lazy\" decoding=\"async\" src=\"http:\/\/211md.org\/wp-content\/uploads\/2025\/08\/2025_MdInfoNet_Icon-Sets_Phone-400x400.png\" alt=\"Ik\u00f2n telef\u00f2n\" width=\"50\" height=\"50\" \/>Rele<br \/>\n667-206-6520. S\u00e8tifikasyon reklamasyon chak sem\u00e8n, retabli yon PIN, oswa verifye estati peman an: rele <img loading=\"lazy\" decoding=\"async\" src=\"http:\/\/211md.org\/wp-content\/uploads\/2025\/08\/2025_MdInfoNet_Icon-Sets_Phone-400x400.png\" alt=\"Ik\u00f2n telef\u00f2n\" width=\"50\" height=\"50\" \/>Rele<br \/>\n410-949-0022.\n<p>&nbsp;<\/p>\n<p>Genyen tou yon opsyon pou <a href=\"http:\/\/www.labor.maryland.gov\/employment\/officenum.shtml\" target=\"_blank\" rel=\"noopener\">chat sou ent\u00e8n\u00e8t<\/a>.<\/p>\n<h3>F\u00e8men Federal ak Chomaj<\/h3>\n<p>Si ou se yon travay\u00e8 federal, ou ka kalifye pou chomaj pandan gouv\u00e8nman an f\u00e8men. Sa depann de sitiyasyon ou. <a href=\"https:\/\/labor.maryland.gov\/unemployment-insurance\/claimants\/federal-employees\/frequently-asked-questions.shtml\" target=\"_blank\" rel=\"noopener\">Kesyon yo poze souvan sa yo<\/a> nan Depatman Travay Maryland lan ede reponn kesyon komen sou benefis yo.<\/p>\n<p>Genyen tou yon <a href=\"https:\/\/labor.maryland.gov\/federalworkers\/shutdownloan\/\" target=\"_blank\" rel=\"noopener\">Pwogram Pr\u00e8 Federal pou F\u00e8men Kay la<\/a> ki bay yon pr\u00e8 $700 san enter\u00e8 ki pral rem\u00e8t apre f\u00e8men p\u00f2t la fini epi yo resevwa peman anreta yo.<\/p>\n<h3><b>Kisa BEACON 2.0 ye?<\/b><\/h3>\n<p>Depatman Travay Maryland, Divizyon Asirans Chomaj, itilize yon pwogram yo rele <a href=\"https:\/\/beacon.labor.maryland.gov\/beacon\/claimant-page.html\" target=\"_blank\" rel=\"noopener\">BEACON 2.0<\/a> pou ede moun Maryland yo depoze demann benefis chomaj epi jere reklamasyon asirans chomaj (WEBCERT).<\/p>\n<h3>Ki dokiman ou bezwen pou depoze pou chomaj<\/h3>\n<p>Anvan ou ranpli pou chomaj, rasanble dokiman eta a pral bezwen pou verifye reklamasyon w la. Sa yo enkli enf\u00f2masyon p\u00e8son\u00e8l ak istwa travay pou 18 d\u00e8nye mwa yo. Ou pral bezwen non, adr\u00e8s, ak nimewo telef\u00f2n pou tout anplway\u00e8 ou yo pandan tan sa a.<\/p>\n<p>Yo ka mande aplikan yo pou dokiman tankou:<\/p>\n<ul>\n<li>fichye peman<\/li>\n<li>W-2<\/li>\n<li>F\u00f2m 1099 yo<\/li>\n<li>deklarasyon taks<\/li>\n<\/ul>\n<p><a href=\"http:\/\/www.labor.maryland.gov\/employment\/uiclaimdocs.pdf\" target=\"_blank\" rel=\"noopener\">Aprann sou dokiman yo<\/a> ki ka neses\u00e8 pou depoze yon reklamasyon.<\/p>\n<h3><b>Kijan pou s\u00e8tifye reklamasyon an chak sem\u00e8n<\/b><\/h3>\n<p>Chak sem\u00e8n, moun k ap resevwa chomaj yo oblije depoze yon s\u00e8tifikasyon reklamasyon. Yo ka f\u00e8 sa nan twa fason sa yo:<\/p>\n<ul>\n<li aria-level=\"1\">Ranpli nan\u00a0<a href=\"https:\/\/beacon.labor.maryland.gov\/beacon\/claimant-page.html\" target=\"_blank\" rel=\"noopener\">BEACON 2.0<\/a><\/li>\n<li aria-level=\"1\">S\u00e8vi ak aplikasyon ki rele \u201cMD Unemployment for Claimants.\u201d Telechaje li sou\u00a0<a href=\"https:\/\/bit.ly\/AppleMDBEACON\" target=\"_blank\" rel=\"noopener\">Apple iTunes Store<\/a>\u00a0oswa\u00a0<a href=\"https:\/\/bit.ly\/GoogleMDBEACON\" target=\"_blank\" rel=\"noopener\">Google Play<\/a>.<\/li>\n<li aria-level=\"1\">Rele 410-949-0022<\/li>\n<\/ul>\n\t\t<h2><a href=\"https:\/\/labor.maryland.gov\/unemployment-insurance\/claimants\/job-search.shtml\" target=\"_blank\" rel=\"noopener\">Aktivite Travay Obligatwa Chak Sem\u00e8n<\/a><\/h2><p>Pou moun Maryland yo kontinye kalifye pou benefis chomaj, yo dwe aktivman ch\u00e8che yon travay.<\/p>\n<p>Chak sem\u00e8n, moun k ap ch\u00e8che travay yo dwe konplete omwen twa aktivite re-anbochaj ki valab. Omwen youn dwe yon kontak travay.<\/p>\n<p>Yon kontak travay ki kalifye enplike kontakte yon potansy\u00e8l anplway\u00e8. Li ka an p\u00e8s\u00f2n, sou ent\u00e8n\u00e8t oswa atrav\u00e8 faks oswa im\u00e8l.<\/p>\n<p>Depatman Travay Maryland lan gen yon lis aktivite ki kalifye pou egzijans sa a.<\/p>\n<p>&nbsp;<\/p>\n\t\t\t<a href=\"https:\/\/labor.maryland.gov\/unemployment-insurance\/claimants\/job-search.shtml\" target=\"_blank\" rel=\"noopener\">\n\t\t\t\t\t\t\tAprann plis\n\t\t\t\t\t<\/a>\n\t\t\t\t<a href=\"https:\/\/search.211md.org\/\" target=\"_blank\" rel=\"noopener\" itemprop=\"url\">\n\t\t\t\t<img decoding=\"async\" src=\"https:\/\/stg-maryland211-staging.kinsta.cloud\/wp-content\/uploads\/2025\/08\/2025_MdInfoNet_Icon-Sets-white_Locate.png\" alt=\"\" itemprop=\"image\" onerror=\"this.style.display='none'\" loading=\"lazy\" \/>\n\t\t\t\t<\/a>\n<h2><a href=\"https:\/\/search.211md.org\/\" target=\"_blank\" rel=\"noopener\">Jwenn Resous Kounye a<\/a><\/h2><p>Jwenn <strong>resous kominot\u00e8 yo <\/strong>pou manje, swen sante, lojman ak plis ank\u00f2 nan baz done nou an. Ch\u00e8che pa k\u00f2d postal.<\/p>\n\t\t\t<a href=\"https:\/\/search.211md.org\/\" target=\"_blank\" rel=\"noopener\">\n\t\t\t\t\t\t\tCh\u00e8che Kounye a\n\t\t\t<\/a>\n\t\t\t\t<img decoding=\"async\" src=\"http:\/\/211md.org\/wp-content\/uploads\/2025\/09\/person-doing-taxes.jpg\" alt=\"yon moun k ap f\u00e8 taks, k ap ranpli f\u00f2m 1040 an\" itemprop=\"image\" title=\"moun k ap f\u00e8 taks\" onerror=\"this.style.display='none'\" loading=\"lazy\" \/>\n\t\t<h2>Kijan pou ranpli taks sou chomaj<\/h2>\n<p>L\u00e8 y ap ranpli taks, moun k ap resevwa asirans chomaj (UI) yo bay pr\u00e8v benefis (lajan) yo te resevwa a av\u00e8k F\u00f2m 1099-G la.<\/p>\n<h3>Kisa F\u00f2m 1099-G a ye?<\/h3>\n<p>F\u00f2m sa a rele yon Deklarasyon pou Moun ki Resevwa S\u00e8ten Peman Gouv\u00e8nman an.<\/p>\n<p>F\u00f2m 1099-G a gen ladan l total benefis chomaj Maryland pou chak ane kalandriye.<\/p>\n<p>Li ka diferan de sa ou te resevwa pou sem\u00e8n(yo) chomaj peye a.<\/p>\n<p>Pou kesyon, pale ak yon preparat\u00e8 taks. S\u00e8vis preparasyon taks gratis disponib nan Maryland pou moun ki kalifye yo.<\/p>\n\t\t\t<a href=\"https:\/\/211md.org\/ht\/resous-yo\/sevis-taks\/\" target=\"_blank\" rel=\"noopener\">\n\t\t\t\t\t\t\tJwenn \u00e8d taks gratis\n\t\t\t\t\t<\/a>\n\t<h2>Kijan pou jwenn asirans sante pandan w ap travay<\/h2>\n<p>L\u00e8 yon moun p\u00e8di yon travay, gen l\u00f2t enkyetid anplis fen ch\u00e8k sal\u00e8 a. E asirans sante?<\/p>\n<p>Menm si travay la ka fini ak yon anplway\u00e8, ansyen anplwaye yo ka kalifye pou:<\/p>\n<ul>\n<li>kontinye asirans sante yo pandan y ap travay atrav\u00e8 COBRA<\/li>\n<li>oubyen achte asirans atrav\u00e8 Maryland Health Connection<\/li>\n<\/ul>\n<p>Aprann plis sou tou de opsyon yo.<\/p>\n<h3>Kisa COBRA ye?<\/h3>\n<p>COBRA vle di Lwa Rekonsilyasyon Bidj\u00e8 Omnibus Konsolidasyon an.<\/p>\n<p>Se yon gwo non, men pi souvan yo rele li COBRA.<\/p>\n\t\t\t\t<img decoding=\"async\" src=\"http:\/\/211md.org\/wp-content\/uploads\/2022\/05\/woman-talking-to-her-doctor.jpg\" alt=\"fanm kap pale ak dokt\u00e8 li\" itemprop=\"image\" title=\"fanm-ap-pale-a-dokt\u00e8-li\" onerror=\"this.style.display='none'\" loading=\"lazy\" \/>\n\t<p>Li bay travay\u00e8 yo ak fanmi yo aks\u00e8 a asirans sante apre yon lisansyman.<\/p>\n<p>COBRA tipikman disponib pou:<\/p>\n<ul>\n<li>anplwaye ki revoke yo<\/li>\n<li>p\u00e8di travay yo, depi pa gen okenn move konduit grav<\/li>\n<li>pou moun ki kite travay volont\u00e8man<\/li>\n<\/ul>\n<h4>Konbyen tan COBRA dire?<\/h4>\n<p>Benefis sante yo ka kontinye pou omwen 18 mwa, e jiska 36 mwa nan k\u00e8k ka.<\/p>\n<h4>Konbyen li koute?<\/h4>\n<p>Li tipikman pi ch\u00e8 pase prim asirans sante ki peye pandan w ap travay nan konpayi an.<\/p>\n<p>Pafwa pri a pi wo anpil. Poukisa? Se paske patwon an pa peye yon p\u00f2syon nan asirans sante a ank\u00f2.<\/p>\n<p>Moun ki achte COBRA a anjeneral peye tout prim asirans lan.<\/p>\n<p>Pale ak ansyen patwon an pou konnen si COBRA disponib pandan w ap travay.<\/p>\n<h3>Maryland Health Connection<\/h3>\n<p>Moun ki pa gen travay ka aplike pou asirans atrav\u00e8 Maryland Health Connection.<\/p>\n<p>Li gid 211 la sou asirans sante.<\/p>\n\t\t\t<a href=\"https:\/\/211md.org\/ht\/resous-yo\/swen-sante\/asirans-sante\/\" target=\"_self\">\n\t\t\t\t\t\t\tAprann plis sou opsyon asirans sante yo\n\t\t\t\t\t<\/a>\n\t\t\t\t<img decoding=\"async\" src=\"https:\/\/211md.org\/wp-content\/plugins\/bb-plugin\/img\/pixel.png\" alt=\"\" itemprop=\"image\" onerror=\"this.style.display='none'\" loading=\"lazy\" \/>\n\t\t\t\t<img decoding=\"async\" src=\"https:\/\/211md.org\/wp-content\/uploads\/bb-plugin\/cache\/Call-center-specialst-circle-4e9ecd7b3425be4576416abc911049bb-.jpg\" alt=\"Espesyalis nan sant ap\u00e8l\" itemprop=\"image\" title=\"Espesyalis nan sant ap\u00e8l\" onerror=\"this.style.display='none'\" loading=\"lazy\" \/>\n<h2>Rele 211<\/h2><p>Pale ak yon moun ki gen sousi pou ou epi ki gen konpasyon 24 sou 24, 7 jou sou 7. Yo kapab tou mete ou an kontak ak resous.\u00a0<\/p>\n\t\t\t<a href=\"tel:%20+211\" target=\"_blank\" rel=\"noopener\">\n\t\t\t\t\t\tRele 211 (mobil)\n\t\t\t\t\t<\/a>\n<h2>\n\t\t\tEnf\u00f2masyon ki gen rap\u00f2 ak bezwen anplwa yo\t<\/h2>\n\t\t<h4><a href=\"\/ht\/resous-yo\/aje-andikap\/?utm_source=Home&#038;utm_medium=Referral&#038;utm_campaign=211Resources&#038;utm_content=Aging\" target=\"_self\">Aje ak Andikap<\/a><\/h4>\n\t\t\t\t<a href=\"\/ht\/resous-yo\/aje-andikap\/?utm_source=Home&#038;utm_medium=Referral&#038;utm_campaign=211Resources&#038;utm_content=Aging\"  target=\"_self\" itemprop=\"url\">\n\t\t\t\t<img decoding=\"async\" src=\"https:\/\/211md.org\/wp-content\/uploads\/bb-plugin\/cache\/2025_MdInfoNet_Icon-Sets_Aging-disability-square-c466727102cae71e5f27b8539bb51945-.png\" alt=\"\" itemprop=\"image\" onerror=\"this.style.display='none'\" loading=\"lazy\" \/>\n\t\t\t\t<\/a>\n\t\t<h4><a href=\"\/ht\/resous-yo\/timoun-fanmi-yo\/?utm_source=Home&#038;utm_medium=Referral&#038;utm_campaign=211Resources&#038;utm_content=Children\" target=\"_self\">Timoun ak Fanmi<\/a><\/h4>\n\t\t\t\t<a href=\"\/ht\/resous-yo\/timoun-fanmi-yo\/?utm_source=Home&#038;utm_medium=Referral&#038;utm_campaign=211Resources&#038;utm_content=Children\"  target=\"_self\" itemprop=\"url\">\n\t\t\t\t<img decoding=\"async\" src=\"https:\/\/211md.org\/wp-content\/uploads\/bb-plugin\/cache\/2025_211_Icon-Sets_Child-care-square-f3b0d4edab3dcc467fadb5f55f4064c6-.png\" alt=\"2025_211_Ansanm Ik\u00f2n_Swen Timoun\" itemprop=\"image\" height=\"417\" width=\"417\" title=\"2025_211_Ansanm Ik\u00f2n_Swen Timoun\" onerror=\"this.style.display='none'\" loading=\"lazy\" \/>\n\t\t\t\t<\/a>\n\t\t<h4><a href=\"\/ht\/resous-yo\/vyolans-familyal-domestik\/?utm_source=Home&#038;utm_medium=Referral&#038;utm_campaign=211Resources&#038;utm_content=Domestic\" target=\"_self\">Vyolans domestik<\/a><\/h4>\n\t\t\t\t<a href=\"\/ht\/resous-yo\/vyolans-familyal-domestik\/?utm_source=Home&#038;utm_medium=Referral&#038;utm_campaign=211Resources&#038;utm_content=Domestic\"  target=\"_self\" itemprop=\"url\">\n\t\t\t\t<img decoding=\"async\" src=\"https:\/\/211md.org\/wp-content\/uploads\/bb-plugin\/cache\/2025_211_Icon-Sets_Domestic-Violence-square-7b597694a6f05fe90cdc376aa573bc63-.png\" alt=\"Ik\u00f2n Vyolans Domestik\" itemprop=\"image\" height=\"417\" width=\"417\" title=\"2025_211_Ansanm Ik\u00f2n_Vyolans Domestik\" onerror=\"this.style.display='none'\" loading=\"lazy\" \/>\n\t\t\t\t<\/a>\n\t\t<h4><a href=\"\/ht\/resous-yo\/rechech-travay\/?utm_source=Home&#038;utm_medium=Referral&#038;utm_campaign=211Resources&#038;utm_content=Employment\" target=\"_self\">Travay<\/a><\/h4>\n\t\t\t\t<a href=\"\/ht\/resous-yo\/rechech-travay\/?utm_source=Home&#038;utm_medium=Referral&#038;utm_campaign=211Resources&#038;utm_content=Employment\"  target=\"_self\" itemprop=\"url\">\n\t\t\t\t<img decoding=\"async\" src=\"https:\/\/211md.org\/wp-content\/uploads\/bb-plugin\/cache\/2025_MdInfoNet_Icon-Sets_Employment-square-44707bd410e4df10a470bf130ebcea86-.png\" alt=\"\" itemprop=\"image\" onerror=\"this.style.display='none'\" loading=\"lazy\" \/>\n\t\t\t\t<\/a>\n\t\t<h4><a href=\"\/ht\/resous-yo\/swen-sante\/?utm_source=Home&#038;utm_medium=Referral&#038;utm_campaign=211Resources&#038;utm_content=Health%20Care\" target=\"_self\">Swen Sante<\/a><\/h4>\n\t\t\t\t<a href=\"\/ht\/resous-yo\/swen-sante\/?utm_source=Home&#038;utm_medium=Referral&#038;utm_campaign=211Resources&#038;utm_content=Health%20Care\"  target=\"_self\" itemprop=\"url\">\n\t\t\t\t<img decoding=\"async\" src=\"https:\/\/211md.org\/wp-content\/uploads\/bb-plugin\/cache\/2025_MdInfoNet_Icon-Sets_Health-Care-square-dee98a0060cbe0e7f27eda253fc12679-.png\" alt=\"\" itemprop=\"image\" onerror=\"this.style.display='none'\" loading=\"lazy\" \/>\n\t\t\t\t<\/a>\n\t\t<h4><a href=\"\/ht\/resous-yo\/timoun-fanmi-yo\/swen-fanmi\/?utm_source=Home&#038;utm_medium=Referral&#038;utm_campaign=211Resources&#038;utm_content=Kinship\" target=\"_self\">Parente<\/a><\/h4>\n\t\t\t\t<a href=\"\/ht\/resous-yo\/timoun-fanmi-yo\/swen-fanmi\/?utm_source=Home&#038;utm_medium=Referral&#038;utm_campaign=211Resources&#038;utm_content=Kinship\"  target=\"_self\" itemprop=\"url\">\n\t\t\t\t<img decoding=\"async\" src=\"https:\/\/211md.org\/wp-content\/uploads\/bb-plugin\/cache\/2025_211_Icon-Sets_Kinship-square-45bdf872866f5735f842c32071109267-.png\" alt=\"Ik\u00f2n fanmi\" itemprop=\"image\" height=\"417\" width=\"417\" title=\"2025_211_Ansanm Ik\u00f2n_Fanmitay\" onerror=\"this.style.display='none'\" loading=\"lazy\" \/>\n\t\t\t\t<\/a>\n\t\t<h4><a href=\"\/ht\/resous-yo\/sevis-legal-yo\/?utm_source=Home&#038;utm_medium=Referral&#038;utm_campaign=211Resources&#038;utm_content=Legal\" target=\"_self\">S\u00e8vis Legal<\/a><\/h4>\n\t\t\t\t<a href=\"\/ht\/resous-yo\/sevis-legal-yo\/?utm_source=Home&#038;utm_medium=Referral&#038;utm_campaign=211Resources&#038;utm_content=Legal\"  target=\"_self\" itemprop=\"url\">\n\t\t\t\t<img decoding=\"async\" src=\"https:\/\/211md.org\/wp-content\/uploads\/bb-plugin\/cache\/2025_MdInfoNet_Icon-Sets_Legal-square-18fdf438feb8435588174d9046463257-.png\" alt=\"\" itemprop=\"image\" onerror=\"this.style.display='none'\" loading=\"lazy\" \/>\n\t\t\t\t<\/a>\n\t\t<h4><a href=\"\/ht\/resous-yo\/sante-mantal\/?utm_source=Home&#038;utm_medium=Referral&#038;utm_campaign=211Resources&#038;utm_content=Mental\" target=\"_self\">Sante mantal<\/a><\/h4>\n\t\t\t\t<a href=\"\/ht\/resous-yo\/sante-mantal\/?utm_source=Home&#038;utm_medium=Referral&#038;utm_campaign=211Resources&#038;utm_content=Mental\"  target=\"_self\" itemprop=\"url\">\n\t\t\t\t<img decoding=\"async\" src=\"https:\/\/211md.org\/wp-content\/uploads\/bb-plugin\/cache\/2025_MdInfoNet_Icon-Sets_Mental-Health-square-c59b38c4a993a947d4c9280fbe2d2fee-.png\" alt=\"\" itemprop=\"image\" onerror=\"this.style.display='none'\" loading=\"lazy\" \/>\n\t\t\t\t<\/a>\n\t\t<h4><a href=\"\/ht\/resous-yo\/mdreentry\/?utm_source=Home&#038;utm_medium=Referral&#038;utm_campaign=211Resources&#038;utm_content=Reentry\" target=\"_self\">Reantre<\/a><\/h4>\n\t\t\t\t<a href=\"\/ht\/resous-yo\/mdreentry\/?utm_source=Home&#038;utm_medium=Referral&#038;utm_campaign=211Resources&#038;utm_content=Reentry\"  target=\"_self\" itemprop=\"url\">\n\t\t\t\t<img decoding=\"async\" src=\"https:\/\/211md.org\/wp-content\/uploads\/bb-plugin\/cache\/2025_211_Icon-Sets_Reentry-square-8676fea38abd920a832f45642fe31cca-.png\" alt=\"Ik\u00f2n Reantre\" itemprop=\"image\" height=\"417\" width=\"417\" title=\"2025_211_Ansanm Ik\u00f2n_Reantre\" onerror=\"this.style.display='none'\" loading=\"lazy\" \/>\n\t\t\t\t<\/a>\n\t\t<h4><a href=\"\/ht\/resous-yo\/itilizasyon-sibstans\/?utm_source=Home&#038;utm_medium=Referral&#038;utm_campaign=211Resources&#038;utm_content=Substance\" target=\"_self\">Itilizasyon sibstans<\/a><\/h4>\n\t\t\t\t<a href=\"\/ht\/resous-yo\/itilizasyon-sibstans\/?utm_source=Home&#038;utm_medium=Referral&#038;utm_campaign=211Resources&#038;utm_content=Substance\"  target=\"_self\" itemprop=\"url\">\n\t\t\t\t<img decoding=\"async\" src=\"https:\/\/211md.org\/wp-content\/uploads\/bb-plugin\/cache\/2025_MdInfoNet_Icon-Sets_Substance-Abuse-square-9022fec9d18a64118ad685c101885b55-.png\" alt=\"\" itemprop=\"image\" onerror=\"this.style.display='none'\" loading=\"lazy\" \/>\n\t\t\t\t<\/a>\n\t\t<h4><a href=\"\/ht\/resous-yo\/veteran-yo\/?utm_source=Home&#038;utm_medium=Referral&#038;utm_campaign=211Resources&#038;utm_content=Veterans\" target=\"_self\">Veteran yo<\/a><\/h4>\n\t\t\t\t<a href=\"\/ht\/resous-yo\/veteran-yo\/?utm_source=Home&#038;utm_medium=Referral&#038;utm_campaign=211Resources&#038;utm_content=Veterans\"  target=\"_self\" itemprop=\"url\">\n\t\t\t\t<img decoding=\"async\" src=\"https:\/\/211md.org\/wp-content\/uploads\/bb-plugin\/cache\/2025_MdInfoNet_Icon-Sets_Rating-square-6e60d00cce4faa8e0a6d4ad7366aa733-.png\" alt=\"\" itemprop=\"image\" onerror=\"this.style.display='none'\" loading=\"lazy\" \/>\n\t\t\t\t<\/a>","protected":false},"excerpt":{"rendered":"<p>Anplwaye Maryland ki p\u00e8di travay yo san yo pa gen fot ka kalifye pou benefis chomaj. Pwogram nan bay benefis asirans chomaj tanpor\u00e8 (UI) pou ranplase yon pati nan revni yon moun. Nan Maryland, moun yo dwe ranpli chak sem\u00e8n epi verifye y ap ch\u00e8che yon travay aktivman. Aprann kijan pou aplike pou benefis yo, jwenn asirans sante...<\/p>","protected":false},"author":8,"featured_media":33905,"parent":924,"menu_order":0,"comment_status":"closed","ping_status":"closed","template":"","meta":{"footnotes":""},"class_list":["post-985","page","type-page","status-publish","has-post-thumbnail","hentry"],"_links":{"self":[{"href":"https:\/\/211md.org\/ht\/wp-json\/wp\/v2\/pages\/985","targetHints":{"allow":["GET"]}}],"collection":[{"href":"https:\/\/211md.org\/ht\/wp-json\/wp\/v2\/pages"}],"about":[{"href":"https:\/\/211md.org\/ht\/wp-json\/wp\/v2\/types\/page"}],"author":[{"embeddable":true,"href":"https:\/\/211md.org\/ht\/wp-json\/wp\/v2\/users\/8"}],"replies":[{"embeddable":true,"href":"https:\/\/211md.org\/ht\/wp-json\/wp\/v2\/comments?post=985"}],"version-history":[{"count":5,"href":"https:\/\/211md.org\/ht\/wp-json\/wp\/v2\/pages\/985\/revisions"}],"predecessor-version":[{"id":34019,"href":"https:\/\/211md.org\/ht\/wp-json\/wp\/v2\/pages\/985\/revisions\/34019"}],"up":[{"embeddable":true,"href":"https:\/\/211md.org\/ht\/wp-json\/wp\/v2\/pages\/924"}],"wp:featuredmedia":[{"embeddable":true,"href":"https:\/\/211md.org\/ht\/wp-json\/wp\/v2\/media\/33905"}],"wp:attachment":[{"href":"https:\/\/211md.org\/ht\/wp-json\/wp\/v2\/media?parent=985"}],"curies":[{"name":"wp","href":"https:\/\/api.w.org\/{rel}","templated":true}]}}