{"id":991,"date":"2021-04-16T17:42:02","date_gmt":"2021-04-16T17:42:02","guid":{"rendered":"https:\/\/211md.org\/?page_id=991"},"modified":"2025-12-01T10:13:33","modified_gmt":"2025-12-01T15:13:33","slug":"wic","status":"publish","type":"page","link":"https:\/\/211md.org\/ht\/resources\/food\/wic\/","title":{"rendered":"Kijan Maryland WIC ede fanm, tibebe ak timoun ak manje"},"content":{"rendered":"<img decoding=\"async\" src=\"https:\/\/stg-maryland211-staging.kinsta.cloud\/wp-content\/uploads\/2025\/08\/5-1-scaled.png\" alt=\"5\" itemprop=\"image\" height=\"692\" width=\"2560\" title=\"5\" onerror=\"this.style.display='none'\" loading=\"lazy\" \/>\n\t\t<p>WIC bay bon manje pou manman ki kalifye yo, nouvo manman k ap bay tete, ak timoun ki gen jiska 5 an.<\/p>\n<p>Aprann plis sou kalifikasyon epi konekte ak pwogram manje sa a ak l\u00f2t pwogram yo.<\/p>\n\t\t\t<a href=\"#start\" target=\"_self\">\n\t\t\t\t\t\tK\u00f2manse\n\t\t\t\t\t<\/a>\n\t\t\t\t<img decoding=\"async\" src=\"https:\/\/211md.org\/wp-content\/plugins\/bb-plugin\/img\/pixel.png\" alt=\"\" itemprop=\"image\" onerror=\"this.style.display='none'\" loading=\"lazy\" \/>\n\t\t\t\t<img decoding=\"async\" src=\"https:\/\/stg-maryland211-staging.kinsta.cloud\/wp-content\/uploads\/2025\/08\/16.png\" alt=\"16\" itemprop=\"image\" height=\"1000\" width=\"1000\" title=\"16\" onerror=\"this.style.display='none'\" loading=\"lazy\" \/>\n\t\t\t\t<img decoding=\"async\" src=\"https:\/\/211md.org\/wp-content\/uploads\/2021\/05\/Woman-Feeding-Baby.png\" alt=\"Manman k ap bay yon tibebe ki fenk f\u00e8t\" itemprop=\"image\" height=\"348\" width=\"460\" title=\"Fanm Manje Ti bebe\" onerror=\"this.style.display='none'\" loading=\"lazy\" \/>\n\t<h2>WIC Maryland<\/h2>\n<p>WIC nan Maryland ofri bon pou manje, edikasyon sou nitrisyon, ak sip\u00f2 pou bay tete.<\/p>\n<p>Pwogram asistans lan konsantre sou pi bon nitrisyon ak yon avni ki pi briyan pou timoun yo.<\/p>\n<p>Pwogram nan kapab tou konekte fanm ak timoun ak l\u00f2t s\u00e8vis.\u00a0<\/p>\n<h3>Kisa ou ka achte ak WIC?<\/h3>\n<p>Ou ka itilize kat WIC pou achte manje tankou:<\/p>\n<ul>\n<li>fwi fre<\/li>\n<li>legim<\/li>\n<li>manje tibebe<\/li>\n<li>l\u00e8t<\/li>\n<li>ze<\/li>\n<li>pwa<\/li>\n<li>fwomaj<\/li>\n<\/ul>\n<p>Dapre la\u00a0<a href=\"https:\/\/health.maryland.gov\/phpa\/wic\/Pages\/participants.aspx\" target=\"_blank\" rel=\"noopener\">Depatman Sante Maryland<\/a>, plis pase mwatye nan tibebe ki f\u00e8t Ozetazini yo sou WIC.\u00a0<\/p>\n\t\t\t\t<a href=\"https:\/\/search.211md.org\/\" target=\"_blank\" rel=\"noopener\" itemprop=\"url\">\n\t\t\t\t<img decoding=\"async\" src=\"https:\/\/stg-maryland211-staging.kinsta.cloud\/wp-content\/uploads\/2025\/08\/2025_MdInfoNet_Icon-Sets-white_Locate.png\" alt=\"\" itemprop=\"image\" onerror=\"this.style.display='none'\" loading=\"lazy\" \/>\n\t\t\t\t<\/a>\n<h2><a href=\"https:\/\/search.211md.org\/\" target=\"_blank\" rel=\"noopener\">Jwenn Resous Kounye a<\/a><\/h2><p>Jwenn <strong>resous kominot\u00e8 yo <\/strong>pou manje, swen sante, lojman ak plis ank\u00f2 nan baz done nou an. Ch\u00e8che pa k\u00f2d postal.<\/p>\n\t\t\t<a href=\"https:\/\/search.211md.org\/\" target=\"_blank\" rel=\"noopener\">\n\t\t\t\t\t\t\tCh\u00e8che Kounye a\n\t\t\t<\/a>\n\t\t\t\t<img decoding=\"async\" src=\"http:\/\/211md.org\/wp-content\/uploads\/2025\/09\/Child-eating-food.jpg\" alt=\"Timoun k ap manje manje\" itemprop=\"image\" title=\"Timoun k ap manje manje\" onerror=\"this.style.display='none'\" loading=\"lazy\" \/>\n\t<h3>Ki moun ki elijib pou WIC nan Maryland?<\/h3>\n<p>Pou aplike pou WIC w ap bezwen satisf\u00e8 direktiv kalifikasyon yo epi pran yon randevou ak ajans WIC lokal ou a.<\/p>\n<p>Ou ka aplike pou Maryland WIC si ou:<\/p>\n<ul>\n<li>Ap viv nan Maryland<\/li>\n<li>Ou se:\n<ul>\n<li>Ansent<\/li>\n<li>Nouvo manman (jiska sis mwa apre akouchman)<\/li>\n<li>Bay tete (jiska yon ane apre akouchman)<\/li>\n<li>Tibebe<\/li>\n<li>Timoun ki poko gen senkan<\/li>\n<\/ul>\n<\/li>\n<li>Rankontre\u00a0<a href=\"https:\/\/health.maryland.gov\/phpa\/wic\/Documents\/certification\/O-00%20Income%20Guidelines%20E_S%20Current.pdf\" target=\"_blank\" rel=\"noopener\">direktiv revni<\/a><\/li>\n<li>Gen yon bezwen nitrisyon\u00e8l<\/li>\n<\/ul>\n<p>Si ou ranpli kalifikasyon sa yo, ou ka jwenn benefis WIC k\u00e8lkeswa travay ou oswa sitiyasyon p\u00e8son\u00e8l ou. Ou ka kalifye menmsi w ap travay, w pap travay, w marye, w selibat\u00e8, w posede yon kay oswa w ap viv ak zanmi.<\/p>\n<p>Manman, papa, granparan ak gadyen ka aplike pou benefis pou timoun ki poko gen senkan.<\/p>\n<p>&nbsp;<\/p>\n\t\t\n\t\t<h2>Aplikasyon WIC Maryland<\/h2>\n<p>Pou k\u00f2manse av\u00e8k aplikasyon WIC Maryland la, w ap bezwen fikse yon randevou ak ajans WIC lokal ou a.\u00a0<\/p>\n<p>W ap bezwen pote pr\u00e8v revni kay la, pr\u00e8v idantite, pr\u00e8v adr\u00e8s ou epi p\u00e8t\u00e8t pr\u00e8v gwos\u00e8s, dosye vaksen pou pitit ou oswa yon referans.<\/p>\n<h3>Kontakte WIC<\/h3>\n<ul>\n<li>Rele 1-800-242-4942 <\/li>\n<li>Im\u00e8l MDH.WIC@Maryland.gov<\/li>\n<li>Ale nan yon biwo lokal<\/li>\n<\/ul>\n\t\t\t<a href=\"https:\/\/phpa.health.maryland.gov\/wic\/Pages\/wic-apply.aspx\" target=\"_blank\" rel=\"noopener\">\n\t\t\t\t\t\t\tKonekte av\u00e8k WIC\n\t\t\t\t\t<\/a>\n\t\t\t\t<img decoding=\"async\" src=\"https:\/\/211md.org\/wp-content\/plugins\/bb-plugin\/img\/pixel.png\" alt=\"\" itemprop=\"image\" onerror=\"this.style.display='none'\" loading=\"lazy\" \/>\n\t\t\t\t<img decoding=\"async\" src=\"https:\/\/211md.org\/wp-content\/uploads\/bb-plugin\/cache\/Call-center-specialst-circle-eeffe277a2415307db9e1df3ed658a58-.jpg\" alt=\"Espesyalis nan sant ap\u00e8l\" itemprop=\"image\" height=\"800\" width=\"1200\" title=\"Espesyalis nan sant ap\u00e8l\" onerror=\"this.style.display='none'\" loading=\"lazy\" \/>\n<h2>Rele 211<\/h2><p>Pale ak yon moun ki gen sousi pou ou epi ki gen konpasyon 24 sou 24, 7 jou sou 7. Yo kapab tou mete ou an kontak ak resous.<\/p>\n<p>Rele 211 oubyen sou telef\u00f2n mobil, klike bouton ki anba a.<\/p>\n\t\t\t<a href=\"tel:%20+211\" target=\"_blank\" rel=\"noopener\">\n\t\t\t\t\t\tRele 211\n\t\t\t\t\t<\/a>\n\t\t\t\t<img decoding=\"async\" src=\"http:\/\/211md.org\/wp-content\/uploads\/2025\/09\/Maryland-WIC-App-Screenshots.jpg\" alt=\"Ekran Aplikasyon WIC Maryland\" itemprop=\"image\" title=\"Ekran Aplikasyon WIC Maryland\" onerror=\"this.style.display='none'\" loading=\"lazy\" \/>\n<h3>WIC App<\/h3>\n<p>Genyen tou yon aplikasyon gratis ki disponib pou konekte w ak benefis WIC nan Maryland. Ou ka w\u00e8 randevou k ap vini yo, benefis manje, eskane UPC yo pandan w ap achte pou w w\u00e8 si WIC apwouve pwodui a, epi w ka jwenn lokal magazen WIC ak klinik WIC atrav\u00e8 Maryland.<\/p>\n\t\t\t<a href=\"https:\/\/phpa.health.maryland.gov\/wic\/Pages\/wic-apply.aspx\" target=\"_blank\" rel=\"noopener\">\n\t\t\t\t\t\tTelechaje sou p\u00f2m\n\t\t\t\t\t<\/a>\n\t\t\t<a href=\"https:\/\/play.google.com\/store\/apps\/details?id=com.sigmasoftware.mdwic&#038;hl=en_US\" target=\"_blank\" rel=\"noopener\">\n\t\t\t\t\t\tTelechaje sou Android\n\t\t\t\t\t<\/a>\n<h2>\n\t\t\tJwenn plis enf\u00f2masyon sou manje ak timoun\t<\/h2>\n\t\t<h4><a href=\"\/ht\/resous-yo\/aje-andikap\/?utm_source=Home&#038;utm_medium=Referral&#038;utm_campaign=211Resources&#038;utm_content=Aging\" target=\"_self\">Aje ak Andikap<\/a><\/h4>\n\t\t\t\t<a href=\"\/ht\/resous-yo\/aje-andikap\/?utm_source=Home&#038;utm_medium=Referral&#038;utm_campaign=211Resources&#038;utm_content=Aging\"  target=\"_self\" itemprop=\"url\">\n\t\t\t\t<img decoding=\"async\" src=\"https:\/\/211md.org\/wp-content\/uploads\/bb-plugin\/cache\/2025_MdInfoNet_Icon-Sets_Aging-disability-square-c466727102cae71e5f27b8539bb51945-.png\" alt=\"\" itemprop=\"image\" onerror=\"this.style.display='none'\" loading=\"lazy\" \/>\n\t\t\t\t<\/a>\n\t\t<h4><a href=\"\/ht\/resous-yo\/timoun-fanmi-yo\/?utm_source=Home&#038;utm_medium=Referral&#038;utm_campaign=211Resources&#038;utm_content=Children\" target=\"_self\">Timoun ak Fanmi<\/a><\/h4>\n\t\t\t\t<a href=\"\/ht\/resous-yo\/timoun-fanmi-yo\/?utm_source=Home&#038;utm_medium=Referral&#038;utm_campaign=211Resources&#038;utm_content=Children\"  target=\"_self\" itemprop=\"url\">\n\t\t\t\t<img decoding=\"async\" src=\"https:\/\/211md.org\/wp-content\/uploads\/bb-plugin\/cache\/2025_211_Icon-Sets_Child-care-square-f3b0d4edab3dcc467fadb5f55f4064c6-.png\" alt=\"parent and child icon for child care\" itemprop=\"image\" height=\"417\" width=\"417\" title=\"2025_211_Ansanm Ik\u00f2n_Swen Timoun\" onerror=\"this.style.display='none'\" loading=\"lazy\" \/>\n\t\t\t\t<\/a>\n\t\t<h4><a href=\"\/ht\/resous-yo\/vyolans-familyal-domestik\/?utm_source=Home&#038;utm_medium=Referral&#038;utm_campaign=211Resources&#038;utm_content=Domestic\" target=\"_self\">Vyolans domestik<\/a><\/h4>\n\t\t\t\t<a href=\"\/ht\/resous-yo\/vyolans-familyal-domestik\/?utm_source=Home&#038;utm_medium=Referral&#038;utm_campaign=211Resources&#038;utm_content=Domestic\"  target=\"_self\" itemprop=\"url\">\n\t\t\t\t<img decoding=\"async\" src=\"https:\/\/211md.org\/wp-content\/uploads\/bb-plugin\/cache\/2025_211_Icon-Sets_Domestic-Violence-square-7b597694a6f05fe90cdc376aa573bc63-.png\" alt=\"Ik\u00f2n Vyolans Domestik\" itemprop=\"image\" height=\"417\" width=\"417\" title=\"2025_211_Ansanm Ik\u00f2n_Vyolans Domestik\" onerror=\"this.style.display='none'\" loading=\"lazy\" \/>\n\t\t\t\t<\/a>\n\t\t<h4><a href=\"\/ht\/resous-yo\/rechech-travay\/?utm_source=Home&#038;utm_medium=Referral&#038;utm_campaign=211Resources&#038;utm_content=Employment\" target=\"_self\">Travay<\/a><\/h4>\n\t\t\t\t<a href=\"\/ht\/resous-yo\/rechech-travay\/?utm_source=Home&#038;utm_medium=Referral&#038;utm_campaign=211Resources&#038;utm_content=Employment\"  target=\"_self\" itemprop=\"url\">\n\t\t\t\t<img decoding=\"async\" src=\"https:\/\/211md.org\/wp-content\/uploads\/bb-plugin\/cache\/2025_MdInfoNet_Icon-Sets_Employment-square-44707bd410e4df10a470bf130ebcea86-.png\" alt=\"\" itemprop=\"image\" onerror=\"this.style.display='none'\" loading=\"lazy\" \/>\n\t\t\t\t<\/a>\n\t\t<h4><a href=\"\/ht\/resous-yo\/swen-sante\/?utm_source=Home&#038;utm_medium=Referral&#038;utm_campaign=211Resources&#038;utm_content=Health%20Care\" target=\"_self\">Swen Sante<\/a><\/h4>\n\t\t\t\t<a href=\"\/ht\/resous-yo\/swen-sante\/?utm_source=Home&#038;utm_medium=Referral&#038;utm_campaign=211Resources&#038;utm_content=Health%20Care\"  target=\"_self\" itemprop=\"url\">\n\t\t\t\t<img decoding=\"async\" src=\"https:\/\/211md.org\/wp-content\/uploads\/bb-plugin\/cache\/2025_MdInfoNet_Icon-Sets_Health-Care-square-dee98a0060cbe0e7f27eda253fc12679-.png\" alt=\"\" itemprop=\"image\" onerror=\"this.style.display='none'\" loading=\"lazy\" \/>\n\t\t\t\t<\/a>\n\t\t<h4><a href=\"\/ht\/resous-yo\/timoun-fanmi-yo\/swen-fanmi\/?utm_source=Home&#038;utm_medium=Referral&#038;utm_campaign=211Resources&#038;utm_content=Kinship\" target=\"_self\">Parente<\/a><\/h4>\n\t\t\t\t<a href=\"\/ht\/resous-yo\/timoun-fanmi-yo\/swen-fanmi\/?utm_source=Home&#038;utm_medium=Referral&#038;utm_campaign=211Resources&#038;utm_content=Kinship\"  target=\"_self\" itemprop=\"url\">\n\t\t\t\t<img decoding=\"async\" src=\"https:\/\/211md.org\/wp-content\/uploads\/bb-plugin\/cache\/2025_211_Icon-Sets_Kinship-square-45bdf872866f5735f842c32071109267-.png\" alt=\"Ik\u00f2n fanmi\" itemprop=\"image\" height=\"417\" width=\"417\" title=\"2025_211_Ansanm Ik\u00f2n_Fanmitay\" onerror=\"this.style.display='none'\" loading=\"lazy\" \/>\n\t\t\t\t<\/a>\n\t\t<h4><a href=\"\/ht\/resous-yo\/sevis-legal-yo\/?utm_source=Home&#038;utm_medium=Referral&#038;utm_campaign=211Resources&#038;utm_content=Legal\" target=\"_self\">S\u00e8vis Legal<\/a><\/h4>\n\t\t\t\t<a href=\"\/ht\/resous-yo\/sevis-legal-yo\/?utm_source=Home&#038;utm_medium=Referral&#038;utm_campaign=211Resources&#038;utm_content=Legal\"  target=\"_self\" itemprop=\"url\">\n\t\t\t\t<img decoding=\"async\" src=\"https:\/\/211md.org\/wp-content\/uploads\/bb-plugin\/cache\/2025_MdInfoNet_Icon-Sets_Legal-square-18fdf438feb8435588174d9046463257-.png\" alt=\"\" itemprop=\"image\" onerror=\"this.style.display='none'\" loading=\"lazy\" \/>\n\t\t\t\t<\/a>\n\t\t<h4><a href=\"\/ht\/resous-yo\/sante-mantal\/?utm_source=Home&#038;utm_medium=Referral&#038;utm_campaign=211Resources&#038;utm_content=Mental\" target=\"_self\">Sante mantal<\/a><\/h4>\n\t\t\t\t<a href=\"\/ht\/resous-yo\/sante-mantal\/?utm_source=Home&#038;utm_medium=Referral&#038;utm_campaign=211Resources&#038;utm_content=Mental\"  target=\"_self\" itemprop=\"url\">\n\t\t\t\t<img decoding=\"async\" src=\"https:\/\/211md.org\/wp-content\/uploads\/bb-plugin\/cache\/2025_MdInfoNet_Icon-Sets_Mental-Health-square-c59b38c4a993a947d4c9280fbe2d2fee-.png\" alt=\"\" itemprop=\"image\" onerror=\"this.style.display='none'\" loading=\"lazy\" \/>\n\t\t\t\t<\/a>\n\t\t<h4><a href=\"\/ht\/resous-yo\/mdreentry\/?utm_source=Home&#038;utm_medium=Referral&#038;utm_campaign=211Resources&#038;utm_content=Reentry\" target=\"_self\">Reantre<\/a><\/h4>\n\t\t\t\t<a href=\"\/ht\/resous-yo\/mdreentry\/?utm_source=Home&#038;utm_medium=Referral&#038;utm_campaign=211Resources&#038;utm_content=Reentry\"  target=\"_self\" itemprop=\"url\">\n\t\t\t\t<img decoding=\"async\" src=\"https:\/\/211md.org\/wp-content\/uploads\/bb-plugin\/cache\/2025_211_Icon-Sets_Reentry-square-8676fea38abd920a832f45642fe31cca-.png\" alt=\"Ik\u00f2n Reantre\" itemprop=\"image\" height=\"417\" width=\"417\" title=\"2025_211_Ansanm Ik\u00f2n_Reantre\" onerror=\"this.style.display='none'\" loading=\"lazy\" \/>\n\t\t\t\t<\/a>\n\t\t<h4><a href=\"\/ht\/resous-yo\/itilizasyon-sibstans\/?utm_source=Home&#038;utm_medium=Referral&#038;utm_campaign=211Resources&#038;utm_content=Substance\" target=\"_self\">Itilizasyon sibstans<\/a><\/h4>\n\t\t\t\t<a href=\"\/ht\/resous-yo\/itilizasyon-sibstans\/?utm_source=Home&#038;utm_medium=Referral&#038;utm_campaign=211Resources&#038;utm_content=Substance\"  target=\"_self\" itemprop=\"url\">\n\t\t\t\t<img decoding=\"async\" src=\"https:\/\/211md.org\/wp-content\/uploads\/bb-plugin\/cache\/2025_MdInfoNet_Icon-Sets_Substance-Abuse-square-9022fec9d18a64118ad685c101885b55-.png\" alt=\"\" itemprop=\"image\" onerror=\"this.style.display='none'\" loading=\"lazy\" \/>\n\t\t\t\t<\/a>\n\t\t<h4><a href=\"\/ht\/resous-yo\/veteran-yo\/?utm_source=Home&#038;utm_medium=Referral&#038;utm_campaign=211Resources&#038;utm_content=Veterans\" target=\"_self\">Veteran yo<\/a><\/h4>\n\t\t\t\t<a href=\"\/ht\/resous-yo\/veteran-yo\/?utm_source=Home&#038;utm_medium=Referral&#038;utm_campaign=211Resources&#038;utm_content=Veterans\"  target=\"_self\" itemprop=\"url\">\n\t\t\t\t<img decoding=\"async\" src=\"https:\/\/211md.org\/wp-content\/uploads\/bb-plugin\/cache\/2025_MdInfoNet_Icon-Sets_Rating-square-6e60d00cce4faa8e0a6d4ad7366aa733-.png\" alt=\"\" itemprop=\"image\" onerror=\"this.style.display='none'\" loading=\"lazy\" \/>\n\t\t\t\t<\/a>","protected":false},"excerpt":{"rendered":"<p>WIC bay koupon manje pou manman ki pral f\u00e8t, nouvo manman k ap bay tete, ak timoun ki gen jiska 5 an. Aprann sou kalifikasyon epi konekte ak pwogram manje sa a ak l\u00f2t pwogram yo. K\u00f2manse WIC Maryland Maryland WIC ofri koupon manje, edikasyon sou nitrisyon, ak sip\u00f2 pou bay tete. Pwogram asistans lan konsantre sou pi bon nitrisyon ak yon avni ki pi briyan pou...<\/p>","protected":false},"author":8,"featured_media":33737,"parent":746,"menu_order":0,"comment_status":"closed","ping_status":"closed","template":"","meta":{"footnotes":""},"class_list":["post-991","page","type-page","status-publish","has-post-thumbnail","hentry"],"_links":{"self":[{"href":"https:\/\/211md.org\/ht\/wp-json\/wp\/v2\/pages\/991","targetHints":{"allow":["GET"]}}],"collection":[{"href":"https:\/\/211md.org\/ht\/wp-json\/wp\/v2\/pages"}],"about":[{"href":"https:\/\/211md.org\/ht\/wp-json\/wp\/v2\/types\/page"}],"author":[{"embeddable":true,"href":"https:\/\/211md.org\/ht\/wp-json\/wp\/v2\/users\/8"}],"replies":[{"embeddable":true,"href":"https:\/\/211md.org\/ht\/wp-json\/wp\/v2\/comments?post=991"}],"version-history":[{"count":11,"href":"https:\/\/211md.org\/ht\/wp-json\/wp\/v2\/pages\/991\/revisions"}],"predecessor-version":[{"id":34179,"href":"https:\/\/211md.org\/ht\/wp-json\/wp\/v2\/pages\/991\/revisions\/34179"}],"up":[{"embeddable":true,"href":"https:\/\/211md.org\/ht\/wp-json\/wp\/v2\/pages\/746"}],"wp:featuredmedia":[{"embeddable":true,"href":"https:\/\/211md.org\/ht\/wp-json\/wp\/v2\/media\/33737"}],"wp:attachment":[{"href":"https:\/\/211md.org\/ht\/wp-json\/wp\/v2\/media?parent=991"}],"curies":[{"name":"wp","href":"https:\/\/api.w.org\/{rel}","templated":true}]}}