{"id":999,"date":"2021-04-16T18:11:18","date_gmt":"2021-04-16T18:11:18","guid":{"rendered":"https:\/\/211md.org\/?page_id=999"},"modified":"2025-09-07T20:53:11","modified_gmt":"2025-09-08T00:53:11","slug":"pwogram-ete-yo","status":"publish","type":"page","link":"https:\/\/211md.org\/ht\/resources\/children-families\/summer-programs\/","title":{"rendered":"Kan Lete, Pwogram ak Sip\u00f2 Manje pou Timoun yo"},"content":{"rendered":"<p>\u00c8ske w ap mande k\u00f2man pou w kenbe pitit ou a okipe pandan li nan vakans ete a? Gen pwogram rekreyasyon gratis oswa bon mache ki disponib nan z\u00f2n ou an.\u00a0\u00a0<\/p>\n<p>Anpil pak lokal ak depatman ak \u00f2ganizasyon rekreyasyon bay pwogram ak kan pou kenbe timoun yo aktif pandan ete a nan yon fason ki amizan epi ki enteresan.<\/p>\n<h2>Jwenn yon kan ete Maryland<\/h2>\n<p><a href=\"https:\/\/search.211md.org\/search?query=PL-6400.1500-820&amp;query_type=taxonomy&amp;query_label=&amp;query_language=en\" target=\"_blank\" rel=\"noopener\">211 gen yon baz done ki gen pr\u00e8ske 200 kan ete ak resous<\/a>. Ou ka f\u00e8 rech\u00e8ch pa vil oswa k\u00f2d postal, lang, ak laj timoun nan. <\/p>\n<p>Lis sa a gen ladan pwogram Parks &amp; Recreation, YMCA ak l\u00f2t \u00f2ganizasyon. Baz done 211 la gen ladan tou resous kan tankou Baltimore Family Alliance Summer Camp Directory, ki gen kan nan z\u00f2n Baltimore. Ou dwe bay non w ak im\u00e8l ou pou telechaje la <a href=\"https:\/\/www.baltimorefamilies.org\/summer-camp-directory.html\" target=\"_blank\" rel=\"noopener\">Any\u00e8 kan ete Baltimore<\/a>.<\/p>\n<p>Ou ka ch\u00e8che tou pou kan ete yo epi verifye youn ou te chwazi a gen lisans, ak la <a href=\"https:\/\/mdhyouthcamps.force.com\/CampSearch\/s\/\" target=\"_blank\" rel=\"noopener\">Baz done kan Depatman Sante Maryland<\/a>. Baz done Depatman Lasante p\u00e8m\u00e8t ou f\u00e8 rech\u00e8ch pa non kan, nimewo lisans oswa konte.<\/p>\n\t\t\t\t<img decoding=\"async\" src=\"https:\/\/211md.org\/wp-content\/uploads\/2021\/05\/Diverse-Children.png\" alt=\"Yon gwoup timoun ak men leve epi souri\" itemprop=\"image\" height=\"348\" width=\"460\" title=\"Timoun Div\u00e8s\" onerror=\"this.style.display='none'\" loading='lazy' \/>\n\t<h3>Pwogram anrichisman<\/h3>\n<p>211 bay tou yon lis pwogram anrichisman j\u00e8n yo pou ete a. Sa yo ka gen ladan leson patikilye, aktivite edikasyon, sip\u00f2 akademik, ak l\u00f2t pwogram espesyal. <a href=\"https:\/\/search.211md.org\/search?query=PL-6400.1500-820&amp;query_type=taxonomy&amp;query_label=&amp;query_language=en\" target=\"_blank\" rel=\"noopener\">Ch\u00e8che pwogram anrichisman nan baz done resous nou an nan tout eta a<\/a>.<\/p>\n<h4>L\u00f2t sip\u00f2 pou timoun yo<\/h4>\n<p>211 gen tou resous pou timoun ki ka ede ak leson patikilye oswa kons\u00e8y. Nou gen rech\u00e8ch tou pou lek\u00f2l leta. Tcheke ak distri lek\u00f2l lokal ou a pou w\u00e8 si yo gen yon pwogram ete oswa yon lek\u00f2l ete.<\/p>\n<p>Ou kapab toujou rele 211 pou jwenn \u00e8d pou jwenn yon kan oswa yon pwogram ete.<\/p>\n<p>Ch\u00e8che pou:<\/p>\n<ul>\n<li><a href=\"https:\/\/search.211md.org\/search?query=HL-8700&amp;query_type=taxonomy&amp;query_label=&amp;query_language=en\" target=\"_blank\" rel=\"noopener\">S\u00e8vis leson patikilye<\/a><\/li>\n<li><a href=\"https:\/\/search.211md.org\/search?query=HD-8000&amp;query_type=taxonomy&amp;query_label=&amp;query_language=en\" target=\"_blank\" rel=\"noopener\">Lek\u00f2l Piblik yo<\/a><\/li>\n<li><a href=\"https:\/\/search.211md.org\/search?query=PH-1400.5000-100&amp;query_type=taxonomy&amp;query_label=&amp;query_language=en\" target=\"_blank\" rel=\"noopener\">Pwogram konseye pou granmoun\/timoun<\/a><\/li>\n<\/ul>\n\t<h2><b>Manje pou timoun ki gen laj lek\u00f2l pandan ete a<\/b>\u00a0<\/h2>\n<p>Anpil distri lek\u00f2l ofri manje ki bon pou timoun pandan ete a k\u00f2m yon ekstansyon s\u00e8vis yo ofri pandan ane lek\u00f2l la. Ou pa bezwen enskri oswa bay idantifikasyon pou resevwa manje pou timoun 18 an oswa mwens.\u00a0<\/p>\n<p>Pwogram yo anjeneral nan bibliyot\u00e8k, lek\u00f2l, \u00f2ganizasyon ki baze sou lafwa, sant rekreyasyon oswa yon l\u00f2t patn\u00e8 kominot\u00e8.<\/p>\n<p><a href=\"https:\/\/mars.msde.maryland.gov\/mars_sitesearch\/\" target=\"_blank\" rel=\"noopener\">Jwenn yon sit manje ete toupre ou<\/a>.\u00a0<\/p>\n<h3>Pandan ete Sol\u00e8y Bucks<\/h3>\n<p>Apati ane sa a, pral genyen tou yon pwogram EBT pandan ete ke yo rele <a href=\"https:\/\/www.fns.usda.gov\/summer\/sunbucks\" target=\"_blank\" rel=\"noopener\">SUN Bucks<\/a> diminye grangou ete.<\/p>\n<p>Fanmi ki elijib yo pral resevwa $120 pou chak timoun pou ede yo achte pwovizyon pou pitit yo pandan ete a l\u00e8 lek\u00f2l la f\u00e8men. Pif\u00f2 fanmi Maryland yo pral enskri otomatikman. Ou pa bezwen aplike si:<\/p>\n<ul>\n<li>kay la resevwa repa lek\u00f2l gratis oswa a pri redui<\/li>\n<li>kay la patisipe nan SNAP (koupon pou manje), Asistans Lajan Tanpor\u00e8 (TCA) oswa Medicaid.<\/li>\n<li>timoun yo nan swen adoptif, san kay, migran oswa sove<\/li>\n<\/ul>\n<p>Yo prevwa pwogram nan ede 50,000 timoun nouri atrav\u00e8 eta a.<\/p>\n<p>Sa a se yon benefis mak\u00e8t ki finanse federalman. Nan mwa jen, jiy\u00e8 ak out, fanmi yo pral resevwa $40 pa mwa ($120 total) pou chak el\u00e8v ki kalifye. Lajan yo ekspire 122 jou apre yo fin bay yo epi yo pa ka reem\u00e8t.<\/p>\n<p>Aprann plis sou <a href=\"https:\/\/dhs.maryland.gov\/sunbucks\/\" target=\"_blank\" rel=\"noopener\">Pandan ete Sun Bucks nan Maryland<\/a>.<\/p>\n\t\t\t\t<img decoding=\"async\" src=\"http:\/\/211md.org\/wp-content\/uploads\/2024\/04\/School-aged-children-getting-free-lunch.jpg\" alt=\"Timoun ki gen laj lek\u00f2l yo jwenn manje midi gratis\" itemprop=\"image\" title=\"Timoun ki gen laj lek\u00f2l yo jwenn manje midi gratis\" onerror=\"this.style.display='none'\" loading='lazy' \/>\n<h2>Enf\u00f2masyon ki gen rap\u00f2<\/h2>\n<p><a title=\"Pou ou kab vin yon paran\" href=\"https:\/\/211md.org\/ht\/resous-yo\/timoun-fanmi-yo\/se-yon-paran\/\">Sip\u00f2 pou paran<\/a><\/p>\n<p><a title=\"Gen Yon Ti bebe\" href=\"https:\/\/211md.org\/ht\/resous-yo\/timoun-fanmi-yo\/gen-yon-ti-bebe\/\">Gen Yon Ti bebe<\/a><\/p>\n<p><a href=\"https:\/\/211md.org\/ht\/resous-yo\/manje\/wic\/\">Fanm, Tibebe ak Timoun (WIC)<\/a><\/p>\n<p><a title=\"ACE yo\" href=\"https:\/\/211md.org\/ht\/resous-yo\/timoun-fanmi-yo\/aces\/\">ACE yo<\/a><\/p>\n<p><a title=\"Pitit mwen an pa kontwole\" href=\"https:\/\/211md.org\/ht\/resous-yo\/timoun-fanmi-yo\/konpotman-timoun-yo\/\">Konp\u00f2tman timoun yo<\/a><\/p>\n<p><a href=\"https:\/\/211md.org\/ht\/resous-yo\/timoun-fanmi-yo\/swen-fanmi\/\" target=\"_blank\" rel=\"noopener\">Swen fanmi<\/a><\/p>\n<p><a href=\"https:\/\/211md.org\/ht\/resous-yo\/timoun-fanmi-yo\/navigasyon-fanmi\/\" target=\"_blank\" rel=\"noopener\">Navigasyon fanmi<\/a><\/p>\n<h2>\n\t\t\tJwenn Resous\t<\/h2>\n\t\t\t\t<a href=\"\/ht\/resous-yo\/aje-andikap\/\"  target=\"_self\" itemprop=\"url\">\n\t\t\t\t<img decoding=\"async\" src=\"https:\/\/211md.org\/wp-content\/uploads\/bb-plugin\/cache\/Mask-Group-41@2x-circle-73eaadba4cad8269faa4720e25cf1c85-.png\" alt=\"Pye yon fanm ki pi gran ak yon ti fi k ap mache ansanm\" itemprop=\"image\" height=\"500\" width=\"500\" title=\"S\u00e8vis Enfimite\" onerror=\"this.style.display='none'\" loading='lazy' \/>\n\t\t\t\t<\/a>\n\t\t<h3><a href=\"\/ht\/resous-yo\/aje-andikap\/\" target=\"_self\">Aje ak Andikap<\/a><\/h3>\t\n\t\t\t\t<a href=\"\/ht\/resous-yo\/timoun-fanmi-yo\/\"  target=\"_self\" itemprop=\"url\">\n\t\t\t\t<img decoding=\"async\" src=\"https:\/\/211md.org\/wp-content\/uploads\/bb-plugin\/cache\/Mask-Group-38@2x-circle-ac40d46265fbec62083cd27f6dcf23b0-.png\" alt=\"Yon j\u00e8n ti gason ak ti fi k ap souri epi gade kamera a\" itemprop=\"image\" height=\"500\" width=\"500\" title=\"Gwoup Mask 38@2x\" onerror=\"this.style.display='none'\" loading='lazy' \/>\n\t\t\t\t<\/a>\n\t\t<h3><a href=\"\/ht\/resous-yo\/timoun-fanmi-yo\/\" target=\"_self\">Timoun ak Fanmi<\/a><\/h3>\t\n\t\t\t\t<a href=\"\/ht\/resous-yo\/vyolans-familyal-domestik\/\"  target=\"_self\" itemprop=\"url\">\n\t\t\t\t<img decoding=\"async\" src=\"https:\/\/211md.org\/wp-content\/uploads\/bb-plugin\/cache\/Mask-Group-39@2x-circle-b2589197a13c791d910f46dd10b27a87-.png\" alt=\"De p\u00e8 men kenbe youn ak l\u00f2t\" itemprop=\"image\" height=\"500\" width=\"500\" title=\"Gwoup Mask 39@2x\" onerror=\"this.style.display='none'\" loading='lazy' \/>\n\t\t\t\t<\/a>\n\t\t<h3><a href=\"\/ht\/resous-yo\/vyolans-familyal-domestik\/\" target=\"_self\">Vyolans Domestik\/ Fanmi<\/a><\/h3>\t\n\t\t\t\t<a href=\"\/ht\/resous-yo\/rechech-travay\/\"  target=\"_self\" itemprop=\"url\">\n\t\t\t\t<img decoding=\"async\" src=\"https:\/\/211md.org\/wp-content\/uploads\/bb-plugin\/cache\/Employment-circle-bf72562329e950df948954f5d3f44b2e-.png\" alt=\"Yon mekanisyen machin\" itemprop=\"image\" height=\"500\" width=\"500\" title=\"Travay\" onerror=\"this.style.display='none'\" loading='lazy' \/>\n\t\t\t\t<\/a>\n\t\t<h3><a href=\"\/ht\/resous-yo\/rechech-travay\/\" target=\"_self\">Travay<\/a><\/h3>\t\n\t\t\t\t<a href=\"\/ht\/resous-yo\/swen-sante\/\"  target=\"_self\" itemprop=\"url\">\n\t\t\t\t<img decoding=\"async\" src=\"https:\/\/211md.org\/wp-content\/uploads\/bb-plugin\/cache\/Mask-Group-35@2x-circle-94be10c13e4adae1683b4589dc2f5b2f-.png\" alt=\"Dokt\u00e8 ap gade janm gason\" itemprop=\"image\" height=\"500\" width=\"500\" title=\"Gwoup Mask 35@2x\" onerror=\"this.style.display='none'\" loading='lazy' \/>\n\t\t\t\t<\/a>\n\t\t<h3><a href=\"\/ht\/resous-yo\/swen-sante\/\" target=\"_self\">Swen Sante<\/a><\/h3>\t\n\t\t\t\t<a href=\"\/ht\/resous-yo\/manje\/\"  target=\"_self\" itemprop=\"url\">\n\t\t\t\t<img decoding=\"async\" src=\"https:\/\/211md.org\/wp-content\/uploads\/bb-plugin\/cache\/Mask-Group-32@2x-circle-1c6d647dcaf998fa079d26735cedc92b-.png\" alt=\"Legim fre\" itemprop=\"image\" height=\"500\" width=\"500\" title=\"Gwoup Mask 32@2x\" onerror=\"this.style.display='none'\" loading='lazy' \/>\n\t\t\t\t<\/a>\n\t\t<h3><a href=\"\/ht\/resous-yo\/manje\/\" target=\"_self\">Manje<\/a><\/h3>\t\n\t\t\t\t<a href=\"\/ht\/resous-yo\/abri-lojman\/\"  target=\"_self\" itemprop=\"url\">\n\t\t\t\t<img decoding=\"async\" src=\"https:\/\/211md.org\/wp-content\/uploads\/bb-plugin\/cache\/Mask-Group-34@2x-circle-b99c55fc16ef21f35e2f2a1f7cc37b9a-.png\" alt=\"Balkon konpl\u00e8ks apatman\" itemprop=\"image\" height=\"500\" width=\"500\" title=\"Apatman-Konpl\u00e8ks\" onerror=\"this.style.display='none'\" loading='lazy' \/>\n\t\t\t\t<\/a>\n\t\t<h3><a href=\"\/ht\/resous-yo\/abri-lojman\/\" target=\"_self\">Lojman &amp; Abri<\/a><\/h3>\t\n\t\t\t\t<a href=\"\/ht\/resous-yo\/nouvo-nan-nou-ak-maryland\/\"  target=\"_self\" itemprop=\"url\">\n\t\t\t\t<img decoding=\"async\" src=\"https:\/\/211md.org\/wp-content\/uploads\/bb-plugin\/cache\/American-flag-circle-0016cc327e27ef7aeb080f1da6c6e98b-.jpg\" alt=\"nouvo nan eta Zini\" itemprop=\"image\" height=\"364\" width=\"1366\" title=\"Ameriken-drapo\" onerror=\"this.style.display='none'\" loading='lazy' \/>\n\t\t\t\t<\/a>\n\t\t<h3><a href=\"\/ht\/resous-yo\/nouvo-nan-nou-ak-maryland\/\" target=\"_self\">Imigrasyon<\/a><\/h3>\t\n\t\t\t\t<a href=\"\/ht\/resous-yo\/timoun-fanmi-yo\/swen-fanmi\/\"  target=\"_self\" itemprop=\"url\">\n\t\t\t\t<img decoding=\"async\" src=\"https:\/\/211md.org\/wp-content\/uploads\/bb-plugin\/cache\/kinship-family-navigating-a-computer-circle-045fee9d587aefb20221bfea41a2cf9b-.png\" alt=\"fanmi fanmi navige nan yon \u00f2dinat\u00e8\" itemprop=\"image\" title=\"fanmi fanmi navige nan yon \u00f2dinat\u00e8\" onerror=\"this.style.display='none'\" loading='lazy' \/>\n\t\t\t\t<\/a>\n\t\t<h3><a href=\"\/ht\/resous-yo\/timoun-fanmi-yo\/swen-fanmi\/\" target=\"_self\">Parente<\/a><\/h3>\t\n\t\t\t\t<a href=\"\/ht\/resous-yo\/sevis-legal-yo\/\"  target=\"_self\" itemprop=\"url\">\n\t\t\t\t<img decoding=\"async\" src=\"https:\/\/211md.org\/wp-content\/uploads\/bb-plugin\/cache\/Housing-Legal-circle-9a8f3c1c72c54b6e1ce612d2993c1ad4-.png\" alt=\"Mato legal ak yon mod\u00e8l plastik nan yon kay akote li\" itemprop=\"image\" height=\"348\" width=\"460\" title=\"Lojman Legal\" onerror=\"this.style.display='none'\" loading='lazy' \/>\n\t\t\t\t<\/a>\n\t\t<h3><a href=\"\/ht\/resous-yo\/sevis-legal-yo\/\" target=\"_self\">S\u00e8vis Legal<\/a><\/h3>\t\n\t\t\t\t<a href=\"\/ht\/resous-yo\/sante-mantal\/\"  target=\"_self\" itemprop=\"url\">\n\t\t\t\t<img decoding=\"async\" src=\"https:\/\/211md.org\/wp-content\/uploads\/bb-plugin\/cache\/Mask-Group-40@2x-circle-7bd9426367852fb3d841bc4bdc57a550-.png\" alt=\"Des yon gason ak yon fanm\" itemprop=\"image\" height=\"500\" width=\"500\" title=\"Gwoup Mask 40@2x\" onerror=\"this.style.display='none'\" loading='lazy' \/>\n\t\t\t\t<\/a>\n\t\t<h3><a href=\"\/ht\/resous-yo\/sante-mantal\/\" target=\"_self\">Sante mantal<\/a><\/h3>\t\n\t\t\t\t<a href=\"\/ht\/resous-yo\/mdreentry\/\"  target=\"_self\" itemprop=\"url\">\n\t\t\t\t<img decoding=\"async\" src=\"https:\/\/211md.org\/wp-content\/uploads\/bb-plugin\/cache\/Diverse-group-of-community-members-circle-4457c114cd48613bc79a0fb50060319c-.jpg\" alt=\"Gwoup div\u00e8s manm kominote a\" itemprop=\"image\" height=\"800\" width=\"1200\" title=\"Gwoup div\u00e8s manm kominote a\" onerror=\"this.style.display='none'\" loading='lazy' \/>\n\t\t\t\t<\/a>\n\t\t<h3><a href=\"\/ht\/resous-yo\/mdreentry\/\" target=\"_self\">Reantre<\/a><\/h3>\t\n\t\t\t\t<a href=\"\/ht\/sispann\/\"  target=\"_self\" itemprop=\"url\">\n\t\t\t\t<img decoding=\"async\" src=\"https:\/\/211md.org\/wp-content\/uploads\/bb-plugin\/cache\/Background-section-MDStophate-circle-08e2bae1cf9f2ad6cc83e01e23da8cb9-.jpg\" alt=\"Jan nou koumanse-seksyon-MDStophate\" itemprop=\"image\" height=\"768\" width=\"1366\" title=\"Jan nou koumanse-seksyon-MDStophate\" onerror=\"this.style.display='none'\" loading='lazy' \/>\n\t\t\t\t<\/a>\n\t\t<h3><a href=\"\/ht\/sispann\/\" target=\"_self\">Sispann Rayi<\/a><\/h3>\t\n\t\t\t\t<a href=\"\/ht\/resous-yo\/itilizasyon-sibstans\/\"  target=\"_self\" itemprop=\"url\">\n\t\t\t\t<img decoding=\"async\" src=\"https:\/\/211md.org\/wp-content\/uploads\/bb-plugin\/cache\/Substance-Use-circle-ad2d564932dc31267e0c32a6fb2d915c-.png\" alt=\"Grenn kraze men yo\" itemprop=\"image\" height=\"500\" width=\"500\" title=\"Sibstans-Itilize\" onerror=\"this.style.display='none'\" loading='lazy' \/>\n\t\t\t\t<\/a>\n\t\t<h3><a href=\"\/ht\/resous-yo\/itilizasyon-sibstans\/\" target=\"_self\">Itilizasyon sibstans<\/a><\/h3>\t\n\t\t\t\t<a href=\"\/ht\/resous-yo\/sevis-taks\/\"  target=\"_self\" itemprop=\"url\">\n\t\t\t\t<img decoding=\"async\" src=\"https:\/\/211md.org\/wp-content\/uploads\/bb-plugin\/cache\/Mask-Group-34-circle-166a606e37e61188c9a17d5e634cda3c-.png\" alt=\"Moun ki ranpli papye taks sou revni\" itemprop=\"image\" height=\"500\" width=\"500\" title=\"Gwoup Mask 34\" onerror=\"this.style.display='none'\" loading='lazy' \/>\n\t\t\t\t<\/a>\n\t\t<h3><a href=\"\/ht\/resous-yo\/sevis-taks\/\" target=\"_self\">S\u00e8vis taks<\/a><\/h3>\t\n\t\t\t\t<a href=\"\/ht\/resous-yo\/asistans-sevis-piblik\/\"  target=\"_self\" itemprop=\"url\">\n\t\t\t\t<img decoding=\"async\" src=\"https:\/\/211md.org\/wp-content\/uploads\/bb-plugin\/cache\/Mask-Group-37@2x-circle-9661a11b9c4082079c9a1f06bc539567-.png\" alt=\"Yon anpoul limen\" itemprop=\"image\" height=\"500\" width=\"500\" title=\"Gwoup Mask 37@2x\" onerror=\"this.style.display='none'\" loading='lazy' \/>\n\t\t\t\t<\/a>\n\t\t<h3><a href=\"\/ht\/resous-yo\/asistans-sevis-piblik\/\" target=\"_self\">Asistans s\u00e8vis piblik<\/a><\/h3>\t\n\t\t\t\t<a href=\"\/ht\/resous-yo\/veteran-yo\/\"  target=\"_self\" itemprop=\"url\">\n\t\t\t\t<img decoding=\"async\" src=\"https:\/\/211md.org\/wp-content\/uploads\/bb-plugin\/cache\/Veterans-circle-7c6972a59826c74f1f658f61df785fc3-.png\" alt=\"Yon s\u00f2lda ki bay men yon moun epi li souri\" itemprop=\"image\" title=\"Veteran yo\" onerror=\"this.style.display='none'\" loading='lazy' \/>\n\t\t\t\t<\/a>\n\t\t<h3><a href=\"\/ht\/resous-yo\/veteran-yo\/\" target=\"_self\">Veteran yo<\/a><\/h3>","protected":false},"excerpt":{"rendered":"<p>\u00c8ske w ap mande k\u00f2man pou w kenbe pitit ou a okipe pandan li nan vakans ete a? Gen pwogram rekreyasyon gratis oswa bon mache ki disponib nan z\u00f2n ou an.  Anpil pak lokal ak depatman ak \u00f2ganizasyon rekreyasyon bay pwogram ak kan pou kenbe timoun yo aktif pandan ete a nan yon fason ki amizan epi ki enteresan. Jwenn yon ete Maryland...<\/p>","protected":false},"author":8,"featured_media":3225,"parent":839,"menu_order":0,"comment_status":"closed","ping_status":"closed","template":"","meta":{"footnotes":""},"class_list":["post-999","page","type-page","status-publish","has-post-thumbnail","hentry"],"_links":{"self":[{"href":"https:\/\/211md.org\/ht\/wp-json\/wp\/v2\/pages\/999","targetHints":{"allow":["GET"]}}],"collection":[{"href":"https:\/\/211md.org\/ht\/wp-json\/wp\/v2\/pages"}],"about":[{"href":"https:\/\/211md.org\/ht\/wp-json\/wp\/v2\/types\/page"}],"author":[{"embeddable":true,"href":"https:\/\/211md.org\/ht\/wp-json\/wp\/v2\/users\/8"}],"replies":[{"embeddable":true,"href":"https:\/\/211md.org\/ht\/wp-json\/wp\/v2\/comments?post=999"}],"version-history":[{"count":2,"href":"https:\/\/211md.org\/ht\/wp-json\/wp\/v2\/pages\/999\/revisions"}],"predecessor-version":[{"id":4679,"href":"https:\/\/211md.org\/ht\/wp-json\/wp\/v2\/pages\/999\/revisions\/4679"}],"up":[{"embeddable":true,"href":"https:\/\/211md.org\/ht\/wp-json\/wp\/v2\/pages\/839"}],"wp:featuredmedia":[{"embeddable":true,"href":"https:\/\/211md.org\/ht\/wp-json\/wp\/v2\/media\/3225"}],"wp:attachment":[{"href":"https:\/\/211md.org\/ht\/wp-json\/wp\/v2\/media?parent=999"}],"curies":[{"name":"wp","href":"https:\/\/api.w.org\/{rel}","templated":true}]}}