{"id":1000,"date":"2021-04-16T18:12:42","date_gmt":"2021-04-16T18:12:42","guid":{"rendered":"https:\/\/211md.org\/?page_id=1000"},"modified":"2025-06-09T13:52:06","modified_gmt":"2025-06-09T17:52:06","slug":"sospetto-abuso","status":"publish","type":"page","link":"https:\/\/211md.org\/it\/resources\/aging-disability\/suspect-abuse\/","title":{"rendered":"Sospetto abuso?"},"content":{"rendered":"<h2>Segnala un sospetto abuso<\/h2>\n<p>Per segnalare sospetti abusi: chiama il numero 1-800-917-7383, 24 ore su 24, da qualsiasi luogo all&#039;interno dello stato di MD o\u00a0<a href=\"https:\/\/dhr.maryland.gov\/child-protective-services\/reporting-suspected-child-abuse-or-neglect\/local-offices\/\" target=\"_blank\" rel=\"noreferrer noopener\">clicca qui<\/a>\u00a0per trovare il numero presso l&#039;ufficio locale del Dipartimento dei servizi sociali, Servizi di protezione degli adulti.<\/p>\n<p>Adult Protective Services (APS) \u00e8 un programma che serve adulti di et\u00e0 pari o superiore a 18 anni che si trovano in una situazione di vulnerabilit\u00e0 e sono a rischio o subiscono sfruttamento e danni. Indagano su situazioni di sospetto abuso e forniscono servizi professionali progettati per proteggere il benessere degli adulti vulnerabili. Esistono diversi tipi di abuso e negligenza che giustificano una segnalazione ai servizi di protezione degli adulti:<\/p>\n<ul>\n<li><strong>Abuso fisico<\/strong>\u00a0\u2013 infliggere dolore fisico o lesioni a un anziano, ad esempio schiaffi, contusioni o immobilizzazione con mezzi fisici o chimici.<\/li>\n<li><strong>Abuso sessuale<\/strong>\u00a0\u2013 contatti sessuali non consensuali di qualsiasi tipo.<\/li>\n<li><strong>Trascurare<\/strong>\u00a0\u2013 l\u2019incapacit\u00e0 da parte dei responsabili di fornire cibo, alloggio, assistenza sanitaria o protezione a un anziano vulnerabile.<\/li>\n<li><strong>Sfruttamento<\/strong>\u00a0\u2013 la sottrazione illegale, l&#039;uso improprio o l&#039;occultamento di fondi, propriet\u00e0 o beni di un anziano a vantaggio di qualcun altro.<\/li>\n<li><strong>Abuso emotivo<\/strong>\u00a0\u2013 infliggere dolore mentale, angoscia o disagio a una persona anziana attraverso atti verbali o non verbali, ad esempio umilianti, intimidatori o minacciosi.<\/li>\n<li><strong>Abbandono<\/strong>\u00a0\u2013 abbandono di un anziano vulnerabile da parte di chi si \u00e8 assunto la responsabilit\u00e0 della cura o della custodia di quella persona.<\/li>\n<li><strong>Auto-abbandono<\/strong>\u00a0\u2013 caratterizzato come l\u2019incapacit\u00e0 di una persona di svolgere compiti essenziali di cura di s\u00e9 e che tale fallimento mette a rischio la sua salute o sicurezza.<\/li>\n<\/ul>\n<p><em>(tratto dal sito web dell&#039;Administration on Aging- National Center sul sito Elder Abuse,\u00a0<a href=\"https:\/\/ncea.acl.gov\/\" target=\"_blank\" rel=\"noreferrer noopener\">Per maggiori informazioni, clicca qui<\/a>)<\/em><\/p>\n\t<h2>Segni di abuso<\/h2>\n<p>Cos\u00ec come ci sono molteplici tipi di abuso, ci sono una variet\u00e0 di segni di abuso. Questi includono:<\/p>\n\t<h3>Abuso fisico<\/h3>\n<ul>\n<li>tagli, contusioni, lividi o ferite<\/li>\n<li>brucia<\/li>\n<li>sembra trasandato, sporco, puzzolente<\/li>\n<li>malnutrito<\/li>\n<li>una condizione medica non trattata<\/li>\n<li>lesioni che sembrano insolite<\/li>\n<\/ul>\n<h3>comportamentale<\/h3>\n<ul>\n<li>rabbia<\/li>\n<li>depressione<\/li>\n<li>confusione<\/li>\n<li>Paura<\/li>\n<li>impotenza<\/li>\n<li>vergogna<\/li>\n<\/ul>\n<ul>\n\n<\/ul>\n\t<h3>Sociale<\/h3>\n<ul>\n<li>ritiro dall\u2019isolamento da amici, famiglia e attivit\u00e0<\/li>\n<li>abuso di sostanze, recitazione<\/li>\n<li>difficolt\u00e0 a parlare liberamente<\/li>\n<\/ul>\n<p>&nbsp;<\/p>\n<h3>Finanziario<\/h3>\n<ul>\n<li>attivit\u00e0 di spesa insolite<\/li>\n<li>cambiare conto bancario<\/li>\n<li>fatture non pagate<\/li>\n<li>le firme su assegni e altri documenti non corrispondono<\/li>\n\n<\/ul>\n\t<p><a href=\"https:\/\/dhr.maryland.gov\/child-protective-services\/reporting-suspected-child-abuse-or-neglect\/signs-neglect-abuse\/\" target=\"_blank\" rel=\"noreferrer noopener\">Fare clic qui per visualizzare un documento del Dipartimento dei servizi umani del MD con ulteriori informazioni sui segni di abuso.<\/a><\/p>\n<p>Mentre tutti possono ed sono incoraggiati a fare una segnalazione ad APS in merito a sospetti abusi (non necessita di prove), ci sono diversi gruppi di persone che sono legalmente obbligati a farlo. Questi includono: professionisti della salute, operatori dei servizi umani e polizia e sono chiamati giornalisti mandatari.<\/p>\n<p>\u00c8 possibile effettuare una segnalazione in forma anonima e chiunque la effettui in &quot;buona fede&quot; \u00e8 legalmente tutelato da responsabilit\u00e0 civile e sanzioni penali. Tuttavia, se avete ulteriori domande o non vi sentite a vostro agio a farlo, chiamate il 211 per ricevere assistenza e supporto.<\/p>\n<p>Quando effettua una segnalazione, l&#039;operatore APS chieder\u00e0 una serie di informazioni. Ci\u00f2 probabilmente includer\u00e0: nome, et\u00e0, indirizzo e ubicazione dell\u2019adulto vulnerabile, informazioni sulla persona responsabile delle sue cure, una descrizione della \u201cnatura e portata\u201d dell\u2019abuso, nonch\u00e9 altre informazioni pertinenti. Anche se non disponi di molte informazioni dettagliate e non ti sono chiare alcune parti della situazione, \u00e8 meglio chiamare APS e fornire loro le informazioni in tuo possesso in modo che possano valutare la segnalazione e decidere come procedere al meglio.<\/p>\n<p>Ci sono situazioni in cui viene fatta una segnalazione ad APS e, poich\u00e9 non soddisfano la loro definizione\/standard di abuso, non indagano n\u00e9 intervengono. Se sono ancora necessarie ulteriore assistenza e risorse in queste situazioni, potrebbe essere utile contattare alcuni dei seguenti tipi di agenzie e servizi:<\/p>\n<ul>\n<li>\n<ul>\n<li><em><strong>Gestione del caso -<\/strong><\/em>\u00a0Alcuni programmi lavorano con anziani e adulti vulnerabili per valutare i loro bisogni; sviluppare piani di assistenza; servizi di accesso; coordinare la fornitura dei servizi necessari; garantire che i servizi siano ottenuti e seguire e monitorare i progressi.<\/li>\n<li><em><strong>Informazioni e assistenza senior \u2013<\/strong><\/em>\u00a0Ogni contea del Maryland e della citt\u00e0 di Baltimora ha un ufficio di informazione e assistenza agli anziani, progettato per servire gli anziani e fornire informazioni e riferimenti alle risorse della comunit\u00e0. Specialisti qualificati valuteranno le esigenze e indirizzeranno i chiamanti in modo appropriato.\u00a0<a href=\"http:\/\/www.aging.maryland.gov\/Pages\/ProgramsAndServices.aspx\" target=\"_blank\" rel=\"noreferrer noopener\">Fare clic per visualizzare l&#039;elenco degli uffici di informazione e assistenza senior\u00a0<\/a><\/li>\n<li><em><strong>Punto di accesso Maryland (MAP) \u2013<\/strong><\/em>\u00a0Molte contee del Maryland e della citt\u00e0 di Baltimora hanno un ufficio del punto di accesso del Maryland. Questi uffici sono progettati per fungere da unico punto di accesso per numerosi programmi e risorse progettati per assistere gli anziani e gli adulti (18+) con disabilit\u00e0. Gli specialisti valuteranno le esigenze e faranno i riferimenti appropriati.\u00a0<a href=\"https:\/\/www.marylandaccesspoint.info\/consumer\/connect.php\" target=\"_blank\" rel=\"noreferrer noopener\">Clicca per trovare un ufficio MAP nella tua zona<\/a><\/li>\n<li><em><strong>211 &#8211;<\/strong><\/em> Siamo disponibili 24 ore su 24, 7 giorni su 7, per mettere in contatto chi chiama con un&#039;ampia gamma di risorse sanitarie e umane nella propria comunit\u00e0. Specialisti qualificati valuteranno i bisogni e forniranno gli indirizzi pi\u00f9 appropriati. Per contattarci, \u00e8 sufficiente comporre il 211.<\/li>\n<\/ul>\n<\/li>\n<\/ul>\n<h2>Informazioni correlate<\/h2>\n<p><a href=\"https:\/\/211md.org\/it\/risorse\/invecchiamento-disabilita\/medicare\/\">Vantaggi dell&#039;assistenza sanitaria<\/a><\/p>\n<p><a href=\"https:\/\/211md.org\/it\/risorse\/invecchiamento-disabilita\/sospetto-abuso\/\">Sospetto abuso?<\/a><\/p>\n<p><a href=\"https:\/\/marylandaccesspoint.211md.org\/\" target=\"_blank\" rel=\"noopener\">Punto di accesso del Maryland (MAP)<\/a><\/p>\n<p><a href=\"https:\/\/211md.org\/it\/risorse\/invecchiamento-disabilita\/senior-housing\/\">Alloggio per anziani<\/a><\/p>\n<h2>\n\t\t\tTrova risorse\t<\/h2>\n\t\t\t\t<a href=\"\/it\/risorse\/invecchiamento-disabilita\/\"  target=\"_self\" itemprop=\"url\">\n\t\t\t\t<img decoding=\"async\" src=\"https:\/\/211md.org\/wp-content\/uploads\/bb-plugin\/cache\/Mask-Group-41@2x-circle-73eaadba4cad8269faa4720e25cf1c85-.png\" alt=\"I piedi di una donna anziana e di una donna pi\u00f9 giovane che camminano insieme\" itemprop=\"image\" height=\"500\" width=\"500\" title=\"Servizi per la disabilit\u00e0\" onerror=\"this.style.display='none'\" loading='lazy' \/>\n\t\t\t\t<\/a>\n\t\t<h3><a href=\"\/it\/risorse\/invecchiamento-disabilita\/\" target=\"_self\">Invecchiamento e disabilit\u00e0<\/a><\/h3>\t\n\t\t\t\t<a href=\"\/it\/risorse\/bambini-famiglie\/\"  target=\"_self\" itemprop=\"url\">\n\t\t\t\t<img decoding=\"async\" src=\"https:\/\/211md.org\/wp-content\/uploads\/bb-plugin\/cache\/Mask-Group-38@2x-circle-ac40d46265fbec62083cd27f6dcf23b0-.png\" alt=\"Un giovane ragazzo e una ragazza sorridente e guardando la telecamera\" itemprop=\"image\" height=\"500\" width=\"500\" title=\"Gruppo maschera 38@2x\" onerror=\"this.style.display='none'\" loading='lazy' \/>\n\t\t\t\t<\/a>\n\t\t<h3><a href=\"\/it\/risorse\/bambini-famiglie\/\" target=\"_self\">Bambini e famiglie<\/a><\/h3>\t\n\t\t\t\t<a href=\"\/it\/risorse\/violenza-domestica-familiare\/\"  target=\"_self\" itemprop=\"url\">\n\t\t\t\t<img decoding=\"async\" src=\"https:\/\/211md.org\/wp-content\/uploads\/bb-plugin\/cache\/Mask-Group-39@2x-circle-b2589197a13c791d910f46dd10b27a87-.png\" alt=\"Due paia di mani che si tengono\" itemprop=\"image\" height=\"500\" width=\"500\" title=\"Gruppo maschera 39@2x\" onerror=\"this.style.display='none'\" loading='lazy' \/>\n\t\t\t\t<\/a>\n\t\t<h3><a href=\"\/it\/risorse\/violenza-domestica-familiare\/\" target=\"_self\">Violenza domestica\/familiare<\/a><\/h3>\t\n\t\t\t\t<a href=\"\/it\/risorse\/ricerca-occupazione\/\"  target=\"_self\" itemprop=\"url\">\n\t\t\t\t<img decoding=\"async\" src=\"https:\/\/211md.org\/wp-content\/uploads\/bb-plugin\/cache\/Employment-circle-bf72562329e950df948954f5d3f44b2e-.png\" alt=\"Un meccanico di automobili\" itemprop=\"image\" height=\"500\" width=\"500\" title=\"Occupazione\" onerror=\"this.style.display='none'\" loading='lazy' \/>\n\t\t\t\t<\/a>\n\t\t<h3><a href=\"\/it\/risorse\/ricerca-occupazione\/\" target=\"_self\">Occupazione<\/a><\/h3>\t\n\t\t\t\t<a href=\"\/it\/risorse\/assistenza-sanitaria\/\"  target=\"_self\" itemprop=\"url\">\n\t\t\t\t<img decoding=\"async\" src=\"https:\/\/211md.org\/wp-content\/uploads\/bb-plugin\/cache\/Mask-Group-35@2x-circle-94be10c13e4adae1683b4589dc2f5b2f-.png\" alt=\"Medico che esamina la gamba dei ragazzi\" itemprop=\"image\" height=\"500\" width=\"500\" title=\"Gruppo maschera 35@2x\" onerror=\"this.style.display='none'\" loading='lazy' \/>\n\t\t\t\t<\/a>\n\t\t<h3><a href=\"\/it\/risorse\/assistenza-sanitaria\/\" target=\"_self\">Assistenza sanitaria<\/a><\/h3>\t\n\t\t\t\t<a href=\"\/it\/risorse\/cibo\/\"  target=\"_self\" itemprop=\"url\">\n\t\t\t\t<img decoding=\"async\" src=\"https:\/\/211md.org\/wp-content\/uploads\/bb-plugin\/cache\/Mask-Group-32@2x-circle-1c6d647dcaf998fa079d26735cedc92b-.png\" alt=\"Verdure fresche\" itemprop=\"image\" height=\"500\" width=\"500\" title=\"Gruppo maschera 32@2x\" onerror=\"this.style.display='none'\" loading='lazy' \/>\n\t\t\t\t<\/a>\n\t\t<h3><a href=\"\/it\/risorse\/cibo\/\" target=\"_self\">Cibo<\/a><\/h3>\t\n\t\t\t\t<a href=\"\/it\/risorse\/alloggio-rifugio\/\"  target=\"_self\" itemprop=\"url\">\n\t\t\t\t<img decoding=\"async\" src=\"https:\/\/211md.org\/wp-content\/uploads\/bb-plugin\/cache\/Mask-Group-34@2x-circle-b99c55fc16ef21f35e2f2a1f7cc37b9a-.png\" alt=\"Balcone complesso di appartamenti\" itemprop=\"image\" height=\"500\" width=\"500\" title=\"Condominio\" onerror=\"this.style.display='none'\" loading='lazy' \/>\n\t\t\t\t<\/a>\n\t\t<h3><a href=\"\/it\/risorse\/alloggio-rifugio\/\" target=\"_self\">Alloggio e rifugio<\/a><\/h3>\t\n\t\t\t\t<a href=\"\/it\/risorse\/nuovo-per-gli-stati-uniti-e-maryland\/\"  target=\"_self\" itemprop=\"url\">\n\t\t\t\t<img decoding=\"async\" src=\"https:\/\/211md.org\/wp-content\/uploads\/bb-plugin\/cache\/American-flag-circle-0016cc327e27ef7aeb080f1da6c6e98b-.jpg\" alt=\"nuovo per gli Stati Uniti\" itemprop=\"image\" height=\"364\" width=\"1366\" title=\"Bandiera americana\" onerror=\"this.style.display='none'\" loading='lazy' \/>\n\t\t\t\t<\/a>\n\t\t<h3><a href=\"\/it\/risorse\/nuovo-per-gli-stati-uniti-e-maryland\/\" target=\"_self\">Immigrazione<\/a><\/h3>\t\n\t\t\t\t<a href=\"\/it\/risorse\/bambini-famiglie\/parentela-cura\/\"  target=\"_self\" itemprop=\"url\">\n\t\t\t\t<img decoding=\"async\" src=\"https:\/\/211md.org\/wp-content\/uploads\/bb-plugin\/cache\/kinship-family-navigating-a-computer-circle-045fee9d587aefb20221bfea41a2cf9b-.png\" alt=\"famiglia di parentela che naviga su un computer\" itemprop=\"image\" title=\"famiglia di parentela che naviga su un computer\" onerror=\"this.style.display='none'\" loading='lazy' \/>\n\t\t\t\t<\/a>\n\t\t<h3><a href=\"\/it\/risorse\/bambini-famiglie\/parentela-cura\/\" target=\"_self\">Parentela<\/a><\/h3>\t\n\t\t\t\t<a href=\"\/it\/risorse\/servizi-legali\/\"  target=\"_self\" itemprop=\"url\">\n\t\t\t\t<img decoding=\"async\" src=\"https:\/\/211md.org\/wp-content\/uploads\/bb-plugin\/cache\/Housing-Legal-circle-9a8f3c1c72c54b6e1ce612d2993c1ad4-.png\" alt=\"Martelletto legale con accanto un modello in plastica di una casa\" itemprop=\"image\" height=\"348\" width=\"460\" title=\"Alloggio legale\" onerror=\"this.style.display='none'\" loading='lazy' \/>\n\t\t\t\t<\/a>\n\t\t<h3><a href=\"\/it\/risorse\/servizi-legali\/\" target=\"_self\">Servizi legali<\/a><\/h3>\t\n\t\t\t\t<a href=\"\/it\/risorse\/salute-mentale\/\"  target=\"_self\" itemprop=\"url\">\n\t\t\t\t<img decoding=\"async\" src=\"https:\/\/211md.org\/wp-content\/uploads\/bb-plugin\/cache\/Mask-Group-40@2x-circle-7bd9426367852fb3d841bc4bdc57a550-.png\" alt=\"I profili di un uomo e di una donna\" itemprop=\"image\" height=\"500\" width=\"500\" title=\"Gruppo maschera 40@2x\" onerror=\"this.style.display='none'\" loading='lazy' \/>\n\t\t\t\t<\/a>\n\t\t<h3><a href=\"\/it\/risorse\/salute-mentale\/\" target=\"_self\">Salute mentale<\/a><\/h3>\t\n\t\t\t\t<a href=\"\/it\/risorse\/mdreentry\/\"  target=\"_self\" itemprop=\"url\">\n\t\t\t\t<img decoding=\"async\" src=\"https:\/\/211md.org\/wp-content\/uploads\/bb-plugin\/cache\/Diverse-group-of-community-members-circle-4457c114cd48613bc79a0fb50060319c-.jpg\" alt=\"Gruppo eterogeneo di membri della comunit\u00e0\" itemprop=\"image\" height=\"800\" width=\"1200\" title=\"Gruppo eterogeneo di membri della comunit\u00e0\" onerror=\"this.style.display='none'\" loading='lazy' \/>\n\t\t\t\t<\/a>\n\t\t<h3><a href=\"\/it\/risorse\/mdreentry\/\" target=\"_self\">Rientro<\/a><\/h3>\t\n\t\t\t\t<a href=\"\/it\/stophate\/\"  target=\"_self\" itemprop=\"url\">\n\t\t\t\t<img decoding=\"async\" src=\"https:\/\/211md.org\/wp-content\/uploads\/bb-plugin\/cache\/Background-section-MDStophate-circle-08e2bae1cf9f2ad6cc83e01e23da8cb9-.jpg\" alt=\"Sfondo-sezione-MDStophate\" itemprop=\"image\" height=\"768\" width=\"1366\" title=\"Sfondo-sezione-MDStophate\" onerror=\"this.style.display='none'\" loading='lazy' \/>\n\t\t\t\t<\/a>\n\t\t<h3><a href=\"\/it\/stophate\/\" target=\"_self\">Fermare l&#039;odio<\/a><\/h3>\t\n\t\t\t\t<a href=\"\/it\/risorse\/uso-di-sostanze\/\"  target=\"_self\" itemprop=\"url\">\n\t\t\t\t<img decoding=\"async\" src=\"https:\/\/211md.org\/wp-content\/uploads\/bb-plugin\/cache\/Substance-Use-circle-ad2d564932dc31267e0c32a6fb2d915c-.png\" alt=\"Pillole fracassanti a mano\" itemprop=\"image\" height=\"500\" width=\"500\" title=\"Uso di sostanze\" onerror=\"this.style.display='none'\" loading='lazy' \/>\n\t\t\t\t<\/a>\n\t\t<h3><a href=\"\/it\/risorse\/uso-di-sostanze\/\" target=\"_self\">Uso di sostanze<\/a><\/h3>\t\n\t\t\t\t<a href=\"\/it\/risorse\/servizi-fiscali\/\"  target=\"_self\" itemprop=\"url\">\n\t\t\t\t<img decoding=\"async\" src=\"https:\/\/211md.org\/wp-content\/uploads\/bb-plugin\/cache\/Mask-Group-34-circle-166a606e37e61188c9a17d5e634cda3c-.png\" alt=\"Persona che compila i documenti dell&#039;imposta sul reddito\" itemprop=\"image\" height=\"500\" width=\"500\" title=\"Gruppo maschera 34\" onerror=\"this.style.display='none'\" loading='lazy' \/>\n\t\t\t\t<\/a>\n\t\t<h3><a href=\"\/it\/risorse\/servizi-fiscali\/\" target=\"_self\">Servizi fiscali<\/a><\/h3>\t\n\t\t\t\t<a href=\"\/it\/risorse\/utilita-assistenza\/\"  target=\"_self\" itemprop=\"url\">\n\t\t\t\t<img decoding=\"async\" src=\"https:\/\/211md.org\/wp-content\/uploads\/bb-plugin\/cache\/Mask-Group-37@2x-circle-9661a11b9c4082079c9a1f06bc539567-.png\" alt=\"Una lampadina accesa\" itemprop=\"image\" height=\"500\" width=\"500\" title=\"Gruppo maschera 37@2x\" onerror=\"this.style.display='none'\" loading='lazy' \/>\n\t\t\t\t<\/a>\n\t\t<h3><a href=\"\/it\/risorse\/utilita-assistenza\/\" target=\"_self\">Assistenza utenze<\/a><\/h3>\t\n\t\t\t\t<a href=\"\/it\/risorse\/veterani\/\"  target=\"_self\" itemprop=\"url\">\n\t\t\t\t<img decoding=\"async\" src=\"https:\/\/211md.org\/wp-content\/uploads\/bb-plugin\/cache\/Veterans-circle-7c6972a59826c74f1f658f61df785fc3-.png\" alt=\"Un soldato che stringe la mano a qualcuno e sorride\" itemprop=\"image\" title=\"Veterani\" onerror=\"this.style.display='none'\" loading='lazy' \/>\n\t\t\t\t<\/a>\n\t\t<h3><a href=\"\/it\/risorse\/veterani\/\" target=\"_self\">Veterani<\/a><\/h3>","protected":false},"excerpt":{"rendered":"<p>Segnalare un sospetto abuso Per segnalare un sospetto abuso: chiamare il numero 1-800-917-7383, 24 ore al giorno, da qualsiasi parte dello stato di MD o fare clic qui per trovare il numero del Dipartimento locale dei servizi sociali, ufficio dei servizi di protezione degli adulti. Adult Protective Services (APS) \u00e8 un programma rivolto agli adulti di et\u00e0 pari o superiore a 18 anni che si trovano in una situazione di...<\/p>","protected":false},"author":8,"featured_media":1597,"parent":840,"menu_order":0,"comment_status":"closed","ping_status":"closed","template":"","meta":{"footnotes":""},"class_list":["post-1000","page","type-page","status-publish","has-post-thumbnail","hentry"],"_links":{"self":[{"href":"https:\/\/211md.org\/it\/wp-json\/wp\/v2\/pages\/1000","targetHints":{"allow":["GET"]}}],"collection":[{"href":"https:\/\/211md.org\/it\/wp-json\/wp\/v2\/pages"}],"about":[{"href":"https:\/\/211md.org\/it\/wp-json\/wp\/v2\/types\/page"}],"author":[{"embeddable":true,"href":"https:\/\/211md.org\/it\/wp-json\/wp\/v2\/users\/8"}],"replies":[{"embeddable":true,"href":"https:\/\/211md.org\/it\/wp-json\/wp\/v2\/comments?post=1000"}],"version-history":[{"count":2,"href":"https:\/\/211md.org\/it\/wp-json\/wp\/v2\/pages\/1000\/revisions"}],"predecessor-version":[{"id":4684,"href":"https:\/\/211md.org\/it\/wp-json\/wp\/v2\/pages\/1000\/revisions\/4684"}],"up":[{"embeddable":true,"href":"https:\/\/211md.org\/it\/wp-json\/wp\/v2\/pages\/840"}],"wp:featuredmedia":[{"embeddable":true,"href":"https:\/\/211md.org\/it\/wp-json\/wp\/v2\/media\/1597"}],"wp:attachment":[{"href":"https:\/\/211md.org\/it\/wp-json\/wp\/v2\/media?parent=1000"}],"curies":[{"name":"scrivere","href":"https:\/\/api.w.org\/{rel}","templated":true}]}}