{"id":1014,"date":"2021-04-16T18:37:05","date_gmt":"2021-04-16T18:37:05","guid":{"rendered":"https:\/\/211md.org\/?page_id=1014"},"modified":"2026-04-22T17:31:00","modified_gmt":"2026-04-22T21:31:00","slug":"medicare","status":"publish","type":"page","link":"https:\/\/211md.org\/it\/resources\/health-care\/medicare\/","title":{"rendered":"Vantaggi dell&#039;assistenza sanitaria"},"content":{"rendered":"<figure data-animation-delay=\"0\" data-animation-duration=\"1\" itemscope itemtype=\"https:\/\/schema.org\/ImageObject\">\n\t\t\t\t<img decoding=\"async\" src=\"https:\/\/stg-maryland211-staging.kinsta.cloud\/wp-content\/uploads\/2025\/08\/5-1-scaled.png\" alt=\"5\" height=\"692\" width=\"2560\" title=\"5\" onerror=\"this.style.display='none'\" loading=\"lazy\" \/>\n\t<\/figure>\n\t\t<p>Medicare \u00e8 un programma governativo di assicurazione sanitaria che fornisce assistenza alle persone di et\u00e0 pari o superiore a 65 anni, alle persone di et\u00e0 inferiore a 65 anni con determinate disabilit\u00e0 e alle persone di qualsiasi et\u00e0 con malattia renale allo stadio terminale o insufficienza renale permanente che necessitano di dialisi o trapianto di rene.<\/p>\n<p>Scopri i tipi di copertura Medicare e come ottenere assistenza per orientarti al suo interno tramite un programma chiamato SHIP.<\/p>\n\t\t\t<a href=\"#start\"  target=\"_self\">\n\t\t\t\t\t\tPer iniziare\n\t\t\t\t\t<\/a>\n<figure data-animation-delay=\"0\" data-animation-duration=\"1\" itemscope itemtype=\"https:\/\/schema.org\/ImageObject\">\n\t\t\t\t<img decoding=\"async\" src=\"https:\/\/211md.org\/wp-content\/plugins\/bb-plugin\/img\/pixel.png\" alt=\"\" onerror=\"this.style.display='none'\" loading=\"lazy\" \/>\n\t<\/figure>\n<figure data-animation-delay=\"0\" data-animation-duration=\"1.3\" itemscope itemtype=\"https:\/\/schema.org\/ImageObject\">\n\t\t\t\t<img decoding=\"async\" src=\"https:\/\/stg-maryland211-staging.kinsta.cloud\/wp-content\/uploads\/2025\/08\/16.png\" alt=\"16\" height=\"1000\" width=\"1000\" title=\"16\" onerror=\"this.style.display='none'\" loading=\"lazy\" \/>\n\t<\/figure>\n<figure data-animation-delay=\"0\" data-animation-duration=\"1\" itemscope itemtype=\"https:\/\/schema.org\/ImageObject\">\n\t\t\t\t<img decoding=\"async\" src=\"http:\/\/211md.org\/wp-content\/uploads\/2023\/11\/Person-on-Medicare-at-the-doctor.jpg\" alt=\"Senior at doctor\" title=\"Persona con Medicare dal medico\" onerror=\"this.style.display='none'\" loading=\"lazy\" \/>\n\t<\/figure>\n\t<h2>Tipi di copertura Medicare<\/h2>\n<p>Esistono tre tipi di copertura Medicare:<\/p>\n<ul>\n<li>Medicare Parte A: Assicurazione Ospedaliera<\/li>\n<li>Medicare Parte B: Assicurazione medica<\/li>\n<li>Medicare Parte C: Piani Advantage<\/li>\n<li>Medicare Parte D: Piani per farmaci da prescrizione<\/li>\n<\/ul>\n<h3><strong>Parte A: Assicurazione ospedaliera<\/strong><\/h3>\n<p>Medicare Parte A copre spese come:<\/p>\n<ul>\n<li>cure ospedaliere per pazienti ricoverati<\/li>\n<li>strutture di assistenza infermieristica specializzata<\/li>\n<li>riabilitazione ospedaliera<\/li>\n<li>cure palliative<\/li>\n<li>alcuni servizi di assistenza sanitaria domiciliare<\/li>\n<\/ul>\n<p>Controlla la tessera Medicare per verificare se \u00e8 inclusa la copertura della Parte A.<\/p>\n<p>Se hai la Parte A, sulla tessera vedrai stampato \u201cOSPEDALE (PARTE A)\u201d.<\/p>\n<p>La maggior parte delle persone non deve pagare per la Parte A.<\/p>\n<p>Si basa sull&#039;impiego coperto da Medicare, come stabilito dalla Social Security Administration.<\/p>\n\t<h3>Parte B: Assicurazione medica<\/h3>\n<p>Medicare Parte B \u00e8 un&#039;assicurazione medica che aiuta a coprire i servizi medicamente necessari come:<\/p>\n<ul>\n<li>visite mediche<\/li>\n<li>cure ambulatoriali<\/li>\n<li>apparecchiature mediche durevoli (DME)<\/li>\n<li>alcuni servizi di assistenza domiciliare<\/li>\n<li>altre cure mediche non coperte dalla Parte A<\/li>\n<li>alcuni servizi preventivi<\/li>\n<\/ul>\n<p>La maggior parte delle persone paga mensilmente la Parte B. \u00c8 prevista anche una franchigia annuale.<\/p>\n<p>Il <a href=\"https:\/\/www.cms.gov\/newsroom\/fact-sheets\/2024-medicare-parts-b-premiums-and-deductibles\" target=\"_blank\" rel=\"noopener\">Centri per Medicare e Medicaid <\/a>I servizi gestiscono il programma e specificano i premi previsti per la Parte B.<\/p>\n<h3>Parte C: Copertura aggiuntiva da parte di societ\u00e0 private<\/h3>\n<p>Le aziende private approvate da Medicare offrono Medicare Parte C e forniscono una copertura aggiuntiva.<\/p>\n<p>Ci\u00f2 pu\u00f2 includere:<\/p>\n<ul>\n<li>visione<\/li>\n<li>udito<\/li>\n<li>dentale<\/li>\n<li>programmi di salute e benessere<\/li>\n<\/ul>\n<p>La maggior parte include anche la copertura dei farmaci da prescrizione Medicare (Parte D).<\/p>\n<h3>Parte D: Prescrizioni<\/h3>\n<p>Medicare Parte D fornisce la copertura per i farmaci soggetti a prescrizione medica a tutti gli individui iscritti a Medicare.<\/p>\n<p>Per ottenere la copertura per i farmaci da prescrizione Medicare, \u00e8 necessario aderire a un piano gestito da una compagnia assicurativa o da un&#039;altra societ\u00e0 privata approvata da Medicare.<\/p>\n<p>Ogni piano pu\u00f2 variare in termini di costi e farmaci coperti.<\/p>\n\t<h2>Maryland SHIP: ottieni aiuto per trovare il piano giusto<\/h2>\n<p>I volontari qualificati del Maryland State Health Insurance Assistance Program (SHIP) offrono consulenza gratuita per aiutare le persone a decidere quale piano Medicare scegliere.<\/p>\n<p>I consulenti SHIP possono aiutare le persone a:<\/p>\n<ul>\n<li>comprendere i costi e la copertura<\/li>\n<li>confronta le opzioni<\/li>\n<li>iscriversi o cambiare piano<\/li>\n<li>correggere errori o problemi di fatturazione<\/li>\n<\/ul>\n<p>I consulenti SHIP locali possono aiutarti con tutti gli aspetti di Medicare, AD.<\/p>\n<p>Inoltre, possono fornire assistenza finanziaria ai beneficiari a basso reddito e contrastare le frodi e gli abusi del Medicare.<\/p>\n<h3>Contatta la nave del Maryland<\/h3>\n<p>Trova un consulente SHIP locale:<\/p>\n<ul>\n<li>Contea di Allegany \u2013 301-783-1710<\/li>\n<li>\u200bContea di Anne Arundel \u2013 410-222-4257\u200b<\/li>\n<li>Citt\u00e0 di Baltimora \u2013 410-396-2273<\/li>\n<li>\u200bContea di Baltimora \u2013 410-887-2059\u200b<\/li>\n<li>\u200bContea di Calvert \u2013 410-535-4606<\/li>\n<li>Contea di Carroll \u2013 410-386-3800<\/li>\n<li>Contea di Carolina \u2013 410-479-2535<\/li>\n<li>\u200bContea di Cecil \u2013 410-996-8174\u200b<\/li>\n<li>Contea di Charles \u2013 301-934-9305<\/li>\n<li>Contea di Dorchester \u2013 410-376-3662<\/li>\n<li>Contea di Frederick \u2013 301-600-1234<\/li>\n<li>Contea di Garrett \u2013 301-334-9431<\/li>\n<li>Contea di Harford \u2013 410-638-3025<\/li>\n<li>Contea di Howard \u2013 410-313-7392<\/li>\n<li>\u200bContea di Kent \u2013 \u200b\u200b410-778-2564\u200b<\/li>\n<li>\u200bContea di Montgomery \u2013 301-255-4250<\/li>\n<li>Contea di Prince George \u2013 301-265-8471<\/li>\n<li>Contea di St. Mary \u2013 301-475-4200 int. 1064<\/li>\n<li>Contea di Somerset \u2013 410-742-0505<\/li>\n<li>Contea di Talbot \u2013 301-475-4200 int. 231<\/li>\n<li>Contea di Queen Anne \u2013 410-758-0848 Opzione 3<\/li>\n<li>\u200bContea di Washington \u2013 301-790-0275<\/li>\n<li>\u200bContea di Wicomico \u2013 410-742-0505<\/li>\n<li>\u200bContea di Worcester \u2013 410-742-0505<\/li>\n<\/ul>\n\t\t\t<a href=\"https:\/\/aging.maryland.gov\/Pages\/state-health-insurance-program.aspx\" target=\"_blank\" rel=\"noopener\">\n\t\t\t\t\t\t\tContatta SHIP\n\t\t\t\t\t<\/a>\n<figure itemscope itemtype=\"https:\/\/schema.org\/ImageObject\">\n\t\t\t\t<img decoding=\"async\" src=\"https:\/\/211md.org\/wp-content\/plugins\/bb-plugin\/img\/pixel.png\" alt=\"\" onerror=\"this.style.display='none'\" loading=\"lazy\" \/>\n\t<\/figure>\n\t\t<figure itemscope itemtype=\"https:\/\/schema.org\/ImageObject\">\n\t\t\t\t<img decoding=\"async\" src=\"https:\/\/211md.org\/wp-content\/uploads\/bb-plugin\/cache\/Call-center-specialst-circle-4e9ecd7b3425be4576416abc911049bb-.jpg\" alt=\"Specialista del call center\" title=\"Specialista del call center\" onerror=\"this.style.display='none'\" loading=\"lazy\" \/>\n\t<\/figure>\n<h2>Chiama il 211<\/h2><p>Parla con una persona premurosa e compassionevole 24 ore su 24, 7 giorni su 7. Pu\u00f2 anche metterti in contatto con delle risorse.\u00a0<\/p>\n\t\t\t<a href=\"tel:%20+211\"  target=\"_blank\" rel=\"noopener\">\n\t\t\t\t\t\tChiama il 211 (cellulare)\n\t\t\t\t\t<\/a>\n<figure data-animation-delay=\"0\" data-animation-duration=\"1\" itemscope itemtype=\"https:\/\/schema.org\/ImageObject\">\n\t\t\t\t<img decoding=\"async\" src=\"http:\/\/211md.org\/wp-content\/uploads\/2025\/09\/Senior-couple-looking-at-Medicare-options-on-tablet.jpg\" alt=\"Coppia di anziani che esamina le opzioni Medicare sul tablet\" title=\"Coppia di anziani che esamina le opzioni Medicare sul tablet\" onerror=\"this.style.display='none'\" loading=\"lazy\" \/>\n\t<\/figure>\n\t<h2>Iscrizione aperta a Medicare<\/h2>\n<p>Ogni anno, i beneficiari dovrebbero rivedere la loro copertura Medicare e\u00a0<a href=\"https:\/\/www.medicare.gov\/plan-compare\/#\/?year=2023&amp;lang=en\" target=\"_blank\" rel=\"noopener\">confrontare i piani<\/a>\u00a0durante l&#039;iscrizione aperta specificata in autunno.<\/p>\n<p>Puoi iscriverti a un nuovo piano Medicare Advantage o a un piano per farmaci soggetti a prescrizione Parte D, passare da Original Medicare a un piano Medicare Advantage o passare da un piano Medicare Advantage a Original Medicare (con o senza un piano Parte D).<\/p>\n<p>Puoi anche ottenere un piano Medigap (Medicare Supplement) nel Maryland.<\/p>\n<h3>Come rivedere un piano Medicare<\/h3>\n<p>Poniti queste domande sul tuo piano Medicare Advantage:<\/p>\n<ul>\n<li>Quanto sono i premi ogni mese, se del caso?<\/li>\n<li>A quanto ammontano la franchigia e la coassicurazione\/copay per i servizi di cui ho bisogno?<\/li>\n<li>Qual \u00e8 il costo vivo annuo?<\/li>\n<li>Qual \u00e8 l&#039;area di servizio del piano?<\/li>\n<li>I miei medici e ospedali sono in rete?<\/li>\n<li>Quali regole devo seguire per accedere ai servizi sanitari e ai farmaci prescritti?<\/li>\n<li>Il piano copre prestazioni sanitarie aggiuntive che non sono coperte da Original Medicare?<\/li>\n<li>Qual \u00e8 la valutazione in stelle del piano?<\/li>\n<li>Questo piano influenzer\u00e0 la copertura aggiuntiva che ho?<\/li>\n<\/ul>\n<p>Confronta il tuo piano con altri, stima i costi vivi e osserva lo star system per comprendere la valutazione del piano in termini di qualit\u00e0 e prestazioni.<\/p>\n\t<h3>Periodi di iscrizione speciali<\/h3>\n<p>Oltre all&#039;iscrizione aperta, ci sono periodi di iscrizione speciali a seconda delle circostanze personali. Ti qualificherai per iscriverti a Medicare se:<\/p>\n<ul>\n<li>Ti muovi.<\/li>\n<li>Hai diritto a Medicaid.<\/li>\n<li>Ti qualifichi per Extra Help con i costi dei farmaci Medicare.<\/li>\n<li>Stai ricevendo assistenza presso un istituto come una struttura infermieristica specializzata o un ospedale per cure a lungo termine.<\/li>\n<li>Vuoi passare a un piano con una valutazione di qualit\u00e0 complessiva di 5 stelle.<\/li>\n<\/ul>\n\t\t\t<a href=\"https:\/\/www.medicare.gov\/basics\/get-started-with-medicare\" target=\"_blank\" rel=\"noopener\">\n\t\t\t\t\t\t\tGet started with medicare\n\t\t\t<\/a>\n<h2>\n\t\t\tInformazioni correlate\t<\/h2>\n\t\t<h4><a href=\"\/it\/risorse\/invecchiamento-disabilita\/?utm_source=Home&#038;utm_medium=Referral&#038;utm_campaign=211Resources&#038;utm_content=Aging\" target=\"_self\">Invecchiamento e disabilit\u00e0<\/a><\/h4><figure itemscope itemtype=\"https:\/\/schema.org\/ImageObject\">\n\t\t\t\t<a href=\"\/it\/risorse\/invecchiamento-disabilita\/?utm_source=Home&#038;utm_medium=Referral&#038;utm_campaign=211Resources&#038;utm_content=Aging\"  target=\"_self\" itemprop=\"url\">\n\t\t\t\t<img decoding=\"async\" src=\"https:\/\/211md.org\/wp-content\/uploads\/bb-plugin\/cache\/2025_MdInfoNet_Icon-Sets_Aging-disability-square-c466727102cae71e5f27b8539bb51945-.png\" alt=\"\" onerror=\"this.style.display='none'\" loading=\"lazy\" \/>\n\t\t\t\t<\/a>\n\t<\/figure>\n\t\t<h4><a href=\"\/it\/risorse\/bambini-famiglie\/?utm_source=Home&#038;utm_medium=Referral&#038;utm_campaign=211Resources&#038;utm_content=Children\" target=\"_self\">Bambini e famiglie<\/a><\/h4><figure itemscope itemtype=\"https:\/\/schema.org\/ImageObject\">\n\t\t\t\t<a href=\"\/it\/risorse\/bambini-famiglie\/?utm_source=Home&#038;utm_medium=Referral&#038;utm_campaign=211Resources&#038;utm_content=Children\"  target=\"_self\" itemprop=\"url\">\n\t\t\t\t<img decoding=\"async\" src=\"https:\/\/211md.org\/wp-content\/uploads\/bb-plugin\/cache\/2025_211_Icon-Sets_Child-care-square-f3b0d4edab3dcc467fadb5f55f4064c6-.png\" alt=\"parent and child icon for child care\" height=\"417\" width=\"417\" title=\"2025_211_Set di icone_Assistenza all&#039;infanzia\" onerror=\"this.style.display='none'\" loading=\"lazy\" \/>\n\t\t\t\t<\/a>\n\t<\/figure>\n\t\t<h4><a href=\"\/it\/risorse\/violenza-domestica-familiare\/?utm_source=Home&#038;utm_medium=Referral&#038;utm_campaign=211Resources&#038;utm_content=Domestic\" target=\"_self\">Violenza domestica<\/a><\/h4><figure itemscope itemtype=\"https:\/\/schema.org\/ImageObject\">\n\t\t\t\t<a href=\"\/it\/risorse\/violenza-domestica-familiare\/?utm_source=Home&#038;utm_medium=Referral&#038;utm_campaign=211Resources&#038;utm_content=Domestic\"  target=\"_self\" itemprop=\"url\">\n\t\t\t\t<img decoding=\"async\" src=\"https:\/\/211md.org\/wp-content\/uploads\/bb-plugin\/cache\/2025_211_Icon-Sets_Domestic-Violence-square-7b597694a6f05fe90cdc376aa573bc63-.png\" alt=\"House with a heart in the middle icon\" height=\"417\" width=\"417\" title=\"2025_211_Set di icone_Violenza domestica\" onerror=\"this.style.display='none'\" loading=\"lazy\" \/>\n\t\t\t\t<\/a>\n\t<\/figure>\n\t\t<h4><a href=\"\/it\/risorse\/ricerca-occupazione\/?utm_source=Home&#038;utm_medium=Referral&#038;utm_campaign=211Resources&#038;utm_content=Employment\" target=\"_self\">Occupazione<\/a><\/h4><figure itemscope itemtype=\"https:\/\/schema.org\/ImageObject\">\n\t\t\t\t<a href=\"\/it\/risorse\/ricerca-occupazione\/?utm_source=Home&#038;utm_medium=Referral&#038;utm_campaign=211Resources&#038;utm_content=Employment\"  target=\"_self\" itemprop=\"url\">\n\t\t\t\t<img decoding=\"async\" src=\"https:\/\/211md.org\/wp-content\/uploads\/bb-plugin\/cache\/2025_MdInfoNet_Icon-Sets_Employment-square-44707bd410e4df10a470bf130ebcea86-.png\" alt=\"\" onerror=\"this.style.display='none'\" loading=\"lazy\" \/>\n\t\t\t\t<\/a>\n\t<\/figure>\n\t\t<h4><a href=\"\/it\/risorse\/assistenza-sanitaria\/?utm_source=Home&#038;utm_medium=Referral&#038;utm_campaign=211Resources&#038;utm_content=Health%20Care\" target=\"_self\">Assistenza sanitaria<\/a><\/h4><figure itemscope itemtype=\"https:\/\/schema.org\/ImageObject\">\n\t\t\t\t<a href=\"\/it\/risorse\/assistenza-sanitaria\/?utm_source=Home&#038;utm_medium=Referral&#038;utm_campaign=211Resources&#038;utm_content=Health%20Care\"  target=\"_self\" itemprop=\"url\">\n\t\t\t\t<img decoding=\"async\" src=\"https:\/\/211md.org\/wp-content\/uploads\/bb-plugin\/cache\/2025_MdInfoNet_Icon-Sets_Health-Care-square-dee98a0060cbe0e7f27eda253fc12679-.png\" alt=\"\" onerror=\"this.style.display='none'\" loading=\"lazy\" \/>\n\t\t\t\t<\/a>\n\t<\/figure>\n\t\t<h4><a href=\"\/it\/risorse\/nuovo-per-gli-stati-uniti-e-maryland\/?utm_source=Home&#038;utm_medium=Referral&#038;utm_campaign=211Resources&#038;utm_content=Immigration\" target=\"_self\">Immigrazione<\/a><\/h4><figure itemscope itemtype=\"https:\/\/schema.org\/ImageObject\">\n\t\t\t\t<a href=\"\/it\/risorse\/nuovo-per-gli-stati-uniti-e-maryland\/?utm_source=Home&#038;utm_medium=Referral&#038;utm_campaign=211Resources&#038;utm_content=Immigration\"  target=\"_self\" itemprop=\"url\">\n\t\t\t\t<img decoding=\"async\" src=\"https:\/\/211md.org\/wp-content\/uploads\/bb-plugin\/cache\/2025_MdInfoNet_Icon-Sets_Immigration-square-8b97b7fdfe5e6071405e216855065118-.png\" alt=\"icona dell&#039;immigrazione\" title=\"2025_MdInfoNet_Icon-Sets_Immigration\" onerror=\"this.style.display='none'\" loading=\"lazy\" \/>\n\t\t\t\t<\/a>\n\t<\/figure>\n\t\t<h4><a href=\"\/it\/risorse\/bambini-famiglie\/parentela-cura\/?utm_source=Home&#038;utm_medium=Referral&#038;utm_campaign=211Resources&#038;utm_content=Kinship\" target=\"_self\">Parentela<\/a><\/h4><figure itemscope itemtype=\"https:\/\/schema.org\/ImageObject\">\n\t\t\t\t<a href=\"\/it\/risorse\/bambini-famiglie\/parentela-cura\/?utm_source=Home&#038;utm_medium=Referral&#038;utm_campaign=211Resources&#038;utm_content=Kinship\"  target=\"_self\" itemprop=\"url\">\n\t\t\t\t<img decoding=\"async\" src=\"https:\/\/211md.org\/wp-content\/uploads\/bb-plugin\/cache\/2025_211_Icon-Sets_Kinship-square-45bdf872866f5735f842c32071109267-.png\" alt=\"Icona di parentela\" height=\"417\" width=\"417\" title=\"2025_211_Set di icone_Parentela\" onerror=\"this.style.display='none'\" loading=\"lazy\" \/>\n\t\t\t\t<\/a>\n\t<\/figure>\n\t\t<h4><a href=\"\/it\/risorse\/servizi-legali\/?utm_source=Home&#038;utm_medium=Referral&#038;utm_campaign=211Resources&#038;utm_content=Legal\" target=\"_self\">Servizi legali<\/a><\/h4><figure itemscope itemtype=\"https:\/\/schema.org\/ImageObject\">\n\t\t\t\t<a href=\"\/it\/risorse\/servizi-legali\/?utm_source=Home&#038;utm_medium=Referral&#038;utm_campaign=211Resources&#038;utm_content=Legal\"  target=\"_self\" itemprop=\"url\">\n\t\t\t\t<img decoding=\"async\" src=\"https:\/\/211md.org\/wp-content\/uploads\/bb-plugin\/cache\/2025_MdInfoNet_Icon-Sets_Legal-square-18fdf438feb8435588174d9046463257-.png\" alt=\"\" onerror=\"this.style.display='none'\" loading=\"lazy\" \/>\n\t\t\t\t<\/a>\n\t<\/figure>\n\t\t<h4><a href=\"\/it\/risorse\/salute-mentale\/?utm_source=Home&#038;utm_medium=Referral&#038;utm_campaign=211Resources&#038;utm_content=Mental\" target=\"_self\">Salute mentale<\/a><\/h4><figure itemscope itemtype=\"https:\/\/schema.org\/ImageObject\">\n\t\t\t\t<a href=\"\/it\/risorse\/salute-mentale\/?utm_source=Home&#038;utm_medium=Referral&#038;utm_campaign=211Resources&#038;utm_content=Mental\"  target=\"_self\" itemprop=\"url\">\n\t\t\t\t<img decoding=\"async\" src=\"https:\/\/211md.org\/wp-content\/uploads\/bb-plugin\/cache\/2025_MdInfoNet_Icon-Sets_Mental-Health-square-c59b38c4a993a947d4c9280fbe2d2fee-.png\" alt=\"\" onerror=\"this.style.display='none'\" loading=\"lazy\" \/>\n\t\t\t\t<\/a>\n\t<\/figure>\n\t\t<h4><a href=\"\/it\/risorse\/mdreentry\/?utm_source=Home&#038;utm_medium=Referral&#038;utm_campaign=211Resources&#038;utm_content=Reentry\" target=\"_self\">Rientro<\/a><\/h4><figure itemscope itemtype=\"https:\/\/schema.org\/ImageObject\">\n\t\t\t\t<a href=\"\/it\/risorse\/mdreentry\/?utm_source=Home&#038;utm_medium=Referral&#038;utm_campaign=211Resources&#038;utm_content=Reentry\"  target=\"_self\" itemprop=\"url\">\n\t\t\t\t<img decoding=\"async\" src=\"https:\/\/211md.org\/wp-content\/uploads\/bb-plugin\/cache\/2025_211_Icon-Sets_Reentry-square-8676fea38abd920a832f45642fe31cca-.png\" alt=\"Icona di rientro\" height=\"417\" width=\"417\" title=\"2025_211_Set di icone_Rientro\" onerror=\"this.style.display='none'\" loading=\"lazy\" \/>\n\t\t\t\t<\/a>\n\t<\/figure>\n\t\t<h4><a href=\"\/it\/risorse\/uso-di-sostanze\/?utm_source=Home&#038;utm_medium=Referral&#038;utm_campaign=211Resources&#038;utm_content=Substance\" target=\"_self\">Uso di sostanze<\/a><\/h4><figure itemscope itemtype=\"https:\/\/schema.org\/ImageObject\">\n\t\t\t\t<a href=\"\/it\/risorse\/uso-di-sostanze\/?utm_source=Home&#038;utm_medium=Referral&#038;utm_campaign=211Resources&#038;utm_content=Substance\"  target=\"_self\" itemprop=\"url\">\n\t\t\t\t<img decoding=\"async\" src=\"https:\/\/211md.org\/wp-content\/uploads\/bb-plugin\/cache\/2025_MdInfoNet_Icon-Sets_Substance-Abuse-square-4f414f085e657267739c181957754f48-.png\" alt=\"Pills for substance Use icon\" title=\"2025_MdInfoNet_Icon-Sets_Substance-Abuse\" onerror=\"this.style.display='none'\" loading=\"lazy\" \/>\n\t\t\t\t<\/a>\n\t<\/figure>\n\t\t<h4><a href=\"\/it\/risorse\/veterani\/?utm_source=Home&#038;utm_medium=Referral&#038;utm_campaign=211Resources&#038;utm_content=Veterans\" target=\"_self\">Veterani<\/a><\/h4><figure itemscope itemtype=\"https:\/\/schema.org\/ImageObject\">\n\t\t\t\t<a href=\"\/it\/risorse\/veterani\/?utm_source=Home&#038;utm_medium=Referral&#038;utm_campaign=211Resources&#038;utm_content=Veterans\"  target=\"_self\" itemprop=\"url\">\n\t\t\t\t<img decoding=\"async\" src=\"https:\/\/211md.org\/wp-content\/uploads\/bb-plugin\/cache\/2025_MdInfoNet_Icon-Sets_Rating-square-6e60d00cce4faa8e0a6d4ad7366aa733-.png\" alt=\"\" onerror=\"this.style.display='none'\" loading=\"lazy\" \/>\n\t\t\t\t<\/a>\n\t<\/figure>","protected":false},"excerpt":{"rendered":"<p>Medicare is a government health insurance program, that provides assistance to people ages 65 and older, people under 65 with certain disabilities, and any age person with End-Stage Renal Disease or permanet kidney failure requiring dialysis or kidney transplant. Learn about the types of Medicare Coverage and how to get help navigating it through a&hellip;<\/p>","protected":false},"author":8,"featured_media":33836,"parent":838,"menu_order":0,"comment_status":"closed","ping_status":"closed","template":"","meta":{"footnotes":""},"class_list":["post-1014","page","type-page","status-publish","has-post-thumbnail","hentry"],"_links":{"self":[{"href":"https:\/\/211md.org\/it\/wp-json\/wp\/v2\/pages\/1014","targetHints":{"allow":["GET"]}}],"collection":[{"href":"https:\/\/211md.org\/it\/wp-json\/wp\/v2\/pages"}],"about":[{"href":"https:\/\/211md.org\/it\/wp-json\/wp\/v2\/types\/page"}],"author":[{"embeddable":true,"href":"https:\/\/211md.org\/it\/wp-json\/wp\/v2\/users\/8"}],"replies":[{"embeddable":true,"href":"https:\/\/211md.org\/it\/wp-json\/wp\/v2\/comments?post=1014"}],"version-history":[{"count":11,"href":"https:\/\/211md.org\/it\/wp-json\/wp\/v2\/pages\/1014\/revisions"}],"predecessor-version":[{"id":34544,"href":"https:\/\/211md.org\/it\/wp-json\/wp\/v2\/pages\/1014\/revisions\/34544"}],"up":[{"embeddable":true,"href":"https:\/\/211md.org\/it\/wp-json\/wp\/v2\/pages\/838"}],"wp:featuredmedia":[{"embeddable":true,"href":"https:\/\/211md.org\/it\/wp-json\/wp\/v2\/media\/33836"}],"wp:attachment":[{"href":"https:\/\/211md.org\/it\/wp-json\/wp\/v2\/media?parent=1014"}],"curies":[{"name":"scrivere","href":"https:\/\/api.w.org\/{rel}","templated":true}]}}