{"id":1023,"date":"2021-04-16T18:54:38","date_gmt":"2021-04-16T18:54:38","guid":{"rendered":"https:\/\/211md.org\/?page_id=1023"},"modified":"2025-10-03T16:48:43","modified_gmt":"2025-10-03T20:48:43","slug":"avere-un-bambino","status":"publish","type":"page","link":"https:\/\/211md.org\/it\/resources\/children-families\/having-a-baby\/","title":{"rendered":"Avere un bambino"},"content":{"rendered":"<img decoding=\"async\" src=\"https:\/\/stg-maryland211-staging.kinsta.cloud\/wp-content\/uploads\/2025\/08\/5-1-scaled.png\" alt=\"5\" itemprop=\"image\" height=\"692\" width=\"2560\" title=\"5\" onerror=\"this.style.display='none'\" loading=\"lazy\" \/>\n\t\t<p>Accogliere un neonato \u00e8 un momento emozionante. \u00c8 anche un grande cambiamento e richiede molto impegno. Dall&#039;assistenza prenatale e nutrizionale al supporto emotivo e agli articoli essenziali per il neonato, 211 mette in contatto caregiver e genitori con il supporto della comunit\u00e0 per la gravidanza, il post-partum e i primi anni di vita del bambino.<\/p>\n<p>Inizia la tua ricerca prendendo il telefono o cercando risorse nel nostro database statale.<\/p>\n\t\t\t<a href=\"#start\" target=\"_self\">\n\t\t\t\t\t\tPer iniziare\n\t\t\t\t\t<\/a>\n\t\t\t\t<img decoding=\"async\" src=\"https:\/\/211md.org\/wp-content\/plugins\/bb-plugin\/img\/pixel.png\" alt=\"\" itemprop=\"image\" onerror=\"this.style.display='none'\" loading=\"lazy\" \/>\n\t\t\t\t<img decoding=\"async\" src=\"https:\/\/stg-maryland211-staging.kinsta.cloud\/wp-content\/uploads\/2025\/08\/16.png\" alt=\"16\" itemprop=\"image\" height=\"1000\" width=\"1000\" title=\"16\" onerror=\"this.style.display='none'\" loading=\"lazy\" \/>\n\t\t\t\t<img decoding=\"async\" src=\"http:\/\/211md.org\/wp-content\/uploads\/2025\/09\/Prenatal-Health-care-for-pregnant-mom.jpg\" alt=\"Assistenza sanitaria prenatale per la mamma incinta\" itemprop=\"image\" title=\"Assistenza sanitaria prenatale per la mamma incinta\" onerror=\"this.style.display='none'\" loading=\"lazy\" \/>\n\t<h2>Assistenza sanitaria per mamme incinte e bambini<\/h2>\n<p>Durante la gravidanza, l&#039;assistenza sanitaria (assistenza prenatale) \u00e8 importante per la salute della madre e del bambino in via di sviluppo. Esistono programmi di assicurazione sanitaria che offrono assistenza sanitaria gratuita e a basso costo durante la gravidanza.<\/p>\n<p>Se non hai i requisiti per partecipare ai programmi durante la gravidanza, verifica nuovamente dopo la nascita del bambino, perch\u00e9 potrebbe averne diritto anche se tu non ne hai.<\/p>\n\t\t\t<a href=\"https:\/\/search.211md.org\/search?query=YK-6500.6600&#038;query_label=Pregnant+Individuals&#038;query_type=taxonomy\" target=\"_blank\" rel=\"noopener\">\n\t\t\t\t\t\tAssistenza sanitaria per le mamme incinte\n\t\t\t\t\t<\/a>\n\t\t\t<a href=\"https:\/\/search.211md.org\/search?query=LJ-2000.6750&#038;query_label=Pregnancy+Testing&#038;query_type=taxonomy\" target=\"_self\">\n\t\t\t\t\t\tTest di gravidanza\n\t\t\t\t\t<\/a>\n\t<h3>aiuto medico<\/h3>\n<p>Medicaid offre copertura durante la gravidanza e per alcuni mesi dopo la nascita del bambino. Scopri di pi\u00f9 <a href=\"https:\/\/health.maryland.gov\/mmcp\/eligibility\/Pages\/generalrequirements.aspx\" target=\"_blank\" rel=\"noopener\">come qualificarsi per Medicaid<\/a>Esiste anche un&#039;opzione per coloro che non sono cittadini statunitensi, sono <a href=\"https:\/\/health.maryland.gov\/mmcp\/medicaid-mch-initiatives\/Pages\/healthybabies.aspx\" target=\"_blank\" rel=\"noopener\">incinta<\/a>e soddisfare gli altri requisiti.<\/p>\n<h3>Programma di assicurazione sanitaria per bambini del Maryland<\/h3>\n<p>Se non si soddisfano i requisiti di ammissibilit\u00e0 finanziaria di Medicaid ma non si \u00e8 idonei nemmeno per un&#039;assicurazione privata, un&#039;altra opzione \u00e8 il Maryland Children&#039;s Health Insurance Program (MCHP). Tale programma supporta <strong>donne incinte e bambini fino a 19 anni idonei<\/strong>.<\/p>\n<p>Possono fornire:<\/p>\n<ul>\n<li>visite mediche<\/li>\n<li>cure odontoiatriche<\/li>\n<li>lavoro di laboratorio<\/li>\n<li>immunizzazioni<\/li>\n<li>servizi di salute mentale<\/li>\n<li>cura della vista<\/li>\n<\/ul>\n<p>Richiedi questa copertura online tramite\u00a0<a href=\"https:\/\/www.marylandhealthconnection.gov\/\" target=\"_blank\" rel=\"noopener\">Collegamento sanitario del Maryland<\/a> o uno dei <a href=\"https:\/\/health.maryland.gov\/mmcp\/eligibility\/Pages\/apply.aspx\" target=\"_blank\" rel=\"noopener\">metodi alternativi<\/a>, come il dipartimento sanitario locale o i servizi sociali.\u00a0<\/p>\n<p>&nbsp;<\/p>\n\t<h2>Risorse della comunit\u00e0<\/h2>\n<p>Abbiamo centinaia di risorse nel nostro database comunitario 211 per mamme in gravidanza e nel post-partum, e per i loro bambini. Trova quelle di cui hai bisogno in base al tipo di supporto.<\/p>\n<h3>Correlati alla gravidanza<\/h3>\n<ul>\n<li><a href=\"https:\/\/search.211md.org\/search?query=YK-6500.6600&amp;query_label=Pregnant+Individuals&amp;query_type=taxonomy\" target=\"_blank\" rel=\"noopener\">Supporto generale alla gravidanza<\/a><\/li>\n<li><a href=\"https:\/\/search.211md.org\/search?query=LJ-2000.6750&amp;query_label=Pregnancy+Testing&amp;query_type=taxonomy\" target=\"_blank\" rel=\"noopener\">Test di gravidanza<\/a><\/li>\n<\/ul>\n<h3>Consulenza\/Supporto<\/h3>\n<p>Clicca sui link per un elenco di gruppi di consulenza e supporto presenti nel nostro database. Inserisci un codice postale per trovare quelli nelle vicinanze.<\/p>\n<ul>\n<li><a href=\"https:\/\/search.211md.org\/search?query=Family+Planning+%26+Pregnancy+Counseling&amp;query_label=Family+Planning+%26+Pregnancy+Counseling&amp;query_type=taxonomy\" target=\"_blank\" rel=\"noopener\">Consulenza sulla pianificazione familiare\/gravidanza<\/a><\/li>\n<li><a href=\"https:\/\/search.211md.org\/search?query=PN-8100.6500-680&amp;query_type=taxonomy&amp;query_label=&amp;query_language=en\">Gruppi di sostegno alla gravidanza\/parto<\/a><\/li>\n<li><a href=\"https:\/\/search.211md.org\/search?query=PH-6100&amp;query_type=taxonomy&amp;query_label=&amp;query_language=en\">Educazione alla genitorialit\u00e0<\/a><\/li>\n<\/ul>\n<h3>Rifugio sicuro<\/h3>\n<p>Se non sei disposto a prenderti cura del bambino, Safe Haven \u00e8 un modo riservato per abbandonare in sicurezza un neonato illeso. Non devi rispondere a nessuna domanda. Di&#039; semplicemente &quot;Questo \u00e8 un bambino Safe Haven&quot; e lascialo in un luogo designato nel Maryland.<\/p>\n\t\t\t<a href=\"https:\/\/211md.org\/it\/risorse\/bambini-famiglie\/rifugio-sicuro\/\" target=\"_blank\" rel=\"noopener\">\n\t\t\t\t\t\tTrova un luogo sicuro\n\t\t\t\t\t<\/a>\n\t<h3>Posizionamento di un bambino<\/h3>\n<p>Se una mamma non pu\u00f2 prendersi cura del bambino, esistono dei programmi che possono aiutarla.<\/p>\n<p>Queste sono le ricerche di consulenza pi\u00f9 comuni nel nostro database di risorse.<\/p>\n<ul>\n<li><a href=\"https:\/\/search.211md.org\/search?query=PH-0300&amp;query_type=taxonomy&amp;query_label=&amp;query_language=en\">Servizi di adozione<\/a><\/li>\n<li><a href=\"https:\/\/search.211md.org\/search?query=PH-6300&amp;query_type=taxonomy&amp;query_label=&amp;query_language=en\">Affidamenti\/Case per gruppi per bambini<\/a><\/li>\n<\/ul>\n<p>Anche la parentela pu\u00f2 essere un&#039;opzione in caso di gravi difficolt\u00e0. Si tratta di un accordo temporaneo con un parente o un non parente, e pu\u00f2 essere formale o informale.<\/p>\n<h4>Postpartum<\/h4>\n<p>Trova supporto post-partum nel nostro database.<\/p>\n<ul>\n<li><a href=\"https:\/\/search.211md.org\/search?query=Breastfeeding+Support&amp;query_label=Breastfeeding+Support&amp;query_type=taxonomy\" target=\"_blank\" rel=\"noopener\">Supporto all&#039;allattamento al seno<\/a><\/li>\n<li><a href=\"https:\/\/search.211md.org\/search?query=Diapers+%26+Baby+Supplies&amp;query_label=Diapers+%26+Baby+Supplies&amp;query_type=taxonomy\" target=\"_blank\" rel=\"noopener\">Pannolini e articoli per neonati<\/a><\/li>\n<li><a href=\"https:\/\/search.211md.org\/search?query=BD-1800.8200-250&amp;query_type=taxonomy&amp;query_label=&amp;query_language=en\" target=\"_blank\" rel=\"noopener\">Formula\/Alimenti per bambini<\/a>\u00a0<\/li>\n<\/ul>\n\t\t\t\t<img decoding=\"async\" src=\"https:\/\/211md.org\/wp-content\/plugins\/bb-plugin\/img\/pixel.png\" alt=\"\" itemprop=\"image\" onerror=\"this.style.display='none'\" loading=\"lazy\" \/>\n\t\t\t\t<img decoding=\"async\" src=\"https:\/\/211md.org\/wp-content\/uploads\/bb-plugin\/cache\/Call-center-specialst-circle-4e9ecd7b3425be4576416abc911049bb-.jpg\" alt=\"Specialista del call center\" itemprop=\"image\" title=\"Specialista del call center\" onerror=\"this.style.display='none'\" loading=\"lazy\" \/>\n<h2>Chiama il 211<\/h2><p>Parla con una persona premurosa e compassionevole 24 ore su 24, 7 giorni su 7. Pu\u00f2 anche metterti in contatto con delle risorse.\u00a0<\/p>\n\t\t\t<a href=\"tel:%20+211\" target=\"_blank\" rel=\"noopener\">\n\t\t\t\t\t\tChiama il 211 (cellulare)\n\t\t\t\t\t<\/a>\n\t\t<h2>Nutrizione per la gravidanza: WIC<\/h2>\n\t\t<p>Il programma Maryland WIC (Donne, Neonati e Bambini) garantisce l&#039;accesso al cibo durante la gravidanza e l&#039;allattamento a coloro che soddisfano i criteri di ammissibilit\u00e0. \u00c8 disponibile anche per i bambini fino a cinque anni.<\/p>\n<p>Il programma Maryland WIC offre buoni pasto per alimenti sani, informazioni nutrizionali e supporto all&#039;allattamento.<\/p>\n<p>Scopri di pi\u00f9 sui requisiti e su come candidarti.<\/p>\n\t\t\t<a href=\"https:\/\/211md.org\/it\/risorse\/cibo\/wic\/\" target=\"_self\">\n\t\t\t\t\t\t\tPer saperne di pi\u00f9\n\t\t\t\t\t<\/a>\n\t\t\t\t<img decoding=\"async\" src=\"https:\/\/211md.org\/wp-content\/uploads\/2025\/09\/Kid-feeding-his-mom-healthy-food.jpg\" alt=\"Bambino che d\u00e0 da mangiare cibo sano alla mamma\" itemprop=\"image\" height=\"800\" width=\"1200\" title=\"Bambino che d\u00e0 da mangiare cibo sano alla mamma\" onerror=\"this.style.display='none'\" loading=\"lazy\" \/>\n\t\t\t\t<img decoding=\"async\" src=\"http:\/\/211md.org\/wp-content\/uploads\/2025\/08\/Infant-Home-visiting-program.jpg\" alt=\"Programma di visite domiciliari per neonati\" itemprop=\"image\" title=\"Programma di visite domiciliari per neonati\" onerror=\"this.style.display='none'\" loading=\"lazy\" \/>\n\t<h2>Programmi di visite domiciliari<\/h2>\n<p>Le visite domiciliari durante la gravidanza e dopo il parto sono un ottimo modo per ottenere risposte alle tue domande nel comfort della tua casa. \u00c8 anche l&#039;ideale per una visita domiciliare che possa aiutarti a personalizzare i consigli pi\u00f9 adatti alla tua famiglia e al tuo ambiente domestico.<\/p>\n<p>Ci sono due modi per tornare a casa in visita nel Maryland.<\/p>\n<p>Uno \u00e8 tramite Medicaid e l&#039;altro \u00e8 tramite la tua contea locale.<\/p>\n<h3>Visite domiciliari Medicaid<\/h3>\n<p>Le persone che hanno diritto a Medicaid possono avere diritto a una visita domiciliare da parte di un&#039;infermiera o di un professionista qualificato durante la gravidanza e dopo il parto.<\/p>\n\t<p>Queste visite domiciliari offrono l&#039;opportunit\u00e0 di parlare di:<\/p>\n<ul>\n<li>Gravidanza<\/li>\n<li>Genitorialit\u00e0<\/li>\n<li>Assistenza post-partum<\/li>\n<li>Nutrizione<\/li>\n<li>Sfide della vita<\/li>\n<\/ul>\n<p>Le visite sono specifiche per la situazione personale.<\/p>\n<p>Richiedi visite domiciliari tramite un partner sanitario Medicaid, denominato nel Maryland Managed Care Organization (MCO).<\/p>\n<h3>Altri programmi di visite domiciliari nel Maryland<\/h3>\n<p>Esistono anche altri programmi di visite domiciliari per i neogenitori in alcune citt\u00e0 e contee del Maryland.<\/p>\n<p>Family Connects Maryland \u00e8 un programma gratuito e volontario per neomamme, disponibile in alcune zone del Maryland. Un&#039;infermiera qualificata pu\u00f2 controllare il bambino e il genitore.<\/p>\n<p>Esistono anche i programmi Healthy Start e Healthy Families in altre parti dello Stato.<\/p>\n<p>Partecipa a un programma di visite domiciliari:<\/p>\n<ul>\n<li><a href=\"https:\/\/www.aahealth.org\/family-health\/healthy-babies\/healthy-start\" target=\"_blank\" rel=\"noopener\">Contea di Anne Arundel<\/a><\/li>\n<li><a href=\"https:\/\/baltimorehealthystart.org\/programs\/home-visiting-programs\/\" target=\"_blank\" rel=\"noopener\">Citt\u00e0 di Baltimora<\/a> | <a href=\"https:\/\/www.familytreemd.org\/fcm\/\" target=\"_blank\" rel=\"noopener\">Citt\u00e0 di Baltimora<\/a> (Pazienti dell&#039;Ospedale Sinai)<\/li>\n<li><a href=\"https:\/\/www.frederickhealth.org\/services\/birth-place\/at-home-newborn-visit\/\" target=\"_blank\" rel=\"noopener\">Contea di Federico<\/a><\/li>\n<li><a href=\"https:\/\/www.howardcountymd.gov\/children-families\/home-visiting\" target=\"_blank\" rel=\"noopener\">Contea di Howard<\/a><\/li>\n<li><a href=\"https:\/\/www.childresource.org\/how-we-support\/families\/home-visiting-services\/family-connects-prince-georges\/\" target=\"_blank\" rel=\"noopener\">Contea del principe George<\/a><\/li>\n<\/ul>\n<p>Ascolta una mamma che racconta come questo programma pu\u00f2 aiutarla.<\/p>\n<p><iframe loading=\"lazy\" title=\"Ascolta la testimonianza di Erica Blake, paziente della contea di Frederick, madre di due figli, che si connette con la famiglia\" src=\"https:\/\/player.vimeo.com\/video\/1028885783?h=44cc67f279&amp;dnt=1&amp;app_id=122963\" width=\"500\" height=\"281\" frameborder=\"0\" allow=\"autoplay; fullscreen; picture-in-picture; clipboard-write; encrypted-media; web-share\"><\/iframe><\/p>\n<p>Nel\u00a0<a href=\"https:\/\/baltimorehealthystart.org\/programs\/home-visiting-programs\/\" target=\"_blank\" rel=\"noopener\">Citt\u00e0 di Baltimora<\/a>, le visite domiciliari sono disponibili tramite il programma Healthy Start. E in\u00a0<a href=\"https:\/\/www.howardcountymd.gov\/children-families\/home-visiting\" target=\"_blank\" rel=\"noopener\">Contea di Howard,<\/a> Somerset e contea di Worcester: Famiglie sane.<\/p>\n\t\t\t\t<a href=\"https:\/\/search.211md.org\/\" target=\"_blank\" rel=\"noopener\" itemprop=\"url\">\n\t\t\t\t<img decoding=\"async\" src=\"https:\/\/stg-maryland211-staging.kinsta.cloud\/wp-content\/uploads\/2025\/08\/2025_MdInfoNet_Icon-Sets-white_Locate.png\" alt=\"\" itemprop=\"image\" onerror=\"this.style.display='none'\" loading=\"lazy\" \/>\n\t\t\t\t<\/a>\n<h2><a href=\"https:\/\/search.211md.org\/\" target=\"_blank\" rel=\"noopener\">Trova risorse ora<\/a><\/h2><p>Trovare <strong>risorse della comunit\u00e0 <\/strong>per cibo, assistenza sanitaria, alloggio e altro ancora nel nostro database. Cerca per codice postale.<\/p>\n\t\t\t<a href=\"https:\/\/search.211md.org\/\" target=\"_blank\" rel=\"noopener\">\n\t\t\t\t\t\t\tCerca ora\n\t\t\t<\/a>\n\t\t\t\t<img decoding=\"async\" src=\"http:\/\/211md.org\/wp-content\/uploads\/2025\/09\/babies-at-child-care-center.jpg\" alt=\"neonati al centro di assistenza all&#039;infanzia\" itemprop=\"image\" title=\"neonati al centro di assistenza all&#039;infanzia\" onerror=\"this.style.display='none'\" loading=\"lazy\" \/>\n\t\t\t\t<img decoding=\"async\" src=\"https:\/\/211md.org\/wp-content\/plugins\/bb-plugin\/img\/pixel.png\" alt=\"\" itemprop=\"image\" onerror=\"this.style.display='none'\" loading=\"lazy\" \/>\n\t<h2>Risorse per l&#039;assistenza all&#039;infanzia<\/h2>\n<p>Trovare un asilo nido pu\u00f2 essere difficile e le mamme incinte potrebbero dover affrontare lunghe liste d&#039;attesa. Quindi, \u00e8 importante pianificare per tempo, anche prima della nascita del bambino.<\/p>\n<p>Sono disponibili programmi di assistenza per contribuire a pagare l&#039;assistenza all&#039;infanzia. Il 211 <a href=\"https:\/\/211md.org\/it\/risorse\/bambini-famiglie\/\">guida all&#039;assistenza all&#039;infanzia<\/a> spiega le tue opzioni.<\/p>\n<p>Puoi anche consultare il nostro database di risorse comunitarie 211 per un elenco di centri per la prima infanzia e sedi in cui ottenere aiuto per il pagamento.<\/p>\n\t\t\t<a href=\"https:\/\/search.211md.org\/search?query=HD-1800&#038;query_type=taxonomy&#038;query_label=&#038;query_language=en\" target=\"_blank\" rel=\"noopener\">\n\t\t\t\t\t\teducazione della prima infanzia <br \/> (Judy Centers\/Head Start)\n\t\t\t\t\t<\/a>\n\t\t\t<a href=\"https:\/\/search.211md.org\/search?query=PH-1250.1800&#038;query_type=taxonomy&#038;query_label=&#038;query_language=en\" target=\"_blank\" rel=\"noopener\">\n\t\t\t\t\t\tassistenza all&#039;infanzia estesa\n\t\t\t\t\t<\/a>\n\t\t\t<a href=\"https:\/\/search.211md.org\/search?query=NL-3000.1500&#038;query_type=taxonomy&#038;query_label=&#038;query_language=en\" target=\"_blank\" rel=\"noopener\">\n\t\t\t\t\t\tAiuto con le spese di assistenza all&#039;infanzia\n\t\t\t\t\t<\/a>\n<h2>\n\t\t\tinformazioni correlate per le famiglie\t<\/h2>\n\t\t<h4><a href=\"\/it\/risorse\/invecchiamento-disabilita\/?utm_source=Home&#038;utm_medium=Referral&#038;utm_campaign=211Resources&#038;utm_content=Aging\" target=\"_self\">Invecchiamento e disabilit\u00e0<\/a><\/h4>\n\t\t\t\t<a href=\"\/it\/risorse\/invecchiamento-disabilita\/?utm_source=Home&#038;utm_medium=Referral&#038;utm_campaign=211Resources&#038;utm_content=Aging\"  target=\"_self\" itemprop=\"url\">\n\t\t\t\t<img decoding=\"async\" src=\"https:\/\/211md.org\/wp-content\/uploads\/bb-plugin\/cache\/2025_MdInfoNet_Icon-Sets_Aging-disability-square-c466727102cae71e5f27b8539bb51945-.png\" alt=\"\" itemprop=\"image\" onerror=\"this.style.display='none'\" loading=\"lazy\" \/>\n\t\t\t\t<\/a>\n\t\t<h4><a href=\"\/it\/risorse\/bambini-famiglie\/?utm_source=Home&#038;utm_medium=Referral&#038;utm_campaign=211Resources&#038;utm_content=Children\" target=\"_self\">Bambini e famiglie<\/a><\/h4>\n\t\t\t\t<a href=\"\/it\/risorse\/bambini-famiglie\/?utm_source=Home&#038;utm_medium=Referral&#038;utm_campaign=211Resources&#038;utm_content=Children\"  target=\"_self\" itemprop=\"url\">\n\t\t\t\t<img decoding=\"async\" src=\"https:\/\/211md.org\/wp-content\/uploads\/bb-plugin\/cache\/2025_211_Icon-Sets_Child-care-square-f3b0d4edab3dcc467fadb5f55f4064c6-.png\" alt=\"2025_211_Set di icone_Assistenza all&#039;infanzia\" itemprop=\"image\" height=\"417\" width=\"417\" title=\"2025_211_Set di icone_Assistenza all&#039;infanzia\" onerror=\"this.style.display='none'\" loading=\"lazy\" \/>\n\t\t\t\t<\/a>\n\t\t<h4><a href=\"\/it\/risorse\/violenza-domestica-familiare\/?utm_source=Home&#038;utm_medium=Referral&#038;utm_campaign=211Resources&#038;utm_content=Domestic\" target=\"_self\">Violenza domestica<\/a><\/h4>\n\t\t\t\t<a href=\"\/it\/risorse\/violenza-domestica-familiare\/?utm_source=Home&#038;utm_medium=Referral&#038;utm_campaign=211Resources&#038;utm_content=Domestic\"  target=\"_self\" itemprop=\"url\">\n\t\t\t\t<img decoding=\"async\" src=\"https:\/\/211md.org\/wp-content\/uploads\/bb-plugin\/cache\/2025_211_Icon-Sets_Domestic-Violence-square-7b597694a6f05fe90cdc376aa573bc63-.png\" alt=\"Icona della violenza domestica\" itemprop=\"image\" height=\"417\" width=\"417\" title=\"2025_211_Set di icone_Violenza domestica\" onerror=\"this.style.display='none'\" loading=\"lazy\" \/>\n\t\t\t\t<\/a>\n\t\t<h4><a href=\"\/it\/risorse\/ricerca-occupazione\/?utm_source=Home&#038;utm_medium=Referral&#038;utm_campaign=211Resources&#038;utm_content=Employment\" target=\"_self\">Occupazione<\/a><\/h4>\n\t\t\t\t<a href=\"\/it\/risorse\/ricerca-occupazione\/?utm_source=Home&#038;utm_medium=Referral&#038;utm_campaign=211Resources&#038;utm_content=Employment\"  target=\"_self\" itemprop=\"url\">\n\t\t\t\t<img decoding=\"async\" src=\"https:\/\/211md.org\/wp-content\/uploads\/bb-plugin\/cache\/2025_MdInfoNet_Icon-Sets_Employment-square-44707bd410e4df10a470bf130ebcea86-.png\" alt=\"\" itemprop=\"image\" onerror=\"this.style.display='none'\" loading=\"lazy\" \/>\n\t\t\t\t<\/a>\n\t\t<h4><a href=\"\/it\/risorse\/assistenza-sanitaria\/?utm_source=Home&#038;utm_medium=Referral&#038;utm_campaign=211Resources&#038;utm_content=Health%20Care\" target=\"_self\">Assistenza sanitaria<\/a><\/h4>\n\t\t\t\t<a href=\"\/it\/risorse\/assistenza-sanitaria\/?utm_source=Home&#038;utm_medium=Referral&#038;utm_campaign=211Resources&#038;utm_content=Health%20Care\"  target=\"_self\" itemprop=\"url\">\n\t\t\t\t<img decoding=\"async\" src=\"https:\/\/211md.org\/wp-content\/uploads\/bb-plugin\/cache\/2025_MdInfoNet_Icon-Sets_Health-Care-square-dee98a0060cbe0e7f27eda253fc12679-.png\" alt=\"\" itemprop=\"image\" onerror=\"this.style.display='none'\" loading=\"lazy\" \/>\n\t\t\t\t<\/a>\n\t\t<h4><a href=\"\/it\/risorse\/bambini-famiglie\/parentela-cura\/?utm_source=Home&#038;utm_medium=Referral&#038;utm_campaign=211Resources&#038;utm_content=Kinship\" target=\"_self\">Parentela<\/a><\/h4>\n\t\t\t\t<a href=\"\/it\/risorse\/bambini-famiglie\/parentela-cura\/?utm_source=Home&#038;utm_medium=Referral&#038;utm_campaign=211Resources&#038;utm_content=Kinship\"  target=\"_self\" itemprop=\"url\">\n\t\t\t\t<img decoding=\"async\" src=\"https:\/\/211md.org\/wp-content\/uploads\/bb-plugin\/cache\/2025_211_Icon-Sets_Kinship-square-45bdf872866f5735f842c32071109267-.png\" alt=\"Icona di parentela\" itemprop=\"image\" height=\"417\" width=\"417\" title=\"2025_211_Set di icone_Parentela\" onerror=\"this.style.display='none'\" loading=\"lazy\" \/>\n\t\t\t\t<\/a>\n\t\t<h4><a href=\"\/it\/risorse\/servizi-legali\/?utm_source=Home&#038;utm_medium=Referral&#038;utm_campaign=211Resources&#038;utm_content=Legal\" target=\"_self\">Servizi legali<\/a><\/h4>\n\t\t\t\t<a href=\"\/it\/risorse\/servizi-legali\/?utm_source=Home&#038;utm_medium=Referral&#038;utm_campaign=211Resources&#038;utm_content=Legal\"  target=\"_self\" itemprop=\"url\">\n\t\t\t\t<img decoding=\"async\" src=\"https:\/\/211md.org\/wp-content\/uploads\/bb-plugin\/cache\/2025_MdInfoNet_Icon-Sets_Legal-square-18fdf438feb8435588174d9046463257-.png\" alt=\"\" itemprop=\"image\" onerror=\"this.style.display='none'\" loading=\"lazy\" \/>\n\t\t\t\t<\/a>\n\t\t<h4><a href=\"\/it\/risorse\/salute-mentale\/?utm_source=Home&#038;utm_medium=Referral&#038;utm_campaign=211Resources&#038;utm_content=Mental\" target=\"_self\">Salute mentale<\/a><\/h4>\n\t\t\t\t<a href=\"\/it\/risorse\/salute-mentale\/?utm_source=Home&#038;utm_medium=Referral&#038;utm_campaign=211Resources&#038;utm_content=Mental\"  target=\"_self\" itemprop=\"url\">\n\t\t\t\t<img decoding=\"async\" src=\"https:\/\/211md.org\/wp-content\/uploads\/bb-plugin\/cache\/2025_MdInfoNet_Icon-Sets_Mental-Health-square-c59b38c4a993a947d4c9280fbe2d2fee-.png\" alt=\"\" itemprop=\"image\" onerror=\"this.style.display='none'\" loading=\"lazy\" \/>\n\t\t\t\t<\/a>\n\t\t<h4><a href=\"\/it\/risorse\/mdreentry\/?utm_source=Home&#038;utm_medium=Referral&#038;utm_campaign=211Resources&#038;utm_content=Reentry\" target=\"_self\">Rientro<\/a><\/h4>\n\t\t\t\t<a href=\"\/it\/risorse\/mdreentry\/?utm_source=Home&#038;utm_medium=Referral&#038;utm_campaign=211Resources&#038;utm_content=Reentry\"  target=\"_self\" itemprop=\"url\">\n\t\t\t\t<img decoding=\"async\" src=\"https:\/\/211md.org\/wp-content\/uploads\/bb-plugin\/cache\/2025_211_Icon-Sets_Reentry-square-8676fea38abd920a832f45642fe31cca-.png\" alt=\"Icona di rientro\" itemprop=\"image\" height=\"417\" width=\"417\" title=\"2025_211_Set di icone_Rientro\" onerror=\"this.style.display='none'\" loading=\"lazy\" \/>\n\t\t\t\t<\/a>\n\t\t<h4><a href=\"\/it\/risorse\/uso-di-sostanze\/?utm_source=Home&#038;utm_medium=Referral&#038;utm_campaign=211Resources&#038;utm_content=Substance\" target=\"_self\">Uso di sostanze<\/a><\/h4>\n\t\t\t\t<a href=\"\/it\/risorse\/uso-di-sostanze\/?utm_source=Home&#038;utm_medium=Referral&#038;utm_campaign=211Resources&#038;utm_content=Substance\"  target=\"_self\" itemprop=\"url\">\n\t\t\t\t<img decoding=\"async\" src=\"https:\/\/211md.org\/wp-content\/uploads\/bb-plugin\/cache\/2025_MdInfoNet_Icon-Sets_Substance-Abuse-square-9022fec9d18a64118ad685c101885b55-.png\" alt=\"\" itemprop=\"image\" onerror=\"this.style.display='none'\" loading=\"lazy\" \/>\n\t\t\t\t<\/a>\n\t\t<h4><a href=\"\/it\/risorse\/veterani\/?utm_source=Home&#038;utm_medium=Referral&#038;utm_campaign=211Resources&#038;utm_content=Veterans\" target=\"_self\">Veterani<\/a><\/h4>\n\t\t\t\t<a href=\"\/it\/risorse\/veterani\/?utm_source=Home&#038;utm_medium=Referral&#038;utm_campaign=211Resources&#038;utm_content=Veterans\"  target=\"_self\" itemprop=\"url\">\n\t\t\t\t<img decoding=\"async\" src=\"https:\/\/211md.org\/wp-content\/uploads\/bb-plugin\/cache\/2025_MdInfoNet_Icon-Sets_Rating-square-6e60d00cce4faa8e0a6d4ad7366aa733-.png\" alt=\"\" itemprop=\"image\" onerror=\"this.style.display='none'\" loading=\"lazy\" \/>\n\t\t\t\t<\/a>","protected":false},"excerpt":{"rendered":"<p>Accogliere un neonato \u00e8 un momento emozionante. \u00c8 anche un grande cambiamento e richiede molto impegno. Dall&#039;assistenza prenatale e nutrizionale al supporto emotivo e agli articoli essenziali per il neonato, 211 mette in contatto caregiver e genitori con il supporto della comunit\u00e0 per la gravidanza, il post-partum e i primi anni di vita del bambino. Inizia la tua ricerca selezionando...<\/p>","protected":false},"author":8,"featured_media":2077,"parent":839,"menu_order":0,"comment_status":"closed","ping_status":"closed","template":"","meta":{"footnotes":""},"class_list":["post-1023","page","type-page","status-publish","has-post-thumbnail","hentry"],"_links":{"self":[{"href":"https:\/\/211md.org\/it\/wp-json\/wp\/v2\/pages\/1023","targetHints":{"allow":["GET"]}}],"collection":[{"href":"https:\/\/211md.org\/it\/wp-json\/wp\/v2\/pages"}],"about":[{"href":"https:\/\/211md.org\/it\/wp-json\/wp\/v2\/types\/page"}],"author":[{"embeddable":true,"href":"https:\/\/211md.org\/it\/wp-json\/wp\/v2\/users\/8"}],"replies":[{"embeddable":true,"href":"https:\/\/211md.org\/it\/wp-json\/wp\/v2\/comments?post=1023"}],"version-history":[{"count":10,"href":"https:\/\/211md.org\/it\/wp-json\/wp\/v2\/pages\/1023\/revisions"}],"predecessor-version":[{"id":33891,"href":"https:\/\/211md.org\/it\/wp-json\/wp\/v2\/pages\/1023\/revisions\/33891"}],"up":[{"embeddable":true,"href":"https:\/\/211md.org\/it\/wp-json\/wp\/v2\/pages\/839"}],"wp:featuredmedia":[{"embeddable":true,"href":"https:\/\/211md.org\/it\/wp-json\/wp\/v2\/media\/2077"}],"wp:attachment":[{"href":"https:\/\/211md.org\/it\/wp-json\/wp\/v2\/media?parent=1023"}],"curies":[{"name":"scrivere","href":"https:\/\/api.w.org\/{rel}","templated":true}]}}