{"id":1060,"date":"2021-04-16T22:07:54","date_gmt":"2021-04-16T22:07:54","guid":{"rendered":"https:\/\/211md.org\/?page_id=1060"},"modified":"2025-06-19T17:32:26","modified_gmt":"2025-06-19T21:32:26","slug":"bollette-dellacqua","status":"publish","type":"page","link":"https:\/\/211md.org\/it\/resources\/utility-assistance\/water-bills\/","title":{"rendered":"Bollette dell&#039;acqua"},"content":{"rendered":"<p>Se hai un avviso di chiusura, potresti avere diritto all&#039;assistenza di enti di beneficenza locali e organizzazioni religiose. Scopri di pi\u00f9 di\u00a0<a href=\"https:\/\/search.211md.org\/\" target=\"_blank\" rel=\"noopener\">ricerca nel database delle risorse 211 per l&#039;assistenza alla bolletta dell&#039;acqua<\/a> Per trovare organizzazioni locali che possono aiutarti. Puoi anche chiamare il 211 o informarti sui programmi di assistenza per le bollette dell&#039;acqua del Maryland.<\/p>\n\t<h2>Aiuto con le bollette dell&#039;acqua<\/h2>\n<p>Se hai bisogno di aiuto per pagare la bolletta dell&#039;acqua, \u00e8 importante chiedere aiuto non appena ti rendi conto delle difficolt\u00e0 finanziarie per evitare che l&#039;acqua venga chiusa.<\/p>\n<p>L&#039;aiuto \u00e8 disponibile attraverso i programmi di assistenza idrica locale, il programma di bolletta dell&#039;acqua a basso reddito disponibile attraverso lo stato del Maryland, organizzazioni locali o programmi di pagamento attraverso la tua compagnia idrica.<\/p>\n<p>Innanzitutto, parla con il tuo fornitore di servizi della tua situazione finanziaria per evitare che l&#039;acqua venga chiusa.<\/p>\n<p>Potresti essere in grado di estendere la data di scadenza o elaborare un altro accordo di pagamento.<\/p>\n<p>Ecco alcuni esempi di programmi di assistenza idrica da parte di societ\u00e0 e fornitori idrici nel Maryland.<\/p>\n\t\t\t\t<img decoding=\"async\" src=\"https:\/\/211md.org\/wp-content\/uploads\/2022\/09\/children-drinking-water.jpg\" alt=\"bambini-acqua-potabile\" itemprop=\"image\" height=\"667\" width=\"1000\" title=\"bambini-acqua-potabile\" onerror=\"this.style.display='none'\" loading='lazy' \/>\n\t<h3>Programmi di assistenza idrica WSSC<\/h3>\n<p>Ad esempio, se la tua azienda idrica \u00e8 WSSC Water (Montgomery e Prince George&#039;s County), potresti avere diritto a diversi programmi di assistenza.<\/p>\n<p>Prima il\u00a0<a href=\"https:\/\/www.wsscwater.com\/waterfund\" target=\"_blank\" rel=\"noopener\">Fondo Acqua<\/a>\u00a0fornisce fino a $500 all&#039;anno ai clienti idonei. L&#039;Esercito della Salvezza gestisce questo programma.<\/p>\n<p>Il Water Fund \u00e8 un programma di reddito ammissibile per le famiglie entro 200% del livello di povert\u00e0 federale. I fondi sono disponibili in base all&#039;ordine di arrivo. Se la capacit\u00e0 viene raggiunta per un mese, l&#039;appuntamento successivo \u00e8 il primo luned\u00ec del mese successivo.<\/p>\n<p>Secondo,\u00a0<a href=\"https:\/\/www.wsscwater.com\/payplans\" target=\"_blank\" rel=\"noopener\">WSSC Water offre anche scadenze prorogate e convenienti piani di pagamento<\/a>. I piani di pagamento possono essere estesi tra 36 e 48 mesi, a seconda che tu sia un cliente approvato CAP (Customer Assistance Program).<\/p>\n<p>Se sei un inquilino, hai bisogno dell&#039;approvazione del proprietario per impostare un piano di pagamento per la bolletta dell&#039;acqua.<\/p>\n<p>Terzo, potrebbero esserci anche programmi speciali nella tua contea per aiutare con i pagamenti.<\/p>\n<p>Ad esempio, nella contea di Montgomery, il\u00a0<a href=\"https:\/\/www.montgomerycountymd.gov\/HHS-Program\/SNHS\/rent-relief.html\" target=\"_blank\" rel=\"noopener\">Il programma COVID-19 Rent Relief copre anche l&#039;assistenza alle utenze<\/a>, Compreso\u00a0<a href=\"https:\/\/www.wsscwater.com\/assistance\" target=\"_blank\" rel=\"noopener\">WSSC Bollette dell&#039;acqua<\/a>\u00a0per le famiglie ammissibili con difficolt\u00e0 finanziarie dovute al COVID-19.<\/p>\n<p>Questi sono esempi solo per WSSC Water, ma altre societ\u00e0 idriche possono offrire programmi di assistenza idrica simili o aggiuntivi.<\/p>\n<p>211 pu\u00f2 aiutarti a identificare i programmi che aiutano a pagare le bollette dell&#039;acqua nella tua comunit\u00e0.<\/p>\n<h3>Bollette dell&#039;acqua della citt\u00e0 di Baltimora<\/h3>\n<p>Se ci vivi\u00a0<a href=\"https:\/\/211md.org\/it\/risorse-per-provincia\/citta-di-baltimora\/\" target=\"_blank\" rel=\"noopener\">Citt\u00e0 di Baltimora<\/a>, il programma di sconti Water4All aiuta a creare un accesso pi\u00f9 equo all&#039;assistenza idrica.<\/p>\n<p><a href=\"https:\/\/cityservices.baltimorecity.gov\/water\/\" target=\"_blank\" rel=\"noopener\">Water4All<\/a>\u00a0\u00e8 un programma di reddito ammissibile per le famiglie che guadagnano meno di 200% del livello di povert\u00e0 federale. Mentre le linee guida sul reddito possono cambiare, di recente, una famiglia di quattro persone di Baltimora City che guadagna meno di $55,500 all&#039;anno si qualificherebbe.<\/p>\n<p>Non sei sicuro di quanto devi?\u00a0<a href=\"https:\/\/cityservices.baltimorecity.gov\/water\/\" target=\"_blank\" rel=\"noopener\">Trova una bolletta dell&#039;acqua a Baltimora<\/a>\u00a0con il numero di conto o l&#039;indirizzo di servizio.<\/p>\n<p>Potresti anche avere diritto all&#039;aiuto attraverso un altro programma di assistenza idrica o un&#039;organizzazione comunitaria.<\/p>\n<h3>211 Aiuto<\/h3>\n<p>Se vivi in un&#039;altra contea, puoi chiamare il 211 in qualsiasi momento. Gli specialisti del 211 possono identificare i programmi di assistenza idrica locali vicino a te, cos\u00ec come <a href=\"https:\/\/211md.org\/it\/risorse\/utilita-assistenza\/\">programmi per altre bollette<\/a>.<\/p>\n<p><a href=\"https:\/\/211md.org\/it\/risorse-per-provincia\/\">Puoi anche cercare nella pagina delle risorse della tua contea<\/a>.<\/p>\n<h2>Informazioni correlate<\/h2>\n<p><a title=\"Ottieni aiuto finanziario con la bolletta del riscaldamento del Maryland\" href=\"https:\/\/211md.org\/it\/risorse\/utilita-assistenza\/bollette-del-riscaldamento\/\">Bolletta del riscaldamento<\/a><\/p>\n<p><a href=\"https:\/\/211md.org\/it\/risorse\/utilita-assistenza\/bollette-elettriche\/\">Bolletta dell&#039;elettricit\u00e0<\/a><\/p>\n<p><a title=\"Servizi telefonici\" href=\"https:\/\/211md.org\/it\/risorse\/utilita-assistenza\/servizi-telefonici\/\">Servizi telefonici e Internet<\/a><\/p>\n<p><a href=\"https:\/\/211md.org\/it\/risorse\/utilita-assistenza\/\">Tutte le bollette<\/a><\/p>\n<h2>\n\t\t\tTrova risorse\t<\/h2>\n\t\t\t\t<a href=\"\/it\/risorse\/invecchiamento-disabilita\/\"  target=\"_self\" itemprop=\"url\">\n\t\t\t\t<img decoding=\"async\" src=\"https:\/\/211md.org\/wp-content\/uploads\/bb-plugin\/cache\/Mask-Group-41@2x-circle-73eaadba4cad8269faa4720e25cf1c85-.png\" alt=\"I piedi di una donna anziana e di una donna pi\u00f9 giovane che camminano insieme\" itemprop=\"image\" height=\"500\" width=\"500\" title=\"Servizi per la disabilit\u00e0\" onerror=\"this.style.display='none'\" loading='lazy' \/>\n\t\t\t\t<\/a>\n\t\t<h3><a href=\"\/it\/risorse\/invecchiamento-disabilita\/\" target=\"_self\">Invecchiamento e disabilit\u00e0<\/a><\/h3>\t\n\t\t\t\t<a href=\"\/it\/risorse\/bambini-famiglie\/\"  target=\"_self\" itemprop=\"url\">\n\t\t\t\t<img decoding=\"async\" src=\"https:\/\/211md.org\/wp-content\/uploads\/bb-plugin\/cache\/Mask-Group-38@2x-circle-ac40d46265fbec62083cd27f6dcf23b0-.png\" alt=\"Un giovane ragazzo e una ragazza sorridente e guardando la telecamera\" itemprop=\"image\" height=\"500\" width=\"500\" title=\"Gruppo maschera 38@2x\" onerror=\"this.style.display='none'\" loading='lazy' \/>\n\t\t\t\t<\/a>\n\t\t<h3><a href=\"\/it\/risorse\/bambini-famiglie\/\" target=\"_self\">Bambini e famiglie<\/a><\/h3>\t\n\t\t\t\t<a href=\"\/it\/risorse\/violenza-domestica-familiare\/\"  target=\"_self\" itemprop=\"url\">\n\t\t\t\t<img decoding=\"async\" src=\"https:\/\/211md.org\/wp-content\/uploads\/bb-plugin\/cache\/Mask-Group-39@2x-circle-b2589197a13c791d910f46dd10b27a87-.png\" alt=\"Due paia di mani che si tengono\" itemprop=\"image\" height=\"500\" width=\"500\" title=\"Gruppo maschera 39@2x\" onerror=\"this.style.display='none'\" loading='lazy' \/>\n\t\t\t\t<\/a>\n\t\t<h3><a href=\"\/it\/risorse\/violenza-domestica-familiare\/\" target=\"_self\">Violenza domestica\/familiare<\/a><\/h3>\t\n\t\t\t\t<a href=\"\/it\/risorse\/ricerca-occupazione\/\"  target=\"_self\" itemprop=\"url\">\n\t\t\t\t<img decoding=\"async\" src=\"https:\/\/211md.org\/wp-content\/uploads\/bb-plugin\/cache\/Employment-circle-bf72562329e950df948954f5d3f44b2e-.png\" alt=\"Un meccanico di automobili\" itemprop=\"image\" height=\"500\" width=\"500\" title=\"Occupazione\" onerror=\"this.style.display='none'\" loading='lazy' \/>\n\t\t\t\t<\/a>\n\t\t<h3><a href=\"\/it\/risorse\/ricerca-occupazione\/\" target=\"_self\">Occupazione<\/a><\/h3>\t\n\t\t\t\t<a href=\"\/it\/risorse\/assistenza-sanitaria\/\"  target=\"_self\" itemprop=\"url\">\n\t\t\t\t<img decoding=\"async\" src=\"https:\/\/211md.org\/wp-content\/uploads\/bb-plugin\/cache\/Mask-Group-35@2x-circle-94be10c13e4adae1683b4589dc2f5b2f-.png\" alt=\"Medico che esamina la gamba dei ragazzi\" itemprop=\"image\" height=\"500\" width=\"500\" title=\"Gruppo maschera 35@2x\" onerror=\"this.style.display='none'\" loading='lazy' \/>\n\t\t\t\t<\/a>\n\t\t<h3><a href=\"\/it\/risorse\/assistenza-sanitaria\/\" target=\"_self\">Assistenza sanitaria<\/a><\/h3>\t\n\t\t\t\t<a href=\"\/it\/risorse\/cibo\/\"  target=\"_self\" itemprop=\"url\">\n\t\t\t\t<img decoding=\"async\" src=\"https:\/\/211md.org\/wp-content\/uploads\/bb-plugin\/cache\/Mask-Group-32@2x-circle-1c6d647dcaf998fa079d26735cedc92b-.png\" alt=\"Verdure fresche\" itemprop=\"image\" height=\"500\" width=\"500\" title=\"Gruppo maschera 32@2x\" onerror=\"this.style.display='none'\" loading='lazy' \/>\n\t\t\t\t<\/a>\n\t\t<h3><a href=\"\/it\/risorse\/cibo\/\" target=\"_self\">Cibo<\/a><\/h3>\t\n\t\t\t\t<a href=\"\/it\/risorse\/alloggio-rifugio\/\"  target=\"_self\" itemprop=\"url\">\n\t\t\t\t<img decoding=\"async\" src=\"https:\/\/211md.org\/wp-content\/uploads\/bb-plugin\/cache\/Mask-Group-34@2x-circle-b99c55fc16ef21f35e2f2a1f7cc37b9a-.png\" alt=\"Balcone complesso di appartamenti\" itemprop=\"image\" height=\"500\" width=\"500\" title=\"Condominio\" onerror=\"this.style.display='none'\" loading='lazy' \/>\n\t\t\t\t<\/a>\n\t\t<h3><a href=\"\/it\/risorse\/alloggio-rifugio\/\" target=\"_self\">Alloggio e rifugio<\/a><\/h3>\t\n\t\t\t\t<a href=\"\/it\/risorse\/nuovo-per-gli-stati-uniti-e-maryland\/\"  target=\"_self\" itemprop=\"url\">\n\t\t\t\t<img decoding=\"async\" src=\"https:\/\/211md.org\/wp-content\/uploads\/bb-plugin\/cache\/American-flag-circle-0016cc327e27ef7aeb080f1da6c6e98b-.jpg\" alt=\"nuovo per gli Stati Uniti\" itemprop=\"image\" height=\"364\" width=\"1366\" title=\"Bandiera americana\" onerror=\"this.style.display='none'\" loading='lazy' \/>\n\t\t\t\t<\/a>\n\t\t<h3><a href=\"\/it\/risorse\/nuovo-per-gli-stati-uniti-e-maryland\/\" target=\"_self\">Immigrazione<\/a><\/h3>\t\n\t\t\t\t<a href=\"\/it\/risorse\/bambini-famiglie\/parentela-cura\/\"  target=\"_self\" itemprop=\"url\">\n\t\t\t\t<img decoding=\"async\" src=\"https:\/\/211md.org\/wp-content\/uploads\/bb-plugin\/cache\/kinship-family-navigating-a-computer-circle-045fee9d587aefb20221bfea41a2cf9b-.png\" alt=\"famiglia di parentela che naviga su un computer\" itemprop=\"image\" title=\"famiglia di parentela che naviga su un computer\" onerror=\"this.style.display='none'\" loading='lazy' \/>\n\t\t\t\t<\/a>\n\t\t<h3><a href=\"\/it\/risorse\/bambini-famiglie\/parentela-cura\/\" target=\"_self\">Parentela<\/a><\/h3>\t\n\t\t\t\t<a href=\"\/it\/risorse\/servizi-legali\/\"  target=\"_self\" itemprop=\"url\">\n\t\t\t\t<img decoding=\"async\" src=\"https:\/\/211md.org\/wp-content\/uploads\/bb-plugin\/cache\/Housing-Legal-circle-9a8f3c1c72c54b6e1ce612d2993c1ad4-.png\" alt=\"Martelletto legale con accanto un modello in plastica di una casa\" itemprop=\"image\" height=\"348\" width=\"460\" title=\"Alloggio legale\" onerror=\"this.style.display='none'\" loading='lazy' \/>\n\t\t\t\t<\/a>\n\t\t<h3><a href=\"\/it\/risorse\/servizi-legali\/\" target=\"_self\">Servizi legali<\/a><\/h3>\t\n\t\t\t\t<a href=\"\/it\/risorse\/salute-mentale\/\"  target=\"_self\" itemprop=\"url\">\n\t\t\t\t<img decoding=\"async\" src=\"https:\/\/211md.org\/wp-content\/uploads\/bb-plugin\/cache\/Mask-Group-40@2x-circle-7bd9426367852fb3d841bc4bdc57a550-.png\" alt=\"I profili di un uomo e di una donna\" itemprop=\"image\" height=\"500\" width=\"500\" title=\"Gruppo maschera 40@2x\" onerror=\"this.style.display='none'\" loading='lazy' \/>\n\t\t\t\t<\/a>\n\t\t<h3><a href=\"\/it\/risorse\/salute-mentale\/\" target=\"_self\">Salute mentale<\/a><\/h3>\t\n\t\t\t\t<a href=\"\/it\/risorse\/mdreentry\/\"  target=\"_self\" itemprop=\"url\">\n\t\t\t\t<img decoding=\"async\" src=\"https:\/\/211md.org\/wp-content\/uploads\/bb-plugin\/cache\/Diverse-group-of-community-members-circle-4457c114cd48613bc79a0fb50060319c-.jpg\" alt=\"Gruppo eterogeneo di membri della comunit\u00e0\" itemprop=\"image\" height=\"800\" width=\"1200\" title=\"Gruppo eterogeneo di membri della comunit\u00e0\" onerror=\"this.style.display='none'\" loading='lazy' \/>\n\t\t\t\t<\/a>\n\t\t<h3><a href=\"\/it\/risorse\/mdreentry\/\" target=\"_self\">Rientro<\/a><\/h3>\t\n\t\t\t\t<a href=\"\/it\/stophate\/\"  target=\"_self\" itemprop=\"url\">\n\t\t\t\t<img decoding=\"async\" src=\"https:\/\/211md.org\/wp-content\/uploads\/bb-plugin\/cache\/Background-section-MDStophate-circle-08e2bae1cf9f2ad6cc83e01e23da8cb9-.jpg\" alt=\"Sfondo-sezione-MDStophate\" itemprop=\"image\" height=\"768\" width=\"1366\" title=\"Sfondo-sezione-MDStophate\" onerror=\"this.style.display='none'\" loading='lazy' \/>\n\t\t\t\t<\/a>\n\t\t<h3><a href=\"\/it\/stophate\/\" target=\"_self\">Fermare l&#039;odio<\/a><\/h3>\t\n\t\t\t\t<a href=\"\/it\/risorse\/uso-di-sostanze\/\"  target=\"_self\" itemprop=\"url\">\n\t\t\t\t<img decoding=\"async\" src=\"https:\/\/211md.org\/wp-content\/uploads\/bb-plugin\/cache\/Substance-Use-circle-ad2d564932dc31267e0c32a6fb2d915c-.png\" alt=\"Pillole fracassanti a mano\" itemprop=\"image\" height=\"500\" width=\"500\" title=\"Uso di sostanze\" onerror=\"this.style.display='none'\" loading='lazy' \/>\n\t\t\t\t<\/a>\n\t\t<h3><a href=\"\/it\/risorse\/uso-di-sostanze\/\" target=\"_self\">Uso di sostanze<\/a><\/h3>\t\n\t\t\t\t<a href=\"\/it\/risorse\/servizi-fiscali\/\"  target=\"_self\" itemprop=\"url\">\n\t\t\t\t<img decoding=\"async\" src=\"https:\/\/211md.org\/wp-content\/uploads\/bb-plugin\/cache\/Mask-Group-34-circle-166a606e37e61188c9a17d5e634cda3c-.png\" alt=\"Persona che compila i documenti dell&#039;imposta sul reddito\" itemprop=\"image\" height=\"500\" width=\"500\" title=\"Gruppo maschera 34\" onerror=\"this.style.display='none'\" loading='lazy' \/>\n\t\t\t\t<\/a>\n\t\t<h3><a href=\"\/it\/risorse\/servizi-fiscali\/\" target=\"_self\">Servizi fiscali<\/a><\/h3>\t\n\t\t\t\t<a href=\"\/it\/risorse\/utilita-assistenza\/\"  target=\"_self\" itemprop=\"url\">\n\t\t\t\t<img decoding=\"async\" src=\"https:\/\/211md.org\/wp-content\/uploads\/bb-plugin\/cache\/Mask-Group-37@2x-circle-9661a11b9c4082079c9a1f06bc539567-.png\" alt=\"Una lampadina accesa\" itemprop=\"image\" height=\"500\" width=\"500\" title=\"Gruppo maschera 37@2x\" onerror=\"this.style.display='none'\" loading='lazy' \/>\n\t\t\t\t<\/a>\n\t\t<h3><a href=\"\/it\/risorse\/utilita-assistenza\/\" target=\"_self\">Assistenza utenze<\/a><\/h3>\t\n\t\t\t\t<a href=\"\/it\/risorse\/veterani\/\"  target=\"_self\" itemprop=\"url\">\n\t\t\t\t<img decoding=\"async\" src=\"https:\/\/211md.org\/wp-content\/uploads\/bb-plugin\/cache\/Veterans-circle-7c6972a59826c74f1f658f61df785fc3-.png\" alt=\"Un soldato che stringe la mano a qualcuno e sorride\" itemprop=\"image\" title=\"Veterani\" onerror=\"this.style.display='none'\" loading='lazy' \/>\n\t\t\t\t<\/a>\n\t\t<h3><a href=\"\/it\/risorse\/veterani\/\" target=\"_self\">Veterani<\/a><\/h3>","protected":false},"excerpt":{"rendered":"<p>Se hai ricevuto un avviso di interruzione, potresti avere diritto all&#039;assistenza di enti di beneficenza e organizzazioni religiose locali. Per saperne di pi\u00f9, consulta il database delle risorse 211 per l&#039;assistenza alle bollette idriche e trova organizzazioni locali che possono aiutarti. Puoi anche chiamare il 211 o scoprire i programmi di assistenza per le bollette idriche del Maryland. Assistenza con le bollette dell&#039;acqua Se...<\/p>","protected":false},"author":8,"featured_media":3287,"parent":932,"menu_order":0,"comment_status":"closed","ping_status":"closed","template":"","meta":{"footnotes":""},"class_list":["post-1060","page","type-page","status-publish","has-post-thumbnail","hentry"],"_links":{"self":[{"href":"https:\/\/211md.org\/it\/wp-json\/wp\/v2\/pages\/1060","targetHints":{"allow":["GET"]}}],"collection":[{"href":"https:\/\/211md.org\/it\/wp-json\/wp\/v2\/pages"}],"about":[{"href":"https:\/\/211md.org\/it\/wp-json\/wp\/v2\/types\/page"}],"author":[{"embeddable":true,"href":"https:\/\/211md.org\/it\/wp-json\/wp\/v2\/users\/8"}],"replies":[{"embeddable":true,"href":"https:\/\/211md.org\/it\/wp-json\/wp\/v2\/comments?post=1060"}],"version-history":[{"count":2,"href":"https:\/\/211md.org\/it\/wp-json\/wp\/v2\/pages\/1060\/revisions"}],"predecessor-version":[{"id":4787,"href":"https:\/\/211md.org\/it\/wp-json\/wp\/v2\/pages\/1060\/revisions\/4787"}],"up":[{"embeddable":true,"href":"https:\/\/211md.org\/it\/wp-json\/wp\/v2\/pages\/932"}],"wp:featuredmedia":[{"embeddable":true,"href":"https:\/\/211md.org\/it\/wp-json\/wp\/v2\/media\/3287"}],"wp:attachment":[{"href":"https:\/\/211md.org\/it\/wp-json\/wp\/v2\/media?parent=1060"}],"curies":[{"name":"scrivere","href":"https:\/\/api.w.org\/{rel}","templated":true}]}}