{"id":1061,"date":"2021-04-19T13:03:24","date_gmt":"2021-04-19T13:03:24","guid":{"rendered":"https:\/\/211md.org\/?page_id=1061"},"modified":"2025-06-09T12:58:58","modified_gmt":"2025-06-09T16:58:58","slug":"servizi-telefonici","status":"publish","type":"page","link":"https:\/\/211md.org\/it\/resources\/utility-assistance\/phone-services\/","title":{"rendered":"Guida per bollette telefoniche e Internet"},"content":{"rendered":"<h2><a href=\"https:\/\/search.211md.org\/\" target=\"_blank\"  rel=\"noopener\">Trova risorse vicino a me<\/a><\/h2>\n\t\t\t<a href=\"https:\/\/search.211md.org\/\" target=\"_blank\" rel=\"noopener\">\n\t\t\t\t\t\t\tCerca ora\n\t\t\t<\/a>\n\t<p><strong><a href=\"\/it\/unisciti-al-nostro-database\/\">Aggiungi la tua agenzia o organizzazione al nostro database delle risorse.<\/a><\/strong><\/p>\n\t<p>Hai bisogno di aiuto per pagare la bolletta del telefono o di Internet? L&#039;aiuto \u00e8 disponibile per coloro che ne hanno i requisiti.<\/p>\n<p>Il programma prevede sconti e non fornisce cellulari gratuiti. Tuttavia, i fornitori possono coprire il costo del telefono cellulare per il consumatore. Leggi attentamente i termini e le condizioni e scegli un fornitore Lifeline autorizzato.<\/p>\n<h2>Sconti su telefono e Internet Lifeline<\/h2>\n<p>Se ricevi benefici federali da un programma di assistenza governativa, potresti avere diritto a uno sconto sulla bolletta telefonica tramite il <a href=\"https:\/\/www.psc.state.md.us\/telecommunications\/lifeline-availability-maryland\/\" target=\"_blank\" rel=\"noopener\">Programma di salvataggio<\/a>.<\/p>\n<blockquote><p>Fornisce ai clienti idonei uno sconto fino a $9,25 al mese sul costo di telefono, Internet o servizi in bundle. Lo sconto \u00e8 pi\u00f9 alto per coloro che vivono su terre tribali.<\/p><\/blockquote>\n<p>Questo \u00e8 l&#039;unico programma federale che aiuta con le bollette Internet perch\u00e9 l&#039;Affordable Connectivity Program \u00e8 terminato. Se hai ricevuto lo sconto in passato, chiedi al tuo provider se hanno altri piani Internet a basso costo.<\/p>\n<h3>Eleggibilit\u00e0<\/h3>\n<p>Sei idoneo se ricevi benefici da uno di questi programmi nel Maryland:<\/p>\n<ul>\n<li>Buoni alimentari\/Programma di assistenza nutrizionale supplementare (SNAP)<\/li>\n<li>Programma di assistenza energetica domestica a basso reddito<\/li>\n<li>aiuto medico<\/li>\n<li>Assistenza federale all&#039;edilizia popolare<\/li>\n<li>Reddito di sicurezza supplementare (SSI)<\/li>\n<li>Veterans Pension and Survivors Benefit Program<\/li>\n<\/ul>\n<p>Puoi anche qualificarti se il tuo reddito familiare totale \u00e8 pari o inferiore a 135% delle linee guida federali sulla povert\u00e0.<\/p>\n\t<h3>Come applicare<\/h3>\n<p>Per richiedere Lifeline online:<\/p>\n<ol>\n<li><a href=\"https:\/\/getinternet.gov\/apply?id=nv_home&amp;ln=RW5nbGlzaA%3D%3D\" target=\"_blank\" rel=\"noopener\">Creare un account<\/a> e verificare l&#039;idoneit\u00e0. Avrai bisogno delle ultime quattro cifre del tuo numero di previdenza sociale o di un documento d&#039;identit\u00e0 governativo.<\/li>\n<li>Se sei idoneo, hai 90 giorni per contattare la tua compagnia telefonica o Internet per inviare la domanda.\u00a0 <a href=\"https:\/\/cnm.universalservice.org\/\" target=\"_blank\" rel=\"noopener\">Trova un provider telefonico o Internet<\/a> che offre Lifeline nel Maryland.<\/li>\n<\/ol>\n<p>Puoi anche scaricare un&#039;applicazione in <a href=\"https:\/\/www.lifelinesupport.org\/wp-content\/uploads\/documents\/get-lifeline\/LI_Application_NVstates.pdf\" target=\"_blank\" rel=\"noopener\">inglese<\/a> e <a href=\"https:\/\/www.lifelinesupport.org\/wp-content\/uploads\/documents\/get-lifeline\/LI-SP_Application_NVstates.pdf\" target=\"_blank\" rel=\"noopener\">spagnolo<\/a>.<\/p>\n<p>Potresti anche vedere annunci di telefoni cellulari gratuiti, ma assicurati di utilizzare un fornitore Lifeline autorizzato. Puoi trovarli <a href=\"https:\/\/cnm.universalservice.org\/\" target=\"_blank\" rel=\"noopener\">Qui<\/a>. Inoltre, leggi i termini e le condizioni per assicurarti che non ci siano altre commissioni. Infine, conosci le regole del programma Lifeline.<\/p>\n<p>\u00c8 consentito un solo vantaggio Lifeline per nucleo familiare e lo sconto \u00e8 di $9,25 al mese. \u00c8 necessario ricertificare lo sconto ogni anno.<\/p>\n<p>Se hai bisogno di aiuto, chiama il 211.<\/p>\n\t\t\t\t<img decoding=\"async\" src=\"http:\/\/211md.org\/wp-content\/uploads\/2023\/03\/person-going-over-phone-bill.png\" alt=\"persona che controlla la bolletta del telefono\" itemprop=\"image\" title=\"persona che controlla la bolletta del telefono\" onerror=\"this.style.display='none'\" loading='lazy' \/>\n<h2>Informazioni correlate<\/h2>\n<a title=\"Ottieni aiuto finanziario con la bolletta del riscaldamento del Maryland\" href=\"https:\/\/211md.org\/it\/risorse\/utilita-assistenza\/bollette-del-riscaldamento\/\">Fattura del riscaldamento del Maryland<\/a>\n<a title=\"Bollette dell&#039;acqua\" href=\"https:\/\/211md.org\/it\/risorse\/utilita-assistenza\/bollette-dellacqua\/\">Bollette dell&#039;acqua<\/a>\n<p><a href=\"https:\/\/211md.org\/it\/risorse\/utilita-assistenza\/bollette-elettriche\/\">Bolletta dell&#039;elettricit\u00e0<\/a><\/p>\n<h2>\n\t\t\tTrova risorse\t<\/h2>\n\t\t\t\t<a href=\"\/it\/risorse\/invecchiamento-disabilita\/\"  target=\"_self\" itemprop=\"url\">\n\t\t\t\t<img decoding=\"async\" src=\"https:\/\/211md.org\/wp-content\/uploads\/bb-plugin\/cache\/Mask-Group-41@2x-circle-73eaadba4cad8269faa4720e25cf1c85-.png\" alt=\"I piedi di una donna anziana e di una donna pi\u00f9 giovane che camminano insieme\" itemprop=\"image\" height=\"500\" width=\"500\" title=\"Servizi per la disabilit\u00e0\" onerror=\"this.style.display='none'\" loading='lazy' \/>\n\t\t\t\t<\/a>\n\t\t<h3><a href=\"\/it\/risorse\/invecchiamento-disabilita\/\" target=\"_self\">Invecchiamento e disabilit\u00e0<\/a><\/h3>\t\n\t\t\t\t<a href=\"\/it\/risorse\/bambini-famiglie\/\"  target=\"_self\" itemprop=\"url\">\n\t\t\t\t<img decoding=\"async\" src=\"https:\/\/211md.org\/wp-content\/uploads\/bb-plugin\/cache\/Mask-Group-38@2x-circle-ac40d46265fbec62083cd27f6dcf23b0-.png\" alt=\"Un giovane ragazzo e una ragazza sorridente e guardando la telecamera\" itemprop=\"image\" height=\"500\" width=\"500\" title=\"Gruppo maschera 38@2x\" onerror=\"this.style.display='none'\" loading='lazy' \/>\n\t\t\t\t<\/a>\n\t\t<h3><a href=\"\/it\/risorse\/bambini-famiglie\/\" target=\"_self\">Bambini e famiglie<\/a><\/h3>\t\n\t\t\t\t<a href=\"\/it\/risorse\/violenza-domestica-familiare\/\"  target=\"_self\" itemprop=\"url\">\n\t\t\t\t<img decoding=\"async\" src=\"https:\/\/211md.org\/wp-content\/uploads\/bb-plugin\/cache\/Mask-Group-39@2x-circle-b2589197a13c791d910f46dd10b27a87-.png\" alt=\"Due paia di mani che si tengono\" itemprop=\"image\" height=\"500\" width=\"500\" title=\"Gruppo maschera 39@2x\" onerror=\"this.style.display='none'\" loading='lazy' \/>\n\t\t\t\t<\/a>\n\t\t<h3><a href=\"\/it\/risorse\/violenza-domestica-familiare\/\" target=\"_self\">Violenza domestica\/familiare<\/a><\/h3>\t\n\t\t\t\t<a href=\"\/it\/risorse\/ricerca-occupazione\/\"  target=\"_self\" itemprop=\"url\">\n\t\t\t\t<img decoding=\"async\" src=\"https:\/\/211md.org\/wp-content\/uploads\/bb-plugin\/cache\/Employment-circle-bf72562329e950df948954f5d3f44b2e-.png\" alt=\"Un meccanico di automobili\" itemprop=\"image\" height=\"500\" width=\"500\" title=\"Occupazione\" onerror=\"this.style.display='none'\" loading='lazy' \/>\n\t\t\t\t<\/a>\n\t\t<h3><a href=\"\/it\/risorse\/ricerca-occupazione\/\" target=\"_self\">Occupazione<\/a><\/h3>\t\n\t\t\t\t<a href=\"\/it\/risorse\/assistenza-sanitaria\/\"  target=\"_self\" itemprop=\"url\">\n\t\t\t\t<img decoding=\"async\" src=\"https:\/\/211md.org\/wp-content\/uploads\/bb-plugin\/cache\/Mask-Group-35@2x-circle-94be10c13e4adae1683b4589dc2f5b2f-.png\" alt=\"Medico che esamina la gamba dei ragazzi\" itemprop=\"image\" height=\"500\" width=\"500\" title=\"Gruppo maschera 35@2x\" onerror=\"this.style.display='none'\" loading='lazy' \/>\n\t\t\t\t<\/a>\n\t\t<h3><a href=\"\/it\/risorse\/assistenza-sanitaria\/\" target=\"_self\">Assistenza sanitaria<\/a><\/h3>\t\n\t\t\t\t<a href=\"\/it\/risorse\/cibo\/\"  target=\"_self\" itemprop=\"url\">\n\t\t\t\t<img decoding=\"async\" src=\"https:\/\/211md.org\/wp-content\/uploads\/bb-plugin\/cache\/Mask-Group-32@2x-circle-1c6d647dcaf998fa079d26735cedc92b-.png\" alt=\"Verdure fresche\" itemprop=\"image\" height=\"500\" width=\"500\" title=\"Gruppo maschera 32@2x\" onerror=\"this.style.display='none'\" loading='lazy' \/>\n\t\t\t\t<\/a>\n\t\t<h3><a href=\"\/it\/risorse\/cibo\/\" target=\"_self\">Cibo<\/a><\/h3>\t\n\t\t\t\t<a href=\"\/it\/risorse\/alloggio-rifugio\/\"  target=\"_self\" itemprop=\"url\">\n\t\t\t\t<img decoding=\"async\" src=\"https:\/\/211md.org\/wp-content\/uploads\/bb-plugin\/cache\/Mask-Group-34@2x-circle-b99c55fc16ef21f35e2f2a1f7cc37b9a-.png\" alt=\"Balcone complesso di appartamenti\" itemprop=\"image\" height=\"500\" width=\"500\" title=\"Condominio\" onerror=\"this.style.display='none'\" loading='lazy' \/>\n\t\t\t\t<\/a>\n\t\t<h3><a href=\"\/it\/risorse\/alloggio-rifugio\/\" target=\"_self\">Alloggio e rifugio<\/a><\/h3>\t\n\t\t\t\t<a href=\"\/it\/risorse\/nuovo-per-gli-stati-uniti-e-maryland\/\"  target=\"_self\" itemprop=\"url\">\n\t\t\t\t<img decoding=\"async\" src=\"https:\/\/211md.org\/wp-content\/uploads\/bb-plugin\/cache\/American-flag-circle-0016cc327e27ef7aeb080f1da6c6e98b-.jpg\" alt=\"nuovo per gli Stati Uniti\" itemprop=\"image\" height=\"364\" width=\"1366\" title=\"Bandiera americana\" onerror=\"this.style.display='none'\" loading='lazy' \/>\n\t\t\t\t<\/a>\n\t\t<h3><a href=\"\/it\/risorse\/nuovo-per-gli-stati-uniti-e-maryland\/\" target=\"_self\">Immigrazione<\/a><\/h3>\t\n\t\t\t\t<a href=\"\/it\/risorse\/bambini-famiglie\/parentela-cura\/\"  target=\"_self\" itemprop=\"url\">\n\t\t\t\t<img decoding=\"async\" src=\"https:\/\/211md.org\/wp-content\/uploads\/bb-plugin\/cache\/kinship-family-navigating-a-computer-circle-045fee9d587aefb20221bfea41a2cf9b-.png\" alt=\"famiglia di parentela che naviga su un computer\" itemprop=\"image\" title=\"famiglia di parentela che naviga su un computer\" onerror=\"this.style.display='none'\" loading='lazy' \/>\n\t\t\t\t<\/a>\n\t\t<h3><a href=\"\/it\/risorse\/bambini-famiglie\/parentela-cura\/\" target=\"_self\">Parentela<\/a><\/h3>\t\n\t\t\t\t<a href=\"\/it\/risorse\/servizi-legali\/\"  target=\"_self\" itemprop=\"url\">\n\t\t\t\t<img decoding=\"async\" src=\"https:\/\/211md.org\/wp-content\/uploads\/bb-plugin\/cache\/Housing-Legal-circle-9a8f3c1c72c54b6e1ce612d2993c1ad4-.png\" alt=\"Martelletto legale con accanto un modello in plastica di una casa\" itemprop=\"image\" height=\"348\" width=\"460\" title=\"Alloggio legale\" onerror=\"this.style.display='none'\" loading='lazy' \/>\n\t\t\t\t<\/a>\n\t\t<h3><a href=\"\/it\/risorse\/servizi-legali\/\" target=\"_self\">Servizi legali<\/a><\/h3>\t\n\t\t\t\t<a href=\"\/it\/risorse\/salute-mentale\/\"  target=\"_self\" itemprop=\"url\">\n\t\t\t\t<img decoding=\"async\" src=\"https:\/\/211md.org\/wp-content\/uploads\/bb-plugin\/cache\/Mask-Group-40@2x-circle-7bd9426367852fb3d841bc4bdc57a550-.png\" alt=\"I profili di un uomo e di una donna\" itemprop=\"image\" height=\"500\" width=\"500\" title=\"Gruppo maschera 40@2x\" onerror=\"this.style.display='none'\" loading='lazy' \/>\n\t\t\t\t<\/a>\n\t\t<h3><a href=\"\/it\/risorse\/salute-mentale\/\" target=\"_self\">Salute mentale<\/a><\/h3>\t\n\t\t\t\t<a href=\"\/it\/risorse\/mdreentry\/\"  target=\"_self\" itemprop=\"url\">\n\t\t\t\t<img decoding=\"async\" src=\"https:\/\/211md.org\/wp-content\/uploads\/bb-plugin\/cache\/Diverse-group-of-community-members-circle-4457c114cd48613bc79a0fb50060319c-.jpg\" alt=\"Gruppo eterogeneo di membri della comunit\u00e0\" itemprop=\"image\" height=\"800\" width=\"1200\" title=\"Gruppo eterogeneo di membri della comunit\u00e0\" onerror=\"this.style.display='none'\" loading='lazy' \/>\n\t\t\t\t<\/a>\n\t\t<h3><a href=\"\/it\/risorse\/mdreentry\/\" target=\"_self\">Rientro<\/a><\/h3>\t\n\t\t\t\t<a href=\"\/it\/stophate\/\"  target=\"_self\" itemprop=\"url\">\n\t\t\t\t<img decoding=\"async\" src=\"https:\/\/211md.org\/wp-content\/uploads\/bb-plugin\/cache\/Background-section-MDStophate-circle-08e2bae1cf9f2ad6cc83e01e23da8cb9-.jpg\" alt=\"Sfondo-sezione-MDStophate\" itemprop=\"image\" height=\"768\" width=\"1366\" title=\"Sfondo-sezione-MDStophate\" onerror=\"this.style.display='none'\" loading='lazy' \/>\n\t\t\t\t<\/a>\n\t\t<h3><a href=\"\/it\/stophate\/\" target=\"_self\">Fermare l&#039;odio<\/a><\/h3>\t\n\t\t\t\t<a href=\"\/it\/risorse\/uso-di-sostanze\/\"  target=\"_self\" itemprop=\"url\">\n\t\t\t\t<img decoding=\"async\" src=\"https:\/\/211md.org\/wp-content\/uploads\/bb-plugin\/cache\/Substance-Use-circle-ad2d564932dc31267e0c32a6fb2d915c-.png\" alt=\"Pillole fracassanti a mano\" itemprop=\"image\" height=\"500\" width=\"500\" title=\"Uso di sostanze\" onerror=\"this.style.display='none'\" loading='lazy' \/>\n\t\t\t\t<\/a>\n\t\t<h3><a href=\"\/it\/risorse\/uso-di-sostanze\/\" target=\"_self\">Uso di sostanze<\/a><\/h3>\t\n\t\t\t\t<a href=\"\/it\/risorse\/servizi-fiscali\/\"  target=\"_self\" itemprop=\"url\">\n\t\t\t\t<img decoding=\"async\" src=\"https:\/\/211md.org\/wp-content\/uploads\/bb-plugin\/cache\/Mask-Group-34-circle-166a606e37e61188c9a17d5e634cda3c-.png\" alt=\"Persona che compila i documenti dell&#039;imposta sul reddito\" itemprop=\"image\" height=\"500\" width=\"500\" title=\"Gruppo maschera 34\" onerror=\"this.style.display='none'\" loading='lazy' \/>\n\t\t\t\t<\/a>\n\t\t<h3><a href=\"\/it\/risorse\/servizi-fiscali\/\" target=\"_self\">Servizi fiscali<\/a><\/h3>\t\n\t\t\t\t<a href=\"\/it\/risorse\/utilita-assistenza\/\"  target=\"_self\" itemprop=\"url\">\n\t\t\t\t<img decoding=\"async\" src=\"https:\/\/211md.org\/wp-content\/uploads\/bb-plugin\/cache\/Mask-Group-37@2x-circle-9661a11b9c4082079c9a1f06bc539567-.png\" alt=\"Una lampadina accesa\" itemprop=\"image\" height=\"500\" width=\"500\" title=\"Gruppo maschera 37@2x\" onerror=\"this.style.display='none'\" loading='lazy' \/>\n\t\t\t\t<\/a>\n\t\t<h3><a href=\"\/it\/risorse\/utilita-assistenza\/\" target=\"_self\">Assistenza utenze<\/a><\/h3>\t\n\t\t\t\t<a href=\"\/it\/risorse\/veterani\/\"  target=\"_self\" itemprop=\"url\">\n\t\t\t\t<img decoding=\"async\" src=\"https:\/\/211md.org\/wp-content\/uploads\/bb-plugin\/cache\/Veterans-circle-7c6972a59826c74f1f658f61df785fc3-.png\" alt=\"Un soldato che stringe la mano a qualcuno e sorride\" itemprop=\"image\" title=\"Veterani\" onerror=\"this.style.display='none'\" loading='lazy' \/>\n\t\t\t\t<\/a>\n\t\t<h3><a href=\"\/it\/risorse\/veterani\/\" target=\"_self\">Veterani<\/a><\/h3>","protected":false},"excerpt":{"rendered":"<p>Trova risorse vicino a me Cerca ora Aggiungi la tua agenzia o organizzazione al nostro database delle risorse. Hai bisogno di aiuto per pagare la bolletta del telefono o di Internet? L&#039;aiuto \u00e8 disponibile per coloro che ne hanno i requisiti. Il programma prevede sconti e non fornisce cellulari gratuiti. Tuttavia, gli operatori possono coprire il costo di un telefono cellulare per...<\/p>","protected":false},"author":8,"featured_media":3746,"parent":932,"menu_order":0,"comment_status":"closed","ping_status":"closed","template":"","meta":{"footnotes":""},"class_list":["post-1061","page","type-page","status-publish","has-post-thumbnail","hentry"],"_links":{"self":[{"href":"https:\/\/211md.org\/it\/wp-json\/wp\/v2\/pages\/1061","targetHints":{"allow":["GET"]}}],"collection":[{"href":"https:\/\/211md.org\/it\/wp-json\/wp\/v2\/pages"}],"about":[{"href":"https:\/\/211md.org\/it\/wp-json\/wp\/v2\/types\/page"}],"author":[{"embeddable":true,"href":"https:\/\/211md.org\/it\/wp-json\/wp\/v2\/users\/8"}],"replies":[{"embeddable":true,"href":"https:\/\/211md.org\/it\/wp-json\/wp\/v2\/comments?post=1061"}],"version-history":[{"count":2,"href":"https:\/\/211md.org\/it\/wp-json\/wp\/v2\/pages\/1061\/revisions"}],"predecessor-version":[{"id":4676,"href":"https:\/\/211md.org\/it\/wp-json\/wp\/v2\/pages\/1061\/revisions\/4676"}],"up":[{"embeddable":true,"href":"https:\/\/211md.org\/it\/wp-json\/wp\/v2\/pages\/932"}],"wp:featuredmedia":[{"embeddable":true,"href":"https:\/\/211md.org\/it\/wp-json\/wp\/v2\/media\/3746"}],"wp:attachment":[{"href":"https:\/\/211md.org\/it\/wp-json\/wp\/v2\/media?parent=1061"}],"curies":[{"name":"scrivere","href":"https:\/\/api.w.org\/{rel}","templated":true}]}}