{"id":1104,"date":"2021-04-19T14:40:22","date_gmt":"2021-04-19T14:40:22","guid":{"rendered":"https:\/\/211md.org\/?page_id=1104"},"modified":"2026-04-28T11:44:08","modified_gmt":"2026-04-28T15:44:08","slug":"assistenza-spese-mediche","status":"publish","type":"page","link":"https:\/\/211md.org\/it\/resources\/health-care\/medical-expense-assistance\/","title":{"rendered":"Ottieni assistenza per fatture e spese mediche"},"content":{"rendered":"<figure data-animation-delay=\"0\" data-animation-duration=\"1\" itemscope itemtype=\"https:\/\/schema.org\/ImageObject\">\n\t\t\t\t<img decoding=\"async\" src=\"https:\/\/stg-maryland211-staging.kinsta.cloud\/wp-content\/uploads\/2025\/08\/5-1-scaled.png\" alt=\"5\" height=\"692\" width=\"2560\" title=\"5\" onerror=\"this.style.display='none'\" loading=\"lazy\" \/>\n\t<\/figure>\n\t\t<p>Hai una spesa medica che non puoi permetterti? Non sei solo. Il Maryland e le organizzazioni nazionali potrebbero essere in grado di contribuire a compensare alcune delle spese mediche, mediare controversie sulla fatturazione o rifiuto di cure o fornire attrezzature mediche gratuite.<\/p>\n\t\t\t<a href=\"#start\"  target=\"_self\">\n\t\t\t\t\t\tPer iniziare\n\t\t\t\t\t<\/a>\n<figure data-animation-delay=\"0\" data-animation-duration=\"1\" itemscope itemtype=\"https:\/\/schema.org\/ImageObject\">\n\t\t\t\t<img decoding=\"async\" src=\"https:\/\/211md.org\/wp-content\/plugins\/bb-plugin\/img\/pixel.png\" alt=\"\" onerror=\"this.style.display='none'\" loading=\"lazy\" \/>\n\t<\/figure>\n<figure data-animation-delay=\"0\" data-animation-duration=\"1.3\" itemscope itemtype=\"https:\/\/schema.org\/ImageObject\">\n\t\t\t\t<img decoding=\"async\" src=\"https:\/\/stg-maryland211-staging.kinsta.cloud\/wp-content\/uploads\/2025\/08\/16.png\" alt=\"16\" height=\"1000\" width=\"1000\" title=\"16\" onerror=\"this.style.display='none'\" loading=\"lazy\" \/>\n\t<\/figure>\n\t<h3>Talk to Your Provider about Your Bill<\/h3>\n<p>Talk with your healthcare provider about financial assistance programs. Many hospitals have patient programs to help reduce medical bills. Ask about the provider&#8217;s financial assistance policy to learn about the details and eligibility requirements for care.<\/p>\n<p>Ad esempio, il <a href=\"https:\/\/www.umms.org\/ummc\/patients-visitors\/for-patients\/financial-assistance\" target=\"_blank\" rel=\"noopener\">Centro medico dell&#039;Universit\u00e0 del Maryland<\/a> possono aiutare i pazienti a ottenere servizi gratuiti o a basso costo se non possono pagare tutte o parte delle loro cure ospedaliere.<\/p>\n<p>The hospital considers your ability to pay for care, including household income and family size. Also, the provider may also be able to help you apply for coverage through Medicaid or <a href=\"https:\/\/211md.org\/it\/risorse\/assistenza-sanitaria\/assicurazione-sanitaria\/\">Collegamento sanitario del Maryland.<\/a><\/p>\n<figure itemscope itemtype=\"https:\/\/schema.org\/ImageObject\">\n\t\t\t\t<img decoding=\"async\" src=\"http:\/\/211md.org\/wp-content\/uploads\/2026\/04\/patient-at-doctors-office-paying-bill-with-receptionist.jpg\" alt=\"patient paying doctor\" title=\"patient at doctors office paying bill with receptionist\" onerror=\"this.style.display='none'\" loading=\"lazy\" \/>\n\t<\/figure>\n\t<h3>Prescrizioni<\/h3>\n<p>Oltre alle spese mediche, anche i farmaci da prescrizione possono essere costosi. Se il tuo medico ti prescrive un farmaco che non puoi permetterti, ce ne sono <a href=\"https:\/\/211md.org\/it\/risorse\/assistenza-sanitaria\/prescrizioni\/\">prescription drug programs <\/a>available at participating Maryland pharmacies.<\/p>\n<p>Puoi anche cercare nel database delle risorse 211 programmi e organizzazioni locali che possono aiutarti.<\/p>\n\t\t\t<a href=\"https:\/\/search.211md.org\/search?query=Medical%20Bill%20Assistance&#038;query_type=text\" target=\"_blank\" rel=\"noopener\">\n\t\t\t\t\t\tMedical bill help\n\t\t\t\t\t<\/a>\n\t\t\t<a href=\"https:\/\/search.211md.org\/search?query=LH-5100.6500&#038;query_type=taxonomy&#038;query_label=\" target=\"_blank\" rel=\"noopener\">\n\t\t\t\t\t\tPrescription drug help\n\t\t\t\t\t<\/a>\n<figure itemscope itemtype=\"https:\/\/schema.org\/ImageObject\">\n\t\t\t\t<img decoding=\"async\" src=\"https:\/\/211md.org\/wp-content\/uploads\/2026\/04\/someone-with-a-broken-arm-signing-legal-papers.jpg\" alt=\"injured person signing legal papers\" height=\"1500\" width=\"2000\" title=\"someone with a broken arm signing legal papers\" onerror=\"this.style.display='none'\" loading=\"lazy\" \/>\n\t<\/figure>\n\t\t<h2>Mediate a Medical Bill<\/h2>\n\t\t<p>Se non riesci a risolvere la fattura medica con il tuo fornitore o hai un altro problema medico, l&#039;Unit\u00e0 di educazione sanitaria e advocacy del procuratore generale del Maryland (HEAU) potrebbe essere in grado di mediare la situazione gratuitamente. Possono aiutare con:<\/p>\n<ul>\n<li>controversie sulla fatturazione medica<\/li>\n<li>fattura medica a sorpresa di una struttura o di un fornitore di cure di emergenza fuori rete presso un ospedale o un centro chirurgico in rete<\/li>\n<li>ha ricevuto una fattura superiore al preventivo in buona fede<\/li>\n<li>ha fatturato una tariffa per una struttura ambulatoriale da un ospedale del Maryland ma non ha ricevuto informazioni sulla tariffa prima della visita medica<\/li>\n<li>controversie sulle apparecchiature mediche<\/li>\n<li>impossibilit\u00e0 di ottenere cartelle cliniche o copie delle stesse<\/li>\n<li>negazione della copertura del piano sanitario privato per tutte o parte delle cure<\/li>\n<li>navigare nel programma di assistenza finanziaria di un ospedale<\/li>\n<li>ha negato l&#039;assistenza finanziaria o opzioni di pagamento ragionevoli da un ospedale del Maryland<\/li>\n<li>cessazione del piano sanitario privato<\/li>\n<li>negata l&#039;iscrizione a un piano sanitario qualificato o negato crediti d&#039;imposta sui premi avanzati o riduzioni sulla condivisione dei costi da parte del Maryland Health Connection<\/li>\n<\/ul>\n\t\t\t<a href=\"https:\/\/www.marylandattorneygeneral.gov\/Pages\/CPD\/HEAU\/default.aspx\" target=\"_blank\" rel=\"noopener\">\n\t\t\t\t\t\tLearn about mediation\n\t\t\t\t\t<\/a>\n\t<h3>Aiuto finanziario per le malattie croniche e rare<\/h3>\n<p>Se prevedi di sostenere spese mediche continue a causa di una malattia cronica o rara, puoi richiedere assistenza tramite il tuo fornitore e contattare anche le organizzazioni nazionali senza scopo di lucro che potrebbero aiutarti.<\/p>\n<p>Il <a href=\"https:\/\/www.panfoundation.org\/about-pan\/\" target=\"_blank\" rel=\"noopener\">Fondazione PAN<\/a> aiuta i pazienti assicurati a livello federale e commerciale a ricevere i farmaci e le cure di cui hanno bisogno per malattie potenzialmente letali, croniche e rare. L&#039;organizzazione aiuta con i costi dei farmaci da prescrizione e anche i trattamenti.<\/p>\n<p>Dal 2004, hanno fornito assistenza finanziaria per $4 miliardi a pi\u00f9 di un milione di pazienti sottoassicurati.<\/p>\n<p>Il <a href=\"https:\/\/www.healthwellfoundation.org\/patients\/\" target=\"_blank\" rel=\"noopener\">Fondazione HealthWell<\/a> pu\u00f2 anche aiutare le persone idonee con copays, premi, franchigie e altri costi vivi per interventi chirurgici, supplementi e forniture. L&#039;organizzazione ha un numero di <a href=\"https:\/\/www.healthwellfoundation.org\/disease-funds\/\" target=\"_blank\" rel=\"noopener\">Fondi per malattie<\/a> che supportano le persone con determinate malattie.<\/p>\n<p><a href=\"https:\/\/www.cancercare.org\/financial_assistance\" target=\"_blank\" rel=\"noopener\">Cancro<em>Cura<\/em><\/a> fornisce anche assistenza finanziaria e collabora con organizzazioni in tutto il paese che possono aiutare con i costi della cura del cancro. <a href=\"https:\/\/www.cancercare.org\/financial\" target=\"_blank\" rel=\"noopener\">Programmi finanziari<\/a> variare in base al tipo di cancro che hai e alla regione. IL <a href=\"https:\/\/www.cancercare.org\/copayfoundation\" target=\"_blank\" rel=\"noopener\">programma di assistenza al co-pagamento<\/a> copre alcune diagnosi di cancro.<\/p>\n<p>Puoi anche chiedere al tuo fornitore se ha una polizza di assistenza finanziaria per coprire i costi di assistenza in corso.<\/p>\n\t\t<h2>Attrezzatura medica gratuita<\/h2>\n\t\t<p>Durable medical equipment can be expensive if you have to buy it.\u00a0When medical equipment is needed long-term, Medicare, Medicaid, or your insurer should help offset the cost.<\/p>\n<p>In caso contrario, puoi ottenere apparecchiature mediche usate e ricondizionate tramite il <a href=\"https:\/\/aging.maryland.gov\/pages\/DME.aspx\" target=\"_blank\" rel=\"noopener\">Programma di riutilizzo di attrezzature mediche durevoli del Maryland<\/a> (DME). \u00c8 gestito dal Dipartimento dell&#039;invecchiamento, ma \u00e8 disponibile per tutti nel Maryland, indipendentemente dall&#039;et\u00e0.<\/p>\n<p>You can request equipment such as canes, crutches, walkers, bed rails, shower chairs, wheelchairs, mechanical lifts, power scooters, and hospital beds. Inventory varies, so you have to submit a request.<\/p>\n<p>The agency said it uses occupational and physical therapists to properly match equipment to an individual. They ensure the size is proper for an individual based on their need, height, weight, and any other factors. That helps ensure safety.<\/p>\n<p>Il Dipartimento dell&#039;invecchiamento del Maryland ha discusso su come funziona questo programma <a href=\"https:\/\/211md.org\/it\/episodio-16-md-dipartimento-di-invecchiamento\/\">Episodio 16 di Cos&#039;\u00e8 il 211? podcast<\/a>.<\/p>\n\t\t\t<a href=\"\"  target=\"_blank\" rel=\"noopener\">\n\t\t\t\t\t\tFind a DME location\n\t\t\t\t\t<\/a>\n\t<h3>Armadi di prestito del Maryland<\/h3>\n<p>\u00c8 inoltre possibile ottenere temporaneamente attrezzature mediche o tecnologia assistiva, tramite un armadio per prestiti comunitari.<\/p>\n<p>Puoi trovare sedie a rotelle, letti ospedalieri, sedie da doccia, sollevatori per WC, sponde per letti, deambulatori, stampelle, bastoni e altre attrezzature mediche durevoli di cui potresti aver bisogno.<\/p>\n<p>Gli articoli variano e la maggior parte viene fornita gratuitamente o prestata con un deposito cauzionale rimborsabile.<\/p>\n<p>Ad esempio, dentro\u00a0<a href=\"https:\/\/www.charlescountymd.gov\/services\/aging-and-senior-services\/loan-closet-for-durable-medical-equipment\" target=\"_blank\" rel=\"noopener\">Contea di Carlo<\/a>, l&#039;armadio dei prestiti consente alle persone di prendere in prestito l&#039;attrezzatura per 90 giorni. Le estensioni vengono fornite caso per caso, a seconda dell&#039;inventario dell&#039;armadio dei prestiti.<\/p>\n<p>Nel\u00a0<a href=\"https:\/\/www.howardcountymd.gov\/disability-services\" target=\"_blank\" rel=\"noopener\">Contea di Howard<\/a>, the Maryland Department of Aging is providing hospital beds and motorized chairs through the Howard County loan closet. The equipment is also accessible to residents of other counties, including Anne Arundel, Baltimore, Carroll, Frederick, Montgomery, and Prince George&#8217;s County.<\/p>\n<p>Se non puoi ritirare l&#039;attrezzatura, \u00e8 disponibile la consegna gratuita tramite\u00a0<a href=\"https:\/\/www.howardcountymd.gov\/News051822d\" target=\"_blank\" rel=\"noopener\">Giro del vicino<\/a> nella contea di Howard.<\/p>\n<p>Dall&#039;apertura dell&#039;Howard County Loan Closet nel 2004, sono stati distribuiti pi\u00f9 di 35.000 pezzi di attrezzatura.\u00a0<a href=\"https:\/\/www.howardcountymd.gov\/disability-services\/loan-closet-equipment\" target=\"_blank\" rel=\"noopener\">View the current medical equipment<\/a> in the Howard County Loan Closet.<\/p>\n<p>Find a local provider by searching the 211 database.<\/p>\n\t\t\t<a href=\"https:\/\/search.211md.org\/search?query=Medical%20Equipment%20Supplies&#038;query_type=text\" target=\"_blank\" rel=\"noopener\">\n\t\t\t\t\t\tMedical equipment\/supplies\n\t\t\t\t\t<\/a>\n\t\t\t<a href=\"https:\/\/search.211md.org\/search?query=Loan%20Closet&#038;query_type=text\" target=\"_blank\" rel=\"noopener\">\n\t\t\t\t\t\tBorrow equipment\n\t\t\t\t\t<\/a>\n\t<h3>Dona attrezzature mediche<\/h3>\n<p>Se un membro della famiglia non ha pi\u00f9 bisogno di attrezzature mediche durevoli come un bastone, stampelle o un deambulatore, puoi donarlo per aiutare un&#039;altra persona bisognosa. Dona a un armadio per prestiti comunitari o al programma di riutilizzo di attrezzature mediche durevoli del Maryland (DME) attraverso il Department of Aging.<\/p>\n<p>Once the Department of Aging receives a donation, the equipment is sanitized, repaired, and redistributed.<\/p>\n\t\t<figure itemscope itemtype=\"https:\/\/schema.org\/ImageObject\">\n\t\t\t\t<a href=\"https:\/\/search.211md.org\/\" target=\"_blank\" rel=\"noopener\" itemprop=\"url\">\n\t\t\t\t<img decoding=\"async\" src=\"https:\/\/stg-maryland211-staging.kinsta.cloud\/wp-content\/uploads\/2025\/08\/2025_MdInfoNet_Icon-Sets-white_Locate.png\" alt=\"\" onerror=\"this.style.display='none'\" loading=\"lazy\" \/>\n\t\t\t\t<\/a>\n\t<\/figure>\n<h2><a href=\"https:\/\/search.211md.org\/\" target=\"_blank\" rel=\"noopener\">Trova risorse ora<\/a><\/h2><p>Trovare <strong>risorse della comunit\u00e0 <\/strong>per cibo, assistenza sanitaria, alloggio e altro ancora nel nostro database. Cerca per codice postale.<\/p>\n\t\t\t<a href=\"https:\/\/search.211md.org\/\" target=\"_blank\" rel=\"noopener\">\n\t\t\t\t\t\t\tCerca ora\n\t\t\t<\/a>\n<h2>\n\t\t\tOther health related information\t<\/h2>\n\t\t<h4><a href=\"\/it\/risorse\/invecchiamento-disabilita\/?utm_source=Home&#038;utm_medium=Referral&#038;utm_campaign=211Resources&#038;utm_content=Aging\" target=\"_self\">Invecchiamento e disabilit\u00e0<\/a><\/h4><figure itemscope itemtype=\"https:\/\/schema.org\/ImageObject\">\n\t\t\t\t<a href=\"\/it\/risorse\/invecchiamento-disabilita\/?utm_source=Home&#038;utm_medium=Referral&#038;utm_campaign=211Resources&#038;utm_content=Aging\"  target=\"_self\" itemprop=\"url\">\n\t\t\t\t<img decoding=\"async\" src=\"https:\/\/211md.org\/wp-content\/uploads\/bb-plugin\/cache\/2025_MdInfoNet_Icon-Sets_Aging-disability-square-c466727102cae71e5f27b8539bb51945-.png\" alt=\"\" onerror=\"this.style.display='none'\" loading=\"lazy\" \/>\n\t\t\t\t<\/a>\n\t<\/figure>\n\t\t<h4><a href=\"\/it\/risorse\/bambini-famiglie\/?utm_source=Home&#038;utm_medium=Referral&#038;utm_campaign=211Resources&#038;utm_content=Children\" target=\"_self\">Bambini e famiglie<\/a><\/h4><figure itemscope itemtype=\"https:\/\/schema.org\/ImageObject\">\n\t\t\t\t<a href=\"\/it\/risorse\/bambini-famiglie\/?utm_source=Home&#038;utm_medium=Referral&#038;utm_campaign=211Resources&#038;utm_content=Children\"  target=\"_self\" itemprop=\"url\">\n\t\t\t\t<img decoding=\"async\" src=\"https:\/\/211md.org\/wp-content\/uploads\/bb-plugin\/cache\/2025_211_Icon-Sets_Child-care-square-f3b0d4edab3dcc467fadb5f55f4064c6-.png\" alt=\"parent and child icon for child care\" height=\"417\" width=\"417\" title=\"2025_211_Set di icone_Assistenza all&#039;infanzia\" onerror=\"this.style.display='none'\" loading=\"lazy\" \/>\n\t\t\t\t<\/a>\n\t<\/figure>\n\t\t<h4><a href=\"\/it\/risorse\/violenza-domestica-familiare\/?utm_source=Home&#038;utm_medium=Referral&#038;utm_campaign=211Resources&#038;utm_content=Domestic\" target=\"_self\">Violenza domestica<\/a><\/h4><figure itemscope itemtype=\"https:\/\/schema.org\/ImageObject\">\n\t\t\t\t<a href=\"\/it\/risorse\/violenza-domestica-familiare\/?utm_source=Home&#038;utm_medium=Referral&#038;utm_campaign=211Resources&#038;utm_content=Domestic\"  target=\"_self\" itemprop=\"url\">\n\t\t\t\t<img decoding=\"async\" src=\"https:\/\/211md.org\/wp-content\/uploads\/bb-plugin\/cache\/2025_211_Icon-Sets_Domestic-Violence-square-7b597694a6f05fe90cdc376aa573bc63-.png\" alt=\"House with a heart in the middle icon\" height=\"417\" width=\"417\" title=\"2025_211_Set di icone_Violenza domestica\" onerror=\"this.style.display='none'\" loading=\"lazy\" \/>\n\t\t\t\t<\/a>\n\t<\/figure>\n\t\t<h4><a href=\"\/it\/risorse\/ricerca-occupazione\/?utm_source=Home&#038;utm_medium=Referral&#038;utm_campaign=211Resources&#038;utm_content=Employment\" target=\"_self\">Occupazione<\/a><\/h4><figure itemscope itemtype=\"https:\/\/schema.org\/ImageObject\">\n\t\t\t\t<a href=\"\/it\/risorse\/ricerca-occupazione\/?utm_source=Home&#038;utm_medium=Referral&#038;utm_campaign=211Resources&#038;utm_content=Employment\"  target=\"_self\" itemprop=\"url\">\n\t\t\t\t<img decoding=\"async\" src=\"https:\/\/211md.org\/wp-content\/uploads\/bb-plugin\/cache\/2025_MdInfoNet_Icon-Sets_Employment-square-44707bd410e4df10a470bf130ebcea86-.png\" alt=\"\" onerror=\"this.style.display='none'\" loading=\"lazy\" \/>\n\t\t\t\t<\/a>\n\t<\/figure>\n\t\t<h4><a href=\"\/it\/risorse\/assistenza-sanitaria\/?utm_source=Home&#038;utm_medium=Referral&#038;utm_campaign=211Resources&#038;utm_content=Health%20Care\" target=\"_self\">Assistenza sanitaria<\/a><\/h4><figure itemscope itemtype=\"https:\/\/schema.org\/ImageObject\">\n\t\t\t\t<a href=\"\/it\/risorse\/assistenza-sanitaria\/?utm_source=Home&#038;utm_medium=Referral&#038;utm_campaign=211Resources&#038;utm_content=Health%20Care\"  target=\"_self\" itemprop=\"url\">\n\t\t\t\t<img decoding=\"async\" src=\"https:\/\/211md.org\/wp-content\/uploads\/bb-plugin\/cache\/2025_MdInfoNet_Icon-Sets_Health-Care-square-dee98a0060cbe0e7f27eda253fc12679-.png\" alt=\"\" onerror=\"this.style.display='none'\" loading=\"lazy\" \/>\n\t\t\t\t<\/a>\n\t<\/figure>\n\t\t<h4><a href=\"\/it\/risorse\/nuovo-per-gli-stati-uniti-e-maryland\/?utm_source=Home&#038;utm_medium=Referral&#038;utm_campaign=211Resources&#038;utm_content=Immigration\" target=\"_self\">Immigrazione<\/a><\/h4><figure itemscope itemtype=\"https:\/\/schema.org\/ImageObject\">\n\t\t\t\t<a href=\"\/it\/risorse\/nuovo-per-gli-stati-uniti-e-maryland\/?utm_source=Home&#038;utm_medium=Referral&#038;utm_campaign=211Resources&#038;utm_content=Immigration\"  target=\"_self\" itemprop=\"url\">\n\t\t\t\t<img decoding=\"async\" src=\"https:\/\/211md.org\/wp-content\/uploads\/bb-plugin\/cache\/2025_MdInfoNet_Icon-Sets_Immigration-square-8b97b7fdfe5e6071405e216855065118-.png\" alt=\"icona dell&#039;immigrazione\" title=\"2025_MdInfoNet_Icon-Sets_Immigration\" onerror=\"this.style.display='none'\" loading=\"lazy\" \/>\n\t\t\t\t<\/a>\n\t<\/figure>\n\t\t<h4><a href=\"\/it\/risorse\/bambini-famiglie\/parentela-cura\/?utm_source=Home&#038;utm_medium=Referral&#038;utm_campaign=211Resources&#038;utm_content=Kinship\" target=\"_self\">Parentela<\/a><\/h4><figure itemscope itemtype=\"https:\/\/schema.org\/ImageObject\">\n\t\t\t\t<a href=\"\/it\/risorse\/bambini-famiglie\/parentela-cura\/?utm_source=Home&#038;utm_medium=Referral&#038;utm_campaign=211Resources&#038;utm_content=Kinship\"  target=\"_self\" itemprop=\"url\">\n\t\t\t\t<img decoding=\"async\" src=\"https:\/\/211md.org\/wp-content\/uploads\/bb-plugin\/cache\/2025_211_Icon-Sets_Kinship-square-45bdf872866f5735f842c32071109267-.png\" alt=\"Icona di parentela\" height=\"417\" width=\"417\" title=\"2025_211_Set di icone_Parentela\" onerror=\"this.style.display='none'\" loading=\"lazy\" \/>\n\t\t\t\t<\/a>\n\t<\/figure>\n\t\t<h4><a href=\"\/it\/risorse\/servizi-legali\/?utm_source=Home&#038;utm_medium=Referral&#038;utm_campaign=211Resources&#038;utm_content=Legal\" target=\"_self\">Servizi legali<\/a><\/h4><figure itemscope itemtype=\"https:\/\/schema.org\/ImageObject\">\n\t\t\t\t<a href=\"\/it\/risorse\/servizi-legali\/?utm_source=Home&#038;utm_medium=Referral&#038;utm_campaign=211Resources&#038;utm_content=Legal\"  target=\"_self\" itemprop=\"url\">\n\t\t\t\t<img decoding=\"async\" src=\"https:\/\/211md.org\/wp-content\/uploads\/bb-plugin\/cache\/2025_MdInfoNet_Icon-Sets_Legal-square-18fdf438feb8435588174d9046463257-.png\" alt=\"\" onerror=\"this.style.display='none'\" loading=\"lazy\" \/>\n\t\t\t\t<\/a>\n\t<\/figure>\n\t\t<h4><a href=\"\/it\/risorse\/salute-mentale\/?utm_source=Home&#038;utm_medium=Referral&#038;utm_campaign=211Resources&#038;utm_content=Mental\" target=\"_self\">Salute mentale<\/a><\/h4><figure itemscope itemtype=\"https:\/\/schema.org\/ImageObject\">\n\t\t\t\t<a href=\"\/it\/risorse\/salute-mentale\/?utm_source=Home&#038;utm_medium=Referral&#038;utm_campaign=211Resources&#038;utm_content=Mental\"  target=\"_self\" itemprop=\"url\">\n\t\t\t\t<img decoding=\"async\" src=\"https:\/\/211md.org\/wp-content\/uploads\/bb-plugin\/cache\/2025_MdInfoNet_Icon-Sets_Mental-Health-square-c59b38c4a993a947d4c9280fbe2d2fee-.png\" alt=\"\" onerror=\"this.style.display='none'\" loading=\"lazy\" \/>\n\t\t\t\t<\/a>\n\t<\/figure>\n\t\t<h4><a href=\"\/it\/risorse\/mdreentry\/?utm_source=Home&#038;utm_medium=Referral&#038;utm_campaign=211Resources&#038;utm_content=Reentry\" target=\"_self\">Rientro<\/a><\/h4><figure itemscope itemtype=\"https:\/\/schema.org\/ImageObject\">\n\t\t\t\t<a href=\"\/it\/risorse\/mdreentry\/?utm_source=Home&#038;utm_medium=Referral&#038;utm_campaign=211Resources&#038;utm_content=Reentry\"  target=\"_self\" itemprop=\"url\">\n\t\t\t\t<img decoding=\"async\" src=\"https:\/\/211md.org\/wp-content\/uploads\/bb-plugin\/cache\/2025_211_Icon-Sets_Reentry-square-8676fea38abd920a832f45642fe31cca-.png\" alt=\"Icona di rientro\" height=\"417\" width=\"417\" title=\"2025_211_Set di icone_Rientro\" onerror=\"this.style.display='none'\" loading=\"lazy\" \/>\n\t\t\t\t<\/a>\n\t<\/figure>\n\t\t<h4><a href=\"\/it\/risorse\/uso-di-sostanze\/?utm_source=Home&#038;utm_medium=Referral&#038;utm_campaign=211Resources&#038;utm_content=Substance\" target=\"_self\">Uso di sostanze<\/a><\/h4><figure itemscope itemtype=\"https:\/\/schema.org\/ImageObject\">\n\t\t\t\t<a href=\"\/it\/risorse\/uso-di-sostanze\/?utm_source=Home&#038;utm_medium=Referral&#038;utm_campaign=211Resources&#038;utm_content=Substance\"  target=\"_self\" itemprop=\"url\">\n\t\t\t\t<img decoding=\"async\" src=\"https:\/\/211md.org\/wp-content\/uploads\/bb-plugin\/cache\/2025_MdInfoNet_Icon-Sets_Substance-Abuse-square-4f414f085e657267739c181957754f48-.png\" alt=\"Pills for substance Use icon\" title=\"2025_MdInfoNet_Icon-Sets_Substance-Abuse\" onerror=\"this.style.display='none'\" loading=\"lazy\" \/>\n\t\t\t\t<\/a>\n\t<\/figure>\n\t\t<h4><a href=\"\/it\/risorse\/veterani\/?utm_source=Home&#038;utm_medium=Referral&#038;utm_campaign=211Resources&#038;utm_content=Veterans\" target=\"_self\">Veterani<\/a><\/h4><figure itemscope itemtype=\"https:\/\/schema.org\/ImageObject\">\n\t\t\t\t<a href=\"\/it\/risorse\/veterani\/?utm_source=Home&#038;utm_medium=Referral&#038;utm_campaign=211Resources&#038;utm_content=Veterans\"  target=\"_self\" itemprop=\"url\">\n\t\t\t\t<img decoding=\"async\" src=\"https:\/\/211md.org\/wp-content\/uploads\/bb-plugin\/cache\/2025_MdInfoNet_Icon-Sets_Rating-square-6e60d00cce4faa8e0a6d4ad7366aa733-.png\" alt=\"\" onerror=\"this.style.display='none'\" loading=\"lazy\" \/>\n\t\t\t\t<\/a>\n\t<\/figure>\n\t<h2>Trova le risorse giuste<\/h2>\n<p>Come possiamo aiutarti oggi?<\/p>\n\t<meta name=\"algolia-site-verification\"  content=\"577A0FE2E1B79863\" \/>","protected":false},"excerpt":{"rendered":"<p>Do you have a medical expense that you can&#8217;t afford? You are not alone. Maryland and national organizations may be able to help offset some of your medical costs, mediate billing disputes or care denial, or provide free medical equipment. Get Started Talk to Your Provider about Your Bill Talk with your healthcare provider about&hellip;<\/p>","protected":false},"author":8,"featured_media":2079,"parent":838,"menu_order":0,"comment_status":"closed","ping_status":"closed","template":"","meta":{"footnotes":""},"class_list":["post-1104","page","type-page","status-publish","has-post-thumbnail","hentry"],"_links":{"self":[{"href":"https:\/\/211md.org\/it\/wp-json\/wp\/v2\/pages\/1104","targetHints":{"allow":["GET"]}}],"collection":[{"href":"https:\/\/211md.org\/it\/wp-json\/wp\/v2\/pages"}],"about":[{"href":"https:\/\/211md.org\/it\/wp-json\/wp\/v2\/types\/page"}],"author":[{"embeddable":true,"href":"https:\/\/211md.org\/it\/wp-json\/wp\/v2\/users\/8"}],"replies":[{"embeddable":true,"href":"https:\/\/211md.org\/it\/wp-json\/wp\/v2\/comments?post=1104"}],"version-history":[{"count":11,"href":"https:\/\/211md.org\/it\/wp-json\/wp\/v2\/pages\/1104\/revisions"}],"predecessor-version":[{"id":34610,"href":"https:\/\/211md.org\/it\/wp-json\/wp\/v2\/pages\/1104\/revisions\/34610"}],"up":[{"embeddable":true,"href":"https:\/\/211md.org\/it\/wp-json\/wp\/v2\/pages\/838"}],"wp:featuredmedia":[{"embeddable":true,"href":"https:\/\/211md.org\/it\/wp-json\/wp\/v2\/media\/2079"}],"wp:attachment":[{"href":"https:\/\/211md.org\/it\/wp-json\/wp\/v2\/media?parent=1104"}],"curies":[{"name":"scrivere","href":"https:\/\/api.w.org\/{rel}","templated":true}]}}