{"id":1116,"date":"2021-04-19T16:19:54","date_gmt":"2021-04-19T16:19:54","guid":{"rendered":"https:\/\/211md.org\/?page_id=1116"},"modified":"2025-09-09T11:30:22","modified_gmt":"2025-09-09T15:30:22","slug":"smaltimento-dei-farmaci","status":"publish","type":"page","link":"https:\/\/211md.org\/it\/resources\/substance-use\/drug-disposal\/","title":{"rendered":"Cosa fare con i vecchi farmaci da prescrizione"},"content":{"rendered":"<img decoding=\"async\" src=\"https:\/\/stg-maryland211-staging.kinsta.cloud\/wp-content\/uploads\/2025\/08\/5-1-scaled.png\" alt=\"5\" itemprop=\"image\" height=\"692\" width=\"2560\" title=\"5\" onerror=\"this.style.display='none'\" loading=\"lazy\" \/>\n\t\t<h1><a href=\"#start\" target=\"_self\">Intestazione di pagina predefinita<\/a><\/h1><p>Hai farmaci da prescrizione o da banco vecchi, scaduti, indesiderati o inutilizzati nel tuo armadietto dei medicinali?<\/p>\n<p>Lo smaltimento sicuro dei farmaci pu\u00f2 contribuire a prevenire l&#039;uso di oppioidi.<\/p>\n<p>9,9 milioni di americani abusano di farmaci da prescrizione, secondo il\u00a0<a href=\"https:\/\/www.samhsa.gov\/data\/release\/2018-national-survey-drug-use-and-health-nsduh-releases\" target=\"_blank\" rel=\"noopener\">Indagine nazionale 2018 su consumo di droga e salute<\/a>, con la maggior parte proveniente dalla famiglia, dagli amici e dall&#039;armadietto dei medicinali di casa.<\/p>\n<p>Anche i farmaci possono causare problemi ambientali se smaltiti in modo improprio nella spazzatura o gettati nel water.<\/p>\n<p>Scopri come smaltire correttamente i farmaci.<\/p>\n\t\t\t<a href=\"#start\" target=\"_self\">\n\t\t\t\t\t\tPer iniziare\n\t\t\t\t\t<\/a>\n\t\t\t\t<img decoding=\"async\" src=\"https:\/\/211md.org\/wp-content\/plugins\/bb-plugin\/img\/pixel.png\" alt=\"\" itemprop=\"image\" onerror=\"this.style.display='none'\" loading=\"lazy\" \/>\n\t\t\t\t<img decoding=\"async\" src=\"https:\/\/stg-maryland211-staging.kinsta.cloud\/wp-content\/uploads\/2025\/08\/16.png\" alt=\"16\" itemprop=\"image\" height=\"1000\" width=\"1000\" title=\"16\" onerror=\"this.style.display='none'\" loading=\"lazy\" \/>\n\t\t\t\t<img decoding=\"async\" src=\"http:\/\/211md.org\/wp-content\/uploads\/2021\/04\/safely-get-rid-of-prescription-medicine-in-maryland.jpg\" alt=\"Pillole rosa, blu e verdi che fuoriescono dai flaconi delle pillole\" itemprop=\"image\" title=\"sbarazzarsi in modo sicuro della medicina di prescrizione nel Maryland\" onerror=\"this.style.display='none'\" loading=\"lazy\" \/>\n\t<h2>Perch\u00e9 \u00e8 necessario smaltire i farmaci?<\/h2>\n<p>211 Il Maryland ha registrato un aumento del 57% delle chiamate relative agli oppioidi negli ultimi tre anni. Di tutte le chiamate per abuso di sostanze, la maggior parte cerca consulenza e cure ospedaliere.<\/p>\n<p>I nostri specialisti delle chiamate utilizzano il nostro vasto database di risorse essenziali per mettere in contatto i chiamanti con i migliori programmi per le loro esigenze insoddisfatte.<\/p>\n<p>Prevenire l&#039;abuso di droghe \u00e8 uno dei modi migliori per fare la differenza nell&#039;epidemia di oppioidi.<\/p>\nPerch\u00e9 sbarazzarsi della droga in modo sicuro?<br \/>\n1. Tiene le droghe lontane dalle mani di adolescenti o adulti.<br \/>\n2. Impedisce che vengano rubati o venduti illegalmente.<br \/>\n2. Previene l&#039;avvelenamento di bambini e animali domestici.<br \/>\n3. Protegge l&#039;ambiente\n\t<p>I siti dei pasti estivi possono cambiare ogni anno, quindi controlla il\u00a0<a href=\"https:\/\/mars.msde.maryland.gov\/mars_sitesearch\/\" target=\"_blank\" rel=\"noopener\">Sito dei pasti del Maryland<\/a>\u00a0ogni anno per le ultime informazioni. Oppure, controlla con il tuo distretto scolastico locale per trovare le organizzazioni che forniscono pasti estivi gratuiti per i bambini.<\/p>\n<p>Inoltre, le famiglie potrebbero avere diritto ai Maryland SUN Bucks. Se ricevi altri vantaggi, potresti essere automaticamente iscritto per ricevere $40 al mese a giugno, luglio e agosto ($120 in totale). <a href=\"https:\/\/stg-maryland211-staging.kinsta.cloud\/resources\/children-families\/summer-programs\/\" target=\"_blank\" rel=\"noopener\">Scopri di pi\u00f9 sui Maryland SUN Bucks<\/a>.<\/p>\n<h2>Come sbarazzarsi dei farmaci da prescrizione nel Maryland<\/h2>\n<p>Se hai vecchi farmaci (prescritti o da banco) in casa o un membro della famiglia che \u00e8 morto ha farmaci in casa, ci sono modi gratuiti per smaltirli senza gettarli via nella spazzatura.<\/p>\n<h3>Ottieni una borsa per lo smaltimento dei farmaci gratuita<\/h3>\n<p>\u00c8 possibile smaltire i farmaci soggetti a prescrizione medica a casa adottando alcune precauzioni, tramite un programma di ritiro in farmacia o utilizzando un sacchetto per lo smaltimento.<\/p>\n<p>Si riempie la busta sigillabile con il farmaco, si aggiunge un po&#039; d&#039;acqua, si agita e si getta via la busta.<\/p>\n<p>La busta contiene carbone attivo che disattiva il farmaco, rendendolo sicuro da gettare nella spazzatura.<\/p>\n<p><strong>LISTA<\/strong><\/p>\n<h3>Giornata di ritiro dei farmaci<\/h3>\n<p>Ogni anno si tengono eventi di ritiro dei farmaci in cui \u00e8 possibile consegnare i farmaci prescritti per smaltirli in modo sicuro. Si tengono ogni autunno e primavera.<\/p>\n<p><a href=\"https:\/\/apps2.deadiversion.usdoj.gov\/NTBI\/NTBI-PUB.pub;jsessionid=eok_7496ISLHX1XN6KwiBJs1LFug_LlU3VoWHx7U.web1?_flowExecutionKey=_c8710170A-AC86-0E50-1E2F-F12DE4152607_k050F69E5-77E8-5CE1-21C4-8AF29D72BB29\" target=\"_blank\" rel=\"noopener\">Cerca nel database della Drug Enforcement Agency<\/a>\u00a0tramite codice postale per trovare un sito locale di ritiro della droga nel Maryland.<\/p>\n<p>Alcune farmacie e dipartimenti di polizia hanno scatole per lo smaltimento delle pillole che puoi usare in qualsiasi momento dell&#039;anno.<\/p>\n<p>Il\u00a0<a href=\"https:\/\/safe.pharmacy\/drug-disposal\/results\/?address=21601&amp;distance=100\" target=\"_blank\" rel=\"noopener\">Associazione Nazionale dei Consigli di Farmacia<\/a>\u00a0ha una ricerca per codice postale per trovare un contenitore per lo smaltimento locale sempre disponibile.<\/p>\n<p><a href=\"https:\/\/www.walgreens.com\/storelocator\/find.jsp?RxDisposal=true\" target=\"_blank\" rel=\"noopener\">Walgreens ha anche una propria ricerca di chioschi della droga<\/a>\u00a0che sono disponibili durante l&#039;orario di farmacia.<\/p>\n<p>Diversi dipartimenti di polizia del Maryland hanno scatole di droga che consentono a un individuo di entrare e smaltire i farmaci in qualsiasi momento.\u00a0<a href=\"https:\/\/www.rxdrugdropbox.org\/loc\/maryland\/page\/2\/\" target=\"_blank\" rel=\"noopener\">Cerca una scatola di droga del Maryland<\/a>.<\/p>\n<p>Puoi anche\u00a0<a href=\"https:\/\/apps.deadiversion.usdoj.gov\/pubdispsearch\/spring\/main;jsessionid=fq7vl3mOzhqOw4Y5iIIJPgoCw7tEg_83X0rygMp5.web1?execution=e1s1\" target=\"_blank\" rel=\"noopener\">cercare nel database di smaltimento pubblico delle sostanze controllate<\/a>\u00a0per trovare un luogo vicino a te che accetti farmaci da prescrizione.<\/p>\n\t\t\t\t<img decoding=\"async\" src=\"http:\/\/211md.org\/wp-content\/uploads\/2025\/09\/Closeup-of-pills-to-throw-away.jpg\" alt=\"Primo piano delle pillole da buttare via\" itemprop=\"image\" title=\"Primo piano delle pillole da buttare via\" onerror=\"this.style.display='none'\" loading=\"lazy\" \/>\n\t<h3>Come buttare via i vecchi farmaci<\/h3>\n<p>Se non riesci a trovare un sito di smaltimento dei farmaci attivo vicino a te, non puoi aspettare il giorno successivo per il ritiro e non hai accesso a una busta per lo smaltimento dei farmaci: puoi gettare alcuni farmaci nel WC o gettarli nel WC. spazzatura.<\/p>\n<p>Ancora una volta, \u00e8 meglio smaltirli adeguatamente, se possibile.<\/p>\n<p>I farmaci vanno in un impianto di trattamento delle acque reflue quando vengono versati nel lavandino o scaricati nel gabinetto. Queste piante non sono progettate per rimuovere regolarmente i farmaci. Di conseguenza, la medicina pu\u00f2 filtrare nelle acque sotterranee, nei fiumi e nei corsi d&#039;acqua, entrando nelle fonti di acqua potabile.<\/p>\n<h3>Lista di lavaggio della FDA<\/h3>\n<p>Alcuni farmaci sono cos\u00ec pericolosi se nelle mani sbagliate e cos\u00ec comunemente usati in modo improprio che la Food and Drug Administration ha creato un\u00a0<a href=\"https:\/\/www.fda.gov\/drugs\/disposal-unused-medicines-what-you-should-know\/drug-disposal-fdas-flush-list-certain-medicines#FlushList\" target=\"_blank\" rel=\"noopener\">lista di colore approvata<\/a>. Svuotare i farmaci in questo elenco solo se non sono disponibili altre opzioni.<\/p>\n<p>Questi farmaci possono causare la morte da una dose se assunti in modo inappropriato. La FDA ritiene che il rischio di esposizione accidentale superi di gran lunga le preoccupazioni ambientali per alcuni farmaci. Quindi \u00e8 meglio buttare via questi farmaci piuttosto che aspettare il giorno del ritiro.<\/p>\n<p>L&#039;altra opzione \u00e8 mescolare il farmaco con lettiera per gatti o fondi di caff\u00e8 e sigillarlo in un contenitore usa e getta. Questo pu\u00f2 essere un contenitore di yogurt vuoto o un sacchetto sigillabile. Rimuovere l&#039;adesivo sul flacone del farmaco o utilizzare un pennarello indelebile per rimuovere le informazioni identificabili e gettare separatamente il flacone vuoto.<\/p>\n<p>&nbsp;<\/p>\n<p>&nbsp;<\/p>\n<h2>Hai bisogno di qualcos&#039;altro?<\/h2>\n<p>Il 211 offre migliaia di risorse per altre necessit\u00e0 essenziali. Ricevi aiuto per cibo, alloggio, assistenza per le utenze e molto altro!<\/p>\n<p>&nbsp;<\/p>\n\t\t\t<a href=\"\/it\/risorse\/cibo\/\" target=\"_self\">\n\t\t\t\t\t\ttrovare cibo\n\t\t\t\t\t<\/a>\n\t\t\t<a href=\"\/it\/risorse\/alloggio-rifugio\/\" target=\"_self\">\n\t\t\t\t\t\ttrovare un alloggio\n\t\t\t\t\t<\/a>\n\t\t\t<a href=\"\/it\/risorse\/utilities\/\" target=\"_self\">\n\t\t\t\t\t\tottenere assistenza per le utenze\n\t\t\t\t\t<\/a>\n\t\t\t<a href=\"\/it\/risorse-per-provincia\/\" target=\"_self\">\n\t\t\t\t\t\trisorse per contea\n\t\t\t\t\t<\/a>\n<h2>\n\t\t\tInformazioni correlate \t<\/h2>\n\t<h2>esplorare i programmi di assistenza<\/h2>\n<p>Scopri di pi\u00f9 sui programmi di assistenza e su come contattare il supporto.<\/p>\n\t\t<h3><a href=\"\/it\/risorse\/cibo\/\" target=\"_self\">Cibo<\/a><\/h3><p>Cibo gratis vicino a me, dispense, SNAP, WIC, risparmi sulla spesa<\/p>\n<a href=\"\/it\/risorse\/cibo\/\"  target=\"_self\">Saperne di pi\u00f9<\/a>\t\n\t\t\t\t<a href=\"\/it\/risorse\/cibo\/\"  target=\"_self\" itemprop=\"url\">\n\t\t\t\t<img decoding=\"async\" src=\"https:\/\/211md.org\/wp-content\/uploads\/bb-plugin\/cache\/2025_MdInfoNet_Icon-Sets-white_food-square-dfa1c607bcdb6b34735ae61e84e21386-.png\" alt=\"2025_MdInfoNet_Icon Sets-white_food\" itemprop=\"image\" title=\"2025_MdInfoNet_Icon Sets-white_food\" onerror=\"this.style.display='none'\" loading=\"lazy\" \/>\n\t\t\t\t<\/a>\n\t\t<h3><a href=\"\/it\/risorse\/utilita-assistenza\/\" target=\"_self\">Utilit\u00e0<\/a><\/h3><p>Programmi di assistenza per le bollette di elettricit\u00e0, gas e acqua<\/p>\n<a href=\"\/it\/risorse\/utilita-assistenza\/\"  target=\"_self\">Saperne di pi\u00f9<\/a>\t\n\t\t\t\t<a href=\"\/it\/risorse\/utilita-assistenza\/\"  target=\"_self\" itemprop=\"url\">\n\t\t\t\t<img decoding=\"async\" src=\"https:\/\/211md.org\/wp-content\/uploads\/bb-plugin\/cache\/2025_MdInfoNet_Icon-Sets-white_Utilities-square-485aa1950491235898117da61fd0a70a-.png\" alt=\"2025_MdInfoNet_Icon Sets-white_Utilities\" itemprop=\"image\" title=\"2025_MdInfoNet_Icon Sets-white_Utilities\" onerror=\"this.style.display='none'\" loading=\"lazy\" \/>\n\t\t\t\t<\/a>\n\t\t\t\t<a href=\"\/it\/risorse\/alloggio-rifugio\/\"  target=\"_self\" itemprop=\"url\">\n\t\t\t\t<img decoding=\"async\" src=\"https:\/\/211md.org\/wp-content\/uploads\/bb-plugin\/cache\/2025_MdInfoNet_Icon-Sets-white_Housing-square-5b4ab26c33cdf5bd88fd6164be4cc0b8-.png\" alt=\"2025_MdInfoNet_Icon Sets-white_Housing\" itemprop=\"image\" title=\"2025_MdInfoNet_Icon Sets-white_Housing\" onerror=\"this.style.display='none'\" loading=\"lazy\" \/>\n\t\t\t\t<\/a>\n\t\t<h3><a href=\"\/it\/risorse\/alloggio-rifugio\/\" target=\"_self\">Abitazione<\/a><\/h3><p>Pagamenti di affitto, prevenzione degli sfratti, rifugi per senzatetto<\/p>\n<a href=\"\/it\/risorse\/alloggio-rifugio\/\"  target=\"_self\">Saperne di pi\u00f9<\/a>\t\n\t\t\t\t<a href=\"\/it\/risorse\/nuovo-per-gli-stati-uniti-e-maryland\/\"  target=\"_self\" itemprop=\"url\">\n\t\t\t\t<img decoding=\"async\" src=\"https:\/\/211md.org\/wp-content\/uploads\/bb-plugin\/cache\/2025_MdInfoNet_Icon-Sets-white_Immigration-square-71ef90812193ac6d0e3edc3e61891f7f-.png\" alt=\"2025_MdInfoNet_Icon Sets-white_Immigration\" itemprop=\"image\" title=\"2025_MdInfoNet_Icon Sets-white_Immigration\" onerror=\"this.style.display='none'\" loading=\"lazy\" \/>\n\t\t\t\t<\/a>\n\t\t<h3><a href=\"\/it\/risorse\/nuovo-per-gli-stati-uniti-e-maryland\/\" target=\"_self\">Immigrazione<\/a><\/h3><p>Aiuto all&#039;immigrazione per i nuovi americani e i rifugiati<\/p>\n<a href=\"\/it\/risorse\/nuovo-per-gli-stati-uniti-e-maryland\/\"  target=\"_self\">Saperne di pi\u00f9<\/a>\t\n\t\t<h4><a href=\"\/it\/risorse\/invecchiamento-disabilita\/\" target=\"_self\">Invecchiamento e disabilit\u00e0<\/a><\/h4>\n\t\t\t\t<a href=\"\/it\/risorse\/invecchiamento-disabilita\/\"  target=\"_self\" itemprop=\"url\">\n\t\t\t\t<img decoding=\"async\" src=\"https:\/\/211md.org\/wp-content\/uploads\/bb-plugin\/cache\/2025_MdInfoNet_Icon-Sets_Aging-disability-square-c466727102cae71e5f27b8539bb51945-.png\" alt=\"2025_MdInfoNet_Set di icone_Invecchiamento-disabilit\u00e0\" itemprop=\"image\" title=\"2025_MdInfoNet_Set di icone_Invecchiamento-disabilit\u00e0\" onerror=\"this.style.display='none'\" loading=\"lazy\" \/>\n\t\t\t\t<\/a>\n\t\t<h4><a href=\"https:\/\/211md.org\/it\/risorse\/bambini-famiglie\/\" target=\"_blank\" rel=\"noopener\">Bambini e famiglie<\/a><\/h4>\n\t\t\t\t<a href=\"https:\/\/211md.org\/it\/risorse\/bambini-famiglie\/\" target=\"_blank\" rel=\"noopener\" itemprop=\"url\">\n\t\t\t\t<img decoding=\"async\" src=\"https:\/\/211md.org\/wp-content\/uploads\/bb-plugin\/cache\/2025_211_Icon-Sets_Child-care-square-a8953c7678f51ed443764342b64ee948-.png\" alt=\"2025_211_Set di icone_Assistenza all&#039;infanzia\" itemprop=\"image\" title=\"2025_211_Set di icone_Assistenza all&#039;infanzia\" onerror=\"this.style.display='none'\" loading=\"lazy\" \/>\n\t\t\t\t<\/a>\n\t\t<h4><a href=\"\/it\/risorse\/violenza-domestica-familiare\/\" target=\"_self\">Violenza domestica<\/a><\/h4>\n\t\t\t\t<a href=\"\/it\/risorse\/violenza-domestica-familiare\/\"  target=\"_self\" itemprop=\"url\">\n\t\t\t\t<img decoding=\"async\" src=\"https:\/\/211md.org\/wp-content\/uploads\/bb-plugin\/cache\/2025_211_Icon-Sets_Domestic-Violence-square-e6e48b12d9d44dadd394e0d40debfd96-.png\" alt=\"Icona della violenza domestica\" itemprop=\"image\" title=\"2025_211_Set di icone_Violenza domestica\" onerror=\"this.style.display='none'\" loading=\"lazy\" \/>\n\t\t\t\t<\/a>\n\t\t<h4><a href=\"\/it\/risorse\/ricerca-occupazione\/\" target=\"_self\">Occupazione<\/a><\/h4>\n\t\t\t\t<a href=\"\/it\/risorse\/ricerca-occupazione\/\"  target=\"_self\" itemprop=\"url\">\n\t\t\t\t<img decoding=\"async\" src=\"https:\/\/211md.org\/wp-content\/uploads\/bb-plugin\/cache\/2025_MdInfoNet_Icon-Sets_Employment-square-44707bd410e4df10a470bf130ebcea86-.png\" alt=\"2025_MdInfoNet_Set di icone_Occupazione\" itemprop=\"image\" title=\"2025_MdInfoNet_Set di icone_Occupazione\" onerror=\"this.style.display='none'\" loading=\"lazy\" \/>\n\t\t\t\t<\/a>\n\t\t<h4><a href=\"\/it\/risorse\/assistenza-sanitaria\/\" target=\"_self\">Assistenza sanitaria<\/a><\/h4>\n\t\t\t\t<a href=\"\/it\/risorse\/assistenza-sanitaria\/\"  target=\"_self\" itemprop=\"url\">\n\t\t\t\t<img decoding=\"async\" src=\"https:\/\/211md.org\/wp-content\/uploads\/bb-plugin\/cache\/2025_MdInfoNet_Icon-Sets_Health-Care-square-dee98a0060cbe0e7f27eda253fc12679-.png\" alt=\"2025_MdInfoNet_Set di icone_Assistenza sanitaria\" itemprop=\"image\" title=\"2025_MdInfoNet_Set di icone_Assistenza sanitaria\" onerror=\"this.style.display='none'\" loading=\"lazy\" \/>\n\t\t\t\t<\/a>\n\t\t<h4><a href=\"\/it\/risorse\/bambini-famiglie\/parentela-cura\/\" target=\"_self\">Parentela<\/a><\/h4>\n\t\t\t\t<a href=\"\/it\/risorse\/bambini-famiglie\/parentela-cura\/\"  target=\"_self\" itemprop=\"url\">\n\t\t\t\t<img decoding=\"async\" src=\"https:\/\/211md.org\/wp-content\/uploads\/bb-plugin\/cache\/2025_211_Icon-Sets_Kinship-square-21d4c353354c53c083c80118abb066f2-.png\" alt=\"Icona di parentela\" itemprop=\"image\" title=\"2025_211_Set di icone_Parentela\" onerror=\"this.style.display='none'\" loading=\"lazy\" \/>\n\t\t\t\t<\/a>\n\t\t<h4><a href=\"\/it\/risorse\/servizi-legali\/\" target=\"_self\">Servizi legali<\/a><\/h4>\n\t\t\t\t<a href=\"\/it\/risorse\/servizi-legali\/\"  target=\"_self\" itemprop=\"url\">\n\t\t\t\t<img decoding=\"async\" src=\"https:\/\/211md.org\/wp-content\/uploads\/bb-plugin\/cache\/2025_MdInfoNet_Icon-Sets_Legal-square-18fdf438feb8435588174d9046463257-.png\" alt=\"2025_MdInfoNet_Set di icone_Legale\" itemprop=\"image\" title=\"2025_MdInfoNet_Set di icone_Legale\" onerror=\"this.style.display='none'\" loading=\"lazy\" \/>\n\t\t\t\t<\/a>\n\t\t<h4><a href=\"\/it\/risorse\/salute-mentale\/\" target=\"_self\">Salute mentale<\/a><\/h4>\n\t\t\t\t<a href=\"\/it\/risorse\/salute-mentale\/\"  target=\"_self\" itemprop=\"url\">\n\t\t\t\t<img decoding=\"async\" src=\"https:\/\/211md.org\/wp-content\/uploads\/bb-plugin\/cache\/2025_MdInfoNet_Icon-Sets_Mental-Health-square-c59b38c4a993a947d4c9280fbe2d2fee-.png\" alt=\"2025_MdInfoNet_Set di icone_Salute mentale\" itemprop=\"image\" title=\"2025_MdInfoNet_Set di icone_Salute mentale\" onerror=\"this.style.display='none'\" loading=\"lazy\" \/>\n\t\t\t\t<\/a>\n\t\t<h4><a href=\"\/it\/risorse\/mdreentry\/\" target=\"_self\">Rientro<\/a><\/h4>\n\t\t\t\t<a href=\"\/it\/risorse\/mdreentry\/\"  target=\"_self\" itemprop=\"url\">\n\t\t\t\t<img decoding=\"async\" src=\"https:\/\/211md.org\/wp-content\/uploads\/bb-plugin\/cache\/2025_211_Icon-Sets_Reentry-square-f36b65d903a62fd4c3819ff05988ca60-.png\" alt=\"Icona di rientro\" itemprop=\"image\" title=\"2025_211_Set di icone_Rientro\" onerror=\"this.style.display='none'\" loading=\"lazy\" \/>\n\t\t\t\t<\/a>\n\t\t<h4><a href=\"\/it\/risorse\/uso-di-sostanze\/\" target=\"_self\">Uso di sostanze<\/a><\/h4>\n\t\t\t\t<a href=\"\/it\/risorse\/uso-di-sostanze\/\"  target=\"_self\" itemprop=\"url\">\n\t\t\t\t<img decoding=\"async\" src=\"https:\/\/211md.org\/wp-content\/uploads\/bb-plugin\/cache\/2025_MdInfoNet_Icon-Sets_Substance-Abuse-square-9022fec9d18a64118ad685c101885b55-.png\" alt=\"2025_MdInfoNet_Icon Sets_Abuso di sostanze\" itemprop=\"image\" title=\"2025_MdInfoNet_Icon Sets_Abuso di sostanze\" onerror=\"this.style.display='none'\" loading=\"lazy\" \/>\n\t\t\t\t<\/a>\n\t\t<h4><a href=\"\/it\/risorse\/veterani\/\" target=\"_self\">Veterani<\/a><\/h4>\n\t\t\t\t<a href=\"\/it\/risorse\/veterani\/\"  target=\"_self\" itemprop=\"url\">\n\t\t\t\t<img decoding=\"async\" src=\"https:\/\/211md.org\/wp-content\/uploads\/bb-plugin\/cache\/2025_MdInfoNet_Icon-Sets_Rating-square-6e60d00cce4faa8e0a6d4ad7366aa733-.png\" alt=\"2025_MdInfoNet_Set di icone_Valutazione\" itemprop=\"image\" title=\"2025_MdInfoNet_Set di icone_Valutazione\" onerror=\"this.style.display='none'\" loading=\"lazy\" \/>\n\t\t\t\t<\/a>","protected":false},"excerpt":{"rendered":"<p>Intestazione pagina predefinita Hai farmaci da prescrizione o da banco vecchi, scaduti, indesiderati o inutilizzati nel tuo armadietto dei medicinali? Smaltire i farmaci in modo sicuro pu\u00f2 aiutare a prevenire l&#039;uso di oppioidi. Secondo il National Survey on Drug Use and Health del 2018, 9,9 milioni di americani abusano di farmaci da prescrizione, e la maggior parte proviene da familiari, amici e dal medico di base...<\/p>","protected":false},"author":8,"featured_media":2105,"parent":837,"menu_order":0,"comment_status":"closed","ping_status":"closed","template":"","meta":{"footnotes":""},"class_list":["post-1116","page","type-page","status-publish","has-post-thumbnail","hentry"],"_links":{"self":[{"href":"https:\/\/211md.org\/it\/wp-json\/wp\/v2\/pages\/1116","targetHints":{"allow":["GET"]}}],"collection":[{"href":"https:\/\/211md.org\/it\/wp-json\/wp\/v2\/pages"}],"about":[{"href":"https:\/\/211md.org\/it\/wp-json\/wp\/v2\/types\/page"}],"author":[{"embeddable":true,"href":"https:\/\/211md.org\/it\/wp-json\/wp\/v2\/users\/8"}],"replies":[{"embeddable":true,"href":"https:\/\/211md.org\/it\/wp-json\/wp\/v2\/comments?post=1116"}],"version-history":[{"count":6,"href":"https:\/\/211md.org\/it\/wp-json\/wp\/v2\/pages\/1116\/revisions"}],"predecessor-version":[{"id":33798,"href":"https:\/\/211md.org\/it\/wp-json\/wp\/v2\/pages\/1116\/revisions\/33798"}],"up":[{"embeddable":true,"href":"https:\/\/211md.org\/it\/wp-json\/wp\/v2\/pages\/837"}],"wp:featuredmedia":[{"embeddable":true,"href":"https:\/\/211md.org\/it\/wp-json\/wp\/v2\/media\/2105"}],"wp:attachment":[{"href":"https:\/\/211md.org\/it\/wp-json\/wp\/v2\/media?parent=1116"}],"curies":[{"name":"scrivere","href":"https:\/\/api.w.org\/{rel}","templated":true}]}}