{"id":1130,"date":"2021-04-19T16:48:43","date_gmt":"2021-04-19T16:48:43","guid":{"rendered":"https:\/\/211md.org\/?page_id=1130"},"modified":"2025-09-10T12:47:04","modified_gmt":"2025-09-10T16:47:04","slug":"prevenzione-del-suicidio","status":"publish","type":"page","link":"https:\/\/211md.org\/it\/resources\/mental-health\/suicide-prevention\/","title":{"rendered":"Come prevenire il suicidio parlandone con adolescenti e adulti"},"content":{"rendered":"<img decoding=\"async\" src=\"https:\/\/stg-maryland211-staging.kinsta.cloud\/wp-content\/uploads\/2025\/08\/5-1-scaled.png\" alt=\"5\" itemprop=\"image\" height=\"692\" width=\"2560\" title=\"5\" onerror=\"this.style.display='none'\" loading=\"lazy\" \/>\n\t\t<h1><a href=\"#start\" target=\"_self\">Intestazione di pagina predefinita<\/a><\/h1><p>Conversazioni sincere possono aiutare a prevenire il suicidio. Parlarne aiuta ad abbattere gli stigmi e le barriere legate alla salute mentale.<\/p>\n<p>Impara quali domande porre e, se qualcuno ha bisogno di aiuto immediato, chiama il 988 per parlare con qualcuno 24 ore su 24, 7 giorni su 7.<\/p>\n\t\t\t<a href=\"#start\" target=\"_self\">\n\t\t\t\t\t\tPer iniziare\n\t\t\t\t\t<\/a>\n\t\t\t\t<img decoding=\"async\" src=\"https:\/\/211md.org\/wp-content\/plugins\/bb-plugin\/img\/pixel.png\" alt=\"\" itemprop=\"image\" onerror=\"this.style.display='none'\" loading=\"lazy\" \/>\n\t\t\t\t<img decoding=\"async\" src=\"https:\/\/stg-maryland211-staging.kinsta.cloud\/wp-content\/uploads\/2025\/08\/16.png\" alt=\"16\" itemprop=\"image\" height=\"1000\" width=\"1000\" title=\"16\" onerror=\"this.style.display='none'\" loading=\"lazy\" \/>\n\t\t\t\t<img decoding=\"async\" src=\"http:\/\/211md.org\/wp-content\/uploads\/2023\/09\/Mom-comforting-daughter-struggling-with-mental-health.jpg\" alt=\"Mamma conforta la figlia alle prese con la salute mentale\" itemprop=\"image\" title=\"Mamma conforta la figlia alle prese con la salute mentale\" onerror=\"this.style.display='none'\" loading=\"lazy\" \/>\n\t<h2>Parlare di suicidio<\/h2>\n<p>Parlare di suicidio pu\u00f2 sembrare difficile, ma parlarne pu\u00f2 prevenirlo.<\/p>\n<p>Inizia una conversazione con chiunque sembri:<\/p>\n<ul>\n<li>gi\u00f9<\/li>\n<li>triste<\/li>\n<li>solitario<\/li>\n<li>disinteressato alle normali attivit\u00e0 o riunioni<\/li>\n<\/ul>\n<p>Contattali e chiedi loro come stanno.<\/p>\n<p>Su &quot;Cos&#039;\u00e8 il 211?&quot; podcast, Brandon Johnson, MSH,\u00a0<a href=\"https:\/\/211md.org\/it\/podcast\/black-mental-wellness-lounge\/\" target=\"_blank\" rel=\"noopener\">conduttore di The Black Mental Wellness Lounge su YouTube<\/a>, ha parlato della riluttanza a parlare di suicidio.<\/p>\n<blockquote><p>&quot;Il suicidio \u00e8 un argomento molto delicato. Lo capisco perfettamente, ma poich\u00e9 vediamo che i tassi in alcune comunit\u00e0 continuano ad aumentare, \u00e8 importante capire che l&#039;ideazione suicidaria \u00e8 reale.&quot;<\/p><\/blockquote>\n\t<p>Quando si parla di suicidio, \u00e8 importante scegliere con cura le parole. Cambiando il linguaggio, possiamo garantire che le persone si sentano a loro agio nell&#039;affrontare l&#039;argomento e si sentano fiduciose.<\/p>\n<blockquote><p>&quot;...vogliamo cambiare il linguaggio. In modo che le persone sentano di poter affrontare le conversazioni in un ambiente sicuro e senza essere danneggiate, inizialmente solo dal linguaggio, prima ancora di avere l&#039;opportunit\u00e0 di sperimentare il potenziale di speranza e guarigione&quot;, ha spiegato Johnson.<\/p><\/blockquote>\n<p>Inoltre, evitate caratterizzazioni generalizzate delle persone ed evitate il gergo. Johnson ha spiegato:<\/p>\n<blockquote><p>Quindi, potremmo dire che questa persona soffre di DOC o che questa persona agisce in modo bipolare, o che questa persona \u00e8 schizofrenica, senza considerare cosa significhi realmente e quanto sia stigmatizzante per una persona che potrebbe essere bipolare, giusto? Che potrebbe essere schizofrenica, che potrebbe avere il DOC. Banalizzare le loro esperienze, usando un termine gergale, di solito interrogativo nei confronti di qualcun altro, \u00e8 qualcosa che pu\u00f2 essere dannoso, arrivando persino a pensieri suicidi.<\/p><\/blockquote>\n\t<h2>Bisogno di parlare?\u00a0<\/h2>\n<p>&nbsp;<\/p>\n\t<h3><img loading=\"lazy\" decoding=\"async\" src=\"http:\/\/211md.org\/wp-content\/uploads\/2025\/08\/2025_MdInfoNet_Icon-Sets-white_Phone-150x150.png\" alt=\"\" width=\"150\" height=\"150\" \/>Chiama o invia un SMS al 988<\/h3>\n\t\t\t<a href=\"https:\/\/988lifeline.org\/chat\/\" target=\"_blank\" rel=\"noopener\">\n\t\t\t\t\t\t\tChatta ora (inglese)\n\t\t\t\t\t<\/a>\n\t\t\t<a href=\"https:\/\/988lifeline.org\/es\/chat\/\" target=\"_blank\" rel=\"noopener\">\n\t\t\t\t\t\t\tChatea Ahora (Spagnolo)\n\t\t\t\t\t<\/a>\n\t<p>Chiunque abbia bisogno di assistenza per problemi di salute mentale o legati all\u2019uso di sostanze pu\u00f2 chiamare il 988. <a href=\"https:\/\/health.maryland.gov\/bha\/Pages\/988md.aspx\" target=\"_blank\" rel=\"noopener\">Ulteriori informazioni su 988 nel Maryland<\/a>.<\/p>\n\t<h2>Parlare con gli adolescenti<\/h2>\n<p>Parlare con un adolescente pu\u00f2 essere difficile perch\u00e9 sta attraversando un periodo molto difficile a livello sociale, emotivo e mentale.<\/p>\n<p>Se hanno difficolt\u00e0 a capire come si sentono riguardo a se stessi, affrontare queste conversazioni pu\u00f2 essere ancora pi\u00f9 complicato.<\/p>\n<p><a href=\"https:\/\/211md.org\/it\/blog\/episodio-11-prevenzione-del-suicidio-con-la-fondazione-liveforthomas\/\" target=\"_blank\" rel=\"noopener\">Amy Ocasio della Fondazione LIVEFORTHOMAS<\/a> ha parlato delle difficolt\u00e0 che incontra nel parlare con i suoi figli.<\/p>\n<blockquote><p>Quindi, ho sicuramente avuto difficolt\u00e0 a trovare questo equilibrio perch\u00e9, con entrambi i miei figli, ho imparato che se li lascio venire da me, parlano. Se inizio a fare domande, \u00e8 allora che si chiudono in se stessi.<\/p>\n<p>Quindi, si trattava di trovare l&#039;equilibrio tra quanto spingere e quando tirare indietro?<\/p><\/blockquote>\n<p>Ha sottolineato l&#039;importanza del linguaggio e dell&#039;empatia come genitore. Ha affermato di aver trovato fondamentale non ignorare, minimizzare o minimizzare ci\u00f2 che il figlio stava dicendo. A volte ci\u00f2 che pu\u00f2 sembrare banale per un adulto, \u00e8 monumentale per un bambino.<\/p>\n<blockquote><p>\u201cSai, ascolta e basta. Non devi nemmeno capire, okay, non capisco perch\u00e9 questo sia un grosso problema, ma sai che lo \u00e8 per mio figlio. Quindi, fammi scoprire di pi\u00f9 su cosa sta succedendo e chiedi loro, sai, cosa ti serve da me? Ad esempio, cosa ti sar\u00e0 utile in questa situazione? Ocasio ha spiegato.<\/p><\/blockquote>\n<p>L&#039;adolescenza \u00e8 un periodo di rischi e opportunit\u00e0. Il suicidio \u00e8 uno di questi rischi. \u00c8 la seconda causa di morte tra i giovani tra i 10 e i 24 anni, secondo i Centers for Disease Control and Prevention.<\/p>\n<p>Un bambino che non ha mai affrontato la propria salute mentale prima potrebbe incontrare difficolt\u00e0 durante l&#039;adolescenza. Pressioni sociali, bullismo e orientamento sessuale sono tutte cause.<\/p>\n<p>Parlate con i vostri adolescenti della loro salute mentale e fate attenzione ai segnali d&#039;allarme di un problema di salute comportamentale.<\/p>\n<p>Se hanno bisogno di aiuto, contattate il 988.<\/p>\n\t\t\t\t<a href=\"https:\/\/search.988.mdinfonet.org\/\" target=\"_blank\" rel=\"noopener\" itemprop=\"url\">\n\t\t\t\t<img decoding=\"async\" src=\"https:\/\/stg-maryland211-staging.kinsta.cloud\/wp-content\/uploads\/2025\/08\/2025_MdInfoNet_Icon-Sets-white_Locate.png\" alt=\"\" itemprop=\"image\" onerror=\"this.style.display='none'\" loading=\"lazy\" \/>\n\t\t\t\t<\/a>\n<h2><a href=\"https:\/\/search.988.mdinfonet.org\/\" target=\"_blank\" rel=\"noopener\">Trova risorse per la salute mentale<\/a><\/h2><p>Cerca nel database di risorse sulla salute comportamentale pi\u00f9 completo dello Stato, che presenta filtri disponibili per tipo di pagamento, et\u00e0, tipo di supporto e lingua.<\/p>\n\t\t\t<a href=\"https:\/\/search.988.mdinfonet.org\/\" target=\"_blank\" rel=\"noopener\">\n\t\t\t\t\t\t\tCerca ora\n\t\t\t<\/a>\n<h2>Domande da porre sulla salute mentale<\/h2>\n<p>Prima di iniziare la conversazione, crea uno spazio sicuro in cui discutere e sii pronto ad ascoltare.<\/p>\n<p>Fai domande aperte e inizia la conversazione con una frase come &quot;Ho notato&quot;.<\/p>\n<p>Il Dipartimento della salute del Maryland e l&#039;Ufficio per la prevenzione del suicidio del Maryland raccomandano frasi come queste:<\/p>\n<ul>\n<li>Non parliamo da un po&#039;. Come stai?<\/li>\n<li>Sembri gi\u00f9 ultimamente. Cosa sta succedendo?<\/li>\n<li>Sono preoccupato per te. Qualcosa non va? Voglio essere l\u00ec per te.<\/li>\n<li>Non sei stato te stesso ultimamente. Stai bene?<\/li>\n<li>C&#039;\u00e8 qualcosa di cui vuoi parlare?<\/li>\n<\/ul>\n<p>\u00c8 essenziale ascoltare e dimostrare che ci tieni. Sostieni il tuo familiare o amico incontrandoti con lui o controllandolo.<\/p>\n<p>Non \u00e8 richiesto che tu fornisca consigli, ma puoi indirizzarli a professionisti o a risorse gratuite e riservate come il 988.<\/p>\n<p>&nbsp;<\/p>\n\t\t\t\t<img decoding=\"async\" src=\"http:\/\/211md.org\/wp-content\/uploads\/2025\/06\/Dad-talking-and-supporting-his-teen.jpg\" alt=\"Pap\u00e0 che parla e sostiene il suo adolescente\" itemprop=\"image\" title=\"Pap\u00e0 che parla e sostiene il suo adolescente\" onerror=\"this.style.display='none'\" loading=\"lazy\" \/>\n\t\t\t\t<img decoding=\"async\" src=\"http:\/\/211md.org\/wp-content\/uploads\/2025\/09\/Diverse-and-LGBTQ-teens.jpg\" alt=\"Adolescenti diversi e LGBTQ\" itemprop=\"image\" title=\"Adolescenti diversi e LGBTQ\" onerror=\"this.style.display='none'\" loading=\"lazy\" \/>\n\t<h3>Come parlare con i giovani LGBTQ+<\/h3>\n<p>Almeno un giovane LGBTQ+ di et\u00e0 compresa tra 13 e 24 anni tenta il suicidio ogni 45 secondi negli Stati Uniti.<\/p>\n<p>Quando qualcuno fa coming out con te, sostieni l&#039;individuo, mostra amore e sii presente.<\/p>\n<p>Il Dipartimento della salute del Maryland, Office of Suicide Prevention suggerisce frasi di supporto come:<\/p>\n<ul>\n<li>&quot;Grazie per averlo condiviso con me. Cosa significa per te la tua identit\u00e0?<\/li>\n<li>&quot;Sono cos\u00ec felice che tu me lo abbia detto, e voglio che tu sappia che questo non cambier\u00e0 in alcun modo la nostra relazione.&quot;<\/li>\n<li>&quot;Sono davvero emozionato per te.&quot;<\/li>\n<\/ul>\n<p>Assicurati di inviare supporto, piuttosto che negare ci\u00f2 che l&#039;individuo ti ha detto. Non riferirti ad esso come una fase. Mostra supporto e ascolta.<\/p>\n<p>Inoltre, usa un linguaggio affermativo LGBTQ+ nelle conversazioni con gli altri. Elimina il linguaggio di genere come \u201cvoi ragazzi\u201d e sostituiscilo con \u201cvoi tutti\u201d.<\/p>\n\t<h3>Ottieni aiuto da terapisti professionisti<\/h3>\n<p>Anche se \u00e8 fondamentale comunicare con gli amici e verificare la loro salute mentale, se hai qualche preoccupazione, consulta un esperto.<\/p>\n<p>La psicoterapia, o \u201cterapia della parola\u201d, pu\u00f2 ridurre efficacemente il rischio di suicidio. Un tipo \u00e8 chiamato terapia cognitivo comportamentale (CBT). La CBT pu\u00f2 aiutare le persone ad apprendere nuovi modi di affrontare le esperienze stressanti addestrandole a considerare azioni alternative quando sorgono pensieri suicidi.<\/p>\n<p>\u00c8 stato dimostrato che un altro tipo di psicoterapia, chiamata terapia dialettico comportamentale (DBT), riduce il tasso di suicidio tra le persone affette da disturbo borderline di personalit\u00e0, una grave malattia mentale caratterizzata da umore, relazioni, immagine di s\u00e9 e comportamento instabili.<\/p>\n<p>Uno psicoterapeuta formato nella DBT aiuta una persona a riconoscere quando i suoi sentimenti o le sue azioni sono distruttivi o malsani e insegna le competenze necessarie per affrontare meglio le situazioni stressanti.<\/p>\n<p>&nbsp;<\/p>\n<h2>Hai un altro dubbio?<\/h2>\n<p>Il 211 fornisce informazioni e indirizzi per altri problemi di salute mentale e bisogni essenziali. Scopri di pi\u00f9 su questi altri programmi di assistenza.<\/p>\n<p>&nbsp;<\/p>\n\t\t\t<a href=\"\/it\/risorse\/uso-di-sostanze\/\" target=\"_self\">\n\t\t\t\t\t\tUso di sostanze\n\t\t\t\t\t<\/a>\n\t\t\t<a href=\"\/it\/risorse\/salute-mentale\/depressione\/\" target=\"_self\">\n\t\t\t\t\t\tInformazioni sulla depressione\n\t\t\t\t\t<\/a>\n\t\t\t<a href=\"\/it\/risorse\/veterani\/salute-mentale-per-veterani\/\" target=\"_self\">\n\t\t\t\t\t\tSalute mentale dei veterani \n\t\t\t\t\t<\/a>\n\t\t\t<a href=\"\/it\/risorse\/cibo\/\" target=\"_self\">\n\t\t\t\t\t\tCibo\n\t\t\t\t\t<\/a>\n\t\t\t<a href=\"\/it\/risorse\/alloggio-rifugio\/\" target=\"_self\">\n\t\t\t\t\t\tAbitazione\n\t\t\t\t\t<\/a>\n<h2>Trovare supporto per la salute mentale<\/h2>\n<p>Chiama o invia un SMS al 988 per ricevere assistenza immediata.<\/p>\n<p>\u00c8 anche possibile trovare supporto professionale per la salute mentale nelle vicinanze consultando il database delle risorse per la salute comportamentale 988, gestito da Maryland Information Network.<\/p>\n\t\t\t<a href=\"https:\/\/search.988.mdinfonet.org\/\" target=\"_blank\" rel=\"noopener\">\n\t\t\t\t\t\tCerca risorse per la salute mentale\n\t\t\t\t\t<\/a>\n\t\t\t\t<img decoding=\"async\" src=\"http:\/\/211md.org\/wp-content\/uploads\/2023\/07\/Black-man-talking-to-a-mental-health-counselor.jpg\" alt=\"Uomo di colore che parla con un consulente per la salute mentale\" itemprop=\"image\" title=\"Uomo di colore che parla con un consulente per la salute mentale\" onerror=\"this.style.display='none'\" loading=\"lazy\" \/>\n\t\t\t\t<img decoding=\"async\" src=\"http:\/\/211md.org\/wp-content\/uploads\/2025\/09\/Teen-texting.jpg\" alt=\"Messaggi di testo per adolescenti\" itemprop=\"image\" title=\"Messaggi di testo per adolescenti\" onerror=\"this.style.display='none'\" loading=\"lazy\" \/>\n<h3>Supporto continuo<\/h3>\n<p>I giovani possono trovare supporto in una salute comportamentale generale o <a href=\"https:\/\/211md.org\/it\/healthcheck\/\">programma di prevenzione del suicidio<\/a>\u00a0o attraverso un programma incentrato sugli adolescenti come MDYoungMinds o Taking Flight.<\/p>\n<h3>Giovent\u00f9<\/h3>\n<p><a href=\"https:\/\/211md.org\/it\/about\/messaggi-di-testo\/mdyoungminds\/\">MDYoungMinds<\/a> \u00e8 un programma di supporto testuale attraverso il 211 e il Dipartimento della salute del Maryland, Ufficio per la prevenzione del suicidio. Invia messaggi di testo di supporto incentrati su problemi di salute mentale e fattori di stress di adolescenti e adolescenti.<\/p>\n<p><a href=\"https:\/\/www.mdcoalition.org\/who-we-help\/youth-helping-youth\/\" target=\"_blank\" rel=\"noopener\">Prendere il volo<\/a> \u00e8 un programma di supporto tra pari con leader giovani adulti (dai 18 ai 26 anni) che hanno esperienza personale con problemi di salute comportamentale o traumi. Danno potere ai giovani adulti con incontri virtuali settimanali e <a href=\"https:\/\/www.facebook.com\/TakingFlightMD\/\" target=\"_blank\" rel=\"noopener\">supporto tra pari sui social media<\/a>.<\/p>\n<h3>Adulti<\/h3>\n<p><a href=\"https:\/\/211md.org\/it\/about\/messaggi-di-testo\/md-mindhealth\/\">MDMindHealth<\/a> Invia messaggi motivazionali e risorse per i servizi di salute mentale. I messaggi di testo sono disponibili anche in spagnolo su MDSaludMental.<\/p>\n<p>Su dispositivi mobili, puoi cliccare sui pulsanti qui sotto per registrarti.<\/p>\n<p><em>Inviando un SMS con scritto MDMindHealth al numero 898-211, accetti di ricevere messaggi automatici ricorrenti.<\/em><\/p>\n\t\t\t<a href=\"sms:\/\/898-211;?&#038;body=MDMINDHEALTH\" target=\"_blank\" rel=\"noopener\">\n\t\t\t\t\t\t\tTesto MDMindHealth\n\t\t\t\t\t<\/a>\n\t\t\t<a href=\"sms:\/\/898-211;?&#038;body=MDSALUDMENTAL\" target=\"_blank\" rel=\"noopener\">\n\t\t\t\t\t\t\tTesto MDSALUDMENTAL\n\t\t\t\t\t<\/a>\n<h3>Impara dagli esperti<\/h3>\n<p>Inoltre, consulta altre risorse per idee su come parlare di salute mentale e suicidio, come le discussioni di esperti di salute mentale come Johnson. Lui ha un<a href=\"https:\/\/www.youtube.com\/watch?v=TFt9EvzgB_4&amp;list=PLtVQyUpVKidoX87oH35VxHwUqOH5X6aeY\" target=\"_blank\" rel=\"noopener\">\u00a0serie di discussioni con i consiglieri scolastici<\/a>, uno psichiatra infantile e altri esperti che si occupano di argomenti come il supporto alla salute mentale di un familiare, l&#039;uso della meditazione consapevole per supportare il benessere mentale, i traumi razziali e la trasformazione del dolore in passione.<\/p>\n\t\t<iframe loading=\"lazy\" width=\"560\" height=\"315\" src=\"https:\/\/www.youtube.com\/embed\/TFt9EvzgB_4\" title=\"Lettore video YouTube\" frameborder=\"0\" allow=\"accelerometer; autoplay; clipboard-write; encrypted-media; gyroscope; picture-in-picture\" allowfullscreen><\/iframe>\t\n<h2>\n\t\t\tInformazioni correlate\t<\/h2>\n\t\t<h4><a href=\"\/it\/risorse\/invecchiamento-disabilita\/\" target=\"_self\">Invecchiamento e disabilit\u00e0<\/a><\/h4>\n\t\t\t\t<a href=\"\/it\/risorse\/invecchiamento-disabilita\/\"  target=\"_self\" itemprop=\"url\">\n\t\t\t\t<img decoding=\"async\" src=\"https:\/\/211md.org\/wp-content\/uploads\/bb-plugin\/cache\/2025_MdInfoNet_Icon-Sets_Aging-disability-square-c466727102cae71e5f27b8539bb51945-.png\" alt=\"2025_MdInfoNet_Set di icone_Invecchiamento-disabilit\u00e0\" itemprop=\"image\" title=\"2025_MdInfoNet_Set di icone_Invecchiamento-disabilit\u00e0\" onerror=\"this.style.display='none'\" loading=\"lazy\" \/>\n\t\t\t\t<\/a>\n\t\t<h4><a href=\"https:\/\/211md.org\/it\/risorse\/bambini-famiglie\/\" target=\"_blank\" rel=\"noopener\">Bambini e famiglie<\/a><\/h4>\n\t\t\t\t<a href=\"https:\/\/211md.org\/it\/risorse\/bambini-famiglie\/\" target=\"_blank\" rel=\"noopener\" itemprop=\"url\">\n\t\t\t\t<img decoding=\"async\" src=\"https:\/\/211md.org\/wp-content\/uploads\/bb-plugin\/cache\/2025_211_Icon-Sets_Child-care-square-a8953c7678f51ed443764342b64ee948-.png\" alt=\"2025_211_Set di icone_Assistenza all&#039;infanzia\" itemprop=\"image\" title=\"2025_211_Set di icone_Assistenza all&#039;infanzia\" onerror=\"this.style.display='none'\" loading=\"lazy\" \/>\n\t\t\t\t<\/a>\n\t\t<h4><a href=\"\/it\/risorse\/violenza-domestica-familiare\/\" target=\"_self\">Violenza domestica<\/a><\/h4>\n\t\t\t\t<a href=\"\/it\/risorse\/violenza-domestica-familiare\/\"  target=\"_self\" itemprop=\"url\">\n\t\t\t\t<img decoding=\"async\" src=\"https:\/\/211md.org\/wp-content\/uploads\/bb-plugin\/cache\/2025_211_Icon-Sets_Domestic-Violence-square-e6e48b12d9d44dadd394e0d40debfd96-.png\" alt=\"Icona della violenza domestica\" itemprop=\"image\" title=\"2025_211_Set di icone_Violenza domestica\" onerror=\"this.style.display='none'\" loading=\"lazy\" \/>\n\t\t\t\t<\/a>\n\t\t<h4><a href=\"\/it\/risorse\/ricerca-occupazione\/\" target=\"_self\">Occupazione<\/a><\/h4>\n\t\t\t\t<a href=\"\/it\/risorse\/ricerca-occupazione\/\"  target=\"_self\" itemprop=\"url\">\n\t\t\t\t<img decoding=\"async\" src=\"https:\/\/211md.org\/wp-content\/uploads\/bb-plugin\/cache\/2025_MdInfoNet_Icon-Sets_Employment-square-44707bd410e4df10a470bf130ebcea86-.png\" alt=\"2025_MdInfoNet_Set di icone_Occupazione\" itemprop=\"image\" title=\"2025_MdInfoNet_Set di icone_Occupazione\" onerror=\"this.style.display='none'\" loading=\"lazy\" \/>\n\t\t\t\t<\/a>\n\t\t<h4><a href=\"\/it\/risorse\/assistenza-sanitaria\/\" target=\"_self\">Assistenza sanitaria<\/a><\/h4>\n\t\t\t\t<a href=\"\/it\/risorse\/assistenza-sanitaria\/\"  target=\"_self\" itemprop=\"url\">\n\t\t\t\t<img decoding=\"async\" src=\"https:\/\/211md.org\/wp-content\/uploads\/bb-plugin\/cache\/2025_MdInfoNet_Icon-Sets_Health-Care-square-dee98a0060cbe0e7f27eda253fc12679-.png\" alt=\"2025_MdInfoNet_Set di icone_Assistenza sanitaria\" itemprop=\"image\" title=\"2025_MdInfoNet_Set di icone_Assistenza sanitaria\" onerror=\"this.style.display='none'\" loading=\"lazy\" \/>\n\t\t\t\t<\/a>\n\t\t<h4><a href=\"\/it\/risorse\/bambini-famiglie\/parentela-cura\/\" target=\"_self\">Parentela<\/a><\/h4>\n\t\t\t\t<a href=\"\/it\/risorse\/bambini-famiglie\/parentela-cura\/\"  target=\"_self\" itemprop=\"url\">\n\t\t\t\t<img decoding=\"async\" src=\"https:\/\/211md.org\/wp-content\/uploads\/bb-plugin\/cache\/2025_211_Icon-Sets_Kinship-square-21d4c353354c53c083c80118abb066f2-.png\" alt=\"Icona di parentela\" itemprop=\"image\" title=\"2025_211_Set di icone_Parentela\" onerror=\"this.style.display='none'\" loading=\"lazy\" \/>\n\t\t\t\t<\/a>\n\t\t<h4><a href=\"\/it\/risorse\/servizi-legali\/\" target=\"_self\">Servizi legali<\/a><\/h4>\n\t\t\t\t<a href=\"\/it\/risorse\/servizi-legali\/\"  target=\"_self\" itemprop=\"url\">\n\t\t\t\t<img decoding=\"async\" src=\"https:\/\/211md.org\/wp-content\/uploads\/bb-plugin\/cache\/2025_MdInfoNet_Icon-Sets_Legal-square-18fdf438feb8435588174d9046463257-.png\" alt=\"2025_MdInfoNet_Set di icone_Legale\" itemprop=\"image\" title=\"2025_MdInfoNet_Set di icone_Legale\" onerror=\"this.style.display='none'\" loading=\"lazy\" \/>\n\t\t\t\t<\/a>\n\t\t<h4><a href=\"\/it\/risorse\/salute-mentale\/\" target=\"_self\">Salute mentale<\/a><\/h4>\n\t\t\t\t<a href=\"\/it\/risorse\/salute-mentale\/\"  target=\"_self\" itemprop=\"url\">\n\t\t\t\t<img decoding=\"async\" src=\"https:\/\/211md.org\/wp-content\/uploads\/bb-plugin\/cache\/2025_MdInfoNet_Icon-Sets_Mental-Health-square-c59b38c4a993a947d4c9280fbe2d2fee-.png\" alt=\"2025_MdInfoNet_Set di icone_Salute mentale\" itemprop=\"image\" title=\"2025_MdInfoNet_Set di icone_Salute mentale\" onerror=\"this.style.display='none'\" loading=\"lazy\" \/>\n\t\t\t\t<\/a>\n\t\t<h4><a href=\"\/it\/risorse\/mdreentry\/\" target=\"_self\">Rientro<\/a><\/h4>\n\t\t\t\t<a href=\"\/it\/risorse\/mdreentry\/\"  target=\"_self\" itemprop=\"url\">\n\t\t\t\t<img decoding=\"async\" src=\"https:\/\/211md.org\/wp-content\/uploads\/bb-plugin\/cache\/2025_211_Icon-Sets_Reentry-square-f36b65d903a62fd4c3819ff05988ca60-.png\" alt=\"Icona di rientro\" itemprop=\"image\" title=\"2025_211_Set di icone_Rientro\" onerror=\"this.style.display='none'\" loading=\"lazy\" \/>\n\t\t\t\t<\/a>\n\t\t<h4><a href=\"\/it\/risorse\/uso-di-sostanze\/\" target=\"_self\">Uso di sostanze<\/a><\/h4>\n\t\t\t\t<a href=\"\/it\/risorse\/uso-di-sostanze\/\"  target=\"_self\" itemprop=\"url\">\n\t\t\t\t<img decoding=\"async\" src=\"https:\/\/211md.org\/wp-content\/uploads\/bb-plugin\/cache\/2025_MdInfoNet_Icon-Sets_Substance-Abuse-square-9022fec9d18a64118ad685c101885b55-.png\" alt=\"2025_MdInfoNet_Icon Sets_Abuso di sostanze\" itemprop=\"image\" title=\"2025_MdInfoNet_Icon Sets_Abuso di sostanze\" onerror=\"this.style.display='none'\" loading=\"lazy\" \/>\n\t\t\t\t<\/a>\n\t\t<h4><a href=\"\/it\/risorse\/veterani\/\" target=\"_self\">Veterani<\/a><\/h4>\n\t\t\t\t<a href=\"\/it\/risorse\/veterani\/\"  target=\"_self\" itemprop=\"url\">\n\t\t\t\t<img decoding=\"async\" src=\"https:\/\/211md.org\/wp-content\/uploads\/bb-plugin\/cache\/2025_MdInfoNet_Icon-Sets_Rating-square-6e60d00cce4faa8e0a6d4ad7366aa733-.png\" alt=\"2025_MdInfoNet_Set di icone_Valutazione\" itemprop=\"image\" title=\"2025_MdInfoNet_Set di icone_Valutazione\" onerror=\"this.style.display='none'\" loading=\"lazy\" \/>\n\t\t\t\t<\/a>","protected":false},"excerpt":{"rendered":"<p>Intestazione pagina predefinita Le conversazioni sincere possono aiutare a prevenire il suicidio. Parlarne aiuta ad abbattere gli stigmi e le barriere legate alla salute mentale. Impara le domande da porre e, se qualcuno ha bisogno di aiuto immediato, chiama il 988 per parlare con qualcuno 24 ore su 24, 7 giorni su 7. Inizia a parlare di suicidio. Pu\u00f2 sembrare difficile parlare di suicidio, ma parlare pu\u00f2 prevenire...<\/p>","protected":false},"author":8,"featured_media":4020,"parent":836,"menu_order":0,"comment_status":"closed","ping_status":"closed","template":"","meta":{"footnotes":""},"class_list":["post-1130","page","type-page","status-publish","has-post-thumbnail","hentry"],"_links":{"self":[{"href":"https:\/\/211md.org\/it\/wp-json\/wp\/v2\/pages\/1130","targetHints":{"allow":["GET"]}}],"collection":[{"href":"https:\/\/211md.org\/it\/wp-json\/wp\/v2\/pages"}],"about":[{"href":"https:\/\/211md.org\/it\/wp-json\/wp\/v2\/types\/page"}],"author":[{"embeddable":true,"href":"https:\/\/211md.org\/it\/wp-json\/wp\/v2\/users\/8"}],"replies":[{"embeddable":true,"href":"https:\/\/211md.org\/it\/wp-json\/wp\/v2\/comments?post=1130"}],"version-history":[{"count":9,"href":"https:\/\/211md.org\/it\/wp-json\/wp\/v2\/pages\/1130\/revisions"}],"predecessor-version":[{"id":33825,"href":"https:\/\/211md.org\/it\/wp-json\/wp\/v2\/pages\/1130\/revisions\/33825"}],"up":[{"embeddable":true,"href":"https:\/\/211md.org\/it\/wp-json\/wp\/v2\/pages\/836"}],"wp:featuredmedia":[{"embeddable":true,"href":"https:\/\/211md.org\/it\/wp-json\/wp\/v2\/media\/4020"}],"wp:attachment":[{"href":"https:\/\/211md.org\/it\/wp-json\/wp\/v2\/media?parent=1130"}],"curies":[{"name":"scrivere","href":"https:\/\/api.w.org\/{rel}","templated":true}]}}