{"id":1133,"date":"2021-04-19T16:54:37","date_gmt":"2021-04-19T16:54:37","guid":{"rendered":"https:\/\/211md.org\/?page_id=1133"},"modified":"2025-09-11T08:50:21","modified_gmt":"2025-09-11T12:50:21","slug":"depressione","status":"publish","type":"page","link":"https:\/\/211md.org\/it\/resources\/mental-health\/depression\/","title":{"rendered":"Depressione adulta e adolescenziale: segni, sintomi e supporto"},"content":{"rendered":"<img decoding=\"async\" src=\"https:\/\/stg-maryland211-staging.kinsta.cloud\/wp-content\/uploads\/2025\/08\/5-1-scaled.png\" alt=\"5\" itemprop=\"image\" height=\"692\" width=\"2560\" title=\"5\" onerror=\"this.style.display='none'\" loading=\"lazy\" \/>\n\t\t<h1><a href=\"#start\" target=\"_self\">Intestazione di pagina predefinita<\/a><\/h1><p>Come ti senti? Sii onesto con te stesso. Ti senti &quot;blu&quot;, gi\u00f9 o triste a volte? \u00c8 normale provare una serie di emozioni, ma quando queste sensazioni influiscono sulla tua vita quotidiana, potrebbe essere un segno di una condizione pi\u00f9 grave nota come depressione.<\/p>\n<p>Scopri i segnali di allarme e come ottenere aiuto.<\/p>\n<p>Chiama il 988 per ricevere assistenza immediata.<\/p>\n\t\t\t<a href=\"#start\" target=\"_self\">\n\t\t\t\t\t\tPer iniziare\n\t\t\t\t\t<\/a>\n\t\t\t\t<img decoding=\"async\" src=\"https:\/\/211md.org\/wp-content\/plugins\/bb-plugin\/img\/pixel.png\" alt=\"\" itemprop=\"image\" onerror=\"this.style.display='none'\" loading=\"lazy\" \/>\n\t\t\t\t<img decoding=\"async\" src=\"https:\/\/stg-maryland211-staging.kinsta.cloud\/wp-content\/uploads\/2025\/08\/16.png\" alt=\"16\" itemprop=\"image\" height=\"1000\" width=\"1000\" title=\"16\" onerror=\"this.style.display='none'\" loading=\"lazy\" \/>\n\t\t\t\t<img decoding=\"async\" src=\"http:\/\/211md.org\/wp-content\/uploads\/2025\/09\/Man-looking-out-window-thinking.jpg\" alt=\"Uomo che guarda fuori dalla finestra pensando\" itemprop=\"image\" title=\"Uomo che guarda fuori dalla finestra pensando\" onerror=\"this.style.display='none'\" loading=\"lazy\" \/>\n\t<h2>Depressione 101<\/h2>\n<p>La depressione pu\u00f2 colpire chiunque e pu\u00f2 apparire diversa nei bambini, negli adolescenti, nei giovani adulti e negli adulti. Pu\u00f2 verificarsi da solo o in combinazione con altre condizioni di salute mentale e malattie croniche. Ad esempio, una diagnosi o una battaglia contro il cancro, il diabete o le malattie cardiache possono scatenare la depressione.<\/p>\n<p>Gli eventi della vita possono anche scatenare sintomi. Ad esempio, la gravidanza pu\u00f2 portare a sintomi di depressione sia durante la gravidanza che dopo.<\/p>\n<p>Le stagioni possono farti sentire triste, specialmente durante un inverno lungo e freddo. Pu\u00f2 anche accadere in qualsiasi periodo dell&#039;anno.<\/p>\n\t<h3>Soffro di depressione?<\/h3>\n<p>Esistono diversi segni e sintomi di depressione e possono variare a seconda dell\u2019et\u00e0. Anche se sentirsi tristi \u00e8 un sintomo della depressione, \u00e8 molto pi\u00f9 di questo. Ti senti anche senza speranza e senza valore per pi\u00f9 di due settimane, insieme a un cambiamento nel fare le cose che prima ti piacevano.<\/p>\n<p>Il\u00a0<a href=\"https:\/\/www.nimh.nih.gov\/health\/publications\/depression\" target=\"_blank\" rel=\"noopener\">Istituto Nazionale di Salute Mentale<\/a>\u00a0suggerisce di porsi queste domande.<\/p>\n<p>Mi sento\u2026.?<\/p>\n<ul>\n<li>Costantemente triste, ansioso, inutile o \u201cvuoto\u201d?<\/li>\n<li>Disperato o pessimista?<\/li>\n<li>Facilmente frustrato, arrabbiato, irritabile o irrequieto?<\/li>\n<li>Non sei interessato agli hobby o alle attivit\u00e0 che una volta mi piacevano?<\/li>\n<li>Mi sto ritirando da amici e familiari?<\/li>\n<li>Ti senti in colpa, inutile o impotente?<\/li>\n<li>\u00c8 pi\u00f9 difficile prendere decisioni, ricordare o concentrarsi?<\/li>\n<li>Le mie abitudini alimentari e di sonno quotidiane sono cambiate?<\/li>\n<li>Stanchi, affaticati o hanno subito perdite di memoria?<\/li>\n<li>Dolori e dolori, mal di testa, crampi o problemi digestivi che non hanno una causa o che non si risolvono con il trattamento.<\/li>\n<li>Come farmi del male o suicidarmi?<\/li>\n<\/ul>\n<p>Gli adulti possono anche sperimentare altri sintomi come insonnia notturna, diminuzione della libido, sintomi gastrointestinali, tristezza o dolore.<\/p>\n<p>I tuoi sintomi possono variare da quelli di un amico o di un familiare.<\/p>\n<p>Anche gli adolescenti\/adolescenti dovrebbero chiedersi se si sentono...?<\/p>\n<ul>\n<li>Che non vanno altrettanto bene a scuola?<\/li>\n<\/ul>\n<p>Mentre i sintomi della depressione sono simili negli adolescenti e negli adulti, ci sono alcune differenze. Conoscere i segni premonitori della depressione e di altre condizioni di salute mentale negli adolescenti, e <a href=\"https:\/\/211md.org\/it\/risorse\/salute-mentale\/teen-support\/\" rel=\"noopener\">come ottenere supporto per gli adolescenti<\/a>. Non sei solo. L&#039;aiuto \u00e8 disponibile.<\/p>\n<h3>Come viene diagnosticata la depressione?<\/h3>\n<p>La depressione viene diagnosticata dal numero di sintomi che hai ogni giorno. Se hai cinque sintomi di depressione al giorno, quasi tutto il giorno, e questo schema continua per almeno due settimane, potresti soffrire di depressione. Il National Institute of Mental Health afferma che uno dei sintomi deve essere uno stato d&#039;animo depresso o una perdita di interesse in quasi tutte le attivit\u00e0.<\/p>\n<p>Uno specialista della salute comportamentale pu\u00f2 diagnosticare la tua condizione e fornire supporto e trattamento. Se non riesci a ottenere un appuntamento, puoi anche ottenere aiuto e supporto dal tuo fornitore di cure primarie.<\/p>\n\t<h2>Bisogno di parlare?\u00a0<\/h2>\n<p><strong>Chiama o invia un SMS al 988<\/strong><\/p>\n<p>&nbsp;<\/p>\n\t\t\t<a href=\"https:\/\/988lifeline.org\/chat\/\" target=\"_blank\" rel=\"noopener\">\n\t\t\t\t\t\t\tChatta ora (inglese)\n\t\t\t\t\t<\/a>\n\t\t\t<a href=\"https:\/\/988lifeline.org\/es\/chat\/\" target=\"_blank\" rel=\"noopener\">\n\t\t\t\t\t\t\tChatea Ahora (Spagnolo)\n\t\t\t\t\t<\/a>\n\t<p>Chiunque abbia bisogno di assistenza per problemi di salute mentale o legati all\u2019uso di sostanze pu\u00f2 chiamare il 988. <a href=\"https:\/\/health.maryland.gov\/bha\/Pages\/988md.aspx\" target=\"_blank\" rel=\"noopener\">Ulteriori informazioni su 988 nel Maryland<\/a>.<\/p>\n<h2>Aiuto per la salute mentale<\/h2>\n<p>Se ti senti gi\u00f9 e questo ha un impatto sulla tua vita quotidiana, dovresti cercare l&#039;aiuto di un professionista della salute comportamentale. Se hai bisogno di aiuto per trovarne uno:<\/p>\n<ul>\n<li>Chiama il 211<\/li>\n<li>Cerca una risorsa per la salute mentale vicino a te nel database pi\u00f9 completo del Maryland di risorse locali per la salute comportamentale, fornito da Maryland Information Network.<\/li>\n<\/ul>\n\t\t\t<a href=\"https:\/\/search.988.mdinfonet.org\/\" target=\"_blank\" rel=\"noopener\">\n\t\t\t\t\t\t\tCerca fornitori di servizi di salute mentale\n\t\t\t\t\t<\/a>\n\t<p>Se sei un genitore o un tutore, informati <a href=\"https:\/\/211md.org\/it\/risorse\/salute-mentale\/teen-support\/\">programmi di salute mentale specificamente progettati per gli adolescenti<\/a>.<\/p>\n<p>Se hai bisogno di supporto immediato, chiama il 988 e parla con un professionista qualificato.<\/p>\n\t\t\t\t<img decoding=\"async\" src=\"https:\/\/211md.org\/wp-content\/uploads\/2023\/04\/Woman-in-wheelchair-getting-mental-health-support.jpg\" alt=\"Donna in sedia a rotelle che riceve supporto per la salute mentale\" itemprop=\"image\" height=\"800\" width=\"1200\" title=\"Donna in sedia a rotelle che riceve supporto per la salute mentale\" onerror=\"this.style.display='none'\" loading=\"lazy\" \/>\n<h3>Trovare uno psicoterapeuta<\/h3>\n<p>211 capisce che \u00e8 difficile ottenere un appuntamento per la salute comportamentale e, a volte, quando ottieni quell&#039;appuntamento, non \u00e8 con una persona con cui fai clic o con cui ti senti a tuo agio nel condividere come ti senti veramente.<\/p>\n<p>Durante un <a href=\"https:\/\/211md.org\/it\/obiettivi-di-salute-mentale\/\" target=\"_blank\" rel=\"noopener\">discussione<\/a> Con 92Q e professionisti della salute mentale sulla definizione di obiettivi di salute mentale, 211 e altri relatori hanno condiviso la difficolt\u00e0 nel trovare un terapeuta che sia una persona di colore o qualcuno che ti capisca. Se non ti senti a tuo agio con la persona, potresti sentirti meno incline a condividere tutto.<\/p>\n<p>Tuttavia, non aspettare per trovare il terapeuta perfetto.<\/p>\n<p>Se non riesci a ottenere un appuntamento con il terapeuta che hai scelto, valuta la possibilit\u00e0 di unirti alla sua lista d&#039;attesa e fissare un appuntamento con qualcun altro. Inizia la conversazione con qualcuno e, alla fine, troverai il terapeuta con cui ti sentirai davvero in sintonia.<\/p>\n<p>Oltre alla difficolt\u00e0 di ottenere un appuntamento, potrebbe essere necessario procedere per tentativi ed errori per trovare una connessione. Se trovi qualcuno con cui non sei in sintonia, va bene. Cerca qualcun altro.<\/p>\n<p>Il 211 \u00e8 sempre qui per aiutarti. I nostri programmi sono gratuiti e riservati e ti mettono in contatto con un professionista qualificato, attento e compassionevole.<\/p>\n<h3>Supporto di testo libero<\/h3>\n<p>MDMindHealth\/MDSaludMental offrono supporto tramite SMS motivazionali e stimolanti per adulti. Il servizio \u00e8 disponibile in inglese e spagnolo.<\/p>\n<p>Entrambi questi programmi sono disponibili quando ne hai bisogno.<\/p>\n<p>Non sei solo! \u00c8 disponibile un aiuto gratuito e confidenziale.<\/p>\n\t\t\t<a href=\"https:\/\/211md.org\/it\/about\/messaggi-di-testo\/md-mindhealth\/\" target=\"_blank\" rel=\"noopener\">\n\t\t\t\t\t\t\tPer saperne di pi\u00f9\n\t\t\t\t\t<\/a>\n\t<h3>Supporto alla salute mentale per i giovani<\/h3>\n<p>Ricordate, la salute mentale pu\u00f2 manifestarsi in modo diverso nei bambini, negli adolescenti e nei giovani adulti. Imparate a riconoscere i segnali d&#039;allarme e chiedete aiuto ai programmi di salute mentale specifici per adolescenti nel Maryland.<\/p>\n<p>211 offre un sistema di supporto gratuito tramite SMS rivolto ai giovani. Gli adolescenti possono iscriversi a MDYoungMinds. Il servizio fornisce messaggi di testo di supporto. Questi possono includere risorse sulla depressione, sulla salute mentale degli adolescenti e sui programmi di supporto.<\/p>\n\t\t\t<a href=\"https:\/\/211md.org\/it\/about\/messaggi-di-testo\/mdyoungminds\/\" target=\"_self\">\n\t\t\t\t\t\t\tScopri di pi\u00f9 su mdyoungminds\n\t\t\t\t\t<\/a>\n\t<p>Gli adolescenti possono anche entrare in contatto con coetanei che hanno vissuto un problema di salute mentale o un trauma attraverso il\u00a0<a href=\"https:\/\/www.mdcoalition.org\/who-we-help\/youth-helping-youth\/\" target=\"_blank\" rel=\"noopener\">Programma Take Flight<\/a>.<\/p>\n<p>Puoi anche\u00a0<a href=\"https:\/\/www.childrensmentalhealthmatters.org\/files\/2021\/03\/CMHM-Family-Resource-Kit-2021.pdf\" target=\"_blank\" rel=\"noopener\">scarica il kit di risorse per la famiglia sulle questioni di salute dei bambini<\/a>. \u00c8 una guida completa ai sintomi e ai segni della salute mentale che fornisce anche opzioni di trattamento e supporto nel Maryland.<\/p>\n\t\t\t\t<img decoding=\"async\" src=\"http:\/\/211md.org\/wp-content\/uploads\/2025\/09\/teenage-skateboarder-thinking.jpg\" alt=\"pensiero di uno skateboarder adolescente\" itemprop=\"image\" title=\"pensiero di uno skateboarder adolescente\" onerror=\"this.style.display='none'\" loading=\"lazy\" \/>\n<h2>Modi per migliorare la salute mentale<\/h2>\n<p>Oltre a questi programmi gratuiti e riservati, puoi sostenere la tua salute mentale parlando con un adulto fidato. Pu\u00f2 trattarsi di un professionista qualificato, un genitore, un familiare, un tutore, un insegnante, un consulente scolastico o un medico, compresi i pediatri.<\/p>\n<p>Oltre a ricevere l&#039;aiuto di cui hai bisogno dai professionisti, \u00e8 importante trascorrere del tempo con amici e familiari e rimanere attivi, seguendo una routine del sonno regolare e mangiando cibi sani.<\/p>\n<h3><strong>Prevenire il suicidio con la consapevolezza<\/strong><\/h3>\n<p>Puoi anche provare esercizi mente-corpo come la consapevolezza per aiutarti a cercare sostegno e aiuto quando provi pensieri suicidi o ti senti gi\u00f9. Questi sono video didattici sulla consapevolezza da\u00a0<a href=\"https:\/\/nowmattersnow.org\/skill\/mindfulness\" target=\"_blank\" rel=\"noopener\">Ora conta ora<\/a>, una raccolta di risorse incentrate sulla prevenzione del suicidio con ricerche, risorse e resoconti di prima mano di pensieri suicidari.<\/p>\n<p>Now Matters Now fornisce competenze di consapevolezza e sottolinea che una pratica di consapevolezza \u00e8 &quot;il tuo peggior nemico&quot; quando hai pensieri suicidi.<\/p>\n<p>Ricorda, il supporto individuale per la salute mentale \u00e8 sempre disponibile anche chiamando o inviando un SMS al 988.<\/p>\n\t\t<iframe loading=\"lazy\" src=\"https:\/\/player.vimeo.com\/video\/101372253?h=961480ee68&#038;title=0&#038;byline=0\" width=\"640\" height=\"360\" frameborder=\"0\" allow=\"autoplay; fullscreen; picture-in-picture\" allowfullscreen><\/iframe>\t\n<h2>\n\t\t\tInformazioni correlate\t<\/h2>\n\t\t<h4><a href=\"\/it\/risorse\/invecchiamento-disabilita\/\" target=\"_self\">Invecchiamento e disabilit\u00e0<\/a><\/h4>\n\t\t\t\t<a href=\"\/it\/risorse\/invecchiamento-disabilita\/\"  target=\"_self\" itemprop=\"url\">\n\t\t\t\t<img decoding=\"async\" src=\"https:\/\/211md.org\/wp-content\/uploads\/bb-plugin\/cache\/2025_MdInfoNet_Icon-Sets_Aging-disability-square-c466727102cae71e5f27b8539bb51945-.png\" alt=\"2025_MdInfoNet_Set di icone_Invecchiamento-disabilit\u00e0\" itemprop=\"image\" title=\"2025_MdInfoNet_Set di icone_Invecchiamento-disabilit\u00e0\" onerror=\"this.style.display='none'\" loading=\"lazy\" \/>\n\t\t\t\t<\/a>\n\t\t<h4><a href=\"https:\/\/211md.org\/it\/risorse\/bambini-famiglie\/\" target=\"_blank\" rel=\"noopener\">Bambini e famiglie<\/a><\/h4>\n\t\t\t\t<a href=\"https:\/\/211md.org\/it\/risorse\/bambini-famiglie\/\" target=\"_blank\" rel=\"noopener\" itemprop=\"url\">\n\t\t\t\t<img decoding=\"async\" src=\"https:\/\/211md.org\/wp-content\/uploads\/bb-plugin\/cache\/2025_211_Icon-Sets_Child-care-square-a8953c7678f51ed443764342b64ee948-.png\" alt=\"2025_211_Set di icone_Assistenza all&#039;infanzia\" itemprop=\"image\" title=\"2025_211_Set di icone_Assistenza all&#039;infanzia\" onerror=\"this.style.display='none'\" loading=\"lazy\" \/>\n\t\t\t\t<\/a>\n\t\t<h4><a href=\"\/it\/risorse\/violenza-domestica-familiare\/\" target=\"_self\">Violenza domestica<\/a><\/h4>\n\t\t\t\t<a href=\"\/it\/risorse\/violenza-domestica-familiare\/\"  target=\"_self\" itemprop=\"url\">\n\t\t\t\t<img decoding=\"async\" src=\"https:\/\/211md.org\/wp-content\/uploads\/bb-plugin\/cache\/2025_211_Icon-Sets_Domestic-Violence-square-e6e48b12d9d44dadd394e0d40debfd96-.png\" alt=\"Icona della violenza domestica\" itemprop=\"image\" title=\"2025_211_Set di icone_Violenza domestica\" onerror=\"this.style.display='none'\" loading=\"lazy\" \/>\n\t\t\t\t<\/a>\n\t\t<h4><a href=\"\/it\/risorse\/ricerca-occupazione\/\" target=\"_self\">Occupazione<\/a><\/h4>\n\t\t\t\t<a href=\"\/it\/risorse\/ricerca-occupazione\/\"  target=\"_self\" itemprop=\"url\">\n\t\t\t\t<img decoding=\"async\" src=\"https:\/\/211md.org\/wp-content\/uploads\/bb-plugin\/cache\/2025_MdInfoNet_Icon-Sets_Employment-square-44707bd410e4df10a470bf130ebcea86-.png\" alt=\"2025_MdInfoNet_Set di icone_Occupazione\" itemprop=\"image\" title=\"2025_MdInfoNet_Set di icone_Occupazione\" onerror=\"this.style.display='none'\" loading=\"lazy\" \/>\n\t\t\t\t<\/a>\n\t\t<h4><a href=\"\/it\/risorse\/assistenza-sanitaria\/\" target=\"_self\">Assistenza sanitaria<\/a><\/h4>\n\t\t\t\t<a href=\"\/it\/risorse\/assistenza-sanitaria\/\"  target=\"_self\" itemprop=\"url\">\n\t\t\t\t<img decoding=\"async\" src=\"https:\/\/211md.org\/wp-content\/uploads\/bb-plugin\/cache\/2025_MdInfoNet_Icon-Sets_Health-Care-square-dee98a0060cbe0e7f27eda253fc12679-.png\" alt=\"2025_MdInfoNet_Set di icone_Assistenza sanitaria\" itemprop=\"image\" title=\"2025_MdInfoNet_Set di icone_Assistenza sanitaria\" onerror=\"this.style.display='none'\" loading=\"lazy\" \/>\n\t\t\t\t<\/a>\n\t\t<h4><a href=\"\/it\/risorse\/bambini-famiglie\/parentela-cura\/\" target=\"_self\">Parentela<\/a><\/h4>\n\t\t\t\t<a href=\"\/it\/risorse\/bambini-famiglie\/parentela-cura\/\"  target=\"_self\" itemprop=\"url\">\n\t\t\t\t<img decoding=\"async\" src=\"https:\/\/211md.org\/wp-content\/uploads\/bb-plugin\/cache\/2025_211_Icon-Sets_Kinship-square-21d4c353354c53c083c80118abb066f2-.png\" alt=\"Icona di parentela\" itemprop=\"image\" title=\"2025_211_Set di icone_Parentela\" onerror=\"this.style.display='none'\" loading=\"lazy\" \/>\n\t\t\t\t<\/a>\n\t\t<h4><a href=\"\/it\/risorse\/servizi-legali\/\" target=\"_self\">Servizi legali<\/a><\/h4>\n\t\t\t\t<a href=\"\/it\/risorse\/servizi-legali\/\"  target=\"_self\" itemprop=\"url\">\n\t\t\t\t<img decoding=\"async\" src=\"https:\/\/211md.org\/wp-content\/uploads\/bb-plugin\/cache\/2025_MdInfoNet_Icon-Sets_Legal-square-18fdf438feb8435588174d9046463257-.png\" alt=\"2025_MdInfoNet_Set di icone_Legale\" itemprop=\"image\" title=\"2025_MdInfoNet_Set di icone_Legale\" onerror=\"this.style.display='none'\" loading=\"lazy\" \/>\n\t\t\t\t<\/a>\n\t\t<h4><a href=\"\/it\/risorse\/salute-mentale\/\" target=\"_self\">Salute mentale<\/a><\/h4>\n\t\t\t\t<a href=\"\/it\/risorse\/salute-mentale\/\"  target=\"_self\" itemprop=\"url\">\n\t\t\t\t<img decoding=\"async\" src=\"https:\/\/211md.org\/wp-content\/uploads\/bb-plugin\/cache\/2025_MdInfoNet_Icon-Sets_Mental-Health-square-c59b38c4a993a947d4c9280fbe2d2fee-.png\" alt=\"2025_MdInfoNet_Set di icone_Salute mentale\" itemprop=\"image\" title=\"2025_MdInfoNet_Set di icone_Salute mentale\" onerror=\"this.style.display='none'\" loading=\"lazy\" \/>\n\t\t\t\t<\/a>\n\t\t<h4><a href=\"\/it\/risorse\/mdreentry\/\" target=\"_self\">Rientro<\/a><\/h4>\n\t\t\t\t<a href=\"\/it\/risorse\/mdreentry\/\"  target=\"_self\" itemprop=\"url\">\n\t\t\t\t<img decoding=\"async\" src=\"https:\/\/211md.org\/wp-content\/uploads\/bb-plugin\/cache\/2025_211_Icon-Sets_Reentry-square-f36b65d903a62fd4c3819ff05988ca60-.png\" alt=\"Icona di rientro\" itemprop=\"image\" title=\"2025_211_Set di icone_Rientro\" onerror=\"this.style.display='none'\" loading=\"lazy\" \/>\n\t\t\t\t<\/a>\n\t\t<h4><a href=\"\/it\/risorse\/uso-di-sostanze\/\" target=\"_self\">Uso di sostanze<\/a><\/h4>\n\t\t\t\t<a href=\"\/it\/risorse\/uso-di-sostanze\/\"  target=\"_self\" itemprop=\"url\">\n\t\t\t\t<img decoding=\"async\" src=\"https:\/\/211md.org\/wp-content\/uploads\/bb-plugin\/cache\/2025_MdInfoNet_Icon-Sets_Substance-Abuse-square-9022fec9d18a64118ad685c101885b55-.png\" alt=\"2025_MdInfoNet_Icon Sets_Abuso di sostanze\" itemprop=\"image\" title=\"2025_MdInfoNet_Icon Sets_Abuso di sostanze\" onerror=\"this.style.display='none'\" loading=\"lazy\" \/>\n\t\t\t\t<\/a>\n\t\t<h4><a href=\"\/it\/risorse\/veterani\/\" target=\"_self\">Veterani<\/a><\/h4>\n\t\t\t\t<a href=\"\/it\/risorse\/veterani\/\"  target=\"_self\" itemprop=\"url\">\n\t\t\t\t<img decoding=\"async\" src=\"https:\/\/211md.org\/wp-content\/uploads\/bb-plugin\/cache\/2025_MdInfoNet_Icon-Sets_Rating-square-6e60d00cce4faa8e0a6d4ad7366aa733-.png\" alt=\"2025_MdInfoNet_Set di icone_Valutazione\" itemprop=\"image\" title=\"2025_MdInfoNet_Set di icone_Valutazione\" onerror=\"this.style.display='none'\" loading=\"lazy\" \/>\n\t\t\t\t<\/a>","protected":false},"excerpt":{"rendered":"<p>Intestazione pagina predefinita Come ti senti? Sii onesto con te stesso. A volte ti senti &quot;triste&quot;, gi\u00f9 di morale o triste? \u00c8 normale provare diverse emozioni, ma quando queste influiscono sulla tua vita quotidiana, potrebbero essere il segno di una condizione pi\u00f9 grave nota come depressione. Scopri i segnali d&#039;allarme e come...<\/p>","protected":false},"author":8,"featured_media":3766,"parent":836,"menu_order":0,"comment_status":"closed","ping_status":"closed","template":"","meta":{"footnotes":""},"class_list":["post-1133","page","type-page","status-publish","has-post-thumbnail","hentry"],"_links":{"self":[{"href":"https:\/\/211md.org\/it\/wp-json\/wp\/v2\/pages\/1133","targetHints":{"allow":["GET"]}}],"collection":[{"href":"https:\/\/211md.org\/it\/wp-json\/wp\/v2\/pages"}],"about":[{"href":"https:\/\/211md.org\/it\/wp-json\/wp\/v2\/types\/page"}],"author":[{"embeddable":true,"href":"https:\/\/211md.org\/it\/wp-json\/wp\/v2\/users\/8"}],"replies":[{"embeddable":true,"href":"https:\/\/211md.org\/it\/wp-json\/wp\/v2\/comments?post=1133"}],"version-history":[{"count":9,"href":"https:\/\/211md.org\/it\/wp-json\/wp\/v2\/pages\/1133\/revisions"}],"predecessor-version":[{"id":33830,"href":"https:\/\/211md.org\/it\/wp-json\/wp\/v2\/pages\/1133\/revisions\/33830"}],"up":[{"embeddable":true,"href":"https:\/\/211md.org\/it\/wp-json\/wp\/v2\/pages\/836"}],"wp:featuredmedia":[{"embeddable":true,"href":"https:\/\/211md.org\/it\/wp-json\/wp\/v2\/media\/3766"}],"wp:attachment":[{"href":"https:\/\/211md.org\/it\/wp-json\/wp\/v2\/media?parent=1133"}],"curies":[{"name":"scrivere","href":"https:\/\/api.w.org\/{rel}","templated":true}]}}