{"id":1142,"date":"2021-04-19T17:38:06","date_gmt":"2021-04-19T17:38:06","guid":{"rendered":"https:\/\/211md.org\/?page_id=1142"},"modified":"2026-04-28T17:45:00","modified_gmt":"2026-04-28T21:45:00","slug":"preparazione-al-disastro","status":"publish","type":"page","link":"https:\/\/211md.org\/it\/disaster-preparedness\/","title":{"rendered":"Preparazione al disastro"},"content":{"rendered":"<p>Se sei in pericolo immediato chiama il 9-1-1.<\/p>\n<p>Il 2-1-1 pu\u00f2 aiutarti a trovare le risorse per prepararti ai disastri. <a href=\"https:\/\/search.211md.org\/\" target=\"_blank\" rel=\"noopener\">Cerca nel database 2-1-1<\/a> per trovare risorse per la preparazione in caso di calamit\u00e0 o il soccorso in caso di calamit\u00e0. Puoi cercare cose come servizi di ristorazione post disastro, trasporti, donazioni, prestiti per calamit\u00e0, sovvenzioni in denaro, organizzazioni di recupero e altro ancora.<\/p>\n<p>211 ha anche MdReady\/MdListo, un programma di messaggi di testo in inglese e spagnolo con il Dipartimento per la gestione delle emergenze del Maryland, per avvisarti prima, durante e dopo una crisi. <a href=\"https:\/\/211md.org\/it\/about\/messaggi-di-testo\/mdready\/\">Chiunque pu\u00f2 iscriversi agli avvisi MdReady\/MdListo<\/a>.<\/p>\n<p>Conoscere le minacce:<\/p>\n<ul>\n<li><a href=\"https:\/\/mdready.maryland.gov\/know-the-threats\/Pages\/COVID-19.aspx\" target=\"_blank\" rel=\"noopener\">COVID-19<\/a><\/li>\n<li><a href=\"https:\/\/mdready.maryland.gov\/know-the-threats\/Pages\/floods.aspx\" target=\"_blank\" rel=\"noopener\">Inondazioni<\/a><\/li>\n<li><a href=\"https:\/\/mdready.maryland.gov\/know-the-threats\/Pages\/heat-drought.aspx\" target=\"_blank\" rel=\"noopener\">Caldo e siccit\u00e0<\/a><\/li>\n<li><a href=\"https:\/\/mdready.maryland.gov\/know-the-threats\/Pages\/hurricanes.aspx\" target=\"_blank\" rel=\"noopener\">Uragani<\/a><\/li>\n<li><a href=\"https:\/\/mdready.maryland.gov\/know-the-threats\/Pages\/thunder-and-lightning.aspx\" target=\"_blank\" rel=\"noopener\">tuono e fulmine<\/a><\/li>\n<li><a href=\"https:\/\/mdready.maryland.gov\/know-the-threats\/Pages\/winter-storms.aspx\" target=\"_blank\" rel=\"noopener\">Tempeste invernali<\/a> (<a href=\"https:\/\/health.maryland.gov\/preparedness\/Pages\/resources_cold.aspx\" target=\"_blank\" rel=\"noopener\">freddo estremo<\/a>)<\/li>\n<li><a href=\"https:\/\/mdready.maryland.gov\/know-the-threats\/Pages\/tornadoes.aspx\" target=\"_blank\" rel=\"noopener\">Tornado<\/a><\/li>\n<li><a href=\"https:\/\/mdready.maryland.gov\/know-the-threats\/Pages\/earthquakes.aspx\" target=\"_blank\" rel=\"noopener\">Terremoti<\/a><\/li>\n<li><a href=\"https:\/\/mdready.maryland.gov\/know-the-threats\/technology-disasters\/Pages\/default.aspx\" target=\"_blank\" rel=\"noopener\">Disastri tecnologici<\/a><\/li>\n<li><a href=\"https:\/\/mdready.maryland.gov\/know-the-threats\/Pages\/landslides-and-mudslides.aspx\" target=\"_blank\" rel=\"noopener\">Frane e smottamenti<\/a><\/li>\n<li><a href=\"https:\/\/mdready.maryland.gov\/know-the-threats\/Pages\/public-health-events.aspx\" target=\"_blank\" rel=\"noopener\">Eventi di salute pubblica<\/a><\/li>\n<li><a href=\"https:\/\/mdready.maryland.gov\/know-the-threats\/Pages\/wildfires.aspx\" target=\"_blank\" rel=\"noopener\">Incendi boschivi<\/a><\/li>\n<li><a href=\"https:\/\/mdready.maryland.gov\/know-the-threats\/Pages\/Terrorism.aspx\" target=\"_blank\" rel=\"noopener\">Terrorismo&nbsp;<\/a><\/li>\n<\/ul>\n<p>Per accedere a suggerimenti e informazioni sulla preparazione, installa l&#039;app Web MdReady visitando&nbsp;<a href=\"http:\/\/mdready.maryland.gov\/\" target=\"_blank\" rel=\"noopener\">MdReady.Maryland.gov<\/a>&nbsp;sul browser web del tuo dispositivo mobile. Per ricevere avvisi di testo, suggerimenti e risorse relativi a minacce e pericoli che potrebbero colpire il Maryland, inviare un messaggio di testo &quot;MdReady&quot; al 211-631 o &quot;MdListo&quot; per ricevere messaggi in spagnolo.<\/p>\n<h2>Ruolo del 211 durante i disastri<\/h2>\n<p>Se sei stato colpito da un disastro, puoi chiamare il 2-1-1 per trovare informazioni e risorse aggiornate relative al disastro nella tua comunit\u00e0.<\/p>\n<p>211MD fornisce il controllo delle voci e offre informazioni aggiornate sulle risorse in costante cambiamento relative ai disastri. Abbiamo stabilito contatti per ottenere le informazioni pi\u00f9 recenti sui piani di evacuazione, rifugi temporanei, siti di alimentazione, camion dell&#039;acqua, assistenza medica ecc. Possiamo anche fornire informazioni su quali fornitori di servizi locali sono ancora in grado di offrire i loro servizi tipici.<\/p>\n<p>Fornire queste informazioni essenziali pu\u00f2 consentire ai soccorritori di svolgere il lavoro che sono pi\u00f9 adatti a svolgere per la comunit\u00e0. Cerchiamo di alleggerire il sistema del 911, lasciandolo libero per le vere emergenze.<\/p>","protected":false},"excerpt":{"rendered":"<p>Se sei in pericolo immediato chiama il 9-1-1. 2-1-1 pu\u00f2 aiutarti a trovare risorse per prepararti ai disastri. Cerca nel database 2-1-1 per trovare risorse per la preparazione alle catastrofi o il soccorso in caso di catastrofe. Puoi cercare cose come servizi alimentari post-catastrofe, trasporti, donazioni, prestiti per catastrofi, sovvenzioni in contanti, organizzazioni di recupero e altro ancora. 211 ha anche MdReady\/MdListo,\u2026<\/p>","protected":false},"author":8,"featured_media":0,"parent":0,"menu_order":0,"comment_status":"closed","ping_status":"closed","template":"","meta":{"footnotes":""},"class_list":["post-1142","page","type-page","status-publish","hentry"],"_links":{"self":[{"href":"https:\/\/211md.org\/it\/wp-json\/wp\/v2\/pages\/1142","targetHints":{"allow":["GET"]}}],"collection":[{"href":"https:\/\/211md.org\/it\/wp-json\/wp\/v2\/pages"}],"about":[{"href":"https:\/\/211md.org\/it\/wp-json\/wp\/v2\/types\/page"}],"author":[{"embeddable":true,"href":"https:\/\/211md.org\/it\/wp-json\/wp\/v2\/users\/8"}],"replies":[{"embeddable":true,"href":"https:\/\/211md.org\/it\/wp-json\/wp\/v2\/comments?post=1142"}],"version-history":[{"count":1,"href":"https:\/\/211md.org\/it\/wp-json\/wp\/v2\/pages\/1142\/revisions"}],"predecessor-version":[{"id":34615,"href":"https:\/\/211md.org\/it\/wp-json\/wp\/v2\/pages\/1142\/revisions\/34615"}],"wp:attachment":[{"href":"https:\/\/211md.org\/it\/wp-json\/wp\/v2\/media?parent=1142"}],"curies":[{"name":"scrivere","href":"https:\/\/api.w.org\/{rel}","templated":true}]}}