{"id":115,"date":"2019-10-18T20:29:20","date_gmt":"2019-10-18T20:29:20","guid":{"rendered":"https:\/\/211md.org\/?page_id=115"},"modified":"2026-02-27T14:04:16","modified_gmt":"2026-02-27T19:04:16","slug":"casa","status":"publish","type":"page","link":"https:\/\/211md.org\/it\/","title":{"rendered":"Casa"},"content":{"rendered":"<h1>\n\t\t\tCollegare il Maryland per aiutare\t<\/h1>\n\t<p>Trova risorse della comunit\u00e0 per cibo, alloggio, assistenza per le utenze, aiuto per pagare le bollette e molto altro!\u00a0<\/p>\n<p><strong>211 Maryland<\/strong> \u00e8 il sistema di informazione e segnalazione pi\u00f9 completo dello Stato. <\/p>\n<p>Insieme possiamo aiutare le comunit\u00e0 a prosperare.<\/p>\n\t\t\t<a href=\"https:\/\/search.211md.org\/?utm_source=Homehero&#038;utm_medium=Referral&#038;utm_campaign=211home&#038;utm_content=\"  target=\"_blank\" rel=\"noopener\">\n\t\t\t\t\t\t\tOttenere aiuto\n\t\t\t\t\t<\/a>\n\t\t\t<a href=\"https:\/\/211md.org\/it\/compagno\/?utm_source=Homehero&#038;utm_medium=Referral&#038;utm_campaign=211home&#038;utm_content=CTA\"  target=\"_self\">\n\t\t\t\t\t\t\tUnisciti al database delle risorse\n\t\t\t\t\t<\/a>\n\t\t<h4><a href=\"\/it\/risorse\/invecchiamento-disabilita\/?utm_source=Home&#038;utm_medium=Referral&#038;utm_campaign=211Resources&#038;utm_content=Aging\" target=\"_self\">Invecchiamento e disabilit\u00e0<\/a><\/h4><figure itemscope itemtype=\"https:\/\/schema.org\/ImageObject\">\n\t\t\t\t<a href=\"\/it\/risorse\/invecchiamento-disabilita\/?utm_source=Home&#038;utm_medium=Referral&#038;utm_campaign=211Resources&#038;utm_content=Aging\"  target=\"_self\" itemprop=\"url\">\n\t\t\t\t<img decoding=\"async\" src=\"https:\/\/211md.org\/wp-content\/uploads\/bb-plugin\/cache\/2025_MdInfoNet_Icon-Sets_Aging-disability-square-c466727102cae71e5f27b8539bb51945-.png\" alt=\"\" onerror=\"this.style.display='none'\" loading=\"lazy\" \/>\n\t\t\t\t<\/a>\n\t<\/figure>\n\t\t<h4><a href=\"\/it\/risorse\/bambini-famiglie\/?utm_source=Home&#038;utm_medium=Referral&#038;utm_campaign=211Resources&#038;utm_content=Children\" target=\"_self\">Bambini e famiglie<\/a><\/h4><figure itemscope itemtype=\"https:\/\/schema.org\/ImageObject\">\n\t\t\t\t<a href=\"\/it\/risorse\/bambini-famiglie\/?utm_source=Home&#038;utm_medium=Referral&#038;utm_campaign=211Resources&#038;utm_content=Children\"  target=\"_self\" itemprop=\"url\">\n\t\t\t\t<img decoding=\"async\" src=\"https:\/\/211md.org\/wp-content\/uploads\/bb-plugin\/cache\/2025_211_Icon-Sets_Child-care-square-f3b0d4edab3dcc467fadb5f55f4064c6-.png\" alt=\"parent and child icon for child care\" height=\"417\" width=\"417\" title=\"2025_211_Set di icone_Assistenza all&#039;infanzia\" onerror=\"this.style.display='none'\" loading=\"lazy\" \/>\n\t\t\t\t<\/a>\n\t<\/figure>\n\t\t<h4><a href=\"\/it\/risorse\/violenza-domestica-familiare\/?utm_source=Home&#038;utm_medium=Referral&#038;utm_campaign=211Resources&#038;utm_content=Domestic\" target=\"_self\">Violenza domestica<\/a><\/h4><figure itemscope itemtype=\"https:\/\/schema.org\/ImageObject\">\n\t\t\t\t<a href=\"\/it\/risorse\/violenza-domestica-familiare\/?utm_source=Home&#038;utm_medium=Referral&#038;utm_campaign=211Resources&#038;utm_content=Domestic\"  target=\"_self\" itemprop=\"url\">\n\t\t\t\t<img decoding=\"async\" src=\"https:\/\/211md.org\/wp-content\/uploads\/bb-plugin\/cache\/2025_211_Icon-Sets_Domestic-Violence-square-7b597694a6f05fe90cdc376aa573bc63-.png\" alt=\"House with a heart in the middle icon\" height=\"417\" width=\"417\" title=\"2025_211_Set di icone_Violenza domestica\" onerror=\"this.style.display='none'\" loading=\"lazy\" \/>\n\t\t\t\t<\/a>\n\t<\/figure>\n\t\t<h4><a href=\"\/it\/risorse\/ricerca-occupazione\/?utm_source=Home&#038;utm_medium=Referral&#038;utm_campaign=211Resources&#038;utm_content=Employment\" target=\"_self\">Occupazione<\/a><\/h4><figure itemscope itemtype=\"https:\/\/schema.org\/ImageObject\">\n\t\t\t\t<a href=\"\/it\/risorse\/ricerca-occupazione\/?utm_source=Home&#038;utm_medium=Referral&#038;utm_campaign=211Resources&#038;utm_content=Employment\"  target=\"_self\" itemprop=\"url\">\n\t\t\t\t<img decoding=\"async\" src=\"https:\/\/211md.org\/wp-content\/uploads\/bb-plugin\/cache\/2025_MdInfoNet_Icon-Sets_Employment-square-44707bd410e4df10a470bf130ebcea86-.png\" alt=\"\" onerror=\"this.style.display='none'\" loading=\"lazy\" \/>\n\t\t\t\t<\/a>\n\t<\/figure>\n\t\t<h4><a href=\"\/it\/risorse\/assistenza-sanitaria\/?utm_source=Home&#038;utm_medium=Referral&#038;utm_campaign=211Resources&#038;utm_content=Health%20Care\" target=\"_self\">Assistenza sanitaria<\/a><\/h4><figure itemscope itemtype=\"https:\/\/schema.org\/ImageObject\">\n\t\t\t\t<a href=\"\/it\/risorse\/assistenza-sanitaria\/?utm_source=Home&#038;utm_medium=Referral&#038;utm_campaign=211Resources&#038;utm_content=Health%20Care\"  target=\"_self\" itemprop=\"url\">\n\t\t\t\t<img decoding=\"async\" src=\"https:\/\/211md.org\/wp-content\/uploads\/bb-plugin\/cache\/2025_MdInfoNet_Icon-Sets_Health-Care-square-dee98a0060cbe0e7f27eda253fc12679-.png\" alt=\"\" onerror=\"this.style.display='none'\" loading=\"lazy\" \/>\n\t\t\t\t<\/a>\n\t<\/figure>\n\t\t<h4><a href=\"\/it\/risorse\/nuovo-per-gli-stati-uniti-e-maryland\/?utm_source=Home&#038;utm_medium=Referral&#038;utm_campaign=211Resources&#038;utm_content=Immigration\" target=\"_self\">Immigrazione<\/a><\/h4><figure itemscope itemtype=\"https:\/\/schema.org\/ImageObject\">\n\t\t\t\t<a href=\"\/it\/risorse\/nuovo-per-gli-stati-uniti-e-maryland\/?utm_source=Home&#038;utm_medium=Referral&#038;utm_campaign=211Resources&#038;utm_content=Immigration\"  target=\"_self\" itemprop=\"url\">\n\t\t\t\t<img decoding=\"async\" src=\"https:\/\/211md.org\/wp-content\/uploads\/bb-plugin\/cache\/2025_MdInfoNet_Icon-Sets_Immigration-square-8b97b7fdfe5e6071405e216855065118-.png\" alt=\"icona dell&#039;immigrazione\" title=\"2025_MdInfoNet_Icon-Sets_Immigration\" onerror=\"this.style.display='none'\" loading=\"lazy\" \/>\n\t\t\t\t<\/a>\n\t<\/figure>\n\t\t<h4><a href=\"\/it\/risorse\/bambini-famiglie\/parentela-cura\/?utm_source=Home&#038;utm_medium=Referral&#038;utm_campaign=211Resources&#038;utm_content=Kinship\" target=\"_self\">Parentela<\/a><\/h4><figure itemscope itemtype=\"https:\/\/schema.org\/ImageObject\">\n\t\t\t\t<a href=\"\/it\/risorse\/bambini-famiglie\/parentela-cura\/?utm_source=Home&#038;utm_medium=Referral&#038;utm_campaign=211Resources&#038;utm_content=Kinship\"  target=\"_self\" itemprop=\"url\">\n\t\t\t\t<img decoding=\"async\" src=\"https:\/\/211md.org\/wp-content\/uploads\/bb-plugin\/cache\/2025_211_Icon-Sets_Kinship-square-45bdf872866f5735f842c32071109267-.png\" alt=\"Icona di parentela\" height=\"417\" width=\"417\" title=\"2025_211_Set di icone_Parentela\" onerror=\"this.style.display='none'\" loading=\"lazy\" \/>\n\t\t\t\t<\/a>\n\t<\/figure>\n\t\t<h4><a href=\"\/it\/risorse\/servizi-legali\/?utm_source=Home&#038;utm_medium=Referral&#038;utm_campaign=211Resources&#038;utm_content=Legal\" target=\"_self\">Servizi legali<\/a><\/h4><figure itemscope itemtype=\"https:\/\/schema.org\/ImageObject\">\n\t\t\t\t<a href=\"\/it\/risorse\/servizi-legali\/?utm_source=Home&#038;utm_medium=Referral&#038;utm_campaign=211Resources&#038;utm_content=Legal\"  target=\"_self\" itemprop=\"url\">\n\t\t\t\t<img decoding=\"async\" src=\"https:\/\/211md.org\/wp-content\/uploads\/bb-plugin\/cache\/2025_MdInfoNet_Icon-Sets_Legal-square-18fdf438feb8435588174d9046463257-.png\" alt=\"\" onerror=\"this.style.display='none'\" loading=\"lazy\" \/>\n\t\t\t\t<\/a>\n\t<\/figure>\n\t\t<h4><a href=\"\/it\/risorse\/salute-mentale\/?utm_source=Home&#038;utm_medium=Referral&#038;utm_campaign=211Resources&#038;utm_content=Mental\" target=\"_self\">Salute mentale<\/a><\/h4><figure itemscope itemtype=\"https:\/\/schema.org\/ImageObject\">\n\t\t\t\t<a href=\"\/it\/risorse\/salute-mentale\/?utm_source=Home&#038;utm_medium=Referral&#038;utm_campaign=211Resources&#038;utm_content=Mental\"  target=\"_self\" itemprop=\"url\">\n\t\t\t\t<img decoding=\"async\" src=\"https:\/\/211md.org\/wp-content\/uploads\/bb-plugin\/cache\/2025_MdInfoNet_Icon-Sets_Mental-Health-square-c59b38c4a993a947d4c9280fbe2d2fee-.png\" alt=\"\" onerror=\"this.style.display='none'\" loading=\"lazy\" \/>\n\t\t\t\t<\/a>\n\t<\/figure>\n\t\t<h4><a href=\"\/it\/risorse\/mdreentry\/?utm_source=Home&#038;utm_medium=Referral&#038;utm_campaign=211Resources&#038;utm_content=Reentry\" target=\"_self\">Rientro<\/a><\/h4><figure itemscope itemtype=\"https:\/\/schema.org\/ImageObject\">\n\t\t\t\t<a href=\"\/it\/risorse\/mdreentry\/?utm_source=Home&#038;utm_medium=Referral&#038;utm_campaign=211Resources&#038;utm_content=Reentry\"  target=\"_self\" itemprop=\"url\">\n\t\t\t\t<img decoding=\"async\" src=\"https:\/\/211md.org\/wp-content\/uploads\/bb-plugin\/cache\/2025_211_Icon-Sets_Reentry-square-8676fea38abd920a832f45642fe31cca-.png\" alt=\"Icona di rientro\" height=\"417\" width=\"417\" title=\"2025_211_Set di icone_Rientro\" onerror=\"this.style.display='none'\" loading=\"lazy\" \/>\n\t\t\t\t<\/a>\n\t<\/figure>\n\t\t<h4><a href=\"\/it\/risorse\/uso-di-sostanze\/?utm_source=Home&#038;utm_medium=Referral&#038;utm_campaign=211Resources&#038;utm_content=Substance\" target=\"_self\">Uso di sostanze<\/a><\/h4><figure itemscope itemtype=\"https:\/\/schema.org\/ImageObject\">\n\t\t\t\t<a href=\"\/it\/risorse\/uso-di-sostanze\/?utm_source=Home&#038;utm_medium=Referral&#038;utm_campaign=211Resources&#038;utm_content=Substance\"  target=\"_self\" itemprop=\"url\">\n\t\t\t\t<img decoding=\"async\" src=\"https:\/\/211md.org\/wp-content\/uploads\/bb-plugin\/cache\/2025_MdInfoNet_Icon-Sets_Substance-Abuse-square-4f414f085e657267739c181957754f48-.png\" alt=\"Pills for substance Use icon\" title=\"2025_MdInfoNet_Icon-Sets_Substance-Abuse\" onerror=\"this.style.display='none'\" loading=\"lazy\" \/>\n\t\t\t\t<\/a>\n\t<\/figure>\n\t\t<h4><a href=\"\/it\/risorse\/veterani\/?utm_source=Home&#038;utm_medium=Referral&#038;utm_campaign=211Resources&#038;utm_content=Veterans\" target=\"_self\">Veterani<\/a><\/h4><figure itemscope itemtype=\"https:\/\/schema.org\/ImageObject\">\n\t\t\t\t<a href=\"\/it\/risorse\/veterani\/?utm_source=Home&#038;utm_medium=Referral&#038;utm_campaign=211Resources&#038;utm_content=Veterans\"  target=\"_self\" itemprop=\"url\">\n\t\t\t\t<img decoding=\"async\" src=\"https:\/\/211md.org\/wp-content\/uploads\/bb-plugin\/cache\/2025_MdInfoNet_Icon-Sets_Rating-square-6e60d00cce4faa8e0a6d4ad7366aa733-.png\" alt=\"\" onerror=\"this.style.display='none'\" loading=\"lazy\" \/>\n\t\t\t\t<\/a>\n\t<\/figure>\n\t<h2>Altri modi per ottenere aiuto<\/h2>\n\t\t<h3><a href=\"tel:+211\" target=\"_self\">Chiama il 211<\/a><\/h3><figure itemscope itemtype=\"https:\/\/schema.org\/ImageObject\">\n\t\t\t\t<a href=\"tel:+211\"  target=\"_self\" itemprop=\"url\">\n\t\t\t\t<img decoding=\"async\" src=\"https:\/\/211md.org\/wp-content\/uploads\/bb-plugin\/cache\/Call-center-specialst-circle-eeffe277a2415307db9e1df3ed658a58-.jpg\" alt=\"Specialista del call center\" height=\"800\" width=\"1200\" title=\"Specialista del call center\" onerror=\"this.style.display='none'\" loading=\"lazy\" \/>\n\t\t\t\t<\/a>\n\t<\/figure>\n<p>Specialisti attenti e compassionevoli in informazioni e segnalazioni sono disponibili 24 ore su 24, 7 giorni su 7, 365 giorni all&#039;anno per ascoltare, rispondere alle domande e mettere in contatto gli abitanti del Maryland con le risorse della comunit\u00e0.<\/p>\n<p>Le chiamate sono gratuite e riservate.<\/p>\n\t\t\t<a href=\"tel:+211\"  target=\"_self\">\n\t\t\t\t\t\t\tChiama il 211\n\t\t\t<\/a>\n\t\t<h3><a href=\"\/it\/about\/messaggi-di-testo\/\" target=\"_self\">Iscriviti ai messaggi di testo<\/a><\/h3><figure itemscope itemtype=\"https:\/\/schema.org\/ImageObject\">\n\t\t\t\t<a href=\"\/it\/about\/messaggi-di-testo\/\"  target=\"_self\" itemprop=\"url\">\n\t\t\t\t<img decoding=\"async\" src=\"https:\/\/211md.org\/wp-content\/uploads\/bb-plugin\/cache\/African-American-girl-texting-circle-b49f6599e0ac8a416892afc9b7a57fc8-.jpg\" alt=\"Ragazza afroamericana che manda un sms\" height=\"378\" width=\"505\" title=\"Ragazza afroamericana che manda un sms\" onerror=\"this.style.display='none'\" loading=\"lazy\" \/>\n\t\t\t\t<\/a>\n\t<\/figure>\n<p>Ricevi messaggi di testo di supporto per la salute mentale di adolescenti e adulti, per il reinserimento, per la parentela e altro ancora.<\/p>\n\t\t\t<a href=\"\/it\/about\/messaggi-di-testo\/\"  target=\"_self\">\n\t\t\t\t\t\t\tIscrizione\n\t\t\t<\/a>\n<figure itemscope itemtype=\"https:\/\/schema.org\/ImageObject\">\n\t\t\t\t<img decoding=\"async\" src=\"http:\/\/211md.org\/wp-content\/uploads\/2025\/10\/Dad-on-phone-with-child.jpg\" alt=\"Pap\u00e0 al telefono con il bambino\" title=\"Pap\u00e0 al telefono con il bambino\" onerror=\"this.style.display='none'\" loading=\"lazy\" \/>\n\t<\/figure>\n\t<h2>Connettiti<\/h2>\n<p>Trova risorse della comunit\u00e0 per cibo, alloggio, assistenza per le utenze, aiuto per pagare le bollette e molto altro!<\/p>\n<p>211 Maryland \u00e8 il sistema di informazione e segnalazione pi\u00f9 completo dello Stato.<\/p>\n<p>Insieme possiamo aiutare le comunit\u00e0 a prosperare.<\/p>\n\t\t\t<a href=\"https:\/\/search.211md.org\/?utm_source=Homehero&#038;utm_medium=Referral&#038;utm_campaign=211home&#038;utm_content=\"  target=\"_blank\" rel=\"noopener\">\n\t\t\t\t\t\t\tCerca aiuto\n\t\t\t<\/a>\n\t\t\t<a href=\"https:\/\/211md.org\/it\/compagno\/?utm_source=Homehero&#038;utm_medium=Referral&#038;utm_campaign=211home&#038;utm_content=CTA\"  target=\"_self\">\n\t\t\t\t\t\t\tUnisciti al database delle risorse\n\t\t\t\t\t<\/a>\n\t<h2>Cosa dice la gente di 211<\/h2>\n\t\t<ul>\n\t\t<li><blockquote><p>In pochi mesi, il mio cliente \u00e8 passato dal rischio quotidiano e dalla dipendenza alla stabilit\u00e0, al reddito e a una rinnovata dignit\u00e0. Il successo del mio cliente dimostra l&#039;impatto che un supporto mirato pu\u00f2 avere nell&#039;interrompere il ciclo del ricovero ospedaliero e trasformare vite.<strong>Coordinatore dell&#039;assistenza, transizioni ospedaliere <\/strong><strong>Programma<\/strong><\/p><\/blockquote><\/li>\t\t<li><blockquote>La nostra partnership con Maryland 211 ci ha permesso di raggiungere persone che preferiscono le comunicazioni di testo per avvisi e aggiornamenti. Completa l&#039;approccio di tutta la nostra comunit\u00e0 alle comunicazioni.<strong>Jorge Eduardo Castillo, MBA<\/strong><br \/><strong>MD, Agenzia per la gestione delle emergenze del Maryland<\/strong><\/blockquote><\/li>\t\t<li><blockquote>La partnership esistente tra il Dipartimento dell&#039;invecchiamento del Maryland e 211 Maryland consente a entrambe le nostre agenzie di espandere la nostra portata e fornire informazioni sui servizi e sul supporto a lungo termine a coloro che ne hanno bisogno. Questo miglioramento render\u00e0 i nostri servizi pi\u00f9 facilmente e comodamente disponibili.<strong>Rona E. Kramer<\/strong><br \/><strong>Segretario, Dipartimento per l&#039;invecchiamento del Maryland<\/strong><\/blockquote><\/li>\t\t<li><blockquote>Con il lancio di questo nuovo approccio innovativo da parte di 211 Maryland, abbiamo la possibilit\u00e0 di salvare vite umane. Questo tipo di partnership \u00e8 un esempio di collaborazione tra enti governativi per aiutare le persone.<strong>Craig Zucker<\/strong><br \/><strong>Senatore dello Stato del Maryland<\/strong><\/blockquote><\/li>\t\t<li><blockquote>NAMI Maryland \u00e8 onorata di lavorare con 211 Maryland come partner e collaboratore di sensibilizzazione. Insieme, sappiamo di poter cambiare il volto della salute mentale per il Maryland.<strong>Kate Farinholt, direttore esecutivo<\/strong><br \/><strong>NAMI Maryland, Alleanza nazionale sulla malattia mentale<\/strong><\/blockquote><\/li>\t\t<li><blockquote>211 Maryland ha dimostrato straordinaria flessibilit\u00e0, leadership e collaborazione. Ha affrontato ogni sfida per offrire ai chiamanti un servizio clienti eccellente nell&#039;ambito del programma alimentare statale.<strong>Bethany Brown, assistente capo divisione delle operazioni amministrative<\/strong><br \/><strong>Ufficio per le operazioni di emergenza, Dipartimento dei servizi umani del Maryland<\/strong><\/blockquote><\/li>\t\t\t<\/ul>\n\t<h2>Il nostro impatto<\/h2>\n\t\t\t\t\tOltre 1.151.771 connessioni Oltre 8.500 risorse Oltre 200.000 iscritti ai messaggi Oltre 150 lingue\n\t\t<h2><a href=\"\/it\/compagno\/unisciti-al-nostro-database\/\" target=\"_self\">Unisciti al nostro database di risorse 211<\/a><\/h2>La vostra agenzia fornisce supporto ai servizi sanitari e sociali?<br \/>\nAggiungi la tua agenzia al database di risorse pi\u00f9 completo dello stato o <a href=\"\/it\/compagno\/fornitori-di-risorse\/\">controlla la tua inserzione nel database delle risorse 211.<\/a>\n\t\t\t<a href=\"\/it\/compagno\/unisciti-al-nostro-database\/\"  target=\"_self\">\n\t\t\t\t\t\t\tAggiungi la tua agenzia\n\t\t\t<\/a>\n\t\t<h2>Connettiti<\/h2><p>Iscriviti alla nostra newsletter!<\/p>\n\t<h2>Domande frequenti per i cittadini del Maryland<\/h2>\n<p>Scopri di pi\u00f9 sulle nostre FAQ generali qui o <a href=\"\/it\/compagno\/#faq\">visita la nostra pagina Partner per le FAQ dei partner.<\/a><\/p>\n\t\t\t\t\t<h3 id=\"fl-accordion--label-0\">Cos&#039;\u00e8 il 211 Maryland?<\/h3>\n\t\t\t\t\t\t\t\t\t\t\t<button type=\"button\" id=\"fl-accordion--icon-0\" aria-expanded=\"true\" aria-controls=\"fl-accordion--panel-0\"><i>Crollo<\/i><\/button>\n\t\t\t\t\t<p>Il 211 \u00e8 il sistema di informazione e segnalazione per i servizi sanitari e sociali pi\u00f9 completo dello Stato. Con oltre 7.500 risorse, le persone con bisogni essenziali possono contattare l&#039;assistenza locale 24 ore su 24, 7 giorni su 7, 365 giorni all&#039;anno. Il 211 Maryland \u00e8 un servizio gratuito e riservato, con traduzione disponibile in oltre 150 lingue.<\/p>\n<p>Il\u00a0<a href=\"https:\/\/mdinfonet.org\/\" target=\"_blank\" rel=\"noopener\">Rete informativa del Maryland<\/a>, un&#039;organizzazione senza scopo di lucro 501(c)3, \u00e8 l&#039;amministratore designato dallo Stato del sistema 211 nel Maryland.<\/p>\n\t\t\t\t\t<h3 id=\"fl-accordion--label-1\">Come posso accedere alle risorse 211 del Maryland?<\/h3>\n\t\t\t\t\t\t\t\t\t\t\t<button type=\"button\" id=\"fl-accordion--icon-1\" aria-expanded=\"false\" aria-controls=\"fl-accordion--panel-1\"><i>Espandere<\/i><\/button>\n\t\t\t\t\t<p>Collegati 24 ore su 24, 7 giorni su 7, 365 giorni l&#039;anno con il 211 tramite:<\/p>\n<ul>\n<li>Composizione\u00a0<strong>211\u00a0<\/strong>da qualsiasi telefono.<\/li>\n<li><a href=\"https:\/\/search.211md.org\/\" target=\"_blank\" rel=\"noopener\">Ricerca nel nostro database.<\/a><\/li>\n<li><a href=\"https:\/\/211md.org\/it\/about\/messaggi-di-testo\/\" rel=\"noopener\">Iscrizione al supporto tramite messaggi di testo in corso<\/a>.<\/li>\n<\/ul>\n<p>\u00c8 una risorsa della community GRATUITA e riservata a disposizione di\u00a0<u>tutti<\/u>\u00a0nel Maryland. Potrebbero essere applicati servizi di messaggistica di testo e dati.<\/p>\n\t\t\t\t\t<h3 id=\"fl-accordion--label-2\">Qual \u00e8 il numero di telefono del 211 Maryland?<\/h3>\n\t\t\t\t\t\t\t\t\t\t\t<button type=\"button\" id=\"fl-accordion--icon-2\" aria-expanded=\"false\" aria-controls=\"fl-accordion--panel-2\"><i>Espandere<\/i><\/button>\n\t\t\t\t\t<p>Contatta 211 Maryland componendo il 211. Gli specialisti sono disponibili 24 ore su 24, 7 giorni su 7, 365 giorni all&#039;anno.<\/p>\n\t\t\t\t\t<h3 id=\"fl-accordion--label-3\">Quando posso chiamare il 211 Maryland?<\/h3>\n\t\t\t\t\t\t\t\t\t\t\t<button type=\"button\" id=\"fl-accordion--icon-3\" aria-expanded=\"false\" aria-controls=\"fl-accordion--panel-3\"><i>Espandere<\/i><\/button>\n\t\t\t\t\t<p>Il 211 \u00e8 attivo 24 ore su 24, 7 giorni su 7, 365 giorni all&#039;anno.<\/p>\n\t\t\t\t\t<h3 id=\"fl-accordion--label-4\">Come pu\u00f2 aiutarmi il 211 Maryland?<\/h3>\n\t\t\t\t\t\t\t\t\t\t\t<button type=\"button\" id=\"fl-accordion--icon-4\" aria-expanded=\"false\" aria-controls=\"fl-accordion--panel-4\"><i>Espandere<\/i><\/button>\n\t\t\t\t\t<p><strong>Informazioni empatiche e rinvio\u00a0<\/strong>Gli specialisti sanno quanto possa essere difficile orientarsi nel labirinto, a volte confuso, della sanit\u00e0 e delle risorse umane. Utilizzeranno il tuo codice postale per effettuare ricerche nel nostro database di risorse aggiornato con oltre 7.000 agenzie e servizi. Ti metteremo in contatto con le migliori organizzazioni e servizi vicino a te e risponderemo a domande sui seguenti bisogni insoddisfatti:<\/p>\n<ul>\n<li>Cibo<\/li>\n<li>Alloggio e riparo<\/li>\n<li>Rifugio d&#039;emergenza<\/li>\n<li>Assistenza utilit\u00e0<\/li>\n<li>Assistenza finanziaria<\/li>\n<li>Salute mentale<\/li>\n<li>Abuso di sostanze<\/li>\n<li>Suicidio e intervento di crisi<\/li>\n<li>Test COVID-19<\/li>\n<li>Assistenza sanitaria<\/li>\n<li>Bambini e famiglie (assistenza all&#039;infanzia, sostegno alla genitorialit\u00e0, forniture e abbigliamento e preparazione scolastica)<\/li>\n<li>Invecchiamento e disabilit\u00e0<\/li>\n<li>Servizi legali<\/li>\n<li>Informazioni sulla preparazione fiscale<\/li>\n<li>Veterani<\/li>\n<li>Violenza domestica<\/li>\n<li>Occupazione<\/li>\n<li>Trasporto<\/li>\n<\/ul>\n<p>Al termine della chiamata sarai pronto ad agire per ottenere l&#039;aiuto di cui hai bisogno.<\/p>\n\t\t\t\t\t<h3 id=\"fl-accordion--label-5\">Cosa posso aspettarmi quando chiamo?<\/h3>\n\t\t\t\t\t\t\t\t\t\t\t<button type=\"button\" id=\"fl-accordion--icon-5\" aria-expanded=\"false\" aria-controls=\"fl-accordion--panel-5\"><i>Espandere<\/i><\/button>\n\t\t\t\t\t<ol>\n<li>Chiama il 211.<\/li>\n<li>Lo far\u00e0 uno specialista del 211\u00a0<strong>Ascoltare<\/strong>\u00a0alle tue preoccupazioni.<\/li>\n<li>Lo specialista far\u00e0 domande a\u00a0<strong>identificare i tuoi bisogni insoddisfatti<\/strong>.<\/li>\n<li>Fornirai il tuo<strong>\u00a0posizione<\/strong>\u00a0per aiutare a determinare le risorse nella tua zona.<\/li>\n<li>Puoi provvedere\u00a0<strong>informazioni sui contatti<\/strong>\u00a0se desideri una chiamata di follow-up per offrire risorse aggiuntive.<\/li>\n<li>Lo specialista delle risorse di chiamata ti mette in contatto con\u00a0<strong>risorse<\/strong>.<\/li>\n<\/ol>\n<p>Tutte le chiamate sono confidenziali.<\/p>\n\t\t\t\t\t<h3 id=\"fl-accordion--label-6\">Cosa succede se il mio cellulare non si connette al 211 Maryland?<\/h3>\n\t\t\t\t\t\t\t\t\t\t\t<button type=\"button\" id=\"fl-accordion--icon-6\" aria-expanded=\"false\" aria-controls=\"fl-accordion--panel-6\"><i>Espandere<\/i><\/button>\n\t\t\t\t\t<p>La maggior parte dei telefoni supporta la chiamata al 211. In caso di problemi, puoi anche chiamare:<\/p>\n<ul>\n<li>Maryland meridionale (capitale): 1-866-770-1910<\/li>\n<li>Maryland centrale: 1-866-406-8156<\/li>\n<li>Costa orientale: 1-866-231-7101<\/li>\n<li>Maryland occidentale: 1-866-411-6803<\/li>\n<\/ul>\n\t\t\t\t\t<h3 id=\"fl-accordion--label-7\">Cosa succede se sono sordo o con problemi di udito?<\/h3>\n\t\t\t\t\t\t\t\t\t\t\t<button type=\"button\" id=\"fl-accordion--icon-7\" aria-expanded=\"false\" aria-controls=\"fl-accordion--panel-7\"><i>Espandere<\/i><\/button>\n\t\t\t\t\t<p>Chiama il 7-1-1 per accedere al 211 Maryland tramite il Maryland Relay.<\/p>\n\t\t\t\t\t<h3 id=\"fl-accordion--label-8\">Quali lingue sono disponibili?<\/h3>\n\t\t\t\t\t\t\t\t\t\t\t<button type=\"button\" id=\"fl-accordion--icon-8\" aria-expanded=\"false\" aria-controls=\"fl-accordion--panel-8\"><i>Espandere<\/i><\/button>\n\t\t\t\t\t<p>Sono disponibili specialisti di lingua inglese e spagnola, oltre a traduzioni in oltre 150 lingue.<\/p>\n\t\t\t\t\t<h3 id=\"fl-accordion--label-9\">Posso cercare le risorse da solo?<\/h3>\n\t\t\t\t\t\t\t\t\t\t\t<button type=\"button\" id=\"fl-accordion--icon-9\" aria-expanded=\"false\" aria-controls=\"fl-accordion--panel-9\"><i>Espandere<\/i><\/button>\n\t\t\t\t\t<p>S\u00cc! Il nostro database online ha oltre 7.000 risorse in tutto lo stato.<\/p>\n<p>Cercato da\u00a0<strong>parola chiave\u00a0<\/strong>o il tuo<strong> posizione. <\/strong>Vai a\u00a0<a href=\"https:\/\/search.211md.org\/\" target=\"_blank\" rel=\"noopener\">search.211md.org<\/a>\u00a0per iniziare la tua ricerca oggi.<\/p>\n\t\t\t\t\t<h3 id=\"fl-accordion--label-10\">Come posso ottenere supporto continuo?<\/h3>\n\t\t\t\t\t\t\t\t\t\t\t<button type=\"button\" id=\"fl-accordion--icon-10\" aria-expanded=\"false\" aria-controls=\"fl-accordion--panel-10\"><i>Espandere<\/i><\/button>\n\t\t\t\t\t<p>211 offerte Maryland\u00a0<a href=\"\/it\/about\/messaggi-di-testo\/\">supporto continuo per messaggi di testo<\/a>\u00a0in inglese e spagnolo. Iscriviti inviando una qualsiasi di queste parole chiave al numero 898-211 (TXT211).<\/p>\n<ul>\n<li>Invecchiamento e disabilit\u00e0: MDAging<\/li>\n<li>Crimini e incidenti d&#039;odio: MDStopHate<\/li>\n<li>Parentela: MDKinCares<\/li>\n<li>Benessere mentale: MDMindHealth | MD Salud Mental<\/li>\n<li>Salute mentale degli adolescenti: MDYoungMinds<\/li>\n<li>Eventi MidShore e risorse della comunit\u00e0: MidShore<\/li>\n<li>Supporto per gli oppioidi: MDHope<\/li>\n<li>Programmi di reinserimento per persone e famiglie incarcerate ed ex incarcerate: Reinserimento<\/li>\n<li>Veterani: MDCom2Vets<\/li>\n<li>Benessere: MDWellness<\/li>\n<\/ul>\n<p>Iscriviti inviando una qualsiasi di queste parole chiave al 211-631 (211MD1).<\/p>\n<ul>\n<li>Preparazione alle catastrofi: MDReady | MDListo<\/li>\n<\/ul>\n<p><em>211 Maryland offre programmi di avviso tramite SMS che forniscono informazioni sulle risorse specifiche per regione o avvisi di calamit\u00e0. Potrebbero essere applicate tariffe per messaggi e dati. La frequenza dei messaggi potrebbe variare. Invia STOP allo stesso numero per annullare l&#039;iscrizione. Per assistenza, invia HELP. Termini SMS completi su\u00a0<a href=\"https:\/\/211md.org\/it\/sms\/\">https:\/\/211md.org\/sms\/<\/a>\u00a0e\u00a0<a href=\"https:\/\/211md.org\/it\/politica-sulla-riservatezza\/\">politica sulla riservatezza<\/a>\u00a0si applicher\u00e0 anche.\u00a0<\/em><\/p>","protected":false},"excerpt":{"rendered":"<p>Connecting Maryland to Help Find community resources for food, housing, utility assistance, help paying bills, and more!\u00a0 211 Maryland is the state&#8217;s most comprehensive Information and Referral System. Together, we can help communities thrive. Get Help Join Resource Database Aging &#038; Disability Children &#038; Families Domestic Violence Employment Health Care Immigration Kinship Legal Services Mental&hellip;<\/p>","protected":false},"author":8,"featured_media":2436,"parent":0,"menu_order":0,"comment_status":"closed","ping_status":"closed","template":"","meta":{"footnotes":""},"class_list":["post-115","page","type-page","status-publish","has-post-thumbnail","hentry"],"_links":{"self":[{"href":"https:\/\/211md.org\/it\/wp-json\/wp\/v2\/pages\/115","targetHints":{"allow":["GET"]}}],"collection":[{"href":"https:\/\/211md.org\/it\/wp-json\/wp\/v2\/pages"}],"about":[{"href":"https:\/\/211md.org\/it\/wp-json\/wp\/v2\/types\/page"}],"author":[{"embeddable":true,"href":"https:\/\/211md.org\/it\/wp-json\/wp\/v2\/users\/8"}],"replies":[{"embeddable":true,"href":"https:\/\/211md.org\/it\/wp-json\/wp\/v2\/comments?post=115"}],"version-history":[{"count":11,"href":"https:\/\/211md.org\/it\/wp-json\/wp\/v2\/pages\/115\/revisions"}],"predecessor-version":[{"id":34393,"href":"https:\/\/211md.org\/it\/wp-json\/wp\/v2\/pages\/115\/revisions\/34393"}],"wp:featuredmedia":[{"embeddable":true,"href":"https:\/\/211md.org\/it\/wp-json\/wp\/v2\/media\/2436"}],"wp:attachment":[{"href":"https:\/\/211md.org\/it\/wp-json\/wp\/v2\/media?parent=115"}],"curies":[{"name":"scrivere","href":"https:\/\/api.w.org\/{rel}","templated":true}]}}