{"id":1481,"date":"2021-05-03T12:27:26","date_gmt":"2021-05-03T16:27:26","guid":{"rendered":"https:\/\/211md.org\/?page_id=1481"},"modified":"2026-02-02T08:36:05","modified_gmt":"2026-02-02T13:36:05","slug":"politica-sulla-riservatezza","status":"publish","type":"page","link":"https:\/\/211md.org\/it\/privacy-policy\/","title":{"rendered":"politica sulla riservatezza"},"content":{"rendered":"<p><a href=\"\/it\/sms\/\">Visualizza i termini e le condizioni dei messaggi di testo.<\/a><\/p>\n<p><strong>In vigore dal 29 aprile 2022<\/strong><\/p>\n<p>211 Maryland rispetta la tua privacy. 211 Maryland pu\u00f2 raccogliere informazioni dagli utenti del proprio sito Web (&quot;Sito Web&quot;). Questa politica descrive:<\/p>\n<ul>\n<li>I tipi di informazioni che potremmo raccogliere o che potresti fornire tramite il sito web.<\/li>\n<li>Le nostre pratiche per la raccolta, l&#039;utilizzo e la divulgazione di tali informazioni.<\/li>\n<\/ul>\n<p>Questa politica si applica solo alle informazioni che raccogliamo da te attraverso il nostro sito Web e in altre comunicazioni elettroniche inviate tramite o in connessione con il nostro sito Web. Questa politica non si applica alle informazioni che:<\/p>\n<ul>\n<li>Vengono raccolti su o da siti Web o applicazioni di terze parti a cui \u00e8 possibile accedere tramite il nostro sito Web o in altro modo.<\/li>\n<li>L&#039;utente fornisce o viene raccolto da terze parti. Queste terze parti potrebbero disporre di proprie informative sulla privacy, che ti invitiamo a leggere prima di fornire loro informazioni.<\/li>\n<\/ul>\n<p>Si prega di leggere attentamente questa politica per comprendere le nostre politiche e pratiche riguardanti le vostre informazioni e come le tratteremo. In caso di domande su questa politica o questioni ad essa correlate, \u00e8 possibile contattarci all&#039;indirizzo\u00a0<a href=\"mailto:info@211md.org\">info@211md.org<\/a>.<\/p>\n<h3><strong>Informazioni che raccogliamo e come le raccogliamo<\/strong><\/h3>\n<p>Potremmo raccogliere informazioni da e su di te quando interagisci con il nostro sito web:<\/p>\n<ul>\n<li>Direttamente da te quando ce lo fornisci.<\/li>\n<li>Da altre terze parti; ad esempio, i nostri partner commerciali.<\/li>\n<li>Automaticamente quando utilizzi determinate funzionalit\u00e0 del nostro sito web.<\/li>\n<\/ul>\n\n<h3><strong>Informazioni fornite dall&#039;utente<\/strong><\/h3>\n<p>\u00c8 possibile fornire informazioni personali:<\/p>\n<ul>\n<li>Che ti identifica, inclusi, a titolo esemplificativo, nome, indirizzo postale, indirizzo e-mail, numero di telefono, qualsiasi altro identificatore tramite il quale potresti essere contattato online o offline, stato di residenza, et\u00e0, sesso, scuola, lingue parlate, account di social media , informazioni sulla carta di credito e fotografie.<\/li>\n<li>Che identifichi altri, inclusi, a titolo esemplificativo, i nomi delle vittime, dei testimoni o degli autori di crimini d&#039;odio o incidenti simili e i dettagli degli incidenti che riguardano questi individui.<\/li>\n<\/ul>\n<p>Queste informazioni includono:<\/p>\n<ul>\n<li>Informazioni che fornisci compilando i moduli. Ci\u00f2 include le informazioni fornite al momento della registrazione, le informazioni scritte su qualsiasi domanda, le informazioni fornite durante un colloquio, le informazioni fornite quando si segnala un incidente o un crimine di odio e\/o le informazioni fornite quando si richiedono ulteriori servizi.<\/li>\n<li>Informazioni che confermano la tua identit\u00e0, autorit\u00e0 o altre caratteristiche.<\/li>\n<li>Le tue risposte a sondaggi o questionari che potremmo chiederti di completare.<\/li>\n<li>Dettagli delle transazioni effettuate tramite il nostro sito web.<\/li>\n<li>Informazioni relative al tuo profilo utente, inclusi nome utente, password, domande e risposte per il promemoria della password, interessi, preferenze di comunicazione e qualsiasi corrispondenza che ci invii.<\/li>\n<li>Informazioni facoltative che puoi scegliere di fornire, per consentirti di avere un&#039;esperienza personalizzata con il nostro sito Web e per consentirci di fornirti le informazioni che desideri.<\/li>\n<\/ul>\n<p>Tu e altri potreste anche fornire informazioni da pubblicare in aree pubbliche del sito Web o trasmesse ad altri utenti del sito Web o a terze parti (collettivamente, &quot;Contributi utente&quot;). Se divulghi informazioni in un contributo utente, queste informazioni possono essere visualizzate, raccolte e utilizzate da altri.<\/p>\n\n<h3><strong>Raccolta e monitoraggio automatici delle informazioni<\/strong><\/h3>\n<p>Quando accedi o utilizzi il nostro sito Web, potremmo utilizzare la tecnologia per raccogliere automaticamente informazioni, tra cui:<\/p>\n<ul>\n<li><strong>Dettagli sull&#039;utilizzo.<\/strong>\u00a0Quando accedi e utilizzi il sito Web, potremmo raccogliere automaticamente alcuni dettagli del tuo accesso e utilizzo del sito Web, inclusi i dati sulla posizione, la durata della visita al nostro sito, le visualizzazioni di pagina, le informazioni sul flusso di clic, l&#039;URL di riferimento, i registri e altri dati di comunicazione e le risorse a cui accedi e utilizzi su o attraverso il sito web.<\/li>\n<li><strong>Informazioni sul dispositivo.<\/strong>\u00a0Potremmo raccogliere informazioni sul tuo dispositivo e sulla connessione Internet, inclusi l&#039;identificatore univoco del dispositivo, l&#039;indirizzo IP, il sistema operativo, il tipo di browser e le informazioni sulla rete.<\/li>\n<\/ul>\n\n<h3><strong>Tecnologie per la raccolta e il monitoraggio delle informazioni<\/strong><\/h3>\n<p>Potremmo collaborare con reti pubblicitarie e altri fornitori di servizi pubblicitari (&quot;Fornitori di Servizi Pubblicitari&quot;) che pubblicano annunci per conto nostro e di terzi su piattaforme non affiliate. Alcuni di questi annunci potrebbero essere personalizzati, ovvero pensati per essere pertinenti per te in base alle informazioni che i Fornitori di Servizi Pubblicitari raccolgono sul tuo utilizzo del Sito e di altri siti o app nel tempo, incluse informazioni sulle relazioni tra diversi browser e dispositivi. Questo tipo di pubblicit\u00e0 \u00e8 noto come pubblicit\u00e0 basata sugli interessi.<\/p>\n<p>Potremmo anche collaborare con terze parti che raccolgono dati sull&#039;utilizzo del sito Web e di altri siti o app nel tempo per scopi non pubblicitari. Le tecnologie che utilizziamo per la raccolta automatica di informazioni sul nostro sito Web possono includere:<\/p>\n<ul>\n<li><strong>Biscotti.<\/strong>\u00a0Come la maggior parte dei siti Web, 211 Maryland e i nostri fornitori di analisi di terze parti possono utilizzare i cookie sul sito Web. Un cookie \u00e8 un piccolo file posizionato sul tuo dispositivo per consentire un&#039;analisi del tuo utilizzo del sito web. Ad esempio, i cookie possono essere utilizzati per fornire contenuti personalizzati personalizzati o per monitorare l&#039;efficacia del sito web.<\/li>\n<li><strong>Cookie Flash.<\/strong>\u00a0Alcune funzionalit\u00e0 del sito Web possono utilizzare oggetti memorizzati locali (o cookie Flash) per raccogliere e archiviare informazioni sulle tue preferenze e sulla navigazione verso, da e sul sito Web.<\/li>\n<li><strong>Web beacon e altre tecnologie.<\/strong>\u00a0Potremmo utilizzare la tecnologia Internet standard, come web beacon (noti anche come clear gif, pixel tag e single-pixel gif) e altre tecnologie simili, per tracciare il tuo utilizzo del sito web, contare gli utenti che hanno visitato determinate pagine e verificare integrit\u00e0 del sistema e del server.<\/li>\n<li><strong>Google.<\/strong>\u00a0211 Maryland utilizza Google Analytics e altri servizi di terze parti per migliorare le prestazioni del Sito e per scopi di analisi e marketing. Per ulteriori informazioni su come Google Analytics raccoglie e utilizza i dati quando si utilizza il nostro sito, visitare\u00a0<a href=\"https:\/\/policies.google.com\/technologies\/partner-sites\" target=\"_blank\" rel=\"noopener\">www.google.com\/policies\/privacy\/partners<\/a>e per disattivare Google Analytics, visitare\u00a0<a href=\"https:\/\/tools.google.com\/dlpage\/gaoptout\" target=\"_blank\" rel=\"noopener\">tools.google.com\/dlpage\/gaoptout<\/a>\u00a0Potremmo utilizzare Google Analytics, un servizio di analisi web fornito da una terza parte.<\/li>\n<\/ul>\n<p>Il tuo browser potrebbe offrire strumenti per limitare l&#039;uso dei cookie o per eliminare i cookie, tuttavia, se utilizzi questi strumenti, il nostro sito Web potrebbe non funzionare come previsto.<\/p>\n\n<h3><strong>Come utilizziamo le tue informazioni<\/strong><\/h3>\n<p>Le informazioni sull&#039;utilizzo del sito Web e le informazioni che raccogliamo automaticamente ci aiutano a migliorare il sito Web e a offrire un&#039;esperienza migliore e pi\u00f9 personalizzata, consentendoci di:<\/p>\n<ul>\n<li>Stimare i nostri modelli di utilizzo.<\/li>\n<li>Memorizza informazioni sulle tue preferenze, permettendoci di personalizzare il sito web.<\/li>\n<li>Compilare informazioni su crimini d&#039;odio e incidenti simili.<\/li>\n<li>Velocizza le tue ricerche e ti aiuta ad accedere in modo efficiente alle informazioni.<\/li>\n<li>Riconoscerti quando utilizzi il sito web.<\/li>\n<li>Aiutare a diagnosticare problemi con i nostri server e ad amministrare il sito web.<\/li>\n<li>Tieni traccia delle voci, degli invii e dello stato in qualsiasi parte interattiva del sito web.<\/li>\n<li>Monitorare l&#039;efficacia del sito Web e le metriche aggregate.<\/li>\n<\/ul>\n<p>Utilizziamo le informazioni che raccogliamo su di te o che ci fornisci, incluse eventuali informazioni personali, per:<\/p>\n<ul>\n<li>Fornirti il Sito Web e qualsiasi altra informazione, prodotto o servizio che ci richiedi.<\/li>\n<li>Fornire all&#039;utente i contenuti del Sito Web e le sue funzionalit\u00e0 interattive.<\/li>\n<li>Contattarti in merito a crimini d&#039;odio e incidenti simili che ci segnali.<\/li>\n<li>Consentirti di lavorare, consultare o fare volontariato per noi.<\/li>\n<li>Elabora la tua donazione.<\/li>\n<li>Sviluppare statistiche.<\/li>\n<li>Valuta la tua domanda o registrazione per ricevere programmi e servizi da noi.<\/li>\n<li>Darti avvisi sul tuo account o registrazione.<\/li>\n<li>Fornire comunicazioni di marketing o newsletter.<\/li>\n<li>Adempiere ai nostri obblighi e far valere i nostri diritti derivanti da eventuali contratti stipulati tra te e noi.<\/li>\n<li>Avvisarti quando sono disponibili aggiornamenti al nostro sito Web e informarti delle modifiche a qualsiasi servizio che offriamo o forniamo.<\/li>\n<li>Per soddisfare lo scopo per il quale li fornisci. Ad esempio, se ci fornisci un indirizzo e-mail per utilizzare una funzione e-mail del sito web.<\/li>\n<li>Per scopi interni, ove necessario.<\/li>\n<li>Per rispettare le leggi applicabili.<\/li>\n<li>Per qualsiasi altro scopo con il tuo consenso.<\/li>\n<\/ul>\n\n<h3><strong>Divulgazione delle tue informazioni<\/strong><\/h3>\n<p>Possiamo divulgare informazioni aggregate sui nostri utenti e informazioni che non identificano alcun individuo o dispositivo, senza restrizioni.<\/p>\n<p>Inoltre, potremmo divulgare le informazioni che raccogliamo o fornite dall&#039;utente:<\/p>\n<ul>\n<li>Alle nostre filiali, affiliate e agenti.<\/li>\n<li>Ad appaltatori, fornitori di servizi e altre terze parti che utilizziamo per supportare la nostra attivit\u00e0.<\/li>\n<li>All&#039;Ufficio per l&#039;immigrazione, alle forze dell&#039;ordine locali o ad altre agenzie per segnalare incidenti, tra cui crimini d&#039;odio, oppure all&#039;Ufficio del governatore per le iniziative comunitarie, al Maryland Coordination and Analysis Center (MCAC) o entit\u00e0 simili per la condivisione dei dati e la sensibilizzazione dell&#039;opinione pubblica.<\/li>\n<li>A un acquirente o altro successore in caso di fusione, cessione, ristrutturazione, riorganizzazione, scioglimento o altra vendita o trasferimento di alcune o tutte le attivit\u00e0 del Maryland 211, sia come entit\u00e0 in funzionamento che come parte di fallimento, liquidazione o simili procedimento, in cui le informazioni personali detenute da 211 Maryland sugli utenti del nostro sito Web rientrano tra i beni trasferiti.<\/li>\n<li>Per ottemperare a qualsiasi ordine del tribunale, legge o procedimento legale, incluso per rispondere a qualsiasi richiesta di cooperazione da parte delle forze dell&#039;ordine, delle autorit\u00e0 di regolamentazione o di altri enti governativi, o per stabilire o far rispettare o applicare i nostri termini di utilizzo o i nostri diritti o rimedi derivanti da qualsiasi contratti stipulati tra te e noi e altri accordi, anche per la fatturazione e la riscossione. In tali casi, possiamo sollevare o rinunciare a qualsiasi obiezione legale o diritto a nostra disposizione, a nostra esclusiva discrezione.<\/li>\n<li>Se riteniamo che la divulgazione sia necessaria o appropriata in relazione agli sforzi per indagare, prevenire, segnalare o intraprendere altre azioni riguardanti attivit\u00e0 illegali, sospette frodi o altri illeciti; per proteggere o difendere i diritti, la propriet\u00e0 o la sicurezza di 211 Maryland o di altri. Ci\u00f2 include lo scambio di informazioni con altre societ\u00e0 e organizzazioni ai fini della protezione dalle frodi e della riduzione del rischio di credito.<\/li>\n<li>Per segnalare sospetti di abusi sugli anziani, negligenza, abusi sui minori, crimini d&#039;odio o incidenti simili.<\/li>\n<li>Alle persone da noi divulgate quando fornisci le informazioni.<\/li>\n<li>Ad altre persone o entit\u00e0 con il tuo consenso o come altrimenti divulgato al momento della raccolta.<\/li>\n<\/ul>\n\n<h3><strong>Le tue scelte<\/strong><\/h3>\n<p>Quando ti iscrivi o ci contatti tramite il sito Web, potresti essere impostato per ricevere messaggi di posta elettronica, a meno che tu non indichi che non desideri ricevere messaggi di posta elettronica. In qualsiasi momento, puoi scegliere di non ricevere pi\u00f9 tali e-mail seguendo le istruzioni presenti nelle e-mail o inviandoci una e-mail indicando la tua richiesta a\u00a0<u>info@211md.org<\/u><\/p>\n<p>Se non desideri che le tue informazioni di contatto vengano utilizzate da 211 Maryland per promuovere i nostri programmi o servizi, puoi annullare l&#039;iscrizione inviandoci una lettera o un&#039;e-mail indicando la tua richiesta.<\/p>\n<p>Per le scelte relative alle attivit\u00e0 pubblicitarie e all&#039;analisi basate sugli interessi di terze parti, consultare la sezione &quot;Tecnologie di raccolta e tracciamento delle informazioni&quot; sopra.<\/p>\n\n<h3><strong>Collegamenti di terze parti<\/strong><\/h3>\n<p>Il sito Web pu\u00f2 fornire collegamenti a siti Web o app di terze parti. Non controlliamo le pratiche sulla privacy di tali siti Web o app e non sono coperte dalla presente informativa sulla privacy. Dovresti rivedere le politiche sulla privacy di altri siti Web o app che utilizzi per conoscere le loro pratiche relative ai dati.<\/p>\n\n<h3><strong>Accesso e correzione delle informazioni personali<\/strong><\/h3>\n<p>Puoi chiamarci, inviarci un&#039;e-mail o contattarci in altro modo per richiedere l&#039;accesso, la correzione o l&#039;eliminazione delle informazioni personali che ci hai fornito. In alcuni casi, non possiamo eliminare le tue informazioni personali se non eliminando anche il tuo account utente o terminando qualsiasi servizio in cui sei attualmente impegnato o che ricevi da 211 Maryland. Potremmo non accogliere una richiesta di modifica delle informazioni se riteniamo che la modifica violerebbe qualsiasi legge o requisito legale o renderebbe le informazioni errate.<\/p>\n\n<h3><strong>Raccolta di informazioni per bambini\u00a0<\/strong><\/h3>\n<p>Raccogliamo solo informazioni su minori di 13 anni con il consenso dei genitori. Se veniamo a conoscenza di aver raccolto o ricevuto informazioni personali da un minore di 13 anni, elimineremo tali informazioni su richiesta del genitore.<\/p>\n\n<h3><strong>Modifiche alla nostra politica sulla privacy<\/strong><\/h3>\n<p>Potremmo aggiornare la nostra politica sulla privacy di volta in volta. Vi invitiamo a visitare periodicamente questa pagina per conoscere eventuali aggiornamenti.<\/p>\n\n<h3><strong>Informazioni sui contatti<\/strong><\/h3>\n<p>Per porre domande o ottenere maggiori informazioni sulla presente informativa sulla privacy e sulle nostre pratiche sulla privacy, si prega di contattarci all&#039;indirizzo:<\/p>\n211 Maryland<br \/>\n9770 Patuxent Woods Drive<br \/>\nSuite 334<br \/>\nColombia, MD 21046<br \/>\nTelefono: 301-970-9888<br \/>\nE-mail:\u00a0<a href=\"mailto:info@211md.org\">info@211md.org<\/a>\n<p>Ultima revisione 5\/2\/2022<\/p>\n\t<h2><strong>211 Richieste del Maryland e politica di donazioni volontarie<\/strong><\/h2>\n<p>I contributori pi\u00f9 reattivi sono quelli che hanno l&#039;opportunit\u00e0 di essere informati e coinvolti. Pertanto promuoviamo le donazioni volontarie nei rapporti con donatori, dipendenti, volontari e venditori.<\/p>\n<p>Rispetteremo i diritti dei donatori a:<\/p>\n<ul>\n<li>Essere informati sulla missione di 211 Maryland, su come verranno utilizzate le risorse e sul fatto che le donazioni vengono utilizzate in modo efficace per gli scopi previsti.<\/li>\n<li>Essere informati dell&#039;identit\u00e0 di coloro che prestano servizio nel Consiglio di amministrazione e aspettarsi che il Consiglio eserciter\u00e0 un giudizio prudente nelle sue responsabilit\u00e0 di amministrazione.<\/li>\n<li>Avere accesso a 211 rapporti finanziari pi\u00f9 recenti del Maryland.<\/li>\n<li>Ricevi un riconoscimento e un riconoscimento appropriati.<\/li>\n<li>Siate certi che le informazioni sui loro doni siano trattate con rispetto e riservatezza nella misura prevista dalla legge.<\/li>\n<li>Aspettatevi che tutti i rapporti con le persone impiegate da 211 Maryland al donatore saranno di natura professionale.<\/li>\n<li>Avere la possibilit\u00e0 di eliminare i loro nomi dalle liste di distribuzione.<\/li>\n<li>Sentiti libero di porre domande durante la donazione e di ricevere risposte tempestive e veritiere.<\/li>\n<\/ul>\n<p>I donatori con dubbi devono contattare la nostra Donor Helpline tramite: e-mail all&#039;indirizzo\u00a0<a href=\"mailto:info@211md.org\">info@211md.org<\/a>.<\/p>","protected":false},"excerpt":{"rendered":"<p>Visualizza i termini e le condizioni dei messaggi di testo. In vigore dal 29 aprile 2022 211 Maryland rispetta la tua privacy. 211 Maryland pu\u00f2 raccogliere informazioni dagli utenti del proprio sito Web (&quot;Sito Web&quot;). Questa politica descrive: I tipi di informazioni che possiamo raccogliere o che potresti fornire tramite il sito web. Le nostre pratiche per la raccolta, l&#039;utilizzo e la divulgazione di tali dati...<\/p>","protected":false},"author":8,"featured_media":0,"parent":0,"menu_order":0,"comment_status":"closed","ping_status":"closed","template":"","meta":{"footnotes":""},"class_list":["post-1481","page","type-page","status-publish","hentry"],"_links":{"self":[{"href":"https:\/\/211md.org\/it\/wp-json\/wp\/v2\/pages\/1481","targetHints":{"allow":["GET"]}}],"collection":[{"href":"https:\/\/211md.org\/it\/wp-json\/wp\/v2\/pages"}],"about":[{"href":"https:\/\/211md.org\/it\/wp-json\/wp\/v2\/types\/page"}],"author":[{"embeddable":true,"href":"https:\/\/211md.org\/it\/wp-json\/wp\/v2\/users\/8"}],"replies":[{"embeddable":true,"href":"https:\/\/211md.org\/it\/wp-json\/wp\/v2\/comments?post=1481"}],"version-history":[{"count":0,"href":"https:\/\/211md.org\/it\/wp-json\/wp\/v2\/pages\/1481\/revisions"}],"wp:attachment":[{"href":"https:\/\/211md.org\/it\/wp-json\/wp\/v2\/media?parent=1481"}],"curies":[{"name":"scrivere","href":"https:\/\/api.w.org\/{rel}","templated":true}]}}