{"id":1515,"date":"2021-05-04T16:18:58","date_gmt":"2021-05-04T16:18:58","guid":{"rendered":"https:\/\/211md.org\/?page_id=1515"},"modified":"2025-07-11T17:27:14","modified_gmt":"2025-07-11T21:27:14","slug":"politica-di-inclusione","status":"publish","type":"page","link":"https:\/\/211md.org\/it\/inclusion-policy\/","title":{"rendered":"Politica di inclusione"},"content":{"rendered":"<h2>\n\t\t\t211 Database delle risorse della comunit\u00e0\t<\/h2>\n\t<p>La presente Politica di Inclusione\/Esclusione fornisce linee guida riguardanti i tipi di organizzazioni e servizi idonei all&#039;inclusione nel database delle risorse comunitarie 211, gestito da Maryland Information Network (MdInfoNet). In conformit\u00e0 con <a href=\"https:\/\/www.informusa.org\/standards\" target=\"_blank\" rel=\"noopener\">Informa gli standard USA<\/a>, questa politica deve essere applicata in modo uniforme ed equo. Viene pubblicata affinch\u00e9 tutti gli utenti siano consapevoli della portata e dei limiti della directory.<\/p>\n<h3>Idoneo per l&#039;inclusione<\/h3>\n<p>Maryland Information Network, l&#039;organizzazione no-profit amministrata dallo Stato che gestisce il sistema 211 nel Maryland, serve l&#039;intero Stato del Maryland e cerca di includere organizzazioni e programmi di servizi sanitari e sociali che forniscono servizi ai residenti del Maryland, indipendentemente dall&#039;ubicazione fisica del fornitore dei servizi.<\/p>\n<p><strong>In generale, sono considerati idonei all&#039;inclusione:<\/strong><\/p>\n<ul>\n<li>Organizzazioni a scopo di lucro e senza scopo di lucro, gruppi religiosi, club e associazioni, cooperative, singoli professionisti, agenzie e funzionari governativi che forniscono servizi sanitari, sociali, educativi, bibliotecari, occupazionali, legali, ricreativi e altri servizi alla comunit\u00e0 in generale.<\/li>\n<li>Organizzazioni con uno status pi\u00f9 informale, gestite prevalentemente da volontari, come i gruppi di auto-aiuto.<\/li>\n<li>Linee di crisi gratuite, linee di assistenza telefonica, linee di assistenza telefonica, strumenti di localizzazione e siti Web che offrono assistenza diretta o forniscono informazioni specializzate e indirizzi a organizzazioni di servizi sanitari e sociali.<\/li>\n<li>Organizzazioni che promuovono programmi e politiche di servizi alla persona, compresi quelli che offrono a individui e gruppi l&#039;opportunit\u00e0 di partecipare a progetti di miglioramento o di servizio della comunit\u00e0, o di avere voce nel processo politico.<\/li>\n<li>Organizzazioni commerciali e a scopo di lucro che forniscono servizi gratuiti, sovvenzionati o a tariffa variabile, oppure offrono servizi unici o essenziali non adeguatamente coperti nel settore non profit.<\/li>\n<li>Ospedali autorizzati, cliniche sanitarie, case di cura e agenzie di assistenza domiciliare.<\/li>\n<li>Servizi temporanei attivati in risposta a circostanze speciali, come calamit\u00e0 naturali o provocate dall&#039;uomo, nonch\u00e9 programmazione stagionale e festiva.<\/li>\n<li>Organizzazioni che forniscono programmi e servizi pertinenti a una partnership o a un contratto Maryland Information Network\/211.<\/li>\n<\/ul>\n<p>Maryland Information Network 211 Maryland Inc. non vieta l&#039;inclusione di programmi che mirano a servizi basati su et\u00e0, razza, religione, sesso, orientamento sessuale, disabilit\u00e0 o altre caratteristiche concepite per soddisfare le esigenze specifiche delle popolazioni target se sono aperti a tutte le persone di quelle specifiche popolazioni.<\/p>\n<h3>Non idoneo all&#039;inclusione<\/h3>\n<p><strong>Le organizzazioni che in genere non sono idonee all&#039;inclusione includono, a titolo esemplificativo ma non esaustivo:<\/strong><\/p>\n<ul>\n<li>Organizzazioni operative da meno di un anno, a meno che non rispondano a un&#039;esigenza critica.<\/li>\n<li>Organizzazioni che discriminano in base al colore, alla razza, alla religione, al genere, all&#039;orientamento sessuale, all&#039;ascendenza, all&#039;identit\u00e0 di genere, all&#039;origine nazionale o a qualsiasi altra categoria protetta dalla legge.<\/li>\n<li>Gruppi religiosi, circoli sociali e associazioni comunitarie che offrono servizi solo ai soci.<\/li>\n<li>Organizzazioni che offrono servizi illegali secondo statuti, ordinanze, regolamenti o ordini del Maryland, federali o locali.<\/li>\n<li>Organizzazioni che sono state pubblicamente accusate o condannate per azioni contrarie agli interessi delle persone che servono.<\/li>\n<li>Studi privati e commerciali di medicina, assistenza sociale, assistenza infermieristica, consulenza, psichiatria, psicologia, terapia fisica o occupazionale, ecc. che non accettano Medicare, Medicaid o offrono una scala mobile di tariffe per i servizi a pagamento in modo che rimangano accessibili alle persone a basso reddito.<\/li>\n<li>Organizzazioni che in qualsiasi modo travisano se stesse o i propri servizi.<\/li>\n<\/ul>\n<p>Il sistema 211 si impegna a offrire una rappresentazione equilibrata delle risorse, comprese quelle provenienti da cause politiche e gruppi di azione orientati a specifici problemi. Tuttavia, se un&#039;organizzazione o un programma, considerato secondo questi criteri, viene ritenuto dannoso per la comunit\u00e0, verr\u00e0 escluso.<\/p>\n<p><strong>Controllo di qualit\u00e0<\/strong><\/p>\n<p>Per garantire che soddisfi le mutevoli esigenze della comunit\u00e0, MdInfoNet, che gestisce i servizi 211, esamina annualmente la Politica di inclusione\/esclusione ed esegue revisioni periodiche delle directory per garantire che tutte le organizzazioni e i servizi siano conformi.<\/p>\n<p>Per rimanere in regola ed evitare la rimozione dall&#039;elenco, le organizzazioni elencate devono accettare di partecipare alla verifica annuale delle proprie informazioni e di mantenerle aggiornate regolarmente in caso di modifiche.<\/p>\n<p><strong>Esclusione e rimozione<\/strong><\/p>\n<p>MdInfoNet si riserva il diritto di rifiutare di elencare organizzazioni e servizi che non soddisfano i criteri di inclusione per qualsiasi motivo. We211 pu\u00f2 anche rimuovere un&#039;organizzazione o un servizio precedentemente approvato per l&#039;inclusione se non rientra pi\u00f9 nell&#039;ambito di applicazione, non verifica le proprie informazioni al momento della notifica finale o riceve gravi reclami da parte di qualsiasi ente di regolamentazione, dal pubblico in generale o dal sistema 211 o da MdInfoNet.<\/p>\n<p><strong>Reclami e ricorsi<\/strong><\/p>\n<p>MdInfoNet considera i reclami come un feedback prezioso che pu\u00f2 migliorare la qualit\u00e0 della directory delle risorse e dei servizi correlati. Reclami e ricorsi riguardanti l&#039;inclusione o l&#039;esclusione possono essere inviati a <strong>resources@211md.org<\/strong> e saranno trattati come ricevuti.<\/p>\n<p><strong>Ulteriori dichiarazioni di non responsabilit\u00e0<\/strong><\/p>\n<ul>\n<li>Il database delle risorse della comunit\u00e0 211 non intende fornire marketing gratuito alle aziende: l&#039;inclusione non costituisce n\u00e9 implica un&#039;approvazione. L&#039;esclusione non indica disapprovazione, n\u00e9 riflette il valore o il contributo di alcuna organizzazione alla comunit\u00e0.<\/li>\n<li>Non richiediamo, riceviamo o accettiamo pagamenti da alcuna organizzazione per essere elencati nella directory.<\/li>\n<li>Le informazioni sull&#039;organizzazione inviate possono essere modificate per quanto riguarda formato, stile, brevit\u00e0 o chiarezza e utilizzate a fini di riferimento e pubblicazione.<\/li>\n<\/ul>\n<p><strong>Ultimo aggiornamento:<\/strong>\u00a0 Luglio 2025<\/p>","protected":false},"excerpt":{"rendered":"<p>Database delle risorse della comunit\u00e0 211 Questa politica di inclusione\/esclusione fornisce linee guida in merito alle tipologie di organizzazioni e servizi idonei all&#039;inclusione nel database delle risorse della comunit\u00e0 211, gestito da Maryland Information Network (MdInfoNet). In conformit\u00e0 con gli standard di Inform USA, questa politica deve essere applicata in modo uniforme ed equo. Viene pubblicata in modo che tutti gli utenti siano...<\/p>","protected":false},"author":8,"featured_media":0,"parent":0,"menu_order":0,"comment_status":"closed","ping_status":"closed","template":"","meta":{"footnotes":""},"class_list":["post-1515","page","type-page","status-publish","hentry"],"_links":{"self":[{"href":"https:\/\/211md.org\/it\/wp-json\/wp\/v2\/pages\/1515","targetHints":{"allow":["GET"]}}],"collection":[{"href":"https:\/\/211md.org\/it\/wp-json\/wp\/v2\/pages"}],"about":[{"href":"https:\/\/211md.org\/it\/wp-json\/wp\/v2\/types\/page"}],"author":[{"embeddable":true,"href":"https:\/\/211md.org\/it\/wp-json\/wp\/v2\/users\/8"}],"replies":[{"embeddable":true,"href":"https:\/\/211md.org\/it\/wp-json\/wp\/v2\/comments?post=1515"}],"version-history":[{"count":2,"href":"https:\/\/211md.org\/it\/wp-json\/wp\/v2\/pages\/1515\/revisions"}],"predecessor-version":[{"id":4914,"href":"https:\/\/211md.org\/it\/wp-json\/wp\/v2\/pages\/1515\/revisions\/4914"}],"wp:attachment":[{"href":"https:\/\/211md.org\/it\/wp-json\/wp\/v2\/media?parent=1515"}],"curies":[{"name":"scrivere","href":"https:\/\/api.w.org\/{rel}","templated":true}]}}