{"id":1684,"date":"2021-05-12T00:22:30","date_gmt":"2021-05-12T00:22:30","guid":{"rendered":"https:\/\/211md.org\/?page_id=1684"},"modified":"2025-10-29T07:02:09","modified_gmt":"2025-10-29T11:02:09","slug":"contea-di-worcester","status":"publish","type":"page","link":"https:\/\/211md.org\/it\/resources-by-county\/worcester-county\/","title":{"rendered":"Trova aiuto nella contea di Worcester"},"content":{"rendered":"<p>Cerchi aiuto a Ocean City, Berlino, Ocean Pines, Sinepuxent, Newark, Whiteburg, Newark, Pocomoke City o un&#039;altra comunit\u00e0 della contea di Worcester? Mettiti in contatto con il supporto della comunit\u00e0 effettuando una ricerca nel database 211 o chiamando e parlando con una persona premurosa e compassionevole che pu\u00f2 identificare le tue esigenze e metterti in contatto con il supporto della comunit\u00e0.<\/p>\n\t\t<h2>\t\n\tChiama il 211<\/h2><p>Residenti della Contea di Worcester, chiamate il 211 se avete bisogno di aiuto per trovare cibo, assistenza per le utenze o altro supporto finanziario. Vi metteremo in contatto con le risorse della comunit\u00e0 che possono aiutarvi. Il 211 \u00e8 disponibile quando ne avete pi\u00f9 bisogno. Chiamate 24 ore su 24, 7 giorni su 7, 365 giorni all&#039;anno.<\/p>\n<p>&nbsp;<\/p>\n\t\t\t\t<img decoding=\"async\" src=\"http:\/\/211md.org\/wp-content\/uploads\/2022\/09\/Woman-holding-utility-bill-and-needing-help-paying-it.jpg\" alt=\"Donna che tiene bolletta e sommando i costi\" itemprop=\"image\" title=\"Donna che tiene in mano una bolletta e ha bisogno di aiuto per pagarla\" onerror=\"this.style.display='none'\" loading=\"lazy\" \/>\n\t\t\t\t<img decoding=\"async\" src=\"https:\/\/211md.org\/wp-content\/plugins\/bb-plugin\/img\/pixel.png\" alt=\"\" itemprop=\"image\" onerror=\"this.style.display='none'\" loading=\"lazy\" \/>\n\t<h2>Assistenza utenze<\/h2>\n<p>Se hai bisogno di aiuto per pagare la tua bolletta, contatta <a href=\"https:\/\/search.211md.org\/search\/c4973704d435d8a3a48d69c75180c661\" target=\"_blank\" rel=\"noopener\">ARRIVATI! Contea di Worcester<\/a>. L&#039;organizzazione pu\u00f2 aiutarti a richiedere l&#039;assistenza energetica da parte dello Stato. <\/p>\n<p>Esistono diversi programmi che possono aiutare con le bollette, tra cui:<\/p>\n<ul>\n<li>Riscaldamento domestico \u2013 Programma di assistenza energetica del Maryland (MEAP)<\/li>\n<li>Prevenzione dello spegnimento per redditi bassi durante la stagione di riscaldamento \u2013 Programma di protezione dei servizi di utilit\u00e0 (USPP)<\/li>\n<li>Elettricit\u00e0 \u2013 Programma di servizio universale elettrico (EUSP)<\/li>\n<li>Fatture scadute \u2013 Assistenza pensionistica per mora<\/li>\n<\/ul>\n<p>211 fornisce anche dettagli sui titoli di studio e sul modo giusto per compilare i moduli in modo che la tua domanda non subisca ritardi. <a href=\"https:\/\/211md.org\/it\/risorse\/utilita-assistenza\/\" target=\"_blank\" rel=\"noopener\">Ulteriori informazioni sui programmi di assistenza dei servizi pubblici<\/a>.<\/p>\n<p>Puoi lasciare le candidature a SHORE UP! a Newark, nel Maryland, o in localit\u00e0 nelle contee vicine, tra cui Salisbury nella contea di Wicomico e Princess Anne nella contea di Somerset. <a href=\"https:\/\/shoreup.org\/housing\/energy-assistance\/\" target=\"_blank\" rel=\"noopener\">Trova una posizione vicino a te<\/a>.<\/p>\n<p>\u00c8 necessario presentare nuovamente domanda ogni anno fiscale, che va da luglio a giugno.<\/p>\n<h3>Miglioramenti domestici efficienti dal punto di vista energetico<\/h3>\n<p>Punta in alto! pu\u00f2 anche aiutare <a href=\"https:\/\/shoreup.org\/housing\/energy-efficiency-improvement\/\" target=\"_blank\" rel=\"noopener\">fare riferimento<\/a> proprietari di case con reddito medio-basso idonei a programmi di miglioramento dell&#039;efficienza energetica delle case attraverso il Dipartimento per l&#039;edilizia abitativa e lo sviluppo comunitario del Maryland.<\/p>\n<p>Questi miglioramenti possono ridurre il consumo, la perdita e l\u2019efficienza energetica.<\/p>\n\t<h2><strong>Aiuto finanziario di emergenza<\/strong> <\/h2>\n<p>L&#039;aiuto finanziario di emergenza \u00e8 disponibile nella contea di Worcester da <a href=\"https:\/\/worcestergold.org\/\" target=\"_blank\" rel=\"noopener\">Dare dignit\u00e0 ad altre vite (ORO)<\/a> no-profit. Tuttavia, \u00e8 necessario accedere a questo supporto tramite il 211 o un partner della comunit\u00e0, poich\u00e9 il programma GOLD non \u00e8 aperto al pubblico.<\/p>\n<p>I programmi disponibili includono:<\/p>\n<ul>\n<li>prevenzione degli sfratti<\/li>\n<li>affitto dei primi mesi per le persone senza alloggio permanente che si trasferiscono in alloggi a lungo termine.<\/li>\n<li>assistenza di utilit\u00e0<\/li>\n<li>bisogni sanitari di emergenza<\/li>\n<li>cibo<\/li>\n<li>articoli casalinghi<\/li>\n<li>vestiario<\/li>\n<li>aiuto d&#039;emergenza per l&#039;occupazione (minuti telefonici, abbigliamento\/attrezzatura, canoni)<\/li>\n<\/ul>\n<p>Se hai bisogno di aiuto con una di queste esigenze essenziali, contatta il 2-1-1 o un partner della comunit\u00e0 della contea di Worcester.<\/p>\n<p>&nbsp;<\/p>\n<h2>Servizi sociali della contea di Worcester<\/h2>\n<p>Contatta il <a href=\"https:\/\/dhs.maryland.gov\/local-offices\/worcester-county\/\" target=\"_blank\" rel=\"noopener\">Dipartimento dei servizi sociali della contea di Worcester<\/a> se hai bisogno di aiuto per richiedere benefici governativi come buoni pasto o SNAP, la borsa di studio per l&#039;assistenza all&#039;infanzia o un altro programma<\/p>\n<h2><b><br \/>\nAssistenza legale<\/b><\/h2>\n<p>Se hai un problema legale e non sei rappresentato e hai bisogno di aiuto, potresti qualificarti per i servizi per la famiglia <a href=\"https:\/\/mdcourts.gov\/circuit\/worcester\/family#prose\" target=\"_blank\" rel=\"noopener\">Pro<\/a><a href=\"https:\/\/mdcourts.gov\/circuit\/worcester\/family#prose\" target=\"_blank\" rel=\"noopener\"> Se<\/a><a href=\"https:\/\/mdcourts.gov\/circuit\/worcester\/family#prose\" target=\"_blank\" rel=\"noopener\"> Assistente<\/a><a href=\"https:\/\/mdcourts.gov\/circuit\/worcester\/family#prose\" target=\"_blank\" rel=\"noopener\">ce<\/a><a href=\"https:\/\/mdcourts.gov\/circuit\/worcester\/family#prose\" target=\"_blank\" rel=\"noopener\"> Clinica<\/a>.<\/p>\n<p>Il progetto Pro Se Family Law fornisce assistenza e consulenza legale, quindi \u00e8 pi\u00f9 semplice compilare moduli per l&#039;autodifesa in caso di divorzio, violenza domestica, custodia, cambio di nome, visite e modifica del mantenimento dei figli. Chiama il 410-632-5638.<\/p>\n<p><a href=\"https:\/\/www.mdlab.org\/contact-us\/\" target=\"_blank\" rel=\"noopener\">Aiuto legale<\/a> Offre inoltre assistenza in questioni legali civili, tra cui diritto di abitazione, diritto di famiglia, lavoro, prestazioni sociali e questioni finanziarie e relative ai consumatori. L&#039;ufficio di Salisbury serve la Lower Eastern Shore, compresa la contea di Worcester.<\/p>\n<p>&nbsp;<\/p>\n<h3><b>Cerca aiuto per categoria\u00a0<\/b><\/h3>\n<p>Puoi anche trovare risorse per altre esigenze essenziali scegliendo una delle categorie seguenti. <\/p>\n<p>Puoi anche chiamare il 211 in qualsiasi momento della giornata per farti mettere in contatto con uno specialista in informazioni e segnalazioni, che ti aiuter\u00e0 a trovare la risorsa migliore nella contea di Worcester e nelle zone circostanti.<\/p>\n\t\t<h4><a href=\"\/it\/risorse\/invecchiamento-disabilita\/?utm_source=Home&#038;utm_medium=Referral&#038;utm_campaign=211Resources&#038;utm_content=Aging\" target=\"_self\">Invecchiamento e disabilit\u00e0<\/a><\/h4>\n\t\t\t\t<a href=\"\/it\/risorse\/invecchiamento-disabilita\/?utm_source=Home&#038;utm_medium=Referral&#038;utm_campaign=211Resources&#038;utm_content=Aging\"  target=\"_self\" itemprop=\"url\">\n\t\t\t\t<img decoding=\"async\" src=\"https:\/\/211md.org\/wp-content\/uploads\/bb-plugin\/cache\/2025_MdInfoNet_Icon-Sets_Aging-disability-square-c466727102cae71e5f27b8539bb51945-.png\" alt=\"\" itemprop=\"image\" onerror=\"this.style.display='none'\" loading=\"lazy\" \/>\n\t\t\t\t<\/a>\n\t\t<h4><a href=\"\/it\/risorse\/bambini-famiglie\/?utm_source=Home&#038;utm_medium=Referral&#038;utm_campaign=211Resources&#038;utm_content=Children\" target=\"_self\">Bambini e famiglie<\/a><\/h4>\n\t\t\t\t<a href=\"\/it\/risorse\/bambini-famiglie\/?utm_source=Home&#038;utm_medium=Referral&#038;utm_campaign=211Resources&#038;utm_content=Children\"  target=\"_self\" itemprop=\"url\">\n\t\t\t\t<img decoding=\"async\" src=\"https:\/\/211md.org\/wp-content\/uploads\/bb-plugin\/cache\/2025_211_Icon-Sets_Child-care-square-f3b0d4edab3dcc467fadb5f55f4064c6-.png\" alt=\"2025_211_Set di icone_Assistenza all&#039;infanzia\" itemprop=\"image\" height=\"417\" width=\"417\" title=\"2025_211_Set di icone_Assistenza all&#039;infanzia\" onerror=\"this.style.display='none'\" loading=\"lazy\" \/>\n\t\t\t\t<\/a>\n\t\t<h4><a href=\"\/it\/risorse\/violenza-domestica-familiare\/?utm_source=Home&#038;utm_medium=Referral&#038;utm_campaign=211Resources&#038;utm_content=Domestic\" target=\"_self\">Violenza domestica<\/a><\/h4>\n\t\t\t\t<a href=\"\/it\/risorse\/violenza-domestica-familiare\/?utm_source=Home&#038;utm_medium=Referral&#038;utm_campaign=211Resources&#038;utm_content=Domestic\"  target=\"_self\" itemprop=\"url\">\n\t\t\t\t<img decoding=\"async\" src=\"https:\/\/211md.org\/wp-content\/uploads\/bb-plugin\/cache\/2025_211_Icon-Sets_Domestic-Violence-square-7b597694a6f05fe90cdc376aa573bc63-.png\" alt=\"Icona della violenza domestica\" itemprop=\"image\" height=\"417\" width=\"417\" title=\"2025_211_Set di icone_Violenza domestica\" onerror=\"this.style.display='none'\" loading=\"lazy\" \/>\n\t\t\t\t<\/a>\n\t\t<h4><a href=\"\/it\/risorse\/ricerca-occupazione\/?utm_source=Home&#038;utm_medium=Referral&#038;utm_campaign=211Resources&#038;utm_content=Employment\" target=\"_self\">Occupazione<\/a><\/h4>\n\t\t\t\t<a href=\"\/it\/risorse\/ricerca-occupazione\/?utm_source=Home&#038;utm_medium=Referral&#038;utm_campaign=211Resources&#038;utm_content=Employment\"  target=\"_self\" itemprop=\"url\">\n\t\t\t\t<img decoding=\"async\" src=\"https:\/\/211md.org\/wp-content\/uploads\/bb-plugin\/cache\/2025_MdInfoNet_Icon-Sets_Employment-square-44707bd410e4df10a470bf130ebcea86-.png\" alt=\"\" itemprop=\"image\" onerror=\"this.style.display='none'\" loading=\"lazy\" \/>\n\t\t\t\t<\/a>\n\t\t<h4><a href=\"\/it\/risorse\/assistenza-sanitaria\/?utm_source=Home&#038;utm_medium=Referral&#038;utm_campaign=211Resources&#038;utm_content=Health%20Care\" target=\"_self\">Assistenza sanitaria<\/a><\/h4>\n\t\t\t\t<a href=\"\/it\/risorse\/assistenza-sanitaria\/?utm_source=Home&#038;utm_medium=Referral&#038;utm_campaign=211Resources&#038;utm_content=Health%20Care\"  target=\"_self\" itemprop=\"url\">\n\t\t\t\t<img decoding=\"async\" src=\"https:\/\/211md.org\/wp-content\/uploads\/bb-plugin\/cache\/2025_MdInfoNet_Icon-Sets_Health-Care-square-dee98a0060cbe0e7f27eda253fc12679-.png\" alt=\"\" itemprop=\"image\" onerror=\"this.style.display='none'\" loading=\"lazy\" \/>\n\t\t\t\t<\/a>\n\t\t<h4><a href=\"\/it\/risorse\/bambini-famiglie\/parentela-cura\/?utm_source=Home&#038;utm_medium=Referral&#038;utm_campaign=211Resources&#038;utm_content=Kinship\" target=\"_self\">Parentela<\/a><\/h4>\n\t\t\t\t<a href=\"\/it\/risorse\/bambini-famiglie\/parentela-cura\/?utm_source=Home&#038;utm_medium=Referral&#038;utm_campaign=211Resources&#038;utm_content=Kinship\"  target=\"_self\" itemprop=\"url\">\n\t\t\t\t<img decoding=\"async\" src=\"https:\/\/211md.org\/wp-content\/uploads\/bb-plugin\/cache\/2025_211_Icon-Sets_Kinship-square-45bdf872866f5735f842c32071109267-.png\" alt=\"Icona di parentela\" itemprop=\"image\" height=\"417\" width=\"417\" title=\"2025_211_Set di icone_Parentela\" onerror=\"this.style.display='none'\" loading=\"lazy\" \/>\n\t\t\t\t<\/a>\n\t\t<h4><a href=\"\/it\/risorse\/servizi-legali\/?utm_source=Home&#038;utm_medium=Referral&#038;utm_campaign=211Resources&#038;utm_content=Legal\" target=\"_self\">Servizi legali<\/a><\/h4>\n\t\t\t\t<a href=\"\/it\/risorse\/servizi-legali\/?utm_source=Home&#038;utm_medium=Referral&#038;utm_campaign=211Resources&#038;utm_content=Legal\"  target=\"_self\" itemprop=\"url\">\n\t\t\t\t<img decoding=\"async\" src=\"https:\/\/211md.org\/wp-content\/uploads\/bb-plugin\/cache\/2025_MdInfoNet_Icon-Sets_Legal-square-18fdf438feb8435588174d9046463257-.png\" alt=\"\" itemprop=\"image\" onerror=\"this.style.display='none'\" loading=\"lazy\" \/>\n\t\t\t\t<\/a>\n\t\t<h4><a href=\"\/it\/risorse\/salute-mentale\/?utm_source=Home&#038;utm_medium=Referral&#038;utm_campaign=211Resources&#038;utm_content=Mental\" target=\"_self\">Salute mentale<\/a><\/h4>\n\t\t\t\t<a href=\"\/it\/risorse\/salute-mentale\/?utm_source=Home&#038;utm_medium=Referral&#038;utm_campaign=211Resources&#038;utm_content=Mental\"  target=\"_self\" itemprop=\"url\">\n\t\t\t\t<img decoding=\"async\" src=\"https:\/\/211md.org\/wp-content\/uploads\/bb-plugin\/cache\/2025_MdInfoNet_Icon-Sets_Mental-Health-square-c59b38c4a993a947d4c9280fbe2d2fee-.png\" alt=\"\" itemprop=\"image\" onerror=\"this.style.display='none'\" loading=\"lazy\" \/>\n\t\t\t\t<\/a>\n\t\t<h4><a href=\"\/it\/risorse\/mdreentry\/?utm_source=Home&#038;utm_medium=Referral&#038;utm_campaign=211Resources&#038;utm_content=Reentry\" target=\"_self\">Rientro<\/a><\/h4>\n\t\t\t\t<a href=\"\/it\/risorse\/mdreentry\/?utm_source=Home&#038;utm_medium=Referral&#038;utm_campaign=211Resources&#038;utm_content=Reentry\"  target=\"_self\" itemprop=\"url\">\n\t\t\t\t<img decoding=\"async\" src=\"https:\/\/211md.org\/wp-content\/uploads\/bb-plugin\/cache\/2025_211_Icon-Sets_Reentry-square-8676fea38abd920a832f45642fe31cca-.png\" alt=\"Icona di rientro\" itemprop=\"image\" height=\"417\" width=\"417\" title=\"2025_211_Set di icone_Rientro\" onerror=\"this.style.display='none'\" loading=\"lazy\" \/>\n\t\t\t\t<\/a>\n\t\t<h4><a href=\"\/it\/risorse\/uso-di-sostanze\/?utm_source=Home&#038;utm_medium=Referral&#038;utm_campaign=211Resources&#038;utm_content=Substance\" target=\"_self\">Uso di sostanze<\/a><\/h4>\n\t\t\t\t<a href=\"\/it\/risorse\/uso-di-sostanze\/?utm_source=Home&#038;utm_medium=Referral&#038;utm_campaign=211Resources&#038;utm_content=Substance\"  target=\"_self\" itemprop=\"url\">\n\t\t\t\t<img decoding=\"async\" src=\"https:\/\/211md.org\/wp-content\/uploads\/bb-plugin\/cache\/2025_MdInfoNet_Icon-Sets_Substance-Abuse-square-9022fec9d18a64118ad685c101885b55-.png\" alt=\"\" itemprop=\"image\" onerror=\"this.style.display='none'\" loading=\"lazy\" \/>\n\t\t\t\t<\/a>\n\t\t<h4><a href=\"\/it\/risorse\/veterani\/?utm_source=Home&#038;utm_medium=Referral&#038;utm_campaign=211Resources&#038;utm_content=Veterans\" target=\"_self\">Veterani<\/a><\/h4>\n\t\t\t\t<a href=\"\/it\/risorse\/veterani\/?utm_source=Home&#038;utm_medium=Referral&#038;utm_campaign=211Resources&#038;utm_content=Veterans\"  target=\"_self\" itemprop=\"url\">\n\t\t\t\t<img decoding=\"async\" src=\"https:\/\/211md.org\/wp-content\/uploads\/bb-plugin\/cache\/2025_MdInfoNet_Icon-Sets_Rating-square-6e60d00cce4faa8e0a6d4ad7366aa733-.png\" alt=\"\" itemprop=\"image\" onerror=\"this.style.display='none'\" loading=\"lazy\" \/>\n\t\t\t\t<\/a>","protected":false},"excerpt":{"rendered":"<p>Are you looking for help in Ocean City, Berlin, Ocean Pines, Sinepuxent, Newark, Whiteburg, Newark, Pocomoke City or another Worcester County community? Get connected to community supporting by searching the 211 database or calling and speaking to a caring and compassionate person who can identify your needs and connect you to community support. Dial 211&hellip;<\/p>","protected":false},"author":8,"featured_media":4096,"parent":750,"menu_order":0,"comment_status":"closed","ping_status":"closed","template":"","meta":{"footnotes":""},"class_list":["post-1684","page","type-page","status-publish","has-post-thumbnail","hentry"],"_links":{"self":[{"href":"https:\/\/211md.org\/it\/wp-json\/wp\/v2\/pages\/1684","targetHints":{"allow":["GET"]}}],"collection":[{"href":"https:\/\/211md.org\/it\/wp-json\/wp\/v2\/pages"}],"about":[{"href":"https:\/\/211md.org\/it\/wp-json\/wp\/v2\/types\/page"}],"author":[{"embeddable":true,"href":"https:\/\/211md.org\/it\/wp-json\/wp\/v2\/users\/8"}],"replies":[{"embeddable":true,"href":"https:\/\/211md.org\/it\/wp-json\/wp\/v2\/comments?post=1684"}],"version-history":[{"count":3,"href":"https:\/\/211md.org\/it\/wp-json\/wp\/v2\/pages\/1684\/revisions"}],"predecessor-version":[{"id":34079,"href":"https:\/\/211md.org\/it\/wp-json\/wp\/v2\/pages\/1684\/revisions\/34079"}],"up":[{"embeddable":true,"href":"https:\/\/211md.org\/it\/wp-json\/wp\/v2\/pages\/750"}],"wp:featuredmedia":[{"embeddable":true,"href":"https:\/\/211md.org\/it\/wp-json\/wp\/v2\/media\/4096"}],"wp:attachment":[{"href":"https:\/\/211md.org\/it\/wp-json\/wp\/v2\/media?parent=1684"}],"curies":[{"name":"scrivere","href":"https:\/\/api.w.org\/{rel}","templated":true}]}}