{"id":1687,"date":"2021-05-12T00:23:01","date_gmt":"2021-05-12T00:23:01","guid":{"rendered":"https:\/\/211md.org\/?page_id=1687"},"modified":"2025-11-07T06:50:29","modified_gmt":"2025-11-07T11:50:29","slug":"contea-di-dorchester","status":"publish","type":"page","link":"https:\/\/211md.org\/it\/resources-by-county\/dorchester-county\/","title":{"rendered":"Contea di Dorchester"},"content":{"rendered":"<h2><a href=\"https:\/\/search.211md.org\/\" target=\"_blank\"  rel=\"noopener\">Trova risorse vicino a me<\/a><\/h2>\n\t\t\t<a href=\"https:\/\/search.211md.org\/\" target=\"_blank\" rel=\"noopener\">\n\t\t\t\t\t\t\tCerca ora\n\t\t\t<\/a>\n\t<p><strong><a href=\"\/it\/unisciti-al-nostro-database\/\">Aggiungi la tua agenzia o organizzazione al nostro database delle risorse.<\/a><\/strong><\/p>\n\t<p>L&#039;assistenza \u00e8 disponibile se vivi a Cambridge, Algonquin, Cannon Acres, Williamsburg, Waddells Corner, Hurlock, Woodland Acres, Toddville, West Haven o in un&#039;altra zona della contea di Dorchester.<\/p>\n<p>Chiama il 211 e uno specialista in informazioni e segnalazioni ti metter\u00e0 in contatto con l&#039;aiuto di cui hai bisogno per prosperare.<\/p>\n<p>Puoi anche cercare nel database qui sopra per trovare risorse locali.<\/p>\n\t\t<h2>\t\n\tChiama il 211<\/h2><p>Connettiti alle risorse della community e supporto 24 ore su 24, 7 giorni su 7, 365 giorni all&#039;anno.<\/p>\n\t\t\t\t<img decoding=\"async\" src=\"http:\/\/211md.org\/wp-content\/uploads\/2023\/12\/Lighthouse-in-Cambridge-Maryland-in-Dorchester-County-.jpg\" alt=\"faro a cambridge maryland\" itemprop=\"image\" title=\"Faro a Cambridge nel Maryland nella contea di Dorchester\" onerror=\"this.style.display='none'\" loading=\"lazy\" \/>\n<h2>Aiuto dell&#039;utilit\u00e0<\/h2>\n<p>L&#039;assistenza alle utenze \u00e8 la principale richiesta di aiuto nella contea di Dorchester. I residenti possono richiedere una sovvenzione statale, come il Maryland Energy Assistance Program (MEAP). Ci sono diverse opzioni per aiutare con le bollette di luce, gas e riscaldamento.\u00a0<a href=\"\/it\/risorse\/utilita-assistenza\/\" rel=\"noopener\">Ottieni le ultime informazioni sui programmi, le linee guida sul reddito e su come fare domanda<\/a>.<\/p>\n<p>Se hai bisogno di aiuto nella compilazione del modulo o hai domande sul programma, chiama il\u00a0<a href=\"https:\/\/dhs.maryland.gov\/office-of-home-energy-programs\/local-home-energy-program-office\/\" target=\"_blank\" rel=\"noopener\">Dipartimento dei servizi sociali della contea di Dorchester<\/a>. Il numero \u00e8 410-901-4100. Puoi anche inviare un&#039;e-mail\u00a0<a href=\"mailto:Dorchester.ohep@maryland.gov\">Dorchester.ohep@maryland.gov<\/a><\/p>\n<p>I gruppi comunitari possono essere un&#039;altra opzione se hai problemi con la bolletta. IL\u00a0<a href=\"https:\/\/search.211md.org\/search\/59585dc7655c06310cb4ffcb82beab02\" target=\"_blank\" rel=\"noopener\">Esercito della Salvezza, Fondo Buon Vicinato,<\/a>\u00a0fornisce assistenza finanziaria per l&#039;interruzione delle utenze e gli sfratti. \u00c8 un fondo di ultima istanza.<\/p>\n<p>Se hai bisogno di aiuto per pagare la bolletta elettrica, chiama il tuo fornitore.\u00a0<a href=\"https:\/\/www.delmarva.com\/MyAccount\/CustomerSupport\/Pages\/DE\/AssistancePrograms%20(DE).aspx\" target=\"_blank\" rel=\"noopener\">Potere Delmarva<\/a>,\u00a0<a href=\"https:\/\/www.choptankelectric.coop\/energy-assistance\" target=\"_blank\" rel=\"noopener\">Choptank elettrico<\/a>\u00a0o\u00a0<a href=\"https:\/\/chpkgas.com\/business-billing\/public-assistance-programs-maryland\/\" target=\"_blank\" rel=\"noopener\">Utilit\u00e0 Chesapeake<\/a>\u00a0e chiedere modalit\u00e0 di pagamento. Delmarva ha programmi come l&#039;estensione della data di scadenza della fattura, le modalit\u00e0 di pagamento e la fatturazione del budget. Per il gas, chiamare Cambridge Gas Co.<\/p>\n<h3>Ottenere aiuto con altre esigenze<\/h3>\n<p><a href=\"https:\/\/www.dcsdct.org\/community-action--poverty-services.html\" target=\"_blank\" rel=\"noopener\">Agenzia di azione comunitaria Delmarva<\/a>\u00a0offre ai residenti una dispensa alimentare, aiuto per il pignoramento della casa indipendentemente dal reddito, preparazione gratuita delle imposte sul reddito e supporto per affitti a breve termine per prevenire i senzatetto.<\/p>\n<h2>Cibo<\/h2>\n<p>Se hai bisogno di aiuto con il cibo, puoi scoprire se sei idoneo <a href=\"https:\/\/211md.org\/it\/risorse\/cibo\/buoni-pasto\/\">buoni pasto\/SNAP<\/a>\/, <a href=\"https:\/\/211md.org\/it\/risorse\/cibo\/wic\/\">WIC<\/a> oppure vai a una dispensa alimentare o a un evento di distribuzione alimentare.<\/p>\n<p>Queste sono le dispense alimentari nella contea di Dorchester. Puoi anche visualizzare un calendario delle dispense alimentari per giorno, settimana o mese sul <a href=\"https:\/\/www.midshorehealth.org\/food\" target=\"_blank\" rel=\"noopener\">Calendario della dispensa alimentare della Mid Shore Health Improvement Coalition<\/a>.<\/p>\n<p>There&#8217;s also the ShoGo Mobile food service, which delivers fresh, low-cost groceries in Dorchester, Talbot, and Caroline counties. The curbside market has fresh produce and prepared meals at locations in the county. <a href=\"https:\/\/www.carolineculinaryarts.org\/shogo-mobile\" target=\"_blank\" rel=\"noopener\">Find out when the van<\/a> will be near you.<\/p>\n\t\t<h3>Chiesa metodista unita di Hurlock<\/h3><p>502 Strada principale sud<\/p>\n<p>Hurlock, MD 21643<\/p>\n<p>443-988-9855<\/p>\n<p>&nbsp;<\/p>\n<p><strong>Dal luned\u00ec al venerd\u00ec dalle 8:00 alle 20:00<\/strong><\/p>\n\t<iframe src=\"https:\/\/www.google.com\/maps\/embed\/v1\/place?q=502+South+Main+Street%0AHurlock%2C+MD+21643&#038;key=AIzaSyD09zQ9PNDNNy9TadMuzRV_UsPUoWKntt8\" aria-hidden=\"true\" title=\"Chiesa metodista unita di Hurlock\"><\/iframe>\n\t\t<h3>Esercito della Salvezza di Cambridge<\/h3><p>200 Washington Street<\/p>\n<p>Cambridge, MD 21613<\/p>\n<p>410-228-2442<\/p>\n<p>&nbsp;<\/p>\n<p><strong>Luned\u00ec, marted\u00ec, mercoled\u00ec, venerd\u00ec dalle 8:00 alle 16:00<\/strong><\/p>\n<p><strong>Gioved\u00ec 8:00 \u2013 17:00<\/strong><\/p>\n\t<iframe src=\"https:\/\/www.google.com\/maps\/embed\/v1\/place?q=200+Washington+Street%0ACambridge%2C+MD+21613&#038;key=AIzaSyD09zQ9PNDNNy9TadMuzRV_UsPUoWKntt8\" aria-hidden=\"true\" title=\"Esercito della Salvezza di Cambridge\"><\/iframe>\n\t\t<h3>Delmarva Community Services, Inc. \u2013 Centro di azione della comunit\u00e0 Delmarva<\/h3><p>1000 Viale della Buona Volont\u00e0<\/p>\n<p>Cambridge, MD 21613<\/p>\n<p>410-901-2991<\/p>\n<p>&nbsp;<\/p>\n<p><strong>Luned\u00ec, mercoled\u00ec, gioved\u00ec 9:00 \u2013 16:00<\/strong><\/p>\n\t<iframe src=\"https:\/\/www.google.com\/maps\/embed\/v1\/place?q=1000+Goodwill+Avenue%0ACambridge%2C+MD+21613&#038;key=AIzaSyD09zQ9PNDNNy9TadMuzRV_UsPUoWKntt8\" aria-hidden=\"true\" title=\"Servizi comunitari Delmarva\"><\/iframe>\n\t\t<h3>La Societ\u00e0 di San Vincenzo de Paoli \u2013 Santa Maria Rifugio dei Peccatori<\/h3><p>2000 Hambrook Boulevard<\/p>\n<p>Cambridge, MD 21613<\/p>\n<p>410-228-4770x6<\/p>\n<p>&nbsp;<\/p>\n<p><strong>Gioved\u00ec 10:00 \u2013 12:00<\/strong><\/p>\n\t<iframe src=\"https:\/\/www.google.com\/maps\/embed\/v1\/place?q=2000+Hambrooks+Boulevard%0ACambridge%2C+MD+21613&#038;key=AIzaSyD09zQ9PNDNNy9TadMuzRV_UsPUoWKntt8\" aria-hidden=\"true\" title=\"La Societ\u00e0 di San Vincenzo de Paoli\"><\/iframe>\n\t\t<h3>Dorchester Societ\u00e0 per lo sviluppo comunitario<\/h3><p>435 High Street. (Casella postale 549)<\/p>\n<p>Cambridge, MD 21613<\/p>\n<p>&nbsp;<\/p>\n<p>&nbsp;<\/p>\n<p><strong>Dal luned\u00ec al venerd\u00ec dalle 9:00 alle 16:00<\/strong><\/p>\n\t<iframe src=\"https:\/\/www.google.com\/maps\/embed\/v1\/place?q=435+High+Street%0ACambridge%2C+MD+21613&#038;key=AIzaSyD09zQ9PNDNNy9TadMuzRV_UsPUoWKntt8\" aria-hidden=\"true\" title=\"Dorchester Societ\u00e0 per lo sviluppo comunitario\"><\/iframe>\n<h2>Salute e benessere<\/h2>\n<p>Il <a href=\"https:\/\/dorchesterhealth.org\/health-services\/\" target=\"_blank\" rel=\"noopener\">Dipartimento sanitario della contea di Dorchester<\/a> aiuta le famiglie con screening, vaccini, educazione sanitaria e benessere. Loro hanno anche <a href=\"https:\/\/dorchesterhealth.org\/behavioral-health\/\" target=\"_blank\" rel=\"noopener\">risorse per la salute comportamentale<\/a>. Se hai bisogno di espandere la tua ricerca di fornitori di servizi di salute mentale e uso di sostanze nella zona, <a href=\"https:\/\/search.988.mdinfonet.org\/\" target=\"_blank\" rel=\"noopener\">cercare nel database di risorse comportamentali pi\u00f9 completo dello stato<\/a> fornito da Maryland Information Network.<\/p>\n<p>Il diabete \u00e8 una preoccupazione in tutta la Mid Shore. 1 adulto su 3 soffre di prediabete, ma l&#039;80% delle persone non lo sa. Sei a rischio? <a href=\"https:\/\/www.midshorehealth.org\/diabetesrisk\" target=\"_blank\" rel=\"noopener\">Fai il quiz<\/a> dalla Mid Shore Health Improvement Coalition, che sta lavorando per aumentare la consapevolezza.<\/p>\n<p>Puoi anche partecipare a un evento relativo alla salute in tutta la zona. Visualizzazione <a href=\"https:\/\/www.midshorehealth.org\/events\" target=\"_blank\" rel=\"noopener\">il calendario degli eventi della Mid Shore Health Improvement Coalition<\/a>.<\/p>\n\t\t\t\t<img decoding=\"async\" src=\"http:\/\/211md.org\/wp-content\/uploads\/2024\/01\/Whats-the-211-hon.jpg\" alt=\"Qual \u00e8 il promemoria dei messaggi di testo di 211 Hon\" itemprop=\"image\" title=\"Cos&#039;\u00e8 il 211, tesoro?\" onerror=\"this.style.display='none'\" loading=\"lazy\" \/>\n\t<h2>Eventi a met\u00e0 costa<\/h2>\n<p>Impara al riguardo <a href=\"https:\/\/211md.org\/it\/whats-the-211\/\">Cos&#039;\u00e8 il 211, tesoro?<\/a> \u2013 uno sforzo di base per aumentare la consapevolezza su come il 211 pu\u00f2 aiutare i residenti della contea di Dorchester a trovare risorse sanitarie e di servizi umani locali. 211 \u00e8 disponibile 24 ore su 24, 7 giorni su 7, 365 giorni all&#039;anno.<\/p>\n\t\t<h3>\t\n\tRicevi avvisi di testo MidShore<\/h3><p>Ricevi aggiornamenti via SMS con le risorse della community. Iscriviti inviando un SMS a MidShore al numero 898-211.<\/p>\n\t\t<h4><a href=\"\/it\/risorse\/invecchiamento-disabilita\/?utm_source=Home&#038;utm_medium=Referral&#038;utm_campaign=211Resources&#038;utm_content=Aging\" target=\"_self\">Invecchiamento e disabilit\u00e0<\/a><\/h4>\n\t\t\t\t<a href=\"\/it\/risorse\/invecchiamento-disabilita\/?utm_source=Home&#038;utm_medium=Referral&#038;utm_campaign=211Resources&#038;utm_content=Aging\"  target=\"_self\" itemprop=\"url\">\n\t\t\t\t<img decoding=\"async\" src=\"https:\/\/211md.org\/wp-content\/uploads\/bb-plugin\/cache\/2025_MdInfoNet_Icon-Sets_Aging-disability-square-c466727102cae71e5f27b8539bb51945-.png\" alt=\"\" itemprop=\"image\" onerror=\"this.style.display='none'\" loading=\"lazy\" \/>\n\t\t\t\t<\/a>\n\t\t<h4><a href=\"\/it\/risorse\/bambini-famiglie\/?utm_source=Home&#038;utm_medium=Referral&#038;utm_campaign=211Resources&#038;utm_content=Children\" target=\"_self\">Bambini e famiglie<\/a><\/h4>\n\t\t\t\t<a href=\"\/it\/risorse\/bambini-famiglie\/?utm_source=Home&#038;utm_medium=Referral&#038;utm_campaign=211Resources&#038;utm_content=Children\"  target=\"_self\" itemprop=\"url\">\n\t\t\t\t<img decoding=\"async\" src=\"https:\/\/211md.org\/wp-content\/uploads\/bb-plugin\/cache\/2025_211_Icon-Sets_Child-care-square-f3b0d4edab3dcc467fadb5f55f4064c6-.png\" alt=\"2025_211_Set di icone_Assistenza all&#039;infanzia\" itemprop=\"image\" height=\"417\" width=\"417\" title=\"2025_211_Set di icone_Assistenza all&#039;infanzia\" onerror=\"this.style.display='none'\" loading=\"lazy\" \/>\n\t\t\t\t<\/a>\n\t\t<h4><a href=\"\/it\/risorse\/violenza-domestica-familiare\/?utm_source=Home&#038;utm_medium=Referral&#038;utm_campaign=211Resources&#038;utm_content=Domestic\" target=\"_self\">Violenza domestica<\/a><\/h4>\n\t\t\t\t<a href=\"\/it\/risorse\/violenza-domestica-familiare\/?utm_source=Home&#038;utm_medium=Referral&#038;utm_campaign=211Resources&#038;utm_content=Domestic\"  target=\"_self\" itemprop=\"url\">\n\t\t\t\t<img decoding=\"async\" src=\"https:\/\/211md.org\/wp-content\/uploads\/bb-plugin\/cache\/2025_211_Icon-Sets_Domestic-Violence-square-7b597694a6f05fe90cdc376aa573bc63-.png\" alt=\"Icona della violenza domestica\" itemprop=\"image\" height=\"417\" width=\"417\" title=\"2025_211_Set di icone_Violenza domestica\" onerror=\"this.style.display='none'\" loading=\"lazy\" \/>\n\t\t\t\t<\/a>\n\t\t<h4><a href=\"\/it\/risorse\/ricerca-occupazione\/?utm_source=Home&#038;utm_medium=Referral&#038;utm_campaign=211Resources&#038;utm_content=Employment\" target=\"_self\">Occupazione<\/a><\/h4>\n\t\t\t\t<a href=\"\/it\/risorse\/ricerca-occupazione\/?utm_source=Home&#038;utm_medium=Referral&#038;utm_campaign=211Resources&#038;utm_content=Employment\"  target=\"_self\" itemprop=\"url\">\n\t\t\t\t<img decoding=\"async\" src=\"https:\/\/211md.org\/wp-content\/uploads\/bb-plugin\/cache\/2025_MdInfoNet_Icon-Sets_Employment-square-44707bd410e4df10a470bf130ebcea86-.png\" alt=\"\" itemprop=\"image\" onerror=\"this.style.display='none'\" loading=\"lazy\" \/>\n\t\t\t\t<\/a>\n\t\t<h4><a href=\"\/it\/risorse\/assistenza-sanitaria\/?utm_source=Home&#038;utm_medium=Referral&#038;utm_campaign=211Resources&#038;utm_content=Health%20Care\" target=\"_self\">Assistenza sanitaria<\/a><\/h4>\n\t\t\t\t<a href=\"\/it\/risorse\/assistenza-sanitaria\/?utm_source=Home&#038;utm_medium=Referral&#038;utm_campaign=211Resources&#038;utm_content=Health%20Care\"  target=\"_self\" itemprop=\"url\">\n\t\t\t\t<img decoding=\"async\" src=\"https:\/\/211md.org\/wp-content\/uploads\/bb-plugin\/cache\/2025_MdInfoNet_Icon-Sets_Health-Care-square-dee98a0060cbe0e7f27eda253fc12679-.png\" alt=\"\" itemprop=\"image\" onerror=\"this.style.display='none'\" loading=\"lazy\" \/>\n\t\t\t\t<\/a>\n\t\t<h4><a href=\"\/it\/risorse\/bambini-famiglie\/parentela-cura\/?utm_source=Home&#038;utm_medium=Referral&#038;utm_campaign=211Resources&#038;utm_content=Kinship\" target=\"_self\">Parentela<\/a><\/h4>\n\t\t\t\t<a href=\"\/it\/risorse\/bambini-famiglie\/parentela-cura\/?utm_source=Home&#038;utm_medium=Referral&#038;utm_campaign=211Resources&#038;utm_content=Kinship\"  target=\"_self\" itemprop=\"url\">\n\t\t\t\t<img decoding=\"async\" src=\"https:\/\/211md.org\/wp-content\/uploads\/bb-plugin\/cache\/2025_211_Icon-Sets_Kinship-square-45bdf872866f5735f842c32071109267-.png\" alt=\"Icona di parentela\" itemprop=\"image\" height=\"417\" width=\"417\" title=\"2025_211_Set di icone_Parentela\" onerror=\"this.style.display='none'\" loading=\"lazy\" \/>\n\t\t\t\t<\/a>\n\t\t<h4><a href=\"\/it\/risorse\/servizi-legali\/?utm_source=Home&#038;utm_medium=Referral&#038;utm_campaign=211Resources&#038;utm_content=Legal\" target=\"_self\">Servizi legali<\/a><\/h4>\n\t\t\t\t<a href=\"\/it\/risorse\/servizi-legali\/?utm_source=Home&#038;utm_medium=Referral&#038;utm_campaign=211Resources&#038;utm_content=Legal\"  target=\"_self\" itemprop=\"url\">\n\t\t\t\t<img decoding=\"async\" src=\"https:\/\/211md.org\/wp-content\/uploads\/bb-plugin\/cache\/2025_MdInfoNet_Icon-Sets_Legal-square-18fdf438feb8435588174d9046463257-.png\" alt=\"\" itemprop=\"image\" onerror=\"this.style.display='none'\" loading=\"lazy\" \/>\n\t\t\t\t<\/a>\n\t\t<h4><a href=\"\/it\/risorse\/salute-mentale\/?utm_source=Home&#038;utm_medium=Referral&#038;utm_campaign=211Resources&#038;utm_content=Mental\" target=\"_self\">Salute mentale<\/a><\/h4>\n\t\t\t\t<a href=\"\/it\/risorse\/salute-mentale\/?utm_source=Home&#038;utm_medium=Referral&#038;utm_campaign=211Resources&#038;utm_content=Mental\"  target=\"_self\" itemprop=\"url\">\n\t\t\t\t<img decoding=\"async\" src=\"https:\/\/211md.org\/wp-content\/uploads\/bb-plugin\/cache\/2025_MdInfoNet_Icon-Sets_Mental-Health-square-c59b38c4a993a947d4c9280fbe2d2fee-.png\" alt=\"\" itemprop=\"image\" onerror=\"this.style.display='none'\" loading=\"lazy\" \/>\n\t\t\t\t<\/a>\n\t\t<h4><a href=\"\/it\/risorse\/mdreentry\/?utm_source=Home&#038;utm_medium=Referral&#038;utm_campaign=211Resources&#038;utm_content=Reentry\" target=\"_self\">Rientro<\/a><\/h4>\n\t\t\t\t<a href=\"\/it\/risorse\/mdreentry\/?utm_source=Home&#038;utm_medium=Referral&#038;utm_campaign=211Resources&#038;utm_content=Reentry\"  target=\"_self\" itemprop=\"url\">\n\t\t\t\t<img decoding=\"async\" src=\"https:\/\/211md.org\/wp-content\/uploads\/bb-plugin\/cache\/2025_211_Icon-Sets_Reentry-square-8676fea38abd920a832f45642fe31cca-.png\" alt=\"Icona di rientro\" itemprop=\"image\" height=\"417\" width=\"417\" title=\"2025_211_Set di icone_Rientro\" onerror=\"this.style.display='none'\" loading=\"lazy\" \/>\n\t\t\t\t<\/a>\n\t\t<h4><a href=\"\/it\/risorse\/uso-di-sostanze\/?utm_source=Home&#038;utm_medium=Referral&#038;utm_campaign=211Resources&#038;utm_content=Substance\" target=\"_self\">Uso di sostanze<\/a><\/h4>\n\t\t\t\t<a href=\"\/it\/risorse\/uso-di-sostanze\/?utm_source=Home&#038;utm_medium=Referral&#038;utm_campaign=211Resources&#038;utm_content=Substance\"  target=\"_self\" itemprop=\"url\">\n\t\t\t\t<img decoding=\"async\" src=\"https:\/\/211md.org\/wp-content\/uploads\/bb-plugin\/cache\/2025_MdInfoNet_Icon-Sets_Substance-Abuse-square-9022fec9d18a64118ad685c101885b55-.png\" alt=\"\" itemprop=\"image\" onerror=\"this.style.display='none'\" loading=\"lazy\" \/>\n\t\t\t\t<\/a>\n\t\t<h4><a href=\"\/it\/risorse\/veterani\/?utm_source=Home&#038;utm_medium=Referral&#038;utm_campaign=211Resources&#038;utm_content=Veterans\" target=\"_self\">Veterani<\/a><\/h4>\n\t\t\t\t<a href=\"\/it\/risorse\/veterani\/?utm_source=Home&#038;utm_medium=Referral&#038;utm_campaign=211Resources&#038;utm_content=Veterans\"  target=\"_self\" itemprop=\"url\">\n\t\t\t\t<img decoding=\"async\" src=\"https:\/\/211md.org\/wp-content\/uploads\/bb-plugin\/cache\/2025_MdInfoNet_Icon-Sets_Rating-square-6e60d00cce4faa8e0a6d4ad7366aa733-.png\" alt=\"\" itemprop=\"image\" onerror=\"this.style.display='none'\" loading=\"lazy\" \/>\n\t\t\t\t<\/a>","protected":false},"excerpt":{"rendered":"<p>Trova risorse vicino a me Cerca ora Aggiungi la tua agenzia o organizzazione al nostro database di risorse. Assistenza disponibile se vivi a Cambridge, Algonquin, Cannon Acres, Williamsburg, Waddells Corner, Hurlock, Woodland Acres, Toddville, West Haven o in un&#039;altra zona della contea di Dorchester. Chiama il 211 e uno specialista di informazioni e segnalazioni ti metter\u00e0 in contatto con l&#039;assistenza...<\/p>","protected":false},"author":8,"featured_media":3962,"parent":750,"menu_order":0,"comment_status":"closed","ping_status":"closed","template":"","meta":{"footnotes":""},"class_list":["post-1687","page","type-page","status-publish","has-post-thumbnail","hentry"],"_links":{"self":[{"href":"https:\/\/211md.org\/it\/wp-json\/wp\/v2\/pages\/1687","targetHints":{"allow":["GET"]}}],"collection":[{"href":"https:\/\/211md.org\/it\/wp-json\/wp\/v2\/pages"}],"about":[{"href":"https:\/\/211md.org\/it\/wp-json\/wp\/v2\/types\/page"}],"author":[{"embeddable":true,"href":"https:\/\/211md.org\/it\/wp-json\/wp\/v2\/users\/8"}],"replies":[{"embeddable":true,"href":"https:\/\/211md.org\/it\/wp-json\/wp\/v2\/comments?post=1687"}],"version-history":[{"count":5,"href":"https:\/\/211md.org\/it\/wp-json\/wp\/v2\/pages\/1687\/revisions"}],"predecessor-version":[{"id":34192,"href":"https:\/\/211md.org\/it\/wp-json\/wp\/v2\/pages\/1687\/revisions\/34192"}],"up":[{"embeddable":true,"href":"https:\/\/211md.org\/it\/wp-json\/wp\/v2\/pages\/750"}],"wp:featuredmedia":[{"embeddable":true,"href":"https:\/\/211md.org\/it\/wp-json\/wp\/v2\/media\/3962"}],"wp:attachment":[{"href":"https:\/\/211md.org\/it\/wp-json\/wp\/v2\/media?parent=1687"}],"curies":[{"name":"scrivere","href":"https:\/\/api.w.org\/{rel}","templated":true}]}}