{"id":1688,"date":"2021-05-12T00:23:17","date_gmt":"2021-05-12T00:23:17","guid":{"rendered":"https:\/\/211md.org\/?page_id=1688"},"modified":"2025-11-07T06:55:17","modified_gmt":"2025-11-07T11:55:17","slug":"contea-di-talbot","status":"publish","type":"page","link":"https:\/\/211md.org\/it\/resources-by-county\/talbot-county\/","title":{"rendered":"Contea di Talbot"},"content":{"rendered":"<h2><a href=\"https:\/\/search.211md.org\/\" target=\"_blank\"  rel=\"noopener\">Trova risorse vicino a me<\/a><\/h2>\n\t\t\t<a href=\"https:\/\/search.211md.org\/\" target=\"_blank\" rel=\"noopener\">\n\t\t\t\t\t\t\tCerca ora\n\t\t\t<\/a>\n\t<p><strong><a href=\"\/it\/unisciti-al-nostro-database\/\">Aggiungi la tua agenzia o organizzazione al nostro database delle risorse.<\/a><\/strong><\/p>\n<p>211 pu\u00f2 collegarti alle risorse nella contea di Talbot. Che tu viva a Easton, Trappe, Wye Mills, Wye Landing, Saint Michaels o in un&#039;altra comunit\u00e0, l&#039;aiuto \u00e8 disponibile.<\/p>\n<p>Cerca le risorse qui sopra o chiama il 211 per parlare con uno specialista in informazioni e segnalazioni attento e compassionevole.<\/p>\n\t\t<h2>\t\n\tChiama il 211<\/h2><p>Connettiti alle risorse della community e supporto 24 ore su 24, 7 giorni su 7, 365 giorni all&#039;anno.<\/p>\n\t<h2>Talbot County Food<\/h2>\n<p>In Talbot County, there&#8217;s a mobile mini grocery store that brings low-cost groceries like fresh produce and prepared meals to <a href=\"https:\/\/www.carolineculinaryarts.org\/shogo-mobile\" target=\"_blank\" rel=\"noopener\">planned stops<\/a> throughout Talbot, Caroline, and Dorchester Counties.<\/p>\n<h3>Dispense alimentari<\/h3>\n<p>Se hai bisogno di cibo,\u00a0<a href=\"https:\/\/search.211md.org\/search?query=BD-1800.2000&amp;query_type=taxonomy&amp;query_label=&amp;query_language=en\" target=\"_blank\" rel=\"noopener\">cercare una dispensa<\/a> vicino a te nella contea di Talbot. Il nostro database statale contiene diverse risorse locali.<\/p>\n<p><a href=\"https:\/\/healthytalbot.org\/about\/talbot-county-hunger-coalition\/\" target=\"_blank\" rel=\"noopener\">Coalizione della fame della contea di Talbot<\/a> ha anche dispense di cibo locale a Easton, Royal Oak, St. Michaels, Wittman e Tilghman. Esiste anche un numero di supporto per chi non riesce a reperire le risorse alimentari necessarie.<\/p>\n<p>In quale zona vivi? Fai clic su quella citt\u00e0 per trovare le dispense alimentari nella tua zona.<\/p>\n<ul>\n<li><a href=\"#Easton\">Easton<\/a><\/li>\n<li><a href=\"#Trappe\">Trappe<\/a><\/li>\n<li><a href=\"#Bay\">Zona della Baia dei Cento<\/a><\/li>\n<li><a href=\"#Wye\">Wye Mills<\/a><\/li>\n<\/ul>\n\t\t\t\t<img decoding=\"async\" src=\"http:\/\/211md.org\/wp-content\/uploads\/2023\/11\/food-pantry-distribution.jpg\" alt=\"scatola di cibo dalla distribuzione della dispensa alimentare\" itemprop=\"image\" title=\"distribuzione dispensa alimentare\" onerror=\"this.style.display='none'\" loading=\"lazy\" \/>\n\t<h3>Easton<\/h3>\n\t\t<h3>Centro servizi di quartiere<\/h3><p>126 Via del Porto<\/p>\n<p>410-822-5015<\/p>\n<p>Vai nella lobby per prendere un modulo.<\/p>\n<p>&nbsp;<\/p>\n<p><strong>Dal luned\u00ec al venerd\u00ec dalle 9:00 alle 12:00 e dalle 13:30 alle 16:00<\/strong><\/p>\n\t<iframe src=\"https:\/\/www.google.com\/maps\/embed\/v1\/place?q=126+Port+Street%0AEaston%2C+MD+21601&#038;key=AIzaSyD09zQ9PNDNNy9TadMuzRV_UsPUoWKntt8\" aria-hidden=\"true\" title=\"Dispensa alimentare del Centro servizi di quartiere a Easton\"><\/iframe>\n\t\t<h3>San Vincenzo de&#039; Paoli<\/h3><p>29533 Unit\u00e0 Canvasback<\/p>\n<p>410-770-4505<\/p>\n<p><a href=\"https:\/\/svdpeastonmd.org\/\" target=\"_blank\" rel=\"noopener\">Per saperne di pi\u00f9<\/a><\/p>\n<p>&nbsp;<\/p>\n<p><strong>Marted\u00ec 13-16, sabato 9-12<\/strong><\/p>\n\t<iframe src=\"https:\/\/www.google.com\/maps\/embed\/v1\/place?q=29533+Canvasback+Drive%0AEaston%2C+MD+21601&#038;key=AIzaSyD09zQ9PNDNNy9TadMuzRV_UsPUoWKntt8\" aria-hidden=\"true\" title=\"San Vincenzo de&#039; Paoli\"><\/iframe>\n\t\t<h3>Raccolto di speranza \u2013 Chiesa di Dio<\/h3><p>1009 N.Washington Street<\/p>\n<p>410-822-3088<\/p>\n<p>&nbsp;<\/p>\n<strong>Gioved\u00ec 12-13:30<br \/>\nChiama vita se hai bisogno urgente un altro giorno.<\/strong>\n<p>&nbsp;<\/p>\n\t<iframe src=\"https:\/\/www.google.com\/maps\/embed\/v1\/place?q=1009+N.+Washington+Street%0AEaston%2C+MD+21601&#038;key=AIzaSyD09zQ9PNDNNy9TadMuzRV_UsPUoWKntt8\" aria-hidden=\"true\" title=\"Raccolto di speranza\"><\/iframe>\n\t\t<h3>Dispensa di San Marco al Brookletts Senior Center<\/h3><p>400 Brookletts Avenue<\/p>\n<p>410-822-2869<\/p>\n<p>&nbsp;<\/p>\n<b>Venerd\u00ec 9-11<br \/>\nPasti disponibili luned\u00ec, mercoled\u00ec e venerd\u00ec<\/b>\n<p>&nbsp;<\/p>\n\t<iframe src=\"https:\/\/www.google.com\/maps\/embed\/v1\/place?q=400+Brookletts+Avenue%0AEaston%2C+MD+21601&#038;key=AIzaSyD09zQ9PNDNNy9TadMuzRV_UsPUoWKntt8\" aria-hidden=\"true\" title=\"Dispensa di San Marco\"><\/iframe>\n\t<h3>Trappe, MD<\/h3>\n\t\t<h3>Chiesa metodista unita di Scott<\/h3><p>3748 Strada Principale<\/p>\n<p>410-476-3980<\/p>\n<p>&nbsp;<\/p>\n<b>4\u00b0 gioved\u00ec del mese alle 8:30<br \/>\n(Le date possono variare)<\/b>\n<p>&nbsp;<\/p>\n\t<iframe src=\"https:\/\/www.google.com\/maps\/embed\/v1\/place?q=3748+Main+Street%0ATrappe%2C+MD+21673%0A&#038;key=AIzaSyD09zQ9PNDNNy9TadMuzRV_UsPUoWKntt8\" aria-hidden=\"true\" title=\"Chiesa metodista unita di Scott\"><\/iframe>\n\t<h3>Zona della Baia dei Cento<\/h3>\n\t\t<h3>Metodista unito del Royal Oak<\/h3><p>6968 Bellevue Road<\/p>\n<p>Royal Oak, MD<\/p>\n<p>&nbsp;<\/p>\n<p>&nbsp;<\/p>\n<b>24\/7<br \/>\n<\/b><b>All&#039;interno senza equipaggio<\/b>\n\t<iframe src=\"https:\/\/www.google.com\/maps\/embed\/v1\/place?q=6968+Bellevue+Road%0ARoyal+Oak%2C+MD+21662&#038;key=AIzaSyD09zQ9PNDNNy9TadMuzRV_UsPUoWKntt8\" aria-hidden=\"true\" title=\"Metodista unito del Royal Oak\"><\/iframe>\n\t\t<h3>Centro comunitario di St. Michaels<\/h3><p>207 N. Talbot Street<\/p>\n<p>St. Michaels, MD<\/p>\n<p>&nbsp;<\/p>\n<p><b>Luned\u00ec 15-17 | Mercoled\u00ec 13:30-15:30 | Venerd\u00ec 12-15<\/b><\/p>\n<p><strong>Pasti disponibili anche in questi giorni<\/strong><\/p>\n\t<iframe src=\"https:\/\/www.google.com\/maps\/embed\/v1\/place?q=207+N.+Talbot+Street%0ASt.+Michael%27s%2C+MD+21663&#038;key=AIzaSyD09zQ9PNDNNy9TadMuzRV_UsPUoWKntt8\" aria-hidden=\"true\" title=\"Centro comunitario di St. Michaels\"><\/iframe>\n\t\t<h3>Dispensa alimentare di Tilghman<\/h3><p>5731 Tilghman Island Road<\/p>\n<p>Tilghman, MD<\/p>\n<p>410-886-9863<\/p>\n<p>&nbsp;<\/p>\n<p><b>Mercoled\u00ec 15-16:30<\/b><\/p>\n<p><strong>Chiama se hai bisogno di accedere in un altro momento.<\/strong><\/p>\n\t<iframe src=\"https:\/\/www.google.com\/maps\/embed\/v1\/place?q=5731+Tilghman+Island+Road%0ATilghman%2C+MD+21671&#038;key=AIzaSyD09zQ9PNDNNy9TadMuzRV_UsPUoWKntt8\" aria-hidden=\"true\" title=\"Dispensa alimentare di Tilghman\"><\/iframe>\n\t<h3>Wye Mills<\/h3>\n\t\t<h3>Angolo di cura \u2013 Chesapeake College<\/h3><p>Circolo universitario 1000<\/p>\n<p>Wye Mills, MD<\/p>\n<p>Edificio del Caroline Center<\/p>\n<p>&nbsp;<\/p>\n<p><b>Dal luned\u00ec al venerd\u00ec, dalle 8:30 alle 16:30<\/b><\/p>\n\t<iframe src=\"https:\/\/www.google.com\/maps\/embed\/v1\/place?q=1000+College+Circle%0AWye+Mills%2C+MD+21678&#038;key=AIzaSyD09zQ9PNDNNy9TadMuzRV_UsPUoWKntt8\" aria-hidden=\"true\" title=\"Dispensa alimentare dell&#039;angolo della cura\"><\/iframe>\n\t<p>Se hai bisogno di altre risorse legate al cibo come <a href=\"https:\/\/211md.org\/it\/risorse\/cibo\/buoni-pasto\/\">come richiedere i buoni pasto<\/a> o altre risorse alimentari, ottieni informazioni su <a href=\"https:\/\/211md.org\/it\/risorse\/cibo\/\">La pagina del cibo di 211<\/a>.<\/p>\n<h2>Bisogni essenziali<\/h2>\n<p>Oltre al cibo, il <strong><a href=\"https:\/\/www.nsctalbotmd.org\/programs\" target=\"_blank\" rel=\"noopener\">Centro servizi di quartiere<\/a><\/strong> a Easton offre un programma di indennit\u00e0 di affitto (RAP), un rifugio temporaneo per senzatetto, articoli per la casa e abbigliamento e servizi di emergenza a coloro che rischiano lo sfratto o l&#039;interruzione dei servizi pubblici nella contea di Talbot.<\/p>\n<p>Quando i fondi sono disponibili, il programma dei servizi di emergenza pu\u00f2 anche aiutare con la prescrizione di farmaci e altre emergenze.<\/p>\n<h2>Screening sanitari<\/h2>\n<p>Il dipartimento sanitario della contea di Talbot pu\u00f2 aiutare individui e famiglie con screening sanitari, vaccini e altro ancora. Scopri di pi\u00f9 su <a href=\"https:\/\/talbothealth.org\/\" target=\"_blank\" rel=\"noopener\">programmi sanitari disponibili<\/a>.<\/p>\n<p>La Mid Shore Health Improvement Coalition sta lavorando per prevenire il diabete e il prediabete. 1 adulto su 3 ha il prediabete, ma la maggior parte non lo sa. <a href=\"https:\/\/www.midshorehealth.org\/diabetesrisk\" target=\"_blank\" rel=\"noopener\">Fai il test<\/a> dalla Mid Shore Health Improvement Coalition per scoprire se sei a rischio.<\/p>\n<h2>Mediazione e supporto legale<\/h2>\n<p>Se riscontri un problema con il proprietario, un coinquilino o un vicino, un piano genitoriale\/accordo di custodia, assistenza agli anziani, problemi di lavoro, cause di modesta entit\u00e0 o altre situazioni che potrebbero trarre beneficio dalla mediazione, contatta il\u00a0<strong><a href=\"https:\/\/midshoremediation.org\/mediation\/\" target=\"_blank\" rel=\"noopener\">Centro di mediazione Mid Shore<\/a>.\u00a0<\/strong><\/p>\n<p>La mediazione volontaria, confidenziale e non giudicante pu\u00f2 aiutare a risolvere i conflitti. Il servizio \u00e8 gratuito nelle sedi nelle contee di Dorchester, Talbot e Caroline.<\/p>\n<p>Per assistenza legale,\u00a0<strong><a href=\"https:\/\/midshoreprobono.org\/how-we-help\/\" target=\"_blank\" rel=\"noopener\">Mid-Shore Pro Bono<\/a><\/strong>\u00a0pu\u00f2 offrire una soluzione. Aiutano i residenti della Eastern Shore con tutela di adulti, divorzio, pignoramento, separazione legale, procura, custodia dei figli, fallimento e altre controversie legali. Fanno pagare una tariffa una tantum di $25 per elaborare le domande. \u00c8 possibile richiedere l&#039;esenzione da tale tariffa. Si trovano a Easton con uffici satellite a Chestertown e Salisbury.<\/p>\n\t\t\t\t<img decoding=\"async\" src=\"http:\/\/211md.org\/wp-content\/uploads\/2024\/01\/Whats-the-211-hon.jpg\" alt=\"Qual \u00e8 il promemoria dei messaggi di testo di 211 Hon\" itemprop=\"image\" title=\"Cos&#039;\u00e8 il 211, tesoro?\" onerror=\"this.style.display='none'\" loading=\"lazy\" \/>\n\t<h2>Risorse della contea di Talbot<\/h2>\n<p>Impara al riguardo <a href=\"https:\/\/211md.org\/it\/whats-the-211\/\">Cos&#039;\u00e8 il 211, tesoro?<\/a> \u2013 uno sforzo di base per aumentare la consapevolezza di come il 211 pu\u00f2 aiutare i residenti della contea di Talbot a trovare risorse sanitarie e di servizi umani locali. 211 \u00e8 disponibile 24 ore su 24, 7 giorni su 7, 365 giorni all&#039;anno.<\/p>\n<p>Puoi anche ricevere aggiornamenti via SMS con le risorse sanitarie di Mid Shore. Iscriviti inviando un SMS a MidShore al numero 898-211.<\/p>\n\t\t<h3>\t\n\tRicevi avvisi di testo MidShore<\/h3><p>Ricevi aggiornamenti via SMS con le risorse della community. Iscriviti inviando un SMS a MidShore al numero 898-211.<\/p>\n\t\t<h4><a href=\"\/it\/risorse\/invecchiamento-disabilita\/?utm_source=Home&#038;utm_medium=Referral&#038;utm_campaign=211Resources&#038;utm_content=Aging\" target=\"_self\">Invecchiamento e disabilit\u00e0<\/a><\/h4>\n\t\t\t\t<a href=\"\/it\/risorse\/invecchiamento-disabilita\/?utm_source=Home&#038;utm_medium=Referral&#038;utm_campaign=211Resources&#038;utm_content=Aging\"  target=\"_self\" itemprop=\"url\">\n\t\t\t\t<img decoding=\"async\" src=\"https:\/\/211md.org\/wp-content\/uploads\/bb-plugin\/cache\/2025_MdInfoNet_Icon-Sets_Aging-disability-square-c466727102cae71e5f27b8539bb51945-.png\" alt=\"\" itemprop=\"image\" onerror=\"this.style.display='none'\" loading=\"lazy\" \/>\n\t\t\t\t<\/a>\n\t\t<h4><a href=\"\/it\/risorse\/bambini-famiglie\/?utm_source=Home&#038;utm_medium=Referral&#038;utm_campaign=211Resources&#038;utm_content=Children\" target=\"_self\">Bambini e famiglie<\/a><\/h4>\n\t\t\t\t<a href=\"\/it\/risorse\/bambini-famiglie\/?utm_source=Home&#038;utm_medium=Referral&#038;utm_campaign=211Resources&#038;utm_content=Children\"  target=\"_self\" itemprop=\"url\">\n\t\t\t\t<img decoding=\"async\" src=\"https:\/\/211md.org\/wp-content\/uploads\/bb-plugin\/cache\/2025_211_Icon-Sets_Child-care-square-f3b0d4edab3dcc467fadb5f55f4064c6-.png\" alt=\"2025_211_Set di icone_Assistenza all&#039;infanzia\" itemprop=\"image\" height=\"417\" width=\"417\" title=\"2025_211_Set di icone_Assistenza all&#039;infanzia\" onerror=\"this.style.display='none'\" loading=\"lazy\" \/>\n\t\t\t\t<\/a>\n\t\t<h4><a href=\"\/it\/risorse\/violenza-domestica-familiare\/?utm_source=Home&#038;utm_medium=Referral&#038;utm_campaign=211Resources&#038;utm_content=Domestic\" target=\"_self\">Violenza domestica<\/a><\/h4>\n\t\t\t\t<a href=\"\/it\/risorse\/violenza-domestica-familiare\/?utm_source=Home&#038;utm_medium=Referral&#038;utm_campaign=211Resources&#038;utm_content=Domestic\"  target=\"_self\" itemprop=\"url\">\n\t\t\t\t<img decoding=\"async\" src=\"https:\/\/211md.org\/wp-content\/uploads\/bb-plugin\/cache\/2025_211_Icon-Sets_Domestic-Violence-square-7b597694a6f05fe90cdc376aa573bc63-.png\" alt=\"Icona della violenza domestica\" itemprop=\"image\" height=\"417\" width=\"417\" title=\"2025_211_Set di icone_Violenza domestica\" onerror=\"this.style.display='none'\" loading=\"lazy\" \/>\n\t\t\t\t<\/a>\n\t\t<h4><a href=\"\/it\/risorse\/ricerca-occupazione\/?utm_source=Home&#038;utm_medium=Referral&#038;utm_campaign=211Resources&#038;utm_content=Employment\" target=\"_self\">Occupazione<\/a><\/h4>\n\t\t\t\t<a href=\"\/it\/risorse\/ricerca-occupazione\/?utm_source=Home&#038;utm_medium=Referral&#038;utm_campaign=211Resources&#038;utm_content=Employment\"  target=\"_self\" itemprop=\"url\">\n\t\t\t\t<img decoding=\"async\" src=\"https:\/\/211md.org\/wp-content\/uploads\/bb-plugin\/cache\/2025_MdInfoNet_Icon-Sets_Employment-square-44707bd410e4df10a470bf130ebcea86-.png\" alt=\"\" itemprop=\"image\" onerror=\"this.style.display='none'\" loading=\"lazy\" \/>\n\t\t\t\t<\/a>\n\t\t<h4><a href=\"\/it\/risorse\/assistenza-sanitaria\/?utm_source=Home&#038;utm_medium=Referral&#038;utm_campaign=211Resources&#038;utm_content=Health%20Care\" target=\"_self\">Assistenza sanitaria<\/a><\/h4>\n\t\t\t\t<a href=\"\/it\/risorse\/assistenza-sanitaria\/?utm_source=Home&#038;utm_medium=Referral&#038;utm_campaign=211Resources&#038;utm_content=Health%20Care\"  target=\"_self\" itemprop=\"url\">\n\t\t\t\t<img decoding=\"async\" src=\"https:\/\/211md.org\/wp-content\/uploads\/bb-plugin\/cache\/2025_MdInfoNet_Icon-Sets_Health-Care-square-dee98a0060cbe0e7f27eda253fc12679-.png\" alt=\"\" itemprop=\"image\" onerror=\"this.style.display='none'\" loading=\"lazy\" \/>\n\t\t\t\t<\/a>\n\t\t<h4><a href=\"\/it\/risorse\/bambini-famiglie\/parentela-cura\/?utm_source=Home&#038;utm_medium=Referral&#038;utm_campaign=211Resources&#038;utm_content=Kinship\" target=\"_self\">Parentela<\/a><\/h4>\n\t\t\t\t<a href=\"\/it\/risorse\/bambini-famiglie\/parentela-cura\/?utm_source=Home&#038;utm_medium=Referral&#038;utm_campaign=211Resources&#038;utm_content=Kinship\"  target=\"_self\" itemprop=\"url\">\n\t\t\t\t<img decoding=\"async\" src=\"https:\/\/211md.org\/wp-content\/uploads\/bb-plugin\/cache\/2025_211_Icon-Sets_Kinship-square-45bdf872866f5735f842c32071109267-.png\" alt=\"Icona di parentela\" itemprop=\"image\" height=\"417\" width=\"417\" title=\"2025_211_Set di icone_Parentela\" onerror=\"this.style.display='none'\" loading=\"lazy\" \/>\n\t\t\t\t<\/a>\n\t\t<h4><a href=\"\/it\/risorse\/servizi-legali\/?utm_source=Home&#038;utm_medium=Referral&#038;utm_campaign=211Resources&#038;utm_content=Legal\" target=\"_self\">Servizi legali<\/a><\/h4>\n\t\t\t\t<a href=\"\/it\/risorse\/servizi-legali\/?utm_source=Home&#038;utm_medium=Referral&#038;utm_campaign=211Resources&#038;utm_content=Legal\"  target=\"_self\" itemprop=\"url\">\n\t\t\t\t<img decoding=\"async\" src=\"https:\/\/211md.org\/wp-content\/uploads\/bb-plugin\/cache\/2025_MdInfoNet_Icon-Sets_Legal-square-18fdf438feb8435588174d9046463257-.png\" alt=\"\" itemprop=\"image\" onerror=\"this.style.display='none'\" loading=\"lazy\" \/>\n\t\t\t\t<\/a>\n\t\t<h4><a href=\"\/it\/risorse\/salute-mentale\/?utm_source=Home&#038;utm_medium=Referral&#038;utm_campaign=211Resources&#038;utm_content=Mental\" target=\"_self\">Salute mentale<\/a><\/h4>\n\t\t\t\t<a href=\"\/it\/risorse\/salute-mentale\/?utm_source=Home&#038;utm_medium=Referral&#038;utm_campaign=211Resources&#038;utm_content=Mental\"  target=\"_self\" itemprop=\"url\">\n\t\t\t\t<img decoding=\"async\" src=\"https:\/\/211md.org\/wp-content\/uploads\/bb-plugin\/cache\/2025_MdInfoNet_Icon-Sets_Mental-Health-square-c59b38c4a993a947d4c9280fbe2d2fee-.png\" alt=\"\" itemprop=\"image\" onerror=\"this.style.display='none'\" loading=\"lazy\" \/>\n\t\t\t\t<\/a>\n\t\t<h4><a href=\"\/it\/risorse\/mdreentry\/?utm_source=Home&#038;utm_medium=Referral&#038;utm_campaign=211Resources&#038;utm_content=Reentry\" target=\"_self\">Rientro<\/a><\/h4>\n\t\t\t\t<a href=\"\/it\/risorse\/mdreentry\/?utm_source=Home&#038;utm_medium=Referral&#038;utm_campaign=211Resources&#038;utm_content=Reentry\"  target=\"_self\" itemprop=\"url\">\n\t\t\t\t<img decoding=\"async\" src=\"https:\/\/211md.org\/wp-content\/uploads\/bb-plugin\/cache\/2025_211_Icon-Sets_Reentry-square-8676fea38abd920a832f45642fe31cca-.png\" alt=\"Icona di rientro\" itemprop=\"image\" height=\"417\" width=\"417\" title=\"2025_211_Set di icone_Rientro\" onerror=\"this.style.display='none'\" loading=\"lazy\" \/>\n\t\t\t\t<\/a>\n\t\t<h4><a href=\"\/it\/risorse\/uso-di-sostanze\/?utm_source=Home&#038;utm_medium=Referral&#038;utm_campaign=211Resources&#038;utm_content=Substance\" target=\"_self\">Uso di sostanze<\/a><\/h4>\n\t\t\t\t<a href=\"\/it\/risorse\/uso-di-sostanze\/?utm_source=Home&#038;utm_medium=Referral&#038;utm_campaign=211Resources&#038;utm_content=Substance\"  target=\"_self\" itemprop=\"url\">\n\t\t\t\t<img decoding=\"async\" src=\"https:\/\/211md.org\/wp-content\/uploads\/bb-plugin\/cache\/2025_MdInfoNet_Icon-Sets_Substance-Abuse-square-9022fec9d18a64118ad685c101885b55-.png\" alt=\"\" itemprop=\"image\" onerror=\"this.style.display='none'\" loading=\"lazy\" \/>\n\t\t\t\t<\/a>\n\t\t<h4><a href=\"\/it\/risorse\/veterani\/?utm_source=Home&#038;utm_medium=Referral&#038;utm_campaign=211Resources&#038;utm_content=Veterans\" target=\"_self\">Veterani<\/a><\/h4>\n\t\t\t\t<a href=\"\/it\/risorse\/veterani\/?utm_source=Home&#038;utm_medium=Referral&#038;utm_campaign=211Resources&#038;utm_content=Veterans\"  target=\"_self\" itemprop=\"url\">\n\t\t\t\t<img decoding=\"async\" src=\"https:\/\/211md.org\/wp-content\/uploads\/bb-plugin\/cache\/2025_MdInfoNet_Icon-Sets_Rating-square-6e60d00cce4faa8e0a6d4ad7366aa733-.png\" alt=\"\" itemprop=\"image\" onerror=\"this.style.display='none'\" loading=\"lazy\" \/>\n\t\t\t\t<\/a>","protected":false},"excerpt":{"rendered":"<p>Trova risorse vicino a me Cerca ora Aggiungi la tua agenzia o organizzazione al nostro database di risorse. Il 211 pu\u00f2 metterti in contatto con risorse nella contea di Talbot. Che tu viva a Easton, Trappe, Wye Mills, Wye Landing, Saint Michaels o in un&#039;altra comunit\u00e0, abbiamo a disposizione assistenza. Cerca le risorse qui sopra o chiama il 211 per parlare con un operatore attento e\u2026<\/p>","protected":false},"author":8,"featured_media":3918,"parent":750,"menu_order":0,"comment_status":"closed","ping_status":"closed","template":"","meta":{"footnotes":""},"class_list":["post-1688","page","type-page","status-publish","has-post-thumbnail","hentry"],"_links":{"self":[{"href":"https:\/\/211md.org\/it\/wp-json\/wp\/v2\/pages\/1688","targetHints":{"allow":["GET"]}}],"collection":[{"href":"https:\/\/211md.org\/it\/wp-json\/wp\/v2\/pages"}],"about":[{"href":"https:\/\/211md.org\/it\/wp-json\/wp\/v2\/types\/page"}],"author":[{"embeddable":true,"href":"https:\/\/211md.org\/it\/wp-json\/wp\/v2\/users\/8"}],"replies":[{"embeddable":true,"href":"https:\/\/211md.org\/it\/wp-json\/wp\/v2\/comments?post=1688"}],"version-history":[{"count":5,"href":"https:\/\/211md.org\/it\/wp-json\/wp\/v2\/pages\/1688\/revisions"}],"predecessor-version":[{"id":34195,"href":"https:\/\/211md.org\/it\/wp-json\/wp\/v2\/pages\/1688\/revisions\/34195"}],"up":[{"embeddable":true,"href":"https:\/\/211md.org\/it\/wp-json\/wp\/v2\/pages\/750"}],"wp:featuredmedia":[{"embeddable":true,"href":"https:\/\/211md.org\/it\/wp-json\/wp\/v2\/media\/3918"}],"wp:attachment":[{"href":"https:\/\/211md.org\/it\/wp-json\/wp\/v2\/media?parent=1688"}],"curies":[{"name":"scrivere","href":"https:\/\/api.w.org\/{rel}","templated":true}]}}