{"id":1689,"date":"2021-05-12T00:23:27","date_gmt":"2021-05-12T00:23:27","guid":{"rendered":"https:\/\/211md.org\/?page_id=1689"},"modified":"2025-11-07T06:52:19","modified_gmt":"2025-11-07T11:52:19","slug":"contea-di-caroline","status":"publish","type":"page","link":"https:\/\/211md.org\/it\/resources-by-county\/caroline-county\/","title":{"rendered":"Contea di Carolina"},"content":{"rendered":"<h2><a href=\"https:\/\/search.211md.org\/\" target=\"_blank\"  rel=\"noopener\">Trova risorse vicino a me<\/a><\/h2>\n\t\t\t<a href=\"https:\/\/search.211md.org\/\" target=\"_blank\" rel=\"noopener\">\n\t\t\t\t\t\t\tCerca ora\n\t\t\t<\/a>\n\t<p><strong><a href=\"\/it\/unisciti-al-nostro-database\/\">Aggiungi la tua agenzia o organizzazione al nostro database delle risorse.<\/a><\/strong><\/p>\n\t<p>L&#039;assistenza \u00e8 disponibile se vivi a Denton, Ridgely, Greensboro, Federalsburg, Hobbs, Asbury, Anthony, Agner, White Oak Manor, Reliance o in un&#039;altra citt\u00e0 della contea di Caroline.<\/p>\n<p>Chiama il 211 per parlare con uno specialista in informazioni e segnalazioni. Puoi anche consultare il database.<\/p>\n\t\t<h2>\t\n\tChiama il 211<\/h2><p>Connettiti alle risorse della community e supporto 24 ore su 24, 7 giorni su 7, 365 giorni all&#039;anno.<\/p>\n<h2>Bollette<\/h2>\n<p>Se hai bisogno di aiuto per pagare la tua bolletta, contatta <strong><a href=\"https:\/\/choptankelectric.coop\/energy-assistance\" target=\"_blank\" rel=\"noopener\">Cooperativa elettrica Choptank<\/a><\/strong> e chiedi informazioni su un piano di pagamento per evitare la disconnessione. Chiama il numero 1-877-892-0001 dal luned\u00ec al venerd\u00ec dalle 8:00 alle 16:30<\/p>\n<p>I residenti aventi diritto al reddito possono anche richiedere assistenza energetica all&#039;Ufficio dei programmi energetici domestici del Maryland. IL <strong><a href=\"https:\/\/dhs.maryland.gov\/local-offices\/caroline-county\/\" target=\"_blank\" rel=\"noopener\">Dipartimento dei Servizi Sociali<\/a><\/strong> pu\u00f2 aiutare con il processo di candidatura.<\/p>\n<p>Scopri di pi\u00f9 sul processo di candidatura, sui documenti di cui potresti aver bisogno, sulle linee guida per la qualificazione e sui programmi di assistenza disponibili con <a href=\"https:\/\/211md.org\/it\/risorse\/utilita-assistenza\/\">Guida all&#039;assistenza ai servizi pubblici di 211<\/a>.<\/p>\n<h2>Cibo<\/h2>\n<p>The ShoGo Mobile food service brings the market to you, with <a href=\"https:\/\/www.carolineculinaryarts.org\/shogo-mobile\" target=\"_blank\" rel=\"noopener\">planned stops<\/a> throughout Caroline, Talbot, and Dorchester Counties. Get fresh, low-cost groceries including produce and prepared meals.<\/p>\n<p>Ci sono dispense alimentari sparse in tutta la contea di Caroline. Inoltre, alcune dispense alimentari supportano anche individui e famiglie con altri bisogni essenziali.<\/p>\n<p><a href=\"https:\/\/www.martinshouseandbarn.org\/\" target=\"_blank\" rel=\"noopener\">Casa e fienile di Martino<\/a> (St. Martin&#039;s Barn) a Ridgely, nel Maryland, ha una dispensa alimentare, un negozio dell&#039;usato per vestiti e articoli per la casa a basso costo e un rifugio per famiglie.<\/p>\n<p><a href=\"http:\/\/aaronsplaceinc.org\/\" target=\"_blank\" rel=\"noopener\">Il posto di Aaron<\/a> a Denton, nel Maryland, fornisce anche cibo, vestiti, lezioni di musica per me e mamma e assistenza ai senzatetto.<\/p>\n<p>Queste sono le dispense alimentari nella contea di Caroline. Gli orari possono variare. Chiama la dispensa alimentare per confermare.<\/p>\n\t\t<h3>Dare grazia<\/h3><p>302 Via della Chiesa<\/p>\n<p>Goldsboro, MD 21636<\/p>\n<p>410-829-3158<\/p>\n<p>&nbsp;<\/p>\n<p><strong>Secondo sabato di ogni mese<\/strong><\/p>\n\t<iframe src=\"https:\/\/www.google.com\/maps\/embed\/v1\/place?q=302+Church+Lane%0AGoldsboro%2C+MD%C2%A021636&#038;key=AIzaSyD09zQ9PNDNNy9TadMuzRV_UsPUoWKntt8\" aria-hidden=\"true\" title=\"Dare grazia\"><\/iframe>\n\t\t<h3>Il posto di Aaron<\/h3><p>401 Aldersgate Drive<\/p>\n<p>Denton, MD 21629<\/p>\n<p>443-243-5906<\/p>\n<p>&nbsp;<\/p>\n<p><strong>Marted\u00ec e mercoled\u00ec 21-14<\/strong><\/p>\n<p><strong>Gioved\u00ec 9-13<\/strong><\/p>\n\t<iframe src=\"https:\/\/www.google.com\/maps\/embed\/v1\/place?q=401+Aldersgate+Drive%0ADenton%2C+MD+21629&#038;key=AIzaSyD09zQ9PNDNNy9TadMuzRV_UsPUoWKntt8\" aria-hidden=\"true\" title=\"Il posto di Aronne\"><\/iframe>\n\t\t<h3>Il posto di Aaron 2<\/h3><p>Via principale 435<\/p>\n<p>Goldsboro, MD 21636<\/p>\n<p>443-243-5906<\/p>\n<p>&nbsp;<\/p>\n<p><b>Domenica 16-17<\/b><\/p>\n<p><strong>Luned\u00ec 9:00 \u2013 14:00<\/strong><\/p>\n\t<iframe src=\"https:\/\/www.google.com\/maps\/embed\/v1\/place?q=435+Main+Street%0AGoldsboro%2C+MD+21636&#038;key=AIzaSyD09zQ9PNDNNy9TadMuzRV_UsPUoWKntt8\" aria-hidden=\"true\" title=\"Il posto di Aaron 2\"><\/iframe>\n\t\t<h3>Chiesa metodista unita Ridgely<\/h3><p>109 Viale Centrale<\/p>\n<p>Ridgely, MD 21660<\/p>\n<p>410-634-2527<\/p>\n<p>&nbsp;<\/p>\n<p><b>Mercoled\u00ec 16:15-17<\/b><\/p>\n\t<iframe src=\"https:\/\/www.google.com\/maps\/embed\/v1\/place?q=109+Central+Avenue%0ARidgely%2C+MD+21660&#038;key=AIzaSyD09zQ9PNDNNy9TadMuzRV_UsPUoWKntt8\" aria-hidden=\"true\" title=\"Chiesa metodista unita Ridgely\"><\/iframe>\n\t\t<h3>Trinit\u00e0 AME<\/h3><p>12100 Via della Scuola<\/p>\n<p>Ridgely, MD 21660<\/p>\n<p>302-270-7083<\/p>\n<p>&nbsp;<\/p>\n<p><b>Su appuntamento<\/b><\/p>\n\t<iframe src=\"https:\/\/www.google.com\/maps\/embed\/v1\/place?q=12100+School+Street%0ARidgely%2C+MD+21660&#038;key=AIzaSyD09zQ9PNDNNy9TadMuzRV_UsPUoWKntt8\" aria-hidden=\"true\" title=\"Trinit\u00e0 AME\"><\/iframe>\n\t\t<h3>Chiesa metodista unita di San Paolo<\/h3><p>300 Viale del Tramonto<\/p>\n<p>Greensboro, MD 21639<\/p>\n<p>410-482-8170<\/p>\n<p>&nbsp;<\/p>\n<p><b>Ogni sabato 10-12<\/b><\/p>\n\t<iframe src=\"https:\/\/www.google.com\/maps\/embed\/v1\/place?q=300+Sunset+Avenue%0AGreensboro%2C+MD+21639&#038;key=AIzaSyD09zQ9PNDNNy9TadMuzRV_UsPUoWKntt8\" aria-hidden=\"true\" title=\"Chiesa metodista unita di San Paolo\"><\/iframe>\n\t\t<h3>Chiesa cristiana di Denton<\/h3><p>8680 Mitchell Road<\/p>\n<p>Denton, MD 21629<\/p>\n<p>410-479-9519<\/p>\n<p>&nbsp;<\/p>\n<p><b>Ogni due mesi, 3\u00b0 gioved\u00ec 15-16<\/b><\/p>\n\t<iframe src=\"https:\/\/www.google.com\/maps\/embed\/v1\/place?q=8680+Mitchell+Road%0ADenton%2C+MD+21629&#038;key=AIzaSyD09zQ9PNDNNy9TadMuzRV_UsPUoWKntt8\" aria-hidden=\"true\" title=\"Chiesa cristiana di Denton\"><\/iframe>\n\t\t<h3>Fienile di San Martino<\/h3><p>14376 Vicolo Benedettini<\/p>\n<p>Ridgely, MD 21660<\/p>\n<p>410-634-1140<\/p>\n<p>&nbsp;<\/p>\n<p><b>Marted\u00ec, gioved\u00ec e venerd\u00ec<\/b><\/p>\n<p><strong>8:30 \u2013 11:30\u00a0<\/strong><\/p>\n\t<iframe src=\"https:\/\/www.google.com\/maps\/embed\/v1\/place?q=14376+Benedictine+Lane%0ARidgely%2C+MD+21660&#038;key=AIzaSyD09zQ9PNDNNy9TadMuzRV_UsPUoWKntt8\" aria-hidden=\"true\" title=\"Fienile di San Martino\"><\/iframe>\n\t\t<h3>Pensando a te dispensa<\/h3><p>9058 Doppia Colline Strada<\/p>\n<p>Denton, MD 21629<\/p>\n<p>443-243-5906<\/p>\n<p>&nbsp;<\/p>\n<p><strong>Gioved\u00ec 18-19<\/strong><\/p>\n\t<iframe src=\"https:\/\/www.google.com\/maps\/embed\/v1\/place?q=9058+Double+Hills+Road%0ADenton%2C+MD+21629&#038;key=AIzaSyD09zQ9PNDNNy9TadMuzRV_UsPUoWKntt8\" aria-hidden=\"true\" title=\"Pensando a te dispensa\"><\/iframe>\n\t\t<h3>Chiesa commemorativa di Abramo<\/h3><p>300 N. 4a Strada<\/p>\n<p>Denton, MD 21629<\/p>\n<p>&nbsp;<\/p>\n<p><b>1\u00b0 sabato del mese 9-11<\/b><\/p>\n\t<iframe src=\"https:\/\/www.google.com\/maps\/embed\/v1\/place?q=300+N.+4th+Street%0ADenton%2C+MD+21629&#038;key=AIzaSyD09zQ9PNDNNy9TadMuzRV_UsPUoWKntt8\" aria-hidden=\"true\" title=\"Chiesa commemorativa di Abramo\"><\/iframe>\n\t\t<h3>Casa Samaritana<\/h3><p>12 N. Quinta Strada<\/p>\n<p>Denton, MD 21629<\/p>\n<p>410-479-1251<\/p>\n<p>&nbsp;<\/p>\n<p><b>Mercoled\u00ec, gioved\u00ec, venerd\u00ec 10-14<\/b><\/p>\n<p><strong>Sabato 9-12<\/strong><\/p>\n\t<iframe src=\"https:\/\/www.google.com\/maps\/embed\/v1\/place?q=12+N.+Fifth+Street%0ADenton%2C+MD+21629&#038;key=AIzaSyD09zQ9PNDNNy9TadMuzRV_UsPUoWKntt8\" aria-hidden=\"true\" title=\"Casa Samaritana\"><\/iframe>\n\t\t<h3>Chiesa Battista del Calvario<\/h3><p>120 Via del mercato<\/p>\n<p>Denton, MD 21629<\/p>\n<p>410-924-6404<\/p>\n<p>&nbsp;<\/p>\n<p><b>Mercoled\u00ec e domenica 19:00<\/b><\/p>\n\t<iframe src=\"https:\/\/www.google.com\/maps\/embed\/v1\/place?q=120+Market+Street%0ADenton%2C+MD+21629&#038;key=AIzaSyD09zQ9PNDNNy9TadMuzRV_UsPUoWKntt8\" aria-hidden=\"true\" title=\"Chiesa Battista del Calvario\"><\/iframe>\n\t\t<h3>Parola di vita<\/h3><p>3835 Vecchia strada di Denton<\/p>\n<p>Federalsburg, MD 21632<\/p>\n<p>410-690-2001<\/p>\n<p>&nbsp;<\/p>\n<p><b>Marted\u00ec e venerd\u00ec 9-11<\/b><\/p>\n\t<iframe src=\"https:\/\/www.google.com\/maps\/embed\/v1\/place?q=3835+Old+Denton+Road%0AFederalsburg%2C+MD+21632&#038;key=AIzaSyD09zQ9PNDNNy9TadMuzRV_UsPUoWKntt8\" aria-hidden=\"true\" title=\"Parola di vita\"><\/iframe>\n\t\t<h3>Nuova Sion UMC<\/h3><p>12496 Newtown Village Road<\/p>\n<p>Cordova, MD 21625<\/p>\n<p>443-534-3905<\/p>\n<p>&nbsp;<\/p>\n<p><b>1\u00b0 venerd\u00ec ogni 3 mesi 15:30-18:30<\/b><\/p>\n\t<iframe src=\"https:\/\/www.google.com\/maps\/embed\/v1\/place?q=3835+Old+Denton+Road%0AFederalsburg%2C+MD+21632&#038;key=AIzaSyD09zQ9PNDNNy9TadMuzRV_UsPUoWKntt8\" aria-hidden=\"true\" title=\"Parola di vita\"><\/iframe>\n\t\t<h3>Ross Cappella AME<\/h3><p>Strada statale 6830<\/p>\n<p>Preston, MD 21655<\/p>\n<p>410-673-1079<\/p>\n<p>&nbsp;<\/p>\n<p><b>4\u00b0 Mercoled\u00ec Bimestrale 15-17<\/b><\/p>\n\t<iframe src=\"https:\/\/www.google.com\/maps\/embed\/v1\/place?q=6830+Statum+Road%0APreston%2C+MD+21655&#038;key=AIzaSyD09zQ9PNDNNy9TadMuzRV_UsPUoWKntt8\" aria-hidden=\"true\" title=\"Ross Cappella AME\"><\/iframe>\n<h2>Assistenza legale<\/h2>\n<p>Se hai bisogno di aiuto con una questione legale civile, puoi richiedere aiuto a Mid-Shore Pro Bono. L&#039;agenzia collabora con avvocati volontari in tutta la costa orientale, inclusa la contea di Caroline.<\/p>\n<p>L&#039;organizzazione pu\u00f2 aiutare con:<\/p>\n<ul>\n<li>fallimento<\/li>\n<li>affidamento o visite dei figli<\/li>\n<li>debito dei consumatori<\/li>\n<li>controversie contrattuali<\/li>\n<li>divorzio<\/li>\n<li>pignoramento<\/li>\n<li>problemi con il proprietario\/inquilino<\/li>\n<\/ul>\n<p>Potrebbero essere in grado di aiutarti con altre questioni legali, ma non possono aiutarti con ogni tipo, quindi assicurati <a href=\"https:\/\/midshoreprobono.org\/how-we-help\/\" target=\"_blank\" rel=\"noopener\">forniscono assistenza per la tua questione legale<\/a> prima di chiedere aiuto.<\/p>\n<p>Inizia compilando il <a href=\"https:\/\/www.legal-trak.com\/CaseManagement\/OnlineInTake\/OnlineInTake\/2?skipPayment=true\" target=\"_blank\" rel=\"noopener\">Modulo di assunzione Pro Bono Mid-Shore<\/a>.<\/p>\n<h2>Esigenze legate alla salute<\/h2>\n<p>Se hai bisogno di vaccini, screening sanitari, supporto sanitario comportamentale o hai altri problemi relativi alla salute, contatta il <a href=\"https:\/\/www.carolinehd.org\/health-services\/\" target=\"_blank\" rel=\"noopener\">Dipartimento della salute della contea di Caroline<\/a>.<\/p>\n<p>La Mid Shore Health Improvement Coalition sta inoltre sensibilizzando sul prediabete, che colpisce 1 adulto su 3 in tutta la Mid Shore. <a href=\"https:\/\/www.midshorehealth.org\/diabetesrisk\" target=\"_blank\" rel=\"noopener\">Fai questo rapido test del diabete<\/a> per vedere se sei a rischio.<\/p>\n<p>Puoi anche connetterti partecipando a un evento relativo alla salute. <a href=\"https:\/\/www.midshorehealth.org\/events\" target=\"_blank\" rel=\"noopener\">Controlla il calendario degli eventi<\/a>\u00a0dalla Coalizione per il miglioramento della salute di Mid Shore.<\/p>\n\t\t\t\t<img decoding=\"async\" src=\"http:\/\/211md.org\/wp-content\/uploads\/2024\/01\/Whats-the-211-hon.jpg\" alt=\"Qual \u00e8 il promemoria dei messaggi di testo di 211 Hon\" itemprop=\"image\" title=\"Cos&#039;\u00e8 il 211, tesoro?\" onerror=\"this.style.display='none'\" loading=\"lazy\" \/>\n\t<h2>Risorse della contea di Caroline<\/h2>\n<p>Impara al riguardo <a href=\"https:\/\/211md.org\/it\/whats-the-211\/\">Cos&#039;\u00e8 il 211, tesoro?<\/a> \u2013 uno sforzo di base per aumentare la consapevolezza su come il 211 pu\u00f2 aiutare i residenti della contea di Caroline a trovare risorse sanitarie e di servizi umani locali. 211 \u00e8 disponibile 24 ore su 24, 7 giorni su 7, 365 giorni all&#039;anno.<\/p>\n<p>Puoi anche ricevere aggiornamenti via SMS con le risorse sanitarie di Mid Shore. Iscriviti inviando un SMS a MidShore al numero 898-211.<\/p>\n\t\t<h3>\t\n\tRicevi avvisi di testo MidShore<\/h3><p>Ricevi aggiornamenti via SMS con le risorse della community. Iscriviti inviando un SMS a MidShore al numero 898-211.<\/p>\n\t\t<h4><a href=\"\/it\/risorse\/invecchiamento-disabilita\/?utm_source=Home&#038;utm_medium=Referral&#038;utm_campaign=211Resources&#038;utm_content=Aging\" target=\"_self\">Invecchiamento e disabilit\u00e0<\/a><\/h4>\n\t\t\t\t<a href=\"\/it\/risorse\/invecchiamento-disabilita\/?utm_source=Home&#038;utm_medium=Referral&#038;utm_campaign=211Resources&#038;utm_content=Aging\"  target=\"_self\" itemprop=\"url\">\n\t\t\t\t<img decoding=\"async\" src=\"https:\/\/211md.org\/wp-content\/uploads\/bb-plugin\/cache\/2025_MdInfoNet_Icon-Sets_Aging-disability-square-c466727102cae71e5f27b8539bb51945-.png\" alt=\"\" itemprop=\"image\" onerror=\"this.style.display='none'\" loading=\"lazy\" \/>\n\t\t\t\t<\/a>\n\t\t<h4><a href=\"\/it\/risorse\/bambini-famiglie\/?utm_source=Home&#038;utm_medium=Referral&#038;utm_campaign=211Resources&#038;utm_content=Children\" target=\"_self\">Bambini e famiglie<\/a><\/h4>\n\t\t\t\t<a href=\"\/it\/risorse\/bambini-famiglie\/?utm_source=Home&#038;utm_medium=Referral&#038;utm_campaign=211Resources&#038;utm_content=Children\"  target=\"_self\" itemprop=\"url\">\n\t\t\t\t<img decoding=\"async\" src=\"https:\/\/211md.org\/wp-content\/uploads\/bb-plugin\/cache\/2025_211_Icon-Sets_Child-care-square-f3b0d4edab3dcc467fadb5f55f4064c6-.png\" alt=\"2025_211_Set di icone_Assistenza all&#039;infanzia\" itemprop=\"image\" height=\"417\" width=\"417\" title=\"2025_211_Set di icone_Assistenza all&#039;infanzia\" onerror=\"this.style.display='none'\" loading=\"lazy\" \/>\n\t\t\t\t<\/a>\n\t\t<h4><a href=\"\/it\/risorse\/violenza-domestica-familiare\/?utm_source=Home&#038;utm_medium=Referral&#038;utm_campaign=211Resources&#038;utm_content=Domestic\" target=\"_self\">Violenza domestica<\/a><\/h4>\n\t\t\t\t<a href=\"\/it\/risorse\/violenza-domestica-familiare\/?utm_source=Home&#038;utm_medium=Referral&#038;utm_campaign=211Resources&#038;utm_content=Domestic\"  target=\"_self\" itemprop=\"url\">\n\t\t\t\t<img decoding=\"async\" src=\"https:\/\/211md.org\/wp-content\/uploads\/bb-plugin\/cache\/2025_211_Icon-Sets_Domestic-Violence-square-7b597694a6f05fe90cdc376aa573bc63-.png\" alt=\"Icona della violenza domestica\" itemprop=\"image\" height=\"417\" width=\"417\" title=\"2025_211_Set di icone_Violenza domestica\" onerror=\"this.style.display='none'\" loading=\"lazy\" \/>\n\t\t\t\t<\/a>\n\t\t<h4><a href=\"\/it\/risorse\/ricerca-occupazione\/?utm_source=Home&#038;utm_medium=Referral&#038;utm_campaign=211Resources&#038;utm_content=Employment\" target=\"_self\">Occupazione<\/a><\/h4>\n\t\t\t\t<a href=\"\/it\/risorse\/ricerca-occupazione\/?utm_source=Home&#038;utm_medium=Referral&#038;utm_campaign=211Resources&#038;utm_content=Employment\"  target=\"_self\" itemprop=\"url\">\n\t\t\t\t<img decoding=\"async\" src=\"https:\/\/211md.org\/wp-content\/uploads\/bb-plugin\/cache\/2025_MdInfoNet_Icon-Sets_Employment-square-44707bd410e4df10a470bf130ebcea86-.png\" alt=\"\" itemprop=\"image\" onerror=\"this.style.display='none'\" loading=\"lazy\" \/>\n\t\t\t\t<\/a>\n\t\t<h4><a href=\"\/it\/risorse\/assistenza-sanitaria\/?utm_source=Home&#038;utm_medium=Referral&#038;utm_campaign=211Resources&#038;utm_content=Health%20Care\" target=\"_self\">Assistenza sanitaria<\/a><\/h4>\n\t\t\t\t<a href=\"\/it\/risorse\/assistenza-sanitaria\/?utm_source=Home&#038;utm_medium=Referral&#038;utm_campaign=211Resources&#038;utm_content=Health%20Care\"  target=\"_self\" itemprop=\"url\">\n\t\t\t\t<img decoding=\"async\" src=\"https:\/\/211md.org\/wp-content\/uploads\/bb-plugin\/cache\/2025_MdInfoNet_Icon-Sets_Health-Care-square-dee98a0060cbe0e7f27eda253fc12679-.png\" alt=\"\" itemprop=\"image\" onerror=\"this.style.display='none'\" loading=\"lazy\" \/>\n\t\t\t\t<\/a>\n\t\t<h4><a href=\"\/it\/risorse\/bambini-famiglie\/parentela-cura\/?utm_source=Home&#038;utm_medium=Referral&#038;utm_campaign=211Resources&#038;utm_content=Kinship\" target=\"_self\">Parentela<\/a><\/h4>\n\t\t\t\t<a href=\"\/it\/risorse\/bambini-famiglie\/parentela-cura\/?utm_source=Home&#038;utm_medium=Referral&#038;utm_campaign=211Resources&#038;utm_content=Kinship\"  target=\"_self\" itemprop=\"url\">\n\t\t\t\t<img decoding=\"async\" src=\"https:\/\/211md.org\/wp-content\/uploads\/bb-plugin\/cache\/2025_211_Icon-Sets_Kinship-square-45bdf872866f5735f842c32071109267-.png\" alt=\"Icona di parentela\" itemprop=\"image\" height=\"417\" width=\"417\" title=\"2025_211_Set di icone_Parentela\" onerror=\"this.style.display='none'\" loading=\"lazy\" \/>\n\t\t\t\t<\/a>\n\t\t<h4><a href=\"\/it\/risorse\/servizi-legali\/?utm_source=Home&#038;utm_medium=Referral&#038;utm_campaign=211Resources&#038;utm_content=Legal\" target=\"_self\">Servizi legali<\/a><\/h4>\n\t\t\t\t<a href=\"\/it\/risorse\/servizi-legali\/?utm_source=Home&#038;utm_medium=Referral&#038;utm_campaign=211Resources&#038;utm_content=Legal\"  target=\"_self\" itemprop=\"url\">\n\t\t\t\t<img decoding=\"async\" src=\"https:\/\/211md.org\/wp-content\/uploads\/bb-plugin\/cache\/2025_MdInfoNet_Icon-Sets_Legal-square-18fdf438feb8435588174d9046463257-.png\" alt=\"\" itemprop=\"image\" onerror=\"this.style.display='none'\" loading=\"lazy\" \/>\n\t\t\t\t<\/a>\n\t\t<h4><a href=\"\/it\/risorse\/salute-mentale\/?utm_source=Home&#038;utm_medium=Referral&#038;utm_campaign=211Resources&#038;utm_content=Mental\" target=\"_self\">Salute mentale<\/a><\/h4>\n\t\t\t\t<a href=\"\/it\/risorse\/salute-mentale\/?utm_source=Home&#038;utm_medium=Referral&#038;utm_campaign=211Resources&#038;utm_content=Mental\"  target=\"_self\" itemprop=\"url\">\n\t\t\t\t<img decoding=\"async\" src=\"https:\/\/211md.org\/wp-content\/uploads\/bb-plugin\/cache\/2025_MdInfoNet_Icon-Sets_Mental-Health-square-c59b38c4a993a947d4c9280fbe2d2fee-.png\" alt=\"\" itemprop=\"image\" onerror=\"this.style.display='none'\" loading=\"lazy\" \/>\n\t\t\t\t<\/a>\n\t\t<h4><a href=\"\/it\/risorse\/mdreentry\/?utm_source=Home&#038;utm_medium=Referral&#038;utm_campaign=211Resources&#038;utm_content=Reentry\" target=\"_self\">Rientro<\/a><\/h4>\n\t\t\t\t<a href=\"\/it\/risorse\/mdreentry\/?utm_source=Home&#038;utm_medium=Referral&#038;utm_campaign=211Resources&#038;utm_content=Reentry\"  target=\"_self\" itemprop=\"url\">\n\t\t\t\t<img decoding=\"async\" src=\"https:\/\/211md.org\/wp-content\/uploads\/bb-plugin\/cache\/2025_211_Icon-Sets_Reentry-square-8676fea38abd920a832f45642fe31cca-.png\" alt=\"Icona di rientro\" itemprop=\"image\" height=\"417\" width=\"417\" title=\"2025_211_Set di icone_Rientro\" onerror=\"this.style.display='none'\" loading=\"lazy\" \/>\n\t\t\t\t<\/a>\n\t\t<h4><a href=\"\/it\/risorse\/uso-di-sostanze\/?utm_source=Home&#038;utm_medium=Referral&#038;utm_campaign=211Resources&#038;utm_content=Substance\" target=\"_self\">Uso di sostanze<\/a><\/h4>\n\t\t\t\t<a href=\"\/it\/risorse\/uso-di-sostanze\/?utm_source=Home&#038;utm_medium=Referral&#038;utm_campaign=211Resources&#038;utm_content=Substance\"  target=\"_self\" itemprop=\"url\">\n\t\t\t\t<img decoding=\"async\" src=\"https:\/\/211md.org\/wp-content\/uploads\/bb-plugin\/cache\/2025_MdInfoNet_Icon-Sets_Substance-Abuse-square-9022fec9d18a64118ad685c101885b55-.png\" alt=\"\" itemprop=\"image\" onerror=\"this.style.display='none'\" loading=\"lazy\" \/>\n\t\t\t\t<\/a>\n\t\t<h4><a href=\"\/it\/risorse\/veterani\/?utm_source=Home&#038;utm_medium=Referral&#038;utm_campaign=211Resources&#038;utm_content=Veterans\" target=\"_self\">Veterani<\/a><\/h4>\n\t\t\t\t<a href=\"\/it\/risorse\/veterani\/?utm_source=Home&#038;utm_medium=Referral&#038;utm_campaign=211Resources&#038;utm_content=Veterans\"  target=\"_self\" itemprop=\"url\">\n\t\t\t\t<img decoding=\"async\" src=\"https:\/\/211md.org\/wp-content\/uploads\/bb-plugin\/cache\/2025_MdInfoNet_Icon-Sets_Rating-square-6e60d00cce4faa8e0a6d4ad7366aa733-.png\" alt=\"\" itemprop=\"image\" onerror=\"this.style.display='none'\" loading=\"lazy\" \/>\n\t\t\t\t<\/a>","protected":false},"excerpt":{"rendered":"<p>Trova risorse vicino a me Cerca ora Aggiungi la tua agenzia o organizzazione al nostro database di risorse. Assistenza disponibile se vivi a Denton, Ridgely, Greensboro, Federalsburg, Hobbs, Asbury, Anthony, Agner, White Oak Manor, Reliance o in un&#039;altra citt\u00e0 della contea di Caroline. Chiama il 211 per parlare con uno specialista in informazioni e segnalazioni. Puoi anche effettuare ricerche nel database.<\/p>","protected":false},"author":8,"featured_media":0,"parent":750,"menu_order":0,"comment_status":"closed","ping_status":"closed","template":"","meta":{"footnotes":""},"class_list":["post-1689","page","type-page","status-publish","hentry"],"_links":{"self":[{"href":"https:\/\/211md.org\/it\/wp-json\/wp\/v2\/pages\/1689","targetHints":{"allow":["GET"]}}],"collection":[{"href":"https:\/\/211md.org\/it\/wp-json\/wp\/v2\/pages"}],"about":[{"href":"https:\/\/211md.org\/it\/wp-json\/wp\/v2\/types\/page"}],"author":[{"embeddable":true,"href":"https:\/\/211md.org\/it\/wp-json\/wp\/v2\/users\/8"}],"replies":[{"embeddable":true,"href":"https:\/\/211md.org\/it\/wp-json\/wp\/v2\/comments?post=1689"}],"version-history":[{"count":4,"href":"https:\/\/211md.org\/it\/wp-json\/wp\/v2\/pages\/1689\/revisions"}],"predecessor-version":[{"id":34193,"href":"https:\/\/211md.org\/it\/wp-json\/wp\/v2\/pages\/1689\/revisions\/34193"}],"up":[{"embeddable":true,"href":"https:\/\/211md.org\/it\/wp-json\/wp\/v2\/pages\/750"}],"wp:attachment":[{"href":"https:\/\/211md.org\/it\/wp-json\/wp\/v2\/media?parent=1689"}],"curies":[{"name":"scrivere","href":"https:\/\/api.w.org\/{rel}","templated":true}]}}