{"id":1692,"date":"2021-05-12T00:23:57","date_gmt":"2021-05-12T00:23:57","guid":{"rendered":"https:\/\/211md.org\/?page_id=1692"},"modified":"2025-10-29T07:09:44","modified_gmt":"2025-10-29T11:09:44","slug":"contea-di-st-marys","status":"publish","type":"page","link":"https:\/\/211md.org\/it\/resources-by-county\/st-marys-county\/","title":{"rendered":"Contea di Santa Maria"},"content":{"rendered":"<h2><a href=\"https:\/\/search.211md.org\/\" target=\"_blank\"  rel=\"noopener\">Trova risorse vicino a me<\/a><\/h2>\n\t\t\t<a href=\"https:\/\/search.211md.org\/\" target=\"_blank\" rel=\"noopener\">\n\t\t\t\t\t\t\tCerca ora\n\t\t\t<\/a>\n\t<p><strong><a href=\"\/it\/unisciti-al-nostro-database\/\">Aggiungi la tua agenzia o organizzazione al nostro database delle risorse.<\/a><\/strong><\/p>\n<p>Che tu viva a Leonardtown, California, Lexington Park, Mechanicsville, Charlotte Hall, Golden Beach, Oakley, Abell o in un&#039;altra citt\u00e0 della contea di St. Mary, l&#039;aiuto \u00e8 disponibile 24 ore su 24, 7 giorni su 7, 365 giorni all&#039;anno.<\/p>\n<p>Chiama il 2-1-1 o cerca nel database.<\/p>\n<h3><b>Necessit\u00e0 generali: cibo, affitto, servizi pubblici<\/b><\/h3>\n<p>Ci sono diverse dispense alimentari nella contea di St. Mary.\u00a0<a href=\"https:\/\/www.firstsaints.org\/food-crisis\" target=\"_blank\" rel=\"noopener\">Chiesa della Prima Comunit\u00e0 dei Santi Pani e Pesci<\/a>\u00a0La mensa dei poveri e la dispensa alimentare forniscono pasti caldi e prodotti in scatola a chi ne ha bisogno.<\/p>\n<p>Se hai bisogno di cibo, puoi anche controllare l&#039;elenco dei fornitori pi\u00f9 recente dal\u00a0<a href=\"https:\/\/southernmarylandfoodbank.com\/st-marys-pantries\/\" target=\"_blank\" rel=\"noopener\">Banco alimentare e servizi di sensibilizzazione del Maryland meridionale<\/a>\u00a0e il\u00a0<a href=\"https:\/\/search.211md.org\/search\/c299058c5843602dfddd64b40166f0e2\" target=\"_blank\" rel=\"noopener\">banca dati 211<\/a>.<\/p>\n<p>Se hai bisogno di aiuto per pagare la bolletta o l&#039;affitto, per acquistare farmaci o cibo su prescrizione o se hai un&#039;altra necessit\u00e0 di emergenza, contatta\u00a0<a href=\"https:\/\/search.211md.org\/search\/c299058c5843602dfddd64b40166f0e2\" target=\"_blank\" rel=\"noopener\">Aiutare a superare i problemi in modo efficace<\/a>\u00a0(SPERANZA) di Santa Maria.<\/p>\n<p>Per assistenza sulle bollette \u00e8 possibile rivolgersi anche al\u00a0<a href=\"https:\/\/www.smtccac.org\/\" target=\"_blank\" rel=\"noopener\">Comitato di azione comunitaria delle tre contee del Maryland meridionale<\/a>\u00a0(SMTCCAC, Inc.). Possono rispondere alle domande e aiutare a compilare le domande per i residenti aventi diritto al reddito che richiedono un\u00a0<a href=\"https:\/\/www.smtccac.org\/office-of-home-energy-program.aspx\" target=\"_blank\" rel=\"noopener\">sussidio di assistenza energetica per il calore o l&#039;elettricit\u00e0<\/a>\u00a0nella contea di St. Mary.<\/p>\n<p>L&#039;agenzia offre anche consulenza abitativa, alloggi a prezzi accessibili, COVID-19\u00a0<a href=\"https:\/\/www.smtccac.org\/covid19-emergency-assistance.aspx\" target=\"_blank\" rel=\"noopener\">assistenza di emergenza per l&#039;affitto e le bollette dell&#039;acqua<\/a>\u00a0per le persone colpite dalla pandemia e a\u00a0<a href=\"https:\/\/www.smtccac.org\/documents\/StMaryCountyFoodpantries.pdf\" target=\"_blank\" rel=\"noopener\">elenco delle dispense alimentari e delle mense per i poveri nella contea di St. Mary<\/a>.<\/p>\n<p>&nbsp;<\/p>\n<h3><b>Cerca aiuto per categoria\u00a0<\/b><\/h3>\n<p>Se non riesci a trovare quello che stai cercando, cerca in una contea vicina, poich\u00e9 c&#039;\u00e8 sovrapposizione nell&#039;area delle tre contee.<\/p>\n<p>Uno specialista in informazioni e segnalazioni della rete di call center 211 Maryland pu\u00f2 anche ascoltare la tua storia e metterti in contatto con la migliore risorsa. Componi 2-1-1.<\/p>\n<p>Puoi anche cercare una risorsa per categoria.<\/p>\n\t\t<h4><a href=\"\/it\/risorse\/invecchiamento-disabilita\/?utm_source=Home&#038;utm_medium=Referral&#038;utm_campaign=211Resources&#038;utm_content=Aging\" target=\"_self\">Invecchiamento e disabilit\u00e0<\/a><\/h4>\n\t\t\t\t<a href=\"\/it\/risorse\/invecchiamento-disabilita\/?utm_source=Home&#038;utm_medium=Referral&#038;utm_campaign=211Resources&#038;utm_content=Aging\"  target=\"_self\" itemprop=\"url\">\n\t\t\t\t<img decoding=\"async\" src=\"https:\/\/211md.org\/wp-content\/uploads\/bb-plugin\/cache\/2025_MdInfoNet_Icon-Sets_Aging-disability-square-c466727102cae71e5f27b8539bb51945-.png\" alt=\"\" itemprop=\"image\" onerror=\"this.style.display='none'\" loading=\"lazy\" \/>\n\t\t\t\t<\/a>\n\t\t<h4><a href=\"\/it\/risorse\/bambini-famiglie\/?utm_source=Home&#038;utm_medium=Referral&#038;utm_campaign=211Resources&#038;utm_content=Children\" target=\"_self\">Bambini e famiglie<\/a><\/h4>\n\t\t\t\t<a href=\"\/it\/risorse\/bambini-famiglie\/?utm_source=Home&#038;utm_medium=Referral&#038;utm_campaign=211Resources&#038;utm_content=Children\"  target=\"_self\" itemprop=\"url\">\n\t\t\t\t<img decoding=\"async\" src=\"https:\/\/211md.org\/wp-content\/uploads\/bb-plugin\/cache\/2025_211_Icon-Sets_Child-care-square-f3b0d4edab3dcc467fadb5f55f4064c6-.png\" alt=\"2025_211_Set di icone_Assistenza all&#039;infanzia\" itemprop=\"image\" height=\"417\" width=\"417\" title=\"2025_211_Set di icone_Assistenza all&#039;infanzia\" onerror=\"this.style.display='none'\" loading=\"lazy\" \/>\n\t\t\t\t<\/a>\n\t\t<h4><a href=\"\/it\/risorse\/violenza-domestica-familiare\/?utm_source=Home&#038;utm_medium=Referral&#038;utm_campaign=211Resources&#038;utm_content=Domestic\" target=\"_self\">Violenza domestica<\/a><\/h4>\n\t\t\t\t<a href=\"\/it\/risorse\/violenza-domestica-familiare\/?utm_source=Home&#038;utm_medium=Referral&#038;utm_campaign=211Resources&#038;utm_content=Domestic\"  target=\"_self\" itemprop=\"url\">\n\t\t\t\t<img decoding=\"async\" src=\"https:\/\/211md.org\/wp-content\/uploads\/bb-plugin\/cache\/2025_211_Icon-Sets_Domestic-Violence-square-7b597694a6f05fe90cdc376aa573bc63-.png\" alt=\"Icona della violenza domestica\" itemprop=\"image\" height=\"417\" width=\"417\" title=\"2025_211_Set di icone_Violenza domestica\" onerror=\"this.style.display='none'\" loading=\"lazy\" \/>\n\t\t\t\t<\/a>\n\t\t<h4><a href=\"\/it\/risorse\/ricerca-occupazione\/?utm_source=Home&#038;utm_medium=Referral&#038;utm_campaign=211Resources&#038;utm_content=Employment\" target=\"_self\">Occupazione<\/a><\/h4>\n\t\t\t\t<a href=\"\/it\/risorse\/ricerca-occupazione\/?utm_source=Home&#038;utm_medium=Referral&#038;utm_campaign=211Resources&#038;utm_content=Employment\"  target=\"_self\" itemprop=\"url\">\n\t\t\t\t<img decoding=\"async\" src=\"https:\/\/211md.org\/wp-content\/uploads\/bb-plugin\/cache\/2025_MdInfoNet_Icon-Sets_Employment-square-44707bd410e4df10a470bf130ebcea86-.png\" alt=\"\" itemprop=\"image\" onerror=\"this.style.display='none'\" loading=\"lazy\" \/>\n\t\t\t\t<\/a>\n\t\t<h4><a href=\"\/it\/risorse\/assistenza-sanitaria\/?utm_source=Home&#038;utm_medium=Referral&#038;utm_campaign=211Resources&#038;utm_content=Health%20Care\" target=\"_self\">Assistenza sanitaria<\/a><\/h4>\n\t\t\t\t<a href=\"\/it\/risorse\/assistenza-sanitaria\/?utm_source=Home&#038;utm_medium=Referral&#038;utm_campaign=211Resources&#038;utm_content=Health%20Care\"  target=\"_self\" itemprop=\"url\">\n\t\t\t\t<img decoding=\"async\" src=\"https:\/\/211md.org\/wp-content\/uploads\/bb-plugin\/cache\/2025_MdInfoNet_Icon-Sets_Health-Care-square-dee98a0060cbe0e7f27eda253fc12679-.png\" alt=\"\" itemprop=\"image\" onerror=\"this.style.display='none'\" loading=\"lazy\" \/>\n\t\t\t\t<\/a>\n\t\t<h4><a href=\"\/it\/risorse\/bambini-famiglie\/parentela-cura\/?utm_source=Home&#038;utm_medium=Referral&#038;utm_campaign=211Resources&#038;utm_content=Kinship\" target=\"_self\">Parentela<\/a><\/h4>\n\t\t\t\t<a href=\"\/it\/risorse\/bambini-famiglie\/parentela-cura\/?utm_source=Home&#038;utm_medium=Referral&#038;utm_campaign=211Resources&#038;utm_content=Kinship\"  target=\"_self\" itemprop=\"url\">\n\t\t\t\t<img decoding=\"async\" src=\"https:\/\/211md.org\/wp-content\/uploads\/bb-plugin\/cache\/2025_211_Icon-Sets_Kinship-square-45bdf872866f5735f842c32071109267-.png\" alt=\"Icona di parentela\" itemprop=\"image\" height=\"417\" width=\"417\" title=\"2025_211_Set di icone_Parentela\" onerror=\"this.style.display='none'\" loading=\"lazy\" \/>\n\t\t\t\t<\/a>\n\t\t<h4><a href=\"\/it\/risorse\/servizi-legali\/?utm_source=Home&#038;utm_medium=Referral&#038;utm_campaign=211Resources&#038;utm_content=Legal\" target=\"_self\">Servizi legali<\/a><\/h4>\n\t\t\t\t<a href=\"\/it\/risorse\/servizi-legali\/?utm_source=Home&#038;utm_medium=Referral&#038;utm_campaign=211Resources&#038;utm_content=Legal\"  target=\"_self\" itemprop=\"url\">\n\t\t\t\t<img decoding=\"async\" src=\"https:\/\/211md.org\/wp-content\/uploads\/bb-plugin\/cache\/2025_MdInfoNet_Icon-Sets_Legal-square-18fdf438feb8435588174d9046463257-.png\" alt=\"\" itemprop=\"image\" onerror=\"this.style.display='none'\" loading=\"lazy\" \/>\n\t\t\t\t<\/a>\n\t\t<h4><a href=\"\/it\/risorse\/salute-mentale\/?utm_source=Home&#038;utm_medium=Referral&#038;utm_campaign=211Resources&#038;utm_content=Mental\" target=\"_self\">Salute mentale<\/a><\/h4>\n\t\t\t\t<a href=\"\/it\/risorse\/salute-mentale\/?utm_source=Home&#038;utm_medium=Referral&#038;utm_campaign=211Resources&#038;utm_content=Mental\"  target=\"_self\" itemprop=\"url\">\n\t\t\t\t<img decoding=\"async\" src=\"https:\/\/211md.org\/wp-content\/uploads\/bb-plugin\/cache\/2025_MdInfoNet_Icon-Sets_Mental-Health-square-c59b38c4a993a947d4c9280fbe2d2fee-.png\" alt=\"\" itemprop=\"image\" onerror=\"this.style.display='none'\" loading=\"lazy\" \/>\n\t\t\t\t<\/a>\n\t\t<h4><a href=\"\/it\/risorse\/mdreentry\/?utm_source=Home&#038;utm_medium=Referral&#038;utm_campaign=211Resources&#038;utm_content=Reentry\" target=\"_self\">Rientro<\/a><\/h4>\n\t\t\t\t<a href=\"\/it\/risorse\/mdreentry\/?utm_source=Home&#038;utm_medium=Referral&#038;utm_campaign=211Resources&#038;utm_content=Reentry\"  target=\"_self\" itemprop=\"url\">\n\t\t\t\t<img decoding=\"async\" src=\"https:\/\/211md.org\/wp-content\/uploads\/bb-plugin\/cache\/2025_211_Icon-Sets_Reentry-square-8676fea38abd920a832f45642fe31cca-.png\" alt=\"Icona di rientro\" itemprop=\"image\" height=\"417\" width=\"417\" title=\"2025_211_Set di icone_Rientro\" onerror=\"this.style.display='none'\" loading=\"lazy\" \/>\n\t\t\t\t<\/a>\n\t\t<h4><a href=\"\/it\/risorse\/uso-di-sostanze\/?utm_source=Home&#038;utm_medium=Referral&#038;utm_campaign=211Resources&#038;utm_content=Substance\" target=\"_self\">Uso di sostanze<\/a><\/h4>\n\t\t\t\t<a href=\"\/it\/risorse\/uso-di-sostanze\/?utm_source=Home&#038;utm_medium=Referral&#038;utm_campaign=211Resources&#038;utm_content=Substance\"  target=\"_self\" itemprop=\"url\">\n\t\t\t\t<img decoding=\"async\" src=\"https:\/\/211md.org\/wp-content\/uploads\/bb-plugin\/cache\/2025_MdInfoNet_Icon-Sets_Substance-Abuse-square-9022fec9d18a64118ad685c101885b55-.png\" alt=\"\" itemprop=\"image\" onerror=\"this.style.display='none'\" loading=\"lazy\" \/>\n\t\t\t\t<\/a>\n\t\t<h4><a href=\"\/it\/risorse\/veterani\/?utm_source=Home&#038;utm_medium=Referral&#038;utm_campaign=211Resources&#038;utm_content=Veterans\" target=\"_self\">Veterani<\/a><\/h4>\n\t\t\t\t<a href=\"\/it\/risorse\/veterani\/?utm_source=Home&#038;utm_medium=Referral&#038;utm_campaign=211Resources&#038;utm_content=Veterans\"  target=\"_self\" itemprop=\"url\">\n\t\t\t\t<img decoding=\"async\" src=\"https:\/\/211md.org\/wp-content\/uploads\/bb-plugin\/cache\/2025_MdInfoNet_Icon-Sets_Rating-square-6e60d00cce4faa8e0a6d4ad7366aa733-.png\" alt=\"\" itemprop=\"image\" onerror=\"this.style.display='none'\" loading=\"lazy\" \/>\n\t\t\t\t<\/a>","protected":false},"excerpt":{"rendered":"<p>Trova risorse vicino a me Cerca ora Aggiungi la tua agenzia o organizzazione al nostro database delle risorse. Che tu viva a Leonardtown, California, Lexington Park, Mechanicsville, Charlotte Hall, Golden Beach, Oakley, Abell o in un&#039;altra citt\u00e0 della contea di St. Mary, l&#039;aiuto \u00e8 disponibile 24 ore su 24, 7 giorni su 7, 365 giorni all&#039;anno. Chiama il 2-1-1 o cerca nel database. Necessit\u00e0 generali: cibo, affitto, servizi pubblici Ci sono diversi...<\/p>","protected":false},"author":8,"featured_media":0,"parent":750,"menu_order":0,"comment_status":"closed","ping_status":"closed","template":"","meta":{"footnotes":""},"class_list":["post-1692","page","type-page","status-publish","hentry"],"_links":{"self":[{"href":"https:\/\/211md.org\/it\/wp-json\/wp\/v2\/pages\/1692","targetHints":{"allow":["GET"]}}],"collection":[{"href":"https:\/\/211md.org\/it\/wp-json\/wp\/v2\/pages"}],"about":[{"href":"https:\/\/211md.org\/it\/wp-json\/wp\/v2\/types\/page"}],"author":[{"embeddable":true,"href":"https:\/\/211md.org\/it\/wp-json\/wp\/v2\/users\/8"}],"replies":[{"embeddable":true,"href":"https:\/\/211md.org\/it\/wp-json\/wp\/v2\/comments?post=1692"}],"version-history":[{"count":2,"href":"https:\/\/211md.org\/it\/wp-json\/wp\/v2\/pages\/1692\/revisions"}],"predecessor-version":[{"id":34093,"href":"https:\/\/211md.org\/it\/wp-json\/wp\/v2\/pages\/1692\/revisions\/34093"}],"up":[{"embeddable":true,"href":"https:\/\/211md.org\/it\/wp-json\/wp\/v2\/pages\/750"}],"wp:attachment":[{"href":"https:\/\/211md.org\/it\/wp-json\/wp\/v2\/media?parent=1692"}],"curies":[{"name":"scrivere","href":"https:\/\/api.w.org\/{rel}","templated":true}]}}