{"id":1693,"date":"2021-05-12T00:24:06","date_gmt":"2021-05-12T00:24:06","guid":{"rendered":"https:\/\/211md.org\/?page_id=1693"},"modified":"2025-10-29T07:00:11","modified_gmt":"2025-10-29T11:00:11","slug":"contea-di-charles","status":"publish","type":"page","link":"https:\/\/211md.org\/it\/resources-by-county\/charles-county\/","title":{"rendered":"Contea di Carlo"},"content":{"rendered":"<h2><a href=\"https:\/\/search.211md.org\/\" target=\"_blank\"  rel=\"noopener\">Trova risorse vicino a me<\/a><\/h2>\n\t\t\t<a href=\"https:\/\/search.211md.org\/\" target=\"_blank\" rel=\"noopener\">\n\t\t\t\t\t\t\tCerca ora\n\t\t\t<\/a>\n\t<p><strong><a href=\"\/it\/unisciti-al-nostro-database\/\">Aggiungi la tua agenzia o organizzazione al nostro database delle risorse.<\/a><\/strong><\/p>\n<p>211 ti copre le spalle della contea di Charles, per comunit\u00e0 come Waldorf, Saint Charles, Bennsville, Accokeek, Hughesville, Indian Head, Potomac Heights, Pisgah, Holly Haven e altre citt\u00e0 vicine.<\/p>\n\t\t<h2>\t\n\tChiama il 211<\/h2><p>Connettiti alle risorse della community e supporto 24 ore su 24, 7 giorni su 7, 365 giorni all&#039;anno.<\/p>\n\t<h2>Trova cibo nella contea di Charles<\/h2>\n<p>La Charles County Food Connection \u00e8 un insieme di organizzazioni locali impegnate a facilitare la ricerca di dispense alimentari nella zona. L&#039;impegno unico per l&#039;accesso al cibo semplifica la ricerca di eventi di distribuzione e luoghi di dispensa nella contea di Charles.<\/p>\n<p>Puoi visualizzare l&#039;elenco di 40 dispense nelle citt\u00e0 di tutta la contea di Charles, come Waldorf, Nanjemoy, La Plata, White Plains, Hughesville, Port Tobacco, Bryans Road, Indian Head e Pomfret. Scegli il modo migliore per trovare cibo vicino a te:<\/p>\n<ul>\n<li><a href=\"https:\/\/charlescountyfoodconnection.org\/about\/\" target=\"_blank\" rel=\"noopener\">Trova dispense alimentari tramite il tuo CAP<\/a> codice.<\/li>\n<li>Visualizza il <a href=\"https:\/\/charlescountyfoodconnection.org\/events\/\" target=\"_blank\" rel=\"noopener\">calendario dei prossimi eventi gastronomici.<\/a><\/li>\n<li>Chiama il 211<\/li>\n<li>Scarica un elenco di oltre 40 dispense.<\/li>\n<\/ul>\n\t\t<h3><a href=\"http:\/\/211md.org\/wp-content\/uploads\/2023\/12\/Charles_County_Food_Connection_Pantry_list_-_English.pdf\" target=\"_blank\" rel=\"noopener\">Elenco delle dispense di Charles County Food Connection (inglese)<\/a><\/h3>\n\t\t\t\t<a href=\"http:\/\/211md.org\/wp-content\/uploads\/2023\/12\/Charles_County_Food_Connection_Pantry_list_-_English.pdf\" target=\"_blank\" rel=\"noopener\" itemprop=\"url\">\n\t\t\t\t<img decoding=\"async\" src=\"http:\/\/211md.org\/wp-content\/uploads\/2023\/12\/Charles_County_Food_Connection_Pantry_list_-_English.jpg\" alt=\"Charles_County_Food_Connection_Pantry_list_-_Inglese\" itemprop=\"image\" title=\"Charles_County_Food_Connection_Pantry_list_-_Inglese\" onerror=\"this.style.display='none'\" loading=\"lazy\" \/>\n\t\t\t\t<\/a>\n\t\t\t<a href=\"http:\/\/211md.org\/wp-content\/uploads\/2023\/12\/Charles_County_Food_Connection_Pantry_list_-_English.pdf\" target=\"_blank\" rel=\"noopener\">\n\t\t\t\t\t\t\tScaricamento\n\t\t\t\t\t<\/a>\n\t\t<h3><a href=\"http:\/\/211md.org\/wp-content\/uploads\/2023\/12\/Charles_County_Food_Connection_Pantry_list_-Spanish.pdf\" target=\"_blank\" rel=\"noopener\">Elenco delle dispense di Charles County Food Connection (spagnolo)<\/a><\/h3>\n\t\t\t\t<a href=\"http:\/\/211md.org\/wp-content\/uploads\/2023\/12\/Charles_County_Food_Connection_Pantry_list_-Spanish.pdf\" target=\"_blank\" rel=\"noopener\" itemprop=\"url\">\n\t\t\t\t<img decoding=\"async\" src=\"http:\/\/211md.org\/wp-content\/uploads\/2023\/12\/Charles_County_Food_Connection_Pantry_list_-Spanish.jpg\" alt=\"Charles_County_Food_Connection_Pantry_list_-Spagnolo\" itemprop=\"image\" title=\"Charles_County_Food_Connection_Pantry_list_-Spagnolo\" onerror=\"this.style.display='none'\" loading=\"lazy\" \/>\n\t\t\t\t<\/a>\n\t\t\t<a href=\"http:\/\/211md.org\/wp-content\/uploads\/2023\/12\/Charles_County_Food_Connection_Pantry_list_-Spanish.pdf\" target=\"_blank\" rel=\"noopener\">\n\t\t\t\t\t\t\tScaricamento\n\t\t\t\t\t<\/a>\n\t<h3>Pasti estivi: pranzo offerto da noi<\/h3>\n<p>Se hai bisogno di aiuto con il pranzo durante l&#039;estate, le scuole pubbliche della contea di Charles offrono pasti caldi gratuiti per tutti i bambini di et\u00e0 compresa tra 2 e 18 anni. Non \u00e8 necessario essere residente nella contea.<\/p>\n<p>Il programma Lunch on Us \u00e8 disponibile durante l&#039;estate e il cibo deve essere consumato in loco. <a href=\"https:\/\/www.ccboe.com\/\" target=\"_blank\" rel=\"noopener\">Verificare con il distretto scolastico<\/a> per le date e i luoghi.<\/p>\n<h2>Aiuto con i programmi di assistenza governativa (DSS)<\/h2>\n<p>Il Dipartimento dei servizi sociali della contea di Charles pu\u00f2 aiutarti a metterti in contatto con programmi governativi che possono aiutare la tua famiglia e anche con programmi specializzati, tra cui:<\/p>\n<ul>\n<li><a href=\"https:\/\/211md.org\/it\/risorse\/cibo\/buoni-pasto\/\">AFFRETTATO<\/a> (buoni pasto)<\/li>\n<li>TCA (Assistenza temporanea in contanti e TANF (Assistenza temporanea alle famiglie bisognose)<\/li>\n<li>Assistenza in contanti di emergenza (EAFC)<\/li>\n<li>Genitorialit\u00e0 affidataria<\/li>\n<li>Paternit\u00e0<\/li>\n<li>Medico<\/li>\n<li>Servizi di protezione dell&#039;infanzia<\/li>\n<\/ul>\n<p>Se hai una domanda sul mantenimento dei figli, sui buoni pasto o su un&#039;altra questione individuale, chiama il call center clienti al numero 1-800-332-6347.<\/p>\n<p>Il Dipartimento dei Servizi Sociali ha sede in:<\/p>\n<p>200 Kent Avenue<\/p>\n<p>La Plata, Maryland 20646<\/p>\n<p>Dal luned\u00ec al venerd\u00ec, dalle 8:00 alle 16:00<\/p>\n<p>Numero principale: 301-392-6400<\/p>\n<p>Call Center per casi individuali: 1-800-332-6347<\/p>\n<h2>Sostenere i pap\u00e0<\/h2>\n<p>Il programma Charles County Fatherhood aiuta gli uomini che vogliono impegnarsi nella vita dei propri figli. Puoi offrirti volontario per partecipare o essere indirizzato tramite un partner della comunit\u00e0 locale, i tribunali o il centro di detenzione.<\/p>\n<p>Il programma aiuta i pap\u00e0 a superare le barriere attraverso un programma di sei settimane che offre:<\/p>\n<ul>\n<li>abilit\u00e0 di vita<\/li>\n<li>supporto<\/li>\n<li>allenamento Vocale<\/li>\n<li>informazioni e risorse<\/li>\n<\/ul>\n<p>Gli argomenti includono:<\/p>\n<ul>\n<li>comprendere il ruolo di un padre<\/li>\n<li>gestione dello stress<\/li>\n<li>affrontare la situazione da padre single<\/li>\n<li>mantenimento dei figli<\/li>\n<li>diventando autosufficiente<\/li>\n<li>sviluppare abilit\u00e0 di vita<\/li>\n<\/ul>\n<p>\u00c8 un programma gratuito. <a href=\"https:\/\/charlescountydss.com\/fatherhood-and-motherhood\/\" target=\"_blank\" rel=\"noopener\">Collegati al programma per la paternit\u00e0 della contea di Charles<\/a>.<\/p>\n\t\t\t\t<img decoding=\"async\" src=\"http:\/\/211md.org\/wp-content\/uploads\/2023\/12\/dad-at-park-with-son-flying-a-kite.jpg\" alt=\"pap\u00e0 al parco con il figlio che fa volare un aquilone\" itemprop=\"image\" title=\"pap\u00e0 al parco con il figlio che fa volare un aquilone\" onerror=\"this.style.display='none'\" loading=\"lazy\" \/>\n\t\t\t\t<img decoding=\"async\" src=\"http:\/\/211md.org\/wp-content\/uploads\/2023\/12\/mom-feeding-child.jpg\" alt=\"mamma che allatta il bambino\" itemprop=\"image\" title=\"mamma che allatta il bambino\" onerror=\"this.style.display='none'\" loading=\"lazy\" \/>\n\t<h2>Donne, neonati e bambini (WIC) nella contea di Charles<\/h2>\n<p>Il Dipartimento della Salute della Contea di Charles fornisce educazione alimentare, sostegno all&#039;allattamento al seno e alimenti supplementari sani attraverso il WIC. Il programma aiuta le donne, i neonati e i bambini ad avere un futuro pi\u00f9 sano.<\/p>\n<p>Il programma \u00e8 disponibile per future mamme qualificate, mamme dopo il parto e bambini. Il programma \u00e8 disponibile per:<\/p>\n<ul>\n<li>Donne incinte e fino a 6 settimane dopo la gravidanza<\/li>\n<li>Donne dopo il parto fino a 6 mesi dopo la nascita di un bambino.<\/li>\n<li>Mamme che allattano fino al primo compleanno del bambino.<\/li>\n<li>Neonati fino al primo anno di et\u00e0.<\/li>\n<li>Bambini fino a 5 anni.<\/li>\n<\/ul>\n<p>Si applicano altre linee guida sulla qualificazione.<\/p>\n<p>Ci sono uffici in tutto il Maryland, tra cui Charles, Calvert e la contea di St. Mary e a Lexington Park, gli uffici medici di Solomons e il Nanjemoy Community Center. La disponibilit\u00e0 pu\u00f2 variare in base alla localit\u00e0.<\/p>\n<p><a href=\"https:\/\/www.charlescountyhealth.org\/woman-infants-children-wic\/\" target=\"_blank\" rel=\"noopener\">Scopri se sei idoneo<\/a> e scopri quando puoi fermarti in un luogo vicino.<\/p>\n<h3>Dipartimento sanitario della contea di Charles<\/h3>\n<p>Il Dipartimento della Salute fornisce anche numerosi altri servizi, inclusi programmi per:<\/p>\n<ul>\n<li>migliorare la tua salute\n<ul>\n<li>Esempi:\n<ul>\n<li>perdere peso<\/li>\n<li>gestire le malattie croniche<\/li>\n<li>prevenzione del diabete e altro ancora<\/li>\n<\/ul>\n<\/li>\n<\/ul>\n<\/li>\n<li>Prevenzione e test dell&#039;HIV<\/li>\n<li>clinica dentale<\/li>\n<li>immunizzazioni<\/li>\n<li>screening del cancro<\/li>\n<li>supporto sanitario comportamentale (salute mentale e uso di sostanze)<\/li>\n<li>servizi per disabili<\/li>\n<\/ul>\n<p>Ci sono anche altri programmi che possono aiutare te e la tua famiglia a preservare la vostra salute.<\/p>\n<p><a href=\"https:\/\/www.charlescountyhealth.org\/\" target=\"_blank\" rel=\"noopener\">Per saperne di pi\u00f9<\/a> sui programmi offerti dal Dipartimento sanitario della contea di Charles e <a href=\"https:\/\/211md.org\/it\/risorse\/assistenza-sanitaria\/assicurazione-sanitaria\/\">programmi assicurativi<\/a> offerto dallo stato del Maryland per sostenere le famiglie bisognose di cure mediche.<\/p>\n<h2>Aiuto con bisogni essenziali<\/h2>\n<p><strong><a href=\"https:\/\/www.lifestylesofmd.org\/\" target=\"_blank\" rel=\"noopener\">Stili di vita, Inc.<\/a><\/strong>\u00a0a La Plata offre aiuto, speranza e trasformazione. I loro servizi includono cibo, un guardaroba comunitario, supporto abitativo, trasporti, aiuto fiscale, assistenza fiscale e altro ancora.<\/p>\n<p>Puoi anche chiamare il 211 per accedere a risorse essenziali.<\/p>\n<h3><b>Assistenza energetica<\/b><\/h3>\n<p>Se hai bisogno di assistenza energetica per abbassare il costo della bolletta o evitare un avviso di spegnimento, ci sono\u00a0<strong><a href=\"https:\/\/211md.org\/it\/risorse\/utilita-assistenza\/\" target=\"_blank\" rel=\"noopener\">sovvenzioni disponibili tramite l&#039;Office of Home Energy Programs<\/a><\/strong><strong>.<\/strong><\/p>\n<p>Se hai bisogno di aiuto per compilare la domanda o hai domande sulle linee guida sul reddito o sui dettagli del programma, contatta il\u00a0<strong><a href=\"http:\/\/www.smtccac.org\/office-of-home-energy-program.aspx\" target=\"_blank\" rel=\"noopener\">Comitato di azione comunitaria delle tre contee del Maryland meridionale<\/a><\/strong>\u00a0(SMTCCAC, Inc.) per l&#039;aiuto locale con le sovvenzioni statali.<\/p>\n<p>Puoi anche contattare la tua utility se sei rimasto indietro con le bollette. Washington Gas e SMECO possono fornire un piano di pagamento adatto alla tua situazione.<\/p>\n\t\t<h4><a href=\"\/it\/risorse\/invecchiamento-disabilita\/?utm_source=Home&#038;utm_medium=Referral&#038;utm_campaign=211Resources&#038;utm_content=Aging\" target=\"_self\">Invecchiamento e disabilit\u00e0<\/a><\/h4>\n\t\t\t\t<a href=\"\/it\/risorse\/invecchiamento-disabilita\/?utm_source=Home&#038;utm_medium=Referral&#038;utm_campaign=211Resources&#038;utm_content=Aging\"  target=\"_self\" itemprop=\"url\">\n\t\t\t\t<img decoding=\"async\" src=\"https:\/\/211md.org\/wp-content\/uploads\/bb-plugin\/cache\/2025_MdInfoNet_Icon-Sets_Aging-disability-square-c466727102cae71e5f27b8539bb51945-.png\" alt=\"\" itemprop=\"image\" onerror=\"this.style.display='none'\" loading=\"lazy\" \/>\n\t\t\t\t<\/a>\n\t\t<h4><a href=\"\/it\/risorse\/bambini-famiglie\/?utm_source=Home&#038;utm_medium=Referral&#038;utm_campaign=211Resources&#038;utm_content=Children\" target=\"_self\">Bambini e famiglie<\/a><\/h4>\n\t\t\t\t<a href=\"\/it\/risorse\/bambini-famiglie\/?utm_source=Home&#038;utm_medium=Referral&#038;utm_campaign=211Resources&#038;utm_content=Children\"  target=\"_self\" itemprop=\"url\">\n\t\t\t\t<img decoding=\"async\" src=\"https:\/\/211md.org\/wp-content\/uploads\/bb-plugin\/cache\/2025_211_Icon-Sets_Child-care-square-f3b0d4edab3dcc467fadb5f55f4064c6-.png\" alt=\"2025_211_Set di icone_Assistenza all&#039;infanzia\" itemprop=\"image\" height=\"417\" width=\"417\" title=\"2025_211_Set di icone_Assistenza all&#039;infanzia\" onerror=\"this.style.display='none'\" loading=\"lazy\" \/>\n\t\t\t\t<\/a>\n\t\t<h4><a href=\"\/it\/risorse\/violenza-domestica-familiare\/?utm_source=Home&#038;utm_medium=Referral&#038;utm_campaign=211Resources&#038;utm_content=Domestic\" target=\"_self\">Violenza domestica<\/a><\/h4>\n\t\t\t\t<a href=\"\/it\/risorse\/violenza-domestica-familiare\/?utm_source=Home&#038;utm_medium=Referral&#038;utm_campaign=211Resources&#038;utm_content=Domestic\"  target=\"_self\" itemprop=\"url\">\n\t\t\t\t<img decoding=\"async\" src=\"https:\/\/211md.org\/wp-content\/uploads\/bb-plugin\/cache\/2025_211_Icon-Sets_Domestic-Violence-square-7b597694a6f05fe90cdc376aa573bc63-.png\" alt=\"Icona della violenza domestica\" itemprop=\"image\" height=\"417\" width=\"417\" title=\"2025_211_Set di icone_Violenza domestica\" onerror=\"this.style.display='none'\" loading=\"lazy\" \/>\n\t\t\t\t<\/a>\n\t\t<h4><a href=\"\/it\/risorse\/ricerca-occupazione\/?utm_source=Home&#038;utm_medium=Referral&#038;utm_campaign=211Resources&#038;utm_content=Employment\" target=\"_self\">Occupazione<\/a><\/h4>\n\t\t\t\t<a href=\"\/it\/risorse\/ricerca-occupazione\/?utm_source=Home&#038;utm_medium=Referral&#038;utm_campaign=211Resources&#038;utm_content=Employment\"  target=\"_self\" itemprop=\"url\">\n\t\t\t\t<img decoding=\"async\" src=\"https:\/\/211md.org\/wp-content\/uploads\/bb-plugin\/cache\/2025_MdInfoNet_Icon-Sets_Employment-square-44707bd410e4df10a470bf130ebcea86-.png\" alt=\"\" itemprop=\"image\" onerror=\"this.style.display='none'\" loading=\"lazy\" \/>\n\t\t\t\t<\/a>\n\t\t<h4><a href=\"\/it\/risorse\/assistenza-sanitaria\/?utm_source=Home&#038;utm_medium=Referral&#038;utm_campaign=211Resources&#038;utm_content=Health%20Care\" target=\"_self\">Assistenza sanitaria<\/a><\/h4>\n\t\t\t\t<a href=\"\/it\/risorse\/assistenza-sanitaria\/?utm_source=Home&#038;utm_medium=Referral&#038;utm_campaign=211Resources&#038;utm_content=Health%20Care\"  target=\"_self\" itemprop=\"url\">\n\t\t\t\t<img decoding=\"async\" src=\"https:\/\/211md.org\/wp-content\/uploads\/bb-plugin\/cache\/2025_MdInfoNet_Icon-Sets_Health-Care-square-dee98a0060cbe0e7f27eda253fc12679-.png\" alt=\"\" itemprop=\"image\" onerror=\"this.style.display='none'\" loading=\"lazy\" \/>\n\t\t\t\t<\/a>\n\t\t<h4><a href=\"\/it\/risorse\/bambini-famiglie\/parentela-cura\/?utm_source=Home&#038;utm_medium=Referral&#038;utm_campaign=211Resources&#038;utm_content=Kinship\" target=\"_self\">Parentela<\/a><\/h4>\n\t\t\t\t<a href=\"\/it\/risorse\/bambini-famiglie\/parentela-cura\/?utm_source=Home&#038;utm_medium=Referral&#038;utm_campaign=211Resources&#038;utm_content=Kinship\"  target=\"_self\" itemprop=\"url\">\n\t\t\t\t<img decoding=\"async\" src=\"https:\/\/211md.org\/wp-content\/uploads\/bb-plugin\/cache\/2025_211_Icon-Sets_Kinship-square-45bdf872866f5735f842c32071109267-.png\" alt=\"Icona di parentela\" itemprop=\"image\" height=\"417\" width=\"417\" title=\"2025_211_Set di icone_Parentela\" onerror=\"this.style.display='none'\" loading=\"lazy\" \/>\n\t\t\t\t<\/a>\n\t\t<h4><a href=\"\/it\/risorse\/servizi-legali\/?utm_source=Home&#038;utm_medium=Referral&#038;utm_campaign=211Resources&#038;utm_content=Legal\" target=\"_self\">Servizi legali<\/a><\/h4>\n\t\t\t\t<a href=\"\/it\/risorse\/servizi-legali\/?utm_source=Home&#038;utm_medium=Referral&#038;utm_campaign=211Resources&#038;utm_content=Legal\"  target=\"_self\" itemprop=\"url\">\n\t\t\t\t<img decoding=\"async\" src=\"https:\/\/211md.org\/wp-content\/uploads\/bb-plugin\/cache\/2025_MdInfoNet_Icon-Sets_Legal-square-18fdf438feb8435588174d9046463257-.png\" alt=\"\" itemprop=\"image\" onerror=\"this.style.display='none'\" loading=\"lazy\" \/>\n\t\t\t\t<\/a>\n\t\t<h4><a href=\"\/it\/risorse\/salute-mentale\/?utm_source=Home&#038;utm_medium=Referral&#038;utm_campaign=211Resources&#038;utm_content=Mental\" target=\"_self\">Salute mentale<\/a><\/h4>\n\t\t\t\t<a href=\"\/it\/risorse\/salute-mentale\/?utm_source=Home&#038;utm_medium=Referral&#038;utm_campaign=211Resources&#038;utm_content=Mental\"  target=\"_self\" itemprop=\"url\">\n\t\t\t\t<img decoding=\"async\" src=\"https:\/\/211md.org\/wp-content\/uploads\/bb-plugin\/cache\/2025_MdInfoNet_Icon-Sets_Mental-Health-square-c59b38c4a993a947d4c9280fbe2d2fee-.png\" alt=\"\" itemprop=\"image\" onerror=\"this.style.display='none'\" loading=\"lazy\" \/>\n\t\t\t\t<\/a>\n\t\t<h4><a href=\"\/it\/risorse\/mdreentry\/?utm_source=Home&#038;utm_medium=Referral&#038;utm_campaign=211Resources&#038;utm_content=Reentry\" target=\"_self\">Rientro<\/a><\/h4>\n\t\t\t\t<a href=\"\/it\/risorse\/mdreentry\/?utm_source=Home&#038;utm_medium=Referral&#038;utm_campaign=211Resources&#038;utm_content=Reentry\"  target=\"_self\" itemprop=\"url\">\n\t\t\t\t<img decoding=\"async\" src=\"https:\/\/211md.org\/wp-content\/uploads\/bb-plugin\/cache\/2025_211_Icon-Sets_Reentry-square-8676fea38abd920a832f45642fe31cca-.png\" alt=\"Icona di rientro\" itemprop=\"image\" height=\"417\" width=\"417\" title=\"2025_211_Set di icone_Rientro\" onerror=\"this.style.display='none'\" loading=\"lazy\" \/>\n\t\t\t\t<\/a>\n\t\t<h4><a href=\"\/it\/risorse\/uso-di-sostanze\/?utm_source=Home&#038;utm_medium=Referral&#038;utm_campaign=211Resources&#038;utm_content=Substance\" target=\"_self\">Uso di sostanze<\/a><\/h4>\n\t\t\t\t<a href=\"\/it\/risorse\/uso-di-sostanze\/?utm_source=Home&#038;utm_medium=Referral&#038;utm_campaign=211Resources&#038;utm_content=Substance\"  target=\"_self\" itemprop=\"url\">\n\t\t\t\t<img decoding=\"async\" src=\"https:\/\/211md.org\/wp-content\/uploads\/bb-plugin\/cache\/2025_MdInfoNet_Icon-Sets_Substance-Abuse-square-9022fec9d18a64118ad685c101885b55-.png\" alt=\"\" itemprop=\"image\" onerror=\"this.style.display='none'\" loading=\"lazy\" \/>\n\t\t\t\t<\/a>\n\t\t<h4><a href=\"\/it\/risorse\/veterani\/?utm_source=Home&#038;utm_medium=Referral&#038;utm_campaign=211Resources&#038;utm_content=Veterans\" target=\"_self\">Veterani<\/a><\/h4>\n\t\t\t\t<a href=\"\/it\/risorse\/veterani\/?utm_source=Home&#038;utm_medium=Referral&#038;utm_campaign=211Resources&#038;utm_content=Veterans\"  target=\"_self\" itemprop=\"url\">\n\t\t\t\t<img decoding=\"async\" src=\"https:\/\/211md.org\/wp-content\/uploads\/bb-plugin\/cache\/2025_MdInfoNet_Icon-Sets_Rating-square-6e60d00cce4faa8e0a6d4ad7366aa733-.png\" alt=\"\" itemprop=\"image\" onerror=\"this.style.display='none'\" loading=\"lazy\" \/>\n\t\t\t\t<\/a>","protected":false},"excerpt":{"rendered":"<p>Trova risorse vicino a me Cerca ora Aggiungi la tua agenzia o organizzazione al nostro database di risorse. Il 211 \u00e8 al tuo fianco nella Contea di Charles, per comunit\u00e0 come Waldorf, Saint Charles, Bennsville, Accokeek, Hughesville, Indian Head, Potomac Heights, Pisgah, Holly Haven e altre citt\u00e0 vicine. Chiama il 211. Accedi alle risorse e al supporto della comunit\u00e0 24 ore su 24, 7 giorni su 7, 365 giorni all&#039;anno. Trova cibo a Charles\u2026<\/p>","protected":false},"author":8,"featured_media":0,"parent":750,"menu_order":0,"comment_status":"closed","ping_status":"closed","template":"","meta":{"footnotes":""},"class_list":["post-1693","page","type-page","status-publish","hentry"],"_links":{"self":[{"href":"https:\/\/211md.org\/it\/wp-json\/wp\/v2\/pages\/1693","targetHints":{"allow":["GET"]}}],"collection":[{"href":"https:\/\/211md.org\/it\/wp-json\/wp\/v2\/pages"}],"about":[{"href":"https:\/\/211md.org\/it\/wp-json\/wp\/v2\/types\/page"}],"author":[{"embeddable":true,"href":"https:\/\/211md.org\/it\/wp-json\/wp\/v2\/users\/8"}],"replies":[{"embeddable":true,"href":"https:\/\/211md.org\/it\/wp-json\/wp\/v2\/comments?post=1693"}],"version-history":[{"count":3,"href":"https:\/\/211md.org\/it\/wp-json\/wp\/v2\/pages\/1693\/revisions"}],"predecessor-version":[{"id":34077,"href":"https:\/\/211md.org\/it\/wp-json\/wp\/v2\/pages\/1693\/revisions\/34077"}],"up":[{"embeddable":true,"href":"https:\/\/211md.org\/it\/wp-json\/wp\/v2\/pages\/750"}],"wp:attachment":[{"href":"https:\/\/211md.org\/it\/wp-json\/wp\/v2\/media?parent=1693"}],"curies":[{"name":"scrivere","href":"https:\/\/api.w.org\/{rel}","templated":true}]}}