{"id":1694,"date":"2021-05-12T00:24:16","date_gmt":"2021-05-12T00:24:16","guid":{"rendered":"https:\/\/211md.org\/?page_id=1694"},"modified":"2025-10-29T06:56:09","modified_gmt":"2025-10-29T10:56:09","slug":"contea-di-calvert","status":"publish","type":"page","link":"https:\/\/211md.org\/it\/resources-by-county\/calvert-county\/","title":{"rendered":"Contea di Calvert"},"content":{"rendered":"<h2><a href=\"https:\/\/search.211md.org\/\" target=\"_blank\"  rel=\"noopener\">Trova risorse vicino a me<\/a><\/h2>\n\t\t\t<a href=\"https:\/\/search.211md.org\/\" target=\"_blank\" rel=\"noopener\">\n\t\t\t\t\t\t\tCerca ora\n\t\t\t<\/a>\n\t<p><strong><a href=\"\/it\/unisciti-al-nostro-database\/\">Aggiungi la tua agenzia o organizzazione al nostro database delle risorse.<\/a><\/strong><\/p>\n\t<p>Non sei solo nella contea di Calvert. L&#039;aiuto \u00e8 disponibile 24 ore su 24, 7 giorni su 7, 365 giorni all&#039;anno per le comunit\u00e0 di tutta la contea, tra cui Prince Frederick, Dares Beach, Barstow, Bowens, Fox Hill, Woodbridge, Adelina, Port Republic, Mutual, Governor Run, Chesapeake Beach e altre.<\/p>\n<p>Chiama il 211 per trovare risorse o effettuare ricerche nel database 211.<\/p>\n\t\t<h2>\t\n\tChiama il 211<\/h2><p>Connettiti alle risorse della community e supporto 24 ore su 24, 7 giorni su 7, 365 giorni all&#039;anno.<\/p>\n<h2>Assistenza energetica<\/h2>\n<p>Se hai bisogno di aiuto per pagare la bolletta, puoi richiedere una sovvenzione all&#039;Office of Home Energy Programs (OHEP). Sono previste agevolazioni in base al reddito per le bollette di luce e gas. Ottieni informazioni dettagliate sul programma e <a href=\"https:\/\/211md.org\/it\/risorse\/utilita-assistenza\/\" target=\"_blank\" rel=\"noopener\">consigli per la compilazione della domanda<\/a>.<\/p>\n<p>Se hai bisogno di aiuto per compilare i moduli OHEP e richiedere assistenza per i servizi pubblici nella contea di Calvert, contatta il <a href=\"http:\/\/www.smtccac.org\/office-of-home-energy-program.aspx\" target=\"_blank\" rel=\"noopener\">Comitato di azione comunitaria delle tre contee del Maryland meridionale<\/a>\u00a0(SMTCCAC, Inc.) Hanno sedi a Huntingtown per aiutare i residenti della contea di Calvert a rendere le bollette pi\u00f9 convenienti.<\/p>\n<p>Puoi anche contattare il tuo fornitore di servizi pubblici e chiedere informazioni sulle modalit\u00e0 di pagamento delle bollette.<\/p>\n<p>&nbsp;<\/p>\n<h2>Salute mentale<\/h2>\n<p>Ti senti triste, depresso, solo o ansioso? Le risorse per la salute mentale sono disponibili 24 ore su 24, 7 giorni su 7, 365 giorni all&#039;anno, componendo il numero 9-8-8 per parlare con un consulente di crisi.<\/p>\n<p>Il\u00a0<a href=\"https:\/\/www.calverthealth.org\/personalhealth\/mentalhealth\/mhclinic.htm\" target=\"_blank\" rel=\"noopener\">Dipartimento sanitario della contea di Calvert<\/a>\u00a0dispone anche di una clinica di salute mentale che offre servizi di salute mentale, comprese valutazioni, gestione dei farmaci e terapia. Chiama il Dipartimento della Salute di Prince Frederick per ulteriore aiuto: 410-535-5400 x318.<\/p>\n<p>Puoi anche <a href=\"https:\/\/search.988.mdinfonet.org\/\" target=\"_blank\" rel=\"noopener\">cercare nel database di risorse sanitarie comportamentali pi\u00f9 completo dello stato<\/a>, supportato dal Maryland Information Network.<\/p>\n<h2>Trova cibo nella contea di Calvert<\/h2>\n<p>La contea di Calvert dispone di diverse dispense alimentari e di una cucina comunitaria per aiutare le persone e le famiglie bisognose di cibo. Il More Tasty Blessings Community Kitchen &amp; Resource Center offre un pasto gratuito ogni gioved\u00ec dalle 18:00 alle 19:00. Le sedi cambiano di mese in mese e puoi <a href=\"http:\/\/eastjohnyouth.org\/programs\/tasty-blessings\" target=\"_blank\" rel=\"noopener\">li trovi qui<\/a>.<\/p>\n<p>Gli anziani possono anche contattare il Ministero Mobile di Hands of God al numero 410-535-2275. Sebbene gli anziani abbiano la priorit\u00e0, tutti sono i benvenuti.<\/p>\n<p>Queste sono le altre dispense alimentari nella contea di Calvert. Gli orari possono variare, quindi chiama prima di andare in dispensa.<\/p>\n<p>&nbsp;<\/p>\n\t\t<h3>Dispensa alimentare della comunit\u00e0 battista di Bayside<\/h3><p>Chiesa battista di Bayside<\/p>\n<p>3009 Chesapeake Beach Road<\/p>\n<p>Chesapeake Beach, MD 20732<\/p>\n<p>410-257-0712<\/p>\n<p>&nbsp;<\/p>\n<p>Cestini alimentari preconfezionati per le comunit\u00e0 di Chesapeake Beach e North Beach.<\/p>\n<p><strong>Sabato 9:30 \u2013 11:00<\/strong><\/p>\n\t<iframe src=\"https:\/\/www.google.com\/maps\/embed\/v1\/place?q=3009+Chesapeake+Beach+Road%0AChesapeake+Beach%2C+MD+20732&#038;key=AIzaSyD09zQ9PNDNNy9TadMuzRV_UsPUoWKntt8\" aria-hidden=\"true\" title=\"Dispensa alimentare della comunit\u00e0 di Bayside\"><\/iframe>\n\t\t<h3>Dispensa della chiesa metodista unita di Brooks<\/h3><p>5550 Mackall Road<\/p>\n<p>San Leonardo, MD 20685<\/p>\n<p>410-586-3972<\/p>\n<p><strong>Marted\u00ec 10:00 \u2013 12:00\u00a0<\/strong><\/p>\n\t<iframe src=\"https:\/\/www.google.com\/maps\/embed\/v1\/place?q=5550+Mackall+Road%0ASaint+Leonard%2C+MD+20685&#038;key=AIzaSyD09zQ9PNDNNy9TadMuzRV_UsPUoWKntt8\" aria-hidden=\"true\" title=\"Chiesa metodista unita di Brooks\"><\/iframe>\n\t\t<h3>Dispensa alimentare della comunit\u00e0 delle chiese di Calvert<\/h3><p>100 Jibsail Drive<\/p>\n<p>Principe Federico, MD 20678<\/p>\n<p>410-414-7474<\/p>\n<p>Aperto a chiunque si trovi nella contea di Calvert a nord di Broomes Island Road. <a href=\"https:\/\/www.cccfp.org\/\" target=\"_blank\" rel=\"noopener\">Ottieni maggiori informazioni<\/a>.<\/p>\n<p><strong>Luned\u00ec, Marted\u00ec, Mercoled\u00ec 9:00 \u2013 12:00\u00a0<\/strong><\/p>\n\t<iframe src=\"https:\/\/www.google.com\/maps\/embed\/v1\/place?q=100+Jibsail+Drive%0APrince+Frederick%2C+MD+20678&#038;key=AIzaSyD09zQ9PNDNNy9TadMuzRV_UsPUoWKntt8\" aria-hidden=\"true\" title=\"Dispensa alimentare della comunit\u00e0 delle chiese di Calvert\"><\/iframe>\n\t\t<h3>Dispensa alimentare del faro di Calvert<\/h3><p>40 Clay Hammond Road<\/p>\n<p>Principe Federico, MD 20678<\/p>\n<p>410-535-5515<\/p>\n<p>&nbsp;<\/p>\n<p><strong>Primo sabato di ogni mese 11:00 \u2013 13:00\u00a0<\/strong><\/p>\n\t<iframe src=\"https:\/\/www.google.com\/maps\/embed\/v1\/place?q=40+Clay+Hammond+Road%0APrince+Frederick%2C+MD+20678&#038;key=AIzaSyD09zQ9PNDNNy9TadMuzRV_UsPUoWKntt8\" aria-hidden=\"true\" title=\"Dispensa alimentare del faro di Calvert\"><\/iframe>\n\t\t<h3>Chesapeake si prende cura della dispensa alimentare<\/h3><p>6045 Strada delle Isole Salomone<\/p>\n<p>Huntingtown, MD 20639<\/p>\n<p><a href=\"https:\/\/chesapeakechurch.org\/food-pantry\/\" target=\"_blank\" rel=\"noopener\">Scopri di pi\u00f9 sulla dispensa alimentare<\/a>.<\/p>\n<p>410-257-3444<\/p>\n<p>&nbsp;<\/p>\n<p><strong>Marted\u00ec 17:30 \u2013 19:30<\/strong><\/p>\n<p><strong>Gioved\u00ec 9:30 \u2013 12:00<\/strong><\/p>\n\t<iframe src=\"https:\/\/www.google.com\/maps\/embed\/v1\/place?q=6045+Solomons+Island+Road%0AHuntingtown%2C+MD+20639&#038;key=AIzaSyD09zQ9PNDNNy9TadMuzRV_UsPUoWKntt8\" aria-hidden=\"true\" title=\"Chesapeake si prende cura della dispensa alimentare\"><\/iframe>\n\t\t<h3>Prima Chiesa Luterana<\/h3><p>6300 Southern Maryland Boulevard.<\/p>\n<p>Huntingtown, MD 20639<\/p>\n<p>410-257-3030<\/p>\n<p>&nbsp;<\/p>\n<p><b>Luned\u00ec \u2013 gioved\u00ec 9:00 \u2013 14:00<\/b><\/p>\n\t<iframe src=\"https:\/\/www.google.com\/maps\/embed\/v1\/place?q=6300+Southern+Maryland+Blvd.%0AHuntingtown%2C+MD+20639&#038;key=AIzaSyD09zQ9PNDNNy9TadMuzRV_UsPUoWKntt8\" aria-hidden=\"true\" title=\"Prima Chiesa Luterana\"><\/iframe>\n\t\t<h3>Dispensa alimentare delle Signore della Carit\u00e0<\/h3><p>Chiesa cattolica di Sant&#039;Antonio<\/p>\n<p>8823 Dayton Avenue<\/p>\n<p>North Beach, MD 20714<\/p>\n<p>410-286-7086<\/p>\n<p>&nbsp;<\/p>\n<p><b>Marted\u00ec 12:00 \u2013 14:00\u00a0<\/b><\/p>\n<p><strong>2\u00b0 mercoled\u00ec del mese 17:00 \u2013 19:00<\/strong><\/p>\n<p><strong>Ultimo sabato del mese 10:00 \u2013 12:00<\/strong><\/p>\n<p><a href=\"https:\/\/stanthonycal.us\/ladies-of-charity\" target=\"_blank\" rel=\"noopener\">Vedi gli ultimi orari<\/a><\/p>\n\t<iframe src=\"https:\/\/www.google.com\/maps\/embed\/v1\/place?q=6300+Southern+Maryland+Blvd.%0AHuntingtown%2C+MD+20639&#038;key=AIzaSyD09zQ9PNDNNy9TadMuzRV_UsPUoWKntt8\" aria-hidden=\"true\" title=\"Prima Chiesa Luterana\"><\/iframe>\n\t\t<h3>Dispensa alimentare della parrocchia di Middleham e Saint Peter<\/h3><p>10210 HG Trueman Road<\/p>\n<p>Lusby, MD 20657<\/p>\n<p>410-326-4948<\/p>\n<p>&nbsp;<\/p>\n<p><strong>Chiama per essere aggiunto alla lista.<\/strong><\/p>\n\t<iframe src=\"https:\/\/www.google.com\/maps\/embed\/v1\/place?q=10210+H+G+Trueman+Road%0ALusby%2C+MD+20657&#038;key=AIzaSyD09zQ9PNDNNy9TadMuzRV_UsPUoWKntt8\" aria-hidden=\"true\" title=\"Dispensa alimentare della parrocchia di Middleham e Saint Peter\"><\/iframe>\n\t\t<h3>Dispensa alimentare metodista unita di Mount Olive<\/h3><p>10 Strada della Fiera<\/p>\n<p>Principe Federico, MD 20678<\/p>\n<p>410-535-5756<\/p>\n<p>&nbsp;<\/p>\n<p><strong>2\u00b0 e 4\u00b0 mercoled\u00ec di ogni mese 13:30 \u2013 15:30<\/strong><\/p>\n\t<iframe src=\"https:\/\/www.google.com\/maps\/embed\/v1\/place?q=10+Fairground+Road%0APrince+Frederick%2C+MD+20678&#038;key=AIzaSyD09zQ9PNDNNy9TadMuzRV_UsPUoWKntt8\" aria-hidden=\"true\" title=\"Dispensa alimentare metodista unita di Mount Olive\"><\/iframe>\n\t\t<h3>Dispensa alimentare New Life Calvert<\/h3><p>9690 posto dell&#039;insenatura dei pastori<\/p>\n<p>La Plata, MD 20646<\/p>\n<p>301-609-8423<\/p>\n<p>&nbsp;<\/p>\n<p><strong>Luned\u00ec \u2013 venerd\u00ec 16:00 \u2013 18:00\u00a0<\/strong><\/p>\n<p><a href=\"https:\/\/www.newlife.live\/missions\/\" target=\"_blank\" rel=\"noopener\">Scopri di pi\u00f9 sulla dispensa<\/a>.<\/p>\n\t<iframe src=\"https:\/\/www.google.com\/maps\/embed\/v1\/place?q=9690+Shepherds+Creek+Place%0ALa+Plata%2C+MD+20646&#038;key=AIzaSyD09zQ9PNDNNy9TadMuzRV_UsPUoWKntt8\" aria-hidden=\"true\" title=\"Nuova dispensa alimentare Life Calvert\"><\/iframe>\n\t\t<h3>SMILE Dispensa alimentare del Ministero ecumenico<\/h3><p>10290 HG Trueman Road<\/p>\n<p>Lusby, Maryland 20657<\/p>\n<p>410-326-0009<\/p>\n<p>Deve essere un cliente SMILE. <a href=\"https:\/\/smileinc.org\/food-pantry\/\" target=\"_blank\" rel=\"noopener\">Per saperne di pi\u00f9<\/a> sulla registrazione ai servizi SMILE.<\/p>\n<p>&nbsp;<\/p>\n<p><strong>Luned\u00ec 9:00 \u2013 10:00<\/strong><\/p>\n<p><strong>Mercoled\u00ec 10:00 \u2013 14:00<\/strong><\/p>\n<p><strong>Gioved\u00ec e venerd\u00ec 10:00 \u2013 12:00<\/strong><\/p>\n<p><strong>Sabato 9:00 \u2013 12:00<\/strong><\/p>\n\t<iframe src=\"https:\/\/www.google.com\/maps\/embed\/v1\/place?q=10290+H.G.+Trueman+Road%0ALusby%2C+Maryland+20657&#038;key=AIzaSyD09zQ9PNDNNy9TadMuzRV_UsPUoWKntt8\" aria-hidden=\"true\" title=\"SMILE Dispensa alimentare del Ministero ecumenico\"><\/iframe>\n\t\t<h3>Dispensa alimentare del Centro Missionario delle Salomone<\/h3><p>Chiesa metodista unita di Salomone<\/p>\n<p>14454 Solomons Island Road sud<\/p>\n<p>Salomone, MD 20688<\/p>\n<p>410-326-3278<\/p>\n<p>&nbsp;<\/p>\n<p><b>Marted\u00ec, mercoled\u00ec, gioved\u00ec 10:00 \u2013 13:00<\/b><\/p>\n\t<iframe src=\"https:\/\/www.google.com\/maps\/embed\/v1\/place?q=14454+Solomons+Island+Road+South%0ASolomons%2C+MD+20688&#038;key=AIzaSyD09zQ9PNDNNy9TadMuzRV_UsPUoWKntt8\" aria-hidden=\"true\" title=\"Chiesa metodista unita di Salomone\"><\/iframe>\n\t\t<h3>Dispensa alimentare interreligiosa di San Giovanni Vianney<\/h3><p>105 Vianney Lane<\/p>\n<p>Principe Federico, MD 20678<\/p>\n<p>410-286-1944<\/p>\n<p>&nbsp;<\/p>\n<p><b>Mercoled\u00ec 15:00 \u2013 18:00<\/b><\/p>\n<p><a href=\"https:\/\/www.sjvchurch.net\/food-pantry\" target=\"_blank\" rel=\"noopener\">Scopri di pi\u00f9 sulla dispensa alimentare.<\/a><\/p>\n\t<iframe src=\"https:\/\/www.google.com\/maps\/embed\/v1\/place?q=105+Vianney+Lane%0APrince+Frederick%2C+MD+20678&#038;key=AIzaSyD09zQ9PNDNNy9TadMuzRV_UsPUoWKntt8\" aria-hidden=\"true\" title=\"Dispensa alimentare interreligiosa di San Giovanni Vianney\"><\/iframe>\n<h2>Ottieni aiuto per altre esigenze essenziali<\/h2>\n<p>Se hai bisogno di aiuto per un&#039;altra esigenza essenziale, puoi:<\/p>\n<ul>\n<li>Chiama il 211<\/li>\n<li>Cerca tra le 211 risorse di seguito per informazioni su programmi come WIC e SNAP (buoni pasto)<\/li>\n<li>Visualizza gli elenchi da <a href=\"https:\/\/ourcalvert.org\/services\" target=\"_blank\" rel=\"noopener\">Il nostro Calvert \u2013 Risorse per la vita<\/a>, che identifica le risorse locali come il <a href=\"https:\/\/ourcalvert.org\/index.php\/\" target=\"_blank\" rel=\"noopener\">Banca dei pannolini della contea di Calvert<\/a>, organizzazioni che aiutano con abbigliamento, assistenza finanziaria e altro ancora.<\/li>\n<\/ul>\n<p>Non importa dove vivi, il 211 \u00e8 sempre disponibile ad aiutarti.<\/p>\n\t\t<h4><a href=\"\/it\/risorse\/invecchiamento-disabilita\/?utm_source=Home&#038;utm_medium=Referral&#038;utm_campaign=211Resources&#038;utm_content=Aging\" target=\"_self\">Invecchiamento e disabilit\u00e0<\/a><\/h4>\n\t\t\t\t<a href=\"\/it\/risorse\/invecchiamento-disabilita\/?utm_source=Home&#038;utm_medium=Referral&#038;utm_campaign=211Resources&#038;utm_content=Aging\"  target=\"_self\" itemprop=\"url\">\n\t\t\t\t<img decoding=\"async\" src=\"https:\/\/211md.org\/wp-content\/uploads\/bb-plugin\/cache\/2025_MdInfoNet_Icon-Sets_Aging-disability-square-c466727102cae71e5f27b8539bb51945-.png\" alt=\"\" itemprop=\"image\" onerror=\"this.style.display='none'\" loading=\"lazy\" \/>\n\t\t\t\t<\/a>\n\t\t<h4><a href=\"\/it\/risorse\/bambini-famiglie\/?utm_source=Home&#038;utm_medium=Referral&#038;utm_campaign=211Resources&#038;utm_content=Children\" target=\"_self\">Bambini e famiglie<\/a><\/h4>\n\t\t\t\t<a href=\"\/it\/risorse\/bambini-famiglie\/?utm_source=Home&#038;utm_medium=Referral&#038;utm_campaign=211Resources&#038;utm_content=Children\"  target=\"_self\" itemprop=\"url\">\n\t\t\t\t<img decoding=\"async\" src=\"https:\/\/211md.org\/wp-content\/uploads\/bb-plugin\/cache\/2025_211_Icon-Sets_Child-care-square-f3b0d4edab3dcc467fadb5f55f4064c6-.png\" alt=\"2025_211_Set di icone_Assistenza all&#039;infanzia\" itemprop=\"image\" height=\"417\" width=\"417\" title=\"2025_211_Set di icone_Assistenza all&#039;infanzia\" onerror=\"this.style.display='none'\" loading=\"lazy\" \/>\n\t\t\t\t<\/a>\n\t\t<h4><a href=\"\/it\/risorse\/violenza-domestica-familiare\/?utm_source=Home&#038;utm_medium=Referral&#038;utm_campaign=211Resources&#038;utm_content=Domestic\" target=\"_self\">Violenza domestica<\/a><\/h4>\n\t\t\t\t<a href=\"\/it\/risorse\/violenza-domestica-familiare\/?utm_source=Home&#038;utm_medium=Referral&#038;utm_campaign=211Resources&#038;utm_content=Domestic\"  target=\"_self\" itemprop=\"url\">\n\t\t\t\t<img decoding=\"async\" src=\"https:\/\/211md.org\/wp-content\/uploads\/bb-plugin\/cache\/2025_211_Icon-Sets_Domestic-Violence-square-7b597694a6f05fe90cdc376aa573bc63-.png\" alt=\"Icona della violenza domestica\" itemprop=\"image\" height=\"417\" width=\"417\" title=\"2025_211_Set di icone_Violenza domestica\" onerror=\"this.style.display='none'\" loading=\"lazy\" \/>\n\t\t\t\t<\/a>\n\t\t<h4><a href=\"\/it\/risorse\/ricerca-occupazione\/?utm_source=Home&#038;utm_medium=Referral&#038;utm_campaign=211Resources&#038;utm_content=Employment\" target=\"_self\">Occupazione<\/a><\/h4>\n\t\t\t\t<a href=\"\/it\/risorse\/ricerca-occupazione\/?utm_source=Home&#038;utm_medium=Referral&#038;utm_campaign=211Resources&#038;utm_content=Employment\"  target=\"_self\" itemprop=\"url\">\n\t\t\t\t<img decoding=\"async\" src=\"https:\/\/211md.org\/wp-content\/uploads\/bb-plugin\/cache\/2025_MdInfoNet_Icon-Sets_Employment-square-44707bd410e4df10a470bf130ebcea86-.png\" alt=\"\" itemprop=\"image\" onerror=\"this.style.display='none'\" loading=\"lazy\" \/>\n\t\t\t\t<\/a>\n\t\t<h4><a href=\"\/it\/risorse\/assistenza-sanitaria\/?utm_source=Home&#038;utm_medium=Referral&#038;utm_campaign=211Resources&#038;utm_content=Health%20Care\" target=\"_self\">Assistenza sanitaria<\/a><\/h4>\n\t\t\t\t<a href=\"\/it\/risorse\/assistenza-sanitaria\/?utm_source=Home&#038;utm_medium=Referral&#038;utm_campaign=211Resources&#038;utm_content=Health%20Care\"  target=\"_self\" itemprop=\"url\">\n\t\t\t\t<img decoding=\"async\" src=\"https:\/\/211md.org\/wp-content\/uploads\/bb-plugin\/cache\/2025_MdInfoNet_Icon-Sets_Health-Care-square-dee98a0060cbe0e7f27eda253fc12679-.png\" alt=\"\" itemprop=\"image\" onerror=\"this.style.display='none'\" loading=\"lazy\" \/>\n\t\t\t\t<\/a>\n\t\t<h4><a href=\"\/it\/risorse\/bambini-famiglie\/parentela-cura\/?utm_source=Home&#038;utm_medium=Referral&#038;utm_campaign=211Resources&#038;utm_content=Kinship\" target=\"_self\">Parentela<\/a><\/h4>\n\t\t\t\t<a href=\"\/it\/risorse\/bambini-famiglie\/parentela-cura\/?utm_source=Home&#038;utm_medium=Referral&#038;utm_campaign=211Resources&#038;utm_content=Kinship\"  target=\"_self\" itemprop=\"url\">\n\t\t\t\t<img decoding=\"async\" src=\"https:\/\/211md.org\/wp-content\/uploads\/bb-plugin\/cache\/2025_211_Icon-Sets_Kinship-square-45bdf872866f5735f842c32071109267-.png\" alt=\"Icona di parentela\" itemprop=\"image\" height=\"417\" width=\"417\" title=\"2025_211_Set di icone_Parentela\" onerror=\"this.style.display='none'\" loading=\"lazy\" \/>\n\t\t\t\t<\/a>\n\t\t<h4><a href=\"\/it\/risorse\/servizi-legali\/?utm_source=Home&#038;utm_medium=Referral&#038;utm_campaign=211Resources&#038;utm_content=Legal\" target=\"_self\">Servizi legali<\/a><\/h4>\n\t\t\t\t<a href=\"\/it\/risorse\/servizi-legali\/?utm_source=Home&#038;utm_medium=Referral&#038;utm_campaign=211Resources&#038;utm_content=Legal\"  target=\"_self\" itemprop=\"url\">\n\t\t\t\t<img decoding=\"async\" src=\"https:\/\/211md.org\/wp-content\/uploads\/bb-plugin\/cache\/2025_MdInfoNet_Icon-Sets_Legal-square-18fdf438feb8435588174d9046463257-.png\" alt=\"\" itemprop=\"image\" onerror=\"this.style.display='none'\" loading=\"lazy\" \/>\n\t\t\t\t<\/a>\n\t\t<h4><a href=\"\/it\/risorse\/salute-mentale\/?utm_source=Home&#038;utm_medium=Referral&#038;utm_campaign=211Resources&#038;utm_content=Mental\" target=\"_self\">Salute mentale<\/a><\/h4>\n\t\t\t\t<a href=\"\/it\/risorse\/salute-mentale\/?utm_source=Home&#038;utm_medium=Referral&#038;utm_campaign=211Resources&#038;utm_content=Mental\"  target=\"_self\" itemprop=\"url\">\n\t\t\t\t<img decoding=\"async\" src=\"https:\/\/211md.org\/wp-content\/uploads\/bb-plugin\/cache\/2025_MdInfoNet_Icon-Sets_Mental-Health-square-c59b38c4a993a947d4c9280fbe2d2fee-.png\" alt=\"\" itemprop=\"image\" onerror=\"this.style.display='none'\" loading=\"lazy\" \/>\n\t\t\t\t<\/a>\n\t\t<h4><a href=\"\/it\/risorse\/mdreentry\/?utm_source=Home&#038;utm_medium=Referral&#038;utm_campaign=211Resources&#038;utm_content=Reentry\" target=\"_self\">Rientro<\/a><\/h4>\n\t\t\t\t<a href=\"\/it\/risorse\/mdreentry\/?utm_source=Home&#038;utm_medium=Referral&#038;utm_campaign=211Resources&#038;utm_content=Reentry\"  target=\"_self\" itemprop=\"url\">\n\t\t\t\t<img decoding=\"async\" src=\"https:\/\/211md.org\/wp-content\/uploads\/bb-plugin\/cache\/2025_211_Icon-Sets_Reentry-square-8676fea38abd920a832f45642fe31cca-.png\" alt=\"Icona di rientro\" itemprop=\"image\" height=\"417\" width=\"417\" title=\"2025_211_Set di icone_Rientro\" onerror=\"this.style.display='none'\" loading=\"lazy\" \/>\n\t\t\t\t<\/a>\n\t\t<h4><a href=\"\/it\/risorse\/uso-di-sostanze\/?utm_source=Home&#038;utm_medium=Referral&#038;utm_campaign=211Resources&#038;utm_content=Substance\" target=\"_self\">Uso di sostanze<\/a><\/h4>\n\t\t\t\t<a href=\"\/it\/risorse\/uso-di-sostanze\/?utm_source=Home&#038;utm_medium=Referral&#038;utm_campaign=211Resources&#038;utm_content=Substance\"  target=\"_self\" itemprop=\"url\">\n\t\t\t\t<img decoding=\"async\" src=\"https:\/\/211md.org\/wp-content\/uploads\/bb-plugin\/cache\/2025_MdInfoNet_Icon-Sets_Substance-Abuse-square-9022fec9d18a64118ad685c101885b55-.png\" alt=\"\" itemprop=\"image\" onerror=\"this.style.display='none'\" loading=\"lazy\" \/>\n\t\t\t\t<\/a>\n\t\t<h4><a href=\"\/it\/risorse\/veterani\/?utm_source=Home&#038;utm_medium=Referral&#038;utm_campaign=211Resources&#038;utm_content=Veterans\" target=\"_self\">Veterani<\/a><\/h4>\n\t\t\t\t<a href=\"\/it\/risorse\/veterani\/?utm_source=Home&#038;utm_medium=Referral&#038;utm_campaign=211Resources&#038;utm_content=Veterans\"  target=\"_self\" itemprop=\"url\">\n\t\t\t\t<img decoding=\"async\" src=\"https:\/\/211md.org\/wp-content\/uploads\/bb-plugin\/cache\/2025_MdInfoNet_Icon-Sets_Rating-square-6e60d00cce4faa8e0a6d4ad7366aa733-.png\" alt=\"\" itemprop=\"image\" onerror=\"this.style.display='none'\" loading=\"lazy\" \/>\n\t\t\t\t<\/a>","protected":false},"excerpt":{"rendered":"<p>Trova risorse vicino a me Cerca ora Aggiungi la tua agenzia o organizzazione al nostro database di risorse. Non sei solo nella contea di Calvert. L&#039;assistenza \u00e8 disponibile 24 ore su 24, 7 giorni su 7, 365 giorni all&#039;anno per le comunit\u00e0 di tutta la contea, tra cui Prince Frederick, Dares Beach, Barstow, Bowens, Fox Hill, Woodbridge, Adelina, Port Republic, Mutual, Governor Run, Chesapeake Beach e altre ancora. Chiama il 211 per trovare...<\/p>","protected":false},"author":8,"featured_media":0,"parent":750,"menu_order":0,"comment_status":"closed","ping_status":"closed","template":"","meta":{"footnotes":""},"class_list":["post-1694","page","type-page","status-publish","hentry"],"_links":{"self":[{"href":"https:\/\/211md.org\/it\/wp-json\/wp\/v2\/pages\/1694","targetHints":{"allow":["GET"]}}],"collection":[{"href":"https:\/\/211md.org\/it\/wp-json\/wp\/v2\/pages"}],"about":[{"href":"https:\/\/211md.org\/it\/wp-json\/wp\/v2\/types\/page"}],"author":[{"embeddable":true,"href":"https:\/\/211md.org\/it\/wp-json\/wp\/v2\/users\/8"}],"replies":[{"embeddable":true,"href":"https:\/\/211md.org\/it\/wp-json\/wp\/v2\/comments?post=1694"}],"version-history":[{"count":6,"href":"https:\/\/211md.org\/it\/wp-json\/wp\/v2\/pages\/1694\/revisions"}],"predecessor-version":[{"id":34072,"href":"https:\/\/211md.org\/it\/wp-json\/wp\/v2\/pages\/1694\/revisions\/34072"}],"up":[{"embeddable":true,"href":"https:\/\/211md.org\/it\/wp-json\/wp\/v2\/pages\/750"}],"wp:attachment":[{"href":"https:\/\/211md.org\/it\/wp-json\/wp\/v2\/media?parent=1694"}],"curies":[{"name":"scrivere","href":"https:\/\/api.w.org\/{rel}","templated":true}]}}