{"id":1695,"date":"2021-05-12T00:24:27","date_gmt":"2021-05-12T00:24:27","guid":{"rendered":"https:\/\/211md.org\/?page_id=1695"},"modified":"2025-10-29T07:07:49","modified_gmt":"2025-10-29T11:07:49","slug":"contea-di-prince-georges","status":"publish","type":"page","link":"https:\/\/211md.org\/it\/resources-by-county\/prince-georges-county\/","title":{"rendered":"Contea del principe George"},"content":{"rendered":"<p>211 is always available to support Prince George&#8217;s County residents. We have resources near you, no matter where you live: Hyattsville, Forestville, District Heights, Bowie, Laurel and other communities in Prince George&#8217;s County. Dial 211 any time of day and an Information and Referral Specialist can connect you to resources near you.<\/p>\n<p>Puoi anche <a href=\"https:\/\/search.211md.org\/search?location=Prince+George%27s+County%2C+Maryland%2C+United+States&amp;coords=-76.75184%2C38.816277&amp;distance=25&amp;utm_source=County&amp;utm_medium=Referral&amp;utm_campaign=PG&amp;utm_content=\" target=\"_blank\" rel=\"noopener\">cerca nel database delle risorse della comunit\u00e0<\/a> per trovare risorse locali tramite il tuo codice postale o contattare una delle risorse seguenti.<\/p>\n\t\t<h2>\t\n\tChiama il 211<\/h2><p>Connettiti alle risorse della community e supporto 24 ore su 24, 7 giorni su 7, 365 giorni all&#039;anno.<\/p>\n\t\t\t\t<a href=\"https:\/\/search.211md.org\/search?location=Prince+George%27s+County%2C+Maryland%2C+United+States&#038;coords=-76.75184%2C38.816277&#038;distance=25&#038;utm_source=County&#038;utm_medium=Referral&#038;utm_campaign=PG&#038;utm_content=\"  target=\"_blank\" rel=\"noopener\"  itemprop=\"url\">\n\t\t\t\t<img decoding=\"async\" src=\"http:\/\/211md.org\/wp-content\/uploads\/2025\/07\/Prince-Georges-County-Resources.jpg\" alt=\"Risorse della contea di Prince George\" itemprop=\"image\" title=\"Risorse della contea di Prince George\" onerror=\"this.style.display='none'\" loading=\"lazy\" \/>\n\t\t\t\t<\/a>\n\t\t<h2>Trova risorse per codice postale<\/h2>\n\t\t<p>Trova risorse locali per cibo, alloggio, assistenza per le utenze, supporto per la salute mentale e altro ancora nel database delle risorse della comunit\u00e0 211.<\/p>\n<p>This will take you directly to the 1400+ resources in Prince George&#8217;s County. You can then type in what you need in the box where it says &#8220;Search resources in Maryland.&#8221; Once you start typing, common searches will appear.<\/p>\n<p>Se devi effettuare la ricerca in un&#039;altra parte dello stato, cambia la posizione.<\/p>\n<p>&nbsp;<\/p>\n\t\t\t<a href=\"https:\/\/search.211md.org\/search?location=Prince+George%27s+County%2C+Maryland%2C+United+States&#038;coords=-76.75184%2C38.816277&#038;distance=25&#038;utm_source=County&#038;utm_medium=Referral&#038;utm_campaign=PG&#038;utm_content=\" target=\"_blank\" rel=\"noopener\">\n\t\t\t\t\t\t\tTrova risorse locali\n\t\t\t\t\t<\/a>\n\t\t\t\t<img decoding=\"async\" src=\"http:\/\/211md.org\/wp-content\/uploads\/2023\/10\/Food-pantry-box-of-food.jpg\" alt=\"Scatola di cibo per dispensa alimentare\" itemprop=\"image\" title=\"Scatola di cibo per dispensa alimentare\" onerror=\"this.style.display='none'\" loading=\"lazy\" \/>\n\t<h2><b>Cibo nella contea di Prince George<\/b><\/h2>\n<p>Ho bisogno di cibo?\u00a0<a href=\"http:\/\/www.pgcfec.org\/what-we-do.html\" target=\"_blank\" rel=\"noopener\">Consiglio per l&#039;equit\u00e0 alimentare della contea di Prince George<\/a> utilizza diversi partner per aiutare i residenti a trovare cibo sano, conveniente, sostenibile, culturalmente appropriato e sicuro in tutti i quartieri.<\/p>\n<p>Il Food Equity Council di Largo, nel Maryland, ha un elenco aggiornato delle dispense alimentari. Da Bowie a Capitol Heights, <a href=\"https:\/\/pgcfec.org\/resources\/find-food-food-pantry-listings\/\" target=\"_blank\" rel=\"noopener\">trova una dispensa alimentare vicino a te<\/a>.<\/p>\n<h3>Richiesta buoni pasto<\/h3>\n<p>I buoni pasto possono anche aiutare le famiglie a preparare pasti sani e a basso costo.<\/p>\n<p>Puoi ottenere aiuto dal Dipartimento locale dei servizi sociali (DSS), a Landover, Hyattsville o Temple Hillls. DSS sar\u00e0 anche in grado di aiutarti con altri programmi di benefit. Puoi anche conoscere altri programmi di assistenza disponibili per le famiglie e i requisiti di ammissibilit\u00e0. Contatta il <a href=\"https:\/\/www.princegeorgescountymd.gov\/1714\/Family-Investment-Division\" target=\"_blank\" rel=\"noopener\">Dipartimento dei servizi sociali della contea di Prince George<\/a> per richiedere i buoni pasto.<\/p>\n<p>Se hai domande su come funziona il programma di buoni pasto nel Maryland, ottieni le risposte alle tue domande su <a href=\"https:\/\/211md.org\/it\/risorse\/cibo\/buoni-pasto\/\">Pagina informativa sui buoni pasto del 211.<\/a><\/p>\n\t\t<h2>\t\n\tLinea diretta per i senzatetto del principe George<\/h2><p>1-888-731-0999 o 301-864-7095<\/p>\n<h2>Rifugio d&#039;emergenza<\/h2>\n<p>Se hai bisogno di un posto temporaneo in cui soggiornare, ci sono rifugi di emergenza in tutta la contea di Prince George. La Homeless Hotline organizza il collocamento. Puoi chiamarlo al numero 888-731-0999 o 301-864-7095.<\/p>\n<p>L&#039;aiuto \u00e8 fornito 24 ore al giorno. Le segnalazioni vengono effettuate in base all&#039;ordine di arrivo. <a href=\"https:\/\/www.princegeorgescountymd.gov\/1672\/Emergency-Shelter\" target=\"_blank\" rel=\"noopener\">Il conte del principe George<\/a>y dettaglia i requisiti di ammissibilit\u00e0 e la documentazione necessaria.<\/p>\n<p>Al rifugio ti verr\u00e0 assegnato un case manager per aiutarti.<\/p>\n<p>211 \u00e8 anche in grado di aiutarti a metterti in contatto con un rifugio temporaneo nella contea di Prince George.<\/p>\n\t\t\t\t<img decoding=\"async\" src=\"http:\/\/211md.org\/wp-content\/uploads\/2024\/10\/211-at-City-of-Laurel-Multiservice-Center-1-363x400.jpg\" alt=\"211 presso il centro multiservizi della citt\u00e0 di Laurel\" itemprop=\"image\" title=\"211 presso il centro multiservizi della citt\u00e0 di Laurel\" onerror=\"this.style.display='none'\" loading=\"lazy\" \/>\n\t\t\t\t<img decoding=\"async\" src=\"https:\/\/211md.org\/wp-content\/plugins\/bb-plugin\/img\/pixel.png\" alt=\"\" itemprop=\"image\" onerror=\"this.style.display='none'\" loading=\"lazy\" \/>\n<h3>Alloggi a breve termine e supporto alla comunit\u00e0<\/h3>\n<p>Il <a href=\"https:\/\/laurelmsc.org\/\" target=\"_blank\" rel=\"noopener\">Centro multiservizi della citt\u00e0 di Laurel<\/a> fornisce inoltre alloggi a breve termine e servizi alla persona a coloro che stanno attraversando un periodo di transizione nella loro vita nelle contee di Prince George&#039;s, Anne Arundel e Howard.<\/p>\n<p>Il Day Center fornisce beni di prima necessit\u00e0 per chi \u00e8 senza fissa dimora, come cibo, prodotti per l&#039;igiene e docce, e vestiti. Il team pu\u00f2 anche coordinarsi con servizi medici e di salute mentale gratuiti.<\/p>\n<p>La struttura fornisce anche servizi tramite partnership con agenzie e organizzazioni della comunit\u00e0, come 211 Maryland. Il nostro team sar\u00e0 in loco ogni mese per mettere in contatto i cittadini del Maryland con le esigenze essenziali per aiutare gli individui a raggiungere l&#039;indipendenza.<\/p>\n<p>Il City of Laurel Multiservice Center ospiter\u00e0 anche eventi come il corso di stabilit\u00e0 finanziaria di 8 settimane, con una borsa di studio per chi lo completa.<\/p>\n<p>Per raggiungere il Centro \u00e8 possibile utilizzare i mezzi pubblici.<\/p>\n<p>&nbsp;<\/p>\n\t<h2>Salute mentale: servizi di crisi comunitaria<\/h2>\n<p><a href=\"https:\/\/www.communitycrisis.org\/\" target=\"_blank\" rel=\"noopener\">Servizi di crisi comunitaria<\/a> (CCSI), che fa parte della rete di call center 211 del Maryland e ha sede a Hyattsville, offre diversi programmi di risposta alle crisi a sostegno della contea di Prince George e delle aree circostanti.<\/p>\n<p>CCSI dispone di un rifugio di emergenza per le vittime di violenza domestica, coordina la collocazione di rifugi in tutta la contea di Prince George e offre servizi di protezione dei minori fuori orario per segnalazioni di abusi e abbandono di minori.<\/p>\n<p>Se hai bisogno di supporto immediato per la tua salute mentale, chiama o invia un messaggio al 988. Verrai collegato alla Suicide &amp; Crisis Lifeline, che puoi <a href=\"https:\/\/health.maryland.gov\/bha\/Pages\/988md.aspx\" target=\"_blank\" rel=\"noopener\">scopri come funziona nel Maryland<\/a>.<\/p>\n<p>Se hai bisogno di trovare risorse per la salute mentale nella tua comunit\u00e0, puoi <a href=\"https:\/\/search.988.mdinfonet.org\/\" target=\"_blank\" rel=\"noopener\">cerca qui<\/a>.<\/p>\n<h2>Assistenza utenze<\/h2>\n<p>Se hai bisogno di aiuto per pagare le bollette,\u00a0<a href=\"https:\/\/www.princegeorgescountymd.gov\/1677\/Energy-Assistance\" target=\"_blank\" rel=\"noopener\">Contea del principe George<\/a>\u00a0offre diversi programmi di assistenza ai servizi pubblici, comprese le sovvenzioni attraverso l&#039;Office of Home Energy Programs (OHEP).\u00a0<a href=\"\/it\/risorse\/utilita-assistenza\/\" rel=\"noopener\">Consulta le linee guida sul reddito<\/a>, programmi e istruzioni passo passo per compilare correttamente la domanda.<\/p>\n<p>Puoi anche richiedere aiuto per compilare i moduli di assistenza energetica al\u00a0<a href=\"https:\/\/www.princegeorgescountymd.gov\/Directory.aspx?DID=293\" target=\"_blank\" rel=\"noopener\">Dipartimento dei servizi sociali della contea di Prince George a Landover<\/a>.<\/p>\n<p>Il\u00a0<a href=\"https:\/\/search.211md.org\/search\/ef9083b7c8f7a3af6cfaf8fcde246cce\" target=\"_blank\" rel=\"noopener\">Fondo carburante del Maryland<\/a>\u00a0potrebbe rappresentare una risorsa aggiuntiva per i clienti BG&amp;E.<\/p>\n<p>\u00c8 disponibile anche supporto locale per le bollette tramite Catholic Charities a Forestville,\u00a0<a href=\"https:\/\/www.laureladvocacy.org\/\" target=\"_blank\" rel=\"noopener\">Servizi di patrocinio e riferimento di Laurel<\/a>\u00a0(LARS) e l&#039;Esercito della Salvezza.<\/p>\n<h2>Supporto finanziario<\/h2>\n<p>LARS pu\u00f2 anche aiutare con cibo e altre necessit\u00e0 finanziarie come l&#039;assistenza per l&#039;affitto per prevenire lo sfratto, aiuto con un deposito cauzionale per l&#039;alloggio permanente e assistenza ai servizi pubblici per gli avvisi di interruzione dell&#039;energia elettrica. Scopri le linee guida del programma e i documenti di cui avrai bisogno <a href=\"https:\/\/www.laureladvocacy.org\/\" target=\"_blank\" rel=\"noopener\">programma<\/a>\u00a0un appuntamento per l&#039;assistenza finanziaria.<\/p>\n\t\t\t\t<img decoding=\"async\" src=\"http:\/\/211md.org\/wp-content\/uploads\/2024\/05\/utility-bills.jpg\" alt=\"bollette\" itemprop=\"image\" title=\"bollette\" onerror=\"this.style.display='none'\" loading=\"lazy\" \/>\n\t<h2>Segnalazione di abusi o negligenze sui minori in PG<\/h2>\n<p>Siamo tutti responsabili di garantire la sicurezza dei bambini e di segnalare sospetti abusi o negligenze sui minori. Puoi chiamare le forze dell&#039;ordine o rivolgerti al <a href=\"https:\/\/www.princegeorgescountymd.gov\/1647\/Child-Protective-Services\" target=\"_blank\" rel=\"noopener\">Dipartimento dei servizi sociali della contea di Prince George<\/a> chiamando il numero 301-909-2450.<\/p>\n<p>Gli abusi sui minori possono essere:<\/p>\n<ul>\n<li>Fisico, sessuale o emotivo o una combinazione. L&#039;abuso non deve essere visibile.<\/li>\n<li>Mancanza di prendersi cura o prestare attenzione adeguatamente a un bambino.<\/li>\n<li>Molestie o sfruttamento sessuale, indipendentemente dal fatto che vi siano lesioni.<\/li>\n<li>Compromissione della capacit\u00e0 mentale o psicologica di funzionare di un bambino.<\/li>\n<\/ul>\n<p>Le segnalazioni possono essere anonime, ma ti verr\u00e0 chiesto di identificare la posizione del bambino e di chi si prende cura di lui, l&#039;et\u00e0 approssimativa del bambino e l&#039;identit\u00e0 dei responsabili dell&#039;abuso o della negligenza.<\/p>\n<p>&nbsp;<\/p>\n\t<h2>Chiama il 211<\/h2>\n<p>Disponiamo anche delle migliori risorse per altre contee del Maryland. <a href=\"https:\/\/211md.org\/it\/risorse-per-provincia\/\">Cerca per contea<\/a>.<\/p>\n<p>Hai bisogno di aiuto per qualcos&#039;altro? Chiama il 211 o cerca risorse. Su <a href=\"https:\/\/search.211md.org\/\" target=\"_blank\" rel=\"noopener\">pagina di ricerca<\/a>, scegli una categoria a discesa per risultati migliori e inserisci il tuo codice postale per trovare risorse locali.<\/p>\n<p>&nbsp;<\/p>\n\t\t<h4><a href=\"\/it\/risorse\/invecchiamento-disabilita\/?utm_source=Home&#038;utm_medium=Referral&#038;utm_campaign=211Resources&#038;utm_content=Aging\" target=\"_self\">Invecchiamento e disabilit\u00e0<\/a><\/h4>\n\t\t\t\t<a href=\"\/it\/risorse\/invecchiamento-disabilita\/?utm_source=Home&#038;utm_medium=Referral&#038;utm_campaign=211Resources&#038;utm_content=Aging\"  target=\"_self\" itemprop=\"url\">\n\t\t\t\t<img decoding=\"async\" src=\"https:\/\/211md.org\/wp-content\/uploads\/bb-plugin\/cache\/2025_MdInfoNet_Icon-Sets_Aging-disability-square-c466727102cae71e5f27b8539bb51945-.png\" alt=\"\" itemprop=\"image\" onerror=\"this.style.display='none'\" loading=\"lazy\" \/>\n\t\t\t\t<\/a>\n\t\t<h4><a href=\"\/it\/risorse\/bambini-famiglie\/?utm_source=Home&#038;utm_medium=Referral&#038;utm_campaign=211Resources&#038;utm_content=Children\" target=\"_self\">Bambini e famiglie<\/a><\/h4>\n\t\t\t\t<a href=\"\/it\/risorse\/bambini-famiglie\/?utm_source=Home&#038;utm_medium=Referral&#038;utm_campaign=211Resources&#038;utm_content=Children\"  target=\"_self\" itemprop=\"url\">\n\t\t\t\t<img decoding=\"async\" src=\"https:\/\/211md.org\/wp-content\/uploads\/bb-plugin\/cache\/2025_211_Icon-Sets_Child-care-square-f3b0d4edab3dcc467fadb5f55f4064c6-.png\" alt=\"2025_211_Set di icone_Assistenza all&#039;infanzia\" itemprop=\"image\" height=\"417\" width=\"417\" title=\"2025_211_Set di icone_Assistenza all&#039;infanzia\" onerror=\"this.style.display='none'\" loading=\"lazy\" \/>\n\t\t\t\t<\/a>\n\t\t<h4><a href=\"\/it\/risorse\/violenza-domestica-familiare\/?utm_source=Home&#038;utm_medium=Referral&#038;utm_campaign=211Resources&#038;utm_content=Domestic\" target=\"_self\">Violenza domestica<\/a><\/h4>\n\t\t\t\t<a href=\"\/it\/risorse\/violenza-domestica-familiare\/?utm_source=Home&#038;utm_medium=Referral&#038;utm_campaign=211Resources&#038;utm_content=Domestic\"  target=\"_self\" itemprop=\"url\">\n\t\t\t\t<img decoding=\"async\" src=\"https:\/\/211md.org\/wp-content\/uploads\/bb-plugin\/cache\/2025_211_Icon-Sets_Domestic-Violence-square-7b597694a6f05fe90cdc376aa573bc63-.png\" alt=\"Icona della violenza domestica\" itemprop=\"image\" height=\"417\" width=\"417\" title=\"2025_211_Set di icone_Violenza domestica\" onerror=\"this.style.display='none'\" loading=\"lazy\" \/>\n\t\t\t\t<\/a>\n\t\t<h4><a href=\"\/it\/risorse\/ricerca-occupazione\/?utm_source=Home&#038;utm_medium=Referral&#038;utm_campaign=211Resources&#038;utm_content=Employment\" target=\"_self\">Occupazione<\/a><\/h4>\n\t\t\t\t<a href=\"\/it\/risorse\/ricerca-occupazione\/?utm_source=Home&#038;utm_medium=Referral&#038;utm_campaign=211Resources&#038;utm_content=Employment\"  target=\"_self\" itemprop=\"url\">\n\t\t\t\t<img decoding=\"async\" src=\"https:\/\/211md.org\/wp-content\/uploads\/bb-plugin\/cache\/2025_MdInfoNet_Icon-Sets_Employment-square-44707bd410e4df10a470bf130ebcea86-.png\" alt=\"\" itemprop=\"image\" onerror=\"this.style.display='none'\" loading=\"lazy\" \/>\n\t\t\t\t<\/a>\n\t\t<h4><a href=\"\/it\/risorse\/assistenza-sanitaria\/?utm_source=Home&#038;utm_medium=Referral&#038;utm_campaign=211Resources&#038;utm_content=Health%20Care\" target=\"_self\">Assistenza sanitaria<\/a><\/h4>\n\t\t\t\t<a href=\"\/it\/risorse\/assistenza-sanitaria\/?utm_source=Home&#038;utm_medium=Referral&#038;utm_campaign=211Resources&#038;utm_content=Health%20Care\"  target=\"_self\" itemprop=\"url\">\n\t\t\t\t<img decoding=\"async\" src=\"https:\/\/211md.org\/wp-content\/uploads\/bb-plugin\/cache\/2025_MdInfoNet_Icon-Sets_Health-Care-square-dee98a0060cbe0e7f27eda253fc12679-.png\" alt=\"\" itemprop=\"image\" onerror=\"this.style.display='none'\" loading=\"lazy\" \/>\n\t\t\t\t<\/a>\n\t\t<h4><a href=\"\/it\/risorse\/bambini-famiglie\/parentela-cura\/?utm_source=Home&#038;utm_medium=Referral&#038;utm_campaign=211Resources&#038;utm_content=Kinship\" target=\"_self\">Parentela<\/a><\/h4>\n\t\t\t\t<a href=\"\/it\/risorse\/bambini-famiglie\/parentela-cura\/?utm_source=Home&#038;utm_medium=Referral&#038;utm_campaign=211Resources&#038;utm_content=Kinship\"  target=\"_self\" itemprop=\"url\">\n\t\t\t\t<img decoding=\"async\" src=\"https:\/\/211md.org\/wp-content\/uploads\/bb-plugin\/cache\/2025_211_Icon-Sets_Kinship-square-45bdf872866f5735f842c32071109267-.png\" alt=\"Icona di parentela\" itemprop=\"image\" height=\"417\" width=\"417\" title=\"2025_211_Set di icone_Parentela\" onerror=\"this.style.display='none'\" loading=\"lazy\" \/>\n\t\t\t\t<\/a>\n\t\t<h4><a href=\"\/it\/risorse\/servizi-legali\/?utm_source=Home&#038;utm_medium=Referral&#038;utm_campaign=211Resources&#038;utm_content=Legal\" target=\"_self\">Servizi legali<\/a><\/h4>\n\t\t\t\t<a href=\"\/it\/risorse\/servizi-legali\/?utm_source=Home&#038;utm_medium=Referral&#038;utm_campaign=211Resources&#038;utm_content=Legal\"  target=\"_self\" itemprop=\"url\">\n\t\t\t\t<img decoding=\"async\" src=\"https:\/\/211md.org\/wp-content\/uploads\/bb-plugin\/cache\/2025_MdInfoNet_Icon-Sets_Legal-square-18fdf438feb8435588174d9046463257-.png\" alt=\"\" itemprop=\"image\" onerror=\"this.style.display='none'\" loading=\"lazy\" \/>\n\t\t\t\t<\/a>\n\t\t<h4><a href=\"\/it\/risorse\/salute-mentale\/?utm_source=Home&#038;utm_medium=Referral&#038;utm_campaign=211Resources&#038;utm_content=Mental\" target=\"_self\">Salute mentale<\/a><\/h4>\n\t\t\t\t<a href=\"\/it\/risorse\/salute-mentale\/?utm_source=Home&#038;utm_medium=Referral&#038;utm_campaign=211Resources&#038;utm_content=Mental\"  target=\"_self\" itemprop=\"url\">\n\t\t\t\t<img decoding=\"async\" src=\"https:\/\/211md.org\/wp-content\/uploads\/bb-plugin\/cache\/2025_MdInfoNet_Icon-Sets_Mental-Health-square-c59b38c4a993a947d4c9280fbe2d2fee-.png\" alt=\"\" itemprop=\"image\" onerror=\"this.style.display='none'\" loading=\"lazy\" \/>\n\t\t\t\t<\/a>\n\t\t<h4><a href=\"\/it\/risorse\/mdreentry\/?utm_source=Home&#038;utm_medium=Referral&#038;utm_campaign=211Resources&#038;utm_content=Reentry\" target=\"_self\">Rientro<\/a><\/h4>\n\t\t\t\t<a href=\"\/it\/risorse\/mdreentry\/?utm_source=Home&#038;utm_medium=Referral&#038;utm_campaign=211Resources&#038;utm_content=Reentry\"  target=\"_self\" itemprop=\"url\">\n\t\t\t\t<img decoding=\"async\" src=\"https:\/\/211md.org\/wp-content\/uploads\/bb-plugin\/cache\/2025_211_Icon-Sets_Reentry-square-8676fea38abd920a832f45642fe31cca-.png\" alt=\"Icona di rientro\" itemprop=\"image\" height=\"417\" width=\"417\" title=\"2025_211_Set di icone_Rientro\" onerror=\"this.style.display='none'\" loading=\"lazy\" \/>\n\t\t\t\t<\/a>\n\t\t<h4><a href=\"\/it\/risorse\/uso-di-sostanze\/?utm_source=Home&#038;utm_medium=Referral&#038;utm_campaign=211Resources&#038;utm_content=Substance\" target=\"_self\">Uso di sostanze<\/a><\/h4>\n\t\t\t\t<a href=\"\/it\/risorse\/uso-di-sostanze\/?utm_source=Home&#038;utm_medium=Referral&#038;utm_campaign=211Resources&#038;utm_content=Substance\"  target=\"_self\" itemprop=\"url\">\n\t\t\t\t<img decoding=\"async\" src=\"https:\/\/211md.org\/wp-content\/uploads\/bb-plugin\/cache\/2025_MdInfoNet_Icon-Sets_Substance-Abuse-square-9022fec9d18a64118ad685c101885b55-.png\" alt=\"\" itemprop=\"image\" onerror=\"this.style.display='none'\" loading=\"lazy\" \/>\n\t\t\t\t<\/a>\n\t\t<h4><a href=\"\/it\/risorse\/veterani\/?utm_source=Home&#038;utm_medium=Referral&#038;utm_campaign=211Resources&#038;utm_content=Veterans\" target=\"_self\">Veterani<\/a><\/h4>\n\t\t\t\t<a href=\"\/it\/risorse\/veterani\/?utm_source=Home&#038;utm_medium=Referral&#038;utm_campaign=211Resources&#038;utm_content=Veterans\"  target=\"_self\" itemprop=\"url\">\n\t\t\t\t<img decoding=\"async\" src=\"https:\/\/211md.org\/wp-content\/uploads\/bb-plugin\/cache\/2025_MdInfoNet_Icon-Sets_Rating-square-6e60d00cce4faa8e0a6d4ad7366aa733-.png\" alt=\"\" itemprop=\"image\" onerror=\"this.style.display='none'\" loading=\"lazy\" \/>\n\t\t\t\t<\/a>","protected":false},"excerpt":{"rendered":"<p>211 is always available to support Prince George&#8217;s County residents. We have resources near you, no matter where you live: Hyattsville, Forestville, District Heights, Bowie, Laurel and other communities in Prince George&#8217;s County. Dial 211 any time of day and an Information and Referral Specialist can connect you to resources near you. You can also&hellip;<\/p>","protected":false},"author":8,"featured_media":3897,"parent":750,"menu_order":0,"comment_status":"closed","ping_status":"closed","template":"","meta":{"footnotes":""},"class_list":["post-1695","page","type-page","status-publish","has-post-thumbnail","hentry"],"_links":{"self":[{"href":"https:\/\/211md.org\/it\/wp-json\/wp\/v2\/pages\/1695","targetHints":{"allow":["GET"]}}],"collection":[{"href":"https:\/\/211md.org\/it\/wp-json\/wp\/v2\/pages"}],"about":[{"href":"https:\/\/211md.org\/it\/wp-json\/wp\/v2\/types\/page"}],"author":[{"embeddable":true,"href":"https:\/\/211md.org\/it\/wp-json\/wp\/v2\/users\/8"}],"replies":[{"embeddable":true,"href":"https:\/\/211md.org\/it\/wp-json\/wp\/v2\/comments?post=1695"}],"version-history":[{"count":11,"href":"https:\/\/211md.org\/it\/wp-json\/wp\/v2\/pages\/1695\/revisions"}],"predecessor-version":[{"id":34087,"href":"https:\/\/211md.org\/it\/wp-json\/wp\/v2\/pages\/1695\/revisions\/34087"}],"up":[{"embeddable":true,"href":"https:\/\/211md.org\/it\/wp-json\/wp\/v2\/pages\/750"}],"wp:featuredmedia":[{"embeddable":true,"href":"https:\/\/211md.org\/it\/wp-json\/wp\/v2\/media\/3897"}],"wp:attachment":[{"href":"https:\/\/211md.org\/it\/wp-json\/wp\/v2\/media?parent=1695"}],"curies":[{"name":"scrivere","href":"https:\/\/api.w.org\/{rel}","templated":true}]}}