{"id":1937,"date":"2021-05-26T19:27:53","date_gmt":"2021-05-26T19:27:53","guid":{"rendered":"https:\/\/211md.org\/?page_id=1937"},"modified":"2023-10-31T14:59:25","modified_gmt":"2023-10-31T18:59:25","slug":"fuga-tristezza","status":"publish","type":"page","link":"https:\/\/211md.org\/it\/escaping-sadness\/","title":{"rendered":"Sfuggire alla tristezza"},"content":{"rendered":"<h1>\n\t\tSentirsi sopraffatto?\n\t<\/h1>\n\t<h2>Non sei solo. 211 Il Maryland pu\u00f2 aiutare.<br>\nIscriviti per messaggi stimolanti di supporto da<\/h2>\n<h2>MDMINDHEALTH \/ MDSALUDMENTAL.<\/h2>\n\t\t\t<a href=\"sms:\/\/898-211;?&amp;body=MDMindHealth\" target=\"_blank\" rel=\"noopener\">\n\t\t\t\t\t\t\tIscriviti ora\n\t\t\t\t\t<\/a>\n\t\t\t<a href=\"sms:\/\/898-211;?&amp;body=MDSaludMental\" target=\"_blank\" rel=\"noopener\">\n\t\t\t\t\t\t\tRegistrati Ora\n\t\t\t\t\t<\/a>\n\t<p>Invia MDMindHealth al numero 898-211. Para Espa\u00f1ol, texto MDSaludMental a 898-211.<\/p>\n<h2>\n\t\t#escapingtristezza\n\t<\/h2>\n<h2>\n\t\tCome funziona\n\t<\/h2>\n\t\t\t\t<img loading=\"lazy\" decoding=\"async\" src=\"https:\/\/211md.org\/wp-content\/uploads\/2021\/05\/Screen-Shot-2021-05-26-at-11.27.15-AM.svg\" alt=\"Immagine del numero 1\" itemprop=\"image\" height=\"150\" width=\"150\" title=\"Immagine del numero 1\" onerror=\"this.style.display='none'\">\n<h3>Testo<\/h3>\t\t\n\t\t\t<p>Testo&nbsp;<strong>MDMindHealth<\/strong>&nbsp;a 898-211<\/p>\n<p>Para Espa\u00f1ol, testo&nbsp;<strong>MD Salud Mental<\/strong>&nbsp;un 898-211<\/p>\nLa frequenza dei messaggi pu\u00f2 variare. Potrebbero essere applicate tariffe per messaggi e dati.<br>\nScrivi STOP per annullare l&#039;iscrizione.&nbsp;<strong><a href=\"https:\/\/211md.org\/it\/sms\/\">Informativa sulla privacy e Termini di servizio<\/a>.<\/strong>\n\t\t\t\t<img loading=\"lazy\" decoding=\"async\" src=\"https:\/\/211md.org\/wp-content\/uploads\/2021\/05\/Screen-Shot-2021-05-26-at-11.27.25-AM.svg\" alt=\"Immagine del numero 2\" itemprop=\"image\" height=\"150\" width=\"150\" title=\"Immagine del numero 2\" onerror=\"this.style.display='none'\">\n<h3>Ottieni supporto<\/h3>\t\t\n\t\t\t<p>Invieremo messaggi di testo di supporto. Sei al posto di guida. Parla con un professionista dal vivo o rinuncia in qualsiasi momento.<\/p>\n\t\t\t\t<img loading=\"lazy\" decoding=\"async\" src=\"https:\/\/211md.org\/wp-content\/uploads\/2021\/05\/Screen-Shot-2021-05-26-at-11.27.40-AM.svg\" alt=\"Immagine del numero 3\" itemprop=\"image\" height=\"149\" width=\"149\" title=\"Immagine del numero 3\" onerror=\"this.style.display='none'\">\n<h3>Unisciti alla Comunit\u00e0<\/h3>\t\t\n\t\t\t<p>Unisciti alla nostra comunit\u00e0 per trovare altri che possono relazionarsi e ottenere supporto continuo.<\/p>","protected":false},"excerpt":{"rendered":"<p>Sentirsi sopraffatto? Non sei solo. 211 Il Maryland pu\u00f2 aiutare. Iscriviti per ricevere messaggi stimolanti di supporto da MDMINDHEALTH \/ MDSALUDMENTAL. Iscriviti ora Registrati ora Invia un messaggio a MDMindHealth al numero 898-211. Para Espa\u00f1ol, testo MDSaludMental a 898-211. #escapingsadness Come funziona Text Text MDMindHealth to 898-211 Para Espa\u00f1ol, texto MDSaludMental a 898-211 La frequenza dei messaggi pu\u00f2 variare. Le velocit\u00e0 dei messaggi e dei dati possono...<\/p>","protected":false},"author":8,"featured_media":0,"parent":0,"menu_order":0,"comment_status":"closed","ping_status":"closed","template":"","meta":{"footnotes":""},"class_list":["post-1937","page","type-page","status-publish","hentry"],"_links":{"self":[{"href":"https:\/\/211md.org\/it\/wp-json\/wp\/v2\/pages\/1937","targetHints":{"allow":["GET"]}}],"collection":[{"href":"https:\/\/211md.org\/it\/wp-json\/wp\/v2\/pages"}],"about":[{"href":"https:\/\/211md.org\/it\/wp-json\/wp\/v2\/types\/page"}],"author":[{"embeddable":true,"href":"https:\/\/211md.org\/it\/wp-json\/wp\/v2\/users\/8"}],"replies":[{"embeddable":true,"href":"https:\/\/211md.org\/it\/wp-json\/wp\/v2\/comments?post=1937"}],"version-history":[{"count":0,"href":"https:\/\/211md.org\/it\/wp-json\/wp\/v2\/pages\/1937\/revisions"}],"wp:attachment":[{"href":"https:\/\/211md.org\/it\/wp-json\/wp\/v2\/media?parent=1937"}],"curies":[{"name":"scrivere","href":"https:\/\/api.w.org\/{rel}","templated":true}]}}