{"id":2217,"date":"2021-06-21T08:33:23","date_gmt":"2021-06-21T12:33:23","guid":{"rendered":"https:\/\/211md.org\/?page_id=2217"},"modified":"2025-07-01T09:09:03","modified_gmt":"2025-07-01T13:09:03","slug":"healthcheck","status":"publish","type":"page","link":"https:\/\/211md.org\/it\/healthcheck\/","title":{"rendered":"211 controllo sanitario"},"content":{"rendered":"<h2>Check-in sulla salute mentale<\/h2>\n<p><b>Controllo sanitario terminato. Se hai bisogno di supporto psicologico, chiama o invia un messaggio al 988. <a href=\"https:\/\/health.maryland.gov\/bha\/Pages\/988md.aspx\" target=\"_blank\" rel=\"noopener\">Ulteriori informazioni su 988 nel Maryland<\/a>.<\/b><\/p>\n\t\t\t\t<img decoding=\"async\" src=\"http:\/\/211md.org\/wp-content\/uploads\/2021\/06\/Image-Placeholder@2x.png\" alt=\"Controllo della salute\" itemprop=\"image\" title=\"Immagine-Segnaposto@2x\" onerror=\"this.style.display='none'\" loading='lazy' \/>\n<h2>Thomas BloomRaskin<\/h2>\n<p>Non sei solo! Anche Tommy Raskin si \u00e8 messo nei tuoi panni. Il 25enne \u00e8 il figlio del membro del Congresso Jamie Raskin, di Takoma Park e dell&#039;8\u00b0 distretto congressuale del Maryland. Tommy ha lottato con la depressione prima di togliersi la vita.<\/p>\n<p>\u00c8 la sua memoria che onoriamo con il Thomas Bloom Raskin Act\/211 Health Check.<\/p>\n<p>Il supporto telefonico proattivo per la salute mentale fornisce una connessione individuale con uno specialista caloroso e premuroso addestrato nella prevenzione del suicidio e nel supporto per la salute mentale.<\/p>","protected":false},"excerpt":{"rendered":"<p>Check-in per la salute mentale. Check-in sanitario terminato. Se hai bisogno di supporto per la salute mentale, chiama o invia un messaggio al 988. Scopri di pi\u00f9 sul 988 nel Maryland. Thomas Bloom Raskin: non sei solo! Anche Tommy Raskin \u00e8 stato nella tua stessa situazione. Il venticinquenne \u00e8 figlio del deputato Jamie Raskin, di Takoma Park e dell&#039;ottavo distretto congressuale del Maryland. Tommy ha lottato...<\/p>","protected":false},"author":8,"featured_media":0,"parent":0,"menu_order":0,"comment_status":"closed","ping_status":"closed","template":"","meta":{"footnotes":""},"class_list":["post-2217","page","type-page","status-publish","hentry"],"_links":{"self":[{"href":"https:\/\/211md.org\/it\/wp-json\/wp\/v2\/pages\/2217","targetHints":{"allow":["GET"]}}],"collection":[{"href":"https:\/\/211md.org\/it\/wp-json\/wp\/v2\/pages"}],"about":[{"href":"https:\/\/211md.org\/it\/wp-json\/wp\/v2\/types\/page"}],"author":[{"embeddable":true,"href":"https:\/\/211md.org\/it\/wp-json\/wp\/v2\/users\/8"}],"replies":[{"embeddable":true,"href":"https:\/\/211md.org\/it\/wp-json\/wp\/v2\/comments?post=2217"}],"version-history":[{"count":7,"href":"https:\/\/211md.org\/it\/wp-json\/wp\/v2\/pages\/2217\/revisions"}],"predecessor-version":[{"id":4823,"href":"https:\/\/211md.org\/it\/wp-json\/wp\/v2\/pages\/2217\/revisions\/4823"}],"wp:attachment":[{"href":"https:\/\/211md.org\/it\/wp-json\/wp\/v2\/media?parent=2217"}],"curies":[{"name":"scrivere","href":"https:\/\/api.w.org\/{rel}","templated":true}]}}