{"id":2845,"date":"2022-04-13T18:12:36","date_gmt":"2022-04-13T22:12:36","guid":{"rendered":"https:\/\/211md.org\/?page_id=2845"},"modified":"2024-08-15T14:08:03","modified_gmt":"2024-08-15T18:08:03","slug":"stophate","status":"publish","type":"page","link":"https:\/\/211md.org\/it\/stophate\/","title":{"rendered":"#MDFerma l&#039;odio"},"content":{"rendered":"<h1>\n\t\t#MDFerma l&#039;odio\n\t<\/h1>\n\t<h3><strong>Segnalare reati di odio e pregiudizio e\/o incidenti e<\/strong><br \/>\n<strong>Connettiti con le risorse della comunit\u00e0.<\/strong><\/h3>\n\t\t\t<a href=\"\/it\/stophate-form\/\" target=\"_self\" rel=\"noopener\">\n\t\t\t\t\t\t\tFermare l&#039;odio\n\t\t\t\t\t<\/a>\n\tHai bisogno di fare una segnalazione mentre sei in movimento? Invia un messaggio di testo &quot;MDStopHate&quot; al numero 898-211 (TXT-211)<br \/>\nsegnalare l&#039;incidente utilizzando il telefono cellulare.\n<p>&nbsp;<\/p>\n<p><em>211 Maryland offre programmi di allerta tramite SMS che forniscono informazioni sulle risorse specifiche per regione o allerte di calamit\u00e0. Potrebbero essere applicate tariffe per messaggi e dati e la frequenza dei messaggi potrebbe variare. Per assistenza, invia HELP. Per annullare l&#039;iscrizione, invia STOP allo stesso numero. Termini SMS completi su\u00a0<a href=\"https:\/\/211md.org\/it\/sms\/\">https:\/\/211md.org\/sms\/<\/a>\u00a0si applicher\u00e0 anche.<\/em><\/p>\n<h2>\n\t\tCome funziona\n\t<\/h2>\n\t\t\t\t<a href=\"tel:+211\" target=\"_self\" itemprop=\"url\" rel=\"noopener\">\n\t\t\t\t<img loading=\"lazy\" decoding=\"async\" src=\"https:\/\/211md.org\/wp-content\/uploads\/2021\/05\/Screen-Shot-2021-05-26-at-11.27.15-AM.svg\" alt=\"Immagine del numero 1\" itemprop=\"image\" height=\"150\" width=\"150\" title=\"Immagine del numero 1\" onerror=\"this.style.display='none'\"  \/>\n\t\t\t\t<\/a>\n<h2><a href=\"tel:+211\" target=\"_self\" rel=\"noopener\">Hotline dal vivo<\/a><\/h2>Segnala odio, discriminazione o bullismo e ricevi rinvii alle risorse della comunit\u00e0 chiamando il numero<br \/>\n211.\n\t\t\t\t<a href=\"\/it\/risorse\/nuovo-per-gli-stati-uniti-e-maryland\/\" target=\"_self\" itemprop=\"url\" rel=\"noopener\">\n\t\t\t\t<img loading=\"lazy\" decoding=\"async\" src=\"https:\/\/211md.org\/wp-content\/uploads\/2021\/05\/Screen-Shot-2021-05-26-at-11.27.25-AM.svg\" alt=\"Immagine del numero 2\" itemprop=\"image\" height=\"150\" width=\"150\" title=\"Immagine del numero 2\" onerror=\"this.style.display='none'\"  \/>\n\t\t\t\t<\/a>\n<h2><a href=\"\/it\/risorse\/nuovo-per-gli-stati-uniti-e-maryland\/\" target=\"_self\" rel=\"noopener\">Elenco delle risorse<\/a><\/h2><p>Accedi a qualsiasi risorsa per soddisfare le tue esigenze effettuando una ricerca nel database delle risorse online di 211 Maryland.<\/p>\n\t\t\t\t<a href=\"\/it\/stophate-form\/\" target=\"_self\" itemprop=\"url\" rel=\"noopener\">\n\t\t\t\t<img loading=\"lazy\" decoding=\"async\" src=\"https:\/\/211md.org\/wp-content\/uploads\/2021\/05\/Screen-Shot-2021-05-26-at-11.27.40-AM.svg\" alt=\"Immagine del numero 3\" itemprop=\"image\" height=\"149\" width=\"149\" title=\"Immagine del numero 3\" onerror=\"this.style.display='none'\"  \/>\n\t\t\t\t<\/a>\n<h2><a href=\"\/it\/stophate-form\/\" target=\"_self\" rel=\"noopener\">Segnalazione di incidenti<\/a><\/h2><p>Segnala rapidamente e facilmente un episodio di odio o discriminazione nella tua comunit\u00e0.<\/p>\n<h2>\n\t\tHate Crime Vs Hate Incident\n\t<\/h2>\n\t<h3><strong>Qual \u00e8 la differenza?<\/strong><\/h3>\nSe ritieni di essere stato preso di mira a causa delle tue caratteristiche personali o dell&#039;appartenenza ad un gruppo, segnala l&#039;incidente al 211 in modo che le autorit\u00e0 possano determinare se \u00e8 stato commesso un crimine. Scopri di pi\u00f9 sulla differenza tra <a href=\"https:\/\/www.justice.gov\/hatecrimes\/learn-about-hate-crimes\" target=\"_blank\" rel=\"noopener\">odio i crimini<\/a> e episodi di odio.\n<h3>\n\t\tIncidente di odio\n\t<\/h3>\n<h3>\n\t\tCrimine d&#039;odio\n\t<\/h3>\n<p><strong>Espressione di ostilit\u00e0 o aggressivit\u00e0 motivata da pregiudizi.<\/strong><\/p>\n<strong>Esempi:<br \/>\n<\/strong>Abuso verbale come insulti, linguaggio degradante o battute offensive; insulti razzisti o omofobi; Molestie; Bullismo o intimidazione; Distribuzione di letteratura sull&#039;odio\n<p><strong>Minaccia mirata, tentativo o danno a causa delle caratteristiche personali o dell&#039;appartenenza a un gruppo.<\/strong><\/p>\n<strong>Esempi:<br \/>\n<\/strong>Vandalismo, minaccia di bomba, incendio doloso, aggressioni fisiche, furto, danni alla propriet\u00e0 con simboli di odio, linguaggio, graffiti\n\t\t\t<a href=\"\/it\/risorse\/\" target=\"_self\" rel=\"noopener\">\n\t\t\t\t\t\t\tRisorse\n\t\t\t\t\t<\/a>\n<h6>\n\t\tstophate\n\t<\/h6>\n<h2>Segnala un crimine d&#039;odio o un incidente d&#039;odio<\/h2>\nAffronta e sconfiggi la discriminazione, l&#039;odio e la violenza! Puoi fermare l&#039;odio segnalandolo.<br \/>\nFai clic di seguito per segnalare atti di odio o bullismo che si verificano nella tua comunit\u00e0.\n\t\t\t<a href=\"\/it\/stophate-form\/\" target=\"_self\" rel=\"noopener\">\n\t\t\t\t\t\t\tSegnala ora\n\t\t\t\t\t<\/a>\n\t<p><strong>O\u00a0<a href=\"tel:+211\">Chiama il 211<\/a><\/strong><\/p>\n<h2>\n\t\tOttenere aiuto\n\t<\/h2>\n<h3>\n\t\t<a href=\"https:\/\/search.211md.org\/search?query=DF-7020.3300,DF-7020.1000,PH-3500,HH-0500.8000-150,ND-6500.3300,DF-7000&#038;query_type=taxonomy&#038;query_label=&#038;query_language=en\" title=\"Avvia il processo di naturalizzazione\" target=\"_blank\" rel=\"noopener\">\n\t\tAvvia il processo di naturalizzazione\n\t\t<\/a>\n\t<\/h3>\n\t\t\t\t<a href=\"https:\/\/search.211md.org\/search?query=DF-7020.3300,DF-7020.1000,PH-3500,HH-0500.8000-150,ND-6500.3300,DF-7000&#038;query_type=taxonomy&#038;query_label=&#038;query_language=en\" target=\"_blank\" rel=\"noopener\" itemprop=\"url\">\n\t\t\t\t<img loading=\"lazy\" decoding=\"async\" src=\"https:\/\/211md.org\/wp-content\/uploads\/2022\/04\/Start-the-Naturalization-Proces.jpg\" alt=\"Avvia il processo di naturalizzazione\" itemprop=\"image\" height=\"862\" width=\"1280\" title=\"Avvia il processo di naturalizzazione\" onerror=\"this.style.display='none'\"  \/>\n\t\t\t\t<\/a>\n<h3>\n\t\t<a href=\"https:\/\/search.211md.org\/search?query=PH-2400.1500,PH-1250.1800,PH-1250.1400,NL-3000.1500,HL-8700,HL-8120.7800,HD-8000,FT-8000,BM-6500.1500-800&#038;query_type=taxonomy&#038;query_label=&#038;query_language=en\" title=\"Iscrivere i bambini nelle scuole\" target=\"_blank\" rel=\"noopener\">\n\t\tIscrivere i bambini nelle scuole\n\t\t<\/a>\n\t<\/h3>\n\t\t\t\t<a href=\"https:\/\/search.211md.org\/search?query=PH-2400.1500,PH-1250.1800,PH-1250.1400,NL-3000.1500,HL-8700,HL-8120.7800,HD-8000,FT-8000,BM-6500.1500-800&#038;query_type=taxonomy&#038;query_label=&#038;query_language=en\" target=\"_blank\" rel=\"noopener\" itemprop=\"url\">\n\t\t\t\t<img loading=\"lazy\" decoding=\"async\" src=\"https:\/\/211md.org\/wp-content\/uploads\/2022\/04\/Enroll-Children.jpg\" alt=\"Iscrivi bambini\" itemprop=\"image\" height=\"853\" width=\"1280\" title=\"Iscrivi bambini\" onerror=\"this.style.display='none'\"  \/>\n\t\t\t\t<\/a>\n<h3>\n\t\t<a href=\"https:\/\/search.211md.org\/search?query=HH-4500,HH-0500.0500,HH-0500.8000-150,HH-0500.2500,BM-6000.1500,BM-5050&#038;query_type=taxonomy&#038;query_label=&#038;query_language=en\" title=\"Formazione scolastica\" target=\"_blank\" rel=\"noopener\">\n\t\tFormazione scolastica\n\t\t<\/a>\n\t<\/h3>\n\t\t\t\t<a href=\"https:\/\/search.211md.org\/search?query=HH-4500,HH-0500.0500,HH-0500.8000-150,HH-0500.2500,BM-6000.1500,BM-5050&#038;query_type=taxonomy&#038;query_label=&#038;query_language=en\" target=\"_blank\" rel=\"noopener\" itemprop=\"url\">\n\t\t\t\t<img loading=\"lazy\" decoding=\"async\" src=\"https:\/\/211md.org\/wp-content\/uploads\/2022\/04\/Education.jpg\" alt=\"Formazione scolastica\" itemprop=\"image\" height=\"842\" width=\"1280\" title=\"Formazione scolastica\" onerror=\"this.style.display='none'\"  \/>\n\t\t\t\t<\/a>\n<h2>\n\t\tCerca aiuto per categoria\n\t<\/h2>\n\t\t\t\t<a href=\"\/it\/risorse\/invecchiamento-disabilita\/\" target=\"_self\" itemprop=\"url\" rel=\"noopener\">\n\t\t\t\t<img loading=\"lazy\" decoding=\"async\" src=\"https:\/\/211md.org\/wp-content\/uploads\/bb-plugin\/cache\/Mask-Group-41@2x-circle-73eaadba4cad8269faa4720e25cf1c85-.png\" alt=\"I piedi di una donna anziana e di una donna pi\u00f9 giovane che camminano insieme\" itemprop=\"image\" height=\"500\" width=\"500\" title=\"Servizi per la disabilit\u00e0\" onerror=\"this.style.display='none'\"  \/>\n\t\t\t\t<\/a>\n\t\t<h3><a href=\"\/it\/risorse\/invecchiamento-disabilita\/\" target=\"_self\" rel=\"noopener\">Invecchiamento e disabilit\u00e0<\/a><\/h3>\t\n\t\t\t\t<a href=\"\/it\/risorse\/bambini-famiglie\/\" target=\"_self\" itemprop=\"url\" rel=\"noopener\">\n\t\t\t\t<img loading=\"lazy\" decoding=\"async\" src=\"https:\/\/211md.org\/wp-content\/uploads\/bb-plugin\/cache\/Mask-Group-38@2x-circle-ac40d46265fbec62083cd27f6dcf23b0-.png\" alt=\"Un giovane ragazzo e una ragazza sorridente e guardando la telecamera\" itemprop=\"image\" height=\"500\" width=\"500\" title=\"Gruppo maschera 38@2x\" onerror=\"this.style.display='none'\"  \/>\n\t\t\t\t<\/a>\n\t\t<h3><a href=\"\/it\/risorse\/bambini-famiglie\/\" target=\"_self\" rel=\"noopener\">Bambini e famiglie<\/a><\/h3>\t\n\t\t\t\t<a href=\"\/it\/risorse\/centro-risorse-covid-19\/\" target=\"_self\" itemprop=\"url\" rel=\"noopener\">\n\t\t\t\t<img decoding=\"async\" src=\"https:\/\/211md.org\/wp-content\/uploads\/bb-plugin\/cache\/Data-Post-Image-COVID-circle-abdf7e097c6f7781a4f84df775b7857e-.png\" alt=\"Una cellula COVID-19\" itemprop=\"image\" title=\"Immagine post dati - COVID\" onerror=\"this.style.display='none'\"  \/>\n\t\t\t\t<\/a>\n\t\t<h3><a href=\"\/it\/risorse\/centro-risorse-covid-19\/\" target=\"_self\" rel=\"noopener\">COVID<\/a><\/h3>\t\n\t\t\t\t<a href=\"\/it\/risorse\/violenza-domestica-familiare\/\" target=\"_self\" itemprop=\"url\" rel=\"noopener\">\n\t\t\t\t<img loading=\"lazy\" decoding=\"async\" src=\"https:\/\/211md.org\/wp-content\/uploads\/bb-plugin\/cache\/Mask-Group-39@2x-circle-b2589197a13c791d910f46dd10b27a87-.png\" alt=\"Due paia di mani che si tengono\" itemprop=\"image\" height=\"500\" width=\"500\" title=\"Gruppo maschera 39@2x\" onerror=\"this.style.display='none'\"  \/>\n\t\t\t\t<\/a>\n\t\t<h3><a href=\"\/it\/risorse\/violenza-domestica-familiare\/\" target=\"_self\" rel=\"noopener\">Violenza domestica\/familiare<\/a><\/h3>\t\n\t\t\t\t<a href=\"\/it\/risorse\/ricerca-occupazione\/\" target=\"_self\" itemprop=\"url\" rel=\"noopener\">\n\t\t\t\t<img loading=\"lazy\" decoding=\"async\" src=\"https:\/\/211md.org\/wp-content\/uploads\/bb-plugin\/cache\/Employment-circle-bf72562329e950df948954f5d3f44b2e-.png\" alt=\"Un meccanico di automobili\" itemprop=\"image\" height=\"500\" width=\"500\" title=\"Occupazione\" onerror=\"this.style.display='none'\"  \/>\n\t\t\t\t<\/a>\n\t\t<h3><a href=\"\/it\/risorse\/ricerca-occupazione\/\" target=\"_self\" rel=\"noopener\">Occupazione<\/a><\/h3>\t\n\t\t\t\t<a href=\"\/it\/risorse\/assistenza-sanitaria\/\" target=\"_self\" itemprop=\"url\" rel=\"noopener\">\n\t\t\t\t<img loading=\"lazy\" decoding=\"async\" src=\"https:\/\/211md.org\/wp-content\/uploads\/bb-plugin\/cache\/Mask-Group-35@2x-circle-94be10c13e4adae1683b4589dc2f5b2f-.png\" alt=\"Medico che esamina la gamba dei ragazzi\" itemprop=\"image\" height=\"500\" width=\"500\" title=\"Gruppo maschera 35@2x\" onerror=\"this.style.display='none'\"  \/>\n\t\t\t\t<\/a>\n\t\t<h3><a href=\"\/it\/risorse\/assistenza-sanitaria\/\" target=\"_self\" rel=\"noopener\">Assistenza sanitaria<\/a><\/h3>\t\n\t\t\t\t<a href=\"\/it\/risorse\/cibo\/\" target=\"_self\" itemprop=\"url\" rel=\"noopener\">\n\t\t\t\t<img loading=\"lazy\" decoding=\"async\" src=\"https:\/\/211md.org\/wp-content\/uploads\/bb-plugin\/cache\/Mask-Group-32@2x-circle-1c6d647dcaf998fa079d26735cedc92b-.png\" alt=\"Verdure fresche\" itemprop=\"image\" height=\"500\" width=\"500\" title=\"Gruppo maschera 32@2x\" onerror=\"this.style.display='none'\"  \/>\n\t\t\t\t<\/a>\n\t\t<h3><a href=\"\/it\/risorse\/cibo\/\" target=\"_self\" rel=\"noopener\">Cibo<\/a><\/h3>\t\n\t\t\t\t<a href=\"\/it\/risorse\/alloggio-rifugio\/\" target=\"_self\" itemprop=\"url\" rel=\"noopener\">\n\t\t\t\t<img loading=\"lazy\" decoding=\"async\" src=\"https:\/\/211md.org\/wp-content\/uploads\/bb-plugin\/cache\/Mask-Group-34@2x-circle-b99c55fc16ef21f35e2f2a1f7cc37b9a-.png\" alt=\"Balcone complesso di appartamenti\" itemprop=\"image\" height=\"500\" width=\"500\" title=\"Condominio\" onerror=\"this.style.display='none'\"  \/>\n\t\t\t\t<\/a>\n\t\t<h3><a href=\"\/it\/risorse\/alloggio-rifugio\/\" target=\"_self\" rel=\"noopener\">Alloggio e rifugio<\/a><\/h3>\t\n\t\t\t\t<a href=\"\/it\/risorse\/nuovo-per-gli-stati-uniti-e-maryland\/\" target=\"_self\" itemprop=\"url\" rel=\"noopener\">\n\t\t\t\t<img loading=\"lazy\" decoding=\"async\" src=\"https:\/\/211md.org\/wp-content\/uploads\/bb-plugin\/cache\/American-flag-circle-0016cc327e27ef7aeb080f1da6c6e98b-.jpg\" alt=\"nuovo per gli Stati Uniti\" itemprop=\"image\" height=\"364\" width=\"1366\" title=\"Bandiera americana\" onerror=\"this.style.display='none'\"  \/>\n\t\t\t\t<\/a>\n\t\t<h3><a href=\"\/it\/risorse\/nuovo-per-gli-stati-uniti-e-maryland\/\" target=\"_self\" rel=\"noopener\">Immigrazione<\/a><\/h3>\t\n\t\t\t\t<a href=\"\/it\/risorse\/bambini-famiglie\/parentela-cura\/\" target=\"_self\" itemprop=\"url\" rel=\"noopener\">\n\t\t\t\t<img decoding=\"async\" src=\"https:\/\/211md.org\/wp-content\/uploads\/bb-plugin\/cache\/kinship-family-navigating-a-computer-circle-045fee9d587aefb20221bfea41a2cf9b-.png\" alt=\"famiglia di parentela che naviga su un computer\" itemprop=\"image\" title=\"famiglia di parentela che naviga su un computer\" onerror=\"this.style.display='none'\"  \/>\n\t\t\t\t<\/a>\n\t\t<h3><a href=\"\/it\/risorse\/bambini-famiglie\/parentela-cura\/\" target=\"_self\" rel=\"noopener\">Parentela<\/a><\/h3>\t\n\t\t\t\t<a href=\"\/it\/risorse\/servizi-legali\/\" target=\"_self\" itemprop=\"url\" rel=\"noopener\">\n\t\t\t\t<img loading=\"lazy\" decoding=\"async\" src=\"https:\/\/211md.org\/wp-content\/uploads\/bb-plugin\/cache\/Housing-Legal-circle-9a8f3c1c72c54b6e1ce612d2993c1ad4-.png\" alt=\"Martelletto legale con accanto un modello in plastica di una casa\" itemprop=\"image\" height=\"348\" width=\"460\" title=\"Alloggio legale\" onerror=\"this.style.display='none'\"  \/>\n\t\t\t\t<\/a>\n\t\t<h3><a href=\"\/it\/risorse\/servizi-legali\/\" target=\"_self\" rel=\"noopener\">Servizi legali<\/a><\/h3>\t\n\t\t\t\t<a href=\"\/it\/risorse\/salute-mentale\/\" target=\"_self\" itemprop=\"url\" rel=\"noopener\">\n\t\t\t\t<img loading=\"lazy\" decoding=\"async\" src=\"https:\/\/211md.org\/wp-content\/uploads\/bb-plugin\/cache\/Mask-Group-40@2x-circle-7bd9426367852fb3d841bc4bdc57a550-.png\" alt=\"I profili di un uomo e di una donna\" itemprop=\"image\" height=\"500\" width=\"500\" title=\"Gruppo maschera 40@2x\" onerror=\"this.style.display='none'\"  \/>\n\t\t\t\t<\/a>\n\t\t<h3><a href=\"\/it\/risorse\/salute-mentale\/\" target=\"_self\" rel=\"noopener\">Salute mentale<\/a><\/h3>\t\n\t\t\t\t<a href=\"\/it\/risorse\/mdreentry\/\" target=\"_self\" itemprop=\"url\" rel=\"noopener\">\n\t\t\t\t<img loading=\"lazy\" decoding=\"async\" src=\"https:\/\/211md.org\/wp-content\/uploads\/bb-plugin\/cache\/Diverse-group-of-community-members-circle-4457c114cd48613bc79a0fb50060319c-.jpg\" alt=\"Gruppo eterogeneo di membri della comunit\u00e0\" itemprop=\"image\" height=\"800\" width=\"1200\" title=\"Gruppo eterogeneo di membri della comunit\u00e0\" onerror=\"this.style.display='none'\"  \/>\n\t\t\t\t<\/a>\n\t\t<h3><a href=\"\/it\/risorse\/mdreentry\/\" target=\"_self\" rel=\"noopener\">Rientro<\/a><\/h3>\t\n\t\t\t\t<a href=\"\/it\/stophate\/\" target=\"_self\" itemprop=\"url\" rel=\"noopener\">\n\t\t\t\t<img loading=\"lazy\" decoding=\"async\" src=\"https:\/\/211md.org\/wp-content\/uploads\/bb-plugin\/cache\/Background-section-MDStophate-circle-08e2bae1cf9f2ad6cc83e01e23da8cb9-.jpg\" alt=\"Sfondo-sezione-MDStophate\" itemprop=\"image\" height=\"768\" width=\"1366\" title=\"Sfondo-sezione-MDStophate\" onerror=\"this.style.display='none'\"  \/>\n\t\t\t\t<\/a>\n\t\t<h3><a href=\"\/it\/stophate\/\" target=\"_self\" rel=\"noopener\">Fermare l&#039;odio<\/a><\/h3>\t\n\t\t\t\t<a href=\"\/it\/risorse\/uso-di-sostanze\/\" target=\"_self\" itemprop=\"url\" rel=\"noopener\">\n\t\t\t\t<img loading=\"lazy\" decoding=\"async\" src=\"https:\/\/211md.org\/wp-content\/uploads\/bb-plugin\/cache\/Substance-Use-circle-ad2d564932dc31267e0c32a6fb2d915c-.png\" alt=\"Pillole fracassanti a mano\" itemprop=\"image\" height=\"500\" width=\"500\" title=\"Uso di sostanze\" onerror=\"this.style.display='none'\"  \/>\n\t\t\t\t<\/a>\n\t\t<h3><a href=\"\/it\/risorse\/uso-di-sostanze\/\" target=\"_self\" rel=\"noopener\">Uso di sostanze<\/a><\/h3>\t\n\t\t\t\t<a href=\"\/it\/risorse\/servizi-fiscali\/\" target=\"_self\" itemprop=\"url\" rel=\"noopener\">\n\t\t\t\t<img loading=\"lazy\" decoding=\"async\" src=\"https:\/\/211md.org\/wp-content\/uploads\/bb-plugin\/cache\/Mask-Group-34-circle-166a606e37e61188c9a17d5e634cda3c-.png\" alt=\"Persona che compila i documenti dell&#039;imposta sul reddito\" itemprop=\"image\" height=\"500\" width=\"500\" title=\"Gruppo maschera 34\" onerror=\"this.style.display='none'\"  \/>\n\t\t\t\t<\/a>\n\t\t<h3><a href=\"\/it\/risorse\/servizi-fiscali\/\" target=\"_self\" rel=\"noopener\">Servizi fiscali<\/a><\/h3>\t\n\t\t\t\t<a href=\"\/it\/risorse\/utilita-assistenza\/\" target=\"_self\" itemprop=\"url\" rel=\"noopener\">\n\t\t\t\t<img loading=\"lazy\" decoding=\"async\" src=\"https:\/\/211md.org\/wp-content\/uploads\/bb-plugin\/cache\/Mask-Group-37@2x-circle-9661a11b9c4082079c9a1f06bc539567-.png\" alt=\"Una lampadina accesa\" itemprop=\"image\" height=\"500\" width=\"500\" title=\"Gruppo maschera 37@2x\" onerror=\"this.style.display='none'\"  \/>\n\t\t\t\t<\/a>\n\t\t<h3><a href=\"\/it\/risorse\/utilita-assistenza\/\" target=\"_self\" rel=\"noopener\">Assistenza utenze<\/a><\/h3>\t\n\t\t\t\t<a href=\"\/it\/risorse\/veterani\/\" target=\"_self\" itemprop=\"url\" rel=\"noopener\">\n\t\t\t\t<img decoding=\"async\" src=\"https:\/\/211md.org\/wp-content\/uploads\/bb-plugin\/cache\/Veterans-circle-7c6972a59826c74f1f658f61df785fc3-.png\" alt=\"Un soldato che stringe la mano a qualcuno e sorride\" itemprop=\"image\" title=\"Veterani\" onerror=\"this.style.display='none'\"  \/>\n\t\t\t\t<\/a>\n\t\t<h3><a href=\"\/it\/risorse\/veterani\/\" target=\"_self\" rel=\"noopener\">Veterani<\/a><\/h3>\t\n<h2>Grazie ai nostri partner<\/h2>\n<p>In collaborazione con l&#039;Ufficio per le iniziative comunitarie e l&#039;Ufficio per gli affari di immigrazione del Governatore, 211 Maryland mette in contatto i nuovi americani e gli abitanti del Maryland con servizi critici e semplifica la segnalazione di crimini e\/o incidenti legati all&#039;odio e alla parzialit\u00e0.<\/p>\n\t\t\t\t<img loading=\"lazy\" decoding=\"async\" src=\"https:\/\/211md.org\/wp-content\/uploads\/2022\/04\/Group-332.svg\" alt=\"Gruppo 332\" itemprop=\"image\" height=\"215\" width=\"244\" title=\"Gruppo 332\" onerror=\"this.style.display='none'\"  \/>\n\t\t\t\t<img loading=\"lazy\" decoding=\"async\" src=\"https:\/\/211md.org\/wp-content\/uploads\/2022\/04\/Group-333.svg\" alt=\"Logo dell&#039;Ufficio per gli affari degli immigrati del governatore del Maryland\" itemprop=\"image\" height=\"215\" width=\"245\" title=\"Logo dell&#039;Ufficio per gli affari degli immigrati del governatore del Maryland\" onerror=\"this.style.display='none'\"  \/>","protected":false},"excerpt":{"rendered":"<p>#MDStopHate Segnala crimini e\/o incidenti di odio e pregiudizio e contatta le risorse della comunit\u00e0. Stop Hate Devi fare una segnalazione mentre sei in giro? Invia un SMS con la scritta &quot;MDStopHate&quot; all&#039;898-211 (TXT-211) per presentare una segnalazione di incidente tramite il tuo cellulare. 211 Maryland offre programmi di avviso tramite SMS che forniscono informazioni sulle risorse specifiche per regione o forniscono avvisi di calamit\u00e0.\u2026<\/p>","protected":false},"author":8,"featured_media":2665,"parent":0,"menu_order":0,"comment_status":"closed","ping_status":"closed","template":"","meta":{"footnotes":""},"class_list":["post-2845","page","type-page","status-publish","has-post-thumbnail","hentry"],"_links":{"self":[{"href":"https:\/\/211md.org\/it\/wp-json\/wp\/v2\/pages\/2845","targetHints":{"allow":["GET"]}}],"collection":[{"href":"https:\/\/211md.org\/it\/wp-json\/wp\/v2\/pages"}],"about":[{"href":"https:\/\/211md.org\/it\/wp-json\/wp\/v2\/types\/page"}],"author":[{"embeddable":true,"href":"https:\/\/211md.org\/it\/wp-json\/wp\/v2\/users\/8"}],"replies":[{"embeddable":true,"href":"https:\/\/211md.org\/it\/wp-json\/wp\/v2\/comments?post=2845"}],"version-history":[{"count":0,"href":"https:\/\/211md.org\/it\/wp-json\/wp\/v2\/pages\/2845\/revisions"}],"wp:featuredmedia":[{"embeddable":true,"href":"https:\/\/211md.org\/it\/wp-json\/wp\/v2\/media\/2665"}],"wp:attachment":[{"href":"https:\/\/211md.org\/it\/wp-json\/wp\/v2\/media?parent=2845"}],"curies":[{"name":"scrivere","href":"https:\/\/api.w.org\/{rel}","templated":true}]}}