{"id":3207,"date":"2022-09-15T16:24:14","date_gmt":"2022-09-15T20:24:14","guid":{"rendered":"https:\/\/211md.org\/?page_id=3207"},"modified":"2025-09-09T11:28:33","modified_gmt":"2025-09-09T15:28:33","slug":"segnali-di-avvertimento-e-overdose-aiuto","status":"publish","type":"page","link":"https:\/\/211md.org\/it\/resources\/substance-use\/warning-signs-and-overdose-help\/","title":{"rendered":"Come aiutare qualcuno che va in overdose"},"content":{"rendered":"<img loading=\"lazy\" decoding=\"async\" src=\"https:\/\/211md.org\/wp-content\/uploads\/2022\/07\/Dad-with-hand-on-his-sons-shoulder-providing-support.jpg\" alt=\"Pap\u00e0 con la mano sulla spalla del figlio che fornisce supporto\" itemprop=\"image\" height=\"683\" width=\"1024\" title=\"Pap\u00e0 con la mano sulla spalla del figlio che fornisce supporto\" onerror=\"this.style.display='none'\"  \/>\n\t<p>La dipendenza \u00e8 una complicata malattia del cervello. In un contesto medico, potresti sentire la dipendenza chiamata disturbo da uso di sostanze.<\/p>\n<p>Sebbene sia difficile affrontare queste situazioni, \u00e8 fondamentale ottenere a una persona l&#039;aiuto di cui ha bisogno il prima possibile.<\/p>\n<p>Gli individui possono anche lottare con problemi di salute mentale o altri problemi di salute sottostanti. E, con l&#039;uso di droghe, c&#039;\u00e8 sempre il rischio di un&#039;overdose mortale.<\/p>\n<h2>Segnali di avvertimento<\/h2>\n<p>La dipendenza pu\u00f2 colpire chiunque nel Maryland, indipendentemente dall&#039;et\u00e0, dalla razza o dalla professione.<\/p>\n<p>Puoi aiutare a fermare lo stigma della dipendenza conoscendo i segni della dipendenza e fornendo all&#039;individuo l&#039;aiuto di cui ha bisogno il prima possibile.<\/p>\n<h3>Segni di disturbo da uso di sostanze<\/h3>\n<p>Questi sono i segni di qualcuno con un disturbo da uso di sostanze.<\/p>\n<ul>\n<li>Visitare pi\u00f9 medici per ottenere prescrizioni<\/li>\n<li>Cambiare umore o comportamento<\/li>\n<li>Irritabilit\u00e0<\/li>\n<li>Ritiro da eventi e attivit\u00e0 sociali<\/li>\n<li>Difficolt\u00e0 finanziarie inspiegabili<\/li>\n<li>Dormire a orari strani<\/li>\n<li>Uso di sostanze pi\u00f9 frequente<\/li>\n<\/ul>\n<p>Gli stigmi spesso impediscono alle persone di ottenere l&#039;aiuto di cui hanno bisogno.<\/p>\n<p>Se qualcuno che conosci mostra segni di dipendenza, puoi aiutarlo fornendo risorse di supporto e incoraggiandolo a chiedere aiuto.<\/p>\n<p>Non incoraggiarli aiutandoli con l&#039;affitto o fornendo altra assistenza finanziaria.<\/p>\n<p>Inoltre, rimuovi i vecchi farmaci da prescrizione in casa.\u00a0<a href=\"https:\/\/211md.org\/it\/risorse\/uso-di-sostanze\/smaltimento-dei-farmaci\/\">Ci sono modi gratuiti per smaltire vecchi farmaci<\/a>\u00a0quindi stai prevenendo l&#039;uso di sostanze e proteggendo l&#039;ambiente.<\/p>\n<p>Focus sulla dipendenza e\u00a0<a href=\"https:\/\/211md.org\/it\/risorse\/uso-di-sostanze\/\">trovare opzioni di trattamento nel Maryland<\/a>.<\/p>\n<h3>Riconoscere i segni di un&#039;overdose<\/h3>\n<p>I farmaci spesso contengono il potente e mortale oppioide sintetico noto come fentanil. \u00c8 50 volte pi\u00f9 potente dell&#039;eroina ed \u00e8 la principale causa di morti per overdose nel Maryland.<\/p>\n<p>Non puoi vederlo, annusarlo o assaggiarlo. Viene spesso aggiunto ad altri farmaci perch\u00e9 \u00e8 cos\u00ec potente.<\/p>\n<p>Se sei preoccupato per qualcuno e pensi che possa avere una dipendenza, dovresti anche essere consapevole dei segni di un&#039;overdose.<\/p>\n<p>I segni di un sovradosaggio includono:<\/p>\n<ul>\n<li>Rumori forti di russamento o gorgoglii<\/li>\n<li>Labbra o unghie che diventano blu<\/li>\n<li>Pelle pallida\/grigiastra<\/li>\n<li>Non risponde, svenuto, incapace di parlare o una persona incoerente<\/li>\n<li>Corpo molle<\/li>\n<li>Battito cardiaco lento o fermo<\/li>\n<li>Respiro superficiale, lento, interrotto o irregolare<\/li>\n<li>Scarse capacit\u00e0 motorie e coordinazione<\/li>\n<li>Pupille piccole che non rispondono alla luce o al movimento<\/li>\n<li>Convulsioni<\/li>\n<li>Pelle umida<\/li>\n<\/ul>\n\t<h2><strong>Come puoi aiutare a salvare una vita con il naloxone<\/strong><\/h2>\n<p>80% dei decessi per overdose si verificano all&#039;interno di una casa, secondo a\u00a0<a href=\"https:\/\/www.cdc.gov\/stopoverdose\/naloxone\/index.html\" target=\"_blank\" rel=\"noopener\">Rapporto sui segni vitali dei Centers for Disease Control (CDC).<\/a>.<\/p>\n<p>40% del tempo, qualcun altro \u00e8 presente, secondo il CDC.<\/p>\n<p>Il naloxone aiuta gli astanti a invertire gli effetti del sovradosaggio.<\/p>\n<p>Le famiglie dovrebbero avere a portata di mano i farmaci salvavita se conoscono qualcuno alle prese con il disturbo da uso di oppioidi.<\/p>\n\t<iframe loading=\"lazy\" width=\"560\" height=\"315\" src=\"https:\/\/www.youtube.com\/embed\/Sm5Tbb8YcgQ\" title=\"Lettore video YouTube\" frameborder=\"0\" allow=\"accelerometer; autoplay; clipboard-write; encrypted-media; gyroscope; picture-in-picture\" allowfullscreen><\/iframe>\n\t\t<h3>Invia MDHope al numero 898211<\/h3><p>Trova il naloxone pi\u00f9 vicino a te, i siti di smaltimento dei farmaci soggetti a prescrizione medica e le risorse per l&#039;abuso di sostanze.<\/p>\n<p><em>211 Maryland offre programmi di avviso tramite SMS che forniscono informazioni sulle risorse specifiche per regione o avvisi di calamit\u00e0. Potrebbero essere applicate tariffe per messaggi e dati. La frequenza dei messaggi potrebbe variare. Invia STOP allo stesso numero per annullare l&#039;iscrizione. Per assistenza, invia HELP. Termini SMS completi su <a href=\"https:\/\/211md.org\/it\/sms\/\">https:\/\/211md.org\/sms\/<\/a> si applicher\u00e0 anche.<\/em><\/p>\n\t<h3>Dove trovare il naloxone nel Maryland<\/h3>\n<p>Se non vuoi che le informazioni ti vengano inviate via SMS tramite MDHope, ci sono altri modi per trovare il fornitore di naloxone pi\u00f9 vicino nella tua zona.<\/p>\n<p>Puoi anche visitare un programma di risposta all&#039;overdose (ODR) nel Maryland per ricevere naloxone.\u00a0<a href=\"https:\/\/health.maryland.gov\/pha\/NALOXONE\/Pages\/Approved-Entities.aspx\" target=\"_blank\" rel=\"noopener\">Puoi trovare quello pi\u00f9 vicino qui<\/a>.<\/p>\n<p>Puoi anche entrare in una farmacia e ottenere il farmaco senza prescrizione medica e senza formazione. \u00c8 coperto dalla maggior parte delle assicurazioni e dal Maryland Medicaid. Tuttavia, potrebbe non essere disponibile. L&#039;inventario pu\u00f2 variare.<\/p>\n<p><a href=\"https:\/\/nextdistro.org\/maryland\" target=\"_blank\" rel=\"noopener\">Prossima riduzione del danno<\/a>\u00a0e il\u00a0<a href=\"https:\/\/baltimoreharmreduction.org\/\" target=\"_blank\" rel=\"noopener\">Coalizione per la riduzione del danno di Baltimora<\/a>\u00a0invier\u00e0 gratuitamente anche i farmaci salvavita ai residenti del Maryland. Il programma \u00e8 progettato per le persone che non sono disposte a ricevere il farmaco di persona.<\/p>\n<p>Dovrai guardare un video di formazione di 4 minuti, rispondere a un breve quiz e fornire informazioni per ricevere il naloxone. La formazione \u00e8 disponibile in inglese e spagnolo.\u00a0<a href=\"https:\/\/nextdistro.org\/maryland-language\" target=\"_blank\" rel=\"noopener\">Prendi la formazione<\/a>.<\/p>\n\t<h2>La legge del buon samaritano del Maryland<\/h2>\n<p>La legge fornisce alcune protezioni legali quando chiami il 9-1-1 per aiutare un individuo che sta vivendo un&#039;overdose di emergenza.<\/p>\n<p>Se assisti a un&#039;emergenza medica causata da un&#039;overdose, chiama immediatamente il 9-1-1.<\/p>\n<p><a href=\"https:\/\/health.maryland.gov\/qahealth\/substance-abuse\/Pages\/Good-Samaritan-Law.aspx\" target=\"_blank\" rel=\"noopener\">La legge del buon samaritano del Maryland<\/a>\u00a0ti consente di ottenere aiuto senza timore di arresto o azione penale per diversi reati, tra cui:<\/p>\n<ul>\n<li>5-601: possesso o amministrazione di CDS<\/li>\n<li>5-619: Accessori per droghe<\/li>\n<li>5-620: Armamentario controllato<\/li>\n<li>\u00a7 10-114: Possesso di alcol da parte di minorenni<\/li>\n<li>\u00a7 10-116: Ottenere alcol per il consumo di minorenni<\/li>\n<li>\u00a7 10-117: Fornire o consentire il consumo di alcol da parte di minorenni<\/li>\n<\/ul>\n<p>Ti protegge inoltre dalla violazione della libert\u00e0 condizionale, della libert\u00e0 vigilata e della libert\u00e0 provvisoria se le prove della violazione sono state ottenute dopo aver ricevuto aiuto o aver fornito assistenza che aiuta a salvare la vita di qualcuno.<\/p>\n<p>L&#039;obiettivo \u00e8 aiutare qualcuno che sta vivendo un&#039;overdose di emergenza.<\/p>\n<p>Non sei protetto se sei testimone dell&#039;emergenza e non aiuti la persona. Le forze dell&#039;ordine possono anche condurre indagini e raccogliere prove poich\u00e9 ci\u00f2 non si applica ai reati legati alla droga o ad altri reati non elencati.<\/p>\n\t\t\t\t<img loading=\"lazy\" decoding=\"async\" src=\"https:\/\/211md.org\/wp-content\/uploads\/2022\/07\/Naloxone-NARCAN-nasal-spray.jpg\" alt=\"Naloxone Narcan spray nasale\" itemprop=\"image\" height=\"683\" width=\"1024\" title=\"Naloxone-NARCAN-spray nasale\" onerror=\"this.style.display='none'\"  \/>\n<h2>Come aiutare qualcuno che va in overdose<\/h2>\n<p>Naloxone\/NARCAN\u00ae inverte immediatamente gli effetti di un sovradosaggio. Esiste una forma iniettabile o, pi\u00f9 comunemente, uno spray nasale. \u00c8 facile da usare e disponibile senza prescrizione medica.<\/p>\n<p>Nella sola citt\u00e0 di Baltimora, ha salvato pi\u00f9 di 2800 vite.<\/p>\n<p>Se hai a disposizione NARCAN\u00ae, puoi usarlo per fornire un aiuto immediato in attesa dell&#039;arrivo del personale medico.<\/p>\n<h3>Usando il naloxone<\/h3>\n<p>Il naloxone \u00e8 uno spray nasale o un autoiniettore utilizzato nella parte esterna della coscia dell&#039;individuo.<\/p>\n<p>Questi sono i passaggi da seguire se sospetti che qualcuno stia vivendo un&#039;overdose:<\/p>\n<h4>1. Ottieni la loro attenzione.<\/h4>\n<p>Urla all&#039;individuo e chiedi se ha bisogno di aiuto.<\/p>\n<h4>2. Strofina il loro sterno.<\/h4>\n<p>Strofina con decisione le nocche su e gi\u00f9 al centro del petto della persona.<\/p>\n<h4>3. Chiama il 9-1-1.<\/h4>\n<h4>4. Dare Naloxone.<\/h4>\n<p>Inserisci la punta del beccuccio in una delle narici finch\u00e9 le dita non toccano la parte inferiore del naso della persona.<\/p>\n<p>Premere con decisione per rilasciare il farmaco.<\/p>\n<p>Se la prima dose non funziona entro 1-3 minuti, ripetere.<\/p>\n<h4>5. Sostieni la loro respirazione.<\/h4>\n<p>Posiziona la persona sulla schiena e inclina indietro il mento. Controlla per assicurarti che nulla stia bloccando le loro vie aeree.<\/p>\n<p>Chiudi il naso della persona e copri la bocca con la tua. Fai 2 respiri regolari, quindi ripeti con 1 respiro ogni 5 secondi.<\/p>\n<p>Puoi anche eseguire le compressioni toraciche se hai un allenamento per la RCP.<\/p>\n<h4>6. Aiuta la persona a riprendersi.<\/h4>\n<p>Rimani con l&#039;individuo fino all&#039;arrivo dei soccorsi.<\/p>\n<p>Se la persona migliora, mettila a pancia in gi\u00f9 con il viso e la testa girati di lato. Metti la mano sotto la testa e piega le ginocchia per sostenerti.<\/p>\n<p>Il naloxone non far\u00e0 alcun danno se somministrato a qualcuno che non ha oppioidi nel proprio sistema.<\/p>\n<h2>Informazioni correlate<\/h2>\n<p><a href=\"https:\/\/211md.org\/it\/risorse\/uso-di-sostanze\/\">Trova il trattamento<\/a><\/p>\n<p><a href=\"https:\/\/211md.org\/it\/risorse\/uso-di-sostanze\/smaltimento-dei-farmaci\/\">Smaltimento di farmaci da prescrizione<\/a><\/p>\n<p><a href=\"https:\/\/211md.org\/it\/mdhope\/\">MDHope<\/a><\/p>\n\t<h2>Bisogno di parlare?<\/h2>\n\t<h2>Chiama o invia un SMS al 988<\/h2>\n\t\t\t<a href=\"https:\/\/988lifeline.org\/chat\/\" target=\"_blank\" rel=\"noopener\">\n\t\t\t\t\t\t\tChatta ora (inglese)\n\t\t\t\t\t<\/a>\n\t\t\t<a href=\"https:\/\/988lifeline.org\/es\/chat\/\" target=\"_blank\" rel=\"noopener\">\n\t\t\t\t\t\t\tChatea Ahora (Spagnolo)\n\t\t\t\t\t<\/a>\n\t<p>Chiunque abbia bisogno di assistenza per problemi di salute mentale o legati all\u2019uso di sostanze pu\u00f2 chiamare il 988. <a href=\"https:\/\/988min.org\/\" target=\"_blank\" rel=\"noopener\"> Ulteriori informazioni su 988 nel Maryland.<\/a><\/p>\n<h2>\n\t\tTrova risorse\n\t<\/h2>\n\t\t\t\t<a href=\"\/it\/risorse\/invecchiamento-disabilita\/\"  target=\"_self\" itemprop=\"url\">\n\t\t\t\t<img loading=\"lazy\" decoding=\"async\" src=\"https:\/\/211md.org\/wp-content\/uploads\/bb-plugin\/cache\/Mask-Group-41@2x-circle-73eaadba4cad8269faa4720e25cf1c85-.png\" alt=\"I piedi di una donna anziana e di una donna pi\u00f9 giovane che camminano insieme\" itemprop=\"image\" height=\"500\" width=\"500\" title=\"Servizi per la disabilit\u00e0\" onerror=\"this.style.display='none'\"  \/>\n\t\t\t\t<\/a>\n\t\t<h3><a href=\"\/it\/risorse\/invecchiamento-disabilita\/\" target=\"_self\">Invecchiamento e disabilit\u00e0<\/a><\/h3>\t\n\t\t\t\t<a href=\"\/it\/risorse\/bambini-famiglie\/\"  target=\"_self\" itemprop=\"url\">\n\t\t\t\t<img loading=\"lazy\" decoding=\"async\" src=\"https:\/\/211md.org\/wp-content\/uploads\/bb-plugin\/cache\/Mask-Group-38@2x-circle-ac40d46265fbec62083cd27f6dcf23b0-.png\" alt=\"Un giovane ragazzo e una ragazza sorridente e guardando la telecamera\" itemprop=\"image\" height=\"500\" width=\"500\" title=\"Gruppo maschera 38@2x\" onerror=\"this.style.display='none'\"  \/>\n\t\t\t\t<\/a>\n\t\t<h3><a href=\"\/it\/risorse\/bambini-famiglie\/\" target=\"_self\">Bambini e famiglie<\/a><\/h3>\t\n\t\t\t\t<a href=\"\/it\/risorse\/violenza-domestica-familiare\/\"  target=\"_self\" itemprop=\"url\">\n\t\t\t\t<img loading=\"lazy\" decoding=\"async\" src=\"https:\/\/211md.org\/wp-content\/uploads\/bb-plugin\/cache\/Mask-Group-39@2x-circle-b2589197a13c791d910f46dd10b27a87-.png\" alt=\"Due paia di mani che si tengono\" itemprop=\"image\" height=\"500\" width=\"500\" title=\"Gruppo maschera 39@2x\" onerror=\"this.style.display='none'\"  \/>\n\t\t\t\t<\/a>\n\t\t<h3><a href=\"\/it\/risorse\/violenza-domestica-familiare\/\" target=\"_self\">Violenza domestica\/familiare<\/a><\/h3>\t\n\t\t\t\t<a href=\"\/it\/risorse\/ricerca-occupazione\/\"  target=\"_self\" itemprop=\"url\">\n\t\t\t\t<img loading=\"lazy\" decoding=\"async\" src=\"https:\/\/211md.org\/wp-content\/uploads\/bb-plugin\/cache\/Employment-circle-bf72562329e950df948954f5d3f44b2e-.png\" alt=\"Un meccanico di automobili\" itemprop=\"image\" height=\"500\" width=\"500\" title=\"Occupazione\" onerror=\"this.style.display='none'\"  \/>\n\t\t\t\t<\/a>\n\t\t<h3><a href=\"\/it\/risorse\/ricerca-occupazione\/\" target=\"_self\">Occupazione<\/a><\/h3>\t\n\t\t\t\t<a href=\"\/it\/risorse\/assistenza-sanitaria\/\"  target=\"_self\" itemprop=\"url\">\n\t\t\t\t<img loading=\"lazy\" decoding=\"async\" src=\"https:\/\/211md.org\/wp-content\/uploads\/bb-plugin\/cache\/Mask-Group-35@2x-circle-94be10c13e4adae1683b4589dc2f5b2f-.png\" alt=\"Medico che esamina la gamba dei ragazzi\" itemprop=\"image\" height=\"500\" width=\"500\" title=\"Gruppo maschera 35@2x\" onerror=\"this.style.display='none'\"  \/>\n\t\t\t\t<\/a>\n\t\t<h3><a href=\"\/it\/risorse\/assistenza-sanitaria\/\" target=\"_self\">Assistenza sanitaria<\/a><\/h3>\t\n\t\t\t\t<a href=\"\/it\/risorse\/cibo\/\"  target=\"_self\" itemprop=\"url\">\n\t\t\t\t<img loading=\"lazy\" decoding=\"async\" src=\"https:\/\/211md.org\/wp-content\/uploads\/bb-plugin\/cache\/Mask-Group-32@2x-circle-1c6d647dcaf998fa079d26735cedc92b-.png\" alt=\"Verdure fresche\" itemprop=\"image\" height=\"500\" width=\"500\" title=\"Gruppo maschera 32@2x\" onerror=\"this.style.display='none'\"  \/>\n\t\t\t\t<\/a>\n\t\t<h3><a href=\"\/it\/risorse\/cibo\/\" target=\"_self\">Cibo<\/a><\/h3>\t\n\t\t\t\t<a href=\"\/it\/risorse\/alloggio-rifugio\/\"  target=\"_self\" itemprop=\"url\">\n\t\t\t\t<img loading=\"lazy\" decoding=\"async\" src=\"https:\/\/211md.org\/wp-content\/uploads\/bb-plugin\/cache\/Mask-Group-34@2x-circle-b99c55fc16ef21f35e2f2a1f7cc37b9a-.png\" alt=\"Balcone complesso di appartamenti\" itemprop=\"image\" height=\"500\" width=\"500\" title=\"Condominio\" onerror=\"this.style.display='none'\"  \/>\n\t\t\t\t<\/a>\n\t\t<h3><a href=\"\/it\/risorse\/alloggio-rifugio\/\" target=\"_self\">Alloggio e rifugio<\/a><\/h3>\t\n\t\t\t\t<a href=\"\/it\/risorse\/nuovo-per-gli-stati-uniti-e-maryland\/\"  target=\"_self\" itemprop=\"url\">\n\t\t\t\t<img loading=\"lazy\" decoding=\"async\" src=\"https:\/\/211md.org\/wp-content\/uploads\/bb-plugin\/cache\/American-flag-circle-0016cc327e27ef7aeb080f1da6c6e98b-.jpg\" alt=\"nuovo per gli Stati Uniti\" itemprop=\"image\" height=\"364\" width=\"1366\" title=\"Bandiera americana\" onerror=\"this.style.display='none'\"  \/>\n\t\t\t\t<\/a>\n\t\t<h3><a href=\"\/it\/risorse\/nuovo-per-gli-stati-uniti-e-maryland\/\" target=\"_self\">Immigrazione<\/a><\/h3>\t\n\t\t\t\t<a href=\"\/it\/risorse\/bambini-famiglie\/parentela-cura\/\"  target=\"_self\" itemprop=\"url\">\n\t\t\t\t<img decoding=\"async\" src=\"https:\/\/211md.org\/wp-content\/uploads\/bb-plugin\/cache\/kinship-family-navigating-a-computer-circle-045fee9d587aefb20221bfea41a2cf9b-.png\" alt=\"famiglia di parentela che naviga su un computer\" itemprop=\"image\" title=\"famiglia di parentela che naviga su un computer\" onerror=\"this.style.display='none'\"  \/>\n\t\t\t\t<\/a>\n\t\t<h3><a href=\"\/it\/risorse\/bambini-famiglie\/parentela-cura\/\" target=\"_self\">Parentela<\/a><\/h3>\t\n\t\t\t\t<a href=\"\/it\/risorse\/servizi-legali\/\"  target=\"_self\" itemprop=\"url\">\n\t\t\t\t<img loading=\"lazy\" decoding=\"async\" src=\"https:\/\/211md.org\/wp-content\/uploads\/bb-plugin\/cache\/Housing-Legal-circle-9a8f3c1c72c54b6e1ce612d2993c1ad4-.png\" alt=\"Martelletto legale con accanto un modello in plastica di una casa\" itemprop=\"image\" height=\"348\" width=\"460\" title=\"Alloggio legale\" onerror=\"this.style.display='none'\"  \/>\n\t\t\t\t<\/a>\n\t\t<h3><a href=\"\/it\/risorse\/servizi-legali\/\" target=\"_self\">Servizi legali<\/a><\/h3>\t\n\t\t\t\t<a href=\"\/it\/risorse\/salute-mentale\/\"  target=\"_self\" itemprop=\"url\">\n\t\t\t\t<img loading=\"lazy\" decoding=\"async\" src=\"https:\/\/211md.org\/wp-content\/uploads\/bb-plugin\/cache\/Mask-Group-40@2x-circle-7bd9426367852fb3d841bc4bdc57a550-.png\" alt=\"I profili di un uomo e di una donna\" itemprop=\"image\" height=\"500\" width=\"500\" title=\"Gruppo maschera 40@2x\" onerror=\"this.style.display='none'\"  \/>\n\t\t\t\t<\/a>\n\t\t<h3><a href=\"\/it\/risorse\/salute-mentale\/\" target=\"_self\">Salute mentale<\/a><\/h3>\t\n\t\t\t\t<a href=\"\/it\/risorse\/mdreentry\/\"  target=\"_self\" itemprop=\"url\">\n\t\t\t\t<img loading=\"lazy\" decoding=\"async\" src=\"https:\/\/211md.org\/wp-content\/uploads\/bb-plugin\/cache\/Diverse-group-of-community-members-circle-4457c114cd48613bc79a0fb50060319c-.jpg\" alt=\"Gruppo eterogeneo di membri della comunit\u00e0\" itemprop=\"image\" height=\"800\" width=\"1200\" title=\"Gruppo eterogeneo di membri della comunit\u00e0\" onerror=\"this.style.display='none'\"  \/>\n\t\t\t\t<\/a>\n\t\t<h3><a href=\"\/it\/risorse\/mdreentry\/\" target=\"_self\">Rientro<\/a><\/h3>\t\n\t\t\t\t<a href=\"\/it\/stophate\/\"  target=\"_self\" itemprop=\"url\">\n\t\t\t\t<img loading=\"lazy\" decoding=\"async\" src=\"https:\/\/211md.org\/wp-content\/uploads\/bb-plugin\/cache\/Background-section-MDStophate-circle-08e2bae1cf9f2ad6cc83e01e23da8cb9-.jpg\" alt=\"Sfondo-sezione-MDStophate\" itemprop=\"image\" height=\"768\" width=\"1366\" title=\"Sfondo-sezione-MDStophate\" onerror=\"this.style.display='none'\"  \/>\n\t\t\t\t<\/a>\n\t\t<h3><a href=\"\/it\/stophate\/\" target=\"_self\">Fermare l&#039;odio<\/a><\/h3>\t\n\t\t\t\t<a href=\"\/it\/risorse\/uso-di-sostanze\/\"  target=\"_self\" itemprop=\"url\">\n\t\t\t\t<img loading=\"lazy\" decoding=\"async\" src=\"https:\/\/211md.org\/wp-content\/uploads\/bb-plugin\/cache\/Substance-Use-circle-ad2d564932dc31267e0c32a6fb2d915c-.png\" alt=\"Pillole fracassanti a mano\" itemprop=\"image\" height=\"500\" width=\"500\" title=\"Uso di sostanze\" onerror=\"this.style.display='none'\"  \/>\n\t\t\t\t<\/a>\n\t\t<h3><a href=\"\/it\/risorse\/uso-di-sostanze\/\" target=\"_self\">Uso di sostanze<\/a><\/h3>\t\n\t\t\t\t<a href=\"\/it\/risorse\/servizi-fiscali\/\"  target=\"_self\" itemprop=\"url\">\n\t\t\t\t<img loading=\"lazy\" decoding=\"async\" src=\"https:\/\/211md.org\/wp-content\/uploads\/bb-plugin\/cache\/Mask-Group-34-circle-166a606e37e61188c9a17d5e634cda3c-.png\" alt=\"Persona che compila i documenti dell&#039;imposta sul reddito\" itemprop=\"image\" height=\"500\" width=\"500\" title=\"Gruppo maschera 34\" onerror=\"this.style.display='none'\"  \/>\n\t\t\t\t<\/a>\n\t\t<h3><a href=\"\/it\/risorse\/servizi-fiscali\/\" target=\"_self\">Servizi fiscali<\/a><\/h3>\t\n\t\t\t\t<a href=\"\/it\/risorse\/utilita-assistenza\/\"  target=\"_self\" itemprop=\"url\">\n\t\t\t\t<img loading=\"lazy\" decoding=\"async\" src=\"https:\/\/211md.org\/wp-content\/uploads\/bb-plugin\/cache\/Mask-Group-37@2x-circle-9661a11b9c4082079c9a1f06bc539567-.png\" alt=\"Una lampadina accesa\" itemprop=\"image\" height=\"500\" width=\"500\" title=\"Gruppo maschera 37@2x\" onerror=\"this.style.display='none'\"  \/>\n\t\t\t\t<\/a>\n\t\t<h3><a href=\"\/it\/risorse\/utilita-assistenza\/\" target=\"_self\">Assistenza utenze<\/a><\/h3>\t\n\t\t\t\t<a href=\"\/it\/risorse\/veterani\/\"  target=\"_self\" itemprop=\"url\">\n\t\t\t\t<img decoding=\"async\" src=\"https:\/\/211md.org\/wp-content\/uploads\/bb-plugin\/cache\/Veterans-circle-7c6972a59826c74f1f658f61df785fc3-.png\" alt=\"Un soldato che stringe la mano a qualcuno e sorride\" itemprop=\"image\" title=\"Veterani\" onerror=\"this.style.display='none'\"  \/>\n\t\t\t\t<\/a>\n\t\t<h3><a href=\"\/it\/risorse\/veterani\/\" target=\"_self\">Veterani<\/a><\/h3>","protected":false},"excerpt":{"rendered":"<p>La dipendenza \u00e8 una complicata malattia del cervello. In un contesto medico, potresti sentire la dipendenza chiamata disturbo da uso di sostanze. Sebbene sia difficile affrontare queste situazioni, \u00e8 fondamentale ottenere a una persona l&#039;aiuto di cui ha bisogno il prima possibile. Gli individui possono anche lottare con problemi di salute mentale o altri problemi di salute sottostanti. E, con la droga...<\/p>","protected":false},"author":7,"featured_media":3209,"parent":837,"menu_order":0,"comment_status":"closed","ping_status":"closed","template":"","meta":{"footnotes":""},"class_list":["post-3207","page","type-page","status-publish","has-post-thumbnail","hentry"],"_links":{"self":[{"href":"https:\/\/211md.org\/it\/wp-json\/wp\/v2\/pages\/3207","targetHints":{"allow":["GET"]}}],"collection":[{"href":"https:\/\/211md.org\/it\/wp-json\/wp\/v2\/pages"}],"about":[{"href":"https:\/\/211md.org\/it\/wp-json\/wp\/v2\/types\/page"}],"author":[{"embeddable":true,"href":"https:\/\/211md.org\/it\/wp-json\/wp\/v2\/users\/7"}],"replies":[{"embeddable":true,"href":"https:\/\/211md.org\/it\/wp-json\/wp\/v2\/comments?post=3207"}],"version-history":[{"count":3,"href":"https:\/\/211md.org\/it\/wp-json\/wp\/v2\/pages\/3207\/revisions"}],"predecessor-version":[{"id":33795,"href":"https:\/\/211md.org\/it\/wp-json\/wp\/v2\/pages\/3207\/revisions\/33795"}],"up":[{"embeddable":true,"href":"https:\/\/211md.org\/it\/wp-json\/wp\/v2\/pages\/837"}],"wp:featuredmedia":[{"embeddable":true,"href":"https:\/\/211md.org\/it\/wp-json\/wp\/v2\/media\/3209"}],"wp:attachment":[{"href":"https:\/\/211md.org\/it\/wp-json\/wp\/v2\/media?parent=3207"}],"curies":[{"name":"scrivere","href":"https:\/\/api.w.org\/{rel}","templated":true}]}}