{"id":3547,"date":"2022-12-08T16:52:55","date_gmt":"2022-12-08T21:52:55","guid":{"rendered":"https:\/\/211md.org\/?page_id=3547"},"modified":"2026-02-02T08:38:51","modified_gmt":"2026-02-02T13:38:51","slug":"termini","status":"publish","type":"page","link":"https:\/\/211md.org\/it\/terms\/","title":{"rendered":"Condizioni d&#039;uso"},"content":{"rendered":"<p><strong>In vigore dal 29 aprile 2022<\/strong><\/p>\n<p>IMPORTANTE \u2013 IL PRESENTE \u00c8 UN ACCORDO LEGALE TRA L&#039;UTENTE (di seguito denominato &quot;tu&quot; o &quot;utente&quot; o con &quot;tuo&quot;) E IL MARYLAND INFORMAZIONI NETWORK 2-1-1 MARYLAND, INC. (di seguito denominato &quot;211MD&quot;) CHE SI APPLICA OGNI VOLTA CHE UTILIZZI O ACCEDI AL SITO WEB DI 211MD ALL&#039;INDIRIZZO www.211md.org E QUALSIASI ALTRA PROPRIET\u00c0 ONLINE CONTROLLATA O GESTITA DA 211MD DI VOLTA IN VOLTA (di seguito collettivamente denominate il \u201cSito\u201d). \u00c8 NECESSARIO QUINDI LEGGERE ATTENTAMENTE I SEGUENTI TERMINI E CONDIZIONI CONTENUTI NEL PRESENTE CONTRATTO SUI TERMINI DI UTILIZZO (&quot;TOU&quot;) IN QUANTO DISCIPLINANO L&#039;UTILIZZO DEL SITO. SE NON ACCETTI LE PRESENTI CGU, NON TI \u00c8 CONSENTITO UTILIZZARE O ALTRIMENTI ACCEDERE AL SITO.<\/p>\n<p><strong>1. INDICE.<\/strong>&nbsp;Il Sito non sostituisce la consulenza medica professionale, i servizi sanitari o legali professionali o le forze dell&#039;ordine. Se pensi di trovarti in un&#039;emergenza, chiama immediatamente il 911.<\/p>\n<p><strong>2. CONCESSIONE DELLA LICENZA.<\/strong>&nbsp;Il Sito \u00e8 di propriet\u00e0 e reso disponibile da 211MD, e questo TOU ti fornisce una licenza personale, revocabile, limitata, non esclusiva, non trasferibile e non sublicenziabile per utilizzare il Sito a condizione che tu continui a rispettare questo TOU. \u00c8 possibile stampare e scaricare materiali e informazioni dal Sito esclusivamente per uso personale e solo per scopi didattici, a condizione che tutte le copie cartacee contengano tutti i diritti d&#039;autore e altri avvisi applicabili contenuti in tali materiali e informazioni e che l&#039;utente non distribuisca o divulghi ulteriormente tali materiali e informazioni. Non \u00e8 possibile accedere o utilizzare il Sito o qualsiasi materiale attraverso il Sito per scopi non autorizzati, che includono, a titolo esemplificativo ma non esaustivo, scopi commerciali.<\/p>\n<p><strong>3. RESTRIZIONI ALLA CONCESSIONE DELLA LICENZA.<\/strong>&nbsp;Questo TOU \u00e8 solo una licenza e non una cessione o vendita. 211MD non trasferisce alcuna propriet\u00e0 o interesse di propriet\u00e0 intellettuale o titolo nel e al Sito a te o ad altri. Inoltre, 211MD si riserva tutti i diritti non espressamente concessi dalle presenti CGU. Di conseguenza, non \u00e8 possibile modificare, tradurre, decompilare, creare opere derivate, copiare, distribuire, disassemblare, trasmettere, trasmettere, pubblicare, rimuovere o alterare alcun avviso o etichetta proprietaria, concedere in licenza, concedere in sublicenza, trasferire, vendere, rispecchiare , inquadrare, sfruttare, affittare, affittare, etichettare privatamente, concedere un interesse di sicurezza o utilizzare in altro modo il Sito in qualsiasi modo non espressamente consentito nel presente documento. Inoltre, non \u00e8 consentito modificare le copie di alcun materiale del Sito, alcuna immagine e grafica separatamente dal testo di accompagnamento, n\u00e9 eliminare o alterare alcun avviso di copyright, marchio commerciale o diritto di propriet\u00e0 dalle copie di qualsiasi materiale.<\/p>\n<p><strong>4. OBBLIGHI DELL&#039;UTENTE.<\/strong>&nbsp;Accedendo o utilizzando il Sito, dichiari e garantisci di avere almeno diciotto (18) anni (o la maggiore et\u00e0 legale, a seconda di quale sia maggiore) e che, in ogni momento, fornirai dati veritieri, accurati, aggiornati e informazioni complete durante l&#039;invio di informazioni o materiali su o tramite il Sito, incluso, a titolo esemplificativo, quando si forniscono informazioni tramite un modulo di invio del Sito. Inoltre, accetti di rispettare tutte le leggi e i regolamenti locali, statali, nazionali e internazionali applicabili in relazione al tuo utilizzo del Sito. Riconosci e accetti inoltre che l&#039;uso di Internet \u00e8 esclusivamente a tuo rischio.<\/p>\n<p><strong>5. CONTO.<\/strong>&nbsp;La registrazione di un account per l&#039;utilizzo di aree o strumenti riservati all&#039;account del Sito pu\u00f2 richiedere credenziali di accesso, come indirizzo e-mail, nome utente, numero di telefono o password, o l&#039;adesione ad altri particolari requisiti di accesso designati da 211MD a sua esclusiva discrezione. di volta in volta. Con la presente accetti di considerare e mantenere le tue credenziali di accesso come informazioni riservate e accetti che il tuo account sia personale e che non fornirai le informazioni dell&#039;account a nessun altro individuo. Dovrai informare immediatamente 211MD qualora sospetti o venga a conoscenza di un eventuale smarrimento, furto o utilizzo non autorizzato delle tue credenziali di accesso. 211MD ha il diritto, a sua esclusiva discrezione, di disabilitare qualsiasi nome utente, password o altro identificatore se secondo 211MD l&#039;utente ha violato qualsiasi disposizione delle presenti CGU o per qualsiasi motivo o senza motivo.<\/p>\n<p><strong>6. CONTRIBUTI DEGLI UTENTI. T<\/strong>Il Sito pu\u00f2 contenere funzionalit\u00e0 interattive che consentono di inviare, pubblicare o trasmettere contenuti ad altri utenti su o attraverso il Sito (\u201cContributi utente\u201d). Pubblicando un Contributo dell&#039;utente sul Sito, concedi a 211D il diritto di utilizzare, riprodurre, modificare, visualizzare e altrimenti trasferire o divulgare a terzi qualsiasi parte dell&#039;intero Contributo dell&#039;utente. Pubblicando un Contributo dell&#039;utente, garantisci di possedere tutti i diritti relativi al Contributo dell&#039;utente e che il Contributo dell&#039;utente \u00e8 conforme a queste CDU. 211MD non \u00e8 responsabile nei confronti dell&#039;utente o di qualsiasi altra parte per il contenuto o l&#039;accuratezza dei contributi utente pubblicati dall&#039;utente o da qualsiasi altro utente del sito. 211MD si riserva inoltre il diritto di rimuovere o rifiutare di pubblicare qualsiasi Contributo dell&#039;Utente per qualsiasi motivo o senza motivo.<\/p>\n<p><strong>7. DIRITTI DI PROPRIET\u00c0.<\/strong>&nbsp;Il Sito \u00e8 di propriet\u00e0 di The Maryland Information Network 2-1-1 Maryland, Inc. Copyright 2021-2022 \u00a9 211 Maryland e\/o dei suoi licenziatari. Tutti i diritti riservati. Qualsiasi informazione o materiale scaricabile o stampabile disponibile attraverso il Sito, se non diversamente indicato, \u00e8 di propriet\u00e0 di 211MD e\/o dei suoi licenziatari. 211 MARYLAND, 2-1-1 MD, Maryland Information Network e tutti gli altri nomi, loghi e icone che identificano 211MD e i suoi servizi sono marchi di propriet\u00e0 di 211MD e qualsiasi utilizzo di tali marchi senza l&#039;espressa autorizzazione scritta di 211MD \u00e8 severamente proibito. Altri servizi, prodotti o nomi di societ\u00e0 menzionati possono essere marchi e\/o marchi di servizio dei rispettivi proprietari.<\/p>\n<p><strong>8. ALTRI TERMINI E CONDIZIONI.<\/strong>&nbsp;Ulteriori avvisi, termini e condizioni possono essere applicati agli abbonamenti digitali, alla partecipazione a sondaggi, ai pagamenti, alle comunicazioni via SMS (Short Message Service) o alla partecipazione a un programma o evento (se applicabile). Accetti di rispettare tali altri avvisi, termini e condizioni, a seconda dei casi. In caso di conflitto tra questo TOU e questi avvisi, termini e condizioni aggiuntivi, 211MD risolver\u00e0 qualsiasi conflitto in buona fede a sua esclusiva discrezione, ma questi ultimi termini generalmente prevarranno rispetto al rispettivo oggetto.<\/p>\n<p><strong>9. RISPOSTE.<\/strong>&nbsp;211MD accoglie con favore i vostri feedback e suggerimenti sui servizi di 211MD o su come migliorare il Sito. Trasmettendo suggerimenti, informazioni, materiale o altri contenuti (collettivamente, \u201cFeedback\u201d) a 211MD, dichiari e garantisci di possedere tutti i diritti su tale Feedback e che il Feedback non infrange o viola i diritti di terze parti. Inoltre, l&#039;invio del Feedback garantir\u00e0 a 211MD una licenza irrevocabile, perpetua e priva di royalty affinch\u00e9 211MD utilizzi tale Feedback in qualsiasi modo, per qualsiasi scopo e con qualsiasi mezzo, a sostegno della missione di 211MD.<\/p>\n<p><strong>10. INFORMATIVA SULLA PRIVACY.<\/strong>&nbsp;Perfavore guarda&nbsp;<a href=\"https:\/\/211md.org\/it\/politica-sulla-riservatezza\/#privacy\" target=\"_blank\" rel=\"noopener\">Informativa sulla privacy di 211MD<\/a>&nbsp;per un riepilogo delle pratiche di raccolta e utilizzo delle informazioni personali di 211MD. Riconosci e accetti inoltre che, oltre alle informazioni indicate nell&#039;Informativa sulla privacy, 211MD pu\u00f2 inviare informazioni identificative su di te alle autorit\u00e0 come parte del suo servizio di segnalazione di crimini d&#039;odio #MDStopHate o come parte di altri servizi di segnalazione di terze parti 211MD.<\/p>\n<p><strong>11. LINK AD ALTRI SITI.<\/strong>&nbsp;211MD pu\u00f2 fornire collegamenti, a sua esclusiva discrezione, ad altri siti Web di terze parti o fornire l&#039;accesso a una o pi\u00f9 pagine di terze parti su una o pi\u00f9 piattaforme di social media. Tali altri siti o pagine, comprese le piattaforme di social media, sono gestiti da terzi sui quali 211MD non esercita alcun controllo. Questi collegamenti non implicano un&#039;approvazione nei confronti di terze parti o delle informazioni, prodotti o servizi forniti da terze parti, a meno che 211MD non dichiari espressamente diversamente.<\/p>\n<p><strong>12. ESCLUSIONE DI RESPONSABILIT\u00c0.<\/strong>&nbsp;IL SITO VIENE FORNITO &quot;COS\u00cc COM&#039;\u00c8&quot; E &quot;COME DISPONIBILE&quot; E PU\u00d2 CONTENERE ERRORI, OMISSIONI O ALTRE IMPRECISIONI. 211MD NEGA ESPRESSAMENTE OGNI GARANZIA, ESPLICITA O IMPLICITA, INCLUSE, SENZA LIMITAZIONE, QUALSIASI GARANZIA DI COMMERCIABILIT\u00c0, IDONEIT\u00c0 PER UNO SCOPO PARTICOLARE O NON VIOLAZIONE.<\/p>\n<p><strong>13. LIMITAZIONE DI RESPONSABILITA&#039;.<\/strong>&nbsp;NELLA MISURA MASSIMA PREVISTA DALLA LEGGE, ASSOLVI E SOLLEVA ESPRESSAMENTE 211MD DA QUALSIASI RICHIESTA DI DANNO DERIVANTE DA UNA CAUSA OLTRE IL CONTROLLO DI 211MD. INOLTRE, IN NESSUN CASO 211MD SAR\u00c0 RESPONSABILE PER EVENTUALI DANNI INDIRETTI, PUNITIVI, ACCIDENTALI, SPECIALI O CONSEQUENZIALI DERIVANTI DA O IN QUALSIASI MODO CONNESSI ALL&#039;UTILIZZO DEL SITO O AL RITARDO O IMPOSSIBILIT\u00c0 DI UTILIZZARE IL SITO, ANCHE SE 211MD \u00c8 STATO INFORMATO DELLA POSSIBILIT\u00c0 DI TALI DANNI. NONOSTANTE QUANTO SOPRA, LA RESPONSABILIT\u00c0 TOTALE DI 211MD PER LA VIOLAZIONE DELLE PRESENTI CDU \u00c8 LA CESSAZIONE DELL&#039;UTILIZZO DEL SITO E PER QUALSIASI ALTRA RAGIONE CONNESSA ALL&#039;UTILIZZO DEL SITO, DI QUALSIASI IMPORTO NON SUPERIORE AI CENTO ($100) DOLLARI.<\/p>\n<p>ALCUNE GIURISDIZIONI NON CONSENTONO L&#039;ESCLUSIONE DI RESPONSABILIT\u00c0 O LA LIMITAZIONE DI DETERMINATE GARANZIE, CONDIZIONI, RESPONSABILIT\u00c0 E DANNI E, DI CONSEGUENZA, ALCUNE DELLE ESCLUSIONI E LIMITAZIONI DI CUI SOPRA POTREBBERO NON ESSERE APPLICABILI. IN TALI GIURISDIZIONI, LA RESPONSABILIT\u00c0 DI 211MD SAR\u00c0 LIMITATA NELLA MISURA MASSIMA CONSENTITA DALLA LEGGE APPLICABILE.<\/p>\n<p><strong>14. RAFFORZARE LA SICUREZZA.<\/strong>&nbsp;Non \u00e8 possibile utilizzare il Sito o qualsiasi dato, sistema, rete o servizio di 211MD per intraprendere, incoraggiare o promuovere comportamenti illegali, abusivi o irresponsabili incluso, senza limitazione, l&#039;accesso o l&#039;utilizzo di dati, sistemi o reti di 211MD in un modo non autorizzato, tentando di sondare, scansionare o testare la vulnerabilit\u00e0 del sistema o della rete di 211MD, eludendo qualsiasi misura di sicurezza o autenticazione, monitorando dati o traffico, interferendo con qualsiasi servizio, raccogliendo o utilizzando dal Sito indirizzi e-mail o altri identificatori, raccogliendo o utilizzare informazioni dal Sito senza il consenso di 211MD (nel presente documento o in altro modo), utilizzare informazioni false, fuorvianti o ingannevoli nell&#039;intestazione dei pacchetti TCP-IP, utilizzare il Sito per distribuire software o strumenti che raccolgono informazioni, distribuire annunci pubblicitari o impegnarsi in condotta che possa dar luogo a ritorsioni contro 211MD o i suoi dati, sistemi o rete. L&#039;uso non autorizzato effettivo o tentato del Sito pu\u00f2 comportare procedimenti penali e\/o civili, incluse, senza limitazioni, sanzioni ai sensi del Computer Fraud and Abuse Act del 1986 ai sensi della legge federale degli Stati Uniti. 211MD si riserva il diritto di visualizzare, monitorare e\/o registrare l&#039;attivit\u00e0 sul Sito al fine di mantenerne la sicurezza. Tale attivit\u00e0 registrata \u00e8 soggetta a revisione da parte delle forze dell&#039;ordine. 211MD rispetter\u00e0 inoltre tutte le ordinanze o mandati di comparizione del tribunale che comportano richieste di informazioni. 211MD si riserva il diritto in qualsiasi momento di sospendere o interrompere il funzionamento o l&#039;accesso al Sito o a qualsiasi parte del Sito.<\/p>\n<strong>15. RILASCIO INGIUNTIVO.<\/strong>&nbsp;L&#039;utente accetta che 211MD abbia il diritto, oltre ad altri rimedi disponibili, di chiedere e ottenere un&#039;ingiunzione o altro provvedimento equo appropriato da un tribunale della giurisdizione competente che limiti qualsiasi violazione, minacciata o effettiva, dei suoi obblighi ai sensi di qualsiasi disposizione di questo TOU . Di conseguenza, con la presente rinunci a qualsiasi requisito che 211MD invii qualsiasi legame o altra garanzia nel caso in cui qualsiasi provvedimento ingiuntivo o equo sia richiesto o assegnato a 211MD per far rispettare qualsiasi disposizione di questo TOU.<br>\n16. DURATA E RISOLUZIONE. Le presenti Condizioni d&#039;uso entreranno in vigore (o riacquisteranno effetto) nel momento in cui riconosci (ad esempio, selezioni una casella) di aver letto, compreso e accettato di rispettare i termini e le condizioni del Sito, registrarti per un account sul Sito, rispondere tramite il Sito a una richiesta di informazioni e\/o iniziare a scaricare, accedere o utilizzare il Sito, a seconda dell&#039;azione o dell&#039;evento che si verifica per primo. 211MD si riserva il diritto in qualsiasi momento e per motivi ragionevoli di negare l&#039;accesso al Sito o a qualsiasi parte di esso e le presenti CGU termineranno automaticamente anche in caso di mancato rispetto dei suoi termini e condizioni, fatti salvi i diritti di sopravvivenza di alcune disposizioni identificate. sotto. La risoluzione sar\u00e0 effettiva senza preavviso. Puoi anche risolvere le presenti CDU in qualsiasi momento cessando di utilizzare il Sito, ma tutte le disposizioni applicabili delle presenti CDU sopravvivranno alla risoluzione, come identificato di seguito, e ogni riaccesso o utilizzo del Sito riapplicher\u00e0 queste CDU (allora in vigore) a te. Al momento della risoluzione, dovrai distruggere tutte le copie di qualsiasi aspetto del Sito in tuo possesso. Le disposizioni relative ai diritti di propriet\u00e0 di 211MD, al Feedback, alle esclusioni di responsabilit\u00e0 (di garanzia), alle limitazioni di responsabilit\u00e0, alla rinuncia e alla separabilit\u00e0, all&#039;intero accordo, ai provvedimenti ingiuntivi e alla legge applicabile sopravviveranno alla risoluzione delle presenti CGU per qualsiasi motivo.\n<p><strong>17. LEGGE APPLICABILE.<\/strong>&nbsp;Il Sito \u00e8 controllato e gestito da 211MD dai suoi uffici negli Stati Uniti. Questo TOU \u00e8 stato redatto e sar\u00e0 interpretato e applicato in conformit\u00e0 con le leggi dello Stato del Maryland applicate agli accordi stipulati e completamente eseguiti nello Stato del Maryland. Qualsiasi azione per far rispettare questo TOU sar\u00e0 intentata nei tribunali che presiedono nello Stato del Maryland, e tutte le parti di questo TOU accettano espressamente di essere soggette alla giurisdizione di tali tribunali. L&#039;accesso al Sito potrebbe non essere legale per determinate persone o in alcuni paesi. Se accedi al Sito al di fuori degli Stati Uniti, lo fai di tua iniziativa e sei responsabile del rispetto delle leggi locali. Una versione stampata di questo TOU e di qualsiasi avviso correlato fornito in formato elettronico sar\u00e0 ammissibile in procedimenti giudiziari o amministrativi.<\/p>\n<p><strong>18. RINUNCIA E SEPARABILITA&#039;.<\/strong>&nbsp;La mancata insistenza sull&#039;esecuzione rigorosa di uno qualsiasi dei termini e delle condizioni di questo TOU non costituir\u00e0 una rinuncia a qualsiasi successivo inadempimento o mancato adempimento. Nessuna rinuncia da parte di 211MD di qualsiasi diritto ai sensi del presente TOU sar\u00e0 considerata una rinuncia a qualsiasi altro diritto o disposizione o una rinuncia allo stesso diritto o disposizione in qualsiasi altro momento. Se qualsiasi parte di questo TOU \u00e8 ritenuta non valida o inapplicabile ai sensi della legge applicabile, incluse, ma non limitate a, le esclusioni di garanzia, la sede, il reclamo e le limitazioni di responsabilit\u00e0 di cui sopra, allora la disposizione non valida o inapplicabile sar\u00e0 considerata sostituita da una disposizione valida e applicabile che corrisponda pi\u00f9 chiaramente all&#039;intento della disposizione originale e il resto di questo TOU continuer\u00e0 ad avere effetto.<\/p>\n<p><strong>19. INTERO ACCORDO.<\/strong>&nbsp;Non esiste alcun rapporto di joint venture, partnership, impiego, affiliazione o agenzia tra te e 211MD come risultato di questo TOU o del tuo utilizzo del sito. Questo TOU rappresenta l&#039;intero accordo tra te e 211MD in relazione all&#039;uso del Sito e sostituisce tutte le comunicazioni e le proposte precedenti o contemporanee, siano esse elettroniche, orali o scritte tra te e 211MD in relazione al Sito. Non \u00e8 possibile assegnare, delegare o trasferire alcun diritto ai sensi delle presenti CGU senza il previo consenso scritto di 211MD. Si prega di notare che 211MD si riserva il diritto di modificare i termini e le condizioni di questo TOU pubblicando un TOU modificato e un annuncio corrispondente del TOU modificato, o inviandovi un avviso per posta e\/o e-mail. Inoltre, 211MD pu\u00f2 aggiungere, modificare o eliminare qualsiasi aspetto, programma o funzionalit\u00e0 del Sito, ma 211MD non ha alcun obbligo di aggiungere aggiornamenti, miglioramenti o modifiche. L&#039;uso continuato del Sito in seguito a qualsiasi modifica annunciata sar\u00e0 considerato definitivamente accettazione di qualsiasi modifica ai termini e alle condizioni di questo TOU. Di conseguenza, sei tenuto a verificare la presenza di annunci e rivedere questo TOU su base periodica.<\/p>\n<p><strong>20. CONTATTO.<\/strong>&nbsp;In caso di domande relative al Sito o se si \u00e8 interessati a ottenere maggiori informazioni su 211MD, contattare 211MD all&#039;indirizzo info@211md.org (e-mail).<\/p>","protected":false},"excerpt":{"rendered":"<p>In vigore dal 29 aprile 2022 IMPORTANTE: QUESTO \u00c8 UN ACCORDO LEGALE TRA L&#039;UTENTE (di seguito indicato come &quot;tu&quot; o &quot;utente&quot; o con &quot;tuo&quot;) E IL MARYLAND INFORMAZIONI NETWORK 2-1-1 MARYLAND, INC. (di seguito indicato come &quot;211MD&quot;) CHE SI APPLICA OGNI VOLTA CHE UTILIZZI O ACCEDI AL SITO WEB DI 211MD ALL&#039;INDIRIZZO www.211md.org E A QUALSIASI ALTRA PROPRIET\u00c0 ONLINE CONTROLLATA O...<\/p>","protected":false},"author":13,"featured_media":0,"parent":0,"menu_order":0,"comment_status":"closed","ping_status":"closed","template":"","meta":{"footnotes":""},"class_list":["post-3547","page","type-page","status-publish","hentry"],"_links":{"self":[{"href":"https:\/\/211md.org\/it\/wp-json\/wp\/v2\/pages\/3547","targetHints":{"allow":["GET"]}}],"collection":[{"href":"https:\/\/211md.org\/it\/wp-json\/wp\/v2\/pages"}],"about":[{"href":"https:\/\/211md.org\/it\/wp-json\/wp\/v2\/types\/page"}],"author":[{"embeddable":true,"href":"https:\/\/211md.org\/it\/wp-json\/wp\/v2\/users\/13"}],"replies":[{"embeddable":true,"href":"https:\/\/211md.org\/it\/wp-json\/wp\/v2\/comments?post=3547"}],"version-history":[{"count":0,"href":"https:\/\/211md.org\/it\/wp-json\/wp\/v2\/pages\/3547\/revisions"}],"wp:attachment":[{"href":"https:\/\/211md.org\/it\/wp-json\/wp\/v2\/media?parent=3547"}],"curies":[{"name":"scrivere","href":"https:\/\/api.w.org\/{rel}","templated":true}]}}