{"id":3548,"date":"2022-12-08T16:56:09","date_gmt":"2022-12-08T21:56:09","guid":{"rendered":"https:\/\/211md.org\/?page_id=3548"},"modified":"2025-06-04T12:53:17","modified_gmt":"2025-06-04T16:53:17","slug":"sms","status":"publish","type":"page","link":"https:\/\/211md.org\/it\/sms\/","title":{"rendered":"Termini e condizioni per gli avvisi tramite messaggi di testo"},"content":{"rendered":"<p><strong>Data di entrata in vigore: 19 dicembre 2022<\/strong><\/p>\n<p>I presenti Termini e condizioni del servizio di messaggi brevi (SMS) (i &quot;Termini SMS&quot;) si applicano ai messaggi di testo ed e-mail offerti dal Maryland Information Network 2-1-1 Maryland, Inc. (211 Maryland) (tali messaggi di testo ed e-mail si riferiscono come \u201cAvvisi via SMS\u201d). \u00c8 NECESSARIO RIVEDERE I PRESENTI TERMINI SMS PRIMA DI ISCRIVERSI A QUALSIASI SERVIZIO DI MESSAGGISTICA DI TESTO DISPONIBILE TRAMITE IL SITO 211 MARYLAND. Questi termini sono distinti dai termini di utilizzo di 211 Maryland che regolano l&#039;uso del sito Web di 211 Maryland, trovati <a href=\"https:\/\/211md.org\/it\/termini\/\">QUI<\/a>. Vedi anche 211 Maryland <u><a href=\"https:\/\/211md.org\/it\/politica-sulla-riservatezza\/\">Riservatezza<\/a><\/u><a href=\"https:\/\/211md.org\/it\/politica-sulla-riservatezza\/\"> Politica<\/a> per un riepilogo delle pratiche di raccolta e utilizzo delle informazioni personali identificabili del 211 Maryland.<\/p>\n<h3><strong>Partecipa.<\/strong><\/h3>\n<p>Il numero di messaggi di testo del Maryland 211 che riceverai varier\u00e0 a seconda del numero di programmi di messaggistica di testo del Maryland 211 a cui ti iscrivi, designi o selezioni. Per aderire a un programma di avvisi tramite messaggi di testo, inviare la parola chiave per il programma a cui si desidera aderire al numero 898-211 o 211-MD1, a seconda del programma. Tali parole chiave possono essere trovate <a href=\"https:\/\/211md.org\/it\/about\/messaggi-di-testo\/\">Qui<\/a> per aderire ai programmi di avviso di messaggistica di testo 211 Maryland. Le tariffe Msg&amp;data e la frequenza dei messaggi possono variare con tutti i suddetti.<\/p>\n<p>Inviando la parola chiave a &quot;TXT-211&quot; (898-211), gli abbonati possono aspettarsi di ricevere i seguenti tipi di messaggi:<\/p>\n<ul>\n<li>Informazioni e istruzione che provengono da partenariati e lavoro completato da 211 fornitori di servizi del Maryland e dai suoi affiliati, partner e parti interessate. Gli avvisi specifici per regione includeranno informazioni sulla salute mentale di adulti e adolescenti, parentela, crimini d&#039;odio, invecchiamento e disabilit\u00e0, oppioidi, benessere, veterani e preparazione alle catastrofi.<\/li>\n<\/ul>\n<p>Inviando la parola chiave &quot;HealthCheck&quot; a &quot;211-MD1&quot; (211-631), gli abbonati possono aspettarsi di ricevere i seguenti tipi di messaggi:<\/p>\n<ul>\n<li>Informazioni e istruzione che provengono da partenariati e lavoro completato da 211 fornitori di servizi del Maryland e dai suoi affiliati, partner e parti interessate. Gli avvisi specifici per regione includeranno informazioni relative alla salute mentale\/controllo della salute.<\/li>\n<\/ul>\n<p>Inviando la parola chiave &quot;MdReady&quot; o &quot;MdListo&quot; per lo spagnolo al numero &quot;211-631&quot;, gli abbonati possono aspettarsi di ricevere i seguenti tipi di messaggi:<\/p>\n<ul>\n<li>Avvisi di emergenza in tempo reale, durante e dopo il disastro, che interessano la tua comunit\u00e0 (in base al codice postale o alla parola chiave che fornisci quando ti abboni agli avvisi MdReady).<\/li>\n<\/ul>\n<p>Inviando un SMS con il tuo codice postale al numero &quot;63-211&quot;, gli abbonati possono aspettarsi di ricevere i seguenti tipi di messaggi:<\/p>\n<ul>\n<li>Questo numero fornisce informazioni e risorse specifiche per le tue esigenze, in base alla conversazione via SMS con lo specialista del call center 211.<\/li>\n<li>Anche chi chiama o invia un SMS al numero 2-1-1 potr\u00e0 abbonarsi a questo numero per ricevere messaggi di testo continui relativi al programma 211 Maryland e alle risorse.<\/li>\n<\/ul>\n<h3><strong>Messaggi ritardati o non consegnati.<\/strong><\/h3>\n<p>Gli avvisi inviati tramite SMS potrebbero non essere recapitati se il tuo telefono non si trova nel raggio di portata di un sito di trasmissione o se in un determinato momento non \u00e8 disponibile una capacit\u00e0 di rete sufficiente. Anche all&#039;interno di un&#039;area di copertura, fattori che esulano dal controllo del tuo operatore wireless potrebbero interferire con la consegna dei messaggi, tra cui l&#039;attrezzatura del cliente, il terreno, la vicinanza agli edifici, il fogliame e le condizioni meteorologiche. L&#039;utente riconosce che gli avvisi urgenti potrebbero non essere ricevuti tempestivamente e che il proprio operatore wireless non garantisce che gli avvisi verranno recapitati.<\/p>\n<p>Se cambi o disconnetti il tuo numero di cellulare, \u00e8 tua responsabilit\u00e0 informare 211 Maryland di questa modifica inviando un sms STOP al numero a cui ti sei abbonato.<\/p>\n<h3><strong>Decidere di uscire.<\/strong><\/h3>\n<p>Per interrompere la ricezione di messaggi di testo dai programmi 211 Maryland Text Messaging Alerts, text\u00a0<strong>FERMARE\u00a0<\/strong>al numero 898-211 in qualsiasi momento per rimuovere il tuo numero da tutti i programmi di avvisi di messaggistica di testo di 211 Maryland e per non ricevere ulteriori messaggi da 211 Maryland a meno che non ti iscrivi nuovamente seguendo le istruzioni sopra riportate. Riceverai quindi la conferma della tua rinuncia ai programmi di avvisi tramite messaggi di testo.<\/p>\n<h3>Aiuto<\/h3>\n<p>Per ricevere assistenza per un servizio di testo 211 Maryland, puoi chiamare il 2-1-1 da qualsiasi telefono, e-mail <a href=\"mailto:info@211md.org\" data-linkindex=\"13\">info@211md.org<\/a>\u00a0oppure visita questa pagina\u00a0<a href=\"https:\/\/211md.org\/it\/sms\/\" data-auth=\"NotApplicable\" data-linkindex=\"14\">https:\/\/211md.org\/sms\/<\/a>\u00a0Ancora.<\/p>\n<p>Per non ricevere pi\u00f9 messaggi da questo servizio, invia un SMS con la parola STOP.<\/p>\n<p>Potrebbero essere applicate tariffe per messaggi e dati; la frequenza dei messaggi potrebbe variare a seconda di quanto sopra indicato.<\/p>\n<h3><strong>Uso delle informazioni e dei servizi.<\/strong><\/h3>\n<p>211 Text Messaging Alerts del Maryland non sostituisce il 9-1-1 (servizi di emergenza), il 4-1-1 (assistenza nell&#039;elenco telefonico) o altre hotline specializzate o registrazioni automatizzate. Sebbene gli avvisi tramite messaggi di testo del 211 Maryland supportino le persone con problemi di udito\/parola, gli avvisi tramite messaggi di testo non sostituiscono nemmeno il 7-1-1 (servizi di limitazioni dell&#039;udito o della parola).<\/p>\n<p>Le informazioni e i servizi forniti da 211 Maryland&#039;s Text Messaging Alerts sono solo a scopo informativo e l&#039;affidamento sulle informazioni fornite tramite SMS Alerts \u00e8 esclusivamente a proprio rischio.<\/p>\n<p>Le informazioni, i servizi e i materiali di 211 Maryland&#039;s Text Messaging Alerts sono forniti &quot;cos\u00ec come sono&quot; senza alcuna garanzia. Nella misura massima consentita dalla legge applicabile, 211 Maryland declina ogni dichiarazione e garanzia, espressa o implicita, rispetto a tali informazioni, servizi, prodotti e materiali, incluse, a titolo esemplificativo, eventuali garanzie implicite di commerciabilit\u00e0, idoneit\u00e0 per uno scopo particolare e non violazione .<\/p>\n<p>In nessun caso 211 Maryland sar\u00e0 responsabile per eventuali danni consequenziali, indiretti, incidentali, speciali o punitivi, comunque causati e sotto qualsiasi teoria di responsabilit\u00e0 (inclusa la negligenza), derivanti dall&#039;uso degli avvisi di messaggistica di testo di 211 Maryland o dalla fornitura del informazioni, servizi, prodotti e materiali forniti da 211 Maryland&#039;s Text Messaging Alerts, anche se 211 Maryland \u00e8 stato informato della possibilit\u00e0 di tali danni.<\/p>\n<p>Dichiari di essere il titolare dell&#039;account per i numeri di cellulare o di telefono che fornisci. Sei responsabile di notificare immediatamente il 211 Maryland se cambi il tuo numero di cellulare.<\/p>\n<h3><strong>Siti esterni.<\/strong><\/h3>\n<p>211 Maryland&#039;s Text Messaging Alerts pu\u00f2 fornire collegamenti ad altri siti su Internet di propriet\u00e0 e gestiti da terze parti. L&#039;utente riconosce che 211 Maryland non \u00e8 responsabile della disponibilit\u00e0 o del contenuto presente su o attraverso tali siti esterni.<\/p>\n<h3><strong>Cessazione dell&#039;utilizzo.<\/strong><\/h3>\n<p>211 Maryland pu\u00f2 interrompere o sospendere l&#039;accesso dell&#039;utente a tutti o parte dei servizi di avvisi di messaggistica di testo di 211 Maryland, senza preavviso, per qualsiasi condotta che 211 Maryland, a sua esclusiva discrezione, ritiene sia in violazione di qualsiasi legge applicabile o dannosa per gli interessi di un altro utente, uno sponsor, un commerciante o un&#039;altra terza parte o i servizi di avvisi di messaggistica di testo di 211 Maryland.<\/p>\n<h3><strong>Modifica dei termini e delle condizioni.<\/strong><\/h3>\n<p>211 Maryland si riserva il diritto, in qualsiasi momento, di modificare, alterare o aggiornare i presenti Termini SMS inviando all&#039;utente i Termini SMS modificati o inviando all&#039;utente un avviso per posta e\/o e-mail. L&#039;utente accetta di essere vincolato da tali modifiche, alterazioni o aggiornamenti, a meno che non decida di non ricevere gli avvisi tramite messaggi di testo (come indicato sopra). Di conseguenza, sei tenuto a rivedere periodicamente i presenti Termini SMS.<\/p>\n<h3><strong>Legge governativa.<\/strong><\/h3>\n<p>I 211 avvisi di messaggistica di testo del Maryland sono regolati dalle leggi dello stato del Maryland.<\/p>\n\n<p>&nbsp;<\/p>","protected":false},"excerpt":{"rendered":"<p>Data di entrata in vigore: 19 dicembre 2022 I presenti Termini e condizioni del servizio di messaggi brevi (SMS) (i &quot;Termini SMS&quot;) si applicano ai messaggi di testo ed e-mail offerti dal Maryland Information Network 2-1-1 Maryland, Inc. (211 Maryland) (i messaggi di testo e di posta elettronica denominati &quot;Avvisi tramite messaggi di testo&quot;). DEVI RIVEDERE QUESTI TERMINI SMS PRIMA DI FIRMARE...<\/p>","protected":false},"author":13,"featured_media":0,"parent":0,"menu_order":0,"comment_status":"closed","ping_status":"closed","template":"","meta":{"footnotes":""},"class_list":["post-3548","page","type-page","status-publish","hentry"],"_links":{"self":[{"href":"https:\/\/211md.org\/it\/wp-json\/wp\/v2\/pages\/3548","targetHints":{"allow":["GET"]}}],"collection":[{"href":"https:\/\/211md.org\/it\/wp-json\/wp\/v2\/pages"}],"about":[{"href":"https:\/\/211md.org\/it\/wp-json\/wp\/v2\/types\/page"}],"author":[{"embeddable":true,"href":"https:\/\/211md.org\/it\/wp-json\/wp\/v2\/users\/13"}],"replies":[{"embeddable":true,"href":"https:\/\/211md.org\/it\/wp-json\/wp\/v2\/comments?post=3548"}],"version-history":[{"count":1,"href":"https:\/\/211md.org\/it\/wp-json\/wp\/v2\/pages\/3548\/revisions"}],"predecessor-version":[{"id":4556,"href":"https:\/\/211md.org\/it\/wp-json\/wp\/v2\/pages\/3548\/revisions\/4556"}],"wp:attachment":[{"href":"https:\/\/211md.org\/it\/wp-json\/wp\/v2\/media?parent=3548"}],"curies":[{"name":"scrivere","href":"https:\/\/api.w.org\/{rel}","templated":true}]}}