{"id":3758,"date":"2023-05-01T11:24:18","date_gmt":"2023-05-01T15:24:18","guid":{"rendered":"https:\/\/211md.org\/?page_id=3758"},"modified":"2025-09-11T08:53:11","modified_gmt":"2025-09-11T12:53:11","slug":"teen-support","status":"publish","type":"page","link":"https:\/\/211md.org\/it\/resources\/mental-health\/teen-support\/","title":{"rendered":"In che modo i genitori e gli operatori sanitari possono supportare la salute mentale degli adolescenti"},"content":{"rendered":"<img decoding=\"async\" src=\"https:\/\/stg-maryland211-staging.kinsta.cloud\/wp-content\/uploads\/2025\/08\/5-1-scaled.png\" alt=\"5\" itemprop=\"image\" height=\"692\" width=\"2560\" title=\"5\" onerror=\"this.style.display='none'\" loading=\"lazy\" \/>\n\t\t<h1><a href=\"#start\" target=\"_self\">Intestazione di pagina predefinita<\/a><\/h1><p>Quando la salute mentale di un adolescente \u00e8 solida, riesce a gestire gli alti e bassi emotivi che accompagnano l&#039;esplorazione del mondo. <\/p>\n<p>\u00c8 disponibile un aiuto per i problemi di salute mentale. Scopri come supportare gli adolescenti nella tua vita.\u00a0<\/p>\n\t\t\t<a href=\"#start\" target=\"_self\">\n\t\t\t\t\t\tPer iniziare\n\t\t\t\t\t<\/a>\n\t\t\t\t<img decoding=\"async\" src=\"https:\/\/211md.org\/wp-content\/plugins\/bb-plugin\/img\/pixel.png\" alt=\"\" itemprop=\"image\" onerror=\"this.style.display='none'\" loading=\"lazy\" \/>\n\t\t\t\t<img decoding=\"async\" src=\"https:\/\/stg-maryland211-staging.kinsta.cloud\/wp-content\/uploads\/2025\/08\/16.png\" alt=\"16\" itemprop=\"image\" height=\"1000\" width=\"1000\" title=\"16\" onerror=\"this.style.display='none'\" loading=\"lazy\" \/>\n\t\t\t\t<img decoding=\"async\" src=\"http:\/\/211md.org\/wp-content\/uploads\/2023\/04\/Lonely-teen-by-himself-at-school.png\" alt=\"Adolescente solo a scuola\" itemprop=\"image\" title=\"Adolescente solo a scuola\" onerror=\"this.style.display='none'\" loading=\"lazy\" \/>\n\t<h2>Trovare aiuto per la salute mentale degli adolescenti<\/h2>\n<p>Il giusto supporto al momento giusto pu\u00f2 aiutare un adolescente a prosperare e prevenire problemi di apprendimento, relazioni o <a href=\"https:\/\/211md.org\/it\/risorse\/uso-di-sostanze\/\">sostanze nocive<\/a>.<\/p>\n<p>L&#039;aiuto \u00e8 disponibile nel Maryland attraverso:<\/p>\n<ul>\n<li>IL <a href=\"https:\/\/988min.org\/\" target=\"_blank\" rel=\"noopener\">Numero verde 988<\/a> (supporto in caso di crisi). Chiama o invia un SMS al 988, oppure <a href=\"https:\/\/988lifeline.org\/chat\/\" target=\"_blank\" rel=\"noopener\">chattare in inglese<\/a> o <a href=\"https:\/\/988lifeline.org\/es\/chat\/\" target=\"_blank\" rel=\"noopener\">spagnolo<\/a>.<\/li>\n<li>fornitori di cure primarie, come il pediatra o il medico di famiglia<\/li>\n<li>consulenti scolastici<\/li>\n<li>211 programma di messaggistica per adolescenti chiamato <a href=\"https:\/\/211md.org\/it\/about\/messaggi-di-testo\/mdyoungminds\/\">MDYoungMinds<\/a><\/li>\n<li>programmi di supporto alla telemedicina<\/li>\n<li>professionisti della salute mentale, come consulenti, assistenti sociali, psichiatri o psicologi<\/li>\n<\/ul>\n<p>\u00c8 anche possibile cercare operatori sanitari specializzati in salute mentale nel database sulla salute comportamentale dello Stato, gestito dal Maryland Information Network.<\/p>\n\t\t\t<a href=\"https:\/\/search.988.mdinfonet.org\/\" target=\"_blank\" rel=\"noopener\">\n\t\t\t\t\t\t\tCerca un fornitore di servizi di salute mentale\n\t\t\t\t\t<\/a>\n\t<h2>Bisogno di parlare?\u00a0<\/h2>\n<p>&nbsp;<\/p>\n\t<h2>Chiama o invia un SMS al 988<\/h2>\n\t\t\t<a href=\"https:\/\/988lifeline.org\/chat\/\" target=\"_blank\" rel=\"noopener\">\n\t\t\t\t\t\t\tChatta ora (inglese)\n\t\t\t\t\t<\/a>\n\t\t\t<a href=\"https:\/\/988lifeline.org\/es\/chat\/\" target=\"_blank\" rel=\"noopener\">\n\t\t\t\t\t\t\tChatea Ahora (Spagnolo)\n\t\t\t\t\t<\/a>\n\t<p>Chiunque abbia bisogno di assistenza per problemi di salute mentale o legati all\u2019uso di sostanze pu\u00f2 chiamare il 988. <a href=\"https:\/\/988min.org\/\" target=\"_blank\" rel=\"noopener\">Ulteriori informazioni su 988 nel Maryland<\/a>.<\/p>\n\t<h2>Segnali di avvertimento<\/h2>\n<p>In molti bambini, i problemi di salute mentale passano inosservati o non ricevono aiuto. Riconoscere i segnali pu\u00f2 aiutare l&#039;adolescente a ottenere aiuto.<\/p>\n<p><a href=\"https:\/\/pubmed.ncbi.nlm.nih.gov\/15939837\/\" target=\"_blank\" rel=\"noopener\">Ricerca<\/a> dimostra che il 50% dei problemi di salute mentale emergono entro i 14 anni.<\/p>\n<p>Secondo il <a href=\"https:\/\/www.mhamd.org\/wp-content\/uploads\/2023\/02\/DiscussingYourChildsMentalHealthwithYourPrimaryCareProvider_factsheet_CMHMBHIPP_Jan2023.pdf\" target=\"_blank\" rel=\"noopener\">Associazione per la salute mentale del Maryland<\/a>, i genitori e gli operatori sanitari dovrebbero cercare questi segni di una malattia mentale o condizione di salute mentale:<\/p>\n<ul>\n<li>Difficolt\u00e0 a casa, a scuola o socialmente. Il bambino pu\u00f2 litigare o andare male a scuola.<\/li>\n<li>Preoccupazioni tutto il tempo.<\/li>\n<li>Notevoli cambiamenti nel sonno, nell&#039;umore, nell&#039;appetito o nel comportamento.<\/li>\n<li>Schemi di attivit\u00e0 ripetitive che interferiscono con la frequenza scolastica, il sonno o l&#039;appetito.<\/li>\n<li>Aumento dei sentimenti di tristezza, rabbia, stress, preoccupazione, bassa autostima e dolore.<\/li>\n<li>Non ride n\u00e9 sorride.<\/li>\n<li>Frequenti scoppi d&#039;ira, mal di stomaco o mal di testa senza causa medica nota.<\/li>\n<li>Impossibile stare fermo.<\/li>\n<li>Non sembra ascoltare le istruzioni.<\/li>\n<li>Agisce senza pensare.<\/li>\n<li>Ha comportamenti che dal punto di vista dello sviluppo non dovrebbero pi\u00f9 essere un problema come appiccicosit\u00e0, bagnatura o sporcizia.<\/li>\n<li>Ha difficolt\u00e0 a farsi degli amici a causa del comportamento aggressivo o spaventoso.<\/li>\n<li>Passa pi\u00f9 tempo da solo.<\/li>\n<li>Evita le attivit\u00e0 o le cose che l&#039;individuo una volta amava.<\/li>\n<li>Momento pi\u00f9 difficile in situazioni che prima andavano bene.<\/li>\n<li>Ha bisogno di pi\u00f9 supporto.<\/li>\n<li>Ha un comportamento sessuale che \u00e8 pi\u00f9 della normale curiosit\u00e0.<\/li>\n<li>Gioca ripetutamente con il fuoco.<\/li>\n<li>Crudelt\u00e0 verso gli animali.<\/li>\n<li>Sente voci o vede cose.<\/li>\n<li>Fa uso di droghe o alcol.<\/li>\n<\/ul>\n<p>Se hai un problema, chiedi aiuto e supporto. Fidati del tuo istinto come genitore o badante.<\/p>\n\t<h3>Segni di depressione adolescenziale<\/h3>\n<p>La depressione \u00e8 un tipo di disturbo di salute mentale.<\/p>\n<blockquote><p>Secondo l&#039;indagine, il 20% degli adolescenti di et\u00e0 compresa tra 12 e 17 anni ha sperimentato un episodio depressivo maggiore. <a href=\"https:\/\/www.cdc.gov\/childrensmentalhealth\/features\/understanding-public-health-concern.html\" target=\"_blank\" rel=\"noopener\">Centro per la prevenzione e il controllo delle malattie<\/a>.<\/p><\/blockquote>\n<p>Anche se spesso pensiamo alla depressione come a un momento di &quot;malinconia&quot;, non \u00e8 sempre cos\u00ec, soprattutto nei bambini, negli adolescenti e nei giovani adulti. La depressione \u00e8 pi\u00f9 di un semplice umore lunatico.<\/p>\n<p>I segni della depressione possono cambiare man mano che l&#039;individuo invecchia.<\/p>\n<p>Ad esempio, alcuni dei sintomi di un bambino affetto da depressione possono essere:<\/p>\n<ul>\n<li>ansia<\/li>\n<li>essere irritabile<\/li>\n<li>appiccicoso<\/li>\n<li>rifiutarsi di andare a scuola<\/li>\n<\/ul>\n<p>I bambini pi\u00f9 grandi e gli adolescenti possono:<\/p>\n<ul>\n<li>mettersi nei guai a scuola<\/li>\n<li>frustrarsi facilmente<\/li>\n<li>sentirsi irrequieti<\/li>\n<li>avere una bassa autostima<\/li>\n<\/ul>\n<p>I giovani adulti possono:<\/p>\n<ul>\n<li>essere irritabile<\/li>\n<li>avere una visione negativa della vita<\/li>\n<\/ul>\n<p>Quando queste sensazioni persistono per settimane e non riesci a concentrarti o a fare cose che una volta ti piacevano, \u00e8 il momento di chiedere aiuto.<\/p>\n<h3>domande per aiutare a identificare la depressione<\/h3>\n<p>Per aiutare a identificare e rilevare precocemente la depressione, <a href=\"https:\/\/www.nimh.nih.gov\/health\/publications\/teen-depression\" target=\"_blank\" rel=\"noopener\">Istituto Nazionale di Salute Mentale<\/a>\u00a0suggerisce di porsi queste domande.<\/p>\n<p>Mio figlio o io sento...?<\/p>\n<ul>\n<li>Triste, ansioso, inutile o \u201cvuoto\u201d?<\/li>\n<li>Disinteressato alle attivit\u00e0 che una volta mi piacevano?<\/li>\n<li>Facilmente frustrato, arrabbiato o irritabile?<\/li>\n<li>Mi sto ritirando da amici e familiari?<\/li>\n<li>Che non vado bene a scuola?<\/li>\n<li>Le mie abitudini alimentari e di sonno quotidiane sono cambiate?<\/li>\n<li>Stanchi, affaticati o hanno subito perdite di memoria?<\/li>\n<li>Come farmi del male o suicidarmi?<\/li>\n<\/ul>\n<p>I sintomi possono variare da persona a persona.<\/p>\n<p>\u00c8 possibile avere pochi sintomi o solo alcuni.<\/p>\n<p>In caso di dubbi, rivolgiti a un professionista qualificato. Chiama il 988 per assistenza immediata.<\/p>\n\t<h2>Social media e salute mentale<\/h2>\n<p>Esiste un legame tra la depressione e l&#039;isolamento percepito e gli adolescenti con un elevato utilizzo dei social media.<\/p>\n<p>Anche l&#039;uso elevato di Internet e la dipendenza da Internet sono collegati all&#039;autolesionismo.<\/p>\n<blockquote><p>Secondo una ricerca pubblicata sulla rivista &quot;The American Journal of Suicide and Suicide&quot;, gli adolescenti che trascorrono tre o pi\u00f9 ore al giorno su un dispositivo elettronico hanno il 351% di probabilit\u00e0 in pi\u00f9 di avere un fattore di rischio per il suicidio, come l&#039;elaborazione di un piano. <a href=\"https:\/\/journals.sagepub.com\/doi\/10.1177\/2167702617723376\" target=\"_blank\" rel=\"noopener\">Associazione per la scienza psicologica<\/a>.<\/p><\/blockquote>\n<p>Se conosci un adolescente che parla di fare del male a se stesso o agli altri, chiedi aiuto immediatamente. Chiama o invia un messaggio al 988. Puoi anche chattare con il 988 Suicide &amp; Crisis Lifeline in <a href=\"https:\/\/988lifeline.org\/chat\/\" target=\"_blank\" rel=\"noopener\">inglese<\/a> o <a href=\"https:\/\/988lifeline.org\/es\/chat\/\" target=\"_blank\" rel=\"noopener\">spagnolo<\/a>.<\/p>\n\t\t\t<a href=\"https:\/\/988lifeline.org\/chat\/\" target=\"_blank\" rel=\"noopener\">\n\t\t\t\t\t\t\tChatta con 988 (inglese)\n\t\t\t\t\t<\/a>\n\t\t\t<a href=\"https:\/\/988lifeline.org\/es\/chat\/\" target=\"_blank\" rel=\"noopener\">\n\t\t\t\t\t\t\tChatta con 988 (spagnolo)\n\t\t\t\t\t<\/a>\n\t\t\t\t<img decoding=\"async\" src=\"https:\/\/211md.org\/wp-content\/uploads\/2024\/02\/teens-on-social-media.jpg\" alt=\"adolescenti sui social media\" itemprop=\"image\" height=\"800\" width=\"1200\" title=\"adolescenti sui social media\" onerror=\"this.style.display='none'\" loading=\"lazy\" \/>\n\t<h3>segnali di allarme sui social media<\/h3>\n<p>Monitorare i social media e l&#039;attivit\u00e0 online di un bambino.<\/p>\n<p>Conoscere i segni premonitori del disagio psicologico. Questi possono includere messaggi come:<\/p>\n<ul>\n<li>&quot;Non posso fare niente.&quot; 1TP5Quello stesso<\/li>\n<li>&quot;Odio tutti.&quot;<\/li>\n<li>Un altro giorno senza andare a scuola.<\/li>\n<li>Hashtag ed emoji negativi come #depressed e #cutting.<\/li>\n<li>Parlare di voler morire, disperazione emotiva intensa e urgente, regalare oggetti personali, dire addio.<\/li>\n<li>Comportamento impulsivo.<\/li>\n<li>Post sull&#039;insonnia.<\/li>\n<\/ul>\n<p>Se tu o qualcuno che conosci mostra segni di crisi, contatta immediatamente un professionista qualificato chiamando o inviando un messaggio al 988.<\/p>\n\t\t\t\t<img decoding=\"async\" src=\"http:\/\/211md.org\/wp-content\/uploads\/2023\/04\/Parent-comforting-depressed-kid.png\" alt=\"genitore che conforta il bambino depresso\" itemprop=\"image\" title=\"Genitore che conforta il bambino depresso\" onerror=\"this.style.display='none'\" loading=\"lazy\" \/>\n\t<h2>Supporto ai genitori<\/h2>\n<p>Sai cosa fare quando tuo figlio ha la febbre o un&#039;infezione all&#039;orecchio, ma che ne dici di curare la sua salute mentale? Puoi fare la stessa cosa: chiamare il pediatra di tuo figlio.<\/p>\n<p>Possono aiutare con problemi di salute mentale come ansia adolescenziale, depressione, disturbi alimentari, traumi e altro ancora.<\/p>\n<p>Avere una conversazione onesta. Se il pediatra non offre supporto in studio, pu\u00f2 ottenere il mantenimento di te e di tuo figlio attraverso il sistema statale di supporto per la salute mentale.<\/p>\n<h3>Parlane con il tuo pediatra<\/h3>\n<p>Quindi, come si parla con il pediatra della salute mentale del bambino?<\/p>\n<p>Chiama e parla con l&#039;ufficio e chiedi un appuntamento di persona o tramite telemedicina. Stabilisci chi deve presentarsi all&#039;appuntamento.<\/p>\n<p>Entrambi i genitori\/tutori devono essere presenti e il bambino deve presentarsi all&#039;appuntamento?<\/p>\n\t<p>La Mental Health Association of Maryland e la Maryland Behavioral Health Integration in Pediatric Primary Care (BHIPP) hanno elaborato un foglio informativo con istruzioni dettagliate su come discutere della salute mentale di un bambino con il proprio medico.<\/p>\n<p>Il foglio informativo include domande dettagliate e spunti di discussione per avviare la conversazione e garantire che il bambino riceva l&#039;aiuto necessario.<\/p>\n\t\t\t<a href=\"https:\/\/www.mhamd.org\/wp-content\/uploads\/2023\/02\/DiscussingYourChildsMentalHealthwithYourPrimaryCareProvider_factsheet_CMHMBHIPP_Jan2023.pdf\" target=\"_blank\" rel=\"noopener\">\n\t\t\t\t\t\t\tscarica il foglio dei suggerimenti\n\t\t\t\t\t<\/a>\n\t<p>Prima dell&#039;appuntamento, documenta il comportamento e le preoccupazioni in modo da avere qualcosa a cui fare riferimento durante la discussione ed esempi specifici da discutere.<\/p>\n<p>Siate onesti e dettagliati in queste conversazioni. Ricordate, non siete soli e potete chiedere aiuto.<\/p>\n<p>Se la conversazione risulta difficile, fatelo sapere al vostro medico.<\/p>\n<p>Ricordati che stai tenendo quell&#039;incontro perch\u00e9 tieni profondamente al bambino.<\/p>\n<p>Il medico pu\u00f2 indirizzare il bambino a una vasta gamma di professionisti della salute mentale, tra cui:<\/p>\n<ul>\n<li>psichiatra<\/li>\n<li>infermiere psichiatrico<\/li>\n<li>assistente sociale<\/li>\n<li>consulenti professionali abilitati<\/li>\n<li>psicoterapeuti<\/li>\n<li>neuropsicologi<\/li>\n<\/ul>\n<h3>Informazioni su BHIPP<\/h3>\n<p>Il Maryland Behavioral Integration in Pediatric Primary Care (BHIPP) collabora con pediatri, professionisti del pronto soccorso, medici di famiglia, infermieri scolastici e altri operatori sanitari per supportare adolescenti e giovani.<\/p>\n<p>Gli specialisti sono disponibili in aree come:<\/p>\n<ul>\n<li>Gestione dei farmaci:<\/li>\n<li>Problemi diagnostici<\/li>\n<li>Ritardi di sviluppo<\/li>\n<li>Problemi scolastici\/di apprendimento<\/li>\n<li>Disturbi dello spettro autistico<\/li>\n<li>Trauma<\/li>\n<li>Salute mentale della prima infanzia<\/li>\n<\/ul>\n<p><a href=\"https:\/\/mdbhipp.org\/telepsychiatry-access-program.html\" target=\"_blank\" rel=\"noopener\">Riferimenti<\/a> vengono effettuate tramite un medico di base.<\/p>\n\t<h2>Risorse per la salute mentale per adolescenti e bambini<\/h2>\n<p>Esistono diverse risorse per supportare adolescenti e bambini nella loro salute mentale.<\/p>\n<p>Se tu o qualcuno che conosci siete in crisi, chiama il 988 per ricevere supporto immediato.<\/p>\n<p>Puoi anche <a href=\"https:\/\/search.988.mdinfonet.org\/\" target=\"_blank\" rel=\"noopener\">ricerca di consulenza e gruppi di sostegno<\/a> nel database sulla salute comportamentale dello Stato, gestito da Maryland Information Network.<\/p>\n<p>\u00c8 disponibile anche un sistema di supporto per messaggi di testo incentrato sui giovani. Gli adolescenti possono iscriversi\u00a0<a href=\"https:\/\/211md.org\/it\/about\/messaggi-di-testo\/mdyoungminds\/\">MDYoungMinds<\/a>. Fornisce messaggi di testo di supporto. Questi possono includere risorse sulla depressione, la salute mentale di adolescenti e adolescenti e programmi di supporto.<\/p>\n<h3>Coalizione delle famiglie del Maryland<\/h3>\n<p>Puoi anche ottenere supporto da organizzazioni come la Maryland Coalition of Families. Supportano i servizi di salute mentale per l&#039;infanzia e possono aiutarti a orientarti tra i servizi a scuola e nella comunit\u00e0, sostenendo al contempo tuo figlio in ogni fase dello sviluppo.<\/p>\n<p>Scarica il kit di risorse per la famiglia sulle questioni relative alla salute dei bambini in <a href=\"https:\/\/www.childrensmentalhealthmatters.org\/files\/2021\/03\/CMHM-Family-Resource-Kit-2021.pdf\" target=\"_blank\" rel=\"noopener\">inglese<\/a> o <a href=\"https:\/\/www.childrensmentalhealthmatters.org\/files\/2021\/07\/CMHM-Family-Resource-Kit-2021_ES.pdf\" target=\"_blank\" rel=\"noopener\">spagnolo<\/a>. \u00c8 una guida completa ai sintomi e ai segni della salute mentale che fornisce anche opzioni di trattamento e supporto nel Maryland.<\/p>\n<p>Attraverso la Coalizione delle Famiglie del Maryland <a href=\"https:\/\/www.mdcoalition.org\/who-we-help\/youth-helping-youth\/\" target=\"_blank\" rel=\"noopener\">Prendere il volo<\/a> programma, gli adolescenti possono anche entrare in contatto con coetanei che hanno vissuto un problema di salute mentale o un trauma.<\/p>\n<h3>Associazione per la salute mentale<\/h3>\n<p>Anche la Mental Health Association del Maryland ha informazioni dettagliate per <a href=\"https:\/\/www.mhamd.org\/information-and-help\/children-and-youth\/signs-and-symptoms\/\" target=\"_blank\" rel=\"noopener\">specifiche condizioni di salute mentale<\/a> e risorse che possono aiutare.<\/p>\n<h2>\n\t\t\tInformazioni correlate\t<\/h2>\n\t\t<h4><a href=\"\/it\/risorse\/invecchiamento-disabilita\/\" target=\"_self\">Invecchiamento e disabilit\u00e0<\/a><\/h4>\n\t\t\t\t<a href=\"\/it\/risorse\/invecchiamento-disabilita\/\"  target=\"_self\" itemprop=\"url\">\n\t\t\t\t<img decoding=\"async\" src=\"https:\/\/211md.org\/wp-content\/uploads\/bb-plugin\/cache\/2025_MdInfoNet_Icon-Sets_Aging-disability-square-c466727102cae71e5f27b8539bb51945-.png\" alt=\"2025_MdInfoNet_Set di icone_Invecchiamento-disabilit\u00e0\" itemprop=\"image\" title=\"2025_MdInfoNet_Set di icone_Invecchiamento-disabilit\u00e0\" onerror=\"this.style.display='none'\" loading=\"lazy\" \/>\n\t\t\t\t<\/a>\n\t\t<h4><a href=\"https:\/\/211md.org\/it\/risorse\/bambini-famiglie\/\" target=\"_blank\" rel=\"noopener\">Bambini e famiglie<\/a><\/h4>\n\t\t\t\t<a href=\"https:\/\/211md.org\/it\/risorse\/bambini-famiglie\/\" target=\"_blank\" rel=\"noopener\" itemprop=\"url\">\n\t\t\t\t<img decoding=\"async\" src=\"https:\/\/211md.org\/wp-content\/uploads\/bb-plugin\/cache\/2025_211_Icon-Sets_Child-care-square-a8953c7678f51ed443764342b64ee948-.png\" alt=\"2025_211_Set di icone_Assistenza all&#039;infanzia\" itemprop=\"image\" title=\"2025_211_Set di icone_Assistenza all&#039;infanzia\" onerror=\"this.style.display='none'\" loading=\"lazy\" \/>\n\t\t\t\t<\/a>\n\t\t<h4><a href=\"\/it\/risorse\/violenza-domestica-familiare\/\" target=\"_self\">Violenza domestica<\/a><\/h4>\n\t\t\t\t<a href=\"\/it\/risorse\/violenza-domestica-familiare\/\"  target=\"_self\" itemprop=\"url\">\n\t\t\t\t<img decoding=\"async\" src=\"https:\/\/211md.org\/wp-content\/uploads\/bb-plugin\/cache\/2025_211_Icon-Sets_Domestic-Violence-square-e6e48b12d9d44dadd394e0d40debfd96-.png\" alt=\"Icona della violenza domestica\" itemprop=\"image\" title=\"2025_211_Set di icone_Violenza domestica\" onerror=\"this.style.display='none'\" loading=\"lazy\" \/>\n\t\t\t\t<\/a>\n\t\t<h4><a href=\"\/it\/risorse\/ricerca-occupazione\/\" target=\"_self\">Occupazione<\/a><\/h4>\n\t\t\t\t<a href=\"\/it\/risorse\/ricerca-occupazione\/\"  target=\"_self\" itemprop=\"url\">\n\t\t\t\t<img decoding=\"async\" src=\"https:\/\/211md.org\/wp-content\/uploads\/bb-plugin\/cache\/2025_MdInfoNet_Icon-Sets_Employment-square-44707bd410e4df10a470bf130ebcea86-.png\" alt=\"2025_MdInfoNet_Set di icone_Occupazione\" itemprop=\"image\" title=\"2025_MdInfoNet_Set di icone_Occupazione\" onerror=\"this.style.display='none'\" loading=\"lazy\" \/>\n\t\t\t\t<\/a>\n\t\t<h4><a href=\"\/it\/risorse\/assistenza-sanitaria\/\" target=\"_self\">Assistenza sanitaria<\/a><\/h4>\n\t\t\t\t<a href=\"\/it\/risorse\/assistenza-sanitaria\/\"  target=\"_self\" itemprop=\"url\">\n\t\t\t\t<img decoding=\"async\" src=\"https:\/\/211md.org\/wp-content\/uploads\/bb-plugin\/cache\/2025_MdInfoNet_Icon-Sets_Health-Care-square-dee98a0060cbe0e7f27eda253fc12679-.png\" alt=\"2025_MdInfoNet_Set di icone_Assistenza sanitaria\" itemprop=\"image\" title=\"2025_MdInfoNet_Set di icone_Assistenza sanitaria\" onerror=\"this.style.display='none'\" loading=\"lazy\" \/>\n\t\t\t\t<\/a>\n\t\t<h4><a href=\"\/it\/risorse\/bambini-famiglie\/parentela-cura\/\" target=\"_self\">Parentela<\/a><\/h4>\n\t\t\t\t<a href=\"\/it\/risorse\/bambini-famiglie\/parentela-cura\/\"  target=\"_self\" itemprop=\"url\">\n\t\t\t\t<img decoding=\"async\" src=\"https:\/\/211md.org\/wp-content\/uploads\/bb-plugin\/cache\/2025_211_Icon-Sets_Kinship-square-21d4c353354c53c083c80118abb066f2-.png\" alt=\"Icona di parentela\" itemprop=\"image\" title=\"2025_211_Set di icone_Parentela\" onerror=\"this.style.display='none'\" loading=\"lazy\" \/>\n\t\t\t\t<\/a>\n\t\t<h4><a href=\"\/it\/risorse\/servizi-legali\/\" target=\"_self\">Servizi legali<\/a><\/h4>\n\t\t\t\t<a href=\"\/it\/risorse\/servizi-legali\/\"  target=\"_self\" itemprop=\"url\">\n\t\t\t\t<img decoding=\"async\" src=\"https:\/\/211md.org\/wp-content\/uploads\/bb-plugin\/cache\/2025_MdInfoNet_Icon-Sets_Legal-square-18fdf438feb8435588174d9046463257-.png\" alt=\"2025_MdInfoNet_Set di icone_Legale\" itemprop=\"image\" title=\"2025_MdInfoNet_Set di icone_Legale\" onerror=\"this.style.display='none'\" loading=\"lazy\" \/>\n\t\t\t\t<\/a>\n\t\t<h4><a href=\"\/it\/risorse\/salute-mentale\/\" target=\"_self\">Salute mentale<\/a><\/h4>\n\t\t\t\t<a href=\"\/it\/risorse\/salute-mentale\/\"  target=\"_self\" itemprop=\"url\">\n\t\t\t\t<img decoding=\"async\" src=\"https:\/\/211md.org\/wp-content\/uploads\/bb-plugin\/cache\/2025_MdInfoNet_Icon-Sets_Mental-Health-square-c59b38c4a993a947d4c9280fbe2d2fee-.png\" alt=\"2025_MdInfoNet_Set di icone_Salute mentale\" itemprop=\"image\" title=\"2025_MdInfoNet_Set di icone_Salute mentale\" onerror=\"this.style.display='none'\" loading=\"lazy\" \/>\n\t\t\t\t<\/a>\n\t\t<h4><a href=\"\/it\/risorse\/mdreentry\/\" target=\"_self\">Rientro<\/a><\/h4>\n\t\t\t\t<a href=\"\/it\/risorse\/mdreentry\/\"  target=\"_self\" itemprop=\"url\">\n\t\t\t\t<img decoding=\"async\" src=\"https:\/\/211md.org\/wp-content\/uploads\/bb-plugin\/cache\/2025_211_Icon-Sets_Reentry-square-f36b65d903a62fd4c3819ff05988ca60-.png\" alt=\"Icona di rientro\" itemprop=\"image\" title=\"2025_211_Set di icone_Rientro\" onerror=\"this.style.display='none'\" loading=\"lazy\" \/>\n\t\t\t\t<\/a>\n\t\t<h4><a href=\"\/it\/risorse\/uso-di-sostanze\/\" target=\"_self\">Uso di sostanze<\/a><\/h4>\n\t\t\t\t<a href=\"\/it\/risorse\/uso-di-sostanze\/\"  target=\"_self\" itemprop=\"url\">\n\t\t\t\t<img decoding=\"async\" src=\"https:\/\/211md.org\/wp-content\/uploads\/bb-plugin\/cache\/2025_MdInfoNet_Icon-Sets_Substance-Abuse-square-9022fec9d18a64118ad685c101885b55-.png\" alt=\"2025_MdInfoNet_Icon Sets_Abuso di sostanze\" itemprop=\"image\" title=\"2025_MdInfoNet_Icon Sets_Abuso di sostanze\" onerror=\"this.style.display='none'\" loading=\"lazy\" \/>\n\t\t\t\t<\/a>\n\t\t<h4><a href=\"\/it\/risorse\/veterani\/\" target=\"_self\">Veterani<\/a><\/h4>\n\t\t\t\t<a href=\"\/it\/risorse\/veterani\/\"  target=\"_self\" itemprop=\"url\">\n\t\t\t\t<img decoding=\"async\" src=\"https:\/\/211md.org\/wp-content\/uploads\/bb-plugin\/cache\/2025_MdInfoNet_Icon-Sets_Rating-square-6e60d00cce4faa8e0a6d4ad7366aa733-.png\" alt=\"2025_MdInfoNet_Set di icone_Valutazione\" itemprop=\"image\" title=\"2025_MdInfoNet_Set di icone_Valutazione\" onerror=\"this.style.display='none'\" loading=\"lazy\" \/>\n\t\t\t\t<\/a>","protected":false},"excerpt":{"rendered":"<p>Intestazione di pagina predefinita Quando la salute mentale di un adolescente \u00e8 solida, riesce a gestire gli alti e bassi emotivi che accompagnano l&#039;esplorazione del mondo. \u00c8 disponibile un supporto per i problemi di salute mentale. Scopri come supportare gli adolescenti nella tua vita. Inizia a trovare aiuto per la salute mentale degli adolescenti. Il supporto giusto al momento giusto pu\u00f2...<\/p>","protected":false},"author":7,"featured_media":4018,"parent":836,"menu_order":0,"comment_status":"closed","ping_status":"closed","template":"","meta":{"footnotes":""},"class_list":["post-3758","page","type-page","status-publish","has-post-thumbnail","hentry"],"_links":{"self":[{"href":"https:\/\/211md.org\/it\/wp-json\/wp\/v2\/pages\/3758","targetHints":{"allow":["GET"]}}],"collection":[{"href":"https:\/\/211md.org\/it\/wp-json\/wp\/v2\/pages"}],"about":[{"href":"https:\/\/211md.org\/it\/wp-json\/wp\/v2\/types\/page"}],"author":[{"embeddable":true,"href":"https:\/\/211md.org\/it\/wp-json\/wp\/v2\/users\/7"}],"replies":[{"embeddable":true,"href":"https:\/\/211md.org\/it\/wp-json\/wp\/v2\/comments?post=3758"}],"version-history":[{"count":4,"href":"https:\/\/211md.org\/it\/wp-json\/wp\/v2\/pages\/3758\/revisions"}],"predecessor-version":[{"id":33832,"href":"https:\/\/211md.org\/it\/wp-json\/wp\/v2\/pages\/3758\/revisions\/33832"}],"up":[{"embeddable":true,"href":"https:\/\/211md.org\/it\/wp-json\/wp\/v2\/pages\/836"}],"wp:featuredmedia":[{"embeddable":true,"href":"https:\/\/211md.org\/it\/wp-json\/wp\/v2\/media\/4018"}],"wp:attachment":[{"href":"https:\/\/211md.org\/it\/wp-json\/wp\/v2\/media?parent=3758"}],"curies":[{"name":"scrivere","href":"https:\/\/api.w.org\/{rel}","templated":true}]}}