{"id":4075,"date":"2024-06-17T08:03:13","date_gmt":"2024-06-17T12:03:13","guid":{"rendered":"https:\/\/211md.org\/?page_id=4075"},"modified":"2026-01-21T13:08:57","modified_gmt":"2026-01-21T18:08:57","slug":"mdreentry","status":"publish","type":"page","link":"https:\/\/211md.org\/it\/resources\/mdreentry\/","title":{"rendered":"Rientro nel Maryland"},"content":{"rendered":"<h2>Connettiti alle risorse di rientro<\/h2>\n<p>Benvenuti nella nuova pagina di risorse uniche del Maryland per aiutare i detenuti e gli ex detenuti e le loro famiglie. Trova le informazioni e le risorse di cui hai bisogno e che meriti.<\/p>\n<p>&nbsp;<\/p>\n\t\t<h3>\t\n\tRientro via SMS al numero 898-211<\/h3><p>Iscriviti per ricevere SMS con informazioni sul rientro, servizi, programmi ed eventi.<\/p>\n<p><em>Gli utenti mobili possono anche fare clic sul pulsante in basso per iscriversi tramite SMS.*<\/em><\/p>\n\t\t\t<a href=\"sms:\/\/898-211;?&#038;body=Reentry\"  target=\"_self\">\n\t\t\t\t\t\t\tIscrizione\n\t\t\t\t\t<\/a>\n\t<p><em>*Maryland Information Network 211 Maryland Inc. offre programmi di allerta tramite SMS che forniscono informazioni sulle risorse specifiche per regione o allerte in caso di calamit\u00e0. Potrebbero essere applicati costi per messaggi e dati e la frequenza dei messaggi potrebbe variare. Per assistenza, inviare un SMS con HELP. Per disattivare l&#039;opzione, inviare un SMS con STOP allo stesso numero. Termini e condizioni complete per gli SMS: <a href=\"https:\/\/211md.org\/it\/sms\/\">https:\/\/211md.org\/sms\/<\/a> si applicher\u00e0 anche.\u00a0<\/em><\/p>\n<figure itemscope itemtype=\"https:\/\/schema.org\/ImageObject\">\n\t\t\t\t<img decoding=\"async\" src=\"http:\/\/211md.org\/wp-content\/uploads\/2024\/06\/Department-of-Public-Safety-and-Corrections.png\" alt=\"Dipartimento di Pubblica Sicurezza e Correzioni\" title=\"Dipartimento di Pubblica Sicurezza e Correzioni\" onerror=\"this.style.display='none'\" loading=\"lazy\" \/>\n\t<\/figure>\n<figure itemscope itemtype=\"https:\/\/schema.org\/ImageObject\">\n\t\t\t\t<img decoding=\"async\" src=\"http:\/\/211md.org\/wp-content\/uploads\/2025\/05\/211-MIN_Logo-rgb.svg\" alt=\"Colore del logo 211 MIN\" height=\"310\" width=\"1366\" title=\"211-MIN_Logo-rgb\" onerror=\"this.style.display='none'\" loading=\"lazy\" \/>\n\t<\/figure>\n\t<h2>Cerca risorse per il rientro<\/h2>\n<h3><em>Primo database statale di reinserimento delle risorse nel Maryland, unico nel suo genere<\/em><\/h3>\n\tTrova risorse per il reinserimento in base al codice postale.<br \/>\nQueste risorse vengono selezionate da organizzazioni fidate che mirano ad aumentare la sicurezza e il benessere pubblico, riducendo la recidiva.\n\t\t\t<a href=\"https:\/\/search.211md.org\/search?filters%5Bspecial_populations%5D%5B0%5D=Justice%20Involvement\"  target=\"_blank\" rel=\"noopener\">\n\t\t\t\t\t\t\tRicerca\n\t\t\t\t\t<\/a>\n\t\t<h2>\t\n\tChiama il 211<\/h2><p>Collegati all&#039;occupazione e alle risorse della comunit\u00e0 24 ore su 24, 7 giorni su 7, 365 giorni all&#039;anno.<\/p>\n\t<h2>Occupazione per la giustizia coinvolta<\/h2>\n<p>Le organizzazioni del Maryland sono pronte ad aiutare chi \u00e8 coinvolto nella giustizia a trovare un lavoro, affinch\u00e9 possa raggiungere l&#039;indipendenza e il successo per s\u00e9 e le proprie famiglie. Alcune aziende si impegnano a dare una seconda possibilit\u00e0 agli ex detenuti assumendoli.<\/p>\n<p>Scopri i programmi disponibili per aiutare gli ex detenuti.<\/p>\n<h3>Navigatore di rientro<\/h3>\n<p>Nell&#039;ambito di un programma di rilascio dal carcere, potresti aver incontrato un Navigatore di rientro. Puoi raggiungere un Navigatore di Rientro prima, durante o dopo il tuo rilascio.<\/p>\n<p>Possono aiutare con informazioni e risorse per:<\/p>\n<ul>\n<li>opportunit\u00e0 di lavoro<\/li>\n<li>competenze professionali<\/li>\n<li>consulente di carriera<\/li>\n<li>laboratori di cancellazione<\/li>\n<li>sostegno della comunit\u00e0<\/li>\n<\/ul>\n<p>Possono anche metterti in contatto con un American Job Center e i suoi servizi di supporto.<\/p>\n<p>Questi navigatori sono disponibili in tutto il Maryland. Trova un <a href=\"https:\/\/www.dllr.state.md.us\/employment\/reentry.shtml\" target=\"_blank\" rel=\"noopener\">Navigatore di rientro<\/a> vicino a te.<\/p>\n<figure itemscope itemtype=\"https:\/\/schema.org\/ImageObject\">\n\t\t\t\t<img decoding=\"async\" src=\"https:\/\/211md.org\/wp-content\/plugins\/bb-plugin\/img\/pixel.png\" alt=\"\" onerror=\"this.style.display='none'\" loading=\"lazy\" \/>\n\t<\/figure>\n<figure itemscope itemtype=\"https:\/\/schema.org\/ImageObject\">\n\t\t\t\t<img decoding=\"async\" src=\"http:\/\/211md.org\/wp-content\/uploads\/2024\/06\/Job-training-in-a-warehouse.jpg\" alt=\"Formazione professionale in un magazzino\" title=\"Formazione professionale in un magazzino\" onerror=\"this.style.display='none'\" loading=\"lazy\" \/>\n\t<\/figure>\n\t<h3>Centri per l&#039;impiego americani del Maryland<\/h3>\n<p>L&#039;aiuto \u00e8 disponibile anche presso tutti i centri per l&#039;impiego americani del Maryland. Possono fornire assistenza gratuita con servizi legati all&#039;occupazione come:<\/p>\n<ul>\n<li>esplorazione della carriera<\/li>\n<li>riferimenti a programmi di formazione<\/li>\n<li>servizi di collocamento<\/li>\n<li>riprendere la preparazione<\/li>\n<li>laboratori di abilit\u00e0 lavorative<\/li>\n<li>disponibilit\u00e0 al lavoro<\/li>\n<\/ul>\n<p><a href=\"https:\/\/www.dllr.state.md.us\/county\/\" target=\"_blank\" rel=\"noopener\">Trovane uno vicino a te<\/a>!<\/p>\n\t<h2>Trovare un lavoro con precedenti penali<\/h2>\n<p>Oltre ai Job Center americani, il <a href=\"https:\/\/mwejobs.maryland.gov\/vosnet\/default.aspx\" target=\"_blank\" rel=\"noopener\">Borsa della forza lavoro del Maryland<\/a> (MWE) pu\u00f2 aiutare con le esigenze lavorative di un ex detenuto che rientra nel mondo del lavoro.<\/p>\n<p>MWE \u00e8 una risorsa centrale per gli annunci di lavoro nel Maryland, ma pu\u00f2 anche aiutare con questi servizi per l&#039;impiego:<\/p>\n<ul>\n<li><a href=\"https:\/\/mwejobs.maryland.gov\/vosnet\/JobBanks\/JobSearchCriteriaQuick.aspx\" target=\"_blank\" rel=\"noopener\">cercare lavoro<\/a><\/li>\n<li><a href=\"https:\/\/mwejobs.maryland.gov\/vosnet\/loginintro.aspx?action=resumes&amp;plang=E\" target=\"_blank\" rel=\"noopener\">creare un curriculum<\/a><\/li>\n<li><a href=\"https:\/\/mwejobs.maryland.gov\/vosnet\/MenuLandingPage.aspx?enc=+7ijYqb\/pbmrM\/FoEheZYzKCHV+pK2S8fEZwdY+SZUI=\" target=\"_blank\" rel=\"noopener\">utilizzare i servizi per la carriera<\/a><\/li>\n<li><a href=\"https:\/\/mwejobs.maryland.gov\/vosnet\/default.aspx\" target=\"_blank\" rel=\"noopener\">trovare corsi di istruzione e formazione<\/a><\/li>\n<\/ul>\n<p>Utilizza gli strumenti MWE se sei qualificato e &quot;pronto per un impiego&quot;. MWE mette in contatto dipendenti e datori di lavoro che desiderano assumere ex detenuti in cerca di lavoro.<\/p>\n<p>Scopri altri programmi di preparazione al lavoro su <a href=\"https:\/\/211md.org\/it\/risorse\/ricerca-occupazione\/\">Pagina generale sull&#039;occupazione di 211<\/a>.<\/p>\n<h3>Imprese impegnate a dare una seconda possibilit\u00e0<\/h3>\n<p>Le persone precedentemente incarcerate possono anche cercare opportunit\u00e0 presso aziende che vogliono offrire una seconda possibilit\u00e0 alle persone coinvolte nella giustizia. <a href=\"https:\/\/secondchancebusinesscoalition.org\/about\" target=\"_blank\" rel=\"noopener\">Questo \u00e8 un elenco dei membri della coalizione aziendale Second Chance<\/a>. Le grandi aziende del settore privato offrono assunzioni di seconda opportunit\u00e0. Gli ex detenuti possono verificare se qualcuna delle aziende ha opportunit\u00e0 di lavoro.<\/p>\n<p>Nel Maryland, <a href=\"https:\/\/secondchancebusinesscoalition.org\/find-partners?production_partnerOrganization%5Bmenu%5D%5Blocation.state%5D=Maryland\" target=\"_blank\" rel=\"noopener\">questa \u00e8 una lista<\/a> dei partner della coalizione di imprese di seconda opportunit\u00e0.<\/p>\n<p>Return Home Baltimore\u00ae fornisce anche a <a href=\"https:\/\/returnhome.org\/services\/job-opportunities\" target=\"_blank\" rel=\"noopener\">elenco delle opportunit\u00e0 di lavoro<\/a> per il ritorno dei residenti di Baltimora.<\/p>\n<h3>Per i datori di lavoro<\/h3>\n<p>Esistono anche programmi per aiutare i datori di lavoro interessati ad assumere persone precedentemente detenute, come ad esempio\u00a0<a href=\"https:\/\/www.dllr.state.md.us\/employment\/wotc.shtml\" target=\"_blank\" rel=\"noopener\">Credito d&#039;imposta sulle opportunit\u00e0 di lavoro<\/a> e il\u00a0<a href=\"https:\/\/www.unicor.gov\/Inmate_Bonding.aspx\" target=\"_blank\" rel=\"noopener\">programma di obbligazioni federali di fedelt\u00e0<\/a> per aver assunto ex detenuti federali.<\/p>\n<h2>Aiuto per la cancellazione<\/h2>\n<p>Gli avvocati possono aiutare gli ex detenuti con una cancellazione. Si tratta di un procedimento legale in cui si richiede che i precedenti registri vengano sigillati o distrutti.<\/p>\n<p>Maryland Legal Aid organizza cliniche settimanali e mensili in tutto lo stato per aiutare gli individui idonei con vari problemi legali, tra cui la cancellazione. Le cliniche sono gratuite e gestite da Maryland Legal Aid, avvocati pro bono, paralegali, personale amministrativo e studenti di giurisprudenza.\u00a0 <a href=\"https:\/\/www.mdlab.org\/free-legal-clinics\/\" target=\"_blank\" rel=\"noopener\">Controlla se ci sono cliniche in arrivo nella tua zona<\/a>Alcune di queste cliniche si concentrano esclusivamente sulla cancellazione dei precedenti penali, mentre altre volte si tratta di una serie di questioni legali, di cui la cancellazione potrebbe essere una.<\/p>\n\t<h2>Supporto comunitario<\/h2>\n\t<p>Dipartimento di Pubblica Sicurezza e Servizi Correzionali (DPSCS) \u2013 <a href=\"https:\/\/www.dpscs.state.md.us\/index.shtml\" target=\"_blank\" rel=\"noopener\">Tutti i programmi<\/a><\/p>\n<p>DPSCS \u2013 <a href=\"https:\/\/www.dpscs.state.md.us\/agencies\/ci.shtml\" target=\"_blank\" rel=\"noopener\">Programmi di investimento comunitario<\/a> (come Rientro)<\/p>\n<p><a href=\"https:\/\/search.211md.org\/search?query=DPSCS&amp;query_label=Reentry%20Services&amp;query_type=taxonomy\" target=\"_blank\" rel=\"noopener\">211 Risorse di rientro<\/a><\/p>\n<p><a href=\"https:\/\/returnhome.org\/\" target=\"_blank\" rel=\"noopener\">Ritorno a casa Baltimora<\/a><\/p>\n<p><a href=\"https:\/\/www.princegeorgescountymd.gov\/community\/health--human-services\/health-services\/programs--services\/behavioral-health\/the-bridge-center-at-adams-house\" target=\"_blank\" rel=\"noopener\">Bridge Center a casa di Adam<\/a> (Contea di Prince George)<\/p>\n<p>&nbsp;<\/p>\n\t\t<h4><a href=\"\/it\/risorse\/invecchiamento-disabilita\/?utm_source=Home&#038;utm_medium=Referral&#038;utm_campaign=211Resources&#038;utm_content=Aging\" target=\"_self\">Invecchiamento e disabilit\u00e0<\/a><\/h4><figure itemscope itemtype=\"https:\/\/schema.org\/ImageObject\">\n\t\t\t\t<a href=\"\/it\/risorse\/invecchiamento-disabilita\/?utm_source=Home&#038;utm_medium=Referral&#038;utm_campaign=211Resources&#038;utm_content=Aging\"  target=\"_self\" itemprop=\"url\">\n\t\t\t\t<img decoding=\"async\" src=\"https:\/\/211md.org\/wp-content\/uploads\/bb-plugin\/cache\/2025_MdInfoNet_Icon-Sets_Aging-disability-square-c466727102cae71e5f27b8539bb51945-.png\" alt=\"\" onerror=\"this.style.display='none'\" loading=\"lazy\" \/>\n\t\t\t\t<\/a>\n\t<\/figure>\n\t\t<h4><a href=\"\/it\/risorse\/bambini-famiglie\/?utm_source=Home&#038;utm_medium=Referral&#038;utm_campaign=211Resources&#038;utm_content=Children\" target=\"_self\">Bambini e famiglie<\/a><\/h4><figure itemscope itemtype=\"https:\/\/schema.org\/ImageObject\">\n\t\t\t\t<a href=\"\/it\/risorse\/bambini-famiglie\/?utm_source=Home&#038;utm_medium=Referral&#038;utm_campaign=211Resources&#038;utm_content=Children\"  target=\"_self\" itemprop=\"url\">\n\t\t\t\t<img decoding=\"async\" src=\"https:\/\/211md.org\/wp-content\/uploads\/bb-plugin\/cache\/2025_211_Icon-Sets_Child-care-square-f3b0d4edab3dcc467fadb5f55f4064c6-.png\" alt=\"parent and child icon for child care\" height=\"417\" width=\"417\" title=\"2025_211_Set di icone_Assistenza all&#039;infanzia\" onerror=\"this.style.display='none'\" loading=\"lazy\" \/>\n\t\t\t\t<\/a>\n\t<\/figure>\n\t\t<h4><a href=\"\/it\/risorse\/violenza-domestica-familiare\/?utm_source=Home&#038;utm_medium=Referral&#038;utm_campaign=211Resources&#038;utm_content=Domestic\" target=\"_self\">Violenza domestica<\/a><\/h4><figure itemscope itemtype=\"https:\/\/schema.org\/ImageObject\">\n\t\t\t\t<a href=\"\/it\/risorse\/violenza-domestica-familiare\/?utm_source=Home&#038;utm_medium=Referral&#038;utm_campaign=211Resources&#038;utm_content=Domestic\"  target=\"_self\" itemprop=\"url\">\n\t\t\t\t<img decoding=\"async\" src=\"https:\/\/211md.org\/wp-content\/uploads\/bb-plugin\/cache\/2025_211_Icon-Sets_Domestic-Violence-square-7b597694a6f05fe90cdc376aa573bc63-.png\" alt=\"House with a heart in the middle icon\" height=\"417\" width=\"417\" title=\"2025_211_Set di icone_Violenza domestica\" onerror=\"this.style.display='none'\" loading=\"lazy\" \/>\n\t\t\t\t<\/a>\n\t<\/figure>\n\t\t<h4><a href=\"\/it\/risorse\/ricerca-occupazione\/?utm_source=Home&#038;utm_medium=Referral&#038;utm_campaign=211Resources&#038;utm_content=Employment\" target=\"_self\">Occupazione<\/a><\/h4><figure itemscope itemtype=\"https:\/\/schema.org\/ImageObject\">\n\t\t\t\t<a href=\"\/it\/risorse\/ricerca-occupazione\/?utm_source=Home&#038;utm_medium=Referral&#038;utm_campaign=211Resources&#038;utm_content=Employment\"  target=\"_self\" itemprop=\"url\">\n\t\t\t\t<img decoding=\"async\" src=\"https:\/\/211md.org\/wp-content\/uploads\/bb-plugin\/cache\/2025_MdInfoNet_Icon-Sets_Employment-square-44707bd410e4df10a470bf130ebcea86-.png\" alt=\"\" onerror=\"this.style.display='none'\" loading=\"lazy\" \/>\n\t\t\t\t<\/a>\n\t<\/figure>\n\t\t<h4><a href=\"\/it\/risorse\/assistenza-sanitaria\/?utm_source=Home&#038;utm_medium=Referral&#038;utm_campaign=211Resources&#038;utm_content=Health%20Care\" target=\"_self\">Assistenza sanitaria<\/a><\/h4><figure itemscope itemtype=\"https:\/\/schema.org\/ImageObject\">\n\t\t\t\t<a href=\"\/it\/risorse\/assistenza-sanitaria\/?utm_source=Home&#038;utm_medium=Referral&#038;utm_campaign=211Resources&#038;utm_content=Health%20Care\"  target=\"_self\" itemprop=\"url\">\n\t\t\t\t<img decoding=\"async\" src=\"https:\/\/211md.org\/wp-content\/uploads\/bb-plugin\/cache\/2025_MdInfoNet_Icon-Sets_Health-Care-square-dee98a0060cbe0e7f27eda253fc12679-.png\" alt=\"\" onerror=\"this.style.display='none'\" loading=\"lazy\" \/>\n\t\t\t\t<\/a>\n\t<\/figure>\n\t\t<h4><a href=\"\/it\/risorse\/bambini-famiglie\/parentela-cura\/?utm_source=Home&#038;utm_medium=Referral&#038;utm_campaign=211Resources&#038;utm_content=Kinship\" target=\"_self\">Parentela<\/a><\/h4><figure itemscope itemtype=\"https:\/\/schema.org\/ImageObject\">\n\t\t\t\t<a href=\"\/it\/risorse\/bambini-famiglie\/parentela-cura\/?utm_source=Home&#038;utm_medium=Referral&#038;utm_campaign=211Resources&#038;utm_content=Kinship\"  target=\"_self\" itemprop=\"url\">\n\t\t\t\t<img decoding=\"async\" src=\"https:\/\/211md.org\/wp-content\/uploads\/bb-plugin\/cache\/2025_211_Icon-Sets_Kinship-square-45bdf872866f5735f842c32071109267-.png\" alt=\"Icona di parentela\" height=\"417\" width=\"417\" title=\"2025_211_Set di icone_Parentela\" onerror=\"this.style.display='none'\" loading=\"lazy\" \/>\n\t\t\t\t<\/a>\n\t<\/figure>\n\t\t<h4><a href=\"\/it\/risorse\/servizi-legali\/?utm_source=Home&#038;utm_medium=Referral&#038;utm_campaign=211Resources&#038;utm_content=Legal\" target=\"_self\">Servizi legali<\/a><\/h4><figure itemscope itemtype=\"https:\/\/schema.org\/ImageObject\">\n\t\t\t\t<a href=\"\/it\/risorse\/servizi-legali\/?utm_source=Home&#038;utm_medium=Referral&#038;utm_campaign=211Resources&#038;utm_content=Legal\"  target=\"_self\" itemprop=\"url\">\n\t\t\t\t<img decoding=\"async\" src=\"https:\/\/211md.org\/wp-content\/uploads\/bb-plugin\/cache\/2025_MdInfoNet_Icon-Sets_Legal-square-18fdf438feb8435588174d9046463257-.png\" alt=\"\" onerror=\"this.style.display='none'\" loading=\"lazy\" \/>\n\t\t\t\t<\/a>\n\t<\/figure>\n\t\t<h4><a href=\"\/it\/risorse\/salute-mentale\/?utm_source=Home&#038;utm_medium=Referral&#038;utm_campaign=211Resources&#038;utm_content=Mental\" target=\"_self\">Salute mentale<\/a><\/h4><figure itemscope itemtype=\"https:\/\/schema.org\/ImageObject\">\n\t\t\t\t<a href=\"\/it\/risorse\/salute-mentale\/?utm_source=Home&#038;utm_medium=Referral&#038;utm_campaign=211Resources&#038;utm_content=Mental\"  target=\"_self\" itemprop=\"url\">\n\t\t\t\t<img decoding=\"async\" src=\"https:\/\/211md.org\/wp-content\/uploads\/bb-plugin\/cache\/2025_MdInfoNet_Icon-Sets_Mental-Health-square-c59b38c4a993a947d4c9280fbe2d2fee-.png\" alt=\"\" onerror=\"this.style.display='none'\" loading=\"lazy\" \/>\n\t\t\t\t<\/a>\n\t<\/figure>\n\t\t<h4><a href=\"\/it\/risorse\/mdreentry\/?utm_source=Home&#038;utm_medium=Referral&#038;utm_campaign=211Resources&#038;utm_content=Reentry\" target=\"_self\">Rientro<\/a><\/h4><figure itemscope itemtype=\"https:\/\/schema.org\/ImageObject\">\n\t\t\t\t<a href=\"\/it\/risorse\/mdreentry\/?utm_source=Home&#038;utm_medium=Referral&#038;utm_campaign=211Resources&#038;utm_content=Reentry\"  target=\"_self\" itemprop=\"url\">\n\t\t\t\t<img decoding=\"async\" src=\"https:\/\/211md.org\/wp-content\/uploads\/bb-plugin\/cache\/2025_211_Icon-Sets_Reentry-square-8676fea38abd920a832f45642fe31cca-.png\" alt=\"Icona di rientro\" height=\"417\" width=\"417\" title=\"2025_211_Set di icone_Rientro\" onerror=\"this.style.display='none'\" loading=\"lazy\" \/>\n\t\t\t\t<\/a>\n\t<\/figure>\n\t\t<h4><a href=\"\/it\/risorse\/uso-di-sostanze\/?utm_source=Home&#038;utm_medium=Referral&#038;utm_campaign=211Resources&#038;utm_content=Substance\" target=\"_self\">Uso di sostanze<\/a><\/h4><figure itemscope itemtype=\"https:\/\/schema.org\/ImageObject\">\n\t\t\t\t<a href=\"\/it\/risorse\/uso-di-sostanze\/?utm_source=Home&#038;utm_medium=Referral&#038;utm_campaign=211Resources&#038;utm_content=Substance\"  target=\"_self\" itemprop=\"url\">\n\t\t\t\t<img decoding=\"async\" src=\"https:\/\/211md.org\/wp-content\/uploads\/bb-plugin\/cache\/2025_MdInfoNet_Icon-Sets_Substance-Abuse-square-9022fec9d18a64118ad685c101885b55-.png\" alt=\"\" onerror=\"this.style.display='none'\" loading=\"lazy\" \/>\n\t\t\t\t<\/a>\n\t<\/figure>\n\t\t<h4><a href=\"\/it\/risorse\/veterani\/?utm_source=Home&#038;utm_medium=Referral&#038;utm_campaign=211Resources&#038;utm_content=Veterans\" target=\"_self\">Veterani<\/a><\/h4><figure itemscope itemtype=\"https:\/\/schema.org\/ImageObject\">\n\t\t\t\t<a href=\"\/it\/risorse\/veterani\/?utm_source=Home&#038;utm_medium=Referral&#038;utm_campaign=211Resources&#038;utm_content=Veterans\"  target=\"_self\" itemprop=\"url\">\n\t\t\t\t<img decoding=\"async\" src=\"https:\/\/211md.org\/wp-content\/uploads\/bb-plugin\/cache\/2025_MdInfoNet_Icon-Sets_Rating-square-6e60d00cce4faa8e0a6d4ad7366aa733-.png\" alt=\"\" onerror=\"this.style.display='none'\" loading=\"lazy\" \/>\n\t\t\t\t<\/a>\n\t<\/figure>","protected":false},"excerpt":{"rendered":"<p>Connettiti alle risorse per il rientro Benvenuti nella nuova pagina di risorse uniche del Maryland per aiutare i detenuti e gli ex detenuti e le loro famiglie. Trova le informazioni e le risorse di cui hai bisogno e che meriti.  Rientro via SMS al numero 898-211 Iscriviti per ricevere messaggi di testo con informazioni sul rientro, servizi, programmi ed eventi. Gli utenti mobili possono anche fare clic sul pulsante...<\/p>","protected":false},"author":7,"featured_media":4087,"parent":930,"menu_order":0,"comment_status":"closed","ping_status":"closed","template":"","meta":{"footnotes":""},"class_list":["post-4075","page","type-page","status-publish","has-post-thumbnail","hentry"],"_links":{"self":[{"href":"https:\/\/211md.org\/it\/wp-json\/wp\/v2\/pages\/4075","targetHints":{"allow":["GET"]}}],"collection":[{"href":"https:\/\/211md.org\/it\/wp-json\/wp\/v2\/pages"}],"about":[{"href":"https:\/\/211md.org\/it\/wp-json\/wp\/v2\/types\/page"}],"author":[{"embeddable":true,"href":"https:\/\/211md.org\/it\/wp-json\/wp\/v2\/users\/7"}],"replies":[{"embeddable":true,"href":"https:\/\/211md.org\/it\/wp-json\/wp\/v2\/comments?post=4075"}],"version-history":[{"count":9,"href":"https:\/\/211md.org\/it\/wp-json\/wp\/v2\/pages\/4075\/revisions"}],"predecessor-version":[{"id":33660,"href":"https:\/\/211md.org\/it\/wp-json\/wp\/v2\/pages\/4075\/revisions\/33660"}],"up":[{"embeddable":true,"href":"https:\/\/211md.org\/it\/wp-json\/wp\/v2\/pages\/930"}],"wp:featuredmedia":[{"embeddable":true,"href":"https:\/\/211md.org\/it\/wp-json\/wp\/v2\/media\/4087"}],"wp:attachment":[{"href":"https:\/\/211md.org\/it\/wp-json\/wp\/v2\/media?parent=4075"}],"curies":[{"name":"scrivere","href":"https:\/\/api.w.org\/{rel}","templated":true}]}}