{"id":4932,"date":"2025-08-18T17:21:52","date_gmt":"2025-08-18T21:21:52","guid":{"rendered":"https:\/\/211md.org\/?page_id=4932"},"modified":"2025-10-14T19:36:17","modified_gmt":"2025-10-14T23:36:17","slug":"rifugio-sicuro","status":"publish","type":"page","link":"https:\/\/211md.org\/it\/resources\/children-families\/safe-haven\/","title":{"rendered":"Safe Haven: aiuto per i neo-genitori che non possono prendersi cura di un bambino"},"content":{"rendered":"<img decoding=\"async\" src=\"http:\/\/211md.org\/wp-content\/uploads\/2025\/07\/Pregnant-mom-looking-out-window.jpg\" alt=\"Mamma incinta che guarda fuori dalla finestra\" itemprop=\"image\" title=\"Mamma incinta che guarda fuori dalla finestra\" onerror=\"this.style.display='none'\" loading=\"lazy\" \/>\n\t<p>Sono disponibili aiuti per le donne incinte o per coloro che hanno avuto da poco un bambino e non sono ancora pronte a diventare genitori o a formare una famiglia.<\/p>\n<h2>Cos&#039;\u00e8 Safe Haven?<\/h2>\n<p>Safe Haven offre ai genitori un&#039;alternativa legale e sicura per consegnare in forma anonima un neonato sano e salvo fino a 60 giorni di vita.<\/p>\n<p>Non ci sono conseguenze legali per l&#039;utilizzo del programma se il bambino \u00e8 stato accudito fino a quel momento.<\/p>\n<p>Non \u00e8 necessario rispondere a nessuna domanda.<\/p>\n<p>L&#039;obiettivo \u00e8 quello di offrire ai genitori un&#039;alternativa sicura e di garantire ai neonati un inizio sano.<\/p>\n\t<h2>Come funziona<\/h2>\n<p>I genitori o un altro adulto maggiorenne possono consegnare il neonato presso una struttura designata.<\/p>\n<p>Tra questi rientrano le caserme dei pompieri, le stazioni di polizia o un ambulatorio medico designato.<\/p>\n<p>Tutto ci\u00f2 che c&#039;\u00e8 da dire \u00e8: &quot;Questo \u00e8 un bambino al sicuro&quot;.<\/p>\n<p>In qualit\u00e0 di partner di Safe Haven, il 211 pu\u00f2 mettere in contatto gli abitanti del Maryland con le sedi Safe Haven locali.<\/p>\n<p>Chiama il 211 e parla con una persona attenta e compassionevole che ti fornir\u00e0 un supporto affidabile e chiaro.<\/p>\n\t\t\t\t<img decoding=\"async\" src=\"https:\/\/211md.org\/wp-content\/uploads\/2025\/08\/Safe-Haven-logo-400x279.png\" alt=\"Logo di Safe Haven\" itemprop=\"image\" height=\"279\" width=\"400\" title=\"Logo di Safe Haven\" onerror=\"this.style.display='none'\" loading=\"lazy\" \/>\n\t\t<h3>Trova un luogo sicuro<\/h3>\n\t\t<p>I genitori possono anche cercare le sedi nel Maryland in base al codice postale.<\/p>\n<p>Quando la persona arriva con il neonato illeso, dire &quot;Questo \u00e8 un neonato al sicuro&quot;.<\/p>\n\t\t\t<a href=\"https:\/\/search.211md.org\/search?query=LJ-5000.8000&#038;query_label=Safe+Havens+for+Abandoned+Newborns&#038;query_type=taxonomy\" target=\"_blank\" rel=\"noopener\">\n\t\t\t\t\t\t\tTrova un luogo sicuro\n\t\t\t\t\t<\/a>\n\t<h3>Domande frequenti<\/h3>\n<p>Hai domande? Ottieni risposte o chiama il 211 per assistenza.<\/p>\n<h3>Cos&#039;\u00e8 Safe Haven?<\/h3>\n<p>Un programma ideato per proteggere il neonato da pericoli o morte e per proteggerti da azioni legali.<\/p>\n<p>Il bambino pu\u00f2 essere consegnato senza arresto o procedimento penale entro 60 giorni dalla nascita.<\/p>\n<h3>Cosa intendi per illeso?<\/h3>\n<p>Ci\u00f2 significa che il neonato non \u00e8 stato maltrattato o trascurato e che non vi sono prove di lesioni fisiche o di mancata cura del bambino.<\/p>\n<h3>Dove \u00e8 possibile lasciare i neonati in tutta sicurezza?<\/h3>\n<p>I bambini possono essere consegnati in forma anonima a un ospedale del Maryland, a uno studio medico designato, a una stazione di polizia o a una stazione dei pompieri. <a href=\"https:\/\/search.211md.org\/search?query=LJ-5000.8000&amp;query_label=Safe+Havens+for+Abandoned+Newborns&amp;query_type=taxonomy\" target=\"_blank\" rel=\"noopener\">Ricerca<\/a> per trovare un rifugio sicuro tramite codice postale o chiamando il 211.<\/p>\n<h3>Cosa si dovrebbe dire durante il passaggio di consegne?<\/h3>\n<p>Basta dire: &quot;Questo \u00e8 un bambino al sicuro&quot; e andarsene.<\/p>\n<p>Potrebbero esserti poste domande sulla salute del bambino e sulla storia clinica della tua famiglia, in modo che chi si prende cura del neonato possa prendersi cura al meglio, ma non sei obbligato a rispondere a queste domande.<\/p>\n<h3>Ho paura. Qualcun altro pu\u00f2 fare il passaggio di consegne per me?<\/h3>\n<p>S\u00ec, a patto che abbiano pi\u00f9 di 18 anni. Non \u00e8 necessario rispondere a nessuna domanda.<\/p>\n<p>D\u00ec semplicemente: &quot;Questo \u00e8 un bambino al sicuro&quot;.<\/p>\n<h3>Cosa succeder\u00e0 al bambino?<\/h3>\n<p>Il neonato ricever\u00e0 tutte le cure mediche necessarie e verr\u00e0 poi dimesso e affidato al Dipartimento locale dei servizi sociali, dove verr\u00e0 dato in adozione.<\/p>\n<h3>Cosa succede se cambio idea?<\/h3>\n<p>L&#039;obiettivo \u00e8 quello di collocare il bambino in una casa permanente, sicura e stabile. Tuttavia, \u00e8 possibile contattare il Dipartimento dei Servizi Sociali locale.<\/p>\n<h3>Dove pu\u00f2 ricevere assistenza medica il genitore?<\/h3>\n<p>Se avverti dolore, forti emorragie o hai la febbre, recati al pronto soccorso pi\u00f9 vicino o contatta un medico per ricevere assistenza.<\/p>\n<p>Ricordati che affidare un neonato a Safe Haven \u00e8 legale e non dovrai affrontare alcuna conseguenza.<\/p>\n<h3>Hai altre domande?<\/h3>\n<p>Chiamare il 211, il Dipartimento dei Servizi Umani al numero 1-800-332-6347 o un <a href=\"https:\/\/dhs.maryland.gov\/local-offices\/\" target=\"_blank\" rel=\"noopener\">locale<\/a> Dipartimento dei Servizi Sociali. Le chiamate sono anonime. Chiedi di parlare con qualcuno di Safe Haven.<\/p>\n<p>&nbsp;<\/p>","protected":false},"excerpt":{"rendered":"<p>\u00c8 disponibile un servizio di assistenza per le donne incinte o per coloro che hanno partorito di recente e non sono pronte a diventare genitori o a formare una famiglia. Cos&#039;\u00e8 Safe Haven? Safe Haven offre un&#039;alternativa legale e sicura ai genitori per consegnare in forma anonima un neonato sano e salvo fino a 60 giorni di vita. Non ci sono...<\/p>","protected":false},"author":7,"featured_media":4934,"parent":839,"menu_order":0,"comment_status":"closed","ping_status":"closed","template":"","meta":{"footnotes":""},"class_list":["post-4932","page","type-page","status-publish","has-post-thumbnail","hentry"],"_links":{"self":[{"href":"https:\/\/211md.org\/it\/wp-json\/wp\/v2\/pages\/4932","targetHints":{"allow":["GET"]}}],"collection":[{"href":"https:\/\/211md.org\/it\/wp-json\/wp\/v2\/pages"}],"about":[{"href":"https:\/\/211md.org\/it\/wp-json\/wp\/v2\/types\/page"}],"author":[{"embeddable":true,"href":"https:\/\/211md.org\/it\/wp-json\/wp\/v2\/users\/7"}],"replies":[{"embeddable":true,"href":"https:\/\/211md.org\/it\/wp-json\/wp\/v2\/comments?post=4932"}],"version-history":[{"count":6,"href":"https:\/\/211md.org\/it\/wp-json\/wp\/v2\/pages\/4932\/revisions"}],"predecessor-version":[{"id":4985,"href":"https:\/\/211md.org\/it\/wp-json\/wp\/v2\/pages\/4932\/revisions\/4985"}],"up":[{"embeddable":true,"href":"https:\/\/211md.org\/it\/wp-json\/wp\/v2\/pages\/839"}],"wp:featuredmedia":[{"embeddable":true,"href":"https:\/\/211md.org\/it\/wp-json\/wp\/v2\/media\/4934"}],"wp:attachment":[{"href":"https:\/\/211md.org\/it\/wp-json\/wp\/v2\/media?parent=4932"}],"curies":[{"name":"scrivere","href":"https:\/\/api.w.org\/{rel}","templated":true}]}}