{"id":836,"date":"2021-04-08T19:38:57","date_gmt":"2021-04-08T19:38:57","guid":{"rendered":"https:\/\/211md.org\/?page_id=836"},"modified":"2025-12-01T14:22:37","modified_gmt":"2025-12-01T19:22:37","slug":"salute-mentale","status":"publish","type":"page","link":"https:\/\/211md.org\/it\/resources\/mental-health\/","title":{"rendered":"Trova supporto per la salute mentale nel Maryland"},"content":{"rendered":"<img decoding=\"async\" src=\"https:\/\/stg-maryland211-staging.kinsta.cloud\/wp-content\/uploads\/2025\/08\/5-1-scaled.png\" alt=\"5\" itemprop=\"image\" height=\"692\" width=\"2560\" title=\"5\" onerror=\"this.style.display='none'\" loading=\"lazy\" \/>\n\t\t<p>C&#039;\u00e8 aiuto disponibile per chiunque lotti contro ansia, depressione, pensieri suicidi, sopraffazione, stress o altri problemi di salute mentale. Non sei solo!<\/p>\n<p>Chiama il 988 per ricevere assistenza immediata.<\/p>\n<p>Sono disponibili anche risorse riservate per supportare la salute mentale degli adolescenti e degli adulti.<\/p>\n\t\t\t<a href=\"#start\" target=\"_self\">\n\t\t\t\t\t\tPer iniziare\n\t\t\t\t\t<\/a>\n\t\t\t\t<img decoding=\"async\" src=\"https:\/\/211md.org\/wp-content\/plugins\/bb-plugin\/img\/pixel.png\" alt=\"\" itemprop=\"image\" onerror=\"this.style.display='none'\" loading=\"lazy\" \/>\n\t\t\t\t<img decoding=\"async\" src=\"https:\/\/stg-maryland211-staging.kinsta.cloud\/wp-content\/uploads\/2025\/08\/16.png\" alt=\"16\" itemprop=\"image\" height=\"1000\" width=\"1000\" title=\"16\" onerror=\"this.style.display='none'\" loading=\"lazy\" \/>\n\t\t\t\t<img decoding=\"async\" src=\"http:\/\/211md.org\/wp-content\/uploads\/2025\/10\/Thoughtful-man-sitting-on-park-bench.jpg\" alt=\"Uomo pensieroso seduto su una panchina del parco\" itemprop=\"image\" title=\"Uomo pensieroso seduto su una panchina del parco\" onerror=\"this.style.display='none'\" loading=\"lazy\" \/>\n\t<h3>Cosa succede quando chiami il 988 nel Maryland<\/h3>\n<p>Se conosci qualcuno che sta pensando al suicidio, non lasciarlo solo.<\/p>\n<p>Prova a convincere la persona cara a chiedere aiuto immediato chiamando il 988.<\/p>\n<p>Specialisti professionalmente preparati sono disponibili 24 ore su 24, 7 giorni su 7, 365 giorni l&#039;anno per ascoltare e parlare.<\/p>\n<p>Ad alcune di queste chiamate rispondono 211 specialisti del Baltimore Crisis Response.<\/p>\n<p>Elijah McBride \u00e8 il responsabile del call center e ha parlato dei modi in cui possono aiutare le persone su &quot;<a href=\"https:\/\/211md.org\/it\/podcast\/baltimore-city-mental-health\/\" target=\"_blank\" rel=\"noopener\">Cos&#039;\u00e8 il 211?&quot; podcast<\/a>.<\/p>\n<blockquote><p>\u201cQuindi, quando qualcuno chiama, verr\u00e0 messo in contatto direttamente con un consulente qualificato della hotline. Il consulente della hotline fornir\u00e0 loro informazioni adeguate e accurate, li ascolter\u00e0 e far\u00e0 un vero brainstorming su potenziali opzioni e soluzioni alla particolare crisi o problema che presentano al telefono&quot;, ha spiegato McBride.<\/p><\/blockquote>\n<p>Chatta online con un professionista della salute mentale oppure chiama o invia un messaggio al 988.<\/p>\n\t\t\t<a href=\"https:\/\/988lifeline.org\/chat\/\" target=\"_blank\" rel=\"noopener\">\n\t\t\t\t\t\t\tChatta con 988 (inglese)\n\t\t\t\t\t<\/a>\n\t\t\t<a href=\"https:\/\/988lifeline.org\/es\/home\/\" target=\"_blank\" rel=\"noopener\">\n\t\t\t\t\t\t\tChatta con 988 (spagnolo)\n\t\t\t\t\t<\/a>\n\t\t\t\t<a href=\"https:\/\/search.988.mdinfonet.org\/\" target=\"_blank\" rel=\"noopener\" itemprop=\"url\">\n\t\t\t\t<img decoding=\"async\" src=\"https:\/\/stg-maryland211-staging.kinsta.cloud\/wp-content\/uploads\/2025\/08\/2025_MdInfoNet_Icon-Sets-white_Locate.png\" alt=\"\" itemprop=\"image\" onerror=\"this.style.display='none'\" loading=\"lazy\" \/>\n\t\t\t\t<\/a>\n<h2><a href=\"https:\/\/search.988.mdinfonet.org\/\" target=\"_blank\" rel=\"noopener\">Trova subito risorse per la salute mentale<\/a><\/h2><p>Trova supporto per la salute comportamentale vicino a te, effettuando una ricerca nel database 988, gestito da Maryland Information Network e 211.<\/p>\n<p>Inserisci il tuo codice postale e usa i filtri per restringere i risultati.<\/p>\n\t\t\t<a href=\"https:\/\/search.988.mdinfonet.org\/\" target=\"_blank\" rel=\"noopener\">\n\t\t\t\t\t\t\tCerca ora\n\t\t\t<\/a>\n\t\t\t\t<img decoding=\"async\" src=\"http:\/\/211md.org\/wp-content\/uploads\/2025\/10\/Adult-texting.jpg\" alt=\"Messaggi per adulti\" itemprop=\"image\" title=\"Messaggi per adulti\" onerror=\"this.style.display='none'\" loading=\"lazy\" \/>\n\t<h3>211 programmi di messaggistica<\/h3>\n<p>Offriamo due programmi di messaggistica motivazionale e informativa. Ricevi messaggi con suggerimenti e strumenti pratici per migliorare il benessere mentale.<\/p>\n<p>Sono gratuiti e riservati.<\/p>\n<p>Sono disponibili due programmi, uno per adulti in inglese e spagnolo e un programma di testo in inglese per adolescenti.<\/p>\n<h3>MDMindHealth\/MDSaludMental (Adulti)<\/h3>\n<p>Gli adulti possono registrarsi per MDMindHealth (inglese) o MDSaludMental (spagnolo).<\/p>\n<p>Sui dispositivi mobili, clicca sulla parola chiave per aprire la messaggistica di testo.<\/p>\n<p>Altrimenti, invia un SMS con la parola chiave al numero 898-211.<\/p>\n<p>Italiano: Testo\u00a0<strong>MDMindHealth<\/strong>\u00a0a 898-211<\/p>\n<p>Spagnolo: Testo\u00a0<strong>MD Salud Mental\u00a0<\/strong>a 898-211<\/p>\n<p>&nbsp;<\/p>\n\t\t\t<a href=\"sms:\/\/898-211;?&#038;body=MDMINDHEALTH\" target=\"_blank\" rel=\"noopener\">\n\t\t\t\t\t\tTesto mdmindhealth\n\t\t\t\t\t<\/a>\n\t\t\t<a href=\"sms:\/\/898-211;?&#038;body=MDSALUDMENTAL\" target=\"_blank\" rel=\"noopener\">\n\t\t\t\t\t\tTesto MdSaludMental\n\t\t\t\t\t<\/a>\n\t<p><em>211 Maryland offre programmi di allerta tramite SMS che forniscono informazioni sulle risorse specifiche per regione o allerte di calamit\u00e0. Potrebbero essere applicate tariffe per messaggi e dati e la frequenza dei messaggi potrebbe variare. Per assistenza, invia HELP. Per annullare l&#039;iscrizione, invia STOP allo stesso numero. Termini SMS completi su\u00a0<a href=\"https:\/\/211md.org\/it\/sms\/\">https:\/\/211md.org\/sms\/<\/a>\u00a0si applicher\u00e0 anche.<\/em><\/p>\n\t\t<h3>MDYoungMinds (Adolescenti)<\/h3>\n<p>Gli adolescenti possono ricevere da MDYoungMinds messaggi di testo informativi incentrati sulle preoccupazioni adolescenziali.<\/p>\n<p>Sul cellulare, fai clic sulla parola chiave per aprire i messaggi di testo. Altrimenti, invia la parola chiave al numero di telefono tramite SMS.<\/p>\n<p>Adolescenti: Testo<strong>\u00a0MDYoungMinds\u00a0<\/strong>a 898-211<\/p>\n\t\t\t<a href=\"tel:+211sms:\/\/898-211;?&#038;body=MDYOUNGMINDS\" target=\"_blank\" rel=\"noopener\">\n\t\t\t\t\t\tTesto MdYoungMinds\n\t\t\t\t\t<\/a>\n\t\t\t\t<img decoding=\"async\" src=\"http:\/\/211md.org\/wp-content\/uploads\/2025\/10\/Teen-texting.jpg\" alt=\"messaggi di testo per adolescenti\" itemprop=\"image\" title=\"Messaggi di testo per adolescenti\" onerror=\"this.style.display='none'\" loading=\"lazy\" \/>\n\t<h2>Come la salute mentale influisce su di noi<\/h2>\n<p>La salute mentale influisce sul modo in cui pensi, senti e agisci. Determina il modo in cui ti relazioni con gli altri, fai scelte e gestisci lo stress, secondo il <a href=\"https:\/\/www.samhsa.gov\/mental-health\" target=\"_blank\" rel=\"noopener\">Abuso di sostanze e amministrazione dei servizi di salute mentale<\/a> (SAMHSA).<\/p>\n<p>\u00c8 importante quanto la tua salute fisica. <a href=\"https:\/\/211md.org\/it\/risorse\/salute-mentale\/depressione\/\">Depressione<\/a> pu\u00f2 anche aumentare i rischi di alcuni problemi di salute fisica.<\/p>\n<p>Se sei in difficolt\u00e0, chiedi aiuto. \u00c8 un segno di forza. Siamo qui quando hai pi\u00f9 bisogno di noi.<\/p>\n<p>Chiama il 2-1-1 e ti metteremo in contatto con l&#039;assistenza.<\/p>\n\t\t\t\t<img decoding=\"async\" src=\"http:\/\/211md.org\/wp-content\/uploads\/2023\/04\/Woman-in-wheelchair-getting-mental-health-support.jpg\" alt=\"Donna in sedia a rotelle che riceve supporto per la salute mentale\" itemprop=\"image\" title=\"Donna in sedia a rotelle che riceve supporto per la salute mentale\" onerror=\"this.style.display='none'\" loading=\"lazy\" \/>\n\t<h2>Come trovare un fornitore di servizi di salute mentale<\/h2>\n<p>Trovare un fornitore di servizi di salute mentale pu\u00f2 richiedere tempo. SU <a href=\"https:\/\/211md.org\/it\/blog\/categoria\/podcast-2\/\">Cos&#039;\u00e8 il 211? podcast<\/a> e la serie Minorities and Mental Health su 92Q, abbiamo parlato con specialisti di salute comportamentale dei tempi di attesa e delle difficolt\u00e0 nel trovare qualcuno di cui ti fidi, soprattutto per la comunit\u00e0 nera.<\/p>\n<p>Potrebbero essere necessari alcuni fornitori prima di trovare la soluzione giusta. Ma non ritardare il trattamento. Inizia la conversazione con un terapista disponibile il prima possibile.<\/p>\n<p>Quando trovi un terapista adatto a te, chiedi informazioni su:<\/p>\n<ul>\n<li>tipi di terapia che offrono<\/li>\n<li>opzioni di trattamento<\/li>\n<li>Modalit\u00e0 di pagamento<\/li>\n<\/ul>\n<p>&nbsp;<\/p>\n\t<p>Vuoi un terapista con cui puoi avere una conversazione onesta e aperta. Potrebbero essere necessari alcuni tentativi prima di trovare quello con cui ti connetti e di cui ti fidi. Se la tua prima scelta non \u00e8 disponibile, inizia la conversazione con un terapista che ha delle opportunit\u00e0. \u00c8 un punto di partenza. L\u2019aiuto alla salute mentale \u00e8 un processo.<\/p>\n<p><a href=\"https:\/\/211md.org\/it\/blog\/sentimenti-di-salute-mentale\/\">La terapia pu\u00f2 aiutarti a sentirti convalidato<\/a> e metti in parole ci\u00f2 che senti.<\/p>\n<p>Impostato <a href=\"https:\/\/211md.org\/it\/blog\/obiettivi-di-salute-mentale\/\" target=\"_blank\" rel=\"noopener\">obiettivi di salute mentale<\/a> che funzionano per te. Ricorda, va bene non stare bene.<\/p>\n\t\t\t\t<a href=\"https:\/\/search.988.mdinfonet.org\/\" target=\"_blank\" rel=\"noopener\" itemprop=\"url\">\n\t\t\t\t<img decoding=\"async\" src=\"https:\/\/stg-maryland211-staging.kinsta.cloud\/wp-content\/uploads\/2025\/08\/2025_MdInfoNet_Icon-Sets-white_Locate.png\" alt=\"\" itemprop=\"image\" onerror=\"this.style.display='none'\" loading=\"lazy\" \/>\n\t\t\t\t<\/a>\n<h2><a href=\"https:\/\/search.988.mdinfonet.org\/\" target=\"_blank\" rel=\"noopener\">Cerca operatori sanitari per la salute mentale<\/a><\/h2><p>Contatta i fornitori pi\u00f9 vicini a te. Cerca nel database 988, gestito dal Maryland Information Network e dal 211.<\/p>\n\t\t\t<a href=\"https:\/\/search.988.mdinfonet.org\/\" target=\"_blank\" rel=\"noopener\">\n\t\t\t\t\t\t\tCerca ora\n\t\t\t<\/a>\n<h2>\n\t\t\tInformazioni aggiuntive per la salute mentale\t<\/h2>\n\t<h3>211 podcast<\/h3>\n<p>Continua a scoprire di pi\u00f9 sul supporto alla salute mentale della comunit\u00e0 con queste 211 risorse sulla salute mentale, tra cui podcast e una discussione comunitaria sulla salute mentale degli uomini.<\/p>\n\t<h2>Bisogno di parlare?\u00a0<\/h2>\n<p>&nbsp;<\/p>\n\t<h2>Chiama o invia un SMS al 988<\/h2>\n\t\t\t<a href=\"https:\/\/988lifeline.org\/chat\/\" target=\"_blank\" rel=\"noopener\">\n\t\t\t\t\t\t\tChatta ora (inglese)\n\t\t\t\t\t<\/a>\n\t\t\t<a href=\"https:\/\/988lifeline.org\/es\/chat\/\" target=\"_blank\" rel=\"noopener\">\n\t\t\t\t\t\t\tChatea Ahora (Spagnolo)\n\t\t\t\t\t<\/a>\n\t<p>Chiunque abbia bisogno di assistenza per problemi di salute mentale o legati all\u2019uso di sostanze pu\u00f2 chiamare il 988. <a href=\"https:\/\/health.maryland.gov\/bha\/Pages\/988md.aspx\" target=\"_blank\" rel=\"noopener\">Ulteriori informazioni su 988 nel Maryland<\/a>.<\/p>\n\t\t<h4><a href=\"\/it\/risorse\/invecchiamento-disabilita\/?utm_source=Home&#038;utm_medium=Referral&#038;utm_campaign=211Resources&#038;utm_content=Aging\" target=\"_self\">Invecchiamento e disabilit\u00e0<\/a><\/h4>\n\t\t\t\t<a href=\"\/it\/risorse\/invecchiamento-disabilita\/?utm_source=Home&#038;utm_medium=Referral&#038;utm_campaign=211Resources&#038;utm_content=Aging\"  target=\"_self\" itemprop=\"url\">\n\t\t\t\t<img decoding=\"async\" src=\"https:\/\/211md.org\/wp-content\/uploads\/bb-plugin\/cache\/2025_MdInfoNet_Icon-Sets_Aging-disability-square-c466727102cae71e5f27b8539bb51945-.png\" alt=\"\" itemprop=\"image\" onerror=\"this.style.display='none'\" loading=\"lazy\" \/>\n\t\t\t\t<\/a>\n\t\t<h4><a href=\"\/it\/risorse\/bambini-famiglie\/?utm_source=Home&#038;utm_medium=Referral&#038;utm_campaign=211Resources&#038;utm_content=Children\" target=\"_self\">Bambini e famiglie<\/a><\/h4>\n\t\t\t\t<a href=\"\/it\/risorse\/bambini-famiglie\/?utm_source=Home&#038;utm_medium=Referral&#038;utm_campaign=211Resources&#038;utm_content=Children\"  target=\"_self\" itemprop=\"url\">\n\t\t\t\t<img decoding=\"async\" src=\"https:\/\/211md.org\/wp-content\/uploads\/bb-plugin\/cache\/2025_211_Icon-Sets_Child-care-square-f3b0d4edab3dcc467fadb5f55f4064c6-.png\" alt=\"parent and child icon for child care\" itemprop=\"image\" height=\"417\" width=\"417\" title=\"2025_211_Set di icone_Assistenza all&#039;infanzia\" onerror=\"this.style.display='none'\" loading=\"lazy\" \/>\n\t\t\t\t<\/a>\n\t\t<h4><a href=\"\/it\/risorse\/violenza-domestica-familiare\/?utm_source=Home&#038;utm_medium=Referral&#038;utm_campaign=211Resources&#038;utm_content=Domestic\" target=\"_self\">Violenza domestica<\/a><\/h4>\n\t\t\t\t<a href=\"\/it\/risorse\/violenza-domestica-familiare\/?utm_source=Home&#038;utm_medium=Referral&#038;utm_campaign=211Resources&#038;utm_content=Domestic\"  target=\"_self\" itemprop=\"url\">\n\t\t\t\t<img decoding=\"async\" src=\"https:\/\/211md.org\/wp-content\/uploads\/bb-plugin\/cache\/2025_211_Icon-Sets_Domestic-Violence-square-7b597694a6f05fe90cdc376aa573bc63-.png\" alt=\"Icona della violenza domestica\" itemprop=\"image\" height=\"417\" width=\"417\" title=\"2025_211_Set di icone_Violenza domestica\" onerror=\"this.style.display='none'\" loading=\"lazy\" \/>\n\t\t\t\t<\/a>\n\t\t<h4><a href=\"\/it\/risorse\/ricerca-occupazione\/?utm_source=Home&#038;utm_medium=Referral&#038;utm_campaign=211Resources&#038;utm_content=Employment\" target=\"_self\">Occupazione<\/a><\/h4>\n\t\t\t\t<a href=\"\/it\/risorse\/ricerca-occupazione\/?utm_source=Home&#038;utm_medium=Referral&#038;utm_campaign=211Resources&#038;utm_content=Employment\"  target=\"_self\" itemprop=\"url\">\n\t\t\t\t<img decoding=\"async\" src=\"https:\/\/211md.org\/wp-content\/uploads\/bb-plugin\/cache\/2025_MdInfoNet_Icon-Sets_Employment-square-44707bd410e4df10a470bf130ebcea86-.png\" alt=\"\" itemprop=\"image\" onerror=\"this.style.display='none'\" loading=\"lazy\" \/>\n\t\t\t\t<\/a>\n\t\t<h4><a href=\"\/it\/risorse\/assistenza-sanitaria\/?utm_source=Home&#038;utm_medium=Referral&#038;utm_campaign=211Resources&#038;utm_content=Health%20Care\" target=\"_self\">Assistenza sanitaria<\/a><\/h4>\n\t\t\t\t<a href=\"\/it\/risorse\/assistenza-sanitaria\/?utm_source=Home&#038;utm_medium=Referral&#038;utm_campaign=211Resources&#038;utm_content=Health%20Care\"  target=\"_self\" itemprop=\"url\">\n\t\t\t\t<img decoding=\"async\" src=\"https:\/\/211md.org\/wp-content\/uploads\/bb-plugin\/cache\/2025_MdInfoNet_Icon-Sets_Health-Care-square-dee98a0060cbe0e7f27eda253fc12679-.png\" alt=\"\" itemprop=\"image\" onerror=\"this.style.display='none'\" loading=\"lazy\" \/>\n\t\t\t\t<\/a>\n\t\t<h4><a href=\"\/it\/risorse\/bambini-famiglie\/parentela-cura\/?utm_source=Home&#038;utm_medium=Referral&#038;utm_campaign=211Resources&#038;utm_content=Kinship\" target=\"_self\">Parentela<\/a><\/h4>\n\t\t\t\t<a href=\"\/it\/risorse\/bambini-famiglie\/parentela-cura\/?utm_source=Home&#038;utm_medium=Referral&#038;utm_campaign=211Resources&#038;utm_content=Kinship\"  target=\"_self\" itemprop=\"url\">\n\t\t\t\t<img decoding=\"async\" src=\"https:\/\/211md.org\/wp-content\/uploads\/bb-plugin\/cache\/2025_211_Icon-Sets_Kinship-square-45bdf872866f5735f842c32071109267-.png\" alt=\"Icona di parentela\" itemprop=\"image\" height=\"417\" width=\"417\" title=\"2025_211_Set di icone_Parentela\" onerror=\"this.style.display='none'\" loading=\"lazy\" \/>\n\t\t\t\t<\/a>\n\t\t<h4><a href=\"\/it\/risorse\/servizi-legali\/?utm_source=Home&#038;utm_medium=Referral&#038;utm_campaign=211Resources&#038;utm_content=Legal\" target=\"_self\">Servizi legali<\/a><\/h4>\n\t\t\t\t<a href=\"\/it\/risorse\/servizi-legali\/?utm_source=Home&#038;utm_medium=Referral&#038;utm_campaign=211Resources&#038;utm_content=Legal\"  target=\"_self\" itemprop=\"url\">\n\t\t\t\t<img decoding=\"async\" src=\"https:\/\/211md.org\/wp-content\/uploads\/bb-plugin\/cache\/2025_MdInfoNet_Icon-Sets_Legal-square-18fdf438feb8435588174d9046463257-.png\" alt=\"\" itemprop=\"image\" onerror=\"this.style.display='none'\" loading=\"lazy\" \/>\n\t\t\t\t<\/a>\n\t\t<h4><a href=\"\/it\/risorse\/salute-mentale\/?utm_source=Home&#038;utm_medium=Referral&#038;utm_campaign=211Resources&#038;utm_content=Mental\" target=\"_self\">Salute mentale<\/a><\/h4>\n\t\t\t\t<a href=\"\/it\/risorse\/salute-mentale\/?utm_source=Home&#038;utm_medium=Referral&#038;utm_campaign=211Resources&#038;utm_content=Mental\"  target=\"_self\" itemprop=\"url\">\n\t\t\t\t<img decoding=\"async\" src=\"https:\/\/211md.org\/wp-content\/uploads\/bb-plugin\/cache\/2025_MdInfoNet_Icon-Sets_Mental-Health-square-c59b38c4a993a947d4c9280fbe2d2fee-.png\" alt=\"\" itemprop=\"image\" onerror=\"this.style.display='none'\" loading=\"lazy\" \/>\n\t\t\t\t<\/a>\n\t\t<h4><a href=\"\/it\/risorse\/mdreentry\/?utm_source=Home&#038;utm_medium=Referral&#038;utm_campaign=211Resources&#038;utm_content=Reentry\" target=\"_self\">Rientro<\/a><\/h4>\n\t\t\t\t<a href=\"\/it\/risorse\/mdreentry\/?utm_source=Home&#038;utm_medium=Referral&#038;utm_campaign=211Resources&#038;utm_content=Reentry\"  target=\"_self\" itemprop=\"url\">\n\t\t\t\t<img decoding=\"async\" src=\"https:\/\/211md.org\/wp-content\/uploads\/bb-plugin\/cache\/2025_211_Icon-Sets_Reentry-square-8676fea38abd920a832f45642fe31cca-.png\" alt=\"Icona di rientro\" itemprop=\"image\" height=\"417\" width=\"417\" title=\"2025_211_Set di icone_Rientro\" onerror=\"this.style.display='none'\" loading=\"lazy\" \/>\n\t\t\t\t<\/a>\n\t\t<h4><a href=\"\/it\/risorse\/uso-di-sostanze\/?utm_source=Home&#038;utm_medium=Referral&#038;utm_campaign=211Resources&#038;utm_content=Substance\" target=\"_self\">Uso di sostanze<\/a><\/h4>\n\t\t\t\t<a href=\"\/it\/risorse\/uso-di-sostanze\/?utm_source=Home&#038;utm_medium=Referral&#038;utm_campaign=211Resources&#038;utm_content=Substance\"  target=\"_self\" itemprop=\"url\">\n\t\t\t\t<img decoding=\"async\" src=\"https:\/\/211md.org\/wp-content\/uploads\/bb-plugin\/cache\/2025_MdInfoNet_Icon-Sets_Substance-Abuse-square-9022fec9d18a64118ad685c101885b55-.png\" alt=\"\" itemprop=\"image\" onerror=\"this.style.display='none'\" loading=\"lazy\" \/>\n\t\t\t\t<\/a>\n\t\t<h4><a href=\"\/it\/risorse\/veterani\/?utm_source=Home&#038;utm_medium=Referral&#038;utm_campaign=211Resources&#038;utm_content=Veterans\" target=\"_self\">Veterani<\/a><\/h4>\n\t\t\t\t<a href=\"\/it\/risorse\/veterani\/?utm_source=Home&#038;utm_medium=Referral&#038;utm_campaign=211Resources&#038;utm_content=Veterans\"  target=\"_self\" itemprop=\"url\">\n\t\t\t\t<img decoding=\"async\" src=\"https:\/\/211md.org\/wp-content\/uploads\/bb-plugin\/cache\/2025_MdInfoNet_Icon-Sets_Rating-square-6e60d00cce4faa8e0a6d4ad7366aa733-.png\" alt=\"\" itemprop=\"image\" onerror=\"this.style.display='none'\" loading=\"lazy\" \/>\n\t\t\t\t<\/a>","protected":false},"excerpt":{"rendered":"<p>\u00c8 disponibile un aiuto per chiunque lotti contro ansia, depressione, pensieri suicidi, sopraffazione, stress o altri problemi di salute mentale. Non sei solo! Chiama il 988 per ricevere assistenza immediata. Sono inoltre disponibili risorse riservate per supportare la salute mentale di adolescenti e adulti. Inizia Cosa succede quando chiami il 988 nel Maryland Se...<\/p>","protected":false},"author":8,"featured_media":33920,"parent":930,"menu_order":0,"comment_status":"closed","ping_status":"closed","template":"","meta":{"footnotes":""},"class_list":["post-836","page","type-page","status-publish","has-post-thumbnail","hentry"],"_links":{"self":[{"href":"https:\/\/211md.org\/it\/wp-json\/wp\/v2\/pages\/836","targetHints":{"allow":["GET"]}}],"collection":[{"href":"https:\/\/211md.org\/it\/wp-json\/wp\/v2\/pages"}],"about":[{"href":"https:\/\/211md.org\/it\/wp-json\/wp\/v2\/types\/page"}],"author":[{"embeddable":true,"href":"https:\/\/211md.org\/it\/wp-json\/wp\/v2\/users\/8"}],"replies":[{"embeddable":true,"href":"https:\/\/211md.org\/it\/wp-json\/wp\/v2\/comments?post=836"}],"version-history":[{"count":11,"href":"https:\/\/211md.org\/it\/wp-json\/wp\/v2\/pages\/836\/revisions"}],"predecessor-version":[{"id":33961,"href":"https:\/\/211md.org\/it\/wp-json\/wp\/v2\/pages\/836\/revisions\/33961"}],"up":[{"embeddable":true,"href":"https:\/\/211md.org\/it\/wp-json\/wp\/v2\/pages\/930"}],"wp:featuredmedia":[{"embeddable":true,"href":"https:\/\/211md.org\/it\/wp-json\/wp\/v2\/media\/33920"}],"wp:attachment":[{"href":"https:\/\/211md.org\/it\/wp-json\/wp\/v2\/media?parent=836"}],"curies":[{"name":"scrivere","href":"https:\/\/api.w.org\/{rel}","templated":true}]}}