{"id":837,"date":"2021-04-08T19:40:11","date_gmt":"2021-04-08T19:40:11","guid":{"rendered":"https:\/\/211md.org\/?page_id=837"},"modified":"2025-09-02T12:13:44","modified_gmt":"2025-09-02T16:13:44","slug":"uso-di-sostanze","status":"publish","type":"page","link":"https:\/\/211md.org\/it\/resources\/substance-use\/","title":{"rendered":"Trova aiuto e trattamento per l&#039;uso di sostanze e la dipendenza"},"content":{"rendered":"<h2><a href=\"https:\/\/search.988.mdinfonet.org\/\" target=\"_blank\" rel=\"noopener\">Cerca consulenza sull&#039;uso di sostanze<\/a><\/h2>\n\t\t\t<a href=\"https:\/\/search.988.mdinfonet.org\/\" target=\"_blank\" rel=\"noopener\">\n\t\t\t\t\t\t\tCerca ora\n\t\t\t<\/a>\n\t<p><strong><a href=\"\/it\/unisciti-al-nostro-database\/\">Aggiungi la tua agenzia o organizzazione al nostro database delle risorse.<\/a><\/strong><\/p>\n\t\t\t\t<img decoding=\"async\" src=\"https:\/\/211md.org\/wp-content\/uploads\/2022\/07\/Diverse-group-of-people-in-the-streets.png\" alt=\"gruppo eterogeneo di persone nelle strade\" itemprop=\"image\" height=\"564\" width=\"1024\" title=\"Gruppo eterogeneo di persone nelle strade\" onerror=\"this.style.display='none'\" loading=\"lazy\" \/>\n\t<h2>Supporto per l&#039;uso di sostanze<\/h2>\n<p>L&#039;aiuto \u00e8 disponibile se tu o qualcuno che conosci \u00e8 dipendente da droghe o altre sostanze. Chiedere aiuto \u00e8 la cosa pi\u00f9 coraggiosa che tu possa fare.<\/p>\n<ul>\n<li><strong>Chiama il 988 per ricevere supporto in caso di crisi legate all&#039;abuso di sostanze o alla salute mentale.\u00a0<\/strong><br \/>\nPuoi anche chattare online in <a href=\"https:\/\/988lifeline.org\/chat\/\" target=\"_blank\" rel=\"noopener\">inglese<\/a> o <a href=\"https:\/\/988lifeline.org\/es\/chat\/\" target=\"_blank\" rel=\"noopener\">spagnolo<\/a>. <a href=\"https:\/\/988min.org\/\" target=\"_blank\" rel=\"noopener\">Ulteriori informazioni su 988 nel Maryland<\/a>.<\/li>\n<li><strong>Cerca fornitori di servizi per l&#039;uso di sostanze.<br \/>\n<\/strong>Lo Stato \u00e8 completo <a href=\"https:\/\/search.988.mdinfonet.org\/\" target=\"_blank\" rel=\"noopener\">banca dati sull&#039;uso di sostanze<\/a>, fornito da Maryland Information Network, consente di filtrare i servizi in base a preoccupazione, tipo di pagamento, et\u00e0, lingua e codice postale.<\/li>\n<\/ul>\n\t\t<h3>Invia MDHope al numero 898211<\/h3><p>Contatta un centro di cura per l&#039;abuso di sostanze vicino a te e siti di smaltimento di naloxone e farmaci soggetti a prescrizione medica.<\/p>\n<p><a href=\"https:\/\/211md.org\/it\/mdhope\/\" target=\"_blank\" rel=\"noopener\">MDHope<\/a> \u00e8 un programma di messaggistica gratuito e riservato che mette in contatto amici, famiglie, professionisti e privati con risorse e supporto locali sugli oppioidi. Invia MDHope al numero 898-211 e rispondi alle richieste per le informazioni e le risorse di cui hai bisogno.<\/p>\n<p><em>211 Maryland offre programmi di avviso tramite SMS che forniscono informazioni sulle risorse specifiche per regione o avvisi di calamit\u00e0. Potrebbero essere applicate tariffe per messaggi e dati. La frequenza dei messaggi potrebbe variare. Invia STOP allo stesso numero per annullare l&#039;iscrizione. Per assistenza, invia HELP. Termini SMS completi su <a href=\"https:\/\/211md.org\/it\/sms\/\">https:\/\/211md.org\/sms\/<\/a> si applicher\u00e0 anche<\/em><\/p>\n<h2>Prevenire un&#039;overdose<\/h2>\n<p>Se conosci qualcuno che sta lottando con l&#039;uso di sostanze, sii consapevole del <a href=\"https:\/\/211md.org\/it\/risorse\/uso-di-sostanze\/segnali-di-avvertimento-e-overdose-aiuto\/\">segni premonitori di un sovradosaggio<\/a>.<\/p>\n<p>Puoi tenere a portata di mano un farmaco salvavita chiamato Naloxone (Narcan) per aiutare la persona fino a quando non riceve il trattamento. Il farmaco \u00e8 disponibile nel Maryland senza prescrizione medica presso le farmacie del Maryland e <a href=\"https:\/\/health.maryland.gov\/pha\/NALOXONE\/Pages\/Approved-Entities.aspx\" target=\"_blank\" rel=\"noopener\">punti di distribuzione<\/a> in tutto lo stato.<\/p>\n<p>Se riscontri un&#039;overdose di qualcuno, chiama immediatamente il 911, anche se hai il Naloxone.<\/p>\n<p>La legge del buon samaritano del Maryland protegge te e la persona che ha avuto un&#039;overdose da determinati crimini e azioni penali se stai aiutando qualcuno a ottenere aiuto per un&#039;overdose.<\/p>\n<h3>Supporto alla crisi<\/h3>\n<p>Se tu o qualcuno che conosci avete bisogno di supporto immediato, chiama o invia un messaggio al 988. Parlerai con un professionista qualificato o chatterai con qualcuno online in <a href=\"https:\/\/988lifeline.org\/chat\/\" target=\"_blank\" rel=\"noopener\">inglese<\/a> o <a href=\"https:\/\/988lifeline.org\/es\/chat\/\" target=\"_blank\" rel=\"noopener\">spagnolo<\/a>.<\/p>\n<p>Ci sono anche centri di supporto in caso di crisi in tutto il Maryland che possono fornire assistenza 24 ore su 24, 7 giorni su 7. Questi centri possono fornire aiuto immediato e supporto continuo.<\/p>\n<p>Se tu o qualcuno che conosci avete bisogno immediato di aiuto di emergenza, chiama il 911. Altrimenti, chiama il 988 per trovare il supporto sanitario comportamentale di cui hai bisogno.<\/p>\n\t\t\t\t<img decoding=\"async\" src=\"https:\/\/211md.org\/wp-content\/plugins\/bb-plugin\/img\/pixel.png\" alt=\"\" itemprop=\"image\" onerror=\"this.style.display='none'\" loading=\"lazy\" \/>\n\t\t\t\t<img decoding=\"async\" src=\"http:\/\/211md.org\/wp-content\/uploads\/2024\/02\/going-through-medicine-cabinet-looking-at-pills.jpg\" alt=\"esaminando l&#039;armadietto dei medicinali guardando le pillole\" itemprop=\"image\" title=\"esaminando l&#039;armadietto dei medicinali guardando le pillole\" onerror=\"this.style.display='none'\" loading=\"lazy\" \/>\n\t<h3>Smaltimento di vecchi farmaci<\/h3>\n<p>Puoi anche prevenire l\u2019overdose buttando via i vecchi farmaci. Quando hai farmaci da prescrizione nel tuo armadietto dei medicinali, sono un facile bersaglio per chi \u00e8 dipendente dalla droga.<\/p>\n<p>Ci sono <a href=\"https:\/\/211md.org\/it\/risorse\/uso-di-sostanze\/smaltimento-dei-farmaci\/\">siti di smaltimento farmaci gratuiti<\/a> in tutto il Maryland.<\/p>\n<p>Aiuta a prevenire l&#039;abuso di sostanze e protegge anche l&#039;ambiente.<\/p>\n\t<h2>Il trattamento funziona<\/h2>\n<p>Per una persona con disturbo da uso di sostanze (o \u201cdipendenza\u201d), il trattamento \u00e8 essenziale per gestire la condizione. Con il giusto sostegno la guarigione \u00e8 possibile per tutti.<\/p>\n<h3>Sui disturbi da uso di sostanze<\/h3>\n<p>Le persone possono sviluppare una dipendenza da vari tipi di sostanze, tra cui nicotina, alcol, farmaci da prescrizione o altri farmaci.<\/p>\n<p>Nel corso del tempo, queste sostanze possono ripristinare il sistema di ricompensa del cervello, influenzando il pensiero, i sentimenti e i comportamenti di una persona.<\/p>\n<p>Ad esempio, il sistema di ricompensa del cervello pu\u00f2 essere rapidamente interrotto dall\u2019uso improprio di farmaci antidolorifici o dall\u2019uso di altri oppioidi come l\u2019eroina. Ci\u00f2 pu\u00f2 portare al disturbo da uso di oppioidi, che pu\u00f2 essere mortale.<\/p>\n<blockquote><p>Nel Maryland, il fentanil \u00e8 la principale causa di morte per overdose, secondo i dati del\u00a0<a href=\"https:\/\/experience.arcgis.com\/experience\/c546d22ec4a946cbb700a282f53c6eb7\/\" target=\"_blank\" rel=\"noopener\">Centro di comando operativo per gli oppioidi<\/a>.<\/p><\/blockquote>\n<p>La buona notizia \u00e8 che il sistema di ricompensa del cervello pu\u00f2 essere ripristinato e ripristinato con il trattamento.<\/p>\n<p>Mentre chiunque pu\u00f2 sviluppare un disturbo da uso di sostanze, le persone che lo hanno sperimentato <a href=\"https:\/\/211md.org\/it\/risorse\/bambini-famiglie\/assi\/\">traumi o gravi avversit\u00e0 sono maggiormente a rischio<\/a>.<\/p>\n\t\t<iframe loading=\"lazy\" width=\"560\" height=\"315\" src=\"https:\/\/www.youtube.com\/embed\/LrAUMU2dKO8\" title=\"Lettore video YouTube\" frameborder=\"0\" allow=\"accelerometer; autoplay; clipboard-write; encrypted-media; gyroscope; picture-in-picture\" allowfullscreen><\/iframe>\t\n\t<h2>Recupero dall&#039;uso di sostanze<\/h2>\n<p>Una dipendenza \u00e8 come un percorso ben tracciato nel cervello di una persona. Il trattamento funziona per reindirizzare e ricostruire quel percorso. Nessuno pu\u00f2 reindirizzare il percorso da solo; ci vuole una squadra, tempo e gli strumenti giusti.<\/p>\n<p>Ogni percorso di recupero \u00e8 unico e non esiste un calendario relativo al tempo necessario per realizzarlo. Ma c&#039;\u00e8 speranza! Il recupero \u00e8 possibile per tutti.<\/p>\n<p><a href=\"https:\/\/www.rewriteyourscript.org\/Recovery-Support#peer-recovery\" target=\"_blank\" rel=\"noopener\">Lasciati ispirare dai residenti della contea di Cecil che hanno percorso questo percorso<\/a> e sono in ripresa.<\/p>\n<p>Continua a leggere per saperne di pi\u00f9 su come i diversi tipi di trattamento per il disturbo da uso di sostanze possono aiutare a costruire un percorso verso il recupero.<\/p>\n\t<h2>Trattamento dei disturbi da uso di sostanze<\/h2>\n<p>Il trattamento funziona meglio quando coinvolge pi\u00f9 di un tipo di supporto. Le opzioni di trattamento includono:<\/p>\n<ul>\n<li>Consulenza<\/li>\n<li>farmaco<\/li>\n<li>disintossicazione<\/li>\n<li>supporto tra pari<\/li>\n<\/ul>\n<p>Puoi trovare queste opzioni di trattamento presso un ospedale, un centro di cura ospedaliero, un trattamento ambulatoriale, una residenza di recupero o un gruppo di supporto.<\/p>\n<h3>I farmaci possono aiutare il recupero<\/h3>\n<p>I farmaci sono spesso una parte importante di un piano di trattamento efficace per il disturbo da uso di sostanze. Un medico prescrive un farmaco e una dose specifica per le esigenze dell&#039;individuo. I medici usano spesso Suboxone (buprenorfina), metadone o Vivitrol (Naltrexone) per aiutare a ripristinare il sistema di ricompensa del cervello. Questi medicinali possono ridurre l\u2019appetito, i sintomi di astinenza o gli effetti di altri farmaci.<\/p>\n<p>L\u2019idea obsoleta secondo cui il trattamento farmacologico consiste semplicemente nel \u201cscambiare un farmaco con un altro\u201d \u00e8 un mito dannoso.<\/p>\n<p><a href=\"https:\/\/www.samhsa.gov\/medication-assisted-treatment\" target=\"_blank\" rel=\"noopener\">Terapia assistita da farmaci<\/a>\u00a0(MAT) utilizza farmaci su prescrizione, consulenza e terapie comportamentali per aiutare le persone con disturbo da uso di sostanze a reindirizzare i loro comportamenti, le reazioni ai fattori scatenanti e le loro vite.<\/p>\n<h3>Disintossicante<\/h3>\n<p>La disintossicazione \u00e8 il processo di rimozione di una sostanza specifica dal corpo. La disintossicazione pu\u00f2 essere una parte importante del trattamento per le persone con dipendenza da alcol, oppioidi o altre sostanze.<\/p>\n<p>Baltimore Crisis Response fa parte del\u00a0<a href=\"https:\/\/211md.org\/it\/about\/call-center-network\/\" target=\"_blank\" rel=\"noopener\">Rete di Call Center 211<\/a>. Forniscono programmi di disintossicazione residenziale a breve termine che in genere durano 7 giorni.\u00a0<a href=\"https:\/\/bcresponse.org\/about-us\/our-stories\/lynns-story.html\" target=\"_blank\" rel=\"noopener\">Lasciati ispirare dalla storia di successo di questa disintossicazione di 7 giorni<\/a>\u00a0alla risposta alla crisi di Baltimora.<\/p>\n<p>&nbsp;<\/p>\n\t\t\t\t<img decoding=\"async\" src=\"http:\/\/211md.org\/wp-content\/uploads\/2024\/02\/Peer-support.jpg\" alt=\"Gruppo di sostegno tra pari\" itemprop=\"image\" title=\"Supporto tra pari\" onerror=\"this.style.display='none'\" loading=\"lazy\" \/>\n\t<h3>Supporto tra pari<\/h3>\n<p><a href=\"https:\/\/www.mdcoalition.org\/who-we-help\/substance-use\/\" target=\"_blank\" rel=\"noopener\">Coalizione delle famiglie del Maryland<\/a>\u00a0(MCF) lavora con le famiglie come parte del processo di trattamento e recupero.<\/p>\n<p>Gli specialisti del supporto familiare tra pari di MCF possono aiutare la tua famiglia nei seguenti modi:<\/p>\n<ul>\n<li>Mettiti in contatto con risorse e opzioni di trattamento, inclusi workshop, formazione e altri gruppi di supporto.<\/li>\n<li>Insegnare la cura di s\u00e9 e la resilienza.<\/li>\n<li>Aiuto nella definizione degli obiettivi e dei piani d&#039;azione.<\/li>\n<li>Collabora con altre agenzie.<\/li>\n<li>Avvocato per la tua famiglia.<\/li>\n<\/ul>\n\t<h3>Trattamento mobile nel Maryland<\/h3>\n<p>Poich\u00e9 l&#039;accesso alle cure non dovrebbe dipendere dal trasporto, il Maryland offre unit\u00e0 di trattamento mobili.<\/p>\n<p>Il\u00a0<a href=\"https:\/\/www.carolinehd.org\/health-services\/behavioral-health\/\" target=\"_blank\" rel=\"noopener\">Dipartimento della salute della contea di Caroline<\/a>\u00a0guida un veicolo ricreativo (RV) nelle comunit\u00e0 rurali svantaggiate sulla costa orientale per aiutare le persone con disturbo da uso di oppioidi (OUD).<\/p>\n<p>Chiama il 211 per ricevere assistenza nella ricerca di un&#039;unit\u00e0 di trattamento mobile nella tua zona.<\/p>\n\t\t<iframe loading=\"lazy\" width=\"560\" height=\"315\" src=\"https:\/\/www.youtube.com\/embed\/f6mIZwTIYh8\" title=\"Lettore video YouTube\" frameborder=\"0\" allow=\"accelerometer; autoplay; clipboard-write; encrypted-media; gyroscope; picture-in-picture\" allowfullscreen><\/iframe>\t\n\t<h3>Un&#039;app per il disturbo da uso di oppioidi<\/h3>\n<p>Il <a href=\"https:\/\/www.umms.org\/midtown\/health-services\/addiction-medicine\" target=\"_blank\" rel=\"noopener\">Centro per la medicina delle dipendenze presso il Medical Center dell&#039;Universit\u00e0 del Maryland<\/a> offre molti tipi di trattamento per il disturbo da uso di oppioidi e altri disturbi da uso di sostanze. Esiste anche un\u2019app che i medici possono prescrivere per connettere i pazienti ai servizi di cura a casa. Aiuta le persone a sviluppare nuove competenze per affrontare lo stress e gestire le proprie reazioni ai fattori scatenanti.<\/p>\n<h3>Diventare senza fumo favorisce il recupero<\/h3>\n<p>I trattamenti per i disturbi da uso di sostanze sono pi\u00f9 efficaci quando le persone ricevono allo stesso tempo supporto per smettere di fumare.<\/p>\n<p>Il <a href=\"http:\/\/smokingstopshere.com\/\" target=\"_blank\" rel=\"noopener\">Quitline del tabacco del Maryland<\/a> \u00e8 un servizio GRATUITO di telefono, web e messaggistica di testo disponibile per i residenti nel Maryland di et\u00e0 superiore ai 13 anni. Ottieni aiuto per smettere di fumare qualsiasi forma chiamando il numero 1-8000-QUIT-NOW (1-800-784-8669).<\/p>\n<h2>Pagare per il trattamento<\/h2>\n<p>L\u2019assicurazione sanitaria copre il trattamento del disturbo da uso di sostanze. Il tuo assicuratore non pu\u00f2 addebitare di pi\u00f9 se si tratta di una condizione preesistente.<\/p>\n<p>Se stai cercando un&#039;assicurazione sanitaria tramite Maryland Health Connection,\u00a0<a href=\"https:\/\/www.marylandhealthconnection.gov\/wp-content\/uploads\/2019\/04\/MHC_Factsheet_SubstanceUseDisorder.pdf\" target=\"_blank\" rel=\"noopener\">imparare a identificare l&#039;assicuratore che fornir\u00e0 la migliore copertura per i farmaci<\/a>\u00a0e fornitori che vedi nella tua comunit\u00e0.<\/p>\n<h2>Informazioni correlate<\/h2>\n<p><a href=\"https:\/\/211md.org\/it\/risorse\/uso-di-sostanze\/segnali-di-avvertimento-e-overdose-aiuto\/\">Aiuta qualcuno che va in overdose<\/a><\/p>\n<p><a href=\"https:\/\/211md.org\/it\/risorse\/uso-di-sostanze\/smaltimento-dei-farmaci\/\">Smaltimento di farmaci da prescrizione<\/a><\/p>\n<p><a href=\"https:\/\/211md.org\/it\/mdhope\/\">MDHope<\/a><\/p>\n\t<h2>Bisogno di parlare?<\/h2>\n\t<h2>Chiama o invia un SMS al 988<\/h2>\n\t\t\t<a href=\"https:\/\/988lifeline.org\/chat\/\" target=\"_blank\" rel=\"noopener\">\n\t\t\t\t\t\t\tChatta ora (inglese)\n\t\t\t\t\t<\/a>\n\t\t\t<a href=\"https:\/\/988lifeline.org\/es\/chat\/\" target=\"_blank\" rel=\"noopener\">\n\t\t\t\t\t\t\tChatea Ahora (Spagnolo)\n\t\t\t\t\t<\/a>\n\t<p>Chiunque abbia bisogno di assistenza per problemi di salute mentale o legati all\u2019uso di sostanze pu\u00f2 chiamare il 988. <a href=\"https:\/\/pressone.211md.org\/\" target=\"_blank\" rel=\"noopener\"> Ulteriori informazioni su 988 nel Maryland.<\/a><\/p>\n\t<h2>esplorare i programmi di assistenza<\/h2>\n<p>Scopri di pi\u00f9 sui programmi di assistenza e su come contattare il supporto.<\/p>\n\t\t<h3><a href=\"\/it\/risorse\/cibo\/\" target=\"_self\">Cibo<\/a><\/h3><p>Cibo gratis vicino a me, dispense, SNAP, WIC, risparmi sulla spesa<\/p>\n<a href=\"\/it\/risorse\/cibo\/\"  target=\"_self\">Saperne di pi\u00f9<\/a>\t\n\t\t\t\t<a href=\"\/it\/risorse\/cibo\/\"  target=\"_self\" itemprop=\"url\">\n\t\t\t\t<img decoding=\"async\" src=\"https:\/\/211md.org\/wp-content\/uploads\/bb-plugin\/cache\/2025_MdInfoNet_Icon-Sets-white_food-square-dfa1c607bcdb6b34735ae61e84e21386-.png\" alt=\"2025_MdInfoNet_Icon Sets-white_food\" itemprop=\"image\" title=\"2025_MdInfoNet_Icon Sets-white_food\" onerror=\"this.style.display='none'\" loading=\"lazy\" \/>\n\t\t\t\t<\/a>\n\t\t<h3><a href=\"\/it\/risorse\/utilita-assistenza\/\" target=\"_self\">Utilit\u00e0<\/a><\/h3><p>Programmi di assistenza per le bollette di elettricit\u00e0, gas e acqua<\/p>\n<a href=\"\/it\/risorse\/utilita-assistenza\/\"  target=\"_self\">Saperne di pi\u00f9<\/a>\t\n\t\t\t\t<a href=\"\/it\/risorse\/utilita-assistenza\/\"  target=\"_self\" itemprop=\"url\">\n\t\t\t\t<img decoding=\"async\" src=\"https:\/\/211md.org\/wp-content\/uploads\/bb-plugin\/cache\/2025_MdInfoNet_Icon-Sets-white_Utilities-square-485aa1950491235898117da61fd0a70a-.png\" alt=\"2025_MdInfoNet_Icon Sets-white_Utilities\" itemprop=\"image\" title=\"2025_MdInfoNet_Icon Sets-white_Utilities\" onerror=\"this.style.display='none'\" loading=\"lazy\" \/>\n\t\t\t\t<\/a>\n\t\t\t\t<a href=\"\/it\/risorse\/alloggio-rifugio\/\"  target=\"_self\" itemprop=\"url\">\n\t\t\t\t<img decoding=\"async\" src=\"https:\/\/211md.org\/wp-content\/uploads\/bb-plugin\/cache\/2025_MdInfoNet_Icon-Sets-white_Housing-square-5b4ab26c33cdf5bd88fd6164be4cc0b8-.png\" alt=\"2025_MdInfoNet_Icon Sets-white_Housing\" itemprop=\"image\" title=\"2025_MdInfoNet_Icon Sets-white_Housing\" onerror=\"this.style.display='none'\" loading=\"lazy\" \/>\n\t\t\t\t<\/a>\n\t\t<h3><a href=\"\/it\/risorse\/alloggio-rifugio\/\" target=\"_self\">Abitazione<\/a><\/h3><p>Pagamenti di affitto, prevenzione degli sfratti, rifugi per senzatetto<\/p>\n<a href=\"\/it\/risorse\/alloggio-rifugio\/\"  target=\"_self\">Saperne di pi\u00f9<\/a>\t\n\t\t\t\t<a href=\"\/it\/risorse\/nuovo-per-gli-stati-uniti-e-maryland\/\"  target=\"_self\" itemprop=\"url\">\n\t\t\t\t<img decoding=\"async\" src=\"https:\/\/211md.org\/wp-content\/uploads\/bb-plugin\/cache\/2025_MdInfoNet_Icon-Sets-white_Immigration-square-71ef90812193ac6d0e3edc3e61891f7f-.png\" alt=\"2025_MdInfoNet_Icon Sets-white_Immigration\" itemprop=\"image\" title=\"2025_MdInfoNet_Icon Sets-white_Immigration\" onerror=\"this.style.display='none'\" loading=\"lazy\" \/>\n\t\t\t\t<\/a>\n\t\t<h3><a href=\"\/it\/risorse\/nuovo-per-gli-stati-uniti-e-maryland\/\" target=\"_self\">Immigrazione<\/a><\/h3><p>Aiuto all&#039;immigrazione per i nuovi americani e i rifugiati<\/p>\n<a href=\"\/it\/risorse\/nuovo-per-gli-stati-uniti-e-maryland\/\"  target=\"_self\">Saperne di pi\u00f9<\/a>\t\n\t\t<h4><a href=\"\/it\/risorse\/invecchiamento-disabilita\/\" target=\"_self\">Invecchiamento e disabilit\u00e0<\/a><\/h4>\n\t\t\t\t<a href=\"\/it\/risorse\/invecchiamento-disabilita\/\"  target=\"_self\" itemprop=\"url\">\n\t\t\t\t<img decoding=\"async\" src=\"https:\/\/211md.org\/wp-content\/uploads\/bb-plugin\/cache\/2025_MdInfoNet_Icon-Sets_Aging-disability-square-c466727102cae71e5f27b8539bb51945-.png\" alt=\"2025_MdInfoNet_Set di icone_Invecchiamento-disabilit\u00e0\" itemprop=\"image\" title=\"2025_MdInfoNet_Set di icone_Invecchiamento-disabilit\u00e0\" onerror=\"this.style.display='none'\" loading=\"lazy\" \/>\n\t\t\t\t<\/a>\n\t\t<h4><a href=\"https:\/\/211md.org\/it\/risorse\/bambini-famiglie\/\" target=\"_blank\" rel=\"noopener\">Bambini e famiglie<\/a><\/h4>\n\t\t\t\t<a href=\"https:\/\/211md.org\/it\/risorse\/bambini-famiglie\/\" target=\"_blank\" rel=\"noopener\" itemprop=\"url\">\n\t\t\t\t<img decoding=\"async\" src=\"https:\/\/211md.org\/wp-content\/uploads\/bb-plugin\/cache\/2025_MdInfoNet_Icon-Sets_Child-Care-square-a9a0002f8a1c05e3f89f8b914f61699f-.png\" alt=\"\" itemprop=\"image\" onerror=\"this.style.display='none'\" loading=\"lazy\" \/>\n\t\t\t\t<\/a>\n\t\t<h4><a href=\"\/it\/risorse\/violenza-domestica-familiare\/\" target=\"_self\">Violenza domestica<\/a><\/h4>\n\t\t\t\t<a href=\"\/it\/risorse\/violenza-domestica-familiare\/\"  target=\"_self\" itemprop=\"url\">\n\t\t\t\t<img decoding=\"async\" src=\"https:\/\/211md.org\/wp-content\/uploads\/bb-plugin\/cache\/2025_MdInfoNet_Icon-Sets_Protection-square-ed94a34c5cb05f036201f3e0966332c1-.png\" alt=\"2025_MdInfoNet_Icon Sets_Protezione\" itemprop=\"image\" title=\"2025_MdInfoNet_Icon Sets_Protezione\" onerror=\"this.style.display='none'\" loading=\"lazy\" \/>\n\t\t\t\t<\/a>\n\t\t<h4><a href=\"\/it\/risorse\/ricerca-occupazione\/\" target=\"_self\">Occupazione<\/a><\/h4>\n\t\t\t\t<a href=\"\/it\/risorse\/ricerca-occupazione\/\"  target=\"_self\" itemprop=\"url\">\n\t\t\t\t<img decoding=\"async\" src=\"https:\/\/211md.org\/wp-content\/uploads\/bb-plugin\/cache\/2025_MdInfoNet_Icon-Sets_Employment-square-44707bd410e4df10a470bf130ebcea86-.png\" alt=\"2025_MdInfoNet_Set di icone_Occupazione\" itemprop=\"image\" title=\"2025_MdInfoNet_Set di icone_Occupazione\" onerror=\"this.style.display='none'\" loading=\"lazy\" \/>\n\t\t\t\t<\/a>\n\t\t<h4><a href=\"\/it\/risorse\/assistenza-sanitaria\/\" target=\"_self\">Assistenza sanitaria<\/a><\/h4>\n\t\t\t\t<a href=\"\/it\/risorse\/assistenza-sanitaria\/\"  target=\"_self\" itemprop=\"url\">\n\t\t\t\t<img decoding=\"async\" src=\"https:\/\/211md.org\/wp-content\/uploads\/bb-plugin\/cache\/2025_MdInfoNet_Icon-Sets_Health-Care-square-dee98a0060cbe0e7f27eda253fc12679-.png\" alt=\"2025_MdInfoNet_Set di icone_Assistenza sanitaria\" itemprop=\"image\" title=\"2025_MdInfoNet_Set di icone_Assistenza sanitaria\" onerror=\"this.style.display='none'\" loading=\"lazy\" \/>\n\t\t\t\t<\/a>\n\t\t<h4><a href=\"\/it\/risorse\/bambini-famiglie\/parentela-cura\/\" target=\"_self\">Parentela<\/a><\/h4>\n\t\t\t\t<a href=\"\/it\/risorse\/bambini-famiglie\/parentela-cura\/\"  target=\"_self\" itemprop=\"url\">\n\t\t\t\t<img decoding=\"async\" src=\"https:\/\/211md.org\/wp-content\/uploads\/bb-plugin\/cache\/2025_MdInfoNet_Icon-Sets_Community-square-4956d72cf95aef42b6ee5fc6feb149ef-.png\" alt=\"2025_MdInfoNet_Set di icone_Comunit\u00e0\" itemprop=\"image\" title=\"2025_MdInfoNet_Set di icone_Comunit\u00e0\" onerror=\"this.style.display='none'\" loading=\"lazy\" \/>\n\t\t\t\t<\/a>\n\t\t<h4><a href=\"\/it\/risorse\/servizi-legali\/\" target=\"_self\">Servizi legali<\/a><\/h4>\n\t\t\t\t<a href=\"\/it\/risorse\/servizi-legali\/\"  target=\"_self\" itemprop=\"url\">\n\t\t\t\t<img decoding=\"async\" src=\"https:\/\/211md.org\/wp-content\/uploads\/bb-plugin\/cache\/2025_MdInfoNet_Icon-Sets_Legal-square-18fdf438feb8435588174d9046463257-.png\" alt=\"2025_MdInfoNet_Set di icone_Legale\" itemprop=\"image\" title=\"2025_MdInfoNet_Set di icone_Legale\" onerror=\"this.style.display='none'\" loading=\"lazy\" \/>\n\t\t\t\t<\/a>\n\t\t<h4><a href=\"\/it\/risorse\/salute-mentale\/\" target=\"_self\">Salute mentale<\/a><\/h4>\n\t\t\t\t<a href=\"\/it\/risorse\/salute-mentale\/\"  target=\"_self\" itemprop=\"url\">\n\t\t\t\t<img decoding=\"async\" src=\"https:\/\/211md.org\/wp-content\/uploads\/bb-plugin\/cache\/2025_MdInfoNet_Icon-Sets_Mental-Health-square-c59b38c4a993a947d4c9280fbe2d2fee-.png\" alt=\"2025_MdInfoNet_Set di icone_Salute mentale\" itemprop=\"image\" title=\"2025_MdInfoNet_Set di icone_Salute mentale\" onerror=\"this.style.display='none'\" loading=\"lazy\" \/>\n\t\t\t\t<\/a>\n\t\t<h4><a href=\"\/it\/risorse\/mdreentry\/\" target=\"_self\">Rientro<\/a><\/h4>\n\t\t\t\t<a href=\"\/it\/risorse\/mdreentry\/\"  target=\"_self\" itemprop=\"url\">\n\t\t\t\t<img decoding=\"async\" src=\"https:\/\/211md.org\/wp-content\/uploads\/bb-plugin\/cache\/2025_MdInfoNet_Icon-Sets_Partnership-square-daedf11c7eeda165b0fe97a4a84b80e0-.png\" alt=\"2025_MdInfoNet_Set di icone_Partnership\" itemprop=\"image\" title=\"2025_MdInfoNet_Set di icone_Partnership\" onerror=\"this.style.display='none'\" loading=\"lazy\" \/>\n\t\t\t\t<\/a>\n\t\t<h4><a href=\"\/it\/risorse\/uso-di-sostanze\/\" target=\"_self\">Uso di sostanze<\/a><\/h4>\n\t\t\t\t<a href=\"\/it\/risorse\/uso-di-sostanze\/\"  target=\"_self\" itemprop=\"url\">\n\t\t\t\t<img decoding=\"async\" src=\"https:\/\/211md.org\/wp-content\/uploads\/bb-plugin\/cache\/2025_MdInfoNet_Icon-Sets_Substance-Abuse-square-9022fec9d18a64118ad685c101885b55-.png\" alt=\"2025_MdInfoNet_Icon Sets_Abuso di sostanze\" itemprop=\"image\" title=\"2025_MdInfoNet_Icon Sets_Abuso di sostanze\" onerror=\"this.style.display='none'\" loading=\"lazy\" \/>\n\t\t\t\t<\/a>\n\t\t<h4><a href=\"\/it\/risorse\/veterani\/\" target=\"_self\">Veterani<\/a><\/h4>\n\t\t\t\t<a href=\"\/it\/risorse\/veterani\/\"  target=\"_self\" itemprop=\"url\">\n\t\t\t\t<img decoding=\"async\" src=\"https:\/\/211md.org\/wp-content\/uploads\/bb-plugin\/cache\/2025_MdInfoNet_Icon-Sets_Rating-square-6e60d00cce4faa8e0a6d4ad7366aa733-.png\" alt=\"2025_MdInfoNet_Set di icone_Valutazione\" itemprop=\"image\" title=\"2025_MdInfoNet_Set di icone_Valutazione\" onerror=\"this.style.display='none'\" loading=\"lazy\" \/>\n\t\t\t\t<\/a>","protected":false},"excerpt":{"rendered":"<p>Cerca consulenza per l&#039;abuso di sostanze Cerca ora Aggiungi la tua agenzia o organizzazione al nostro database di risorse. Supporto per l&#039;abuso di sostanze Il supporto per l&#039;abuso di sostanze \u00e8 disponibile se tu o qualcuno che conosci \u00e8 dipendente da droghe o altre sostanze. Chiedere aiuto \u00e8 la cosa pi\u00f9 coraggiosa che tu possa fare. Chiama il 988 per supporto in situazioni di crisi legate all&#039;abuso di sostanze o alla salute mentale. \u2026<\/p>","protected":false},"author":8,"featured_media":3830,"parent":930,"menu_order":0,"comment_status":"closed","ping_status":"closed","template":"","meta":{"footnotes":""},"class_list":["post-837","page","type-page","status-publish","has-post-thumbnail","hentry"],"_links":{"self":[{"href":"https:\/\/211md.org\/it\/wp-json\/wp\/v2\/pages\/837","targetHints":{"allow":["GET"]}}],"collection":[{"href":"https:\/\/211md.org\/it\/wp-json\/wp\/v2\/pages"}],"about":[{"href":"https:\/\/211md.org\/it\/wp-json\/wp\/v2\/types\/page"}],"author":[{"embeddable":true,"href":"https:\/\/211md.org\/it\/wp-json\/wp\/v2\/users\/8"}],"replies":[{"embeddable":true,"href":"https:\/\/211md.org\/it\/wp-json\/wp\/v2\/comments?post=837"}],"version-history":[{"count":4,"href":"https:\/\/211md.org\/it\/wp-json\/wp\/v2\/pages\/837\/revisions"}],"predecessor-version":[{"id":33661,"href":"https:\/\/211md.org\/it\/wp-json\/wp\/v2\/pages\/837\/revisions\/33661"}],"up":[{"embeddable":true,"href":"https:\/\/211md.org\/it\/wp-json\/wp\/v2\/pages\/930"}],"wp:featuredmedia":[{"embeddable":true,"href":"https:\/\/211md.org\/it\/wp-json\/wp\/v2\/media\/3830"}],"wp:attachment":[{"href":"https:\/\/211md.org\/it\/wp-json\/wp\/v2\/media?parent=837"}],"curies":[{"name":"scrivere","href":"https:\/\/api.w.org\/{rel}","templated":true}]}}