{"id":920,"date":"2021-04-15T13:52:40","date_gmt":"2021-04-15T13:52:40","guid":{"rendered":"https:\/\/211md.org\/?page_id=920"},"modified":"2026-04-28T10:45:44","modified_gmt":"2026-04-28T14:45:44","slug":"assi","status":"publish","type":"page","link":"https:\/\/211md.org\/it\/resources\/children-families\/aces\/","title":{"rendered":"Prevenire le avversit\u00e0 infantili"},"content":{"rendered":"<figure data-animation-delay=\"0\" data-animation-duration=\"1\" itemscope itemtype=\"https:\/\/schema.org\/ImageObject\">\n\t\t\t\t<img decoding=\"async\" src=\"https:\/\/stg-maryland211-staging.kinsta.cloud\/wp-content\/uploads\/2025\/08\/5-1-scaled.png\" alt=\"5\" height=\"692\" width=\"2560\" title=\"5\" onerror=\"this.style.display='none'\" loading=\"lazy\" \/>\n\t<\/figure>\n\t\t<p>Every child deserves a strong start, and that starts with the experiences they have at home, at school, and in their communities. Childhood experiences, both good and bad, shape a child&#8217;s developing brain.<\/p>\n<p>When children face serious adversity without enough support, it can have lasting effects on their health and well-being.<\/p>\n<p>That&#8217;s why it takes all of us to create safe, supportive spaces where children can thrive, no matter what life throws their way.<\/p>\n\t\t\t<a href=\"#start\"  target=\"_self\">\n\t\t\t\t\t\tPer iniziare\n\t\t\t\t\t<\/a>\n<figure data-animation-delay=\"0\" data-animation-duration=\"1\" itemscope itemtype=\"https:\/\/schema.org\/ImageObject\">\n\t\t\t\t<img decoding=\"async\" src=\"https:\/\/211md.org\/wp-content\/plugins\/bb-plugin\/img\/pixel.png\" alt=\"\" onerror=\"this.style.display='none'\" loading=\"lazy\" \/>\n\t<\/figure>\n<figure data-animation-delay=\"0\" data-animation-duration=\"1.3\" itemscope itemtype=\"https:\/\/schema.org\/ImageObject\">\n\t\t\t\t<img decoding=\"async\" src=\"https:\/\/stg-maryland211-staging.kinsta.cloud\/wp-content\/uploads\/2025\/08\/16.png\" alt=\"16\" height=\"1000\" width=\"1000\" title=\"16\" onerror=\"this.style.display='none'\" loading=\"lazy\" \/>\n\t<\/figure>\n\t<h2>Perch\u00e9 le avversit\u00e0 infantili sono importanti?<\/h2>\n<p>Esperienze e ambienti infantili avversi sono comuni. Includono cose come assistere alla violenza o subire discriminazioni.<\/p>\n<p>Se i bambini non ricevono sostegno quando affrontano le avversit\u00e0, ci\u00f2 pu\u00f2 causare danni a lungo termine, minando la salute emotiva e fisica dei bambini.<\/p>\n<p>Children can tolerate severe stress if stable, responsive adult relationships are in place to buffer the negative impact.<\/p>\n<p>But when children are exposed to prolonged severe adversity, and adults aren&#8217;t there to help them cope, their stress systems can over-activate. This &#8220;toxic stress response&#8221; increases the risk of later health problems.<\/p>\n<figure itemscope itemtype=\"https:\/\/schema.org\/ImageObject\">\n\t\t\t\t<img decoding=\"async\" src=\"http:\/\/211md.org\/wp-content\/uploads\/2026\/04\/Adult-and-child-walk-together-holding-hands.jpg\" alt=\"Child holding adult hand\" title=\"Adult and child walk together holding hands\" onerror=\"this.style.display='none'\" loading=\"lazy\" \/>\n\t<\/figure>\n\t\t<h3>How Early Adversity Can Impact Children<\/h3>\n\t\t<p>A groundbreaking study in the 1990s revealed the powerful relationship between serious, negative events in childhood and people&#8217;s physical and mental health in adulthood.<\/p>\n<p>Il <a href=\"https:\/\/vetoviolence.cdc.gov\/apps\/aces-infographic\/\" target=\"_blank\" rel=\"noopener\">Studio sulle Esperienze Avverse dell\u2019Infanzia (ACE).<\/a> asked adults about the difficult events they experienced before the age of 18 and then examined their health outcomes later in life.<\/p>\n<p>Some findings fit with what we might expect.<\/p>\n<blockquote><p>For example, people who had experienced abuse or neglect as kids were more likely to have mental health challenges as adults.<\/p><\/blockquote>\n<p>But other findings were surprising.<\/p>\n<blockquote>The realization that the earlier the adversity a person experienced, the greater the<br \/>\neffect it had in later life.<\/blockquote>\n<p>One serious event in childhood seemed to have few or no long-term consequences.<\/p>\n<h4>Health impacts<\/h4>\n<p>Multiple ACEs increased the risk of health problems in adulthood. For example, children who experienced four adverse experiences were twice as likely to be diagnosed with cancer than those who had no significant experiences of childhood trauma.<\/p>\n<p>While there is a connection between early adversity and one&#8217;s adulthood health, it&#8217;s important to note that adversity and long-term health impacts are <u>non <\/u>inevitable. There are things we can all do &#8211; as individuals, grown-ups, and communities &#8211; to prevent ACEs and support healing.<\/p>\n<p>Keep learning about ACEs from our partners at Maryland Essentials for Childhood.<\/p>\n\t\t\t<a href=\"https:\/\/marylandefc.org\/grownups\/aces\/\" target=\"_blank\" rel=\"noopener\">\n\t\t\t\t\t\tKeep reading about ACEs\n\t\t\t\t\t<\/a>\n\t<h3>Le avversit\u00e0 sono comuni?<\/h3>\n<p>If you or your child have faced serious adversity, you are not alone. Most people in Maryland have experienced at least one form of adversity by the time they are adults.<\/p>\n<blockquote><p>About 1 in 4 Maryland residents have experienced 3 or more ACEs, according to The Maryland State Council on Child Abuse &amp; Neglect.<\/p><\/blockquote>\n\t<h2>What Can We Do?<\/h2>\n<p>The experiences children have early in life can shape their lifelong health. By providing positive experiences, we can buffer the impacts of adverse ones. Think of it like a scale where you&#8217;re balancing the positive and negative experiences.<\/p>\n<h3>Create positive experiences<\/h3>\n<p>To stack on the positive experiences, we can all focus on:<\/p>\n<ul>\n<li>Creating safe, stable, and nurturing relationships with the children in our lives.<\/li>\n<li>Supporting each other and using community supports for parents, so we feel like we have someone in our corner.<\/li>\n<li>Connecting families to resources like 211.<\/li>\n<li>Supporting our mental health.<\/li>\n<li>Creating <a href=\"https:\/\/marylandefc.org\/grownups\/protective-factors\/\" target=\"_blank\" rel=\"noopener\">positive childhood experiences<\/a>. These positive experiences lay the foundation for a happy and healthy life. This infographic shows how we can build resilience for Maryland&#8217;s children and families.<\/li>\n<\/ul>\n\t\t<h2>Focus On Your Relationship<\/h2>\n\t\t<p>We all have the power within us to make a difference in a child&#8217;s life. Safe, stable, and nurturing relationships can serve as counterbalances to help our scales tip toward resilient outcomes.<\/p>\n<p>Those relationships can be with a parent, caregiver, grandparent, aunt, uncle, coach, mentor, neighbor, or friend.<\/p>\n<p>These are everyday things that we can all do to support children. Friends, relatives, neighbors, and coaches can show up and be present for children who are not their own, too.<\/p>\n<ul>\n<li>Focus on being present and engaged.<\/li>\n<li>Have fun, laugh, and play with the child.<\/li>\n<li>When there are concerns, support the child rather than trying to &#8220;fix&#8221; the situation.<\/li>\n<\/ul>\n<p>This connectivity helps buffer against any adverse situations. It helps children feel loved, appreciated, and aware of their surroundings. It also creates a sense of purpose and belonging, helping to calibrate resilience for children and adults in our communities.<\/p>\n<p>You don&#8217;t have to be perfect. Focus on consistency, and get support for building these skills in the\u00a0Brain-Building Toolkit, provided by\u00a0our partners at Maryland Essentials for Childhood.<\/p>\n\t\t\t<a href=\"https:\/\/marylandefc.org\/grownups\/protective-factors\/#stable-nurturing-relationships\" target=\"_blank\" rel=\"noopener\">\n\t\t\t\t\t\t\tBuild these skills\n\t\t\t<\/a>\n<figure itemscope itemtype=\"https:\/\/schema.org\/ImageObject\">\n\t\t\t\t<img decoding=\"async\" src=\"http:\/\/211md.org\/wp-content\/uploads\/2026\/04\/coach-motivating-his-team-in-a-huddle.jpg\" alt=\"baseball coach supporting team\" title=\"coach motivating his team in a huddle\" onerror=\"this.style.display='none'\" loading=\"lazy\" \/>\n\t<\/figure>\n<figure itemscope itemtype=\"https:\/\/schema.org\/ImageObject\">\n\t\t\t\t<img decoding=\"async\" src=\"http:\/\/211md.org\/wp-content\/uploads\/2026\/04\/mom-on-phone-while-holding-baby.jpg\" alt=\"new mom on phone\" title=\"mom on phone while holding baby\" onerror=\"this.style.display='none'\" loading=\"lazy\" \/>\n\t<\/figure>\n\t<h2>Call or Text if you need help<\/h2>\n<p>A community of support is waiting to help wherever you are in your journey.<\/p>\n<p>Call any of these numbers 24\/7 to get connected to support:<\/p>\n<ul>\n<li>\n<h4>Essential Needs &#8211;\u00a0Dial 211<\/h4>\nSpeak with an information and referral specialist who can identify programs and resources to help you. Whether that&#8217;s finding a <a href=\"https:\/\/211md.org\/it\/risorse\/cibo\/\">dispensa del cibo<\/a>, help with <a href=\"https:\/\/211md.org\/it\/risorse\/alloggio-rifugio\/\">affitto<\/a> o <a href=\"https:\/\/211md.org\/it\/risorse\/bambini-famiglie\/#Find\">child care<\/a> &#8211; 211 can connect you to essential needs. If you need something else, <a href=\"https:\/\/search.211md.org\/\" target=\"_blank\" rel=\"noopener\">search all resources<\/a>.<\/li>\n<li>\n<h4>Parenting Help &#8211; Call\u00a01-800-243-7337<\/h4>\nCall the Maryland Parenting Hotline to get answers to parenting questions.<\/li>\n<li>\n<h4>Mental Health &#8211; Call or text 988<\/h4>\nThe Suicide &amp; Crisis Lifeline offers 24\/7 mental health and substance use support<\/li>\n<\/ul>\n\t<h2>Supporto testo per adolescenti<\/h2>\n<p>Adolescence is a time of great opportunity. You can make a difference and shape their futures during this time of discovery.<\/p>\n<p>If your teen needs help, connect them with\u00a0<a href=\"https:\/\/211md.org\/it\/about\/messaggi-di-testo\/mdyoungminds\/\">MDYoungMinds<\/a>. It&#8217;s an informational texting program that provides support for common teen concerns and supports mental health.<\/p>\n<p>Iscriviti inviando un SMS a MDYoungMinds al numero 898-211.<\/p>\n<p>Teens can also use the 988 hotline for immediate support. Online chats are available in <a href=\"https:\/\/988lifeline.org\/chat\/\" target=\"_blank\" rel=\"noopener\">inglese<\/a> e <a href=\"https:\/\/988lifeline.org\/es\/chat\/\" target=\"_blank\" rel=\"noopener\">spagnolo<\/a>.<\/p>\n<h3>Unisciti a un gruppo di sostegno familiare tra pari<\/h3>\n<p>Families can also use peer support. Support specialists<\/p>\n<p>help families navigate services, listen to concerns, attend meetings with the family, explain rights, make connections, and provide learning and outreach opportunities.<\/p>\n<p>Contact the Maryland Coalition of Families (MCF) to connect with a family peer support specialist for free.<\/p>\n<p>Call 410-730-8267 and press 1 for immediate support. You can also\u00a0contact the local <a href=\"https:\/\/www.mdcoalition.org\/what-we-do\/family-peer-support\/\" target=\"_blank\" rel=\"noopener\">peer support specialist<\/a> in your county.<\/p>\n<p>MCF offre anche gruppi di supporto in tutto lo stato per dolore, uso di sostanze, supporto tra pari e altro ancora.\u00a0<a href=\"http:\/\/www.mdcoalition.org\/get-help-now\/parent-caregiver-support-groups\" target=\"_blank\" rel=\"noopener\">Find a Maryland support group<\/a> for parents, caregivers, or young adults.<\/p>\n<p>Resources are also available\u00a0for several mental health concerns like trauma, ADHD and depression in the Children&#8217;s Mental Health Matters Family Resource Kit, available in <a href=\"https:\/\/www.childrensmentalhealthmatters.org\/files\/2021\/03\/CMHM-Family-Resource-Kit-2021.pdf\" target=\"_blank\" rel=\"noopener\">inglese<\/a> e <a href=\"https:\/\/www.childrensmentalhealthmatters.org\/files\/2021\/07\/CMHM-Family-Resource-Kit-2021_ES.pdf\" target=\"_blank\" rel=\"noopener\">spagnolo<\/a>.<\/p>\n<p>Learn more about other <a href=\"https:\/\/211md.org\/it\/risorse\/bambini-famiglie\/essere-genitore\/\">parenting supports<\/a> that are available when you need to talk or get answers to questions or need help <a href=\"https:\/\/211md.org\/it\/risorse\/bambini-famiglie\/comportamenti-del-bambino\/\">managing a child&#8217;s behavior<\/a>.<\/p>\n\t\t<figure itemscope itemtype=\"https:\/\/schema.org\/ImageObject\">\n\t\t\t\t<a href=\"https:\/\/search.211md.org\/\" target=\"_blank\" rel=\"noopener\" itemprop=\"url\">\n\t\t\t\t<img decoding=\"async\" src=\"https:\/\/stg-maryland211-staging.kinsta.cloud\/wp-content\/uploads\/2025\/08\/2025_MdInfoNet_Icon-Sets-white_Locate.png\" alt=\"\" onerror=\"this.style.display='none'\" loading=\"lazy\" \/>\n\t\t\t\t<\/a>\n\t<\/figure>\n<h2><a href=\"https:\/\/search.211md.org\/\" target=\"_blank\" rel=\"noopener\">Trova risorse ora<\/a><\/h2><p>Trovare <strong>risorse della comunit\u00e0 <\/strong>per cibo, assistenza sanitaria, alloggio e altro ancora nel nostro database. Cerca per codice postale.<\/p>\n\t\t\t<a href=\"https:\/\/search.211md.org\/\" target=\"_blank\" rel=\"noopener\">\n\t\t\t\t\t\t\tCerca ora\n\t\t\t<\/a>\n<figure itemscope itemtype=\"https:\/\/schema.org\/ImageObject\">\n\t\t\t\t<img decoding=\"async\" src=\"http:\/\/211md.org\/wp-content\/uploads\/2026\/04\/community-health-fair.jpg\" alt=\"health care worker at cmmunity event\" title=\"community health fair\" onerror=\"this.style.display='none'\" loading=\"lazy\" \/>\n\t<\/figure>\n\t<h2 data-start=\"4451\" data-end=\"4495\">Together, We Can Make A Difference<\/h2>\nIt takes more than one person, or one program, to buffer the impact of childhood adversity. It takes all of us including the communities where we work, live and play.\n<p>Communities like <a href=\"https:\/\/www.springboardmd.org\/adverse-childhood-experiences-interface-training\/\" target=\"_blank\" rel=\"noopener\">Contea di Harford<\/a> are coming together to create self-healing environments that reduce the incidence of adverse childhood experiences. Springboard Community Services is working with the county on this initiative, and talked about it on <a href=\"https:\/\/211md.org\/it\/episodio-16-trampolino-servizi-di-comunita\/\" target=\"_blank\" rel=\"noopener\"><em>What&#8217;s the 211?<\/em> podcast<\/a>. Listen and learn.<\/p>\nWhen we work together to strengthen families, build connections, and create safe, nurturing spaces for every child, we&#8217;re building more than resilience. We&#8217;re building a better future.\n<h2>\n\t\t\tYou may also like these articles\t<\/h2>\n\t\t<h4><a href=\"\/it\/risorse\/invecchiamento-disabilita\/?utm_source=Home&#038;utm_medium=Referral&#038;utm_campaign=211Resources&#038;utm_content=Aging\" target=\"_self\">Invecchiamento e disabilit\u00e0<\/a><\/h4><figure itemscope itemtype=\"https:\/\/schema.org\/ImageObject\">\n\t\t\t\t<a href=\"\/it\/risorse\/invecchiamento-disabilita\/?utm_source=Home&#038;utm_medium=Referral&#038;utm_campaign=211Resources&#038;utm_content=Aging\"  target=\"_self\" itemprop=\"url\">\n\t\t\t\t<img decoding=\"async\" src=\"https:\/\/211md.org\/wp-content\/uploads\/bb-plugin\/cache\/2025_MdInfoNet_Icon-Sets_Aging-disability-square-c466727102cae71e5f27b8539bb51945-.png\" alt=\"\" onerror=\"this.style.display='none'\" loading=\"lazy\" \/>\n\t\t\t\t<\/a>\n\t<\/figure>\n\t\t<h4><a href=\"\/it\/risorse\/bambini-famiglie\/?utm_source=Home&#038;utm_medium=Referral&#038;utm_campaign=211Resources&#038;utm_content=Children\" target=\"_self\">Bambini e famiglie<\/a><\/h4><figure itemscope itemtype=\"https:\/\/schema.org\/ImageObject\">\n\t\t\t\t<a href=\"\/it\/risorse\/bambini-famiglie\/?utm_source=Home&#038;utm_medium=Referral&#038;utm_campaign=211Resources&#038;utm_content=Children\"  target=\"_self\" itemprop=\"url\">\n\t\t\t\t<img decoding=\"async\" src=\"https:\/\/211md.org\/wp-content\/uploads\/bb-plugin\/cache\/2025_211_Icon-Sets_Child-care-square-f3b0d4edab3dcc467fadb5f55f4064c6-.png\" alt=\"parent and child icon for child care\" height=\"417\" width=\"417\" title=\"2025_211_Set di icone_Assistenza all&#039;infanzia\" onerror=\"this.style.display='none'\" loading=\"lazy\" \/>\n\t\t\t\t<\/a>\n\t<\/figure>\n\t\t<h4><a href=\"\/it\/risorse\/violenza-domestica-familiare\/?utm_source=Home&#038;utm_medium=Referral&#038;utm_campaign=211Resources&#038;utm_content=Domestic\" target=\"_self\">Violenza domestica<\/a><\/h4><figure itemscope itemtype=\"https:\/\/schema.org\/ImageObject\">\n\t\t\t\t<a href=\"\/it\/risorse\/violenza-domestica-familiare\/?utm_source=Home&#038;utm_medium=Referral&#038;utm_campaign=211Resources&#038;utm_content=Domestic\"  target=\"_self\" itemprop=\"url\">\n\t\t\t\t<img decoding=\"async\" src=\"https:\/\/211md.org\/wp-content\/uploads\/bb-plugin\/cache\/2025_211_Icon-Sets_Domestic-Violence-square-7b597694a6f05fe90cdc376aa573bc63-.png\" alt=\"House with a heart in the middle icon\" height=\"417\" width=\"417\" title=\"2025_211_Set di icone_Violenza domestica\" onerror=\"this.style.display='none'\" loading=\"lazy\" \/>\n\t\t\t\t<\/a>\n\t<\/figure>\n\t\t<h4><a href=\"\/it\/risorse\/ricerca-occupazione\/?utm_source=Home&#038;utm_medium=Referral&#038;utm_campaign=211Resources&#038;utm_content=Employment\" target=\"_self\">Occupazione<\/a><\/h4><figure itemscope itemtype=\"https:\/\/schema.org\/ImageObject\">\n\t\t\t\t<a href=\"\/it\/risorse\/ricerca-occupazione\/?utm_source=Home&#038;utm_medium=Referral&#038;utm_campaign=211Resources&#038;utm_content=Employment\"  target=\"_self\" itemprop=\"url\">\n\t\t\t\t<img decoding=\"async\" src=\"https:\/\/211md.org\/wp-content\/uploads\/bb-plugin\/cache\/2025_MdInfoNet_Icon-Sets_Employment-square-44707bd410e4df10a470bf130ebcea86-.png\" alt=\"\" onerror=\"this.style.display='none'\" loading=\"lazy\" \/>\n\t\t\t\t<\/a>\n\t<\/figure>\n\t\t<h4><a href=\"\/it\/risorse\/assistenza-sanitaria\/?utm_source=Home&#038;utm_medium=Referral&#038;utm_campaign=211Resources&#038;utm_content=Health%20Care\" target=\"_self\">Assistenza sanitaria<\/a><\/h4><figure itemscope itemtype=\"https:\/\/schema.org\/ImageObject\">\n\t\t\t\t<a href=\"\/it\/risorse\/assistenza-sanitaria\/?utm_source=Home&#038;utm_medium=Referral&#038;utm_campaign=211Resources&#038;utm_content=Health%20Care\"  target=\"_self\" itemprop=\"url\">\n\t\t\t\t<img decoding=\"async\" src=\"https:\/\/211md.org\/wp-content\/uploads\/bb-plugin\/cache\/2025_MdInfoNet_Icon-Sets_Health-Care-square-dee98a0060cbe0e7f27eda253fc12679-.png\" alt=\"\" onerror=\"this.style.display='none'\" loading=\"lazy\" \/>\n\t\t\t\t<\/a>\n\t<\/figure>\n\t\t<h4><a href=\"\/it\/risorse\/nuovo-per-gli-stati-uniti-e-maryland\/?utm_source=Home&#038;utm_medium=Referral&#038;utm_campaign=211Resources&#038;utm_content=Immigration\" target=\"_self\">Immigrazione<\/a><\/h4><figure itemscope itemtype=\"https:\/\/schema.org\/ImageObject\">\n\t\t\t\t<a href=\"\/it\/risorse\/nuovo-per-gli-stati-uniti-e-maryland\/?utm_source=Home&#038;utm_medium=Referral&#038;utm_campaign=211Resources&#038;utm_content=Immigration\"  target=\"_self\" itemprop=\"url\">\n\t\t\t\t<img decoding=\"async\" src=\"https:\/\/211md.org\/wp-content\/uploads\/bb-plugin\/cache\/2025_MdInfoNet_Icon-Sets_Immigration-square-8b97b7fdfe5e6071405e216855065118-.png\" alt=\"icona dell&#039;immigrazione\" title=\"2025_MdInfoNet_Icon-Sets_Immigration\" onerror=\"this.style.display='none'\" loading=\"lazy\" \/>\n\t\t\t\t<\/a>\n\t<\/figure>\n\t\t<h4><a href=\"\/it\/risorse\/bambini-famiglie\/parentela-cura\/?utm_source=Home&#038;utm_medium=Referral&#038;utm_campaign=211Resources&#038;utm_content=Kinship\" target=\"_self\">Parentela<\/a><\/h4><figure itemscope itemtype=\"https:\/\/schema.org\/ImageObject\">\n\t\t\t\t<a href=\"\/it\/risorse\/bambini-famiglie\/parentela-cura\/?utm_source=Home&#038;utm_medium=Referral&#038;utm_campaign=211Resources&#038;utm_content=Kinship\"  target=\"_self\" itemprop=\"url\">\n\t\t\t\t<img decoding=\"async\" src=\"https:\/\/211md.org\/wp-content\/uploads\/bb-plugin\/cache\/2025_211_Icon-Sets_Kinship-square-45bdf872866f5735f842c32071109267-.png\" alt=\"Icona di parentela\" height=\"417\" width=\"417\" title=\"2025_211_Set di icone_Parentela\" onerror=\"this.style.display='none'\" loading=\"lazy\" \/>\n\t\t\t\t<\/a>\n\t<\/figure>\n\t\t<h4><a href=\"\/it\/risorse\/servizi-legali\/?utm_source=Home&#038;utm_medium=Referral&#038;utm_campaign=211Resources&#038;utm_content=Legal\" target=\"_self\">Servizi legali<\/a><\/h4><figure itemscope itemtype=\"https:\/\/schema.org\/ImageObject\">\n\t\t\t\t<a href=\"\/it\/risorse\/servizi-legali\/?utm_source=Home&#038;utm_medium=Referral&#038;utm_campaign=211Resources&#038;utm_content=Legal\"  target=\"_self\" itemprop=\"url\">\n\t\t\t\t<img decoding=\"async\" src=\"https:\/\/211md.org\/wp-content\/uploads\/bb-plugin\/cache\/2025_MdInfoNet_Icon-Sets_Legal-square-18fdf438feb8435588174d9046463257-.png\" alt=\"\" onerror=\"this.style.display='none'\" loading=\"lazy\" \/>\n\t\t\t\t<\/a>\n\t<\/figure>\n\t\t<h4><a href=\"\/it\/risorse\/salute-mentale\/?utm_source=Home&#038;utm_medium=Referral&#038;utm_campaign=211Resources&#038;utm_content=Mental\" target=\"_self\">Salute mentale<\/a><\/h4><figure itemscope itemtype=\"https:\/\/schema.org\/ImageObject\">\n\t\t\t\t<a href=\"\/it\/risorse\/salute-mentale\/?utm_source=Home&#038;utm_medium=Referral&#038;utm_campaign=211Resources&#038;utm_content=Mental\"  target=\"_self\" itemprop=\"url\">\n\t\t\t\t<img decoding=\"async\" src=\"https:\/\/211md.org\/wp-content\/uploads\/bb-plugin\/cache\/2025_MdInfoNet_Icon-Sets_Mental-Health-square-c59b38c4a993a947d4c9280fbe2d2fee-.png\" alt=\"\" onerror=\"this.style.display='none'\" loading=\"lazy\" \/>\n\t\t\t\t<\/a>\n\t<\/figure>\n\t\t<h4><a href=\"\/it\/risorse\/mdreentry\/?utm_source=Home&#038;utm_medium=Referral&#038;utm_campaign=211Resources&#038;utm_content=Reentry\" target=\"_self\">Rientro<\/a><\/h4><figure itemscope itemtype=\"https:\/\/schema.org\/ImageObject\">\n\t\t\t\t<a href=\"\/it\/risorse\/mdreentry\/?utm_source=Home&#038;utm_medium=Referral&#038;utm_campaign=211Resources&#038;utm_content=Reentry\"  target=\"_self\" itemprop=\"url\">\n\t\t\t\t<img decoding=\"async\" src=\"https:\/\/211md.org\/wp-content\/uploads\/bb-plugin\/cache\/2025_211_Icon-Sets_Reentry-square-8676fea38abd920a832f45642fe31cca-.png\" alt=\"Icona di rientro\" height=\"417\" width=\"417\" title=\"2025_211_Set di icone_Rientro\" onerror=\"this.style.display='none'\" loading=\"lazy\" \/>\n\t\t\t\t<\/a>\n\t<\/figure>\n\t\t<h4><a href=\"\/it\/risorse\/uso-di-sostanze\/?utm_source=Home&#038;utm_medium=Referral&#038;utm_campaign=211Resources&#038;utm_content=Substance\" target=\"_self\">Uso di sostanze<\/a><\/h4><figure itemscope itemtype=\"https:\/\/schema.org\/ImageObject\">\n\t\t\t\t<a href=\"\/it\/risorse\/uso-di-sostanze\/?utm_source=Home&#038;utm_medium=Referral&#038;utm_campaign=211Resources&#038;utm_content=Substance\"  target=\"_self\" itemprop=\"url\">\n\t\t\t\t<img decoding=\"async\" src=\"https:\/\/211md.org\/wp-content\/uploads\/bb-plugin\/cache\/2025_MdInfoNet_Icon-Sets_Substance-Abuse-square-4f414f085e657267739c181957754f48-.png\" alt=\"Pills for substance Use icon\" title=\"2025_MdInfoNet_Icon-Sets_Substance-Abuse\" onerror=\"this.style.display='none'\" loading=\"lazy\" \/>\n\t\t\t\t<\/a>\n\t<\/figure>\n\t\t<h4><a href=\"\/it\/risorse\/veterani\/?utm_source=Home&#038;utm_medium=Referral&#038;utm_campaign=211Resources&#038;utm_content=Veterans\" target=\"_self\">Veterani<\/a><\/h4><figure itemscope itemtype=\"https:\/\/schema.org\/ImageObject\">\n\t\t\t\t<a href=\"\/it\/risorse\/veterani\/?utm_source=Home&#038;utm_medium=Referral&#038;utm_campaign=211Resources&#038;utm_content=Veterans\"  target=\"_self\" itemprop=\"url\">\n\t\t\t\t<img decoding=\"async\" src=\"https:\/\/211md.org\/wp-content\/uploads\/bb-plugin\/cache\/2025_MdInfoNet_Icon-Sets_Rating-square-6e60d00cce4faa8e0a6d4ad7366aa733-.png\" alt=\"\" onerror=\"this.style.display='none'\" loading=\"lazy\" \/>\n\t\t\t\t<\/a>\n\t<\/figure>","protected":false},"excerpt":{"rendered":"<p>Every child deserves a strong start, and that starts with the experiences they have at home, at school, and in their communities. Childhood experiences, both good and bad, shape a child&#8217;s developing brain. When children face serious adversity without enough support, it can have lasting effects on their health and well-being. That&#8217;s why it takes&hellip;<\/p>","protected":false},"author":8,"featured_media":4017,"parent":839,"menu_order":0,"comment_status":"closed","ping_status":"closed","template":"","meta":{"footnotes":""},"class_list":["post-920","page","type-page","status-publish","has-post-thumbnail","hentry"],"_links":{"self":[{"href":"https:\/\/211md.org\/it\/wp-json\/wp\/v2\/pages\/920","targetHints":{"allow":["GET"]}}],"collection":[{"href":"https:\/\/211md.org\/it\/wp-json\/wp\/v2\/pages"}],"about":[{"href":"https:\/\/211md.org\/it\/wp-json\/wp\/v2\/types\/page"}],"author":[{"embeddable":true,"href":"https:\/\/211md.org\/it\/wp-json\/wp\/v2\/users\/8"}],"replies":[{"embeddable":true,"href":"https:\/\/211md.org\/it\/wp-json\/wp\/v2\/comments?post=920"}],"version-history":[{"count":8,"href":"https:\/\/211md.org\/it\/wp-json\/wp\/v2\/pages\/920\/revisions"}],"predecessor-version":[{"id":34596,"href":"https:\/\/211md.org\/it\/wp-json\/wp\/v2\/pages\/920\/revisions\/34596"}],"up":[{"embeddable":true,"href":"https:\/\/211md.org\/it\/wp-json\/wp\/v2\/pages\/839"}],"wp:featuredmedia":[{"embeddable":true,"href":"https:\/\/211md.org\/it\/wp-json\/wp\/v2\/media\/4017"}],"wp:attachment":[{"href":"https:\/\/211md.org\/it\/wp-json\/wp\/v2\/media?parent=920"}],"curies":[{"name":"scrivere","href":"https:\/\/api.w.org\/{rel}","templated":true}]}}