{"id":922,"date":"2021-04-15T14:24:25","date_gmt":"2021-04-15T14:24:25","guid":{"rendered":"https:\/\/211md.org\/?page_id=922"},"modified":"2026-02-02T08:48:53","modified_gmt":"2026-02-02T13:48:53","slug":"violenza-domestica-familiare","status":"publish","type":"page","link":"https:\/\/211md.org\/it\/resources\/domestic-family-violence\/","title":{"rendered":"Sostegno alla violenza familiare e domestica nel Maryland"},"content":{"rendered":"<figure data-animation-delay=\"0\" data-animation-duration=\"1\" itemscope itemtype=\"https:\/\/schema.org\/ImageObject\">\n\t\t\t\t<img decoding=\"async\" src=\"https:\/\/stg-maryland211-staging.kinsta.cloud\/wp-content\/uploads\/2025\/08\/5-1-scaled.png\" alt=\"5\" height=\"692\" width=\"2560\" title=\"5\" onerror=\"this.style.display='none'\" loading=\"lazy\" \/>\n\t<\/figure>\n\t\t<h1><a href=\"#start\" target=\"_self\">Intestazione di pagina predefinita<\/a><\/h1><p>Dai kit di emergenza per le vittime di violenza domestica che lasciano rapidamente casa all&#039;assistenza legale, \u00e8 disponibile un supporto gratuito e riservato. La violenza domestica non \u00e8 mai colpa tua. Contatta le linee di assistenza per la violenza domestica. <a href=\"#community\">risorse della comunit\u00e0,<\/a> e <a href=\"#sexual\">violenza sessuale<\/a> supporto alle vittime di violenza domestica e familiare. Scopri di pi\u00f9 <a href=\"#warning\">segnali di avvertimento<\/a>\u00a0e trova <a href=\"#emergency\">rifugi di emergenza<\/a> vicino a te.<\/p>\n<p>Inoltre, scopri i servizi di protezione per <a href=\"#children\">bambini<\/a> e <a href=\"#adults\">adulti<\/a>.<\/p>\n\t\t\t<a href=\"#start\"  target=\"_self\">\n\t\t\t\t\t\tPer iniziare\n\t\t\t\t\t<\/a>\n<figure data-animation-delay=\"0\" data-animation-duration=\"1\" itemscope itemtype=\"https:\/\/schema.org\/ImageObject\">\n\t\t\t\t<img decoding=\"async\" src=\"https:\/\/211md.org\/wp-content\/plugins\/bb-plugin\/img\/pixel.png\" alt=\"\" onerror=\"this.style.display='none'\" loading=\"lazy\" \/>\n\t<\/figure>\n<figure data-animation-delay=\"0\" data-animation-duration=\"1.3\" itemscope itemtype=\"https:\/\/schema.org\/ImageObject\">\n\t\t\t\t<img decoding=\"async\" src=\"https:\/\/stg-maryland211-staging.kinsta.cloud\/wp-content\/uploads\/2025\/08\/16.png\" alt=\"16\" height=\"1000\" width=\"1000\" title=\"16\" onerror=\"this.style.display='none'\" loading=\"lazy\" \/>\n\t<\/figure>\n<figure itemscope itemtype=\"https:\/\/schema.org\/ImageObject\">\n\t\t\t\t<img decoding=\"async\" src=\"http:\/\/211md.org\/wp-content\/uploads\/2025\/09\/two-friends-hugging-and-offering-support.jpg\" alt=\"due amici che si abbracciano e si offrono sostegno\" title=\"due amici che si abbracciano e si offrono sostegno\" onerror=\"this.style.display='none'\" loading=\"lazy\" \/>\n\t<\/figure>\n<h2>Rifugio di emergenza e altri beni essenziali<\/h2>\n<p>Quando si cerca di fuggire da una situazione di violenza domestica, si pu\u00f2 lasciare casa rapidamente e senza l&#039;essenziale. Esistono programmi che possono aiutare in questo.<\/p>\n<p>Il <a href=\"https:\/\/www.mnadv.org\/get-help\/how-to-help\/\" target=\"_blank\" rel=\"noopener\">Rete del Maryland contro la violenza domestica<\/a> offre supporto, incluso un kit di emergenza.<\/p>\n<h3>Supporto Mid-Shore<\/h3>\n<p>Nelle contee di Kent, Dorchester, Queen Anne&#039;s, Talbot e Caroline, connettiti con <a href=\"https:\/\/mscfv.org\/get-help\" target=\"_blank\" rel=\"noopener\">Consiglio di Mid-Shore sulla violenza familiare<\/a>.<\/p>\n<p>Offrono assistenza 24 ore su 24, 7 giorni su 7 con:<\/p>\n<ul>\n<li>intervento di crisi<\/li>\n<li>rifugio di emergenza<\/li>\n<li>pianificazione della sicurezza<\/li>\n<li>sicurezza degli animali domestici<\/li>\n<li>informazioni e rinvio<\/li>\n<li>supporto emotivo<\/li>\n<li>consulenza e orientamento<\/li>\n<li>servizi legali<\/li>\n<\/ul>\n<p><img loading=\"lazy\" decoding=\"async\" src=\"http:\/\/211md.org\/wp-content\/uploads\/2025\/08\/2025_MdInfoNet_Icon-Sets_Phone-150x150.png\" alt=\"icona del telefono\" width=\"75\" height=\"75\" \/>Chiama la hotline del Mid-Shore Council sulla violenza in famiglia al numero 1-800-927-4673.<\/p>\n\t<h2>Linee di assistenza<\/h2>\n\t\t<h3>\t\n\t911<br \/> Emergenza<\/h3><p>Chiama il 911 se sei in pericolo e hai bisogno di aiuto immediato.<\/p>\n\t\t<h3>\t\n\tLinea diretta nazionale per la violenza domestica<\/h3><p>Chiama il numero 1-800-799-SAFE (7233) e ottieni informazioni sui rifugi e altri servizi dedicati alla violenza domestica.<\/p>\n<p>Puoi anche chattare in diretta o inviare un SMS con scritto START al numero 88788.<\/p>\n\t\t<h3>\t\n\t211 <br \/> Informazioni e risorse<\/h3><p>Chiama il 211 per metterti in contatto con le risorse locali. Gli specialisti di informazione e segnalazione, premurosi e compassionevoli, possono anche aiutarti con cibo, alloggio, assistenza legale, assistenza per le utenze, assistenza sanitaria, disoccupazione e altre necessit\u00e0 essenziali.<\/p>\n<p>&nbsp;<\/p>\n\t\t<figure itemscope itemtype=\"https:\/\/schema.org\/ImageObject\">\n\t\t\t\t<img decoding=\"async\" src=\"https:\/\/stg-maryland211-staging.kinsta.cloud\/wp-content\/uploads\/2025\/08\/2025_MdInfoNet_Icon-Sets-white_Locate.png\" alt=\"\" onerror=\"this.style.display='none'\" loading=\"lazy\" \/>\n\t<\/figure>\n<h2>Risorse comuni sulla violenza domestica<\/h2><p>Cerca nel database delle risorse della comunit\u00e0 211 per trovare aiuto. Inserisci un codice postale per trovare aiuto vicino a te.<\/p>\n\t\t\t<a href=\"https:\/\/search.211md.org\/search?query=RP-1500.1400-200&#038;query_type=taxonomy&#038;query_label=\" target=\"_blank\" rel=\"noopener\">\n\t\t\t\t\t\tHotline sulla violenza domestica\n\t\t\t\t\t<\/a>\n\t\t\t<a href=\"https:\/\/search.211md.org\/search?query=FT-6940&#038;query_type=taxonomy&#038;query_label=\" target=\"_blank\" rel=\"noopener\">\n\t\t\t\t\t\tOrdini restrittivi protettivi\n\t\t\t\t\t<\/a>\n\t\t\t<a href=\"https:\/\/search.211md.org\/search?query=RP-1500.1400-300&#038;query_type=taxonomy&#038;query_label=\" target=\"_blank\" rel=\"noopener\">\n\t\t\t\t\t\tLinea diretta per la tratta di esseri umani\n\t\t\t\t\t<\/a>\n\t\t\t<a href=\"https:\/\/search.211md.org\/search?query=RP-1500.1400-750&#038;query_type=taxonomy&#038;query_label=\" target=\"_blank\" rel=\"noopener\">\n\t\t\t\t\t\tLinea diretta per le aggressioni sessuali\n\t\t\t\t\t<\/a>\n\t\t\t<a href=\"https:\/\/search.211md.org\/search?query=BH-1800.1500-100&#038;query_label=Domestic+Violence+Shelters&#038;query_type=taxonomy\" target=\"_blank\" rel=\"noopener\">\n\t\t\t\t\t\tRifugi contro la violenza domestica\n\t\t\t\t\t<\/a>\n\t\t\t<a href=\"https:\/\/search.211md.org\/search?query=RP-1500.1400-700&#038;query_type=taxonomy&#038;query_label=\" target=\"_blank\" rel=\"noopener\">\n\t\t\t\t\t\tLinee di assistenza per giovani in fuga\/senzatetto\n\t\t\t\t\t<\/a>\n<figure itemscope itemtype=\"https:\/\/schema.org\/ImageObject\">\n\t\t\t\t<img decoding=\"async\" src=\"https:\/\/211md.org\/wp-content\/uploads\/2024\/05\/Counselor-talking-to-a-woman.jpg\" alt=\"Consulente che parla con una donna\" height=\"800\" width=\"1200\" title=\"Consulente che parla con una donna\" onerror=\"this.style.display='none'\" loading=\"lazy\" \/>\n\t<\/figure>\n\t<h2>Segnali di avvertimento<\/h2>\n<p>Pu\u00f2 essere difficile individuare i segnali d&#039;allarme della violenza domestica. Il Life Crisis Center, membro del 211 Call Center Network, offre supporto alle vittime. Delinea comportamenti progressivi e controllanti che potresti osservare, inclusi questi segnali di una relazione malsana:<\/p>\n<ul>\n<li>Controllo<\/li>\n<li>Isolamento<\/li>\n<li>Sabotaggio<\/li>\n<li>Colpa<\/li>\n<li>Critica<\/li>\n<li>Alcol<\/li>\n<li>Gelosia<\/li>\n<li>Rabbia<\/li>\n<li>Intensit\u00e0<\/li>\n<\/ul>\n<p>Il <a href=\"https:\/\/www.lifecrisiscenter.org\/program\/Domestic-Violence.htm\" target=\"_blank\" rel=\"noopener\">Life Crisis Center describes the warning signs<\/a> and provides strategies for victims in a relationship with warning signs.<\/p>\n<p>Puoi anche chiamare il 211 per metterti in contatto con un fornitore locale di servizi di violenza domestica o chiamare il servizio 24 ore su 24 <a href=\"https:\/\/www.thehotline.org\/\" target=\"_blank\" rel=\"noopener\">Linea diretta nazionale per la violenza domestica<\/a> al numero 1-800-799-SAFE (7233).<\/p>\n<h2>Aiuto per violenza sessuale<\/h2>\n<p>Le vittime di violenza sessuale possono usufruire di assistenza gratuita e riservata. Contatta esperti che possono offrirti supporto e sappi che una violenza sessuale non \u00e8 mai colpa tua.<\/p>\n<h4>Connettiti alle risorse.<\/h4>\n<p>Chiama il 2-1-1 per trovare supporto nella tua zona oppure contatta una hotline per le aggressioni sessuali per ottenere informazioni gratuite e riservate.<\/p>\n\t\t\t<a href=\"https:\/\/search.211md.org\/search?query=RP-1500.1400-750&#038;query_label=Sexual%20Assault%20Hotlines&#038;query_type=taxonomy\" target=\"_blank\" rel=\"noopener\">\n\t\t\t\t\t\tTrova linee di assistenza\/risorse per le aggressioni sessuali\n\t\t\t\t\t<\/a>\n\t<h3>Esami medici gratuiti<\/h3>\n<p>Il programma SAFE (Sexual Assault Forensic Exams) del Maryland offre esami medici gratuiti. I professionisti sono formati per lavorare con le vittime e raccoglieranno prove, forniranno assistenza medica e offriranno consulenza sull&#039;esposizione all&#039;HIV.<\/p>\n<p>Puoi sostenere un esame SAFE anche se non vuoi coinvolgere la polizia nella situazione. Se sei vittima di violenza sessuale, chiedi supporto. <a href=\"https:\/\/mcasa.org\/survivors\/getting-medical-attention\" target=\"_blank\" rel=\"noopener\">Cerca programmi SICURI nel Maryland<\/a>.<\/p>\n<h3>Centro di crisi e recupero dallo stupro<\/h3>\n<p>\u00c8 possibile ricevere assistenza anche dalla rete di centri di recupero e assistenza per vittime di stupro del Maryland. Questi centri offrono interventi di crisi e consulenza. Vi accompagneranno anche in ospedale, durante gli interrogatori di polizia e in tribunale.<\/p>\n<p>Puoi chiamare il 2-1-1 per trovare un centro vicino a te o visitare il\u00a0<a href=\"https:\/\/mcasa.org\/survivors\/find-a-rape-crisis-center\" target=\"_blank\" rel=\"noopener\">Coalizione del Maryland contro la violenza sessuale<\/a> (MCASA) sito web per un elenco dei centri.<\/p>\n<h3>Aiuto legale<\/h3>\n<p>Il MCASA ha anche un Sexual Assault Legal Institute (SALI), che fornisce servizi legali completi alle vittime. <a href=\"https:\/\/mcasa.org\/survivors\/sali?fbclid=IwZXh0bgNhZW0CMTAAAR1kEo1Ku2GD3GKBOhAz1XXVPvOr68tlAOPPlcrOFiTKhmFIMM4RlndB7a4_aem_AXbTaSde3vm4kISD6ssAc2DvpCxSyWKv-2To8ILAwIAQntLzjKXzkLGWpmWyYNAX_R98yzEsaXiKtXw57NYZB3Dv#services\" target=\"_blank\" rel=\"noopener\">Per saperne di pi\u00f9<\/a> sui servizi che forniscono.<\/p>\n\t<h2>Abusi sui minori e abbandono<\/h2>\n<p>Gli abusi e\/o la negligenza sui minori possono essere segnalati in forma anonima al Dipartimento locale dei servizi sociali o alle forze dell&#039;ordine.<\/p>\n<p>In generale, i segni di <a href=\"https:\/\/dhs.maryland.gov\/child-protective-services\/reporting-suspected-child-abuse-or-neglect\/what-is-child-abuse-and-neglect\/\" target=\"_blank\" rel=\"noopener\">abuso e abbandono dei minori<\/a>\u00a0Pu\u00f2 includere:<\/p>\n<ul>\n<li aria-level=\"1\">lesioni fisiche a un bambino, anche se non visibili<\/li>\n<li aria-level=\"1\">mancanza di cure o attenzioni adeguate<\/li>\n<li aria-level=\"1\">lasciare un bambino incustodito quando la sua salute o il suo benessere sono danneggiati o vi \u00e8 un rischio sostanziale di tale danno<\/li>\n<li aria-level=\"1\">molestia o sfruttamento sessuale<\/li>\n<li aria-level=\"1\">compromissione della capacit\u00e0 mentale o psicologica di funzionare del bambino<\/li>\n<li aria-level=\"1\">trovare prove credibili di abusi fisici, negligenza o abusi sessuali che non siano stati confutati in modo soddisfacente<\/li>\n<\/ul>\n<p>Se lo Stato allontana un bambino (di et\u00e0 inferiore ai 18 anni) dalla propria casa, un\u00a0<a href=\"https:\/\/mdcourts.gov\/legalhelp\/childabuseneglect\" target=\"_blank\" rel=\"noopener\">processo legale<\/a> \u00e8 in atto per garantire la sicurezza e il benessere del bambino.<\/p>\n<p>Trova le risorse locali per la protezione dei minori nel database delle risorse della comunit\u00e0 211 oppure chiama il 211.<\/p>\n\t\t\t<a href=\"https:\/\/search.211md.org\/search?query=PH-6500.1500&#038;query_type=taxonomy&#038;query_label=\" target=\"_blank\" rel=\"noopener\">\n\t\t\t\t\t\tRisorse per la protezione dei minori\n\t\t\t\t\t<\/a>\n\t<h2>Servizi di protezione per adulti<\/h2>\n<p>Lo stato offre anche servizi di protezione per adulti a chiunque abbia pi\u00f9 di 18 anni e non abbia la capacit\u00e0 fisica o mentale di prendersi cura dei propri bisogni. Ci sono segni comportamentali, sociali, finanziari e fisici di abuso e abbandono con individui vulnerabili e adulti pi\u00f9 anziani. Questi possono includere:<\/p>\n<ul>\n<li aria-level=\"1\">Confusione e dimenticanza<\/li>\n<li aria-level=\"1\">Paura, impotenza, vergogna<\/li>\n<li aria-level=\"1\">Isolamento<\/li>\n<li aria-level=\"1\">Violenza o abuso di droghe<\/li>\n<li aria-level=\"1\">Attivit\u00e0 bancaria insolita<\/li>\n<li aria-level=\"1\">Cambiamento delle abitudini di spesa<\/li>\n<li aria-level=\"1\">Fatture non pagate<\/li>\n<li aria-level=\"1\">Apparire sporco o con la barba lunga<\/li>\n<li aria-level=\"1\">Denutriti, disidratati<\/li>\n<li aria-level=\"1\">Condizione medica non trattata<\/li>\n<li aria-level=\"1\">Tagli, ferite, lividi o altri segni<\/li>\n<li aria-level=\"1\">Impossibile parlare liberamente<\/li>\n<li aria-level=\"1\">Violenza o abuso di droghe<\/li>\n<\/ul>\n<p><a href=\"https:\/\/dhs.maryland.gov\/documents\/Brochures\/Adult%20Services%20Flyers\/SSA-AdultProtectiveAbuse_dg.pdf\" target=\"_blank\" rel=\"noopener\">Scopri tutti i segni<\/a>\u00a0dal Dipartimento dei servizi umani del Maryland.<\/p>\n<p>Segnalare sospetti abusi su adulti al numero 1-800-91-PREVENT (1-800-917-7383).<\/p>\n<p>Il database delle risorse della comunit\u00e0 211 fornisce un elenco dei servizi di protezione degli adulti.<\/p>\n\t\t\t<a href=\"https:\/\/search.211md.org\/search?query=PH-6500.0500&#038;query_type=taxonomy&#038;query_label=\" target=\"_blank\" rel=\"noopener\">\n\t\t\t\t\t\tTrova risorse di protezione per adulti\n\t\t\t\t\t<\/a>\n<figure itemscope itemtype=\"https:\/\/schema.org\/ImageObject\">\n\t\t\t\t<img decoding=\"async\" src=\"https:\/\/211md.org\/wp-content\/plugins\/bb-plugin\/img\/pixel.png\" alt=\"\" onerror=\"this.style.display='none'\" loading=\"lazy\" \/>\n\t<\/figure>\n\t\t<figure itemscope itemtype=\"https:\/\/schema.org\/ImageObject\">\n\t\t\t\t<img decoding=\"async\" src=\"https:\/\/211md.org\/wp-content\/uploads\/bb-plugin\/cache\/Call-center-specialst-circle-4e9ecd7b3425be4576416abc911049bb-.jpg\" alt=\"Specialista del call center\" title=\"Specialista del call center\" onerror=\"this.style.display='none'\" loading=\"lazy\" \/>\n\t<\/figure>\n<h2>Chiama il 211<\/h2><p>Parla con una persona premurosa e compassionevole 24 ore su 24, 7 giorni su 7. Pu\u00f2 anche metterti in contatto con delle risorse.\u00a0<\/p>\n\t\t<h4><a href=\"\/it\/risorse\/invecchiamento-disabilita\/?utm_source=Home&#038;utm_medium=Referral&#038;utm_campaign=211Resources&#038;utm_content=Aging\" target=\"_self\">Invecchiamento e disabilit\u00e0<\/a><\/h4><figure itemscope itemtype=\"https:\/\/schema.org\/ImageObject\">\n\t\t\t\t<a href=\"\/it\/risorse\/invecchiamento-disabilita\/?utm_source=Home&#038;utm_medium=Referral&#038;utm_campaign=211Resources&#038;utm_content=Aging\"  target=\"_self\" itemprop=\"url\">\n\t\t\t\t<img decoding=\"async\" src=\"https:\/\/211md.org\/wp-content\/uploads\/bb-plugin\/cache\/2025_MdInfoNet_Icon-Sets_Aging-disability-square-c466727102cae71e5f27b8539bb51945-.png\" alt=\"\" onerror=\"this.style.display='none'\" loading=\"lazy\" \/>\n\t\t\t\t<\/a>\n\t<\/figure>\n\t\t<h4><a href=\"\/it\/risorse\/bambini-famiglie\/?utm_source=Home&#038;utm_medium=Referral&#038;utm_campaign=211Resources&#038;utm_content=Children\" target=\"_self\">Bambini e famiglie<\/a><\/h4><figure itemscope itemtype=\"https:\/\/schema.org\/ImageObject\">\n\t\t\t\t<a href=\"\/it\/risorse\/bambini-famiglie\/?utm_source=Home&#038;utm_medium=Referral&#038;utm_campaign=211Resources&#038;utm_content=Children\"  target=\"_self\" itemprop=\"url\">\n\t\t\t\t<img decoding=\"async\" src=\"https:\/\/211md.org\/wp-content\/uploads\/bb-plugin\/cache\/2025_211_Icon-Sets_Child-care-square-f3b0d4edab3dcc467fadb5f55f4064c6-.png\" alt=\"parent and child icon for child care\" height=\"417\" width=\"417\" title=\"2025_211_Set di icone_Assistenza all&#039;infanzia\" onerror=\"this.style.display='none'\" loading=\"lazy\" \/>\n\t\t\t\t<\/a>\n\t<\/figure>\n\t\t<h4><a href=\"\/it\/risorse\/violenza-domestica-familiare\/?utm_source=Home&#038;utm_medium=Referral&#038;utm_campaign=211Resources&#038;utm_content=Domestic\" target=\"_self\">Violenza domestica<\/a><\/h4><figure itemscope itemtype=\"https:\/\/schema.org\/ImageObject\">\n\t\t\t\t<a href=\"\/it\/risorse\/violenza-domestica-familiare\/?utm_source=Home&#038;utm_medium=Referral&#038;utm_campaign=211Resources&#038;utm_content=Domestic\"  target=\"_self\" itemprop=\"url\">\n\t\t\t\t<img decoding=\"async\" src=\"https:\/\/211md.org\/wp-content\/uploads\/bb-plugin\/cache\/2025_211_Icon-Sets_Domestic-Violence-square-7b597694a6f05fe90cdc376aa573bc63-.png\" alt=\"House with a heart in the middle icon\" height=\"417\" width=\"417\" title=\"2025_211_Set di icone_Violenza domestica\" onerror=\"this.style.display='none'\" loading=\"lazy\" \/>\n\t\t\t\t<\/a>\n\t<\/figure>\n\t\t<h4><a href=\"\/it\/risorse\/ricerca-occupazione\/?utm_source=Home&#038;utm_medium=Referral&#038;utm_campaign=211Resources&#038;utm_content=Employment\" target=\"_self\">Occupazione<\/a><\/h4><figure itemscope itemtype=\"https:\/\/schema.org\/ImageObject\">\n\t\t\t\t<a href=\"\/it\/risorse\/ricerca-occupazione\/?utm_source=Home&#038;utm_medium=Referral&#038;utm_campaign=211Resources&#038;utm_content=Employment\"  target=\"_self\" itemprop=\"url\">\n\t\t\t\t<img decoding=\"async\" src=\"https:\/\/211md.org\/wp-content\/uploads\/bb-plugin\/cache\/2025_MdInfoNet_Icon-Sets_Employment-square-44707bd410e4df10a470bf130ebcea86-.png\" alt=\"\" onerror=\"this.style.display='none'\" loading=\"lazy\" \/>\n\t\t\t\t<\/a>\n\t<\/figure>\n\t\t<h4><a href=\"\/it\/risorse\/assistenza-sanitaria\/?utm_source=Home&#038;utm_medium=Referral&#038;utm_campaign=211Resources&#038;utm_content=Health%20Care\" target=\"_self\">Assistenza sanitaria<\/a><\/h4><figure itemscope itemtype=\"https:\/\/schema.org\/ImageObject\">\n\t\t\t\t<a href=\"\/it\/risorse\/assistenza-sanitaria\/?utm_source=Home&#038;utm_medium=Referral&#038;utm_campaign=211Resources&#038;utm_content=Health%20Care\"  target=\"_self\" itemprop=\"url\">\n\t\t\t\t<img decoding=\"async\" src=\"https:\/\/211md.org\/wp-content\/uploads\/bb-plugin\/cache\/2025_MdInfoNet_Icon-Sets_Health-Care-square-dee98a0060cbe0e7f27eda253fc12679-.png\" alt=\"\" onerror=\"this.style.display='none'\" loading=\"lazy\" \/>\n\t\t\t\t<\/a>\n\t<\/figure>\n\t\t<h4><a href=\"\/it\/risorse\/bambini-famiglie\/parentela-cura\/?utm_source=Home&#038;utm_medium=Referral&#038;utm_campaign=211Resources&#038;utm_content=Kinship\" target=\"_self\">Parentela<\/a><\/h4><figure itemscope itemtype=\"https:\/\/schema.org\/ImageObject\">\n\t\t\t\t<a href=\"\/it\/risorse\/bambini-famiglie\/parentela-cura\/?utm_source=Home&#038;utm_medium=Referral&#038;utm_campaign=211Resources&#038;utm_content=Kinship\"  target=\"_self\" itemprop=\"url\">\n\t\t\t\t<img decoding=\"async\" src=\"https:\/\/211md.org\/wp-content\/uploads\/bb-plugin\/cache\/2025_211_Icon-Sets_Kinship-square-45bdf872866f5735f842c32071109267-.png\" alt=\"Icona di parentela\" height=\"417\" width=\"417\" title=\"2025_211_Set di icone_Parentela\" onerror=\"this.style.display='none'\" loading=\"lazy\" \/>\n\t\t\t\t<\/a>\n\t<\/figure>\n\t\t<h4><a href=\"\/it\/risorse\/servizi-legali\/?utm_source=Home&#038;utm_medium=Referral&#038;utm_campaign=211Resources&#038;utm_content=Legal\" target=\"_self\">Servizi legali<\/a><\/h4><figure itemscope itemtype=\"https:\/\/schema.org\/ImageObject\">\n\t\t\t\t<a href=\"\/it\/risorse\/servizi-legali\/?utm_source=Home&#038;utm_medium=Referral&#038;utm_campaign=211Resources&#038;utm_content=Legal\"  target=\"_self\" itemprop=\"url\">\n\t\t\t\t<img decoding=\"async\" src=\"https:\/\/211md.org\/wp-content\/uploads\/bb-plugin\/cache\/2025_MdInfoNet_Icon-Sets_Legal-square-18fdf438feb8435588174d9046463257-.png\" alt=\"\" onerror=\"this.style.display='none'\" loading=\"lazy\" \/>\n\t\t\t\t<\/a>\n\t<\/figure>\n\t\t<h4><a href=\"\/it\/risorse\/salute-mentale\/?utm_source=Home&#038;utm_medium=Referral&#038;utm_campaign=211Resources&#038;utm_content=Mental\" target=\"_self\">Salute mentale<\/a><\/h4><figure itemscope itemtype=\"https:\/\/schema.org\/ImageObject\">\n\t\t\t\t<a href=\"\/it\/risorse\/salute-mentale\/?utm_source=Home&#038;utm_medium=Referral&#038;utm_campaign=211Resources&#038;utm_content=Mental\"  target=\"_self\" itemprop=\"url\">\n\t\t\t\t<img decoding=\"async\" src=\"https:\/\/211md.org\/wp-content\/uploads\/bb-plugin\/cache\/2025_MdInfoNet_Icon-Sets_Mental-Health-square-c59b38c4a993a947d4c9280fbe2d2fee-.png\" alt=\"\" onerror=\"this.style.display='none'\" loading=\"lazy\" \/>\n\t\t\t\t<\/a>\n\t<\/figure>\n\t\t<h4><a href=\"\/it\/risorse\/mdreentry\/?utm_source=Home&#038;utm_medium=Referral&#038;utm_campaign=211Resources&#038;utm_content=Reentry\" target=\"_self\">Rientro<\/a><\/h4><figure itemscope itemtype=\"https:\/\/schema.org\/ImageObject\">\n\t\t\t\t<a href=\"\/it\/risorse\/mdreentry\/?utm_source=Home&#038;utm_medium=Referral&#038;utm_campaign=211Resources&#038;utm_content=Reentry\"  target=\"_self\" itemprop=\"url\">\n\t\t\t\t<img decoding=\"async\" src=\"https:\/\/211md.org\/wp-content\/uploads\/bb-plugin\/cache\/2025_211_Icon-Sets_Reentry-square-8676fea38abd920a832f45642fe31cca-.png\" alt=\"Icona di rientro\" height=\"417\" width=\"417\" title=\"2025_211_Set di icone_Rientro\" onerror=\"this.style.display='none'\" loading=\"lazy\" \/>\n\t\t\t\t<\/a>\n\t<\/figure>\n\t\t<h4><a href=\"\/it\/risorse\/uso-di-sostanze\/?utm_source=Home&#038;utm_medium=Referral&#038;utm_campaign=211Resources&#038;utm_content=Substance\" target=\"_self\">Uso di sostanze<\/a><\/h4><figure itemscope itemtype=\"https:\/\/schema.org\/ImageObject\">\n\t\t\t\t<a href=\"\/it\/risorse\/uso-di-sostanze\/?utm_source=Home&#038;utm_medium=Referral&#038;utm_campaign=211Resources&#038;utm_content=Substance\"  target=\"_self\" itemprop=\"url\">\n\t\t\t\t<img decoding=\"async\" src=\"https:\/\/211md.org\/wp-content\/uploads\/bb-plugin\/cache\/2025_MdInfoNet_Icon-Sets_Substance-Abuse-square-9022fec9d18a64118ad685c101885b55-.png\" alt=\"\" onerror=\"this.style.display='none'\" loading=\"lazy\" \/>\n\t\t\t\t<\/a>\n\t<\/figure>\n\t\t<h4><a href=\"\/it\/risorse\/veterani\/?utm_source=Home&#038;utm_medium=Referral&#038;utm_campaign=211Resources&#038;utm_content=Veterans\" target=\"_self\">Veterani<\/a><\/h4><figure itemscope itemtype=\"https:\/\/schema.org\/ImageObject\">\n\t\t\t\t<a href=\"\/it\/risorse\/veterani\/?utm_source=Home&#038;utm_medium=Referral&#038;utm_campaign=211Resources&#038;utm_content=Veterans\"  target=\"_self\" itemprop=\"url\">\n\t\t\t\t<img decoding=\"async\" src=\"https:\/\/211md.org\/wp-content\/uploads\/bb-plugin\/cache\/2025_MdInfoNet_Icon-Sets_Rating-square-6e60d00cce4faa8e0a6d4ad7366aa733-.png\" alt=\"\" onerror=\"this.style.display='none'\" loading=\"lazy\" \/>\n\t\t\t\t<\/a>\n\t<\/figure>","protected":false},"excerpt":{"rendered":"<p>Intestazione pagina predefinita: dai kit di emergenza per le vittime di violenza domestica che lasciano rapidamente casa all&#039;assistenza legale, \u00e8 disponibile un supporto gratuito e riservato. La violenza domestica non \u00e8 mai colpa tua. Contatta le linee di assistenza per la violenza domestica, le risorse della comunit\u00e0 e il supporto per le vittime di violenza domestica e familiare. Impara i segnali d&#039;allarme e trova rifugi di emergenza...<\/p>","protected":false},"author":8,"featured_media":2004,"parent":930,"menu_order":0,"comment_status":"closed","ping_status":"closed","template":"","meta":{"footnotes":""},"class_list":["post-922","page","type-page","status-publish","has-post-thumbnail","hentry"],"_links":{"self":[{"href":"https:\/\/211md.org\/it\/wp-json\/wp\/v2\/pages\/922","targetHints":{"allow":["GET"]}}],"collection":[{"href":"https:\/\/211md.org\/it\/wp-json\/wp\/v2\/pages"}],"about":[{"href":"https:\/\/211md.org\/it\/wp-json\/wp\/v2\/types\/page"}],"author":[{"embeddable":true,"href":"https:\/\/211md.org\/it\/wp-json\/wp\/v2\/users\/8"}],"replies":[{"embeddable":true,"href":"https:\/\/211md.org\/it\/wp-json\/wp\/v2\/comments?post=922"}],"version-history":[{"count":8,"href":"https:\/\/211md.org\/it\/wp-json\/wp\/v2\/pages\/922\/revisions"}],"predecessor-version":[{"id":33743,"href":"https:\/\/211md.org\/it\/wp-json\/wp\/v2\/pages\/922\/revisions\/33743"}],"up":[{"embeddable":true,"href":"https:\/\/211md.org\/it\/wp-json\/wp\/v2\/pages\/930"}],"wp:featuredmedia":[{"embeddable":true,"href":"https:\/\/211md.org\/it\/wp-json\/wp\/v2\/media\/2004"}],"wp:attachment":[{"href":"https:\/\/211md.org\/it\/wp-json\/wp\/v2\/media?parent=922"}],"curies":[{"name":"scrivere","href":"https:\/\/api.w.org\/{rel}","templated":true}]}}