{"id":928,"date":"2021-04-15T16:49:22","date_gmt":"2021-04-15T16:49:22","guid":{"rendered":"https:\/\/211md.org\/?page_id=928"},"modified":"2025-09-02T12:08:28","modified_gmt":"2025-09-02T16:08:28","slug":"servizi-legali","status":"publish","type":"page","link":"https:\/\/211md.org\/it\/resources\/legal-services\/","title":{"rendered":"Servizi legali"},"content":{"rendered":"<img decoding=\"async\" src=\"http:\/\/211md.org\/wp-content\/uploads\/2024\/12\/Legal-handshake.jpg\" alt=\"Stretta di mano legale\" itemprop=\"image\" title=\"Stretta di mano legale\" onerror=\"this.style.display='none'\" loading=\"lazy\" \/>\n\t<p>Hai un problema legale? Anche se pu\u00f2 sembrare travolgente, per i Maryland sono disponibili assistenza legale gratuita ea basso costo e risorse.<\/p>\n<p>Mid-Shore Pro Bono, attiva nell&#039;Eastern Shore, segnala che l&#039;80% di tutte le persone che necessitano di assistenza legale per una questione civile nel Maryland non pu\u00f2 permettersela.<\/p>\n<h2>Trovare supporto legale<\/h2>\n<p>211 pu\u00f2 metterti in contatto con l&#039;assistenza legale gratuita oa basso costo di agenzie come Mid-Shore Pro Bono e altre.<\/p>\n<p>Chiama il 2-1-1. Per un caso legale specifico, puoi anche cercare queste risorse nel database 211:<\/p>\n<ul>\n<li><a href=\"https:\/\/search.211md.org\/search?query=FT-1020&amp;query_type=taxonomy&amp;query_label=&amp;query_language=en\" target=\"_blank\" rel=\"noopener\">Assistenza Certificati\/Moduli<\/a><\/li>\n<li><a href=\"https:\/\/search.211md.org\/search?query=FT-3000.1600&amp;query_type=taxonomy&amp;query_label=&amp;query_language=en\" target=\"_blank\" rel=\"noopener\">Assistenza\/esecuzione forzata per il mantenimento dei figli<\/a><\/li>\n<li><a href=\"https:\/\/search.211md.org\/search?query=FT-3600&amp;query_type=taxonomy&amp;query_label=&amp;query_language=en\" target=\"_blank\" rel=\"noopener\">Servizi legali in materia di immigrazione\/naturalizzazione<\/a><\/li>\n<li><a href=\"https:\/\/search.211md.org\/search?query=FT-3000.1640&amp;query_type=taxonomy&amp;query_label=&amp;query_language=en\" target=\"_blank\" rel=\"noopener\">Servizi di diritto di famiglia<\/a><\/li>\n<li><a href=\"https:\/\/search.211md.org\/search?query=FT-3200&amp;query_type=taxonomy&amp;query_label=&amp;query_language=en\" target=\"_blank\" rel=\"noopener\">Assistenza legale generale<\/a><\/li>\n<li><a href=\"https:\/\/search.211md.org\/search?query=FT-4500&amp;query_type=taxonomy&amp;query_label=&amp;query_language=en\" target=\"_blank\" rel=\"noopener\">Assistenza proprietario\/inquilino<\/a><\/li>\n<\/ul>\n<p><a href=\"https:\/\/peoples-law.org\/directory\" target=\"_blank\" rel=\"noopener\">La Biblioteca di diritto popolare del Maryland<\/a> contiene anche un elenco di servizi legali gratuiti o a basso costo che puoi ordinare per parola chiave, contea e categoria.<\/p>\n<p>L&#039;assistenza legale \u00e8 disponibile da gruppi Pro Bono, servizi di mediazione della comunit\u00e0, assistenza ai consumatori da parte del procuratore generale e assistenza gratuita da parte del Maryland Court Help Center.<\/p>\n\t<h2>Assistenza legale gratuita (pro bono)<\/h2>\n<p>L&#039;assistenza legale pro bono significa che l&#039;avvocato fornisce il servizio senza alcun compenso. Nella maggior parte dei casi, l&#039;assistenza legale gratuita copre solo i casi civili. Mentre alcuni dei gruppi legali volontari servono i cittadini del Maryland in tutto lo stato, in alcuni casi ci sono alcune limitazioni geografiche.<\/p>\n<ul>\n<li><strong>Servizio di avvocati volontari del Maryland (MVLS)<\/strong><br \/>\nFornisce assistenza pro bono in alcune contee dello stato. I cittadini del Maryland vengono abbinati a un avvocato volontario, un commercialista (CPA) o un agente iscritto all&#039;albo.<\/li>\n<li><strong>Assistenza legale del Maryland<\/strong><br \/>\nOgni anno forniscono assistenza a pi\u00f9 di 105.000 persone tramite cliniche e studi medici gratuiti in numerose contee del Maryland.<\/li>\n<li><strong>Mid-Shore Pro Bono<\/strong><br \/>\nFornisce assistenza legale nell&#039;Eastern Shore tramite una rete di avvocati volontari.<\/li>\n<\/ul>\n<p>Se hai bisogno di aiuto per trovare un gruppo pro bono nella tua contea, chiama il 211 per metterti in contatto e ricevere assistenza. Puoi trovare maggiori informazioni su ciascun gruppo nelle sezioni dettagliate qui sotto.<\/p>\n<h3>Servizio di avvocati volontari del Maryland (MVLS)<\/h3>\n<p>Sul &quot;<a href=\"\/it\/podcast\/podcast-episode-6-mvls\/\" rel=\"noopener\">Cos&#039;\u00e8 il podcast 211\u2033<\/a>, MVLS ha parlato dei modi in cui aiutano e di come farsi rappresentare da un avvocato pu\u00f2 cambiare l&#039;esito di un caso.<\/p>\n<p>Con una rete di oltre 2.600 avvocati volontari, MVLS dispone di esperti che possono aiutare nelle seguenti questioni civili, come:<\/p>\n<ul>\n<li aria-level=\"1\">Controversie di diritto di famiglia<\/li>\n<li aria-level=\"1\">Abitazioni e casi di consumo<\/li>\n<li aria-level=\"1\">Pianificazione e amministrazione patrimoniale<\/li>\n<li aria-level=\"1\">Sollievo dalla fedina penale<\/li>\n<li aria-level=\"1\">Problemi di imposta sul reddito<\/li>\n<\/ul>\n<p>Vedere un\u00a0<a href=\"https:\/\/mvlslaw.org\/program-descriptions\/\" target=\"_blank\" rel=\"noopener\">elenco completo dei casi accettati da MVLS<\/a><strong>.\u00a0<\/strong><\/p>\n<p>MVLS fornisce una rappresentanza completa in modo che l&#039;avvocato sar\u00e0 con te per tutta la durata del tuo caso giudiziario.<\/p>\n<h4>Ottenere assistenza da MVLS Pro Bono<\/h4>\n<p>L&#039;assistenza legale MVLS Pro Bono \u00e8 disponibile per i Maryland che soddisfano il reddito, il tipo di caso e le linee guida geografiche.<\/p>\n<p>MVLS accetta chiunque abbia un reddito familiare lordo che non superi 50% del reddito dei media del Maryland. Le linee guida sul reddito possono variare.\u00a0<a href=\"https:\/\/mvlslaw.org\/get-legal-help\/do-i-qualify\/\" target=\"_blank\" rel=\"noopener\">Vedi se sei idoneo<\/a>.<\/p>\n<p>L&#039;organizzazione no-profit non fornisce servizi nelle contee di Montgomery, Prince George&#039;s, Allegany, Queen Anne&#039;s, Talbot, Dorchester, Kent e Caroline. 211 pu\u00f2 mettervi in contatto con altre agenzie pro bono in queste aree, tra cui Mid-Shore Pro Bono.<\/p>\n<p>Puoi\u00a0<a href=\"https:\/\/mdoi.legalserver.org\/modules\/matter\/extern_intake.php?pid=126&amp;h=305b29\" target=\"_blank\" rel=\"noopener\">avviare un&#039;applicazione online<\/a>. Dovrai fornire informazioni sul reddito di tutti i membri della famiglia, il valore della tua casa (se applicabile), il valore dell&#039;auto (se applicabile) e la quantit\u00e0 di denaro nei tuoi conti correnti, di risparmio o di investimento.<\/p>\n<p>Puoi anche chiamare MVLS direttamente al numero 1-800-510-0050 o 410-547-6537 a Baltimora.<\/p>\n\t\t\t\t<img decoding=\"async\" src=\"http:\/\/211md.org\/wp-content\/uploads\/2025\/06\/Lawyer-providing-advice-at-courthouse.jpg\" alt=\"Avvocato che fornisce consulenza in tribunale\" itemprop=\"image\" title=\"Avvocato che fornisce consulenza in tribunale\" onerror=\"this.style.display='none'\" loading=\"lazy\" \/>\n<h3>Assistenza legale nel Maryland (MLA)<\/h3>\n<p>MLA offre anche aiuto in tutto lo stato a individui e comunit\u00e0 a basso reddito ed emarginati. L&#039;organizzazione lavora con il personale MLA e gli avvocati Pro Bono per rappresentare i clienti.<\/p>\n<p>Legal Aid pu\u00f2 offrire assistenza legale gratuita per quanto segue\u00a0<a href=\"https:\/\/www.mdlab.org\/get-help-services\/\" target=\"_blank\" rel=\"noopener\">cause legali civili<\/a>:<\/p>\n<ul>\n<li aria-level=\"1\">Abitazione<\/li>\n<li aria-level=\"1\">Problemi di consumo\/finanziari<\/li>\n<li aria-level=\"1\">Diritto di famiglia<\/li>\n<li aria-level=\"1\">Occupazione<\/li>\n<li aria-level=\"1\">Assistenza sanitaria<\/li>\n<li aria-level=\"1\">Benefici pubblici<\/li>\n<\/ul>\nInoltre, alcuni uffici hanno contratti speciali per aiutare in questi casi:\n<ul>\n<li aria-level=\"1\">Bambini maltrattati e trascurati<\/li>\n<li aria-level=\"1\">Clienti che affrontano problemi legali derivanti da una diagnosi di HIV\/AIDS<\/li>\n<li aria-level=\"1\">Contadini migranti<\/li>\n<li aria-level=\"1\">Proprietari di case che rischiano di perdere la casa a causa del pignoramento<\/li>\n<\/ul>\n<p>Il Maryland Legal Aid ha un&#039;assistenza continua <a href=\"https:\/\/www.mdlab.org\/free-legal-clinics\/\" target=\"_blank\" rel=\"noopener\">cliniche legali gratuite<\/a> e uffici nelle contee in cui operano: Anne Arundel, Howard, Allegany, Garrett, Baltimore City, Baltimore County, Cecil, Hartford, Howard County, Lower Eastern Shore, Midwestern Maryland, Montgomery County, Prince George&#039;s, Southern Maryland e Upper Eastern Shore.<\/p>\n<p>MLA segue le linee guida federali sul reddito di povert\u00e0.\u00a0<a href=\"https:\/\/mdlaboi.legalserver.org\/modules\/matter\/extern_intake.php?pid=129&amp;h=daa817&amp;\" target=\"_blank\" rel=\"noopener\">Applicare online<\/a>.<\/p>\n\t<h3>Mid-Shore Pro Bono<\/h3>\n<p>Sulla sponda orientale, puoi ottenere aiuto con una serie di casi come pignoramento, controversie di modesta entit\u00e0, testamenti, procure, controversie proprietario-inquilino, bancarotta, controversie contrattuali, debito dei consumatori e altro ancora attraverso <a href=\"https:\/\/midshoreprobono.org\/\" target=\"_blank\" rel=\"noopener\">Mid-Shore Pro Bono<\/a>.<\/p>\n<p>Non accettano casi che riguardano violenza domestica, mantenimento dei figli, cause penali, casi di traffico, ordini di protezione\/ordini di pace e ricorsi.<\/p>\n<p>Servono le contee di Cecil, Kent, Queen Anne&#039;s, Talbot, Caroline, Dorchester, Worcester, Somerset e Wicomico.<\/p>\n<p><a href=\"https:\/\/www.legal-trak.com\/CaseManagement\/OnlineInTake\/OnlineInTake\/2?skipPayment=true\" target=\"_blank\" rel=\"noopener\">Inizia con Mid-Shore Pro Bono<\/a>.<\/p>\n\t<h2>Proteggere i bambini abusati<\/h2>\n<p>Se un minore ha subito abusi o violenza domestica, il Dipartimento della Giustizia minorile potrebbe essere in grado di offrire aiuto al minore e al genitore protettivo non colpevole.<\/p>\n<p><a href=\"https:\/\/child-justice.org\/\" target=\"_blank\" rel=\"noopener\">Giustizia minorile<\/a> Fornisce assistenza in casi documentati di abuso, negligenza o esposizione di minori a violenza interpersonale. Possono fornire servizi di informazione e orientamento, brevi consulenze, assistenza tecnica agli avvocati, collocamento pro bono o rappresentanza in caso di ordine di protezione, diritto di famiglia e altri casi correlati.<\/p>\n<p>Puoi <a href=\"https:\/\/child-justice.org\/work\/request-help\/\" target=\"_blank\" rel=\"noopener\">compilare il modulo di ammissione<\/a> per far valutare un caso. A causa della capacit\u00e0 limitata, non possono occuparsi di tutti i casi meritevoli.<\/p>\n\t\t\t\t<img decoding=\"async\" src=\"http:\/\/211md.org\/wp-content\/uploads\/2025\/06\/Loving-mom-hugging-son.jpg\" alt=\"Mamma amorevole che abbraccia il figlio\" itemprop=\"image\" title=\"Mamma amorevole che abbraccia il figlio\" onerror=\"this.style.display='none'\" loading=\"lazy\" \/>\n<h2><b>Centro assistenza del tribunale del Maryland<\/b><\/h2>\n<p>Se rappresenti te stesso in un tribunale distrettuale o familiare, ottieni risposte a domande e risorse da <a href=\"https:\/\/mdcourts.gov\/helpcenter\/\" target=\"_blank\" rel=\"noopener\">Centri di assistenza giudiziaria<\/a>. Forniscono servizi legali gratuiti limitati per le persone non rappresentate da un avvocato. Non otterrai la rappresentanza in tribunale.<\/p>\n<p>Puoi ottenere aiuto con l&#039;espungement, <a href=\"https:\/\/211md.org\/it\/risorse\/servizi-legali\/inquilini-diritti\/\">problemi con il proprietario\/inquilino<\/a>, piccoli e grandi reclami, problemi dei consumatori come recupero crediti o recupero di auto, restituzione di propriet\u00e0 e violenza domestica\/ordinanze di pace.<\/p>\n<p>Trova un\u00a0<a href=\"https:\/\/mdcourts.gov\/html\/selfhelpcenters\/map.html\" target=\"_blank\" rel=\"noopener\">Centro assistenza giudiziaria<\/a>\u00a0vicino a te o chiama il 410-260-1392.<\/p>\n<h3>Risorse legali<\/h3>\n<p>Puoi anche ottenere assistenza legale dal\u00a0<a href=\"https:\/\/probonomd.org\/for-legal-help\/\" target=\"_blank\" rel=\"noopener\">Centro risorse pro bono del Maryland<\/a>. Ancora una volta, gli avvocati non saranno forniti per i casi. Tuttavia, puoi frequentare una clinica per chiedere aiuto su un problema specifico.<\/p>\n<p>Il<a href=\"https:\/\/peoples-law.org\/\" target=\"_blank\" rel=\"noopener\">\u00a0Biblioteca di diritto popolare del Maryland\u00a0<\/a>ha anche informazioni gratuite per aiutarti ad affrontare dozzine di problemi legali che vanno dalla protezione dei consumatori, all&#039;occupazione, al diritto di famiglia, ai diritti civili, all&#039;immigrazione, all&#039;alloggio e altro ancora.<\/p>\n<p>&nbsp;<\/p>\n<h2>Controversie dei consumatori<\/h2>\n<p>Hai un reclamo su un&#039;attivit\u00e0 di organizzazione? Puoi<a href=\"https:\/\/www.marylandattorneygeneral.gov\/pages\/cpd\/complaint.aspx\" target=\"_blank\" rel=\"noopener\"> presentare un reclamo alla divisione per la protezione dei consumatori del procuratore generale del Maryland<\/a> cercare di mediare la denuncia.<\/p>\n<p>Lo stato del Maryland ha anche una guida alle risorse per il recupero crediti per le persone che sono state citate in giudizio presso il tribunale distrettuale del Maryland per un debito al consumo inferiore a $5,000. <a href=\"https:\/\/debtcollectionmaryland.org\/\" target=\"_blank\" rel=\"noopener\">Collegati alle risorse<\/a>.<\/p>\n<p>&nbsp;<\/p>\n\t<h2>Servizi di mediazione<\/h2>\n<p>Se hai una controversia con qualcuno o un&#039;azienda, il sistema giudiziario potrebbe non essere il tuo unico problema. Potresti essere in grado di mediare la situazione ed evitare il tribunale e un possibile processo.<\/p>\n<p>La mediazione \u00e8 una forma di processo di risoluzione alternativa delle controversie, che utilizza uno o pi\u00f9 mediatori terzi addestrati per cercare di raggiungere un accordo. Nella maggior parte dei casi, non \u00e8 possibile utilizzare ci\u00f2 che viene discusso nella mediazione in tribunale, anche se ci sono alcune eccezioni. Tuttavia, la mediazione non ti impedisce di adire il tribunale se non riesci a raggiungere una soluzione.<\/p>\n<p>I tribunali del Maryland hanno a <a href=\"https:\/\/www.mdcourts.gov\/legalhelp\/mediationadr\" target=\"_blank\" rel=\"noopener\">serie di video che descrivono in dettaglio come funziona la mediazione<\/a>.<\/p>\n<p>Puoi usare un <a href=\"https:\/\/www.mdcourts.gov\/sites\/default\/files\/import\/macro\/pdfs\/mdcommunitymediationcenters.pdf\" target=\"_blank\" rel=\"noopener\">mediatore di comunit\u00e0 nella tua contea<\/a>, UN <a href=\"https:\/\/www.mdcourts.gov\/macro\/mediatordirectory\" target=\"_blank\" rel=\"noopener\">mediatore privato<\/a>e la maggior parte dei tribunali circoscrizionali del Maryland dispone anche di un elenco di mediatori approvati per i casi che possono essere mediati.<\/p>\n\t\t\t\t<img decoding=\"async\" src=\"http:\/\/211md.org\/wp-content\/uploads\/2025\/06\/Mediation-services.jpg\" alt=\"Servizi di mediazione\" itemprop=\"image\" title=\"Servizi di mediazione\" onerror=\"this.style.display='none'\" loading=\"lazy\" \/>\n<h2>Informazioni correlate<\/h2>\n<p><a title=\"Essere un padrone di casa\" href=\"https:\/\/211md.org\/it\/risorse\/servizi-legali\/essere-un-padrone-di-casa\/\">Essere un padrone di casa<\/a><\/p>\n<p><a title=\"Supporto per i figli\" href=\"https:\/\/211md.org\/it\/risorse\/servizi-legali\/mantenimento-dei-figli\/\">Supporto per i figli<\/a><\/p>\n<p><a href=\"https:\/\/211md.org\/it\/risorse\/servizi-legali\/inquilini-diritti\/\">Controversie tra proprietari<\/a><\/p>\n\t<h2>esplorare i programmi di assistenza<\/h2>\n<p>Scopri di pi\u00f9 sui programmi di assistenza e su come contattare il supporto.<\/p>\n\t\t<h3><a href=\"\/it\/risorse\/cibo\/\" target=\"_self\">Cibo<\/a><\/h3><p>Cibo gratis vicino a me, dispense, SNAP, WIC, risparmi sulla spesa<\/p>\n<a href=\"\/it\/risorse\/cibo\/\"  target=\"_self\">Saperne di pi\u00f9<\/a>\t\n\t\t\t\t<a href=\"\/it\/risorse\/cibo\/\"  target=\"_self\" itemprop=\"url\">\n\t\t\t\t<img decoding=\"async\" src=\"https:\/\/211md.org\/wp-content\/uploads\/bb-plugin\/cache\/2025_MdInfoNet_Icon-Sets-white_food-square-dfa1c607bcdb6b34735ae61e84e21386-.png\" alt=\"2025_MdInfoNet_Icon Sets-white_food\" itemprop=\"image\" title=\"2025_MdInfoNet_Icon Sets-white_food\" onerror=\"this.style.display='none'\" loading=\"lazy\" \/>\n\t\t\t\t<\/a>\n\t\t<h3><a href=\"\/it\/risorse\/utilita-assistenza\/\" target=\"_self\">Utilit\u00e0<\/a><\/h3><p>Programmi di assistenza per le bollette di elettricit\u00e0, gas e acqua<\/p>\n<a href=\"\/it\/risorse\/utilita-assistenza\/\"  target=\"_self\">Saperne di pi\u00f9<\/a>\t\n\t\t\t\t<a href=\"\/it\/risorse\/utilita-assistenza\/\"  target=\"_self\" itemprop=\"url\">\n\t\t\t\t<img decoding=\"async\" src=\"https:\/\/211md.org\/wp-content\/uploads\/bb-plugin\/cache\/2025_MdInfoNet_Icon-Sets-white_Utilities-square-485aa1950491235898117da61fd0a70a-.png\" alt=\"2025_MdInfoNet_Icon Sets-white_Utilities\" itemprop=\"image\" title=\"2025_MdInfoNet_Icon Sets-white_Utilities\" onerror=\"this.style.display='none'\" loading=\"lazy\" \/>\n\t\t\t\t<\/a>\n\t\t\t\t<a href=\"\/it\/risorse\/alloggio-rifugio\/\"  target=\"_self\" itemprop=\"url\">\n\t\t\t\t<img decoding=\"async\" src=\"https:\/\/211md.org\/wp-content\/uploads\/bb-plugin\/cache\/2025_MdInfoNet_Icon-Sets-white_Housing-square-5b4ab26c33cdf5bd88fd6164be4cc0b8-.png\" alt=\"2025_MdInfoNet_Icon Sets-white_Housing\" itemprop=\"image\" title=\"2025_MdInfoNet_Icon Sets-white_Housing\" onerror=\"this.style.display='none'\" loading=\"lazy\" \/>\n\t\t\t\t<\/a>\n\t\t<h3><a href=\"\/it\/risorse\/alloggio-rifugio\/\" target=\"_self\">Abitazione<\/a><\/h3><p>Pagamenti di affitto, prevenzione degli sfratti, rifugi per senzatetto<\/p>\n<a href=\"\/it\/risorse\/alloggio-rifugio\/\"  target=\"_self\">Saperne di pi\u00f9<\/a>\t\n\t\t\t\t<a href=\"\/it\/risorse\/nuovo-per-gli-stati-uniti-e-maryland\/\"  target=\"_self\" itemprop=\"url\">\n\t\t\t\t<img decoding=\"async\" src=\"https:\/\/211md.org\/wp-content\/uploads\/bb-plugin\/cache\/2025_MdInfoNet_Icon-Sets-white_Immigration-square-71ef90812193ac6d0e3edc3e61891f7f-.png\" alt=\"2025_MdInfoNet_Icon Sets-white_Immigration\" itemprop=\"image\" title=\"2025_MdInfoNet_Icon Sets-white_Immigration\" onerror=\"this.style.display='none'\" loading=\"lazy\" \/>\n\t\t\t\t<\/a>\n\t\t<h3><a href=\"\/it\/risorse\/nuovo-per-gli-stati-uniti-e-maryland\/\" target=\"_self\">Immigrazione<\/a><\/h3><p>Aiuto all&#039;immigrazione per i nuovi americani e i rifugiati<\/p>\n<a href=\"\/it\/risorse\/nuovo-per-gli-stati-uniti-e-maryland\/\"  target=\"_self\">Saperne di pi\u00f9<\/a>\t\n\t\t<h4><a href=\"\/it\/risorse\/invecchiamento-disabilita\/\" target=\"_self\">Invecchiamento e disabilit\u00e0<\/a><\/h4>\n\t\t\t\t<a href=\"\/it\/risorse\/invecchiamento-disabilita\/\"  target=\"_self\" itemprop=\"url\">\n\t\t\t\t<img decoding=\"async\" src=\"https:\/\/211md.org\/wp-content\/uploads\/bb-plugin\/cache\/2025_MdInfoNet_Icon-Sets_Aging-disability-square-c466727102cae71e5f27b8539bb51945-.png\" alt=\"2025_MdInfoNet_Set di icone_Invecchiamento-disabilit\u00e0\" itemprop=\"image\" title=\"2025_MdInfoNet_Set di icone_Invecchiamento-disabilit\u00e0\" onerror=\"this.style.display='none'\" loading=\"lazy\" \/>\n\t\t\t\t<\/a>\n\t\t<h4><a href=\"https:\/\/211md.org\/it\/risorse\/bambini-famiglie\/\" target=\"_blank\" rel=\"noopener\">Bambini e famiglie<\/a><\/h4>\n\t\t\t\t<a href=\"https:\/\/211md.org\/it\/risorse\/bambini-famiglie\/\" target=\"_blank\" rel=\"noopener\" itemprop=\"url\">\n\t\t\t\t<img decoding=\"async\" src=\"https:\/\/211md.org\/wp-content\/uploads\/bb-plugin\/cache\/2025_MdInfoNet_Icon-Sets_Child-Care-square-a9a0002f8a1c05e3f89f8b914f61699f-.png\" alt=\"\" itemprop=\"image\" onerror=\"this.style.display='none'\" loading=\"lazy\" \/>\n\t\t\t\t<\/a>\n\t\t<h4><a href=\"\/it\/risorse\/violenza-domestica-familiare\/\" target=\"_self\">Violenza domestica<\/a><\/h4>\n\t\t\t\t<a href=\"\/it\/risorse\/violenza-domestica-familiare\/\"  target=\"_self\" itemprop=\"url\">\n\t\t\t\t<img decoding=\"async\" src=\"https:\/\/211md.org\/wp-content\/uploads\/bb-plugin\/cache\/2025_MdInfoNet_Icon-Sets_Protection-square-ed94a34c5cb05f036201f3e0966332c1-.png\" alt=\"2025_MdInfoNet_Icon Sets_Protezione\" itemprop=\"image\" title=\"2025_MdInfoNet_Icon Sets_Protezione\" onerror=\"this.style.display='none'\" loading=\"lazy\" \/>\n\t\t\t\t<\/a>\n\t\t<h4><a href=\"\/it\/risorse\/ricerca-occupazione\/\" target=\"_self\">Occupazione<\/a><\/h4>\n\t\t\t\t<a href=\"\/it\/risorse\/ricerca-occupazione\/\"  target=\"_self\" itemprop=\"url\">\n\t\t\t\t<img decoding=\"async\" src=\"https:\/\/211md.org\/wp-content\/uploads\/bb-plugin\/cache\/2025_MdInfoNet_Icon-Sets_Employment-square-44707bd410e4df10a470bf130ebcea86-.png\" alt=\"2025_MdInfoNet_Set di icone_Occupazione\" itemprop=\"image\" title=\"2025_MdInfoNet_Set di icone_Occupazione\" onerror=\"this.style.display='none'\" loading=\"lazy\" \/>\n\t\t\t\t<\/a>\n\t\t<h4><a href=\"\/it\/risorse\/assistenza-sanitaria\/\" target=\"_self\">Assistenza sanitaria<\/a><\/h4>\n\t\t\t\t<a href=\"\/it\/risorse\/assistenza-sanitaria\/\"  target=\"_self\" itemprop=\"url\">\n\t\t\t\t<img decoding=\"async\" src=\"https:\/\/211md.org\/wp-content\/uploads\/bb-plugin\/cache\/2025_MdInfoNet_Icon-Sets_Health-Care-square-dee98a0060cbe0e7f27eda253fc12679-.png\" alt=\"2025_MdInfoNet_Set di icone_Assistenza sanitaria\" itemprop=\"image\" title=\"2025_MdInfoNet_Set di icone_Assistenza sanitaria\" onerror=\"this.style.display='none'\" loading=\"lazy\" \/>\n\t\t\t\t<\/a>\n\t\t<h4><a href=\"\/it\/risorse\/bambini-famiglie\/parentela-cura\/\" target=\"_self\">Parentela<\/a><\/h4>\n\t\t\t\t<a href=\"\/it\/risorse\/bambini-famiglie\/parentela-cura\/\"  target=\"_self\" itemprop=\"url\">\n\t\t\t\t<img decoding=\"async\" src=\"https:\/\/211md.org\/wp-content\/uploads\/bb-plugin\/cache\/2025_MdInfoNet_Icon-Sets_Community-square-4956d72cf95aef42b6ee5fc6feb149ef-.png\" alt=\"2025_MdInfoNet_Set di icone_Comunit\u00e0\" itemprop=\"image\" title=\"2025_MdInfoNet_Set di icone_Comunit\u00e0\" onerror=\"this.style.display='none'\" loading=\"lazy\" \/>\n\t\t\t\t<\/a>\n\t\t<h4><a href=\"\/it\/risorse\/servizi-legali\/\" target=\"_self\">Servizi legali<\/a><\/h4>\n\t\t\t\t<a href=\"\/it\/risorse\/servizi-legali\/\"  target=\"_self\" itemprop=\"url\">\n\t\t\t\t<img decoding=\"async\" src=\"https:\/\/211md.org\/wp-content\/uploads\/bb-plugin\/cache\/2025_MdInfoNet_Icon-Sets_Legal-square-18fdf438feb8435588174d9046463257-.png\" alt=\"2025_MdInfoNet_Set di icone_Legale\" itemprop=\"image\" title=\"2025_MdInfoNet_Set di icone_Legale\" onerror=\"this.style.display='none'\" loading=\"lazy\" \/>\n\t\t\t\t<\/a>\n\t\t<h4><a href=\"\/it\/risorse\/salute-mentale\/\" target=\"_self\">Salute mentale<\/a><\/h4>\n\t\t\t\t<a href=\"\/it\/risorse\/salute-mentale\/\"  target=\"_self\" itemprop=\"url\">\n\t\t\t\t<img decoding=\"async\" src=\"https:\/\/211md.org\/wp-content\/uploads\/bb-plugin\/cache\/2025_MdInfoNet_Icon-Sets_Mental-Health-square-c59b38c4a993a947d4c9280fbe2d2fee-.png\" alt=\"2025_MdInfoNet_Set di icone_Salute mentale\" itemprop=\"image\" title=\"2025_MdInfoNet_Set di icone_Salute mentale\" onerror=\"this.style.display='none'\" loading=\"lazy\" \/>\n\t\t\t\t<\/a>\n\t\t<h4><a href=\"\/it\/risorse\/mdreentry\/\" target=\"_self\">Rientro<\/a><\/h4>\n\t\t\t\t<a href=\"\/it\/risorse\/mdreentry\/\"  target=\"_self\" itemprop=\"url\">\n\t\t\t\t<img decoding=\"async\" src=\"https:\/\/211md.org\/wp-content\/uploads\/bb-plugin\/cache\/2025_MdInfoNet_Icon-Sets_Partnership-square-daedf11c7eeda165b0fe97a4a84b80e0-.png\" alt=\"2025_MdInfoNet_Set di icone_Partnership\" itemprop=\"image\" title=\"2025_MdInfoNet_Set di icone_Partnership\" onerror=\"this.style.display='none'\" loading=\"lazy\" \/>\n\t\t\t\t<\/a>\n\t\t<h4><a href=\"\/it\/risorse\/uso-di-sostanze\/\" target=\"_self\">Uso di sostanze<\/a><\/h4>\n\t\t\t\t<a href=\"\/it\/risorse\/uso-di-sostanze\/\"  target=\"_self\" itemprop=\"url\">\n\t\t\t\t<img decoding=\"async\" src=\"https:\/\/211md.org\/wp-content\/uploads\/bb-plugin\/cache\/2025_MdInfoNet_Icon-Sets_Substance-Abuse-square-9022fec9d18a64118ad685c101885b55-.png\" alt=\"2025_MdInfoNet_Icon Sets_Abuso di sostanze\" itemprop=\"image\" title=\"2025_MdInfoNet_Icon Sets_Abuso di sostanze\" onerror=\"this.style.display='none'\" loading=\"lazy\" \/>\n\t\t\t\t<\/a>\n\t\t<h4><a href=\"\/it\/risorse\/veterani\/\" target=\"_self\">Veterani<\/a><\/h4>\n\t\t\t\t<a href=\"\/it\/risorse\/veterani\/\"  target=\"_self\" itemprop=\"url\">\n\t\t\t\t<img decoding=\"async\" src=\"https:\/\/211md.org\/wp-content\/uploads\/bb-plugin\/cache\/2025_MdInfoNet_Icon-Sets_Rating-square-6e60d00cce4faa8e0a6d4ad7366aa733-.png\" alt=\"2025_MdInfoNet_Set di icone_Valutazione\" itemprop=\"image\" title=\"2025_MdInfoNet_Set di icone_Valutazione\" onerror=\"this.style.display='none'\" loading=\"lazy\" \/>\n\t\t\t\t<\/a>","protected":false},"excerpt":{"rendered":"<p>Hai un problema legale? Anche se pu\u00f2 sembrare complicato, ci sono risorse e assistenza legale gratuite e a basso costo disponibili per i cittadini del Maryland. Mid-Shore Pro Bono, che opera nella zona orientale del Maryland, segnala che l&#039;80% di tutte le persone che necessitano di assistenza legale per una questione civile nel Maryland non pu\u00f2 permettersela. Trovare supporto legale 211\u2026<\/p>","protected":false},"author":8,"featured_media":1905,"parent":930,"menu_order":0,"comment_status":"closed","ping_status":"closed","template":"","meta":{"footnotes":""},"class_list":["post-928","page","type-page","status-publish","has-post-thumbnail","hentry"],"_links":{"self":[{"href":"https:\/\/211md.org\/it\/wp-json\/wp\/v2\/pages\/928","targetHints":{"allow":["GET"]}}],"collection":[{"href":"https:\/\/211md.org\/it\/wp-json\/wp\/v2\/pages"}],"about":[{"href":"https:\/\/211md.org\/it\/wp-json\/wp\/v2\/types\/page"}],"author":[{"embeddable":true,"href":"https:\/\/211md.org\/it\/wp-json\/wp\/v2\/users\/8"}],"replies":[{"embeddable":true,"href":"https:\/\/211md.org\/it\/wp-json\/wp\/v2\/comments?post=928"}],"version-history":[{"count":3,"href":"https:\/\/211md.org\/it\/wp-json\/wp\/v2\/pages\/928\/revisions"}],"predecessor-version":[{"id":33658,"href":"https:\/\/211md.org\/it\/wp-json\/wp\/v2\/pages\/928\/revisions\/33658"}],"up":[{"embeddable":true,"href":"https:\/\/211md.org\/it\/wp-json\/wp\/v2\/pages\/930"}],"wp:featuredmedia":[{"embeddable":true,"href":"https:\/\/211md.org\/it\/wp-json\/wp\/v2\/media\/1905"}],"wp:attachment":[{"href":"https:\/\/211md.org\/it\/wp-json\/wp\/v2\/media?parent=928"}],"curies":[{"name":"scrivere","href":"https:\/\/api.w.org\/{rel}","templated":true}]}}