{"id":958,"date":"2021-04-15T19:32:27","date_gmt":"2021-04-15T19:32:27","guid":{"rendered":"https:\/\/211md.org\/?page_id=958"},"modified":"2026-03-04T10:43:10","modified_gmt":"2026-03-04T15:43:10","slug":"veterani","status":"publish","type":"page","link":"https:\/\/211md.org\/it\/resources\/veterans\/","title":{"rendered":"Veterani"},"content":{"rendered":"<figure data-animation-delay=\"0\" data-animation-duration=\"1\" itemscope itemtype=\"https:\/\/schema.org\/ImageObject\">\n\t\t\t\t<img decoding=\"async\" src=\"https:\/\/stg-maryland211-staging.kinsta.cloud\/wp-content\/uploads\/2025\/08\/5-1-scaled.png\" alt=\"5\" height=\"692\" width=\"2560\" title=\"5\" onerror=\"this.style.display='none'\" loading=\"lazy\" \/>\n\t<\/figure>\n\t\t<p>Sono numerosi i vantaggi a cui possono avere diritto i veterani, i militari e le loro famiglie. <\/p>\n<p>Per orientarsi nel labirinto delle risorse, chiamare il 211 per parlare con uno specialista in informazioni e segnalazioni o iniziare con un <a href=\"https:\/\/www.va.gov\/REACH\/\" target=\"_blank\" rel=\"noopener\">autovalutazione<\/a> dal Dipartimento per gli Affari dei Veterani.<\/p>\n<p>Esplora le risorse per affrontare le sfide legate alla tua carriera, istruzione, lutto, perdita, depressione, isolamento, finanze, relazioni, disabilit\u00e0, transizioni di vita e altro ancora.<\/p>\n\t\t\t<a href=\"#start\"  target=\"_self\">\n\t\t\t\t\t\tPer iniziare\n\t\t\t\t\t<\/a>\n<figure data-animation-delay=\"0\" data-animation-duration=\"1\" itemscope itemtype=\"https:\/\/schema.org\/ImageObject\">\n\t\t\t\t<img decoding=\"async\" src=\"https:\/\/211md.org\/wp-content\/plugins\/bb-plugin\/img\/pixel.png\" alt=\"\" onerror=\"this.style.display='none'\" loading=\"lazy\" \/>\n\t<\/figure>\n<figure data-animation-delay=\"0\" data-animation-duration=\"1.3\" itemscope itemtype=\"https:\/\/schema.org\/ImageObject\">\n\t\t\t\t<img decoding=\"async\" src=\"https:\/\/stg-maryland211-staging.kinsta.cloud\/wp-content\/uploads\/2025\/08\/16.png\" alt=\"16\" height=\"1000\" width=\"1000\" title=\"16\" onerror=\"this.style.display='none'\" loading=\"lazy\" \/>\n\t<\/figure>\n<figure data-animation-delay=\"0\" data-animation-duration=\"1\" itemscope itemtype=\"https:\/\/schema.org\/ImageObject\">\n\t\t\t\t<img decoding=\"async\" src=\"http:\/\/211md.org\/wp-content\/uploads\/2025\/10\/two-older-veterans-helping-each-other-at-park.jpg\" alt=\"due veterani anziani si aiutano a vicenda al parco\" title=\"due veterani anziani si aiutano a vicenda al parco\" onerror=\"this.style.display='none'\" loading=\"lazy\" \/>\n\t<\/figure>\n\t<h2>Servizi per i veterani: da dove iniziare<\/h2>\n<p>Il\u00a0<a href=\"https:\/\/veterans.maryland.gov\/\" target=\"_blank\" rel=\"noopener\">Dipartimento per gli affari dei veterani del Maryland<\/a> dispone di funzionari di servizio locali che possono aiutare i veterani e le persone a carico aventi diritto a ottenere benefici. Trova un\u00a0<a href=\"https:\/\/veterans.maryland.gov\/maryland-department-of-veterans-affairs-service-benefits-program\/\" target=\"_blank\" rel=\"noopener\">ufficio vicino a te<\/a>.\u00a0<\/p>\n<p>Per parlare con qualcuno del programma di servizio, chiama il numero 800-446-4926, int. 6450.\u00a0<\/p>\n<p>In molti casi, quando si cercano informazioni sui benefici VA federali, \u00e8 meglio contattare l&#039;ufficio locale per i benefici, che fornir\u00e0 screening e assistenza per entrare in contatto con i programmi per i quali si \u00e8 idonei.\u00a0<a href=\"https:\/\/www.benefits.va.gov\/benefits\/offices.asp\" target=\"_blank\" rel=\"noopener\">Trova un ufficio locale vicino a te<\/a>\u00a0o chiama il numero 1-800-827-1000.\u00a0<\/p>\n<p>Ci sono anche diverse risorse nel database 211.\u00a0\u00a0<\/p>\n<ul>\n<li><a href=\"https:\/\/search.211md.org\/search?query=FT-1000.9000&amp;query_type=taxonomy&amp;query_label=\" target=\"_blank\" rel=\"noopener\">Assistenza ai benefici per i veterani<\/a><\/li>\n<li data-leveltext=\"\uf0b7\" data-font=\"Symbol\" data-listid=\"7\" aria-setsize=\"-1\" data-aria-posinset=\"1\" data-aria-level=\"1\"><a href=\"https:\/\/search.211md.org\/search?query=NS-1800.9000&amp;query_type=taxonomy&amp;query_label=\" target=\"_blank\" rel=\"noopener\">Risarcimento per veterani e prestazioni pensionistiche<\/a><\/li>\n<\/ul>\n\t\t<figure itemscope itemtype=\"https:\/\/schema.org\/ImageObject\">\n\t\t\t\t<img decoding=\"async\" src=\"https:\/\/stg-maryland211-staging.kinsta.cloud\/wp-content\/uploads\/2025\/08\/2025_MdInfoNet_Icon-Sets-white_Locate.png\" alt=\"\" onerror=\"this.style.display='none'\" loading=\"lazy\" \/>\n\t<\/figure>\n<h2>Trova risorse per veterani<\/h2><p>Search the 211 Community Resource Database for Veteran-related resources.<\/p>\n\t\t\t<a href=\"https:\/\/search.211md.org\/search?query=FT-1000.9000&#038;query_type=taxonomy&#038;query_label=\" target=\"_blank\" rel=\"noopener\">\n\t\t\t\t\t\t\taiuto con i benefici per i veterani\n\t\t\t\t\t<\/a>\n\t\t\t<a href=\"https:\/\/search.211md.org\/search?query=NS-1800.9000&#038;query_type=taxonomy&#038;query_label=\" target=\"_blank\" rel=\"noopener\">\n\t\t\t\t\t\t\tcompenso e benefici\n\t\t\t\t\t<\/a>\n\t\t\t<a href=\"https:\/\/search.211md.org\/search?query=TM-5100&#038;query_type=taxonomy&#038;query_label=\" target=\"_blank\" rel=\"noopener\">\n\t\t\t\t\t\t\tCentri di sostegno alla famiglia\n\t\t\t\t\t<\/a>\n<figure data-animation-delay=\"0\" data-animation-duration=\"1\" itemscope itemtype=\"https:\/\/schema.org\/ImageObject\">\n\t\t\t\t<img decoding=\"async\" src=\"http:\/\/211md.org\/wp-content\/uploads\/2025\/10\/Veteran-family-supporting-each-other.jpg\" alt=\"Famiglie di veterani che si sostengono a vicenda\" title=\"Famiglie di veterani che si sostengono a vicenda\" onerror=\"this.style.display='none'\" loading=\"lazy\" \/>\n\t<\/figure>\n\t<h3><b>Supporto generale<\/b>\u00a0<\/h3>\n<p>I fondi del Dipartimento della Difesa\u00a0<a href=\"https:\/\/www.militaryonesource.mil\/\" target=\"_blank\" rel=\"noopener\">OneSource militare<\/a>, che offre consulenze personalizzate, coaching e consulenza non medica per servizi fiscali, gestione del denaro, genitorialit\u00e0 e assistenza all&#039;infanzia, aiuto per l&#039;occupazione, webinar, strumenti di distribuzione del trasferimento e altro ancora.\u00a0\u00a0<\/p>\n<p>Molti membri del personale di Military OneSource hanno esperienza militare (veterani, coniugi, guardie, riservisti) e tutti ricevono una formazione continua su questioni militari e stile di vita militare.\u00a0<\/p>\n<p>Il <a href=\"https:\/\/www.redcross.org\/get-help\/military-families\/services-for-veterans.html\" target=\"_blank\" rel=\"noopener\">Croce Rossa americana<\/a> supporta anche i veterani, i militari e le loro famiglie durante e dopo gli schieramenti. Offrono assistenza finanziaria, aiutano con le richieste e i benefici dei veterani e forniscono comunicazioni cruciali in caso di situazione di emergenza durante uno schieramento.<\/p>\n\t<h2>Consulenza per i veterani e la loro famiglia<\/h2>\n<p>Ce ne sono diversi <a href=\"https:\/\/211md.org\/it\/risorse\/veterani\/salute-mentale-per-veterani\/\">programmi di salute mentale<\/a> per i veterani e le loro famiglie nel Maryland.<\/p>\n<p><a href=\"https:\/\/health.maryland.gov\/bha\/veterans\/\" target=\"_blank\" rel=\"noopener\">L&#039;impegno del Maryland nei confronti dei veterani<\/a> (MCV) collega i membri del servizio del Maryland, i veterani e le loro famiglie al supporto per la salute mentale e l&#039;abuso di sostanze. L&#039;organizzazione aiuta con varie esigenze, dalla salute comportamentale all&#039;alloggio, indipendentemente dallo stato di dimissione o dall&#039;era di servizio.<\/p>\n<p>L&#039;organizzazione offre servizi di riferimento, supporto tra pari, finanziamento di crisi, prevenzione del suicidio, formazione e istruzione e check-in settimanali o bisettimanali tramite MCV Operation Roll Call.<\/p>\n<p><a href=\"\/it\/podcast\/podcast-episode-4-veterans\/\" rel=\"noopener\">Leggi la trascrizione o ascolta<\/a>\u00a0al podcast &quot;Che cos&#039;\u00e8 il 211&quot; per saperne di pi\u00f9 sui programmi offerti dall&#039;Impegno per i Veterani del Maryland.\u00a0<\/p>\n<p>I coordinatori regionali delle risorse lavorano con il VA Healthcare System, i fornitori della comunit\u00e0 e le organizzazioni non profit che offrono assistenza.\u00a0<\/p>\n<p>I membri del servizio, i veterani e i familiari possono contattare MCV chiamando il numero 877-770-4801.\u00a0<\/p>\n<h3>In crisi? Ottieni supporto ora<\/h3>\n<p>Se sei un membro del servizio, un veterano o un membro della famiglia e sei in crisi o hai pensieri suicidi, chiama il 988 e premi 1 per parlare con qualcuno della Veterans Crisis Line.<\/p>\n<p>Puoi anche <a href=\"http:\/\/veteranscrisisline.net\/Chat\" target=\"_blank\" rel=\"noopener\">chattare in linea<\/a> con la Veterans Crisis Line.\u00a0<\/p>\n<figure data-animation-delay=\"0\" data-animation-duration=\"1\" itemscope itemtype=\"https:\/\/schema.org\/ImageObject\">\n\t\t\t\t<img decoding=\"async\" src=\"http:\/\/211md.org\/wp-content\/uploads\/2025\/10\/veteran-hugging-a-dog.jpg\" alt=\"veterano che abbraccia un cane\" title=\"veterano che abbraccia un cane\" onerror=\"this.style.display='none'\" loading=\"lazy\" \/>\n\t<\/figure>\n<h3>Guerrieri feriti<\/h3>\n<p>In linea con la loro visione di contribuire a \u201cpromuovere la generazione di soldati feriti di maggior successo e ben adattata nella storia della nostra nazione\u201d,\u00a0<a href=\"https:\/\/woundedwarriorproject.org\/\" target=\"_blank\" rel=\"noopener\">Progetto Guerriero Ferito<\/a> ha diversi programmi progettati per supportare la mente e il corpo e incoraggiare l&#039;empowerment e l&#039;impegno economico.\u00a0\u00a0<\/p>\n<p>I loro programmi sono incentrati sull&#039;assistenza ai veterani feriti a partire dall&#039;11 settembre 2001. In molti casi, anche i familiari dei guerrieri feriti sono incoraggiati a partecipare.\u00a0<\/p>\n<p>L&#039;ufficio locale che serve il Maryland si trova a Washington DC e pu\u00f2 essere raggiunto al numero 202-558-4301.\u00a0<\/p>\n<h2>Senzatetto<\/h2>\n<p>Se sei un veterano a rischio di diventare senzatetto o ti trovi gi\u00e0 in quella situazione, chiama il 211 per trovare programmi locali che possano aiutarti con i bisogni immediati e <a href=\"https:\/\/211md.org\/it\/risorse\/veterani\/alloggio-aiuto-per-veterani\/\">sostegno abitativo a lungo termine<\/a>.<\/p>\n<p>I veterani possono anche ottenere supporto dal <a href=\"https:\/\/www.va.gov\/HOMELESS\/NationalCallCenter.asp\" target=\"_blank\" rel=\"noopener\">Call Center nazionale per i veterani senza fissa dimora<\/a>. I consulenti qualificati sono disponibili 24 ore su 24, 7 giorni su 7, 365 giorni all&#039;anno per offrire supporto. Chiama il numero 1-877-4AID-VET (877-424-3838). Forniranno informazioni sui programmi per i senzatetto VA, sull&#039;assistenza sanitaria e su altri servizi.\u00a0\u00a0<\/p>\n<h2>\n\t\t\tInformazioni aggiuntive sui veterani\t<\/h2>\n<figure itemscope itemtype=\"https:\/\/schema.org\/ImageObject\">\n\t\t\t\t<img decoding=\"async\" src=\"https:\/\/211md.org\/wp-content\/plugins\/bb-plugin\/img\/pixel.png\" alt=\"\" onerror=\"this.style.display='none'\" loading=\"lazy\" \/>\n\t<\/figure>\n\t\t<figure itemscope itemtype=\"https:\/\/schema.org\/ImageObject\">\n\t\t\t\t<img decoding=\"async\" src=\"https:\/\/211md.org\/wp-content\/uploads\/bb-plugin\/cache\/Call-center-specialst-circle-4e9ecd7b3425be4576416abc911049bb-.jpg\" alt=\"Specialista del call center\" title=\"Specialista del call center\" onerror=\"this.style.display='none'\" loading=\"lazy\" \/>\n\t<\/figure>\n<h2>Chiama il 211<\/h2><p>Parla con una persona premurosa e compassionevole 24 ore su 24, 7 giorni su 7. Pu\u00f2 anche metterti in contatto con delle risorse.\u00a0<\/p>\n\t\t\t<a href=\"tel:%20+211\"  target=\"_blank\" rel=\"noopener\">\n\t\t\t\t\t\tChiama il 211 (cellulare)\n\t\t\t\t\t<\/a>\n\t\t<h4><a href=\"\/it\/risorse\/invecchiamento-disabilita\/?utm_source=Home&#038;utm_medium=Referral&#038;utm_campaign=211Resources&#038;utm_content=Aging\" target=\"_self\">Invecchiamento e disabilit\u00e0<\/a><\/h4><figure itemscope itemtype=\"https:\/\/schema.org\/ImageObject\">\n\t\t\t\t<a href=\"\/it\/risorse\/invecchiamento-disabilita\/?utm_source=Home&#038;utm_medium=Referral&#038;utm_campaign=211Resources&#038;utm_content=Aging\"  target=\"_self\" itemprop=\"url\">\n\t\t\t\t<img decoding=\"async\" src=\"https:\/\/211md.org\/wp-content\/uploads\/bb-plugin\/cache\/2025_MdInfoNet_Icon-Sets_Aging-disability-square-c466727102cae71e5f27b8539bb51945-.png\" alt=\"\" onerror=\"this.style.display='none'\" loading=\"lazy\" \/>\n\t\t\t\t<\/a>\n\t<\/figure>\n\t\t<h4><a href=\"\/it\/risorse\/bambini-famiglie\/?utm_source=Home&#038;utm_medium=Referral&#038;utm_campaign=211Resources&#038;utm_content=Children\" target=\"_self\">Bambini e famiglie<\/a><\/h4><figure itemscope itemtype=\"https:\/\/schema.org\/ImageObject\">\n\t\t\t\t<a href=\"\/it\/risorse\/bambini-famiglie\/?utm_source=Home&#038;utm_medium=Referral&#038;utm_campaign=211Resources&#038;utm_content=Children\"  target=\"_self\" itemprop=\"url\">\n\t\t\t\t<img decoding=\"async\" src=\"https:\/\/211md.org\/wp-content\/uploads\/bb-plugin\/cache\/2025_211_Icon-Sets_Child-care-square-f3b0d4edab3dcc467fadb5f55f4064c6-.png\" alt=\"parent and child icon for child care\" height=\"417\" width=\"417\" title=\"2025_211_Set di icone_Assistenza all&#039;infanzia\" onerror=\"this.style.display='none'\" loading=\"lazy\" \/>\n\t\t\t\t<\/a>\n\t<\/figure>\n\t\t<h4><a href=\"\/it\/risorse\/violenza-domestica-familiare\/?utm_source=Home&#038;utm_medium=Referral&#038;utm_campaign=211Resources&#038;utm_content=Domestic\" target=\"_self\">Violenza domestica<\/a><\/h4><figure itemscope itemtype=\"https:\/\/schema.org\/ImageObject\">\n\t\t\t\t<a href=\"\/it\/risorse\/violenza-domestica-familiare\/?utm_source=Home&#038;utm_medium=Referral&#038;utm_campaign=211Resources&#038;utm_content=Domestic\"  target=\"_self\" itemprop=\"url\">\n\t\t\t\t<img decoding=\"async\" src=\"https:\/\/211md.org\/wp-content\/uploads\/bb-plugin\/cache\/2025_211_Icon-Sets_Domestic-Violence-square-7b597694a6f05fe90cdc376aa573bc63-.png\" alt=\"House with a heart in the middle icon\" height=\"417\" width=\"417\" title=\"2025_211_Set di icone_Violenza domestica\" onerror=\"this.style.display='none'\" loading=\"lazy\" \/>\n\t\t\t\t<\/a>\n\t<\/figure>\n\t\t<h4><a href=\"\/it\/risorse\/ricerca-occupazione\/?utm_source=Home&#038;utm_medium=Referral&#038;utm_campaign=211Resources&#038;utm_content=Employment\" target=\"_self\">Occupazione<\/a><\/h4><figure itemscope itemtype=\"https:\/\/schema.org\/ImageObject\">\n\t\t\t\t<a href=\"\/it\/risorse\/ricerca-occupazione\/?utm_source=Home&#038;utm_medium=Referral&#038;utm_campaign=211Resources&#038;utm_content=Employment\"  target=\"_self\" itemprop=\"url\">\n\t\t\t\t<img decoding=\"async\" src=\"https:\/\/211md.org\/wp-content\/uploads\/bb-plugin\/cache\/2025_MdInfoNet_Icon-Sets_Employment-square-44707bd410e4df10a470bf130ebcea86-.png\" alt=\"\" onerror=\"this.style.display='none'\" loading=\"lazy\" \/>\n\t\t\t\t<\/a>\n\t<\/figure>\n\t\t<h4><a href=\"\/it\/risorse\/assistenza-sanitaria\/?utm_source=Home&#038;utm_medium=Referral&#038;utm_campaign=211Resources&#038;utm_content=Health%20Care\" target=\"_self\">Assistenza sanitaria<\/a><\/h4><figure itemscope itemtype=\"https:\/\/schema.org\/ImageObject\">\n\t\t\t\t<a href=\"\/it\/risorse\/assistenza-sanitaria\/?utm_source=Home&#038;utm_medium=Referral&#038;utm_campaign=211Resources&#038;utm_content=Health%20Care\"  target=\"_self\" itemprop=\"url\">\n\t\t\t\t<img decoding=\"async\" src=\"https:\/\/211md.org\/wp-content\/uploads\/bb-plugin\/cache\/2025_MdInfoNet_Icon-Sets_Health-Care-square-dee98a0060cbe0e7f27eda253fc12679-.png\" alt=\"\" onerror=\"this.style.display='none'\" loading=\"lazy\" \/>\n\t\t\t\t<\/a>\n\t<\/figure>\n\t\t<h4><a href=\"\/it\/risorse\/nuovo-per-gli-stati-uniti-e-maryland\/?utm_source=Home&#038;utm_medium=Referral&#038;utm_campaign=211Resources&#038;utm_content=Immigration\" target=\"_self\">Immigrazione<\/a><\/h4><figure itemscope itemtype=\"https:\/\/schema.org\/ImageObject\">\n\t\t\t\t<a href=\"\/it\/risorse\/nuovo-per-gli-stati-uniti-e-maryland\/?utm_source=Home&#038;utm_medium=Referral&#038;utm_campaign=211Resources&#038;utm_content=Immigration\"  target=\"_self\" itemprop=\"url\">\n\t\t\t\t<img decoding=\"async\" src=\"https:\/\/211md.org\/wp-content\/uploads\/bb-plugin\/cache\/2025_MdInfoNet_Icon-Sets_Immigration-square-8b97b7fdfe5e6071405e216855065118-.png\" alt=\"icona dell&#039;immigrazione\" title=\"2025_MdInfoNet_Icon-Sets_Immigration\" onerror=\"this.style.display='none'\" loading=\"lazy\" \/>\n\t\t\t\t<\/a>\n\t<\/figure>\n\t\t<h4><a href=\"\/it\/risorse\/bambini-famiglie\/parentela-cura\/?utm_source=Home&#038;utm_medium=Referral&#038;utm_campaign=211Resources&#038;utm_content=Kinship\" target=\"_self\">Parentela<\/a><\/h4><figure itemscope itemtype=\"https:\/\/schema.org\/ImageObject\">\n\t\t\t\t<a href=\"\/it\/risorse\/bambini-famiglie\/parentela-cura\/?utm_source=Home&#038;utm_medium=Referral&#038;utm_campaign=211Resources&#038;utm_content=Kinship\"  target=\"_self\" itemprop=\"url\">\n\t\t\t\t<img decoding=\"async\" src=\"https:\/\/211md.org\/wp-content\/uploads\/bb-plugin\/cache\/2025_211_Icon-Sets_Kinship-square-45bdf872866f5735f842c32071109267-.png\" alt=\"Icona di parentela\" height=\"417\" width=\"417\" title=\"2025_211_Set di icone_Parentela\" onerror=\"this.style.display='none'\" loading=\"lazy\" \/>\n\t\t\t\t<\/a>\n\t<\/figure>\n\t\t<h4><a href=\"\/it\/risorse\/servizi-legali\/?utm_source=Home&#038;utm_medium=Referral&#038;utm_campaign=211Resources&#038;utm_content=Legal\" target=\"_self\">Servizi legali<\/a><\/h4><figure itemscope itemtype=\"https:\/\/schema.org\/ImageObject\">\n\t\t\t\t<a href=\"\/it\/risorse\/servizi-legali\/?utm_source=Home&#038;utm_medium=Referral&#038;utm_campaign=211Resources&#038;utm_content=Legal\"  target=\"_self\" itemprop=\"url\">\n\t\t\t\t<img decoding=\"async\" src=\"https:\/\/211md.org\/wp-content\/uploads\/bb-plugin\/cache\/2025_MdInfoNet_Icon-Sets_Legal-square-18fdf438feb8435588174d9046463257-.png\" alt=\"\" onerror=\"this.style.display='none'\" loading=\"lazy\" \/>\n\t\t\t\t<\/a>\n\t<\/figure>\n\t\t<h4><a href=\"\/it\/risorse\/salute-mentale\/?utm_source=Home&#038;utm_medium=Referral&#038;utm_campaign=211Resources&#038;utm_content=Mental\" target=\"_self\">Salute mentale<\/a><\/h4><figure itemscope itemtype=\"https:\/\/schema.org\/ImageObject\">\n\t\t\t\t<a href=\"\/it\/risorse\/salute-mentale\/?utm_source=Home&#038;utm_medium=Referral&#038;utm_campaign=211Resources&#038;utm_content=Mental\"  target=\"_self\" itemprop=\"url\">\n\t\t\t\t<img decoding=\"async\" src=\"https:\/\/211md.org\/wp-content\/uploads\/bb-plugin\/cache\/2025_MdInfoNet_Icon-Sets_Mental-Health-square-c59b38c4a993a947d4c9280fbe2d2fee-.png\" alt=\"\" onerror=\"this.style.display='none'\" loading=\"lazy\" \/>\n\t\t\t\t<\/a>\n\t<\/figure>\n\t\t<h4><a href=\"\/it\/risorse\/mdreentry\/?utm_source=Home&#038;utm_medium=Referral&#038;utm_campaign=211Resources&#038;utm_content=Reentry\" target=\"_self\">Rientro<\/a><\/h4><figure itemscope itemtype=\"https:\/\/schema.org\/ImageObject\">\n\t\t\t\t<a href=\"\/it\/risorse\/mdreentry\/?utm_source=Home&#038;utm_medium=Referral&#038;utm_campaign=211Resources&#038;utm_content=Reentry\"  target=\"_self\" itemprop=\"url\">\n\t\t\t\t<img decoding=\"async\" src=\"https:\/\/211md.org\/wp-content\/uploads\/bb-plugin\/cache\/2025_211_Icon-Sets_Reentry-square-8676fea38abd920a832f45642fe31cca-.png\" alt=\"Icona di rientro\" height=\"417\" width=\"417\" title=\"2025_211_Set di icone_Rientro\" onerror=\"this.style.display='none'\" loading=\"lazy\" \/>\n\t\t\t\t<\/a>\n\t<\/figure>\n\t\t<h4><a href=\"\/it\/risorse\/uso-di-sostanze\/?utm_source=Home&#038;utm_medium=Referral&#038;utm_campaign=211Resources&#038;utm_content=Substance\" target=\"_self\">Uso di sostanze<\/a><\/h4><figure itemscope itemtype=\"https:\/\/schema.org\/ImageObject\">\n\t\t\t\t<a href=\"\/it\/risorse\/uso-di-sostanze\/?utm_source=Home&#038;utm_medium=Referral&#038;utm_campaign=211Resources&#038;utm_content=Substance\"  target=\"_self\" itemprop=\"url\">\n\t\t\t\t<img decoding=\"async\" src=\"https:\/\/211md.org\/wp-content\/uploads\/bb-plugin\/cache\/2025_MdInfoNet_Icon-Sets_Substance-Abuse-square-4f414f085e657267739c181957754f48-.png\" alt=\"Pills for substance Use icon\" title=\"2025_MdInfoNet_Icon-Sets_Substance-Abuse\" onerror=\"this.style.display='none'\" loading=\"lazy\" \/>\n\t\t\t\t<\/a>\n\t<\/figure>\n\t\t<h4><a href=\"\/it\/risorse\/veterani\/?utm_source=Home&#038;utm_medium=Referral&#038;utm_campaign=211Resources&#038;utm_content=Veterans\" target=\"_self\">Veterani<\/a><\/h4><figure itemscope itemtype=\"https:\/\/schema.org\/ImageObject\">\n\t\t\t\t<a href=\"\/it\/risorse\/veterani\/?utm_source=Home&#038;utm_medium=Referral&#038;utm_campaign=211Resources&#038;utm_content=Veterans\"  target=\"_self\" itemprop=\"url\">\n\t\t\t\t<img decoding=\"async\" src=\"https:\/\/211md.org\/wp-content\/uploads\/bb-plugin\/cache\/2025_MdInfoNet_Icon-Sets_Rating-square-6e60d00cce4faa8e0a6d4ad7366aa733-.png\" alt=\"\" onerror=\"this.style.display='none'\" loading=\"lazy\" \/>\n\t\t\t\t<\/a>\n\t<\/figure>","protected":false},"excerpt":{"rendered":"<p>Sono molti i vantaggi a cui possono avere diritto i veterani, i militari e le loro famiglie. Per orientarsi nel labirinto di risorse, chiama il 211 per parlare con uno specialista in informazioni e segnalazioni o inizia con un&#039;autovalutazione del Dipartimento per gli Affari dei Veterani. Esplora le risorse per le sfide legate alla tua carriera, istruzione, lutto, perdita, depressione, isolamento, ecc.<\/p>","protected":false},"author":8,"featured_media":1413,"parent":930,"menu_order":0,"comment_status":"closed","ping_status":"closed","template":"","meta":{"footnotes":""},"class_list":["post-958","page","type-page","status-publish","has-post-thumbnail","hentry"],"_links":{"self":[{"href":"https:\/\/211md.org\/it\/wp-json\/wp\/v2\/pages\/958","targetHints":{"allow":["GET"]}}],"collection":[{"href":"https:\/\/211md.org\/it\/wp-json\/wp\/v2\/pages"}],"about":[{"href":"https:\/\/211md.org\/it\/wp-json\/wp\/v2\/types\/page"}],"author":[{"embeddable":true,"href":"https:\/\/211md.org\/it\/wp-json\/wp\/v2\/users\/8"}],"replies":[{"embeddable":true,"href":"https:\/\/211md.org\/it\/wp-json\/wp\/v2\/comments?post=958"}],"version-history":[{"count":5,"href":"https:\/\/211md.org\/it\/wp-json\/wp\/v2\/pages\/958\/revisions"}],"predecessor-version":[{"id":34407,"href":"https:\/\/211md.org\/it\/wp-json\/wp\/v2\/pages\/958\/revisions\/34407"}],"up":[{"embeddable":true,"href":"https:\/\/211md.org\/it\/wp-json\/wp\/v2\/pages\/930"}],"wp:featuredmedia":[{"embeddable":true,"href":"https:\/\/211md.org\/it\/wp-json\/wp\/v2\/media\/1413"}],"wp:attachment":[{"href":"https:\/\/211md.org\/it\/wp-json\/wp\/v2\/media?parent=958"}],"curies":[{"name":"scrivere","href":"https:\/\/api.w.org\/{rel}","templated":true}]}}