{"id":983,"date":"2021-04-16T16:58:29","date_gmt":"2021-04-16T16:58:29","guid":{"rendered":"https:\/\/211md.org\/?page_id=983"},"modified":"2025-09-07T17:09:00","modified_gmt":"2025-09-07T21:09:00","slug":"ipoteca-preclusione","status":"publish","type":"page","link":"https:\/\/211md.org\/it\/resources\/housing-shelter\/mortgage-foreclosure\/","title":{"rendered":"Pignoramento ipotecario"},"content":{"rendered":"<img decoding=\"async\" src=\"https:\/\/stg-maryland211-staging.kinsta.cloud\/wp-content\/uploads\/2025\/08\/5-1-scaled.png\" alt=\"5\" itemprop=\"image\" height=\"692\" width=\"2560\" title=\"5\" onerror=\"this.style.display='none'\" loading=\"lazy\" \/>\n\t\t<h1><a href=\"#start\" target=\"_self\">Intestazione di pagina predefinita<\/a><\/h1><p>L&#039;aiuto \u00e8 disponibile se hai difficolt\u00e0 a pagare il mutuo. Prima agisci, meglio \u00e8.<\/p>\n<p>Scopri di pi\u00f9 sulla procedura e su come un consulente immobiliare pu\u00f2 aiutarti.<\/p>\n\t\t\t<a href=\"#start\" target=\"_self\">\n\t\t\t\t\t\tPer iniziare\n\t\t\t\t\t<\/a>\n\t\t\t\t<img decoding=\"async\" src=\"https:\/\/211md.org\/wp-content\/plugins\/bb-plugin\/img\/pixel.png\" alt=\"\" itemprop=\"image\" onerror=\"this.style.display='none'\" loading=\"lazy\" \/>\n\t\t<h2>Utilizzare un consulente immobiliare<\/h2>\n<p>Esistono dei modi per salvare la tua casa se non riesci a pagare le rate mensili o se la casa \u00e8 pignorata.<\/p>\n<p>L&#039;iniziativa Maryland Home Owners Preserving Equity (HOPE) pu\u00f2 contribuire a salvare le case.<\/p>\n<p>L&#039;agenzia collabora con i consulenti per l&#039;edilizia abitativa di organizzazioni non profit in tutto lo Stato.<\/p>\n<p>I consulenti aiutano i proprietari di case a comprendere il processo di pignoramento e i programmi che possono assisterli.<\/p>\n<p>L&#039;assistenza \u00e8 gratuita nel Maryland. Diffidate delle aziende che promettono assistenza a pagamento.<\/p>\n<p>Chiamata <a href=\"https:\/\/dhcd.maryland.gov\/Residents\/Pages\/HOPE\/Homeowners.aspx\" target=\"_blank\" rel=\"noopener\">SPERANZA<\/a> al numero 1-877-462-7555.<\/p>\n<h3>Truffe di salvataggio di pignoramento<\/h3>\n<p>Non ci sono spese per ottenere aiuto con un pignoramento nel Maryland.<\/p>\n<p>Alcuni truffatori convincono i proprietari di casa a firmare i loro atti di compravendita e a prendere possesso della casa, mentre altri applicano tariffe enormi senza fornire alcun servizio.<\/p>\n<p>Non firmare alcun documento senza prima aver ottenuto una consulenza legale obiettiva, aver consultato la tua societ\u00e0 di mutui o aver parlato con un consulente HOPE.<\/p>\n\t\t\t\t<img decoding=\"async\" src=\"http:\/\/211md.org\/wp-content\/uploads\/2025\/09\/homeowner-talking-ot-a-housing-counselor.jpg\" alt=\"proprietario di casa che parla con un consulente immobiliare\" itemprop=\"image\" title=\"proprietario di casa che parla con un consulente immobiliare\" onerror=\"this.style.display='none'\" loading=\"lazy\" \/>\n\t<h3>Ricerche di alloggi popolari nel nostro database<\/h3><p>Cerca nel database delle risorse della comunit\u00e0 queste ricerche di alloggi popolari. Trova ci\u00f2 di cui hai bisogno.<\/p>\n\t\t\t<a href=\"https:\/\/search.211md.org\/search?query=DM-1800.5000&#038;query_label=Mortgage+Delinquency+and+Default+Counseling&#038;query_type=taxonomy\" target=\"_blank\" rel=\"noopener\">\n\t\t\t\t\t\tMorosit\u00e0 sui mutui e consulenza\n\t\t\t\t\t<\/a>\n\t\t\t<a href=\"https:\/\/search.211md.org\/search?query=BH-3800.5000&#038;query_label=Mortgage+Payment+Assistance&#038;query_type=taxonomy\" target=\"_self\">\n\t\t\t\t\t\tassistenza per il pagamento del mutuo\n\t\t\t\t\t<\/a>\n\t\t\t<a href=\"https:\/\/search.211md.org\/search?query=DM-1800.8500&#038;query_label=Tax+Foreclosure+Assistance&#038;query_type=taxonomy\" target=\"_blank\" rel=\"noopener\">\n\t\t\t\t\t\tAssistenza per pignoramenti fiscali\n\t\t\t\t\t<\/a>\n\t\t\t<a href=\"https:\/\/search.211md.org\/search?query=BH-3700&#038;query_label=Housing+Counseling&#038;query_type=taxonomy\" target=\"_blank\" rel=\"noopener\">\n\t\t\t\t\t\tConsulenza abitativa\n\t\t\t\t\t<\/a>\n\t\t\t<a href=\"https:\/\/search.211md.org\/search?query=BH-1800.8500-150%2CBH-3000.3500%2CPH-3300.2750%2CBH-7000.4600%2CBH-8400.6000-060%2CBH-8600&#038;query_label=I+need+help+with+housing.&#038;query_type=taxonomy\" target=\"_blank\" rel=\"noopener\">\n\t\t\t\t\t\tAiuto generale per l&#039;alloggio\n\t\t\t\t\t<\/a>\n\t<h2>Processo di preclusione<\/h2>\n<p>Dopo aver saltato una rata, il mutuo \u00e8 in default.<\/p>\n<p>Il creditore pu\u00f2 inviare un \u201cavviso di carenza\u201d.<\/p>\n<p>Dopo diversi pagamenti non effettuati, potrebbe arrivare un &quot;avviso di inadempienza&quot;, che spiega l&#039;importo dovuto e avvisa che potrebbe essere possibile procedere al pignoramento.<\/p>\n<p>La procedura di pignoramento pu\u00f2 essere avviata legalmente quando il mutuo non viene pagato per 90 giorni.<\/p>\n<p>Il passo successivo \u00e8 un &quot;Avviso di azione di pignoramento&quot;. La legge del Maryland richiede che l&#039;avviso venga inviato sia tramite posta certificata che tramite posta prioritaria almeno 45 giorni prima dell&#039;avvio di un&#039;azione di pignoramento.<\/p>\n<p>Non aspettare che accada. Prima ti fai aiutare con i problemi del mutuo, maggiori saranno le probabilit\u00e0 che la casa venga salvata.<\/p>\n<p>Visualizza una sequenza temporale del\u00a0<a href=\"https:\/\/dhcd.maryland.gov\/Residents\/Documents\/HOPE\/TheNetworkForclosureTimeline_May2012v4.pdf\" target=\"_blank\" rel=\"noopener\">Processo di preclusione del Maryland<\/a>.<\/p>\n\t\t\t\t<img decoding=\"async\" src=\"https:\/\/211md.org\/wp-content\/uploads\/2021\/05\/Housing-Legal.png\" alt=\"Martelletto legale con accanto un modello in plastica di una casa\" itemprop=\"image\" height=\"348\" width=\"460\" title=\"Alloggio legale\" onerror=\"this.style.display='none'\" loading=\"lazy\" \/>\n\t<h2>Opzioni di pagamento ipotecario<\/h2>\n<p>In generale, gli istituti di credito immobiliare non vogliono precludere un mutuo. Ci sono raramente vincitori in preclusione a causa dei costi coinvolti. Cerca di elaborare un piano di pagamento con il tuo prestatore fino a quando non ti sentirai meglio finanziariamente.<\/p>\n<p>La chiave \u00e8 chiedere aiuto in modo tempestivo e persistente e ottenere consigli da un consulente immobiliare approvato dallo stato. Possono aiutarti a comprendere i documenti del tuo mutuo, spiegare le opzioni che hai e aiutarti a negoziare un &quot;Piano di allenamento&quot; con il tuo prestatore.<\/p>\n<p>Vieni all&#039;appuntamento preparato con documenti di liquidazione, dichiarazioni dei redditi ed eventuali avvisi o fatture del tuo prestatore, insieme al budget familiare e all&#039;elenco dei creditori.<\/p>\n<p>I possibili piani di allenamento potrebbero includere:<\/p>\n<ul>\n<li aria-level=\"1\">Piano di rimborso: recupera il ritardo aggiungendo una parte dell&#039;importo scaduto ai tuoi pagamenti mensili.<\/li>\n<li aria-level=\"1\">Piano di tolleranza: i pagamenti mensili sono temporaneamente ridotti o sospesi. Di solito c&#039;\u00e8 un importo dovuto pi\u00f9 elevato quando i pagamenti vengono ripristinati.<\/li>\n<li aria-level=\"1\">Piano di modifica del prestito \u2013 Il creditore accetta di modificare i termini in qualche modo. Potrebbero ridurre i tuoi interessi, estendere il periodo di pagamento del prestito o negoziare la penale per il pagamento anticipato.<\/li>\n<li aria-level=\"1\">Reclamo parziale: il creditore pu\u00f2 offrire un prestito a basso interesse o senza interessi tramite l&#039;assicuratore (FHA o assicurazione ipotecaria privata) per recuperare il ritardo. Potrebbero esserci piccoli pagamenti mensili. Il prestito scade quando si vende l&#039;immobile o quando si estingue il primo mutuo.<\/li>\n<li aria-level=\"1\">Piano di rifusione (non disponibile con Fannie Mae o Freddie Mac) \u2013 Metti i pagamenti mancati nel back-end del prestito.<\/li>\n<\/ul>\n<p>Se il tuo prestatore rifiuta la tua proposta, prova a negoziare e scopri cosa potrebbe essere disposto ad accettare. Se sembra irragionevole o ingiusto, chiedi di parlare con uno specialista o un supervisore in materia di mitigazione delle perdite. Sebbene un consulente immobiliare possa essere di grande aiuto, devi agire come tuo difensore. Anche se il pignoramento \u00e8 inevitabile, puoi comunque negoziare termini migliori o una tempistica pi\u00f9 estesa in modo da non rimanere all&#039;oscuro. Sii pronto a continuare a combattere!<\/p>\n\t\t\t\t<img decoding=\"async\" src=\"https:\/\/211md.org\/wp-content\/plugins\/bb-plugin\/img\/pixel.png\" alt=\"\" itemprop=\"image\" onerror=\"this.style.display='none'\" loading=\"lazy\" \/>\n\t\t\t\t<img decoding=\"async\" src=\"https:\/\/211md.org\/wp-content\/uploads\/bb-plugin\/cache\/Call-center-specialst-circle-4e9ecd7b3425be4576416abc911049bb-.jpg\" alt=\"Specialista del call center\" itemprop=\"image\" title=\"Specialista del call center\" onerror=\"this.style.display='none'\" loading=\"lazy\" \/>\n<h2>Chiama il 211<\/h2><p>Parla con una persona premurosa e compassionevole 24 ore su 24, 7 giorni su 7. Pu\u00f2 anche metterti in contatto con delle risorse.\u00a0<\/p>\n<h2>\n\t\t\tInformazioni correlate\t<\/h2>\n\t<h2>esplorare i programmi di assistenza<\/h2>\n<p>Scopri di pi\u00f9 sui programmi di assistenza e su come contattare il supporto.<\/p>\n\t\t<h3><a href=\"\/it\/risorse\/cibo\/\" target=\"_self\">Cibo<\/a><\/h3><p>Cibo gratis vicino a me, dispense, SNAP, WIC, risparmi sulla spesa<\/p>\n<a href=\"\/it\/risorse\/cibo\/\"  target=\"_self\">Saperne di pi\u00f9<\/a>\t\n\t\t\t\t<a href=\"\/it\/risorse\/cibo\/\"  target=\"_self\" itemprop=\"url\">\n\t\t\t\t<img decoding=\"async\" src=\"https:\/\/211md.org\/wp-content\/uploads\/bb-plugin\/cache\/2025_MdInfoNet_Icon-Sets-white_food-square-dfa1c607bcdb6b34735ae61e84e21386-.png\" alt=\"2025_MdInfoNet_Icon Sets-white_food\" itemprop=\"image\" title=\"2025_MdInfoNet_Icon Sets-white_food\" onerror=\"this.style.display='none'\" loading=\"lazy\" \/>\n\t\t\t\t<\/a>\n\t\t<h3><a href=\"\/it\/risorse\/utilita-assistenza\/\" target=\"_self\">Utilit\u00e0<\/a><\/h3><p>Programmi di assistenza per le bollette di elettricit\u00e0, gas e acqua<\/p>\n<a href=\"\/it\/risorse\/utilita-assistenza\/\"  target=\"_self\">Saperne di pi\u00f9<\/a>\t\n\t\t\t\t<a href=\"\/it\/risorse\/utilita-assistenza\/\"  target=\"_self\" itemprop=\"url\">\n\t\t\t\t<img decoding=\"async\" src=\"https:\/\/211md.org\/wp-content\/uploads\/bb-plugin\/cache\/2025_MdInfoNet_Icon-Sets-white_Utilities-square-485aa1950491235898117da61fd0a70a-.png\" alt=\"2025_MdInfoNet_Icon Sets-white_Utilities\" itemprop=\"image\" title=\"2025_MdInfoNet_Icon Sets-white_Utilities\" onerror=\"this.style.display='none'\" loading=\"lazy\" \/>\n\t\t\t\t<\/a>\n\t\t\t\t<a href=\"\/it\/risorse\/alloggio-rifugio\/\"  target=\"_self\" itemprop=\"url\">\n\t\t\t\t<img decoding=\"async\" src=\"https:\/\/211md.org\/wp-content\/uploads\/bb-plugin\/cache\/2025_MdInfoNet_Icon-Sets-white_Housing-square-5b4ab26c33cdf5bd88fd6164be4cc0b8-.png\" alt=\"2025_MdInfoNet_Icon Sets-white_Housing\" itemprop=\"image\" title=\"2025_MdInfoNet_Icon Sets-white_Housing\" onerror=\"this.style.display='none'\" loading=\"lazy\" \/>\n\t\t\t\t<\/a>\n\t\t<h3><a href=\"\/it\/risorse\/alloggio-rifugio\/\" target=\"_self\">Abitazione<\/a><\/h3><p>Pagamenti di affitto, prevenzione degli sfratti, rifugi per senzatetto<\/p>\n<a href=\"\/it\/risorse\/alloggio-rifugio\/\"  target=\"_self\">Saperne di pi\u00f9<\/a>\t\n\t\t\t\t<a href=\"\/it\/risorse\/nuovo-per-gli-stati-uniti-e-maryland\/\"  target=\"_self\" itemprop=\"url\">\n\t\t\t\t<img decoding=\"async\" src=\"https:\/\/211md.org\/wp-content\/uploads\/bb-plugin\/cache\/2025_MdInfoNet_Icon-Sets-white_Immigration-square-71ef90812193ac6d0e3edc3e61891f7f-.png\" alt=\"2025_MdInfoNet_Icon Sets-white_Immigration\" itemprop=\"image\" title=\"2025_MdInfoNet_Icon Sets-white_Immigration\" onerror=\"this.style.display='none'\" loading=\"lazy\" \/>\n\t\t\t\t<\/a>\n\t\t<h3><a href=\"\/it\/risorse\/nuovo-per-gli-stati-uniti-e-maryland\/\" target=\"_self\">Immigrazione<\/a><\/h3><p>Aiuto all&#039;immigrazione per i nuovi americani e i rifugiati<\/p>\n<a href=\"\/it\/risorse\/nuovo-per-gli-stati-uniti-e-maryland\/\"  target=\"_self\">Saperne di pi\u00f9<\/a>\t\n\t\t<h4><a href=\"\/it\/risorse\/invecchiamento-disabilita\/\" target=\"_self\">Invecchiamento e disabilit\u00e0<\/a><\/h4>\n\t\t\t\t<a href=\"\/it\/risorse\/invecchiamento-disabilita\/\"  target=\"_self\" itemprop=\"url\">\n\t\t\t\t<img decoding=\"async\" src=\"https:\/\/211md.org\/wp-content\/uploads\/bb-plugin\/cache\/2025_MdInfoNet_Icon-Sets_Aging-disability-square-c466727102cae71e5f27b8539bb51945-.png\" alt=\"2025_MdInfoNet_Set di icone_Invecchiamento-disabilit\u00e0\" itemprop=\"image\" title=\"2025_MdInfoNet_Set di icone_Invecchiamento-disabilit\u00e0\" onerror=\"this.style.display='none'\" loading=\"lazy\" \/>\n\t\t\t\t<\/a>\n\t\t<h4><a href=\"https:\/\/211md.org\/it\/risorse\/bambini-famiglie\/\" target=\"_blank\" rel=\"noopener\">Bambini e famiglie<\/a><\/h4>\n\t\t\t\t<a href=\"https:\/\/211md.org\/it\/risorse\/bambini-famiglie\/\" target=\"_blank\" rel=\"noopener\" itemprop=\"url\">\n\t\t\t\t<img decoding=\"async\" src=\"https:\/\/211md.org\/wp-content\/uploads\/bb-plugin\/cache\/2025_MdInfoNet_Icon-Sets_Child-Care-square-a9a0002f8a1c05e3f89f8b914f61699f-.png\" alt=\"\" itemprop=\"image\" onerror=\"this.style.display='none'\" loading=\"lazy\" \/>\n\t\t\t\t<\/a>\n\t\t<h4><a href=\"\/it\/risorse\/violenza-domestica-familiare\/\" target=\"_self\">Violenza domestica<\/a><\/h4>\n\t\t\t\t<a href=\"\/it\/risorse\/violenza-domestica-familiare\/\"  target=\"_self\" itemprop=\"url\">\n\t\t\t\t<img decoding=\"async\" src=\"https:\/\/211md.org\/wp-content\/uploads\/bb-plugin\/cache\/2025_MdInfoNet_Icon-Sets_Protection-square-ed94a34c5cb05f036201f3e0966332c1-.png\" alt=\"2025_MdInfoNet_Icon Sets_Protezione\" itemprop=\"image\" title=\"2025_MdInfoNet_Icon Sets_Protezione\" onerror=\"this.style.display='none'\" loading=\"lazy\" \/>\n\t\t\t\t<\/a>\n\t\t<h4><a href=\"\/it\/risorse\/ricerca-occupazione\/\" target=\"_self\">Occupazione<\/a><\/h4>\n\t\t\t\t<a href=\"\/it\/risorse\/ricerca-occupazione\/\"  target=\"_self\" itemprop=\"url\">\n\t\t\t\t<img decoding=\"async\" src=\"https:\/\/211md.org\/wp-content\/uploads\/bb-plugin\/cache\/2025_MdInfoNet_Icon-Sets_Employment-square-44707bd410e4df10a470bf130ebcea86-.png\" alt=\"2025_MdInfoNet_Set di icone_Occupazione\" itemprop=\"image\" title=\"2025_MdInfoNet_Set di icone_Occupazione\" onerror=\"this.style.display='none'\" loading=\"lazy\" \/>\n\t\t\t\t<\/a>\n\t\t<h4><a href=\"\/it\/risorse\/assistenza-sanitaria\/\" target=\"_self\">Assistenza sanitaria<\/a><\/h4>\n\t\t\t\t<a href=\"\/it\/risorse\/assistenza-sanitaria\/\"  target=\"_self\" itemprop=\"url\">\n\t\t\t\t<img decoding=\"async\" src=\"https:\/\/211md.org\/wp-content\/uploads\/bb-plugin\/cache\/2025_MdInfoNet_Icon-Sets_Health-Care-square-dee98a0060cbe0e7f27eda253fc12679-.png\" alt=\"2025_MdInfoNet_Set di icone_Assistenza sanitaria\" itemprop=\"image\" title=\"2025_MdInfoNet_Set di icone_Assistenza sanitaria\" onerror=\"this.style.display='none'\" loading=\"lazy\" \/>\n\t\t\t\t<\/a>\n\t\t<h4><a href=\"\/it\/risorse\/bambini-famiglie\/parentela-cura\/\" target=\"_self\">Parentela<\/a><\/h4>\n\t\t\t\t<a href=\"\/it\/risorse\/bambini-famiglie\/parentela-cura\/\"  target=\"_self\" itemprop=\"url\">\n\t\t\t\t<img decoding=\"async\" src=\"https:\/\/211md.org\/wp-content\/uploads\/bb-plugin\/cache\/2025_MdInfoNet_Icon-Sets_Community-square-4956d72cf95aef42b6ee5fc6feb149ef-.png\" alt=\"2025_MdInfoNet_Set di icone_Comunit\u00e0\" itemprop=\"image\" title=\"2025_MdInfoNet_Set di icone_Comunit\u00e0\" onerror=\"this.style.display='none'\" loading=\"lazy\" \/>\n\t\t\t\t<\/a>\n\t\t<h4><a href=\"\/it\/risorse\/servizi-legali\/\" target=\"_self\">Servizi legali<\/a><\/h4>\n\t\t\t\t<a href=\"\/it\/risorse\/servizi-legali\/\"  target=\"_self\" itemprop=\"url\">\n\t\t\t\t<img decoding=\"async\" src=\"https:\/\/211md.org\/wp-content\/uploads\/bb-plugin\/cache\/2025_MdInfoNet_Icon-Sets_Legal-square-18fdf438feb8435588174d9046463257-.png\" alt=\"2025_MdInfoNet_Set di icone_Legale\" itemprop=\"image\" title=\"2025_MdInfoNet_Set di icone_Legale\" onerror=\"this.style.display='none'\" loading=\"lazy\" \/>\n\t\t\t\t<\/a>\n\t\t<h4><a href=\"\/it\/risorse\/salute-mentale\/\" target=\"_self\">Salute mentale<\/a><\/h4>\n\t\t\t\t<a href=\"\/it\/risorse\/salute-mentale\/\"  target=\"_self\" itemprop=\"url\">\n\t\t\t\t<img decoding=\"async\" src=\"https:\/\/211md.org\/wp-content\/uploads\/bb-plugin\/cache\/2025_MdInfoNet_Icon-Sets_Mental-Health-square-c59b38c4a993a947d4c9280fbe2d2fee-.png\" alt=\"2025_MdInfoNet_Set di icone_Salute mentale\" itemprop=\"image\" title=\"2025_MdInfoNet_Set di icone_Salute mentale\" onerror=\"this.style.display='none'\" loading=\"lazy\" \/>\n\t\t\t\t<\/a>\n\t\t<h4><a href=\"\/it\/risorse\/mdreentry\/\" target=\"_self\">Rientro<\/a><\/h4>\n\t\t\t\t<a href=\"\/it\/risorse\/mdreentry\/\"  target=\"_self\" itemprop=\"url\">\n\t\t\t\t<img decoding=\"async\" src=\"https:\/\/211md.org\/wp-content\/uploads\/bb-plugin\/cache\/2025_MdInfoNet_Icon-Sets_Partnership-square-daedf11c7eeda165b0fe97a4a84b80e0-.png\" alt=\"2025_MdInfoNet_Set di icone_Partnership\" itemprop=\"image\" title=\"2025_MdInfoNet_Set di icone_Partnership\" onerror=\"this.style.display='none'\" loading=\"lazy\" \/>\n\t\t\t\t<\/a>\n\t\t<h4><a href=\"\/it\/risorse\/uso-di-sostanze\/\" target=\"_self\">Uso di sostanze<\/a><\/h4>\n\t\t\t\t<a href=\"\/it\/risorse\/uso-di-sostanze\/\"  target=\"_self\" itemprop=\"url\">\n\t\t\t\t<img decoding=\"async\" src=\"https:\/\/211md.org\/wp-content\/uploads\/bb-plugin\/cache\/2025_MdInfoNet_Icon-Sets_Substance-Abuse-square-9022fec9d18a64118ad685c101885b55-.png\" alt=\"2025_MdInfoNet_Icon Sets_Abuso di sostanze\" itemprop=\"image\" title=\"2025_MdInfoNet_Icon Sets_Abuso di sostanze\" onerror=\"this.style.display='none'\" loading=\"lazy\" \/>\n\t\t\t\t<\/a>\n\t\t<h4><a href=\"\/it\/risorse\/veterani\/\" target=\"_self\">Veterani<\/a><\/h4>\n\t\t\t\t<a href=\"\/it\/risorse\/veterani\/\"  target=\"_self\" itemprop=\"url\">\n\t\t\t\t<img decoding=\"async\" src=\"https:\/\/211md.org\/wp-content\/uploads\/bb-plugin\/cache\/2025_MdInfoNet_Icon-Sets_Rating-square-6e60d00cce4faa8e0a6d4ad7366aa733-.png\" alt=\"2025_MdInfoNet_Set di icone_Valutazione\" itemprop=\"image\" title=\"2025_MdInfoNet_Set di icone_Valutazione\" onerror=\"this.style.display='none'\" loading=\"lazy\" \/>\n\t\t\t\t<\/a>","protected":false},"excerpt":{"rendered":"<p>Intestazione di pagina predefinita: se hai difficolt\u00e0 a pagare il mutuo, puoi chiedere aiuto. Prima agisci, meglio \u00e8. Scopri di pi\u00f9 sulla procedura e su come un consulente immobiliare pu\u00f2 aiutarti. Inizia: rivolgiti a un consulente immobiliare. Esistono modi per salvare la tua casa se non riesci a pagare le rate mensili o sei in pignoramento.<\/p>","protected":false},"author":8,"featured_media":1816,"parent":926,"menu_order":0,"comment_status":"closed","ping_status":"closed","template":"","meta":{"footnotes":""},"class_list":["post-983","page","type-page","status-publish","has-post-thumbnail","hentry"],"_links":{"self":[{"href":"https:\/\/211md.org\/it\/wp-json\/wp\/v2\/pages\/983","targetHints":{"allow":["GET"]}}],"collection":[{"href":"https:\/\/211md.org\/it\/wp-json\/wp\/v2\/pages"}],"about":[{"href":"https:\/\/211md.org\/it\/wp-json\/wp\/v2\/types\/page"}],"author":[{"embeddable":true,"href":"https:\/\/211md.org\/it\/wp-json\/wp\/v2\/users\/8"}],"replies":[{"embeddable":true,"href":"https:\/\/211md.org\/it\/wp-json\/wp\/v2\/comments?post=983"}],"version-history":[{"count":3,"href":"https:\/\/211md.org\/it\/wp-json\/wp\/v2\/pages\/983\/revisions"}],"predecessor-version":[{"id":33718,"href":"https:\/\/211md.org\/it\/wp-json\/wp\/v2\/pages\/983\/revisions\/33718"}],"up":[{"embeddable":true,"href":"https:\/\/211md.org\/it\/wp-json\/wp\/v2\/pages\/926"}],"wp:featuredmedia":[{"embeddable":true,"href":"https:\/\/211md.org\/it\/wp-json\/wp\/v2\/media\/1816"}],"wp:attachment":[{"href":"https:\/\/211md.org\/it\/wp-json\/wp\/v2\/media?parent=983"}],"curies":[{"name":"scrivere","href":"https:\/\/api.w.org\/{rel}","templated":true}]}}