{"id":985,"date":"2021-04-16T17:24:12","date_gmt":"2021-04-16T17:24:12","guid":{"rendered":"https:\/\/211md.org\/?page_id=985"},"modified":"2025-10-23T18:21:25","modified_gmt":"2025-10-23T22:21:25","slug":"indennita-di-disoccupazione","status":"publish","type":"page","link":"https:\/\/211md.org\/it\/resources\/employment-search\/unemployment-benefits\/","title":{"rendered":"Indennit\u00e0 di disoccupazione del Maryland"},"content":{"rendered":"<img decoding=\"async\" src=\"https:\/\/stg-maryland211-staging.kinsta.cloud\/wp-content\/uploads\/2025\/08\/5-1-scaled.png\" alt=\"5\" itemprop=\"image\" height=\"692\" width=\"2560\" title=\"5\" onerror=\"this.style.display='none'\" loading=\"lazy\" \/>\n\t\t<p>I dipendenti del Maryland che perdono il lavoro per cause indipendenti dalla loro volont\u00e0 possono avere diritto all&#039;indennit\u00e0 di disoccupazione. Il programma fornisce un&#039;indennit\u00e0 temporanea di disoccupazione (UI) per sostituire parte del reddito.<\/p>\n<p>Nel Maryland, le persone devono presentare la domanda ogni settimana e verificare di essere attivamente alla ricerca di un lavoro.<\/p>\n<p>Scopri come richiedere i sussidi, ottenere l&#039;assicurazione sanitaria mentre sei disoccupato e come richiedere i sussidi nelle dichiarazioni dei redditi.<\/p>\n\t\t\t<a href=\"#start\" target=\"_self\">\n\t\t\t\t\t\tPer iniziare\n\t\t\t\t\t<\/a>\n\t\t\t\t<img decoding=\"async\" src=\"https:\/\/211md.org\/wp-content\/plugins\/bb-plugin\/img\/pixel.png\" alt=\"\" itemprop=\"image\" onerror=\"this.style.display='none'\" loading=\"lazy\" \/>\n\t\t\t\t<img decoding=\"async\" src=\"https:\/\/stg-maryland211-staging.kinsta.cloud\/wp-content\/uploads\/2025\/08\/16.png\" alt=\"16\" itemprop=\"image\" height=\"1000\" width=\"1000\" title=\"16\" onerror=\"this.style.display='none'\" loading=\"lazy\" \/>\n\t\t\t\t<img decoding=\"async\" src=\"http:\/\/211md.org\/wp-content\/uploads\/2021\/05\/Girl-Looking-At-Phone-scaled.jpg\" alt=\"Ragazza che guarda il telefono con un blocco note e una penna\" itemprop=\"image\" title=\"Ispanico, Latino, Giovane, Adolescente, Ragazza, Universit\u00e0, Studente, In mano, Smartphone, Studiando\" onerror=\"this.style.display='none'\" loading=\"lazy\" \/>\n<h2>Qual \u00e8 il tasso di disoccupazione nel Maryland?<\/h2>\n<p>Ci sono due numeri principali di disoccupazione. Uno \u00e8 un agente dal vivo e l&#039;altro \u00e8 il sistema telefonico IVR. Puoi anche iniziare a <a href=\"http:\/\/www.labor.maryland.gov\/employment\/unemployment.shtml\" target=\"_blank\" rel=\"noopener\">chattare con un assistente virtuale<\/a>.<\/p>\n<p>Nuovo reclamo o per informazioni su un reclamo esistente:<\/p>\n<img loading=\"lazy\" decoding=\"async\" src=\"http:\/\/211md.org\/wp-content\/uploads\/2025\/08\/2025_MdInfoNet_Icon-Sets_Phone-400x400.png\" alt=\"icona del telefono\" width=\"50\" height=\"50\" \/>Chiamata<br \/>\n667-206-6520. Certificazione settimanale della richiesta, reimpostazione del PIN o verifica dello stato del pagamento: chiama <img loading=\"lazy\" decoding=\"async\" src=\"http:\/\/211md.org\/wp-content\/uploads\/2025\/08\/2025_MdInfoNet_Icon-Sets_Phone-400x400.png\" alt=\"icona del telefono\" width=\"50\" height=\"50\" \/>Chiamata<br \/>\n410-949-0022.\n<p>&nbsp;<\/p>\n<p>C&#039;\u00e8 anche un&#039;opzione per <a href=\"http:\/\/www.labor.maryland.gov\/employment\/officenum.shtml\" target=\"_blank\" rel=\"noopener\">chattare in linea<\/a>.<\/p>\n<h3>Chiusura federale e disoccupazione<\/h3>\n<p>Se sei un dipendente federale, potresti avere diritto alla disoccupazione durante la chiusura delle attivit\u00e0 governative. Dipende dal tuo status. <a href=\"https:\/\/labor.maryland.gov\/unemployment-insurance\/claimants\/federal-employees\/frequently-asked-questions.shtml\" target=\"_blank\" rel=\"noopener\">Queste domande frequenti<\/a> del Dipartimento del Lavoro del Maryland aiuta a rispondere alle domande pi\u00f9 comuni sui benefici.<\/p>\n<p>C&#039;\u00e8 anche un <a href=\"https:\/\/labor.maryland.gov\/federalworkers\/shutdownloan\/\" target=\"_blank\" rel=\"noopener\">Programma di prestiti per la chiusura federale<\/a> che fornisce un prestito a tasso zero di $700 che verr\u00e0 rimborsato al termine della chiusura e dopo aver ricevuto gli arretrati.<\/p>\n<h3><b>Che cos&#039;\u00e8 BEACON 2.0?<\/b><\/h3>\n<p>Il Dipartimento del Lavoro del Maryland, Divisione dell&#039;assicurazione contro la disoccupazione, utilizza un programma chiamato <a href=\"https:\/\/beacon.labor.maryland.gov\/beacon\/claimant-page.html\" target=\"_blank\" rel=\"noopener\">FARO 2.0<\/a> per assistere i cittadini del Maryland nella presentazione delle domande di sussidio di disoccupazione e nella gestione delle richieste di assicurazione contro la disoccupazione (WEBCERT).<\/p>\n<h3>Quali documenti servono per presentare domanda di disoccupazione?<\/h3>\n<p>Prima di presentare domanda di disoccupazione, raccogli i documenti necessari allo stato per verificare la tua richiesta. Questi includono informazioni personali e storia lavorativa negli ultimi 18 mesi. Durante quel periodo avrai bisogno del nome, dell&#039;indirizzo e del numero di telefono di tutti i tuoi datori di lavoro.<\/p>\n<p>Ai richiedenti potrebbero essere richiesti documenti quali:<\/p>\n<ul>\n<li>buste paga<\/li>\n<li>W-2<\/li>\n<li>moduli 1099<\/li>\n<li>dichiarazione dei redditi<\/li>\n<\/ul>\n<p><a href=\"http:\/\/www.labor.maryland.gov\/employment\/uiclaimdocs.pdf\" target=\"_blank\" rel=\"noopener\">Scopri i documenti<\/a> che potrebbe essere necessario presentare un reclamo.<\/p>\n<h3><b>Come certificare la richiesta ogni settimana<\/b><\/h3>\n<p>Ogni settimana, i beneficiari di disoccupazione sono tenuti a presentare una certificazione di richiesta. La presentazione pu\u00f2 avvenire in tre modi:<\/p>\n<ul>\n<li aria-level=\"1\">Archiviare\u00a0<a href=\"https:\/\/beacon.labor.maryland.gov\/beacon\/claimant-page.html\" target=\"_blank\" rel=\"noopener\">FARO 2.0<\/a><\/li>\n<li aria-level=\"1\">Utilizzando l&#039;app chiamata &quot;MD Unemployment for Claimants&quot;. Scaricalo su\u00a0<a href=\"https:\/\/bit.ly\/AppleMDBEACON\" target=\"_blank\" rel=\"noopener\">Apple iTunes Store<\/a>\u00a0o\u00a0<a href=\"https:\/\/bit.ly\/GoogleMDBEACON\" target=\"_blank\" rel=\"noopener\">Google Play<\/a>.<\/li>\n<li aria-level=\"1\">Chiamando il 410-949-0022<\/li>\n<\/ul>\n\t\t<h2><a href=\"https:\/\/labor.maryland.gov\/unemployment-insurance\/claimants\/job-search.shtml\" target=\"_blank\" rel=\"noopener\">Attivit\u00e0 lavorative settimanali richieste<\/a><\/h2><p>Per continuare ad avere diritto ai sussidi di disoccupazione, i cittadini del Maryland devono cercare attivamente un lavoro.<\/p>\n<p>Ogni settimana, i candidati in cerca di lavoro devono completare almeno tre attivit\u00e0 di ricollocazione valide. Almeno una di queste deve essere un contatto lavorativo.<\/p>\n<p>Un contatto di lavoro qualificato comporta il contatto con un potenziale datore di lavoro. Pu\u00f2 essere di persona, online o tramite fax o e-mail.<\/p>\n<p>Il Dipartimento del Lavoro del Maryland ha un elenco di attivit\u00e0 che soddisfano questo requisito.<\/p>\n<p>&nbsp;<\/p>\n\t\t\t<a href=\"https:\/\/labor.maryland.gov\/unemployment-insurance\/claimants\/job-search.shtml\" target=\"_blank\" rel=\"noopener\">\n\t\t\t\t\t\t\tPer saperne di pi\u00f9\n\t\t\t\t\t<\/a>\n\t\t\t\t<a href=\"https:\/\/search.211md.org\/\" target=\"_blank\" rel=\"noopener\" itemprop=\"url\">\n\t\t\t\t<img decoding=\"async\" src=\"https:\/\/stg-maryland211-staging.kinsta.cloud\/wp-content\/uploads\/2025\/08\/2025_MdInfoNet_Icon-Sets-white_Locate.png\" alt=\"\" itemprop=\"image\" onerror=\"this.style.display='none'\" loading=\"lazy\" \/>\n\t\t\t\t<\/a>\n<h2><a href=\"https:\/\/search.211md.org\/\" target=\"_blank\" rel=\"noopener\">Trova risorse ora<\/a><\/h2><p>Trovare <strong>risorse della comunit\u00e0 <\/strong>per cibo, assistenza sanitaria, alloggio e altro ancora nel nostro database. Cerca per codice postale.<\/p>\n\t\t\t<a href=\"https:\/\/search.211md.org\/\" target=\"_blank\" rel=\"noopener\">\n\t\t\t\t\t\t\tCerca ora\n\t\t\t<\/a>\n\t\t\t\t<img decoding=\"async\" src=\"http:\/\/211md.org\/wp-content\/uploads\/2025\/09\/person-doing-taxes.jpg\" alt=\"persona che paga le tasse, compilando il modulo 1040\" itemprop=\"image\" title=\"persona che paga le tasse\" onerror=\"this.style.display='none'\" loading=\"lazy\" \/>\n\t\t<h2>Come presentare la dichiarazione dei redditi per la disoccupazione<\/h2>\n<p>Quando presentano la dichiarazione dei redditi, i beneficiari dell&#039;assicurazione contro la disoccupazione (UI) forniscono la prova dei benefici (denaro) ricevuti tramite il modulo 1099-G.<\/p>\n<h3>Che cos&#039;\u00e8 il modulo 1099-G?<\/h3>\n<p>Questo modulo \u00e8 denominato Dichiarazione per i destinatari di determinati pagamenti governativi.<\/p>\n<p>Il modulo 1099-G include l&#039;importo totale dell&#039;indennit\u00e0 di disoccupazione del Maryland per ogni anno solare.<\/p>\n<p>Potrebbe essere diverso da quanto ricevuto per la\/le settimana\/e di disoccupazione retribuita.<\/p>\n<p>Per qualsiasi domanda, rivolgiti a un consulente fiscale. Servizi gratuiti di preparazione della dichiarazione dei redditi sono disponibili nel Maryland per chi ne ha i requisiti.<\/p>\n\t\t\t<a href=\"https:\/\/211md.org\/it\/risorse\/servizi-fiscali\/\" target=\"_blank\" rel=\"noopener\">\n\t\t\t\t\t\t\tTrova assistenza fiscale gratuita\n\t\t\t\t\t<\/a>\n\t<h2>Come ottenere l&#039;assicurazione sanitaria mentre si \u00e8 disoccupati<\/h2>\n<p>Quando si perde il lavoro, ci sono altre preoccupazioni oltre alla fine dello stipendio. E l&#039;assicurazione sanitaria?<\/p>\n<p>Anche se il rapporto di lavoro con un datore di lavoro pu\u00f2 terminare, gli ex dipendenti potrebbero avere diritto a:<\/p>\n<ul>\n<li>continuare la propria assicurazione sanitaria mentre si \u00e8 disoccupati tramite COBRA<\/li>\n<li>o acquista un&#039;assicurazione tramite Maryland Health Connection<\/li>\n<\/ul>\n<p>Scopri di pi\u00f9 su entrambe le opzioni.<\/p>\n<h3>Che cos&#039;\u00e8 COBRA?<\/h3>\n<p>COBRA \u00e8 l&#039;acronimo di Consolidated Omnibus Budget Reconciliation Act.<\/p>\n<p>\u00c8 un nome importante, ma pi\u00f9 comunemente viene chiamato COBRA.<\/p>\n\t\t\t\t<img decoding=\"async\" src=\"http:\/\/211md.org\/wp-content\/uploads\/2022\/05\/woman-talking-to-her-doctor.jpg\" alt=\"donna che parla con il suo medico\" itemprop=\"image\" title=\"donna-che-parla-con-il-suo-dottore\" onerror=\"this.style.display='none'\" loading=\"lazy\" \/>\n\t<p>Garantisce ai lavoratori e alle loro famiglie l&#039;accesso all&#039;assicurazione sanitaria dopo un licenziamento.<\/p>\n<p>COBRA \u00e8 in genere disponibile per:<\/p>\n<ul>\n<li>dipendenti licenziati<\/li>\n<li>perdere il lavoro, a patto che non ci sia una grave cattiva condotta<\/li>\n<li>per le persone che lasciano volontariamente un lavoro<\/li>\n<\/ul>\n<h4>Quanto dura COBRA?<\/h4>\n<p>I benefici sanitari possono durare almeno 18 mesi e, in alcuni casi, fino a 36 mesi.<\/p>\n<h4>Qual \u00e8 il costo?<\/h4>\n<p>Di solito \u00e8 pi\u00f9 costoso del premio assicurativo sanitario pagato durante il periodo di impiego presso l&#039;azienda.<\/p>\n<p>A volte il prezzo \u00e8 notevolmente pi\u00f9 alto. Perch\u00e9? Perch\u00e9 il datore di lavoro non paga pi\u00f9 una parte dell&#039;assicurazione sanitaria.<\/p>\n<p>Solitamente, chi acquista COBRA paga l&#039;intero premio assicurativo.<\/p>\n<p>Chiedete al vostro precedente datore di lavoro se il COBRA \u00e8 disponibile anche mentre siete disoccupati.<\/p>\n<h3>Collegamento sanitario del Maryland<\/h3>\n<p>I disoccupati possono richiedere la copertura assicurativa tramite Maryland Health Connection.<\/p>\n<p>Leggi la guida all&#039;assicurazione sanitaria del 211.<\/p>\n\t\t\t<a href=\"https:\/\/211md.org\/it\/risorse\/assistenza-sanitaria\/assicurazione-sanitaria\/\" target=\"_self\">\n\t\t\t\t\t\t\tScopri le opzioni di assicurazione sanitaria\n\t\t\t\t\t<\/a>\n\t\t\t\t<img decoding=\"async\" src=\"https:\/\/211md.org\/wp-content\/plugins\/bb-plugin\/img\/pixel.png\" alt=\"\" itemprop=\"image\" onerror=\"this.style.display='none'\" loading=\"lazy\" \/>\n\t\t\t\t<img decoding=\"async\" src=\"https:\/\/211md.org\/wp-content\/uploads\/bb-plugin\/cache\/Call-center-specialst-circle-4e9ecd7b3425be4576416abc911049bb-.jpg\" alt=\"Specialista del call center\" itemprop=\"image\" title=\"Specialista del call center\" onerror=\"this.style.display='none'\" loading=\"lazy\" \/>\n<h2>Chiama il 211<\/h2><p>Parla con una persona premurosa e compassionevole 24 ore su 24, 7 giorni su 7. Pu\u00f2 anche metterti in contatto con delle risorse.\u00a0<\/p>\n\t\t\t<a href=\"tel:%20+211\" target=\"_blank\" rel=\"noopener\">\n\t\t\t\t\t\tChiama il 211 (cellulare)\n\t\t\t\t\t<\/a>\n<h2>\n\t\t\tInformazioni correlate sulle esigenze occupazionali\t<\/h2>\n\t\t<h4><a href=\"\/it\/risorse\/invecchiamento-disabilita\/?utm_source=Home&#038;utm_medium=Referral&#038;utm_campaign=211Resources&#038;utm_content=Aging\" target=\"_self\">Invecchiamento e disabilit\u00e0<\/a><\/h4>\n\t\t\t\t<a href=\"\/it\/risorse\/invecchiamento-disabilita\/?utm_source=Home&#038;utm_medium=Referral&#038;utm_campaign=211Resources&#038;utm_content=Aging\"  target=\"_self\" itemprop=\"url\">\n\t\t\t\t<img decoding=\"async\" src=\"https:\/\/211md.org\/wp-content\/uploads\/bb-plugin\/cache\/2025_MdInfoNet_Icon-Sets_Aging-disability-square-c466727102cae71e5f27b8539bb51945-.png\" alt=\"\" itemprop=\"image\" onerror=\"this.style.display='none'\" loading=\"lazy\" \/>\n\t\t\t\t<\/a>\n\t\t<h4><a href=\"\/it\/risorse\/bambini-famiglie\/?utm_source=Home&#038;utm_medium=Referral&#038;utm_campaign=211Resources&#038;utm_content=Children\" target=\"_self\">Bambini e famiglie<\/a><\/h4>\n\t\t\t\t<a href=\"\/it\/risorse\/bambini-famiglie\/?utm_source=Home&#038;utm_medium=Referral&#038;utm_campaign=211Resources&#038;utm_content=Children\"  target=\"_self\" itemprop=\"url\">\n\t\t\t\t<img decoding=\"async\" src=\"https:\/\/211md.org\/wp-content\/uploads\/bb-plugin\/cache\/2025_211_Icon-Sets_Child-care-square-f3b0d4edab3dcc467fadb5f55f4064c6-.png\" alt=\"2025_211_Set di icone_Assistenza all&#039;infanzia\" itemprop=\"image\" height=\"417\" width=\"417\" title=\"2025_211_Set di icone_Assistenza all&#039;infanzia\" onerror=\"this.style.display='none'\" loading=\"lazy\" \/>\n\t\t\t\t<\/a>\n\t\t<h4><a href=\"\/it\/risorse\/violenza-domestica-familiare\/?utm_source=Home&#038;utm_medium=Referral&#038;utm_campaign=211Resources&#038;utm_content=Domestic\" target=\"_self\">Violenza domestica<\/a><\/h4>\n\t\t\t\t<a href=\"\/it\/risorse\/violenza-domestica-familiare\/?utm_source=Home&#038;utm_medium=Referral&#038;utm_campaign=211Resources&#038;utm_content=Domestic\"  target=\"_self\" itemprop=\"url\">\n\t\t\t\t<img decoding=\"async\" src=\"https:\/\/211md.org\/wp-content\/uploads\/bb-plugin\/cache\/2025_211_Icon-Sets_Domestic-Violence-square-7b597694a6f05fe90cdc376aa573bc63-.png\" alt=\"Icona della violenza domestica\" itemprop=\"image\" height=\"417\" width=\"417\" title=\"2025_211_Set di icone_Violenza domestica\" onerror=\"this.style.display='none'\" loading=\"lazy\" \/>\n\t\t\t\t<\/a>\n\t\t<h4><a href=\"\/it\/risorse\/ricerca-occupazione\/?utm_source=Home&#038;utm_medium=Referral&#038;utm_campaign=211Resources&#038;utm_content=Employment\" target=\"_self\">Occupazione<\/a><\/h4>\n\t\t\t\t<a href=\"\/it\/risorse\/ricerca-occupazione\/?utm_source=Home&#038;utm_medium=Referral&#038;utm_campaign=211Resources&#038;utm_content=Employment\"  target=\"_self\" itemprop=\"url\">\n\t\t\t\t<img decoding=\"async\" src=\"https:\/\/211md.org\/wp-content\/uploads\/bb-plugin\/cache\/2025_MdInfoNet_Icon-Sets_Employment-square-44707bd410e4df10a470bf130ebcea86-.png\" alt=\"\" itemprop=\"image\" onerror=\"this.style.display='none'\" loading=\"lazy\" \/>\n\t\t\t\t<\/a>\n\t\t<h4><a href=\"\/it\/risorse\/assistenza-sanitaria\/?utm_source=Home&#038;utm_medium=Referral&#038;utm_campaign=211Resources&#038;utm_content=Health%20Care\" target=\"_self\">Assistenza sanitaria<\/a><\/h4>\n\t\t\t\t<a href=\"\/it\/risorse\/assistenza-sanitaria\/?utm_source=Home&#038;utm_medium=Referral&#038;utm_campaign=211Resources&#038;utm_content=Health%20Care\"  target=\"_self\" itemprop=\"url\">\n\t\t\t\t<img decoding=\"async\" src=\"https:\/\/211md.org\/wp-content\/uploads\/bb-plugin\/cache\/2025_MdInfoNet_Icon-Sets_Health-Care-square-dee98a0060cbe0e7f27eda253fc12679-.png\" alt=\"\" itemprop=\"image\" onerror=\"this.style.display='none'\" loading=\"lazy\" \/>\n\t\t\t\t<\/a>\n\t\t<h4><a href=\"\/it\/risorse\/bambini-famiglie\/parentela-cura\/?utm_source=Home&#038;utm_medium=Referral&#038;utm_campaign=211Resources&#038;utm_content=Kinship\" target=\"_self\">Parentela<\/a><\/h4>\n\t\t\t\t<a href=\"\/it\/risorse\/bambini-famiglie\/parentela-cura\/?utm_source=Home&#038;utm_medium=Referral&#038;utm_campaign=211Resources&#038;utm_content=Kinship\"  target=\"_self\" itemprop=\"url\">\n\t\t\t\t<img decoding=\"async\" src=\"https:\/\/211md.org\/wp-content\/uploads\/bb-plugin\/cache\/2025_211_Icon-Sets_Kinship-square-45bdf872866f5735f842c32071109267-.png\" alt=\"Icona di parentela\" itemprop=\"image\" height=\"417\" width=\"417\" title=\"2025_211_Set di icone_Parentela\" onerror=\"this.style.display='none'\" loading=\"lazy\" \/>\n\t\t\t\t<\/a>\n\t\t<h4><a href=\"\/it\/risorse\/servizi-legali\/?utm_source=Home&#038;utm_medium=Referral&#038;utm_campaign=211Resources&#038;utm_content=Legal\" target=\"_self\">Servizi legali<\/a><\/h4>\n\t\t\t\t<a href=\"\/it\/risorse\/servizi-legali\/?utm_source=Home&#038;utm_medium=Referral&#038;utm_campaign=211Resources&#038;utm_content=Legal\"  target=\"_self\" itemprop=\"url\">\n\t\t\t\t<img decoding=\"async\" src=\"https:\/\/211md.org\/wp-content\/uploads\/bb-plugin\/cache\/2025_MdInfoNet_Icon-Sets_Legal-square-18fdf438feb8435588174d9046463257-.png\" alt=\"\" itemprop=\"image\" onerror=\"this.style.display='none'\" loading=\"lazy\" \/>\n\t\t\t\t<\/a>\n\t\t<h4><a href=\"\/it\/risorse\/salute-mentale\/?utm_source=Home&#038;utm_medium=Referral&#038;utm_campaign=211Resources&#038;utm_content=Mental\" target=\"_self\">Salute mentale<\/a><\/h4>\n\t\t\t\t<a href=\"\/it\/risorse\/salute-mentale\/?utm_source=Home&#038;utm_medium=Referral&#038;utm_campaign=211Resources&#038;utm_content=Mental\"  target=\"_self\" itemprop=\"url\">\n\t\t\t\t<img decoding=\"async\" src=\"https:\/\/211md.org\/wp-content\/uploads\/bb-plugin\/cache\/2025_MdInfoNet_Icon-Sets_Mental-Health-square-c59b38c4a993a947d4c9280fbe2d2fee-.png\" alt=\"\" itemprop=\"image\" onerror=\"this.style.display='none'\" loading=\"lazy\" \/>\n\t\t\t\t<\/a>\n\t\t<h4><a href=\"\/it\/risorse\/mdreentry\/?utm_source=Home&#038;utm_medium=Referral&#038;utm_campaign=211Resources&#038;utm_content=Reentry\" target=\"_self\">Rientro<\/a><\/h4>\n\t\t\t\t<a href=\"\/it\/risorse\/mdreentry\/?utm_source=Home&#038;utm_medium=Referral&#038;utm_campaign=211Resources&#038;utm_content=Reentry\"  target=\"_self\" itemprop=\"url\">\n\t\t\t\t<img decoding=\"async\" src=\"https:\/\/211md.org\/wp-content\/uploads\/bb-plugin\/cache\/2025_211_Icon-Sets_Reentry-square-8676fea38abd920a832f45642fe31cca-.png\" alt=\"Icona di rientro\" itemprop=\"image\" height=\"417\" width=\"417\" title=\"2025_211_Set di icone_Rientro\" onerror=\"this.style.display='none'\" loading=\"lazy\" \/>\n\t\t\t\t<\/a>\n\t\t<h4><a href=\"\/it\/risorse\/uso-di-sostanze\/?utm_source=Home&#038;utm_medium=Referral&#038;utm_campaign=211Resources&#038;utm_content=Substance\" target=\"_self\">Uso di sostanze<\/a><\/h4>\n\t\t\t\t<a href=\"\/it\/risorse\/uso-di-sostanze\/?utm_source=Home&#038;utm_medium=Referral&#038;utm_campaign=211Resources&#038;utm_content=Substance\"  target=\"_self\" itemprop=\"url\">\n\t\t\t\t<img decoding=\"async\" src=\"https:\/\/211md.org\/wp-content\/uploads\/bb-plugin\/cache\/2025_MdInfoNet_Icon-Sets_Substance-Abuse-square-9022fec9d18a64118ad685c101885b55-.png\" alt=\"\" itemprop=\"image\" onerror=\"this.style.display='none'\" loading=\"lazy\" \/>\n\t\t\t\t<\/a>\n\t\t<h4><a href=\"\/it\/risorse\/veterani\/?utm_source=Home&#038;utm_medium=Referral&#038;utm_campaign=211Resources&#038;utm_content=Veterans\" target=\"_self\">Veterani<\/a><\/h4>\n\t\t\t\t<a href=\"\/it\/risorse\/veterani\/?utm_source=Home&#038;utm_medium=Referral&#038;utm_campaign=211Resources&#038;utm_content=Veterans\"  target=\"_self\" itemprop=\"url\">\n\t\t\t\t<img decoding=\"async\" src=\"https:\/\/211md.org\/wp-content\/uploads\/bb-plugin\/cache\/2025_MdInfoNet_Icon-Sets_Rating-square-6e60d00cce4faa8e0a6d4ad7366aa733-.png\" alt=\"\" itemprop=\"image\" onerror=\"this.style.display='none'\" loading=\"lazy\" \/>\n\t\t\t\t<\/a>","protected":false},"excerpt":{"rendered":"<p>I dipendenti del Maryland che perdono il lavoro per cause indipendenti dalla loro volont\u00e0 possono avere diritto all&#039;indennit\u00e0 di disoccupazione. Il programma fornisce sussidi di disoccupazione temporanei (UI) per sostituire parte del reddito. Nel Maryland, le persone devono presentare domanda settimanalmente e verificare di essere attivamente alla ricerca di un lavoro. Scopri come richiedere i sussidi, ottenere l&#039;assicurazione sanitaria...<\/p>","protected":false},"author":8,"featured_media":33905,"parent":924,"menu_order":0,"comment_status":"closed","ping_status":"closed","template":"","meta":{"footnotes":""},"class_list":["post-985","page","type-page","status-publish","has-post-thumbnail","hentry"],"_links":{"self":[{"href":"https:\/\/211md.org\/it\/wp-json\/wp\/v2\/pages\/985","targetHints":{"allow":["GET"]}}],"collection":[{"href":"https:\/\/211md.org\/it\/wp-json\/wp\/v2\/pages"}],"about":[{"href":"https:\/\/211md.org\/it\/wp-json\/wp\/v2\/types\/page"}],"author":[{"embeddable":true,"href":"https:\/\/211md.org\/it\/wp-json\/wp\/v2\/users\/8"}],"replies":[{"embeddable":true,"href":"https:\/\/211md.org\/it\/wp-json\/wp\/v2\/comments?post=985"}],"version-history":[{"count":5,"href":"https:\/\/211md.org\/it\/wp-json\/wp\/v2\/pages\/985\/revisions"}],"predecessor-version":[{"id":34019,"href":"https:\/\/211md.org\/it\/wp-json\/wp\/v2\/pages\/985\/revisions\/34019"}],"up":[{"embeddable":true,"href":"https:\/\/211md.org\/it\/wp-json\/wp\/v2\/pages\/924"}],"wp:featuredmedia":[{"embeddable":true,"href":"https:\/\/211md.org\/it\/wp-json\/wp\/v2\/media\/33905"}],"wp:attachment":[{"href":"https:\/\/211md.org\/it\/wp-json\/wp\/v2\/media?parent=985"}],"curies":[{"name":"scrivere","href":"https:\/\/api.w.org\/{rel}","templated":true}]}}