{"id":1000,"date":"2021-04-16T18:12:42","date_gmt":"2021-04-16T18:12:42","guid":{"rendered":"https:\/\/211md.org\/?page_id=1000"},"modified":"2025-06-09T13:52:06","modified_gmt":"2025-06-09T17:52:06","slug":"suspeito-de-abuso","status":"publish","type":"page","link":"https:\/\/211md.org\/pt\/resources\/aging-disability\/suspect-abuse\/","title":{"rendered":"Suspeita de abuso?"},"content":{"rendered":"<h2>Reportar Suspeita de Abuso<\/h2>\n<p>Para relatar suspeita de abuso: Ligue para 1-800-917-7383, 24 horas por dia, de qualquer lugar dentro do estado de MD ou\u00a0<a href=\"https:\/\/dhr.maryland.gov\/child-protective-services\/reporting-suspected-child-abuse-or-neglect\/local-offices\/\" target=\"_blank\" rel=\"noreferrer noopener\">Clique aqui<\/a>\u00a0para encontrar o n\u00famero do Departamento de Servi\u00e7os Sociais local, escrit\u00f3rio de Servi\u00e7os de Prote\u00e7\u00e3o a Adultos.<\/p>\n<p>Os Servi\u00e7os de Prote\u00e7\u00e3o para Adultos (APS) s\u00e3o um programa que atende adultos com 18 anos ou mais que est\u00e3o em situa\u00e7\u00e3o de vulnerabilidade e em risco ou sofrendo explora\u00e7\u00e3o e danos. Eles investigam situa\u00e7\u00f5es de suspeita de abuso e prestam servi\u00e7os profissionais destinados a proteger o bem-estar de adultos vulner\u00e1veis. H\u00e1 uma variedade de tipos de abuso e neglig\u00eancia que justificam uma den\u00fancia aos Servi\u00e7os de Prote\u00e7\u00e3o de Adultos:<\/p>\n<ul>\n<li><strong>Abuso F\u00edsico<\/strong>\u00a0\u2013 infligir dor f\u00edsica ou les\u00e3o a um idoso, por exemplo, esbofeteando, machucando ou restringindo por meios f\u00edsicos ou qu\u00edmicos.<\/li>\n<li><strong>Abuso sexual<\/strong>\u00a0\u2013 contato sexual n\u00e3o consensual de qualquer tipo.<\/li>\n<li><strong>Neglig\u00eancia<\/strong>\u00a0\u2013 a falha por parte dos respons\u00e1veis em fornecer comida, abrigo, cuidados de sa\u00fade ou protec\u00e7\u00e3o a um idoso vulner\u00e1vel.<\/li>\n<li><strong>Explora\u00e7\u00e3o<\/strong>\u00a0\u2013 a tomada ilegal, uso indevido ou oculta\u00e7\u00e3o de fundos, propriedades ou bens de um idoso em benef\u00edcio de outra pessoa.<\/li>\n<li><strong>Abuso emocional<\/strong>\u00a0\u2013 infligir dor mental, ang\u00fastia ou ang\u00fastia a uma pessoa idosa atrav\u00e9s de atos verbais ou n\u00e3o-verbais, por exemplo, humilhantes, intimidantes ou amea\u00e7adores.<\/li>\n<li><strong>Abandono<\/strong>\u00a0\u2013 abandono de um idoso vulner\u00e1vel por qualquer pessoa que tenha assumido a responsabilidade pelo cuidado ou cust\u00f3dia dessa pessoa.<\/li>\n<li><strong>auto-neglig\u00eancia<\/strong>\u00a0\u2013 caracterizada como a falha de uma pessoa em realizar tarefas essenciais de autocuidado e que tal falha amea\u00e7a sua pr\u00f3pria sa\u00fade ou seguran\u00e7a.<\/li>\n<\/ul>\n<p><em>(retirado do site do Administration on Aging-National Center on Elder Abuse,\u00a0<a href=\"https:\/\/ncea.acl.gov\/\" target=\"_blank\" rel=\"noreferrer noopener\">Para mais informa\u00e7\u00f5es, clique aqui<\/a>)<\/em><\/p>\n\t<h2>Sinais de abuso<\/h2>\n<p>Assim como existem v\u00e1rios tipos de abuso, existem v\u00e1rios sinais de abuso. Esses incluem:<\/p>\n\t<h3>Abuso F\u00edsico<\/h3>\n<ul>\n<li>cortes, hematomas, verg\u00f5es ou feridas<\/li>\n<li>queimaduras<\/li>\n<li>parecendo desleixado, sujo, fedorento<\/li>\n<li>desnutrido<\/li>\n<li>uma condi\u00e7\u00e3o m\u00e9dica n\u00e3o tratada<\/li>\n<li>les\u00f5es que parecem incomuns<\/li>\n<\/ul>\n<h3>Comportamental<\/h3>\n<ul>\n<li>raiva<\/li>\n<li>depress\u00e3o<\/li>\n<li>confus\u00e3o<\/li>\n<li>temer<\/li>\n<li>desamparo<\/li>\n<li>vergonha<\/li>\n<\/ul>\n<ul>\n\n<\/ul>\n\t<h3>Social<\/h3>\n<ul>\n<li>retirada de isolamento de amigos, familiares e atividades<\/li>\n<li>abuso de subst\u00e2ncias, atua\u00e7\u00e3o<\/li>\n<li>dificuldade em falar livremente<\/li>\n<\/ul>\n<p>&nbsp;<\/p>\n<h3>Financeiro<\/h3>\n<ul>\n<li>atividades de gastos incomuns<\/li>\n<li>mudando de conta banc\u00e1ria<\/li>\n<li>contas n\u00e3o pagas<\/li>\n<li>assinaturas em cheques e outros documentos n\u00e3o coincidem<\/li>\n\n<\/ul>\n\t<p><a href=\"https:\/\/dhr.maryland.gov\/child-protective-services\/reporting-suspected-child-abuse-or-neglect\/signs-neglect-abuse\/\" target=\"_blank\" rel=\"noreferrer noopener\">Clique aqui para ver um documento do Departamento de Servi\u00e7os Humanos do MD com informa\u00e7\u00f5es adicionais sobre sinais de abuso.<\/a><\/p>\n<p>Embora todos possam e sejam incentivados a fazer uma den\u00fancia \u00e0 APS sobre suspeitas de abuso (n\u00e3o precisa de provas), existem v\u00e1rios grupos de pessoas que s\u00e3o legalmente obrigados a faz\u00ea-lo. Estes incluem: profissionais de sa\u00fade, trabalhadores de servi\u00e7os humanos e pol\u00edcia e s\u00e3o chamados de rep\u00f3rteres mandatados.<\/p>\n<p>Uma den\u00fancia pode ser feita anonimamente, e qualquer pessoa que a fa\u00e7a de &quot;boa-f\u00e9&quot; est\u00e1 legalmente protegida contra responsabilidade civil e san\u00e7\u00f5es penais. No entanto, se tiver d\u00favidas adicionais ou n\u00e3o se sentir \u00e0 vontade para faz\u00ea-lo, ligue para 211 para obter orienta\u00e7\u00e3o e assist\u00eancia.<\/p>\n<p>Ao fazer uma den\u00fancia, o trabalhador da APS solicitar\u00e1 diversas informa\u00e7\u00f5es. Isto provavelmente incluir\u00e1: nome, idade, endere\u00e7o e localiza\u00e7\u00e3o do adulto vulner\u00e1vel, informa\u00e7\u00f5es sobre a pessoa respons\u00e1vel pelos seus cuidados, uma descri\u00e7\u00e3o da \u201cnatureza e extens\u00e3o\u201d do abuso, bem como outras informa\u00e7\u00f5es relevantes. Mesmo que voc\u00ea n\u00e3o tenha muitas informa\u00e7\u00f5es detalhadas e n\u00e3o tenha certeza sobre certas partes da situa\u00e7\u00e3o, \u00e9 melhor ligar para a APS e fornecer as informa\u00e7\u00f5es que voc\u00ea possui para que possam avaliar o relat\u00f3rio e decidir a melhor forma de proceder.<\/p>\n<p>H\u00e1 situa\u00e7\u00f5es em que \u00e9 feita uma den\u00fancia \u00e0 APS e por n\u00e3o cumprirem a sua defini\u00e7\u00e3o\/padr\u00f5es de abuso, n\u00e3o investigam nem interv\u00eam. Se ainda forem necess\u00e1rios assist\u00eancia e recursos adicionais nestas situa\u00e7\u00f5es, poder\u00e1 ser ben\u00e9fico contactar alguns dos seguintes tipos de ag\u00eancias e servi\u00e7os:<\/p>\n<ul>\n<li>\n<ul>\n<li><em><strong>Gest\u00e3o de caso -<\/strong><\/em>\u00a0Alguns programas trabalham com idosos e adultos vulner\u00e1veis para avaliar as suas necessidades; desenvolver planos de cuidados; servi\u00e7os de acesso; coordenar a presta\u00e7\u00e3o dos servi\u00e7os necess\u00e1rios; garantir que os servi\u00e7os sejam obtidos e acompanhar e monitorar o progresso.<\/li>\n<li><em><strong>Informa\u00e7\u00e3o e Assist\u00eancia S\u00eanior \u2013<\/strong><\/em>\u00a0Cada condado de Maryland e da cidade de Baltimore possui um escrit\u00f3rio de informa\u00e7\u00f5es e assist\u00eancia para idosos, projetado para atender idosos e fornecer informa\u00e7\u00f5es e refer\u00eancias a recursos comunit\u00e1rios. Especialistas treinados avaliar\u00e3o as necessidades e direcionar\u00e3o os chamadores de forma adequada.\u00a0<a href=\"http:\/\/www.aging.maryland.gov\/Pages\/ProgramsAndServices.aspx\" target=\"_blank\" rel=\"noreferrer noopener\">Clique para obter uma lista de escrit\u00f3rios de informa\u00e7\u00e3o e assist\u00eancia s\u00eanior\u00a0<\/a><\/li>\n<li><em><strong>Ponto de acesso de Maryland (MAP) \u2013<\/strong><\/em>\u00a0Muitos condados em Maryland e na cidade de Baltimore t\u00eam um escrit\u00f3rio de ponto de acesso em Maryland. Esses escrit\u00f3rios foram projetados para servir como um ponto \u00fanico de entrada para v\u00e1rios programas e recursos destinados a ajudar idosos e adultos (18+) com defici\u00eancia. Os especialistas avaliar\u00e3o as necessidades e far\u00e3o os encaminhamentos apropriados.\u00a0<a href=\"https:\/\/www.marylandaccesspoint.info\/consumer\/connect.php\" target=\"_blank\" rel=\"noreferrer noopener\">Clique para encontrar um escrit\u00f3rio da MAP na sua \u00e1rea<\/a><\/li>\n<li><em><strong>211 &#8211;<\/strong><\/em> Estamos dispon\u00edveis 24 horas por dia, 7 dias por semana, para conectar os solicitantes com uma ampla variedade de recursos de sa\u00fade e humanos em suas comunidades. Especialistas treinados avaliar\u00e3o as necessidades e fornecer\u00e3o os encaminhamentos adequados. Para entrar em contato conosco, basta ligar para 211.<\/li>\n<\/ul>\n<\/li>\n<\/ul>\n<h2>Informa\u00e7\u00e3o relacionada<\/h2>\n<p><a href=\"https:\/\/211md.org\/pt\/recursos\/envelhecimento-incapacidade\/assistencia-medica\/\">Benef\u00edcios do Medicare<\/a><\/p>\n<p><a href=\"https:\/\/211md.org\/pt\/recursos\/envelhecimento-incapacidade\/suspeito-de-abuso\/\">Suspeita de abuso?<\/a><\/p>\n<p><a href=\"https:\/\/marylandaccesspoint.211md.org\/\" target=\"_blank\" rel=\"noopener\">Ponto de acesso de Maryland (MAP)<\/a><\/p>\n<p><a href=\"https:\/\/211md.org\/pt\/recursos\/envelhecimento-incapacidade\/senior-housing\/\">Resid\u00eancia S\u00eanior<\/a><\/p>\n<h2>\n\t\t\tEncontrar recursos\t<\/h2>\n\t\t\t\t<a href=\"\/pt\/recursos\/envelhecimento-incapacidade\/\"  target=\"_self\" itemprop=\"url\">\n\t\t\t\t<img decoding=\"async\" src=\"https:\/\/211md.org\/wp-content\/uploads\/bb-plugin\/cache\/Mask-Group-41@2x-circle-73eaadba4cad8269faa4720e25cf1c85-.png\" alt=\"Os p\u00e9s de uma mulher mais velha e uma mulher mais jovem caminhando juntos\" itemprop=\"image\" height=\"500\" width=\"500\" title=\"Servi\u00e7os para deficientes\" onerror=\"this.style.display='none'\" loading='lazy' \/>\n\t\t\t\t<\/a>\n\t\t<h3><a href=\"\/pt\/recursos\/envelhecimento-incapacidade\/\" target=\"_self\">Envelhecimento e Defici\u00eancia<\/a><\/h3>\t\n\t\t\t\t<a href=\"\/pt\/recursos\/criancas-familias\/\"  target=\"_self\" itemprop=\"url\">\n\t\t\t\t<img decoding=\"async\" src=\"https:\/\/211md.org\/wp-content\/uploads\/bb-plugin\/cache\/Mask-Group-38@2x-circle-ac40d46265fbec62083cd27f6dcf23b0-.png\" alt=\"Um menino e uma menina sorrindo e olhando para a c\u00e2mera\" itemprop=\"image\" height=\"500\" width=\"500\" title=\"Grupo de m\u00e1scara 38@2x\" onerror=\"this.style.display='none'\" loading='lazy' \/>\n\t\t\t\t<\/a>\n\t\t<h3><a href=\"\/pt\/recursos\/criancas-familias\/\" target=\"_self\">Crian\u00e7as e Fam\u00edlias<\/a><\/h3>\t\n\t\t\t\t<a href=\"\/pt\/recursos\/violencia-domestica-familiar\/\"  target=\"_self\" itemprop=\"url\">\n\t\t\t\t<img decoding=\"async\" src=\"https:\/\/211md.org\/wp-content\/uploads\/bb-plugin\/cache\/Mask-Group-39@2x-circle-b2589197a13c791d910f46dd10b27a87-.png\" alt=\"Dois pares de m\u00e3os segurando um ao outro\" itemprop=\"image\" height=\"500\" width=\"500\" title=\"Grupo de m\u00e1scara 39@2x\" onerror=\"this.style.display='none'\" loading='lazy' \/>\n\t\t\t\t<\/a>\n\t\t<h3><a href=\"\/pt\/recursos\/violencia-domestica-familiar\/\" target=\"_self\">Viol\u00eancia Dom\u00e9stica\/Familiar<\/a><\/h3>\t\n\t\t\t\t<a href=\"\/pt\/recursos\/procura-de-emprego\/\"  target=\"_self\" itemprop=\"url\">\n\t\t\t\t<img decoding=\"async\" src=\"https:\/\/211md.org\/wp-content\/uploads\/bb-plugin\/cache\/Employment-circle-bf72562329e950df948954f5d3f44b2e-.png\" alt=\"um mec\u00e2nico de autom\u00f3veis\" itemprop=\"image\" height=\"500\" width=\"500\" title=\"Emprego\" onerror=\"this.style.display='none'\" loading='lazy' \/>\n\t\t\t\t<\/a>\n\t\t<h3><a href=\"\/pt\/recursos\/procura-de-emprego\/\" target=\"_self\">Emprego<\/a><\/h3>\t\n\t\t\t\t<a href=\"\/pt\/recursos\/cuidados-de-saude\/\"  target=\"_self\" itemprop=\"url\">\n\t\t\t\t<img decoding=\"async\" src=\"https:\/\/211md.org\/wp-content\/uploads\/bb-plugin\/cache\/Mask-Group-35@2x-circle-94be10c13e4adae1683b4589dc2f5b2f-.png\" alt=\"Doutor olhando para a perna de meninos\" itemprop=\"image\" height=\"500\" width=\"500\" title=\"Grupo de m\u00e1scara 35@2x\" onerror=\"this.style.display='none'\" loading='lazy' \/>\n\t\t\t\t<\/a>\n\t\t<h3><a href=\"\/pt\/recursos\/cuidados-de-saude\/\" target=\"_self\">Cuidados de sa\u00fade<\/a><\/h3>\t\n\t\t\t\t<a href=\"\/pt\/recursos\/comida\/\"  target=\"_self\" itemprop=\"url\">\n\t\t\t\t<img decoding=\"async\" src=\"https:\/\/211md.org\/wp-content\/uploads\/bb-plugin\/cache\/Mask-Group-32@2x-circle-1c6d647dcaf998fa079d26735cedc92b-.png\" alt=\"Vegetais frescos\" itemprop=\"image\" height=\"500\" width=\"500\" title=\"Grupo de m\u00e1scara 32@2x\" onerror=\"this.style.display='none'\" loading='lazy' \/>\n\t\t\t\t<\/a>\n\t\t<h3><a href=\"\/pt\/recursos\/comida\/\" target=\"_self\">Comida<\/a><\/h3>\t\n\t\t\t\t<a href=\"\/pt\/recursos\/casa-abrigo\/\"  target=\"_self\" itemprop=\"url\">\n\t\t\t\t<img decoding=\"async\" src=\"https:\/\/211md.org\/wp-content\/uploads\/bb-plugin\/cache\/Mask-Group-34@2x-circle-b99c55fc16ef21f35e2f2a1f7cc37b9a-.png\" alt=\"Varanda do complexo de apartamentos\" itemprop=\"image\" height=\"500\" width=\"500\" title=\"Complexo de apartamentos\" onerror=\"this.style.display='none'\" loading='lazy' \/>\n\t\t\t\t<\/a>\n\t\t<h3><a href=\"\/pt\/recursos\/casa-abrigo\/\" target=\"_self\">Habita\u00e7\u00e3o e Abrigo<\/a><\/h3>\t\n\t\t\t\t<a href=\"\/pt\/recursos\/novo-para-nos-e-marilandia\/\"  target=\"_self\" itemprop=\"url\">\n\t\t\t\t<img decoding=\"async\" src=\"https:\/\/211md.org\/wp-content\/uploads\/bb-plugin\/cache\/American-flag-circle-0016cc327e27ef7aeb080f1da6c6e98b-.jpg\" alt=\"novidade nos estados unidos\" itemprop=\"image\" height=\"364\" width=\"1366\" title=\"Bandeira americana\" onerror=\"this.style.display='none'\" loading='lazy' \/>\n\t\t\t\t<\/a>\n\t\t<h3><a href=\"\/pt\/recursos\/novo-para-nos-e-marilandia\/\" target=\"_self\">Imigra\u00e7\u00e3o<\/a><\/h3>\t\n\t\t\t\t<a href=\"\/pt\/recursos\/criancas-familias\/cuidados-de-parentesco\/\"  target=\"_self\" itemprop=\"url\">\n\t\t\t\t<img decoding=\"async\" src=\"https:\/\/211md.org\/wp-content\/uploads\/bb-plugin\/cache\/kinship-family-navigating-a-computer-circle-045fee9d587aefb20221bfea41a2cf9b-.png\" alt=\"fam\u00edlia de parentesco navegando em um computador\" itemprop=\"image\" title=\"fam\u00edlia de parentesco navegando em um computador\" onerror=\"this.style.display='none'\" loading='lazy' \/>\n\t\t\t\t<\/a>\n\t\t<h3><a href=\"\/pt\/recursos\/criancas-familias\/cuidados-de-parentesco\/\" target=\"_self\">Parentesco<\/a><\/h3>\t\n\t\t\t\t<a href=\"\/pt\/recursos\/servicos-legais\/\"  target=\"_self\" itemprop=\"url\">\n\t\t\t\t<img decoding=\"async\" src=\"https:\/\/211md.org\/wp-content\/uploads\/bb-plugin\/cache\/Housing-Legal-circle-9a8f3c1c72c54b6e1ce612d2993c1ad4-.png\" alt=\"Gavel legal com um modelo de pl\u00e1stico de uma casa ao lado\" itemprop=\"image\" height=\"348\" width=\"460\" title=\"Habita\u00e7\u00e3o Legal\" onerror=\"this.style.display='none'\" loading='lazy' \/>\n\t\t\t\t<\/a>\n\t\t<h3><a href=\"\/pt\/recursos\/servicos-legais\/\" target=\"_self\">Servi\u00e7os legais<\/a><\/h3>\t\n\t\t\t\t<a href=\"\/pt\/recursos\/saude-mental\/\"  target=\"_self\" itemprop=\"url\">\n\t\t\t\t<img decoding=\"async\" src=\"https:\/\/211md.org\/wp-content\/uploads\/bb-plugin\/cache\/Mask-Group-40@2x-circle-7bd9426367852fb3d841bc4bdc57a550-.png\" alt=\"Os perfis de um homem e uma mulher\" itemprop=\"image\" height=\"500\" width=\"500\" title=\"Grupo de m\u00e1scara 40@2x\" onerror=\"this.style.display='none'\" loading='lazy' \/>\n\t\t\t\t<\/a>\n\t\t<h3><a href=\"\/pt\/recursos\/saude-mental\/\" target=\"_self\">Sa\u00fade mental<\/a><\/h3>\t\n\t\t\t\t<a href=\"\/pt\/recursos\/mdreentry\/\"  target=\"_self\" itemprop=\"url\">\n\t\t\t\t<img decoding=\"async\" src=\"https:\/\/211md.org\/wp-content\/uploads\/bb-plugin\/cache\/Diverse-group-of-community-members-circle-4457c114cd48613bc79a0fb50060319c-.jpg\" alt=\"Grupo diversificado de membros da comunidade\" itemprop=\"image\" height=\"800\" width=\"1200\" title=\"Grupo diversificado de membros da comunidade\" onerror=\"this.style.display='none'\" loading='lazy' \/>\n\t\t\t\t<\/a>\n\t\t<h3><a href=\"\/pt\/recursos\/mdreentry\/\" target=\"_self\">Reentrada<\/a><\/h3>\t\n\t\t\t\t<a href=\"\/pt\/stophate\/\"  target=\"_self\" itemprop=\"url\">\n\t\t\t\t<img decoding=\"async\" src=\"https:\/\/211md.org\/wp-content\/uploads\/bb-plugin\/cache\/Background-section-MDStophate-circle-08e2bae1cf9f2ad6cc83e01e23da8cb9-.jpg\" alt=\"Background-section-MDStophate\" itemprop=\"image\" height=\"768\" width=\"1366\" title=\"Background-section-MDStophate\" onerror=\"this.style.display='none'\" loading='lazy' \/>\n\t\t\t\t<\/a>\n\t\t<h3><a href=\"\/pt\/stophate\/\" target=\"_self\">Pare de odiar<\/a><\/h3>\t\n\t\t\t\t<a href=\"\/pt\/recursos\/uso-de-substancias\/\"  target=\"_self\" itemprop=\"url\">\n\t\t\t\t<img decoding=\"async\" src=\"https:\/\/211md.org\/wp-content\/uploads\/bb-plugin\/cache\/Substance-Use-circle-ad2d564932dc31267e0c32a6fb2d915c-.png\" alt=\"P\u00edlulas para esmagar as m\u00e3os\" itemprop=\"image\" height=\"500\" width=\"500\" title=\"Uso de subst\u00e2ncias\" onerror=\"this.style.display='none'\" loading='lazy' \/>\n\t\t\t\t<\/a>\n\t\t<h3><a href=\"\/pt\/recursos\/uso-de-substancias\/\" target=\"_self\">Uso de subst\u00e2ncias<\/a><\/h3>\t\n\t\t\t\t<a href=\"\/pt\/recursos\/servicos-fiscais\/\"  target=\"_self\" itemprop=\"url\">\n\t\t\t\t<img decoding=\"async\" src=\"https:\/\/211md.org\/wp-content\/uploads\/bb-plugin\/cache\/Mask-Group-34-circle-166a606e37e61188c9a17d5e634cda3c-.png\" alt=\"Pessoa preenchendo a papelada do imposto de renda\" itemprop=\"image\" height=\"500\" width=\"500\" title=\"Grupo de m\u00e1scara 34\" onerror=\"this.style.display='none'\" loading='lazy' \/>\n\t\t\t\t<\/a>\n\t\t<h3><a href=\"\/pt\/recursos\/servicos-fiscais\/\" target=\"_self\">Servi\u00e7os fiscais<\/a><\/h3>\t\n\t\t\t\t<a href=\"\/pt\/recursos\/utilitario-assistencia\/\"  target=\"_self\" itemprop=\"url\">\n\t\t\t\t<img decoding=\"async\" src=\"https:\/\/211md.org\/wp-content\/uploads\/bb-plugin\/cache\/Mask-Group-37@2x-circle-9661a11b9c4082079c9a1f06bc539567-.png\" alt=\"Uma l\u00e2mpada acesa\" itemprop=\"image\" height=\"500\" width=\"500\" title=\"Grupo de m\u00e1scara 37@2x\" onerror=\"this.style.display='none'\" loading='lazy' \/>\n\t\t\t\t<\/a>\n\t\t<h3><a href=\"\/pt\/recursos\/utilitario-assistencia\/\" target=\"_self\">Assist\u00eancia de utilidade<\/a><\/h3>\t\n\t\t\t\t<a href=\"\/pt\/recursos\/veteranos\/\"  target=\"_self\" itemprop=\"url\">\n\t\t\t\t<img decoding=\"async\" src=\"https:\/\/211md.org\/wp-content\/uploads\/bb-plugin\/cache\/Veterans-circle-7c6972a59826c74f1f658f61df785fc3-.png\" alt=\"Um soldado apertando a m\u00e3o de algu\u00e9m e sorrindo\" itemprop=\"image\" title=\"veteranos\" onerror=\"this.style.display='none'\" loading='lazy' \/>\n\t\t\t\t<\/a>\n\t\t<h3><a href=\"\/pt\/recursos\/veteranos\/\" target=\"_self\">veteranos<\/a><\/h3>","protected":false},"excerpt":{"rendered":"<p>Denunciar suspeita de abuso Para denunciar suspeita de abuso: Ligue para 1-800-917-7383, 24 horas por dia, de qualquer lugar do estado de MD ou clique aqui para encontrar o n\u00famero do Departamento de Servi\u00e7os Sociais local, escrit\u00f3rio de Servi\u00e7os de Prote\u00e7\u00e3o a Adultos. O Servi\u00e7o de Prote\u00e7\u00e3o ao Adulto (APS) \u00e9 um programa que atende adultos com 18 anos ou mais que se encontrem em situa\u00e7\u00e3o de\u2026<\/p>","protected":false},"author":8,"featured_media":1597,"parent":840,"menu_order":0,"comment_status":"closed","ping_status":"closed","template":"","meta":{"footnotes":""},"class_list":["post-1000","page","type-page","status-publish","has-post-thumbnail","hentry"],"_links":{"self":[{"href":"https:\/\/211md.org\/pt\/wp-json\/wp\/v2\/pages\/1000","targetHints":{"allow":["GET"]}}],"collection":[{"href":"https:\/\/211md.org\/pt\/wp-json\/wp\/v2\/pages"}],"about":[{"href":"https:\/\/211md.org\/pt\/wp-json\/wp\/v2\/types\/page"}],"author":[{"embeddable":true,"href":"https:\/\/211md.org\/pt\/wp-json\/wp\/v2\/users\/8"}],"replies":[{"embeddable":true,"href":"https:\/\/211md.org\/pt\/wp-json\/wp\/v2\/comments?post=1000"}],"version-history":[{"count":2,"href":"https:\/\/211md.org\/pt\/wp-json\/wp\/v2\/pages\/1000\/revisions"}],"predecessor-version":[{"id":4684,"href":"https:\/\/211md.org\/pt\/wp-json\/wp\/v2\/pages\/1000\/revisions\/4684"}],"up":[{"embeddable":true,"href":"https:\/\/211md.org\/pt\/wp-json\/wp\/v2\/pages\/840"}],"wp:featuredmedia":[{"embeddable":true,"href":"https:\/\/211md.org\/pt\/wp-json\/wp\/v2\/media\/1597"}],"wp:attachment":[{"href":"https:\/\/211md.org\/pt\/wp-json\/wp\/v2\/media?parent=1000"}],"curies":[{"name":"wp","href":"https:\/\/api.w.org\/{rel}","templated":true}]}}