{"id":1003,"date":"2021-04-16T18:15:08","date_gmt":"2021-04-16T18:15:08","guid":{"rendered":"https:\/\/211md.org\/?page_id=1003"},"modified":"2026-03-03T15:25:48","modified_gmt":"2026-03-03T20:25:48","slug":"vale-refeicao","status":"publish","type":"page","link":"https:\/\/211md.org\/pt\/resources\/food\/food-stamps\/","title":{"rendered":"Vale-Refei\u00e7\u00e3o de Maryland\/Programa de Assist\u00eancia Nutricional Suplementar (SNAP)"},"content":{"rendered":"<figure data-animation-delay=\"0\" data-animation-duration=\"1\" itemscope itemtype=\"https:\/\/schema.org\/ImageObject\">\n\t\t\t\t<img decoding=\"async\" src=\"https:\/\/stg-maryland211-staging.kinsta.cloud\/wp-content\/uploads\/2025\/08\/5-1-scaled.png\" alt=\"5\" height=\"692\" width=\"2560\" title=\"5\" onerror=\"this.style.display='none'\" loading=\"lazy\" \/>\n\t<\/figure>\n\t\t<h2><a href=\"#start\" target=\"_self\">vale-refei\u00e7\u00e3o<\/a><\/h2><p>O Programa de Assist\u00eancia Nutricional Suplementar (SNAP), anteriormente conhecido como vale-alimenta\u00e7\u00e3o, fornece assist\u00eancia financeira a fam\u00edlias de baixa renda para que elas possam comprar alimentos.<\/p>\n<p>Para a maioria das fam\u00edlias, os benef\u00edcios do SNAP cobrem apenas alguns dos seus custos alimentares.\u00a0<\/p>\n<p>Saiba mais sobre o programa.\u00a0<\/p>\n\t\t\t<a href=\"#start\"  target=\"_self\">\n\t\t\t\t\t\tCome\u00e7ar\n\t\t\t\t\t<\/a>\n<figure data-animation-delay=\"0\" data-animation-duration=\"1\" itemscope itemtype=\"https:\/\/schema.org\/ImageObject\">\n\t\t\t\t<img decoding=\"async\" src=\"https:\/\/211md.org\/wp-content\/plugins\/bb-plugin\/img\/pixel.png\" alt=\"\" onerror=\"this.style.display='none'\" loading=\"lazy\" \/>\n\t<\/figure>\n<figure data-animation-delay=\"0\" data-animation-duration=\"1\" itemscope itemtype=\"https:\/\/schema.org\/ImageObject\">\n\t\t\t\t<img decoding=\"async\" src=\"http:\/\/211md.org\/wp-content\/uploads\/2025\/09\/Girl-unpacking-groceries.jpg\" alt=\"Menina desempacotando compras\" title=\"Menina desempacotando compras\" onerror=\"this.style.display='none'\" loading=\"lazy\" \/>\n\t<\/figure>\n\t\t<h2>Quem tem direito ao vale-refei\u00e7\u00e3o?<\/h2>\n\t\t<p>Voc\u00ea pode ter direito a vale-alimenta\u00e7\u00e3o (SNAP) se:<\/p>\n<ul>\n<li>trabalhar por baixos sal\u00e1rios<\/li>\n<li>est\u00e3o desempregados<\/li>\n<li>trabalhar meio per\u00edodo<\/li>\n<li>receber Assist\u00eancia Tempor\u00e1ria em Dinheiro (TCA) ou outra assist\u00eancia p\u00fablica<\/li>\n<li>s\u00e3o idosos ou deficientes e vivem com uma pequena renda<\/li>\n<li>est\u00e3o sem teto<\/li>\n<\/ul>\n<p>H\u00e1 <a href=\"https:\/\/dhs.maryland.gov\/supplemental-nutrition-assistance-program\/\" target=\"_blank\" rel=\"noopener\">renda<\/a> e requisitos de elegibilidade para se qualificar para vale-alimenta\u00e7\u00e3o ou benef\u00edcios do SNAP em Maryland. Uma entrevista tamb\u00e9m pode ser necess\u00e1ria.<\/p>\n<p>Responda a algumas perguntas r\u00e1pidas para descobrir se voc\u00ea \u00e9 eleg\u00edvel para o Programa de Assist\u00eancia Nutricional Suplementar e outros programas de benef\u00edcios.<\/p>\n<h3>Quanto dinheiro eu recebo?<\/h3>\n<p>Os benef\u00edcios do SNAP s\u00e3o baseados em:<\/p>\n<ul>\n<li>tamanho da fam\u00edlia<\/li>\n<li>renda<\/li>\n<li>circunst\u00e2ncias espec\u00edficas<\/li>\n<\/ul>\n<p>Os benef\u00edcios s\u00e3o baseados em uma f\u00f3rmula federal que determina quanto custa comprar alimentos para preparar refei\u00e7\u00f5es nutritivas e de baixo custo para sua fam\u00edlia.<\/p>\n<p>Os benef\u00edcios mudam anualmente.<\/p>\n<p>O 211 est\u00e1 sempre dispon\u00edvel para ajudar voc\u00ea a entender os benef\u00edcios do SNAP e encontrar comida para sua fam\u00edlia.<\/p>\n\t\t\t<a href=\"https:\/\/benefits.maryland.gov\/home\/#\/\" target=\"_blank\" rel=\"noopener\">\n\t\t\t\t\t\t\tCheck food stamp eligibility\n\t\t\t<\/a>\n\t<h2>Recursos alimentares populares<\/h2>\n<p>Search the 211 Community Resource Database for nearby organizations that can help with food. These are common searches to get started. Click the button below that fits the need, and then on the results page enter a ZIP code to find nearby locations.<\/p>\n\t\t\t<a href=\"https:\/\/search.211md.org\/search?query=BD-1800.2250&#038;query_label=Food+vouchers&#038;query_type=taxonomy&#038;utm_source=211&#038;utm_medium=Referral&#038;utm_campaign=Foodlink&#038;utm_content=Food%20Vouchers\" target=\"_blank\" rel=\"noopener\">\n\t\t\t\t\t\tvale alimenta\u00e7\u00e3o\n\t\t\t\t\t<\/a>\n\t\t\t<a href=\"https:\/\/search.211md.org\/search?query=Food+Banks+%26+Pantries&#038;query_label=Food+Banks+%26+Pantries&#038;query_type=taxonomy\" target=\"_blank\" rel=\"noopener\">\n\t\t\t\t\t\tBanco Alimentar\n\t\t\t\t\t<\/a>\n\t\t\t<a href=\"https:\/\/search.211md.org\/search?query=BD-1800.2250&#038;query_type=taxonomy&#038;query_label=&#038;utm_source=&#038;utm_medium=Referral&#038;utm_campaign=Foodlink&#038;utm_content=Fresh%20Food\" target=\"_blank\" rel=\"noopener\">\n\t\t\t\t\t\tComida fresca\n\t\t\t\t\t<\/a>\n\t\t\t<a href=\"https:\/\/search.211md.org\/search?query=BD-1800.8200-250&#038;query_label=Formula%2FBaby+Food&#038;query_type=taxonomy&#038;utm_source=&#038;utm_medium=Referral&#038;utm_campaign=Foodlink&#038;utm_content=Baby%20Formula\" target=\"_blank\" rel=\"noopener\">\n\t\t\t\t\t\tF\u00f3rmula\/comida para beb\u00ea\n\t\t\t\t\t<\/a>\n\t\t\t<a href=\"https:\/\/search.211md.org\/search?query=BD-2400.2590&#038;query_type=taxonomy&#038;query_label=&#038;utm_source=&#038;utm_medium=Referral&#038;utm_campaign=Foodlink&#038;utm_content=Grocery%20Delivery\" target=\"_blank\" rel=\"noopener\">\n\t\t\t\t\t\tEntrega de compras\n\t\t\t\t\t<\/a>\n\t\t\t<a href=\"https:\/\/search.211md.org\/search?query=food+pantry&#038;query_label=food+pantry&#038;query_type=text\" target=\"_blank\" rel=\"noopener\">\n\t\t\t\t\t\tDespensa\n\t\t\t\t\t<\/a>\n<figure data-animation-delay=\"0\" data-animation-duration=\"1\" itemscope itemtype=\"https:\/\/schema.org\/ImageObject\">\n\t\t\t\t<img decoding=\"async\" src=\"http:\/\/211md.org\/wp-content\/uploads\/2025\/09\/Buying-groceries-with-SNAP.jpg\" alt=\"Comprar mantimentos com SNAP\" title=\"Comprar mantimentos com SNAP\" onerror=\"this.style.display='none'\" loading=\"lazy\" \/>\n\t<\/figure>\n\t<h2>O que posso comprar?<\/h2>\n<p>Com vale-alimenta\u00e7\u00e3o ou benef\u00edcios do SNAP, os indiv\u00edduos podem comprar alimentos saud\u00e1veis como:<\/p>\n<ul>\n<li>frutas e vegetais frescos, congelados ou enlatados<\/li>\n<li>leite<\/li>\n<li>carne<\/li>\n<li>ovos<\/li>\n<li>mudas de vegetais e ervas para cultivar seus pr\u00f3prios alimentos<\/li>\n<\/ul>\n<p>Os mantimentos podem ser comprados no supermercado, on-line ou na feira livre.<\/p>\n\t<h3>Compras on-line<\/h3>\n<p>Voc\u00ea pode usar os benef\u00edcios do SNAP para comprar produtos frescos e mantimentos online em varejistas e marketplaces como Amazon, Walmart e ShopRite. As lojas participantes incluem Amazon, ShopRite e Walmart. <\/p>\n<p>Os benef\u00edcios do SNAP cobrir\u00e3o apenas alimentos qualificados e n\u00e3o taxas de entrega ou outras.<\/p>\n<p>Na Amazon, o alimento ter\u00e1 o r\u00f3tulo \u201cEleg\u00edvel para SNAP EBT\u201d. No entanto, voc\u00ea s\u00f3 ver\u00e1 isso depois de adicionar seu cart\u00e3o SNAP EBT \u00e0 sua conta Amazon.<\/p>\n<p>O Departamento de Servi\u00e7os Humanos, que supervisiona os benef\u00edcios do SNAP em Maryland, explica como usar seus benef\u00edcios do SNAP com supermercados on-line.\u00a0<\/p>\n\t\t\t<a href=\"https:\/\/dhs.maryland.gov\/documents\/COVID-19\/SNAP%20Online%20%20%205_28_20.pdf\" target=\"_blank\" rel=\"noopener\">\n\t\t\t\t\t\t\tSaiba mais sobre o Snap\n\t\t\t\t\t<\/a>\n\t<h2>Como se inscrever no SNAP<\/h2>\n<p>Existem tr\u00eas maneiras de se inscrever no Programa de Assist\u00eancia Nutricional Suplementar. Escolha a que melhor se adequa a voc\u00ea.<\/p>\n<p>As solicita\u00e7\u00f5es s\u00e3o analisadas no mesmo dia em que s\u00e3o recebidas. Algumas pessoas se qualificam para um benef\u00edcio acelerado em at\u00e9 7 dias ap\u00f3s a solicita\u00e7\u00e3o.<\/p>\n<p>A maioria das pessoas qualificadas pode receber os benef\u00edcios do SNAP em at\u00e9 30 dias ap\u00f3s o envio da solicita\u00e7\u00e3o.<\/p>\n\t\t\t<a href=\"https:\/\/ub.benefits.maryland.gov\/ub\/#\/one-app\/help-benefits\" target=\"_blank\" rel=\"noopener\">\n\t\t\t\t\t\t\tAplica\u00e7\u00e3o on-line\n\t\t\t\t\t<\/a>\n\t\t\t<a href=\"https:\/\/ub.benefits.maryland.gov\/ub\/#\/one-app\/help-benefits\" target=\"_blank\" rel=\"noopener\">\n\t\t\t\t\t\t\tEntre em contato com os Servi\u00e7os Sociais\n\t\t\t\t\t<\/a>\n\t\t\t<a href=\"https:\/\/dhs.maryland.gov\/documents\/DHS%20Forms\/FIA%20Forms\/English\/To-Apply-for-Assistance\/2--Fill-Out-App-for-Assistance\/9701-DHS-FIA-Application-for-Assistance-7.18.2024.pdf\" target=\"_blank\" rel=\"noopener\">\n\t\t\t\t\t\t\tbaixar aplicativo\n\t\t\t\t\t<\/a>\n\t<h3>Distribui\u00e7\u00e3o de vale-refei\u00e7\u00e3o<\/h3>\n<p>Os benef\u00edcios s\u00e3o carregados em um cart\u00e3o de Transfer\u00eancia Eletr\u00f4nica de Benef\u00edcios (EBT) e distribu\u00eddos mensalmente. Os fundos s\u00e3o distribu\u00eddos em um dia espec\u00edfico de cada m\u00eas, dependendo das tr\u00eas primeiras letras do seu sobrenome.\u00a0<a href=\"https:\/\/dhs.maryland.gov\/food-supplement-program\/food-supplement-benefits-schedule\/\" target=\"_blank\" rel=\"noopener\">Verifique em qual dia do m\u00eas voc\u00ea receber\u00e1 os benef\u00edcios<\/a>.\u00a0\u00a0<\/p>\n<p>Para verificar o saldo do seu cart\u00e3o EBT, ligue para o Maryland EBT Customer Call Center em 1-800-997-2222 ou visite\u00a0<a href=\"https:\/\/www.connectebt.com\/\" target=\"_blank\" rel=\"noopener\">Maryland EBT<\/a>.\u00a0<\/p>\n<h3>Recertificar a elegibilidade para benef\u00edcios<\/h3>\n<p>De tempos em tempos, voc\u00ea pode precisar recertificar sua elegibilidade para os benef\u00edcios. Selecione a redetermina\u00e7\u00e3o no <a href=\"https:\/\/mymdthink.maryland.gov\/home\/#\/\" target=\"_blank\" rel=\"noopener\">meuMDPENSAR<\/a>\u00a0painel e carregue as informa\u00e7\u00f5es necess\u00e1rias.\u00a0<\/p>\n<h3>Posso acumular benef\u00edcios?<\/h3>\n<p>Sim. Voc\u00ea pode acumular benef\u00edcios SNAP n\u00e3o utilizados de um m\u00eas para o outro. Os benef\u00edcios n\u00e3o utilizados permanecem nos cart\u00f5es EBT por at\u00e9 nove meses.<\/p>\n<figure data-animation-delay=\"0\" data-animation-duration=\"1\" itemscope itemtype=\"https:\/\/schema.org\/ImageObject\">\n\t\t\t\t<img decoding=\"async\" src=\"https:\/\/211md.org\/wp-content\/uploads\/2024\/07\/woman-shopping-at-farmers-market.jpg\" alt=\"mulher fazendo compras no mercado dos fazendeiros\" height=\"800\" width=\"1200\" title=\"mulher fazendo compras no mercado dos fazendeiros\" onerror=\"this.style.display='none'\" loading=\"lazy\" \/>\n\t<\/figure>\n<figure itemscope itemtype=\"https:\/\/schema.org\/ImageObject\">\n\t\t\t\t<img decoding=\"async\" src=\"http:\/\/211md.org\/wp-content\/uploads\/2022\/01\/Man-chatting-on-computer.jpg\" alt=\"Homem conversando no computador\" title=\"Homem conversando no computador\" onerror=\"this.style.display='none'\" loading=\"lazy\" \/>\n\t<\/figure>\n\t<h3>New work requirements<\/h3>\n<p>Starting in 2026, a larger group of SNAP recipients will be subject to work requirements. In Maryland, the new rules require these people to work, volunteer, or participate in a job-training program for at least 80 hours a month:<\/p>\n<ul>\n<li>Adults between the ages of 55 and 64<\/li>\n<li>Adults who have children age 14-17 living at home<\/li>\n<li>veteranos<\/li>\n<li>Young adults who aged out of out-of-home care under age 24<\/li>\n<li>Unhoused people<\/li>\n<\/ul>\n<p>During your next recertification, you will be screened for these new work requirements. However, the requirements apply immediately.<\/p>\n<h3>Exemptions<\/h3>\n<p>There are exemptions for those who are:<\/p>\n<ul>\n<li>Under 17 or over 64 years old<\/li>\n<li>Medically certified as physically or mentally unable to work<\/li>\n<li>Parent or caregiver of a dependent child under age 14<\/li>\n<li>Enrolled in a Temporary Cash Assistance (TCA) employment program<\/li>\n<\/ul>\n<p>If an individual does not meet these requirements, benefits are limited to three months every three years.<\/p>\n<p>The work requirement has always been part of SNAP benefits, but it now applies to a larger group of recipients. It&#8217;s estimated that up to 80,000 additional Marylanders will be subject to the new requirements.<\/p>\n<p>H\u00e1 tamb\u00e9m <a href=\"https:\/\/dhs.maryland.gov\/important-changes-snap-benefits\/\" target=\"_blank\" rel=\"noopener\">impacts on benefits<\/a>.<\/p>\n<p>If you need help, <a href=\"https:\/\/dhs.maryland.gov\/local-offices\/\" target=\"_blank\" rel=\"noopener\">contact your local Department of Social Services<\/a> or call the Customer Service hotline, 1-800-332-6347.<\/p>\n\t<h2>Como posso economizar dinheiro em comida?<\/h2>\n<p>Os benef\u00edcios do SNAP s\u00e3o apenas uma parte do seu or\u00e7amento para alimenta\u00e7\u00e3o. Fa\u00e7a-os render mais dobrando seu dinheiro, at\u00e9 $10, em feiras livres ou liquida\u00e7\u00f5es de supermercado.<\/p>\n<h3>Dinheiro do mercado de Maryland<\/h3>\n<p><a href=\"https:\/\/www.marylandmarketmoney.org\/howmmmworks\" target=\"_blank\" rel=\"noopener\">Dinheiro do mercado de Maryland<\/a> \u00e9 um programa de mercado de produtores rurais que iguala os gastos do SNAP d\u00f3lar por d\u00f3lar, at\u00e9 $10.<\/p>\n<p>Por exemplo, se voc\u00ea gastar $5 para comprar frutas e vegetais frescos, voc\u00ea receber\u00e1 outros $5 para gastar.<\/p>\n<p>Procure uma barraca \u201cInforma\u00e7\u00f5es de Mercado\u201d no mercado do seu fazendeiro. <a href=\"https:\/\/www.marylandmarketmoney.org\/mmmlocations\" target=\"_blank\" rel=\"noopener\">Pesquise locais participantes em Maryland<\/a>.<\/p>\n<p>&nbsp;<\/p>\n<figure data-animation-delay=\"0\" data-animation-duration=\"1\" itemscope itemtype=\"https:\/\/schema.org\/ImageObject\">\n\t\t\t\t<img decoding=\"async\" src=\"http:\/\/211md.org\/wp-content\/uploads\/2022\/09\/free-food-box.jpg\" alt=\"caixa de comida gr\u00e1tis\" title=\"caixa de comida gr\u00e1tis\" onerror=\"this.style.display='none'\" loading=\"lazy\" \/>\n\t<\/figure>\n\t<h3>COMPARTILHE Food Network<\/h3>\n<p>o <a href=\"https:\/\/www.catholiccharitiesdc.org\/share\/\" target=\"_blank\" rel=\"noopener\">COMPARTILHE Food Network<\/a> Oferece economia de at\u00e9 50% em compras de supermercado para fam\u00edlias. H\u00e1 um card\u00e1pio espec\u00edfico a cada m\u00eas e pontos de distribui\u00e7\u00e3o em toda a regi\u00e3o.<\/p>\n<h3>Outros programas de benef\u00edcios<\/h3>\n<p>Voc\u00ea tamb\u00e9m pode se qualificar para outros programas de benef\u00edcios, como o Programa Especial de Nutri\u00e7\u00e3o Suplementar para <a href=\"https:\/\/211md.org\/pt\/recursos\/comida\/wic\/\">Mulheres, beb\u00eas e crian\u00e7as, tamb\u00e9m conhecido como WIC<\/a>. Alimentos nutritivos, bem como apoio adicional, podem estar dispon\u00edveis atrav\u00e9s do WIC se voc\u00ea se qualificar. \u00c9 um programa para gestantes com renda eleg\u00edvel, novas mam\u00e3es (at\u00e9 seis meses), m\u00e3es que amamentam (at\u00e9 1 ano), beb\u00eas e crian\u00e7as menores de 5 anos.<\/p>\n<h3>Despensas<\/h3>\n<p>Tamb\u00e9m, <a href=\"https:\/\/211md.org\/pt\/recursos\/comida\/\">bancos de alimentos e despensas alimentares<\/a> pode preencher quaisquer lacunas temporariamente.<\/p>\n<figure itemscope itemtype=\"https:\/\/schema.org\/ImageObject\">\n\t\t\t\t<img decoding=\"async\" src=\"https:\/\/211md.org\/wp-content\/plugins\/bb-plugin\/img\/pixel.png\" alt=\"\" onerror=\"this.style.display='none'\" loading=\"lazy\" \/>\n\t<\/figure>\n\t\t<figure itemscope itemtype=\"https:\/\/schema.org\/ImageObject\">\n\t\t\t\t<img decoding=\"async\" src=\"https:\/\/211md.org\/wp-content\/uploads\/bb-plugin\/cache\/Call-center-specialst-circle-4e9ecd7b3425be4576416abc911049bb-.jpg\" alt=\"Especialista em call center\" title=\"Especialista em call center\" onerror=\"this.style.display='none'\" loading=\"lazy\" \/>\n\t<\/figure>\n<h2>Disque 211<\/h2><p>Converse com uma pessoa atenciosa e compassiva 24 horas por dia, 7 dias por semana. Ela tamb\u00e9m pode conectar voc\u00ea a recursos.\u00a0<\/p>\n<h2>\n\t\t\tInforma\u00e7\u00e3o relacionada\t<\/h2>\n\t\t<h4><a href=\"\/pt\/recursos\/envelhecimento-incapacidade\/?utm_source=Home&#038;utm_medium=Referral&#038;utm_campaign=211Resources&#038;utm_content=Aging\" target=\"_self\">Envelhecimento e Defici\u00eancia<\/a><\/h4><figure itemscope itemtype=\"https:\/\/schema.org\/ImageObject\">\n\t\t\t\t<a href=\"\/pt\/recursos\/envelhecimento-incapacidade\/?utm_source=Home&#038;utm_medium=Referral&#038;utm_campaign=211Resources&#038;utm_content=Aging\"  target=\"_self\" itemprop=\"url\">\n\t\t\t\t<img decoding=\"async\" src=\"https:\/\/211md.org\/wp-content\/uploads\/bb-plugin\/cache\/2025_MdInfoNet_Icon-Sets_Aging-disability-square-c466727102cae71e5f27b8539bb51945-.png\" alt=\"\" onerror=\"this.style.display='none'\" loading=\"lazy\" \/>\n\t\t\t\t<\/a>\n\t<\/figure>\n\t\t<h4><a href=\"\/pt\/recursos\/criancas-familias\/?utm_source=Home&#038;utm_medium=Referral&#038;utm_campaign=211Resources&#038;utm_content=Children\" target=\"_self\">Crian\u00e7as e Fam\u00edlias<\/a><\/h4><figure itemscope itemtype=\"https:\/\/schema.org\/ImageObject\">\n\t\t\t\t<a href=\"\/pt\/recursos\/criancas-familias\/?utm_source=Home&#038;utm_medium=Referral&#038;utm_campaign=211Resources&#038;utm_content=Children\"  target=\"_self\" itemprop=\"url\">\n\t\t\t\t<img decoding=\"async\" src=\"https:\/\/211md.org\/wp-content\/uploads\/bb-plugin\/cache\/2025_211_Icon-Sets_Child-care-square-f3b0d4edab3dcc467fadb5f55f4064c6-.png\" alt=\"parent and child icon for child care\" height=\"417\" width=\"417\" title=\"2025_211_Conjuntos de \u00edcones_Cuidados infantis\" onerror=\"this.style.display='none'\" loading=\"lazy\" \/>\n\t\t\t\t<\/a>\n\t<\/figure>\n\t\t<h4><a href=\"\/pt\/recursos\/violencia-domestica-familiar\/?utm_source=Home&#038;utm_medium=Referral&#038;utm_campaign=211Resources&#038;utm_content=Domestic\" target=\"_self\">Viol\u00eancia dom\u00e9stica<\/a><\/h4><figure itemscope itemtype=\"https:\/\/schema.org\/ImageObject\">\n\t\t\t\t<a href=\"\/pt\/recursos\/violencia-domestica-familiar\/?utm_source=Home&#038;utm_medium=Referral&#038;utm_campaign=211Resources&#038;utm_content=Domestic\"  target=\"_self\" itemprop=\"url\">\n\t\t\t\t<img decoding=\"async\" src=\"https:\/\/211md.org\/wp-content\/uploads\/bb-plugin\/cache\/2025_211_Icon-Sets_Domestic-Violence-square-7b597694a6f05fe90cdc376aa573bc63-.png\" alt=\"House with a heart in the middle icon\" height=\"417\" width=\"417\" title=\"2025_211_Conjuntos de \u00edcones_Viol\u00eancia dom\u00e9stica\" onerror=\"this.style.display='none'\" loading=\"lazy\" \/>\n\t\t\t\t<\/a>\n\t<\/figure>\n\t\t<h4><a href=\"\/pt\/recursos\/procura-de-emprego\/?utm_source=Home&#038;utm_medium=Referral&#038;utm_campaign=211Resources&#038;utm_content=Employment\" target=\"_self\">Emprego<\/a><\/h4><figure itemscope itemtype=\"https:\/\/schema.org\/ImageObject\">\n\t\t\t\t<a href=\"\/pt\/recursos\/procura-de-emprego\/?utm_source=Home&#038;utm_medium=Referral&#038;utm_campaign=211Resources&#038;utm_content=Employment\"  target=\"_self\" itemprop=\"url\">\n\t\t\t\t<img decoding=\"async\" src=\"https:\/\/211md.org\/wp-content\/uploads\/bb-plugin\/cache\/2025_MdInfoNet_Icon-Sets_Employment-square-44707bd410e4df10a470bf130ebcea86-.png\" alt=\"\" onerror=\"this.style.display='none'\" loading=\"lazy\" \/>\n\t\t\t\t<\/a>\n\t<\/figure>\n\t\t<h4><a href=\"\/pt\/recursos\/cuidados-de-saude\/?utm_source=Home&#038;utm_medium=Referral&#038;utm_campaign=211Resources&#038;utm_content=Health%20Care\" target=\"_self\">Cuidados de sa\u00fade<\/a><\/h4><figure itemscope itemtype=\"https:\/\/schema.org\/ImageObject\">\n\t\t\t\t<a href=\"\/pt\/recursos\/cuidados-de-saude\/?utm_source=Home&#038;utm_medium=Referral&#038;utm_campaign=211Resources&#038;utm_content=Health%20Care\"  target=\"_self\" itemprop=\"url\">\n\t\t\t\t<img decoding=\"async\" src=\"https:\/\/211md.org\/wp-content\/uploads\/bb-plugin\/cache\/2025_MdInfoNet_Icon-Sets_Health-Care-square-dee98a0060cbe0e7f27eda253fc12679-.png\" alt=\"\" onerror=\"this.style.display='none'\" loading=\"lazy\" \/>\n\t\t\t\t<\/a>\n\t<\/figure>\n\t\t<h4><a href=\"\/pt\/recursos\/novo-para-nos-e-marilandia\/?utm_source=Home&#038;utm_medium=Referral&#038;utm_campaign=211Resources&#038;utm_content=Immigration\" target=\"_self\">Imigra\u00e7\u00e3o<\/a><\/h4><figure itemscope itemtype=\"https:\/\/schema.org\/ImageObject\">\n\t\t\t\t<a href=\"\/pt\/recursos\/novo-para-nos-e-marilandia\/?utm_source=Home&#038;utm_medium=Referral&#038;utm_campaign=211Resources&#038;utm_content=Immigration\"  target=\"_self\" itemprop=\"url\">\n\t\t\t\t<img decoding=\"async\" src=\"https:\/\/211md.org\/wp-content\/uploads\/bb-plugin\/cache\/2025_MdInfoNet_Icon-Sets_Immigration-square-8b97b7fdfe5e6071405e216855065118-.png\" alt=\"\u00edcone de imigra\u00e7\u00e3o\" title=\"2025_MdInfoNet_Icon-Sets_Immigration\" onerror=\"this.style.display='none'\" loading=\"lazy\" \/>\n\t\t\t\t<\/a>\n\t<\/figure>\n\t\t<h4><a href=\"\/pt\/recursos\/criancas-familias\/cuidados-de-parentesco\/?utm_source=Home&#038;utm_medium=Referral&#038;utm_campaign=211Resources&#038;utm_content=Kinship\" target=\"_self\">Parentesco<\/a><\/h4><figure itemscope itemtype=\"https:\/\/schema.org\/ImageObject\">\n\t\t\t\t<a href=\"\/pt\/recursos\/criancas-familias\/cuidados-de-parentesco\/?utm_source=Home&#038;utm_medium=Referral&#038;utm_campaign=211Resources&#038;utm_content=Kinship\"  target=\"_self\" itemprop=\"url\">\n\t\t\t\t<img decoding=\"async\" src=\"https:\/\/211md.org\/wp-content\/uploads\/bb-plugin\/cache\/2025_211_Icon-Sets_Kinship-square-45bdf872866f5735f842c32071109267-.png\" alt=\"\u00cdcone de parentesco\" height=\"417\" width=\"417\" title=\"2025_211_Conjuntos de \u00edcones_Parentesco\" onerror=\"this.style.display='none'\" loading=\"lazy\" \/>\n\t\t\t\t<\/a>\n\t<\/figure>\n\t\t<h4><a href=\"\/pt\/recursos\/servicos-legais\/?utm_source=Home&#038;utm_medium=Referral&#038;utm_campaign=211Resources&#038;utm_content=Legal\" target=\"_self\">Servi\u00e7os legais<\/a><\/h4><figure itemscope itemtype=\"https:\/\/schema.org\/ImageObject\">\n\t\t\t\t<a href=\"\/pt\/recursos\/servicos-legais\/?utm_source=Home&#038;utm_medium=Referral&#038;utm_campaign=211Resources&#038;utm_content=Legal\"  target=\"_self\" itemprop=\"url\">\n\t\t\t\t<img decoding=\"async\" src=\"https:\/\/211md.org\/wp-content\/uploads\/bb-plugin\/cache\/2025_MdInfoNet_Icon-Sets_Legal-square-18fdf438feb8435588174d9046463257-.png\" alt=\"\" onerror=\"this.style.display='none'\" loading=\"lazy\" \/>\n\t\t\t\t<\/a>\n\t<\/figure>\n\t\t<h4><a href=\"\/pt\/recursos\/saude-mental\/?utm_source=Home&#038;utm_medium=Referral&#038;utm_campaign=211Resources&#038;utm_content=Mental\" target=\"_self\">Sa\u00fade mental<\/a><\/h4><figure itemscope itemtype=\"https:\/\/schema.org\/ImageObject\">\n\t\t\t\t<a href=\"\/pt\/recursos\/saude-mental\/?utm_source=Home&#038;utm_medium=Referral&#038;utm_campaign=211Resources&#038;utm_content=Mental\"  target=\"_self\" itemprop=\"url\">\n\t\t\t\t<img decoding=\"async\" src=\"https:\/\/211md.org\/wp-content\/uploads\/bb-plugin\/cache\/2025_MdInfoNet_Icon-Sets_Mental-Health-square-c59b38c4a993a947d4c9280fbe2d2fee-.png\" alt=\"\" onerror=\"this.style.display='none'\" loading=\"lazy\" \/>\n\t\t\t\t<\/a>\n\t<\/figure>\n\t\t<h4><a href=\"\/pt\/recursos\/mdreentry\/?utm_source=Home&#038;utm_medium=Referral&#038;utm_campaign=211Resources&#038;utm_content=Reentry\" target=\"_self\">Reentrada<\/a><\/h4><figure itemscope itemtype=\"https:\/\/schema.org\/ImageObject\">\n\t\t\t\t<a href=\"\/pt\/recursos\/mdreentry\/?utm_source=Home&#038;utm_medium=Referral&#038;utm_campaign=211Resources&#038;utm_content=Reentry\"  target=\"_self\" itemprop=\"url\">\n\t\t\t\t<img decoding=\"async\" src=\"https:\/\/211md.org\/wp-content\/uploads\/bb-plugin\/cache\/2025_211_Icon-Sets_Reentry-square-8676fea38abd920a832f45642fe31cca-.png\" alt=\"\u00cdcone de reentrada\" height=\"417\" width=\"417\" title=\"2025_211_Conjuntos de \u00edcones_Reentrada\" onerror=\"this.style.display='none'\" loading=\"lazy\" \/>\n\t\t\t\t<\/a>\n\t<\/figure>\n\t\t<h4><a href=\"\/pt\/recursos\/uso-de-substancias\/?utm_source=Home&#038;utm_medium=Referral&#038;utm_campaign=211Resources&#038;utm_content=Substance\" target=\"_self\">Uso de subst\u00e2ncias<\/a><\/h4><figure itemscope itemtype=\"https:\/\/schema.org\/ImageObject\">\n\t\t\t\t<a href=\"\/pt\/recursos\/uso-de-substancias\/?utm_source=Home&#038;utm_medium=Referral&#038;utm_campaign=211Resources&#038;utm_content=Substance\"  target=\"_self\" itemprop=\"url\">\n\t\t\t\t<img decoding=\"async\" src=\"https:\/\/211md.org\/wp-content\/uploads\/bb-plugin\/cache\/2025_MdInfoNet_Icon-Sets_Substance-Abuse-square-4f414f085e657267739c181957754f48-.png\" alt=\"Pills for substance Use icon\" title=\"2025_MdInfoNet_Icon-Sets_Substance-Abuse\" onerror=\"this.style.display='none'\" loading=\"lazy\" \/>\n\t\t\t\t<\/a>\n\t<\/figure>\n\t\t<h4><a href=\"\/pt\/recursos\/veteranos\/?utm_source=Home&#038;utm_medium=Referral&#038;utm_campaign=211Resources&#038;utm_content=Veterans\" target=\"_self\">veteranos<\/a><\/h4><figure itemscope itemtype=\"https:\/\/schema.org\/ImageObject\">\n\t\t\t\t<a href=\"\/pt\/recursos\/veteranos\/?utm_source=Home&#038;utm_medium=Referral&#038;utm_campaign=211Resources&#038;utm_content=Veterans\"  target=\"_self\" itemprop=\"url\">\n\t\t\t\t<img decoding=\"async\" src=\"https:\/\/211md.org\/wp-content\/uploads\/bb-plugin\/cache\/2025_MdInfoNet_Icon-Sets_Rating-square-6e60d00cce4faa8e0a6d4ad7366aa733-.png\" alt=\"\" onerror=\"this.style.display='none'\" loading=\"lazy\" \/>\n\t\t\t\t<\/a>\n\t<\/figure>","protected":false},"excerpt":{"rendered":"<p>Vale-Alimenta\u00e7\u00e3o O Programa de Assist\u00eancia Nutricional Suplementar (SNAP), anteriormente conhecido como vale-alimenta\u00e7\u00e3o, oferece assist\u00eancia financeira a fam\u00edlias de baixa renda para que possam comprar alimentos. Para a maioria das fam\u00edlias, os benef\u00edcios do SNAP cobrem apenas parte dos custos com alimenta\u00e7\u00e3o. Saiba mais sobre o programa. Comece Quem tem direito ao vale-alimenta\u00e7\u00e3o? Voc\u00ea pode ter direito ao vale-alimenta\u00e7\u00e3o...<\/p>","protected":false},"author":8,"featured_media":2055,"parent":746,"menu_order":0,"comment_status":"closed","ping_status":"closed","template":"","meta":{"footnotes":""},"class_list":["post-1003","page","type-page","status-publish","has-post-thumbnail","hentry"],"_links":{"self":[{"href":"https:\/\/211md.org\/pt\/wp-json\/wp\/v2\/pages\/1003","targetHints":{"allow":["GET"]}}],"collection":[{"href":"https:\/\/211md.org\/pt\/wp-json\/wp\/v2\/pages"}],"about":[{"href":"https:\/\/211md.org\/pt\/wp-json\/wp\/v2\/types\/page"}],"author":[{"embeddable":true,"href":"https:\/\/211md.org\/pt\/wp-json\/wp\/v2\/users\/8"}],"replies":[{"embeddable":true,"href":"https:\/\/211md.org\/pt\/wp-json\/wp\/v2\/comments?post=1003"}],"version-history":[{"count":11,"href":"https:\/\/211md.org\/pt\/wp-json\/wp\/v2\/pages\/1003\/revisions"}],"predecessor-version":[{"id":34404,"href":"https:\/\/211md.org\/pt\/wp-json\/wp\/v2\/pages\/1003\/revisions\/34404"}],"up":[{"embeddable":true,"href":"https:\/\/211md.org\/pt\/wp-json\/wp\/v2\/pages\/746"}],"wp:featuredmedia":[{"embeddable":true,"href":"https:\/\/211md.org\/pt\/wp-json\/wp\/v2\/media\/2055"}],"wp:attachment":[{"href":"https:\/\/211md.org\/pt\/wp-json\/wp\/v2\/media?parent=1003"}],"curies":[{"name":"wp","href":"https:\/\/api.w.org\/{rel}","templated":true}]}}