{"id":1014,"date":"2021-04-16T18:37:05","date_gmt":"2021-04-16T18:37:05","guid":{"rendered":"https:\/\/211md.org\/?page_id=1014"},"modified":"2026-04-22T17:31:00","modified_gmt":"2026-04-22T21:31:00","slug":"assistencia-medica","status":"publish","type":"page","link":"https:\/\/211md.org\/pt\/resources\/health-care\/medicare\/","title":{"rendered":"Benef\u00edcios do Medicare"},"content":{"rendered":"<figure data-animation-delay=\"0\" data-animation-duration=\"1\" itemscope itemtype=\"https:\/\/schema.org\/ImageObject\">\n\t\t\t\t<img decoding=\"async\" src=\"https:\/\/stg-maryland211-staging.kinsta.cloud\/wp-content\/uploads\/2025\/08\/5-1-scaled.png\" alt=\"5\" height=\"692\" width=\"2560\" title=\"5\" onerror=\"this.style.display='none'\" loading=\"lazy\" \/>\n\t<\/figure>\n\t\t<p>O Medicare \u00e9 um programa de seguro sa\u00fade do governo que fornece assist\u00eancia a pessoas com 65 anos ou mais, pessoas com menos de 65 anos com certas defici\u00eancias e qualquer pessoa com doen\u00e7a renal em est\u00e1gio terminal ou insufici\u00eancia renal permanente que necessite de di\u00e1lise ou transplante renal.<\/p>\n<p>Saiba mais sobre os tipos de cobertura do Medicare e como obter ajuda para navegar por meio de um programa chamado SHIP.<\/p>\n\t\t\t<a href=\"#start\"  target=\"_self\">\n\t\t\t\t\t\tCome\u00e7ar\n\t\t\t\t\t<\/a>\n<figure data-animation-delay=\"0\" data-animation-duration=\"1\" itemscope itemtype=\"https:\/\/schema.org\/ImageObject\">\n\t\t\t\t<img decoding=\"async\" src=\"https:\/\/211md.org\/wp-content\/plugins\/bb-plugin\/img\/pixel.png\" alt=\"\" onerror=\"this.style.display='none'\" loading=\"lazy\" \/>\n\t<\/figure>\n<figure data-animation-delay=\"0\" data-animation-duration=\"1.3\" itemscope itemtype=\"https:\/\/schema.org\/ImageObject\">\n\t\t\t\t<img decoding=\"async\" src=\"https:\/\/stg-maryland211-staging.kinsta.cloud\/wp-content\/uploads\/2025\/08\/16.png\" alt=\"16\" height=\"1000\" width=\"1000\" title=\"16\" onerror=\"this.style.display='none'\" loading=\"lazy\" \/>\n\t<\/figure>\n<figure data-animation-delay=\"0\" data-animation-duration=\"1\" itemscope itemtype=\"https:\/\/schema.org\/ImageObject\">\n\t\t\t\t<img decoding=\"async\" src=\"http:\/\/211md.org\/wp-content\/uploads\/2023\/11\/Person-on-Medicare-at-the-doctor.jpg\" alt=\"Senior at doctor\" title=\"Pessoa no Medicare no m\u00e9dico\" onerror=\"this.style.display='none'\" loading=\"lazy\" \/>\n\t<\/figure>\n\t<h2>Tipos de cobertura do Medicare<\/h2>\n<p>Existem tr\u00eas tipos de cobertura do Medicare:<\/p>\n<ul>\n<li>Medicare Parte A: Seguro Hospitalar<\/li>\n<li>Medicare Parte B: Seguro M\u00e9dico<\/li>\n<li>Medicare Parte C: Planos de Vantagens<\/li>\n<li>Medicare Parte D: Planos de Medicamentos Prescritos<\/li>\n<\/ul>\n<h3><strong>Parte A: Seguro Hospitalar<\/strong><\/h3>\n<p>O Medicare Parte A cobre despesas como:<\/p>\n<ul>\n<li>atendimento hospitalar para pacientes internados<\/li>\n<li>instala\u00e7\u00f5es de enfermagem especializada<\/li>\n<li>reabilita\u00e7\u00e3o hospitalar<\/li>\n<li>cuidados paliativos<\/li>\n<li>alguns servi\u00e7os de assist\u00eancia m\u00e9dica domiciliar<\/li>\n<\/ul>\n<p>Consulte o cart\u00e3o do Medicare para determinar se a cobertura da Parte A est\u00e1 inclu\u00edda.<\/p>\n<p>Se voc\u00ea tiver a Parte A, ver\u00e1 \u201cHOSPITAL (PARTE A)\u201d impresso no cart\u00e3o.<\/p>\n<p>A maioria das pessoas n\u00e3o precisa pagar pela Parte A.<\/p>\n<p>\u00c9 baseado no emprego coberto pelo Medicare, conforme determinado pela Administra\u00e7\u00e3o da Previd\u00eancia Social.<\/p>\n\t<h3>Parte B: Seguro M\u00e9dico<\/h3>\n<p>O Medicare Parte B \u00e9 um seguro m\u00e9dico que ajuda a cobrir servi\u00e7os medicamente necess\u00e1rios como:<\/p>\n<ul>\n<li>consultas m\u00e9dicas<\/li>\n<li>atendimento ambulatorial<\/li>\n<li>equipamento m\u00e9dico dur\u00e1vel (DME)<\/li>\n<li>certos servi\u00e7os de sa\u00fade domiciliar<\/li>\n<li>outros cuidados m\u00e9dicos n\u00e3o cobertos pela Parte A<\/li>\n<li>alguns servi\u00e7os preventivos<\/li>\n<\/ul>\n<p>A maioria das pessoas paga mensalmente pela Parte B. H\u00e1 tamb\u00e9m uma franquia anual.<\/p>\n<p>o <a href=\"https:\/\/www.cms.gov\/newsroom\/fact-sheets\/2024-medicare-parts-b-premiums-and-deductibles\" target=\"_blank\" rel=\"noopener\">Centros de Medicare e Medicaid <\/a>Os servi\u00e7os executam o programa e detalham os pr\u00eamios esperados para a Parte B.<\/p>\n<h3>Parte C: Cobertura Extra por Empresas Privadas<\/h3>\n<p>Empresas privadas aprovadas pelo Medicare oferecem o Medicare Parte C e fornecem cobertura adicional.<\/p>\n<p>Isso pode incluir:<\/p>\n<ul>\n<li>vis\u00e3o<\/li>\n<li>audi\u00e7\u00e3o<\/li>\n<li>dental<\/li>\n<li>programas de sa\u00fade e bem-estar<\/li>\n<\/ul>\n<p>A maioria tamb\u00e9m inclui cobertura para medicamentos prescritos pelo Medicare (Parte D).<\/p>\n<h3>Parte D: Prescri\u00e7\u00f5es<\/h3>\n<p>O Medicare Parte D oferece cobertura para medicamentos prescritos a todos os indiv\u00edduos com Medicare.<\/p>\n<p>Para obter cobertura para medicamentos prescritos do Medicare, voc\u00ea deve aderir a um plano administrado por uma seguradora ou outra empresa privada aprovada pelo Medicare.<\/p>\n<p>Cada plano pode variar em custo e nos medicamentos que cobre.<\/p>\n\t<h2>NAVIO DE Maryland: Obtenha ajuda para encontrar o plano certo<\/h2>\n<p>Volunt\u00e1rios treinados do Programa de Assist\u00eancia ao Seguro Sa\u00fade do Estado de Maryland (SHIP) oferecem aconselhamento gratuito para ajudar indiv\u00edduos a decidir qual plano Medicare escolher.<\/p>\n<p>Os conselheiros do SHIP podem ajudar indiv\u00edduos a:<\/p>\n<ul>\n<li>entender custos e cobertura<\/li>\n<li>comparar op\u00e7\u00f5es<\/li>\n<li>inscrever-se ou alterar planos<\/li>\n<li>corrigir erros ou problemas de faturamento<\/li>\n<\/ul>\n<p>Os conselheiros locais do SHIP podem ajudar com todas as partes do Medicare, AD.<\/p>\n<p>Al\u00e9m disso, eles podem ajudar com assist\u00eancia financeira para benefici\u00e1rios de baixa renda e com fraudes e abusos no Medicare.<\/p>\n<h3>Entre em contato com o NAVIO de Maryland<\/h3>\n<p>Encontre um conselheiro local da SHIP:<\/p>\n<ul>\n<li>Condado de Allegany \u2013 301-783-1710<\/li>\n<li>Condado de Anne Arundel \u2013 410-222-4257<\/li>\n<li>Cidade de Baltimore \u2013 410-396-2273<\/li>\n<li>Condado de Baltimore \u2013 410-887-2059<\/li>\n<li>Condado de Calvert \u2013 410-535-4606<\/li>\n<li>Condado de Carroll \u2013 410-386-3800<\/li>\n<li>Condado de Caroline \u2013 410-479-2535<\/li>\n<li>Condado de Cecil \u2013 410-996-8174<\/li>\n<li>Condado de Charles \u2013 301-934-9305<\/li>\n<li>Condado de Dorchester \u2013 410-376-3662<\/li>\n<li>Condado de Frederick \u2013 301-600-1234<\/li>\n<li>Condado de Garrett \u2013 301-334-9431<\/li>\n<li>Condado de Harford \u2013 410-638-3025<\/li>\n<li>Condado de Howard \u2013 410-313-7392<\/li>\n<li>Condado de Kent \u2013 \u200b\u200b410-778-2564<\/li>\n<li>Condado de Montgomery \u2013 301-255-4250<\/li>\n<li>Condado de Prince George \u2013 301-265-8471<\/li>\n<li>Condado de St. Mary \u2013 301-475-4200 Ext. 1064<\/li>\n<li>Condado de Somerset \u2013 410-742-0505<\/li>\n<li>Condado de Talbot \u2013 301-475-4200 Ext. 231<\/li>\n<li>Condado de Queen Anne \u2013 410-758-0848 Op\u00e7\u00e3o 3<\/li>\n<li>Condado de Washington \u2013 301-790-0275<\/li>\n<li>Condado de Wicomico \u2013 410-742-0505<\/li>\n<li>Condado de Worcester \u2013 410-742-0505<\/li>\n<\/ul>\n\t\t\t<a href=\"https:\/\/aging.maryland.gov\/Pages\/state-health-insurance-program.aspx\" target=\"_blank\" rel=\"noopener\">\n\t\t\t\t\t\t\tContato SHIP\n\t\t\t\t\t<\/a>\n<figure itemscope itemtype=\"https:\/\/schema.org\/ImageObject\">\n\t\t\t\t<img decoding=\"async\" src=\"https:\/\/211md.org\/wp-content\/plugins\/bb-plugin\/img\/pixel.png\" alt=\"\" onerror=\"this.style.display='none'\" loading=\"lazy\" \/>\n\t<\/figure>\n\t\t<figure itemscope itemtype=\"https:\/\/schema.org\/ImageObject\">\n\t\t\t\t<img decoding=\"async\" src=\"https:\/\/211md.org\/wp-content\/uploads\/bb-plugin\/cache\/Call-center-specialst-circle-4e9ecd7b3425be4576416abc911049bb-.jpg\" alt=\"Especialista em call center\" title=\"Especialista em call center\" onerror=\"this.style.display='none'\" loading=\"lazy\" \/>\n\t<\/figure>\n<h2>Disque 211<\/h2><p>Converse com uma pessoa atenciosa e compassiva 24 horas por dia, 7 dias por semana. Ela tamb\u00e9m pode conectar voc\u00ea a recursos.\u00a0<\/p>\n\t\t\t<a href=\"tel:%20+211\"  target=\"_blank\" rel=\"noopener\">\n\t\t\t\t\t\tLigue para 211 (celular)\n\t\t\t\t\t<\/a>\n<figure data-animation-delay=\"0\" data-animation-duration=\"1\" itemscope itemtype=\"https:\/\/schema.org\/ImageObject\">\n\t\t\t\t<img decoding=\"async\" src=\"http:\/\/211md.org\/wp-content\/uploads\/2025\/09\/Senior-couple-looking-at-Medicare-options-on-tablet.jpg\" alt=\"Casal de idosos analisando op\u00e7\u00f5es do Medicare em um tablet\" title=\"Casal de idosos analisando op\u00e7\u00f5es do Medicare em um tablet\" onerror=\"this.style.display='none'\" loading=\"lazy\" \/>\n\t<\/figure>\n\t<h2>Inscri\u00e7\u00e3o aberta do Medicare<\/h2>\n<p>Todos os anos, os benefici\u00e1rios devem revisar sua cobertura do Medicare e\u00a0<a href=\"https:\/\/www.medicare.gov\/plan-compare\/#\/?year=2023&amp;lang=en\" target=\"_blank\" rel=\"noopener\">comparar planos<\/a>\u00a0durante a inscri\u00e7\u00e3o aberta especificada no outono.<\/p>\n<p>Voc\u00ea pode ingressar em um novo Plano Medicare Advantage ou plano de medicamentos prescritos Parte D, mudar de Original Medicare para um Plano Medicare Advantage ou mudar de um Plano Medicare Advantage para Original Medicare (com ou sem um plano Parte D).<\/p>\n<p>Voc\u00ea tamb\u00e9m pode obter um plano Medigap (Medicare Supplement) em Maryland.<\/p>\n<h3>Como revisar um plano Medicare<\/h3>\n<p>Fa\u00e7a a si mesmo estas perguntas sobre o seu Plano Medicare Advantage:<\/p>\n<ul>\n<li>Quanto custam os pr\u00eamios por m\u00eas, se houver?<\/li>\n<li>Qual \u00e9 o valor da franquia e do cosseguro\/copagamento pelos servi\u00e7os de que preciso?<\/li>\n<li>Qual \u00e9 o custo direto anual?<\/li>\n<li>Qual \u00e9 a \u00e1rea de atendimento do plano?<\/li>\n<li>Meus m\u00e9dicos e hospitais est\u00e3o em rede?<\/li>\n<li>Que regras devo seguir para acessar os servi\u00e7os de sa\u00fade e meus medicamentos prescritos?<\/li>\n<li>O plano cobre benef\u00edcios adicionais de cuidados de sa\u00fade que n\u00e3o s\u00e3o cobertos pelo Original Medicare?<\/li>\n<li>Qual \u00e9 a classifica\u00e7\u00e3o por estrelas do plano?<\/li>\n<li>Este plano afetar\u00e1 a cobertura adicional que tenho?<\/li>\n<\/ul>\n<p>Compare seu plano com outros, estime os custos diretos e observe o sistema estelar para entender a classifica\u00e7\u00e3o do plano em termos de qualidade e desempenho.<\/p>\n\t<h3>Per\u00edodos Especiais de Inscri\u00e7\u00e3o<\/h3>\n<p>Al\u00e9m das inscri\u00e7\u00f5es abertas, existem per\u00edodos especiais de inscri\u00e7\u00e3o, dependendo das circunst\u00e2ncias pessoais. Voc\u00ea se qualificar\u00e1 para se inscrever no Medicare se:<\/p>\n<ul>\n<li>Voc\u00ea se move.<\/li>\n<li>Voc\u00ea \u00e9 eleg\u00edvel para o Medicaid.<\/li>\n<li>Voc\u00ea se qualifica para Ajuda Extra com custos de medicamentos do Medicare.<\/li>\n<li>Voc\u00ea est\u00e1 recebendo cuidados em uma institui\u00e7\u00e3o, como uma enfermaria especializada ou um hospital de longa perman\u00eancia.<\/li>\n<li>Voc\u00ea deseja mudar para um plano com classifica\u00e7\u00e3o de qualidade geral de 5 estrelas.<\/li>\n<\/ul>\n\t\t\t<a href=\"https:\/\/www.medicare.gov\/basics\/get-started-with-medicare\" target=\"_blank\" rel=\"noopener\">\n\t\t\t\t\t\t\tGet started with medicare\n\t\t\t<\/a>\n<h2>\n\t\t\tInforma\u00e7\u00e3o relacionada\t<\/h2>\n\t\t<h4><a href=\"\/pt\/recursos\/envelhecimento-incapacidade\/?utm_source=Home&#038;utm_medium=Referral&#038;utm_campaign=211Resources&#038;utm_content=Aging\" target=\"_self\">Envelhecimento e Defici\u00eancia<\/a><\/h4><figure itemscope itemtype=\"https:\/\/schema.org\/ImageObject\">\n\t\t\t\t<a href=\"\/pt\/recursos\/envelhecimento-incapacidade\/?utm_source=Home&#038;utm_medium=Referral&#038;utm_campaign=211Resources&#038;utm_content=Aging\"  target=\"_self\" itemprop=\"url\">\n\t\t\t\t<img decoding=\"async\" src=\"https:\/\/211md.org\/wp-content\/uploads\/bb-plugin\/cache\/2025_MdInfoNet_Icon-Sets_Aging-disability-square-c466727102cae71e5f27b8539bb51945-.png\" alt=\"\" onerror=\"this.style.display='none'\" loading=\"lazy\" \/>\n\t\t\t\t<\/a>\n\t<\/figure>\n\t\t<h4><a href=\"\/pt\/recursos\/criancas-familias\/?utm_source=Home&#038;utm_medium=Referral&#038;utm_campaign=211Resources&#038;utm_content=Children\" target=\"_self\">Crian\u00e7as e Fam\u00edlias<\/a><\/h4><figure itemscope itemtype=\"https:\/\/schema.org\/ImageObject\">\n\t\t\t\t<a href=\"\/pt\/recursos\/criancas-familias\/?utm_source=Home&#038;utm_medium=Referral&#038;utm_campaign=211Resources&#038;utm_content=Children\"  target=\"_self\" itemprop=\"url\">\n\t\t\t\t<img decoding=\"async\" src=\"https:\/\/211md.org\/wp-content\/uploads\/bb-plugin\/cache\/2025_211_Icon-Sets_Child-care-square-f3b0d4edab3dcc467fadb5f55f4064c6-.png\" alt=\"parent and child icon for child care\" height=\"417\" width=\"417\" title=\"2025_211_Conjuntos de \u00edcones_Cuidados infantis\" onerror=\"this.style.display='none'\" loading=\"lazy\" \/>\n\t\t\t\t<\/a>\n\t<\/figure>\n\t\t<h4><a href=\"\/pt\/recursos\/violencia-domestica-familiar\/?utm_source=Home&#038;utm_medium=Referral&#038;utm_campaign=211Resources&#038;utm_content=Domestic\" target=\"_self\">Viol\u00eancia dom\u00e9stica<\/a><\/h4><figure itemscope itemtype=\"https:\/\/schema.org\/ImageObject\">\n\t\t\t\t<a href=\"\/pt\/recursos\/violencia-domestica-familiar\/?utm_source=Home&#038;utm_medium=Referral&#038;utm_campaign=211Resources&#038;utm_content=Domestic\"  target=\"_self\" itemprop=\"url\">\n\t\t\t\t<img decoding=\"async\" src=\"https:\/\/211md.org\/wp-content\/uploads\/bb-plugin\/cache\/2025_211_Icon-Sets_Domestic-Violence-square-7b597694a6f05fe90cdc376aa573bc63-.png\" alt=\"House with a heart in the middle icon\" height=\"417\" width=\"417\" title=\"2025_211_Conjuntos de \u00edcones_Viol\u00eancia dom\u00e9stica\" onerror=\"this.style.display='none'\" loading=\"lazy\" \/>\n\t\t\t\t<\/a>\n\t<\/figure>\n\t\t<h4><a href=\"\/pt\/recursos\/procura-de-emprego\/?utm_source=Home&#038;utm_medium=Referral&#038;utm_campaign=211Resources&#038;utm_content=Employment\" target=\"_self\">Emprego<\/a><\/h4><figure itemscope itemtype=\"https:\/\/schema.org\/ImageObject\">\n\t\t\t\t<a href=\"\/pt\/recursos\/procura-de-emprego\/?utm_source=Home&#038;utm_medium=Referral&#038;utm_campaign=211Resources&#038;utm_content=Employment\"  target=\"_self\" itemprop=\"url\">\n\t\t\t\t<img decoding=\"async\" src=\"https:\/\/211md.org\/wp-content\/uploads\/bb-plugin\/cache\/2025_MdInfoNet_Icon-Sets_Employment-square-44707bd410e4df10a470bf130ebcea86-.png\" alt=\"\" onerror=\"this.style.display='none'\" loading=\"lazy\" \/>\n\t\t\t\t<\/a>\n\t<\/figure>\n\t\t<h4><a href=\"\/pt\/recursos\/cuidados-de-saude\/?utm_source=Home&#038;utm_medium=Referral&#038;utm_campaign=211Resources&#038;utm_content=Health%20Care\" target=\"_self\">Cuidados de sa\u00fade<\/a><\/h4><figure itemscope itemtype=\"https:\/\/schema.org\/ImageObject\">\n\t\t\t\t<a href=\"\/pt\/recursos\/cuidados-de-saude\/?utm_source=Home&#038;utm_medium=Referral&#038;utm_campaign=211Resources&#038;utm_content=Health%20Care\"  target=\"_self\" itemprop=\"url\">\n\t\t\t\t<img decoding=\"async\" src=\"https:\/\/211md.org\/wp-content\/uploads\/bb-plugin\/cache\/2025_MdInfoNet_Icon-Sets_Health-Care-square-dee98a0060cbe0e7f27eda253fc12679-.png\" alt=\"\" onerror=\"this.style.display='none'\" loading=\"lazy\" \/>\n\t\t\t\t<\/a>\n\t<\/figure>\n\t\t<h4><a href=\"\/pt\/recursos\/novo-para-nos-e-marilandia\/?utm_source=Home&#038;utm_medium=Referral&#038;utm_campaign=211Resources&#038;utm_content=Immigration\" target=\"_self\">Imigra\u00e7\u00e3o<\/a><\/h4><figure itemscope itemtype=\"https:\/\/schema.org\/ImageObject\">\n\t\t\t\t<a href=\"\/pt\/recursos\/novo-para-nos-e-marilandia\/?utm_source=Home&#038;utm_medium=Referral&#038;utm_campaign=211Resources&#038;utm_content=Immigration\"  target=\"_self\" itemprop=\"url\">\n\t\t\t\t<img decoding=\"async\" src=\"https:\/\/211md.org\/wp-content\/uploads\/bb-plugin\/cache\/2025_MdInfoNet_Icon-Sets_Immigration-square-8b97b7fdfe5e6071405e216855065118-.png\" alt=\"\u00edcone de imigra\u00e7\u00e3o\" title=\"2025_MdInfoNet_Icon-Sets_Immigration\" onerror=\"this.style.display='none'\" loading=\"lazy\" \/>\n\t\t\t\t<\/a>\n\t<\/figure>\n\t\t<h4><a href=\"\/pt\/recursos\/criancas-familias\/cuidados-de-parentesco\/?utm_source=Home&#038;utm_medium=Referral&#038;utm_campaign=211Resources&#038;utm_content=Kinship\" target=\"_self\">Parentesco<\/a><\/h4><figure itemscope itemtype=\"https:\/\/schema.org\/ImageObject\">\n\t\t\t\t<a href=\"\/pt\/recursos\/criancas-familias\/cuidados-de-parentesco\/?utm_source=Home&#038;utm_medium=Referral&#038;utm_campaign=211Resources&#038;utm_content=Kinship\"  target=\"_self\" itemprop=\"url\">\n\t\t\t\t<img decoding=\"async\" src=\"https:\/\/211md.org\/wp-content\/uploads\/bb-plugin\/cache\/2025_211_Icon-Sets_Kinship-square-45bdf872866f5735f842c32071109267-.png\" alt=\"\u00cdcone de parentesco\" height=\"417\" width=\"417\" title=\"2025_211_Conjuntos de \u00edcones_Parentesco\" onerror=\"this.style.display='none'\" loading=\"lazy\" \/>\n\t\t\t\t<\/a>\n\t<\/figure>\n\t\t<h4><a href=\"\/pt\/recursos\/servicos-legais\/?utm_source=Home&#038;utm_medium=Referral&#038;utm_campaign=211Resources&#038;utm_content=Legal\" target=\"_self\">Servi\u00e7os legais<\/a><\/h4><figure itemscope itemtype=\"https:\/\/schema.org\/ImageObject\">\n\t\t\t\t<a href=\"\/pt\/recursos\/servicos-legais\/?utm_source=Home&#038;utm_medium=Referral&#038;utm_campaign=211Resources&#038;utm_content=Legal\"  target=\"_self\" itemprop=\"url\">\n\t\t\t\t<img decoding=\"async\" src=\"https:\/\/211md.org\/wp-content\/uploads\/bb-plugin\/cache\/2025_MdInfoNet_Icon-Sets_Legal-square-18fdf438feb8435588174d9046463257-.png\" alt=\"\" onerror=\"this.style.display='none'\" loading=\"lazy\" \/>\n\t\t\t\t<\/a>\n\t<\/figure>\n\t\t<h4><a href=\"\/pt\/recursos\/saude-mental\/?utm_source=Home&#038;utm_medium=Referral&#038;utm_campaign=211Resources&#038;utm_content=Mental\" target=\"_self\">Sa\u00fade mental<\/a><\/h4><figure itemscope itemtype=\"https:\/\/schema.org\/ImageObject\">\n\t\t\t\t<a href=\"\/pt\/recursos\/saude-mental\/?utm_source=Home&#038;utm_medium=Referral&#038;utm_campaign=211Resources&#038;utm_content=Mental\"  target=\"_self\" itemprop=\"url\">\n\t\t\t\t<img decoding=\"async\" src=\"https:\/\/211md.org\/wp-content\/uploads\/bb-plugin\/cache\/2025_MdInfoNet_Icon-Sets_Mental-Health-square-c59b38c4a993a947d4c9280fbe2d2fee-.png\" alt=\"\" onerror=\"this.style.display='none'\" loading=\"lazy\" \/>\n\t\t\t\t<\/a>\n\t<\/figure>\n\t\t<h4><a href=\"\/pt\/recursos\/mdreentry\/?utm_source=Home&#038;utm_medium=Referral&#038;utm_campaign=211Resources&#038;utm_content=Reentry\" target=\"_self\">Reentrada<\/a><\/h4><figure itemscope itemtype=\"https:\/\/schema.org\/ImageObject\">\n\t\t\t\t<a href=\"\/pt\/recursos\/mdreentry\/?utm_source=Home&#038;utm_medium=Referral&#038;utm_campaign=211Resources&#038;utm_content=Reentry\"  target=\"_self\" itemprop=\"url\">\n\t\t\t\t<img decoding=\"async\" src=\"https:\/\/211md.org\/wp-content\/uploads\/bb-plugin\/cache\/2025_211_Icon-Sets_Reentry-square-8676fea38abd920a832f45642fe31cca-.png\" alt=\"\u00cdcone de reentrada\" height=\"417\" width=\"417\" title=\"2025_211_Conjuntos de \u00edcones_Reentrada\" onerror=\"this.style.display='none'\" loading=\"lazy\" \/>\n\t\t\t\t<\/a>\n\t<\/figure>\n\t\t<h4><a href=\"\/pt\/recursos\/uso-de-substancias\/?utm_source=Home&#038;utm_medium=Referral&#038;utm_campaign=211Resources&#038;utm_content=Substance\" target=\"_self\">Uso de subst\u00e2ncias<\/a><\/h4><figure itemscope itemtype=\"https:\/\/schema.org\/ImageObject\">\n\t\t\t\t<a href=\"\/pt\/recursos\/uso-de-substancias\/?utm_source=Home&#038;utm_medium=Referral&#038;utm_campaign=211Resources&#038;utm_content=Substance\"  target=\"_self\" itemprop=\"url\">\n\t\t\t\t<img decoding=\"async\" src=\"https:\/\/211md.org\/wp-content\/uploads\/bb-plugin\/cache\/2025_MdInfoNet_Icon-Sets_Substance-Abuse-square-4f414f085e657267739c181957754f48-.png\" alt=\"Pills for substance Use icon\" title=\"2025_MdInfoNet_Icon-Sets_Substance-Abuse\" onerror=\"this.style.display='none'\" loading=\"lazy\" \/>\n\t\t\t\t<\/a>\n\t<\/figure>\n\t\t<h4><a href=\"\/pt\/recursos\/veteranos\/?utm_source=Home&#038;utm_medium=Referral&#038;utm_campaign=211Resources&#038;utm_content=Veterans\" target=\"_self\">veteranos<\/a><\/h4><figure itemscope itemtype=\"https:\/\/schema.org\/ImageObject\">\n\t\t\t\t<a href=\"\/pt\/recursos\/veteranos\/?utm_source=Home&#038;utm_medium=Referral&#038;utm_campaign=211Resources&#038;utm_content=Veterans\"  target=\"_self\" itemprop=\"url\">\n\t\t\t\t<img decoding=\"async\" src=\"https:\/\/211md.org\/wp-content\/uploads\/bb-plugin\/cache\/2025_MdInfoNet_Icon-Sets_Rating-square-6e60d00cce4faa8e0a6d4ad7366aa733-.png\" alt=\"\" onerror=\"this.style.display='none'\" loading=\"lazy\" \/>\n\t\t\t\t<\/a>\n\t<\/figure>","protected":false},"excerpt":{"rendered":"<p>Medicare is a government health insurance program, that provides assistance to people ages 65 and older, people under 65 with certain disabilities, and any age person with End-Stage Renal Disease or permanet kidney failure requiring dialysis or kidney transplant. Learn about the types of Medicare Coverage and how to get help navigating it through a&hellip;<\/p>","protected":false},"author":8,"featured_media":33836,"parent":838,"menu_order":0,"comment_status":"closed","ping_status":"closed","template":"","meta":{"footnotes":""},"class_list":["post-1014","page","type-page","status-publish","has-post-thumbnail","hentry"],"_links":{"self":[{"href":"https:\/\/211md.org\/pt\/wp-json\/wp\/v2\/pages\/1014","targetHints":{"allow":["GET"]}}],"collection":[{"href":"https:\/\/211md.org\/pt\/wp-json\/wp\/v2\/pages"}],"about":[{"href":"https:\/\/211md.org\/pt\/wp-json\/wp\/v2\/types\/page"}],"author":[{"embeddable":true,"href":"https:\/\/211md.org\/pt\/wp-json\/wp\/v2\/users\/8"}],"replies":[{"embeddable":true,"href":"https:\/\/211md.org\/pt\/wp-json\/wp\/v2\/comments?post=1014"}],"version-history":[{"count":11,"href":"https:\/\/211md.org\/pt\/wp-json\/wp\/v2\/pages\/1014\/revisions"}],"predecessor-version":[{"id":34544,"href":"https:\/\/211md.org\/pt\/wp-json\/wp\/v2\/pages\/1014\/revisions\/34544"}],"up":[{"embeddable":true,"href":"https:\/\/211md.org\/pt\/wp-json\/wp\/v2\/pages\/838"}],"wp:featuredmedia":[{"embeddable":true,"href":"https:\/\/211md.org\/pt\/wp-json\/wp\/v2\/media\/33836"}],"wp:attachment":[{"href":"https:\/\/211md.org\/pt\/wp-json\/wp\/v2\/media?parent=1014"}],"curies":[{"name":"wp","href":"https:\/\/api.w.org\/{rel}","templated":true}]}}