{"id":1021,"date":"2021-04-16T18:52:14","date_gmt":"2021-04-16T18:52:14","guid":{"rendered":"https:\/\/211md.org\/?page_id=1021"},"modified":"2025-12-10T11:35:32","modified_gmt":"2025-12-10T16:35:32","slug":"comportamentos-infantis","status":"publish","type":"page","link":"https:\/\/211md.org\/pt\/resources\/children-families\/child-behaviors\/","title":{"rendered":"Obtendo ajuda com comportamentos infantis"},"content":{"rendered":"<p>Pode ser dif\u00edcil saber como responder quando uma crian\u00e7a \u201cage mal\u201d. Felizmente, existem maneiras eficazes de os pais e cuidadores responderem quando uma crian\u00e7a grita, grita, bate, chuta, morde ou quebra coisas.<\/p>\n<h3>Para obter ajuda imediatamente<\/h3>\n<p>Se voc\u00ea tiver uma preocupa\u00e7\u00e3o imediata sobre o comportamento do seu filho, estas linhas diretas podem oferecer ajuda:<\/p>\n<ul>\n<li><strong>Linha de apoio aos pais 24 horas da \u00e1rvore geneal\u00f3gica<\/strong><br \/>\nLigue para 1-800-243-7337 para obter suporte gratuito e confidencial, aconselhamento e recursos comunit\u00e1rios em Maryland.\u00a0<a href=\"https:\/\/www.familytreemd.org\/programs\/helpline\/\" target=\"_blank\" rel=\"noopener\">Saiba mais sobre a Linha de Ajuda da \u00c1rvore Familiar<\/a>.<\/li>\n<li><strong>Ligue para 9-8-8<\/strong><br \/>\nSe voc\u00ea tiver alguma preocupa\u00e7\u00e3o sobre a sa\u00fade mental infantil ou o uso de subst\u00e2ncias, ligue para 9-8-8.<\/li>\n<\/ul>\n\t\t\t\t<img loading=\"lazy\" decoding=\"async\" src=\"https:\/\/211md.org\/wp-content\/uploads\/2021\/05\/Child-Holding-Ears.png\" alt=\"Uma crian\u00e7a angustiada segurando as m\u00e3os sobre os ouvidos\" itemprop=\"image\" height=\"348\" width=\"460\" title=\"Crian\u00e7a segurando as orelhas\" onerror=\"this.style.display='none'\"  \/>\n\t<h3>Se voc\u00ea est\u00e1 preocupado com o comportamento do seu filho<\/h3>\n<p>Se comportamentos desafiadores acontecem com frequ\u00eancia, \u00e9 arriscado presumir que seu filho \u201csuperar\u00e1 isso\u201d. Agir cedo em rela\u00e7\u00e3o \u00e0s preocupa\u00e7\u00f5es \u00e9 a melhor maneira de ajudar seu filho.<\/p>\n<p>A maioria dos problemas pode ser resolvida com a abordagem correta, mas geralmente \u00e9 mais f\u00e1cil e eficaz fazer algo mais cedo, antes que o problema piore.<\/p>\n<p>Um bom primeiro passo \u00e9 conversar com o m\u00e9dico do seu filho, como o pediatra ou enfermeiro. Anote suas d\u00favidas, preocupa\u00e7\u00f5es e alguns exemplos; leve-os para a consulta. Informe o m\u00e9dico ou enfermeiro no in\u00edcio da consulta que voc\u00ea tem preocupa\u00e7\u00f5es sobre o comportamento e desenvolvimento do seu filho. <a href=\"https:\/\/www.cdc.gov\/ncbddd\/actearly\/pdf\/help_pdfs\/How-Talk-Doctor-English-Spanish-508.pdf\" target=\"_blank\" rel=\"noopener\">Esta folha pode ajud\u00e1-lo a se preparar para a conversa<\/a>.<\/p>\n\t<h3>Outras fontes de apoio<\/h3>\n<p>Navegar por esses comportamentos pode ser dif\u00edcil para a crian\u00e7a e os pais. A ajuda est\u00e1 dispon\u00edvel.<\/p>\n<ul>\n<li><strong>Ligue para 2-1-1<br \/>\n<\/strong>Se precisar de suporte, disque 2-1-1. Podemos ajud\u00e1-lo a descobrir qual programa ou recurso \u00e9 certo para voc\u00ea.<\/li>\n<li><strong>Apoio de pares da Coaliz\u00e3o de Fam\u00edlias de Maryland<\/strong><br \/>\nA ag\u00eancia pode ajud\u00e1-lo a lidar com quest\u00f5es de sa\u00fade comportamental como uma fam\u00edlia atrav\u00e9s de seu <a href=\"https:\/\/www.mdcoalition.org\/what-we-do\/family-peer-support\/\" target=\"_blank\" rel=\"noopener\">programa de apoio familiar<\/a>. Eles podem ajudar com IEPs e outros recursos necess\u00e1rios para sustentar a fam\u00edlia e a crian\u00e7a.<\/li>\n<li><strong>Kit de recursos familiares para assuntos de sa\u00fade mental infantil<\/strong><strong><br \/>\n<\/strong>Baixe em\u00a0<a href=\"https:\/\/www.childrensmentalhealthmatters.org\/files\/2021\/03\/CMHM-Family-Resource-Kit-2021.pdf\" target=\"_blank\" rel=\"noopener\">Ingl\u00eas<\/a>\u00a0ou\u00a0<a href=\"https:\/\/www.childrensmentalhealthmatters.org\/files\/2021\/07\/CMHM-Family-Resource-Kit-2021_ES.pdf\" target=\"_blank\" rel=\"noopener\">Espanhol<\/a>. Voc\u00ea encontrar\u00e1 informa\u00e7\u00f5es sobre diversos t\u00f3picos, incluindo transtornos alimentares, Transtorno de D\u00e9ficit de Aten\u00e7\u00e3o e Hiperatividade (TDAH), ansiedade, depress\u00e3o ou outros problemas de sa\u00fade mental.<\/li>\n<\/ul>\n<p>&nbsp;<\/p>\n\t\t\t\t<img decoding=\"async\" src=\"http:\/\/211md.org\/wp-content\/uploads\/2024\/02\/mother-comforting-child.jpg\" alt=\"m\u00e3e consolando filho\" itemprop=\"image\" title=\"m\u00e3e consolando filho\" onerror=\"this.style.display='none'\"  \/>\n<h2>Informa\u00e7\u00e3o relacionada<\/h2>\n<p><a title=\"Ser Pai\" href=\"https:\/\/211md.org\/pt\/recursos\/criancas-familias\/ser-pai\/\">Apoio parental<\/a><\/p>\n<p><a title=\"ACEs\" href=\"https:\/\/211md.org\/pt\/recursos\/criancas-familias\/ases\/\">ACEs<\/a><\/p>\n<p><a href=\"https:\/\/211md.org\/pt\/recursos\/saude-mental\/apoio-a-adolescentes\/\">Apoio \u00e0 Sa\u00fade Mental do Adolescente<\/a><\/p>\n<p><a href=\"https:\/\/211md.org\/pt\/recursos\/criancas-familias\/navegacao-de-parentesco\/\" target=\"_blank\" rel=\"noopener\">Navega\u00e7\u00e3o de parentesco<\/a><\/p>\n<h2>\n\t\tEncontrar recursos\n\t<\/h2>\n\t\t\t\t<a href=\"\/pt\/recursos\/envelhecimento-incapacidade\/\" target=\"_self\" itemprop=\"url\" rel=\"noopener\">\n\t\t\t\t<img loading=\"lazy\" decoding=\"async\" src=\"https:\/\/211md.org\/wp-content\/uploads\/bb-plugin\/cache\/Mask-Group-41@2x-circle-73eaadba4cad8269faa4720e25cf1c85-.png\" alt=\"Os p\u00e9s de uma mulher mais velha e uma mulher mais jovem caminhando juntos\" itemprop=\"image\" height=\"500\" width=\"500\" title=\"Servi\u00e7os para deficientes\" onerror=\"this.style.display='none'\"  \/>\n\t\t\t\t<\/a>\n\t\t<h3><a href=\"\/pt\/recursos\/envelhecimento-incapacidade\/\" target=\"_self\" rel=\"noopener\">Envelhecimento e Defici\u00eancia<\/a><\/h3>\t\n\t\t\t\t<a href=\"\/pt\/recursos\/criancas-familias\/\" target=\"_self\" itemprop=\"url\" rel=\"noopener\">\n\t\t\t\t<img loading=\"lazy\" decoding=\"async\" src=\"https:\/\/211md.org\/wp-content\/uploads\/bb-plugin\/cache\/Mask-Group-38@2x-circle-ac40d46265fbec62083cd27f6dcf23b0-.png\" alt=\"Um menino e uma menina sorrindo e olhando para a c\u00e2mera\" itemprop=\"image\" height=\"500\" width=\"500\" title=\"Grupo de m\u00e1scara 38@2x\" onerror=\"this.style.display='none'\"  \/>\n\t\t\t\t<\/a>\n\t\t<h3><a href=\"\/pt\/recursos\/criancas-familias\/\" target=\"_self\" rel=\"noopener\">Crian\u00e7as e Fam\u00edlias<\/a><\/h3>\t\n\t\t\t\t<a href=\"\/pt\/recursos\/covid-19-resource-center\/\" target=\"_self\" itemprop=\"url\" rel=\"noopener\">\n\t\t\t\t<img loading=\"lazy\" decoding=\"async\" src=\"https:\/\/211md.org\/wp-content\/uploads\/bb-plugin\/cache\/Mask-Group-35-circle-1d65595bca7a4e0f07d3d14ca4f42835-.png\" alt=\"Um cotovelo de homem e mulher batendo\" itemprop=\"image\" height=\"500\" width=\"500\" title=\"Grupo de m\u00e1scara 35\" onerror=\"this.style.display='none'\"  \/>\n\t\t\t\t<\/a>\n\t\t<h3><a href=\"\/pt\/recursos\/covid-19-resource-center\/\" target=\"_self\" rel=\"noopener\">Recursos COVID-19<\/a><\/h3>\t\n\t\t\t\t<a href=\"\/pt\/recursos\/violencia-domestica-familiar\/\" target=\"_self\" itemprop=\"url\" rel=\"noopener\">\n\t\t\t\t<img loading=\"lazy\" decoding=\"async\" src=\"https:\/\/211md.org\/wp-content\/uploads\/bb-plugin\/cache\/Mask-Group-39@2x-circle-b2589197a13c791d910f46dd10b27a87-.png\" alt=\"Dois pares de m\u00e3os segurando um ao outro\" itemprop=\"image\" height=\"500\" width=\"500\" title=\"Grupo de m\u00e1scara 39@2x\" onerror=\"this.style.display='none'\"  \/>\n\t\t\t\t<\/a>\n\t\t<h3><a href=\"\/pt\/recursos\/violencia-domestica-familiar\/\" target=\"_self\" rel=\"noopener\">Viol\u00eancia Dom\u00e9stica\/Familiar<\/a><\/h3>\t\n\t\t\t\t<a href=\"\/pt\/recursos\/procura-de-emprego\/\" target=\"_self\" itemprop=\"url\" rel=\"noopener\">\n\t\t\t\t<img loading=\"lazy\" decoding=\"async\" src=\"https:\/\/211md.org\/wp-content\/uploads\/bb-plugin\/cache\/Employment-circle-bf72562329e950df948954f5d3f44b2e-.png\" alt=\"um mec\u00e2nico de autom\u00f3veis\" itemprop=\"image\" height=\"500\" width=\"500\" title=\"Emprego\" onerror=\"this.style.display='none'\"  \/>\n\t\t\t\t<\/a>\n\t\t<h3><a href=\"\/pt\/recursos\/procura-de-emprego\/\" target=\"_self\" rel=\"noopener\">Emprego<\/a><\/h3>\t\n\t\t\t\t<a href=\"\/pt\/recursos\/cuidados-de-saude\/\" target=\"_self\" itemprop=\"url\" rel=\"noopener\">\n\t\t\t\t<img loading=\"lazy\" decoding=\"async\" src=\"https:\/\/211md.org\/wp-content\/uploads\/bb-plugin\/cache\/Mask-Group-35@2x-circle-94be10c13e4adae1683b4589dc2f5b2f-.png\" alt=\"Doutor olhando para a perna de meninos\" itemprop=\"image\" height=\"500\" width=\"500\" title=\"Grupo de m\u00e1scara 35@2x\" onerror=\"this.style.display='none'\"  \/>\n\t\t\t\t<\/a>\n\t\t<h3><a href=\"\/pt\/recursos\/cuidados-de-saude\/\" target=\"_self\" rel=\"noopener\">Cuidados de sa\u00fade<\/a><\/h3>\t\n\t\t\t\t<a href=\"\/pt\/recursos\/comida\/\" target=\"_self\" itemprop=\"url\" rel=\"noopener\">\n\t\t\t\t<img loading=\"lazy\" decoding=\"async\" src=\"https:\/\/211md.org\/wp-content\/uploads\/bb-plugin\/cache\/Mask-Group-32@2x-circle-1c6d647dcaf998fa079d26735cedc92b-.png\" alt=\"Vegetais frescos\" itemprop=\"image\" height=\"500\" width=\"500\" title=\"Grupo de m\u00e1scara 32@2x\" onerror=\"this.style.display='none'\"  \/>\n\t\t\t\t<\/a>\n\t\t<h3><a href=\"\/pt\/recursos\/comida\/\" target=\"_self\" rel=\"noopener\">Comida<\/a><\/h3>\t\n\t\t\t\t<a href=\"\/pt\/recursos\/casa-abrigo\/\" target=\"_self\" itemprop=\"url\" rel=\"noopener\">\n\t\t\t\t<img loading=\"lazy\" decoding=\"async\" src=\"https:\/\/211md.org\/wp-content\/uploads\/bb-plugin\/cache\/Mask-Group-34@2x-circle-b99c55fc16ef21f35e2f2a1f7cc37b9a-.png\" alt=\"Varanda do complexo de apartamentos\" itemprop=\"image\" height=\"500\" width=\"500\" title=\"Complexo de apartamentos\" onerror=\"this.style.display='none'\"  \/>\n\t\t\t\t<\/a>\n\t\t<h3><a href=\"\/pt\/recursos\/casa-abrigo\/\" target=\"_self\" rel=\"noopener\">Habita\u00e7\u00e3o e Abrigo<\/a><\/h3>\t\n\t\t\t\t<a href=\"\/pt\/recursos\/novo-para-nos-e-marilandia\/\" target=\"_self\" itemprop=\"url\" rel=\"noopener\">\n\t\t\t\t<img loading=\"lazy\" decoding=\"async\" src=\"https:\/\/211md.org\/wp-content\/uploads\/bb-plugin\/cache\/American-flag-circle-0016cc327e27ef7aeb080f1da6c6e98b-.jpg\" alt=\"novidade nos estados unidos\" itemprop=\"image\" height=\"364\" width=\"1366\" title=\"Bandeira americana\" onerror=\"this.style.display='none'\"  \/>\n\t\t\t\t<\/a>\n\t\t<h3><a href=\"\/pt\/recursos\/novo-para-nos-e-marilandia\/\" target=\"_self\" rel=\"noopener\">Imigra\u00e7\u00e3o<\/a><\/h3>\t\n\t\t\t\t<a href=\"\/pt\/recursos\/servicos-legais\/\" target=\"_self\" itemprop=\"url\" rel=\"noopener\">\n\t\t\t\t<img loading=\"lazy\" decoding=\"async\" src=\"https:\/\/211md.org\/wp-content\/uploads\/bb-plugin\/cache\/Housing-Legal-circle-9a8f3c1c72c54b6e1ce612d2993c1ad4-.png\" alt=\"Gavel legal com um modelo de pl\u00e1stico de uma casa ao lado\" itemprop=\"image\" height=\"348\" width=\"460\" title=\"Habita\u00e7\u00e3o Legal\" onerror=\"this.style.display='none'\"  \/>\n\t\t\t\t<\/a>\n\t\t<h3><a href=\"\/pt\/recursos\/servicos-legais\/\" target=\"_self\" rel=\"noopener\">Servi\u00e7os legais<\/a><\/h3>\t\n\t\t\t\t<a href=\"\/pt\/recursos\/saude-mental\/\" target=\"_self\" itemprop=\"url\" rel=\"noopener\">\n\t\t\t\t<img loading=\"lazy\" decoding=\"async\" src=\"https:\/\/211md.org\/wp-content\/uploads\/bb-plugin\/cache\/Mask-Group-40@2x-circle-7bd9426367852fb3d841bc4bdc57a550-.png\" alt=\"Os perfis de um homem e uma mulher\" itemprop=\"image\" height=\"500\" width=\"500\" title=\"Grupo de m\u00e1scara 40@2x\" onerror=\"this.style.display='none'\"  \/>\n\t\t\t\t<\/a>\n\t\t<h3><a href=\"\/pt\/recursos\/saude-mental\/\" target=\"_self\" rel=\"noopener\">Sa\u00fade mental<\/a><\/h3>\t\n\t\t\t\t<a href=\"\/pt\/stophate\/\" target=\"_self\" itemprop=\"url\" rel=\"noopener\">\n\t\t\t\t<img loading=\"lazy\" decoding=\"async\" src=\"https:\/\/211md.org\/wp-content\/uploads\/bb-plugin\/cache\/Background-section-MDStophate-circle-08e2bae1cf9f2ad6cc83e01e23da8cb9-.jpg\" alt=\"Background-section-MDStophate\" itemprop=\"image\" height=\"768\" width=\"1366\" title=\"Background-section-MDStophate\" onerror=\"this.style.display='none'\"  \/>\n\t\t\t\t<\/a>\n\t\t<h3><a href=\"\/pt\/stophate\/\" target=\"_self\" rel=\"noopener\">Pare de odiar<\/a><\/h3>\t\n\t\t\t\t<a href=\"\/pt\/recursos\/uso-de-substancias\/\" target=\"_self\" itemprop=\"url\" rel=\"noopener\">\n\t\t\t\t<img loading=\"lazy\" decoding=\"async\" src=\"https:\/\/211md.org\/wp-content\/uploads\/bb-plugin\/cache\/Substance-Use-circle-ad2d564932dc31267e0c32a6fb2d915c-.png\" alt=\"P\u00edlulas para esmagar as m\u00e3os\" itemprop=\"image\" height=\"500\" width=\"500\" title=\"Uso de subst\u00e2ncias\" onerror=\"this.style.display='none'\"  \/>\n\t\t\t\t<\/a>\n\t\t<h3><a href=\"\/pt\/recursos\/uso-de-substancias\/\" target=\"_self\" rel=\"noopener\">Uso de subst\u00e2ncias<\/a><\/h3>\t\n\t\t\t\t<a href=\"\/pt\/recursos\/servicos-fiscais\/\" target=\"_self\" itemprop=\"url\" rel=\"noopener\">\n\t\t\t\t<img loading=\"lazy\" decoding=\"async\" src=\"https:\/\/211md.org\/wp-content\/uploads\/bb-plugin\/cache\/Mask-Group-34-circle-166a606e37e61188c9a17d5e634cda3c-.png\" alt=\"Pessoa preenchendo a papelada do imposto de renda\" itemprop=\"image\" height=\"500\" width=\"500\" title=\"Grupo de m\u00e1scara 34\" onerror=\"this.style.display='none'\"  \/>\n\t\t\t\t<\/a>\n\t\t<h3><a href=\"\/pt\/recursos\/servicos-fiscais\/\" target=\"_self\" rel=\"noopener\">Servi\u00e7os fiscais<\/a><\/h3>\t\n\t\t\t\t<a href=\"\/pt\/recursos\/utilitario-assistencia\/\" target=\"_self\" itemprop=\"url\" rel=\"noopener\">\n\t\t\t\t<img loading=\"lazy\" decoding=\"async\" src=\"https:\/\/211md.org\/wp-content\/uploads\/bb-plugin\/cache\/Mask-Group-37@2x-circle-9661a11b9c4082079c9a1f06bc539567-.png\" alt=\"Uma l\u00e2mpada acesa\" itemprop=\"image\" height=\"500\" width=\"500\" title=\"Grupo de m\u00e1scara 37@2x\" onerror=\"this.style.display='none'\"  \/>\n\t\t\t\t<\/a>\n\t\t<h3><a href=\"\/pt\/recursos\/utilitario-assistencia\/\" target=\"_self\" rel=\"noopener\">Assist\u00eancia de utilidade<\/a><\/h3>\t\n\t\t\t\t<a href=\"\/pt\/recursos\/veteranos\/\" target=\"_self\" itemprop=\"url\" rel=\"noopener\">\n\t\t\t\t<img loading=\"lazy\" decoding=\"async\" src=\"https:\/\/211md.org\/wp-content\/uploads\/bb-plugin\/cache\/Veterans-circle-b5b2b017288a5af0f61a41d0f31d0f82-.png\" alt=\"Um soldado apertando a m\u00e3o de algu\u00e9m e sorrindo\" itemprop=\"image\" height=\"500\" width=\"500\" title=\"veteranos\" onerror=\"this.style.display='none'\"  \/>\n\t\t\t\t<\/a>\n\t\t<h3><a href=\"\/pt\/recursos\/veteranos\/\" target=\"_self\" rel=\"noopener\">veteranos<\/a><\/h3>","protected":false},"excerpt":{"rendered":"<p>Pode ser dif\u00edcil saber como responder quando uma crian\u00e7a \u201cage mal\u201d. Felizmente, existem maneiras eficazes de os pais e cuidadores responderem quando uma crian\u00e7a grita, grita, bate, chuta, morde ou quebra coisas. Para obter ajuda imediatamente Se voc\u00ea tiver uma preocupa\u00e7\u00e3o imediata sobre o comportamento de seu filho, essas linhas diretas podem oferecer\u2026<\/p>","protected":false},"author":8,"featured_media":4025,"parent":839,"menu_order":0,"comment_status":"closed","ping_status":"closed","template":"","meta":{"footnotes":""},"class_list":["post-1021","page","type-page","status-publish","has-post-thumbnail","hentry"],"_links":{"self":[{"href":"https:\/\/211md.org\/pt\/wp-json\/wp\/v2\/pages\/1021","targetHints":{"allow":["GET"]}}],"collection":[{"href":"https:\/\/211md.org\/pt\/wp-json\/wp\/v2\/pages"}],"about":[{"href":"https:\/\/211md.org\/pt\/wp-json\/wp\/v2\/types\/page"}],"author":[{"embeddable":true,"href":"https:\/\/211md.org\/pt\/wp-json\/wp\/v2\/users\/8"}],"replies":[{"embeddable":true,"href":"https:\/\/211md.org\/pt\/wp-json\/wp\/v2\/comments?post=1021"}],"version-history":[{"count":2,"href":"https:\/\/211md.org\/pt\/wp-json\/wp\/v2\/pages\/1021\/revisions"}],"predecessor-version":[{"id":4709,"href":"https:\/\/211md.org\/pt\/wp-json\/wp\/v2\/pages\/1021\/revisions\/4709"}],"up":[{"embeddable":true,"href":"https:\/\/211md.org\/pt\/wp-json\/wp\/v2\/pages\/839"}],"wp:featuredmedia":[{"embeddable":true,"href":"https:\/\/211md.org\/pt\/wp-json\/wp\/v2\/media\/4025"}],"wp:attachment":[{"href":"https:\/\/211md.org\/pt\/wp-json\/wp\/v2\/media?parent=1021"}],"curies":[{"name":"wp","href":"https:\/\/api.w.org\/{rel}","templated":true}]}}