{"id":1023,"date":"2021-04-16T18:54:38","date_gmt":"2021-04-16T18:54:38","guid":{"rendered":"https:\/\/211md.org\/?page_id=1023"},"modified":"2025-10-03T16:48:43","modified_gmt":"2025-10-03T20:48:43","slug":"tendo-um-bebe","status":"publish","type":"page","link":"https:\/\/211md.org\/pt\/resources\/children-families\/having-a-baby\/","title":{"rendered":"Tendo um beb\u00ea"},"content":{"rendered":"<img decoding=\"async\" src=\"https:\/\/stg-maryland211-staging.kinsta.cloud\/wp-content\/uploads\/2025\/08\/5-1-scaled.png\" alt=\"5\" itemprop=\"image\" height=\"692\" width=\"2560\" title=\"5\" onerror=\"this.style.display='none'\" loading=\"lazy\" \/>\n\t\t<p>Receber um beb\u00ea \u00e9 um momento emocionante. \u00c9 tamb\u00e9m uma grande mudan\u00e7a e muita coisa para lidar. De cuidados pr\u00e9-natais e nutri\u00e7\u00e3o a apoio emocional e itens essenciais para beb\u00eas, o 211 conecta cuidadores e pais a apoios comunit\u00e1rios para a gravidez, o p\u00f3s-parto e os primeiros anos de vida do beb\u00ea.<\/p>\n<p>Comece sua busca pegando o telefone ou procurando recursos em nosso banco de dados de recursos em todo o estado.<\/p>\n\t\t\t<a href=\"#start\" target=\"_self\">\n\t\t\t\t\t\tCome\u00e7ar\n\t\t\t\t\t<\/a>\n\t\t\t\t<img decoding=\"async\" src=\"https:\/\/211md.org\/wp-content\/plugins\/bb-plugin\/img\/pixel.png\" alt=\"\" itemprop=\"image\" onerror=\"this.style.display='none'\" loading=\"lazy\" \/>\n\t\t\t\t<img decoding=\"async\" src=\"https:\/\/stg-maryland211-staging.kinsta.cloud\/wp-content\/uploads\/2025\/08\/16.png\" alt=\"16\" itemprop=\"image\" height=\"1000\" width=\"1000\" title=\"16\" onerror=\"this.style.display='none'\" loading=\"lazy\" \/>\n\t\t\t\t<img decoding=\"async\" src=\"http:\/\/211md.org\/wp-content\/uploads\/2025\/09\/Prenatal-Health-care-for-pregnant-mom.jpg\" alt=\"Cuidados de sa\u00fade pr\u00e9-natais para gestantes\" itemprop=\"image\" title=\"Cuidados de sa\u00fade pr\u00e9-natal para gestantes\" onerror=\"this.style.display='none'\" loading=\"lazy\" \/>\n\t<h2>Cuidados de sa\u00fade para gestantes e beb\u00eas<\/h2>\n<p>Durante a gravidez, os cuidados de sa\u00fade (pr\u00e9-natal) s\u00e3o importantes para a sa\u00fade da m\u00e3e e do beb\u00ea em desenvolvimento. Programas de seguro sa\u00fade est\u00e3o dispon\u00edveis para oferecer assist\u00eancia m\u00e9dica gratuita e de baixo custo durante a gravidez.<\/p>\n<p>Se voc\u00ea n\u00e3o se qualificar para os programas durante a gravidez, verifique novamente quando a crian\u00e7a nascer, pois ela pode se qualificar mesmo que voc\u00ea n\u00e3o se qualifique.<\/p>\n\t\t\t<a href=\"https:\/\/search.211md.org\/search?query=YK-6500.6600&#038;query_label=Pregnant+Individuals&#038;query_type=taxonomy\" target=\"_blank\" rel=\"noopener\">\n\t\t\t\t\t\tCuidados de sa\u00fade para m\u00e3es gr\u00e1vidas\n\t\t\t\t\t<\/a>\n\t\t\t<a href=\"https:\/\/search.211md.org\/search?query=LJ-2000.6750&#038;query_label=Pregnancy+Testing&#038;query_type=taxonomy\" target=\"_self\">\n\t\t\t\t\t\tteste de gravidez\n\t\t\t\t\t<\/a>\n\t<h3>Medicaid<\/h3>\n<p>O Medicaid oferece cobertura durante a gravidez e por alguns meses ap\u00f3s o nascimento do beb\u00ea. Saiba mais <a href=\"https:\/\/health.maryland.gov\/mmcp\/eligibility\/Pages\/generalrequirements.aspx\" target=\"_blank\" rel=\"noopener\">como se qualificar para o Medicaid<\/a>. Tamb\u00e9m existe uma op\u00e7\u00e3o para aqueles que n\u00e3o s\u00e3o cidad\u00e3os dos EUA, s\u00e3o <a href=\"https:\/\/health.maryland.gov\/mmcp\/medicaid-mch-initiatives\/Pages\/healthybabies.aspx\" target=\"_blank\" rel=\"noopener\">gr\u00e1vida<\/a>, e atender \u00e0s outras qualifica\u00e7\u00f5es.<\/p>\n<h3>Programa de Seguro Sa\u00fade Infantil de Maryland<\/h3>\n<p>Se voc\u00ea n\u00e3o atende aos requisitos financeiros de elegibilidade do Medicaid, mas tamb\u00e9m n\u00e3o \u00e9 eleg\u00edvel para um seguro privado, outra op\u00e7\u00e3o \u00e9 o Programa de Seguro Sa\u00fade Infantil de Maryland (MCHP). Esse programa oferece suporte <strong>mulheres gr\u00e1vidas e crian\u00e7as eleg\u00edveis at\u00e9 19 anos<\/strong>.<\/p>\n<p>Eles podem fornecer:<\/p>\n<ul>\n<li>consultas m\u00e9dicas<\/li>\n<li>cuidado dental<\/li>\n<li>trabalho de laborat\u00f3rio<\/li>\n<li>imuniza\u00e7\u00f5es<\/li>\n<li>servi\u00e7os de sa\u00fade mental<\/li>\n<li>cuidados com a vis\u00e3o<\/li>\n<\/ul>\n<p>Solicite esta cobertura online atrav\u00e9s de\u00a0<a href=\"https:\/\/www.marylandhealthconnection.gov\/\" target=\"_blank\" rel=\"noopener\">Conex\u00e3o de sa\u00fade de Maryland<\/a> ou um dos <a href=\"https:\/\/health.maryland.gov\/mmcp\/eligibility\/Pages\/apply.aspx\" target=\"_blank\" rel=\"noopener\">m\u00e9todos alternativos<\/a>, como o departamento de sa\u00fade local ou os servi\u00e7os sociais.\u00a0<\/p>\n<p>&nbsp;<\/p>\n\t<h2>Recursos da Comunidade<\/h2>\n<p>Temos centenas de recursos em nosso Banco de Dados de Recursos Comunit\u00e1rios 211 para gestantes, pu\u00e9rperas e beb\u00eas. Encontre os que voc\u00ea precisa por tipo de suporte.<\/p>\n<h3>Relacionado \u00e0 gravidez<\/h3>\n<ul>\n<li><a href=\"https:\/\/search.211md.org\/search?query=YK-6500.6600&amp;query_label=Pregnant+Individuals&amp;query_type=taxonomy\" target=\"_blank\" rel=\"noopener\">Suporte geral \u00e0 gravidez<\/a><\/li>\n<li><a href=\"https:\/\/search.211md.org\/search?query=LJ-2000.6750&amp;query_label=Pregnancy+Testing&amp;query_type=taxonomy\" target=\"_blank\" rel=\"noopener\">teste de gravidez<\/a><\/li>\n<\/ul>\n<h3>Aconselhamento\/Suporte<\/h3>\n<p>Clique nos links para obter uma lista de grupos de aconselhamento e apoio em nosso banco de dados. Insira um CEP para ver os an\u00fancios mais pr\u00f3ximos.<\/p>\n<ul>\n<li><a href=\"https:\/\/search.211md.org\/search?query=Family+Planning+%26+Pregnancy+Counseling&amp;query_label=Family+Planning+%26+Pregnancy+Counseling&amp;query_type=taxonomy\" target=\"_blank\" rel=\"noopener\">Planejamento Familiar\/Aconselhamento sobre Gravidez<\/a><\/li>\n<li><a href=\"https:\/\/search.211md.org\/search?query=PN-8100.6500-680&amp;query_type=taxonomy&amp;query_label=&amp;query_language=en\">Grupos de Apoio \u00e0 Gravidez\/Parto<\/a><\/li>\n<li><a href=\"https:\/\/search.211md.org\/search?query=PH-6100&amp;query_type=taxonomy&amp;query_label=&amp;query_language=en\">Educa\u00e7\u00e3o parental<\/a><\/li>\n<\/ul>\n<h3>Porto Seguro<\/h3>\n<p>Se voc\u00ea n\u00e3o estiver disposto a cuidar do beb\u00ea, o Safe Haven \u00e9 uma maneira confidencial de abandonar um rec\u00e9m-nascido ileso e em seguran\u00e7a. Voc\u00ea n\u00e3o precisa responder a nenhuma pergunta. Basta dizer: &quot;Este \u00e9 um beb\u00ea do Safe Haven&quot; e deix\u00e1-lo em um local designado em Maryland.<\/p>\n\t\t\t<a href=\"https:\/\/211md.org\/pt\/recursos\/criancas-familias\/porto-seguro\/\" target=\"_blank\" rel=\"noopener\">\n\t\t\t\t\t\tEncontre um local de ref\u00fagio seguro\n\t\t\t\t\t<\/a>\n\t<h3>Colocando uma crian\u00e7a<\/h3>\n<p>Se a m\u00e3e n\u00e3o puder cuidar da crian\u00e7a, h\u00e1 programas dispon\u00edveis para ajudar.<\/p>\n<p>Estas s\u00e3o pesquisas comuns de aconselhamento em nosso Banco de Dados de Recursos.<\/p>\n<ul>\n<li><a href=\"https:\/\/search.211md.org\/search?query=PH-0300&amp;query_type=taxonomy&amp;query_label=&amp;query_language=en\">Servi\u00e7os de ado\u00e7\u00e3o<\/a><\/li>\n<li><a href=\"https:\/\/search.211md.org\/search?query=PH-6300&amp;query_type=taxonomy&amp;query_label=&amp;query_language=en\">Acolhimento\/lares de grupos infantis<\/a><\/li>\n<\/ul>\n<p>Parentesco tamb\u00e9m pode ser uma op\u00e7\u00e3o em caso de dificuldades graves. Trata-se de um acordo tempor\u00e1rio com um parente ou n\u00e3o, que pode ser formal ou informal.<\/p>\n<h4>P\u00f3s-parto<\/h4>\n<p>Encontre suporte p\u00f3s-parto em nosso banco de dados.<\/p>\n<ul>\n<li><a href=\"https:\/\/search.211md.org\/search?query=Breastfeeding+Support&amp;query_label=Breastfeeding+Support&amp;query_type=taxonomy\" target=\"_blank\" rel=\"noopener\">Apoio \u00e0 amamenta\u00e7\u00e3o<\/a><\/li>\n<li><a href=\"https:\/\/search.211md.org\/search?query=Diapers+%26+Baby+Supplies&amp;query_label=Diapers+%26+Baby+Supplies&amp;query_type=taxonomy\" target=\"_blank\" rel=\"noopener\">Fraldas e artigos para beb\u00eas<\/a><\/li>\n<li><a href=\"https:\/\/search.211md.org\/search?query=BD-1800.8200-250&amp;query_type=taxonomy&amp;query_label=&amp;query_language=en\" target=\"_blank\" rel=\"noopener\">F\u00f3rmula\/comida para beb\u00ea<\/a>\u00a0<\/li>\n<\/ul>\n\t\t\t\t<img decoding=\"async\" src=\"https:\/\/211md.org\/wp-content\/plugins\/bb-plugin\/img\/pixel.png\" alt=\"\" itemprop=\"image\" onerror=\"this.style.display='none'\" loading=\"lazy\" \/>\n\t\t\t\t<img decoding=\"async\" src=\"https:\/\/211md.org\/wp-content\/uploads\/bb-plugin\/cache\/Call-center-specialst-circle-4e9ecd7b3425be4576416abc911049bb-.jpg\" alt=\"Especialista em call center\" itemprop=\"image\" title=\"Especialista em call center\" onerror=\"this.style.display='none'\" loading=\"lazy\" \/>\n<h2>Disque 211<\/h2><p>Converse com uma pessoa atenciosa e compassiva 24 horas por dia, 7 dias por semana. Ela tamb\u00e9m pode conectar voc\u00ea a recursos.\u00a0<\/p>\n\t\t\t<a href=\"tel:%20+211\" target=\"_blank\" rel=\"noopener\">\n\t\t\t\t\t\tLigue para 211 (celular)\n\t\t\t\t\t<\/a>\n\t\t<h2>Nutri\u00e7\u00e3o para a Gravidez: WIC<\/h2>\n\t\t<p>O programa WIC (Mulheres, Beb\u00eas e Crian\u00e7as) de Maryland oferece acesso \u00e0 alimenta\u00e7\u00e3o durante a gravidez e amamenta\u00e7\u00e3o para aquelas que atendem aos crit\u00e9rios de elegibilidade. Tamb\u00e9m est\u00e1 dispon\u00edvel para crian\u00e7as de at\u00e9 cinco anos.<\/p>\n<p>O Maryland WIC oferece vales-alimenta\u00e7\u00e3o para alimentos saud\u00e1veis, informa\u00e7\u00f5es nutricionais e apoio \u00e0 amamenta\u00e7\u00e3o.<\/p>\n<p>Saiba mais sobre as qualifica\u00e7\u00f5es e como se candidatar.<\/p>\n\t\t\t<a href=\"https:\/\/211md.org\/pt\/recursos\/comida\/wic\/\" target=\"_self\">\n\t\t\t\t\t\t\tSaber mais\n\t\t\t\t\t<\/a>\n\t\t\t\t<img decoding=\"async\" src=\"https:\/\/211md.org\/wp-content\/uploads\/2025\/09\/Kid-feeding-his-mom-healthy-food.jpg\" alt=\"Crian\u00e7a alimentando sua m\u00e3e com comida saud\u00e1vel\" itemprop=\"image\" height=\"800\" width=\"1200\" title=\"Crian\u00e7a alimentando sua m\u00e3e com comida saud\u00e1vel\" onerror=\"this.style.display='none'\" loading=\"lazy\" \/>\n\t\t\t\t<img decoding=\"async\" src=\"http:\/\/211md.org\/wp-content\/uploads\/2025\/08\/Infant-Home-visiting-program.jpg\" alt=\"Programa de visita domiciliar infantil\" itemprop=\"image\" title=\"Programa de visita domiciliar infantil\" onerror=\"this.style.display='none'\" loading=\"lazy\" \/>\n\t<h2>Programas de Visita Domiciliar<\/h2>\n<p>Visitas domiciliares durante a gravidez e ap\u00f3s o parto s\u00e3o uma \u00f3tima maneira de obter respostas \u00e0s suas perguntas no conforto do seu lar. Tamb\u00e9m \u00e9 ideal que um visitante domiciliar possa ajudar a personalizar as recomenda\u00e7\u00f5es que melhor se adaptam \u00e0 sua fam\u00edlia e ao seu ambiente dom\u00e9stico.<\/p>\n<p>H\u00e1 duas maneiras de visitar Maryland e voltar para casa.<\/p>\n<p>Uma \u00e9 atrav\u00e9s do Medicaid e a outra \u00e9 atrav\u00e9s do seu condado local.<\/p>\n<h3>Visita Domiciliar do Medicaid<\/h3>\n<p>Aqueles que se qualificam para o Medicaid podem ter direito a uma visita domiciliar de um enfermeiro ou profissional qualificado durante a gravidez e ap\u00f3s o parto.<\/p>\n\t<p>Essas visitas domiciliares oferecem uma oportunidade de conversar sobre:<\/p>\n<ul>\n<li>Gravidez<\/li>\n<li>Paternidade<\/li>\n<li>Cuidados p\u00f3s-parto<\/li>\n<li>Nutri\u00e7\u00e3o<\/li>\n<li>Desafios da vida<\/li>\n<\/ul>\n<p>As visitas s\u00e3o espec\u00edficas para a situa\u00e7\u00e3o pessoal.<\/p>\n<p>Solicite visitas domiciliares por meio de um parceiro de sa\u00fade do Medicaid, conhecido em Maryland como Organiza\u00e7\u00e3o de Assist\u00eancia Gerenciada (MCO).<\/p>\n<h3>Outros programas de visita domiciliar em Maryland<\/h3>\n<p>H\u00e1 tamb\u00e9m outros programas de visita domiciliar para novos pais em certas cidades e condados em Maryland.<\/p>\n<p>O Family Connects Maryland \u00e9 um programa gratuito e volunt\u00e1rio para novas m\u00e3es, dispon\u00edvel em algumas \u00e1reas de Maryland. Uma enfermeira registrada pode acompanhar a crian\u00e7a e os pais.<\/p>\n<p>Tamb\u00e9m h\u00e1 programas Healthy Start e Healthy Families em outras partes do estado.<\/p>\n<p>Entre em contato com um programa de visita domiciliar:<\/p>\n<ul>\n<li><a href=\"https:\/\/www.aahealth.org\/family-health\/healthy-babies\/healthy-start\" target=\"_blank\" rel=\"noopener\">Condado de Anne Arundel<\/a><\/li>\n<li><a href=\"https:\/\/baltimorehealthystart.org\/programs\/home-visiting-programs\/\" target=\"_blank\" rel=\"noopener\">cidade de baltimore<\/a> | <a href=\"https:\/\/www.familytreemd.org\/fcm\/\" target=\"_blank\" rel=\"noopener\">cidade de baltimore<\/a> (Pacientes do Hospital Sinai)<\/li>\n<li><a href=\"https:\/\/www.frederickhealth.org\/services\/birth-place\/at-home-newborn-visit\/\" target=\"_blank\" rel=\"noopener\">Condado de Frederick<\/a><\/li>\n<li><a href=\"https:\/\/www.howardcountymd.gov\/children-families\/home-visiting\" target=\"_blank\" rel=\"noopener\">Condado de Howard<\/a><\/li>\n<li><a href=\"https:\/\/www.childresource.org\/how-we-support\/families\/home-visiting-services\/family-connects-prince-georges\/\" target=\"_blank\" rel=\"noopener\">Condado de Pr\u00edncipe George<\/a><\/li>\n<\/ul>\n<p>Ou\u00e7a uma m\u00e3e falar sobre como esse programa ajuda.<\/p>\n<p><iframe loading=\"lazy\" title=\"Ou\u00e7a a paciente do Family Connects Frederick County, Erica Blake, m\u00e3e de dois filhos\" src=\"https:\/\/player.vimeo.com\/video\/1028885783?h=44cc67f279&amp;dnt=1&amp;app_id=122963\" width=\"500\" height=\"281\" frameborder=\"0\" allow=\"autoplay; fullscreen; picture-in-picture; clipboard-write; encrypted-media; web-share\"><\/iframe><\/p>\n<p>No\u00a0<a href=\"https:\/\/baltimorehealthystart.org\/programs\/home-visiting-programs\/\" target=\"_blank\" rel=\"noopener\">cidade de baltimore<\/a>, a visita domiciliar est\u00e1 dispon\u00edvel por meio do Programa Healthy Start. E em\u00a0<a href=\"https:\/\/www.howardcountymd.gov\/children-families\/home-visiting\" target=\"_blank\" rel=\"noopener\">Condado de Howard,<\/a> Somerset e Condado de Worcester, s\u00e3o Fam\u00edlias Saud\u00e1veis.<\/p>\n\t\t\t\t<a href=\"https:\/\/search.211md.org\/\" target=\"_blank\" rel=\"noopener\" itemprop=\"url\">\n\t\t\t\t<img decoding=\"async\" src=\"https:\/\/stg-maryland211-staging.kinsta.cloud\/wp-content\/uploads\/2025\/08\/2025_MdInfoNet_Icon-Sets-white_Locate.png\" alt=\"\" itemprop=\"image\" onerror=\"this.style.display='none'\" loading=\"lazy\" \/>\n\t\t\t\t<\/a>\n<h2><a href=\"https:\/\/search.211md.org\/\" target=\"_blank\" rel=\"noopener\">Encontre recursos agora<\/a><\/h2><p>Encontrar <strong>recursos da comunidade <\/strong>para alimenta\u00e7\u00e3o, sa\u00fade, moradia e muito mais em nosso banco de dados. Pesquise por CEP.<\/p>\n\t\t\t<a href=\"https:\/\/search.211md.org\/\" target=\"_blank\" rel=\"noopener\">\n\t\t\t\t\t\t\tProcure agora\n\t\t\t<\/a>\n\t\t\t\t<img decoding=\"async\" src=\"http:\/\/211md.org\/wp-content\/uploads\/2025\/09\/babies-at-child-care-center.jpg\" alt=\"beb\u00eas em creche\" itemprop=\"image\" title=\"beb\u00eas em creche\" onerror=\"this.style.display='none'\" loading=\"lazy\" \/>\n\t\t\t\t<img decoding=\"async\" src=\"https:\/\/211md.org\/wp-content\/plugins\/bb-plugin\/img\/pixel.png\" alt=\"\" itemprop=\"image\" onerror=\"this.style.display='none'\" loading=\"lazy\" \/>\n\t<h2>Recursos para cuidados infantis<\/h2>\n<p>Pode ser dif\u00edcil encontrar creches, e m\u00e3es gr\u00e1vidas podem encontrar listas de espera. Portanto, planeje com anteced\u00eancia, mesmo antes do beb\u00ea nascer.<\/p>\n<p>Existem programas de assist\u00eancia dispon\u00edveis para ajudar a pagar os cuidados infantis. O 211 <a href=\"https:\/\/211md.org\/pt\/recursos\/criancas-familias\/\">guia de cuidados infantis<\/a> explica suas op\u00e7\u00f5es.<\/p>\n<p>Voc\u00ea tamb\u00e9m pode pesquisar em nosso Banco de Dados de Recursos Comunit\u00e1rios 211 para obter uma lista de centros de educa\u00e7\u00e3o infantil e locais para obter ajuda para pagar por isso.<\/p>\n\t\t\t<a href=\"https:\/\/search.211md.org\/search?query=HD-1800&#038;query_type=taxonomy&#038;query_label=&#038;query_language=en\" target=\"_blank\" rel=\"noopener\">\n\t\t\t\t\t\teduca\u00e7\u00e3o infantil <br \/> (Judy Centers\/Head Start)\n\t\t\t\t\t<\/a>\n\t\t\t<a href=\"https:\/\/search.211md.org\/search?query=PH-1250.1800&#038;query_type=taxonomy&#038;query_label=&#038;query_language=en\" target=\"_blank\" rel=\"noopener\">\n\t\t\t\t\t\tassist\u00eancia infantil prolongada\n\t\t\t\t\t<\/a>\n\t\t\t<a href=\"https:\/\/search.211md.org\/search?query=NL-3000.1500&#038;query_type=taxonomy&#038;query_label=&#038;query_language=en\" target=\"_blank\" rel=\"noopener\">\n\t\t\t\t\t\tAjuda com despesas de cuidados infantis\n\t\t\t\t\t<\/a>\n<h2>\n\t\t\tinforma\u00e7\u00f5es relacionadas para fam\u00edlias\t<\/h2>\n\t\t<h4><a href=\"\/pt\/recursos\/envelhecimento-incapacidade\/?utm_source=Home&#038;utm_medium=Referral&#038;utm_campaign=211Resources&#038;utm_content=Aging\" target=\"_self\">Envelhecimento e Defici\u00eancia<\/a><\/h4>\n\t\t\t\t<a href=\"\/pt\/recursos\/envelhecimento-incapacidade\/?utm_source=Home&#038;utm_medium=Referral&#038;utm_campaign=211Resources&#038;utm_content=Aging\"  target=\"_self\" itemprop=\"url\">\n\t\t\t\t<img decoding=\"async\" src=\"https:\/\/211md.org\/wp-content\/uploads\/bb-plugin\/cache\/2025_MdInfoNet_Icon-Sets_Aging-disability-square-c466727102cae71e5f27b8539bb51945-.png\" alt=\"\" itemprop=\"image\" onerror=\"this.style.display='none'\" loading=\"lazy\" \/>\n\t\t\t\t<\/a>\n\t\t<h4><a href=\"\/pt\/recursos\/criancas-familias\/?utm_source=Home&#038;utm_medium=Referral&#038;utm_campaign=211Resources&#038;utm_content=Children\" target=\"_self\">Crian\u00e7as e Fam\u00edlias<\/a><\/h4>\n\t\t\t\t<a href=\"\/pt\/recursos\/criancas-familias\/?utm_source=Home&#038;utm_medium=Referral&#038;utm_campaign=211Resources&#038;utm_content=Children\"  target=\"_self\" itemprop=\"url\">\n\t\t\t\t<img decoding=\"async\" src=\"https:\/\/211md.org\/wp-content\/uploads\/bb-plugin\/cache\/2025_211_Icon-Sets_Child-care-square-f3b0d4edab3dcc467fadb5f55f4064c6-.png\" alt=\"2025_211_Conjuntos de \u00edcones_Cuidados infantis\" itemprop=\"image\" height=\"417\" width=\"417\" title=\"2025_211_Conjuntos de \u00edcones_Cuidados infantis\" onerror=\"this.style.display='none'\" loading=\"lazy\" \/>\n\t\t\t\t<\/a>\n\t\t<h4><a href=\"\/pt\/recursos\/violencia-domestica-familiar\/?utm_source=Home&#038;utm_medium=Referral&#038;utm_campaign=211Resources&#038;utm_content=Domestic\" target=\"_self\">Viol\u00eancia dom\u00e9stica<\/a><\/h4>\n\t\t\t\t<a href=\"\/pt\/recursos\/violencia-domestica-familiar\/?utm_source=Home&#038;utm_medium=Referral&#038;utm_campaign=211Resources&#038;utm_content=Domestic\"  target=\"_self\" itemprop=\"url\">\n\t\t\t\t<img decoding=\"async\" src=\"https:\/\/211md.org\/wp-content\/uploads\/bb-plugin\/cache\/2025_211_Icon-Sets_Domestic-Violence-square-7b597694a6f05fe90cdc376aa573bc63-.png\" alt=\"\u00cdcone de viol\u00eancia dom\u00e9stica\" itemprop=\"image\" height=\"417\" width=\"417\" title=\"2025_211_Conjuntos de \u00edcones_Viol\u00eancia dom\u00e9stica\" onerror=\"this.style.display='none'\" loading=\"lazy\" \/>\n\t\t\t\t<\/a>\n\t\t<h4><a href=\"\/pt\/recursos\/procura-de-emprego\/?utm_source=Home&#038;utm_medium=Referral&#038;utm_campaign=211Resources&#038;utm_content=Employment\" target=\"_self\">Emprego<\/a><\/h4>\n\t\t\t\t<a href=\"\/pt\/recursos\/procura-de-emprego\/?utm_source=Home&#038;utm_medium=Referral&#038;utm_campaign=211Resources&#038;utm_content=Employment\"  target=\"_self\" itemprop=\"url\">\n\t\t\t\t<img decoding=\"async\" src=\"https:\/\/211md.org\/wp-content\/uploads\/bb-plugin\/cache\/2025_MdInfoNet_Icon-Sets_Employment-square-44707bd410e4df10a470bf130ebcea86-.png\" alt=\"\" itemprop=\"image\" onerror=\"this.style.display='none'\" loading=\"lazy\" \/>\n\t\t\t\t<\/a>\n\t\t<h4><a href=\"\/pt\/recursos\/cuidados-de-saude\/?utm_source=Home&#038;utm_medium=Referral&#038;utm_campaign=211Resources&#038;utm_content=Health%20Care\" target=\"_self\">Cuidados de sa\u00fade<\/a><\/h4>\n\t\t\t\t<a href=\"\/pt\/recursos\/cuidados-de-saude\/?utm_source=Home&#038;utm_medium=Referral&#038;utm_campaign=211Resources&#038;utm_content=Health%20Care\"  target=\"_self\" itemprop=\"url\">\n\t\t\t\t<img decoding=\"async\" src=\"https:\/\/211md.org\/wp-content\/uploads\/bb-plugin\/cache\/2025_MdInfoNet_Icon-Sets_Health-Care-square-dee98a0060cbe0e7f27eda253fc12679-.png\" alt=\"\" itemprop=\"image\" onerror=\"this.style.display='none'\" loading=\"lazy\" \/>\n\t\t\t\t<\/a>\n\t\t<h4><a href=\"\/pt\/recursos\/criancas-familias\/cuidados-de-parentesco\/?utm_source=Home&#038;utm_medium=Referral&#038;utm_campaign=211Resources&#038;utm_content=Kinship\" target=\"_self\">Parentesco<\/a><\/h4>\n\t\t\t\t<a href=\"\/pt\/recursos\/criancas-familias\/cuidados-de-parentesco\/?utm_source=Home&#038;utm_medium=Referral&#038;utm_campaign=211Resources&#038;utm_content=Kinship\"  target=\"_self\" itemprop=\"url\">\n\t\t\t\t<img decoding=\"async\" src=\"https:\/\/211md.org\/wp-content\/uploads\/bb-plugin\/cache\/2025_211_Icon-Sets_Kinship-square-45bdf872866f5735f842c32071109267-.png\" alt=\"\u00cdcone de parentesco\" itemprop=\"image\" height=\"417\" width=\"417\" title=\"2025_211_Conjuntos de \u00edcones_Parentesco\" onerror=\"this.style.display='none'\" loading=\"lazy\" \/>\n\t\t\t\t<\/a>\n\t\t<h4><a href=\"\/pt\/recursos\/servicos-legais\/?utm_source=Home&#038;utm_medium=Referral&#038;utm_campaign=211Resources&#038;utm_content=Legal\" target=\"_self\">Servi\u00e7os legais<\/a><\/h4>\n\t\t\t\t<a href=\"\/pt\/recursos\/servicos-legais\/?utm_source=Home&#038;utm_medium=Referral&#038;utm_campaign=211Resources&#038;utm_content=Legal\"  target=\"_self\" itemprop=\"url\">\n\t\t\t\t<img decoding=\"async\" src=\"https:\/\/211md.org\/wp-content\/uploads\/bb-plugin\/cache\/2025_MdInfoNet_Icon-Sets_Legal-square-18fdf438feb8435588174d9046463257-.png\" alt=\"\" itemprop=\"image\" onerror=\"this.style.display='none'\" loading=\"lazy\" \/>\n\t\t\t\t<\/a>\n\t\t<h4><a href=\"\/pt\/recursos\/saude-mental\/?utm_source=Home&#038;utm_medium=Referral&#038;utm_campaign=211Resources&#038;utm_content=Mental\" target=\"_self\">Sa\u00fade mental<\/a><\/h4>\n\t\t\t\t<a href=\"\/pt\/recursos\/saude-mental\/?utm_source=Home&#038;utm_medium=Referral&#038;utm_campaign=211Resources&#038;utm_content=Mental\"  target=\"_self\" itemprop=\"url\">\n\t\t\t\t<img decoding=\"async\" src=\"https:\/\/211md.org\/wp-content\/uploads\/bb-plugin\/cache\/2025_MdInfoNet_Icon-Sets_Mental-Health-square-c59b38c4a993a947d4c9280fbe2d2fee-.png\" alt=\"\" itemprop=\"image\" onerror=\"this.style.display='none'\" loading=\"lazy\" \/>\n\t\t\t\t<\/a>\n\t\t<h4><a href=\"\/pt\/recursos\/mdreentry\/?utm_source=Home&#038;utm_medium=Referral&#038;utm_campaign=211Resources&#038;utm_content=Reentry\" target=\"_self\">Reentrada<\/a><\/h4>\n\t\t\t\t<a href=\"\/pt\/recursos\/mdreentry\/?utm_source=Home&#038;utm_medium=Referral&#038;utm_campaign=211Resources&#038;utm_content=Reentry\"  target=\"_self\" itemprop=\"url\">\n\t\t\t\t<img decoding=\"async\" src=\"https:\/\/211md.org\/wp-content\/uploads\/bb-plugin\/cache\/2025_211_Icon-Sets_Reentry-square-8676fea38abd920a832f45642fe31cca-.png\" alt=\"\u00cdcone de reentrada\" itemprop=\"image\" height=\"417\" width=\"417\" title=\"2025_211_Conjuntos de \u00edcones_Reentrada\" onerror=\"this.style.display='none'\" loading=\"lazy\" \/>\n\t\t\t\t<\/a>\n\t\t<h4><a href=\"\/pt\/recursos\/uso-de-substancias\/?utm_source=Home&#038;utm_medium=Referral&#038;utm_campaign=211Resources&#038;utm_content=Substance\" target=\"_self\">Uso de subst\u00e2ncias<\/a><\/h4>\n\t\t\t\t<a href=\"\/pt\/recursos\/uso-de-substancias\/?utm_source=Home&#038;utm_medium=Referral&#038;utm_campaign=211Resources&#038;utm_content=Substance\"  target=\"_self\" itemprop=\"url\">\n\t\t\t\t<img decoding=\"async\" src=\"https:\/\/211md.org\/wp-content\/uploads\/bb-plugin\/cache\/2025_MdInfoNet_Icon-Sets_Substance-Abuse-square-9022fec9d18a64118ad685c101885b55-.png\" alt=\"\" itemprop=\"image\" onerror=\"this.style.display='none'\" loading=\"lazy\" \/>\n\t\t\t\t<\/a>\n\t\t<h4><a href=\"\/pt\/recursos\/veteranos\/?utm_source=Home&#038;utm_medium=Referral&#038;utm_campaign=211Resources&#038;utm_content=Veterans\" target=\"_self\">veteranos<\/a><\/h4>\n\t\t\t\t<a href=\"\/pt\/recursos\/veteranos\/?utm_source=Home&#038;utm_medium=Referral&#038;utm_campaign=211Resources&#038;utm_content=Veterans\"  target=\"_self\" itemprop=\"url\">\n\t\t\t\t<img decoding=\"async\" src=\"https:\/\/211md.org\/wp-content\/uploads\/bb-plugin\/cache\/2025_MdInfoNet_Icon-Sets_Rating-square-6e60d00cce4faa8e0a6d4ad7366aa733-.png\" alt=\"\" itemprop=\"image\" onerror=\"this.style.display='none'\" loading=\"lazy\" \/>\n\t\t\t\t<\/a>","protected":false},"excerpt":{"rendered":"<p>Receber um beb\u00ea \u00e9 um momento emocionante. \u00c9 tamb\u00e9m uma grande mudan\u00e7a e muita coisa para lidar. De cuidados pr\u00e9-natais e nutri\u00e7\u00e3o a apoio emocional e itens essenciais para beb\u00eas, o 211 conecta cuidadores e pais a apoios comunit\u00e1rios para gravidez, p\u00f3s-parto e os primeiros anos de vida do beb\u00ea. Comece sua busca adquirindo o\u2026<\/p>","protected":false},"author":8,"featured_media":2077,"parent":839,"menu_order":0,"comment_status":"closed","ping_status":"closed","template":"","meta":{"footnotes":""},"class_list":["post-1023","page","type-page","status-publish","has-post-thumbnail","hentry"],"_links":{"self":[{"href":"https:\/\/211md.org\/pt\/wp-json\/wp\/v2\/pages\/1023","targetHints":{"allow":["GET"]}}],"collection":[{"href":"https:\/\/211md.org\/pt\/wp-json\/wp\/v2\/pages"}],"about":[{"href":"https:\/\/211md.org\/pt\/wp-json\/wp\/v2\/types\/page"}],"author":[{"embeddable":true,"href":"https:\/\/211md.org\/pt\/wp-json\/wp\/v2\/users\/8"}],"replies":[{"embeddable":true,"href":"https:\/\/211md.org\/pt\/wp-json\/wp\/v2\/comments?post=1023"}],"version-history":[{"count":10,"href":"https:\/\/211md.org\/pt\/wp-json\/wp\/v2\/pages\/1023\/revisions"}],"predecessor-version":[{"id":33891,"href":"https:\/\/211md.org\/pt\/wp-json\/wp\/v2\/pages\/1023\/revisions\/33891"}],"up":[{"embeddable":true,"href":"https:\/\/211md.org\/pt\/wp-json\/wp\/v2\/pages\/839"}],"wp:featuredmedia":[{"embeddable":true,"href":"https:\/\/211md.org\/pt\/wp-json\/wp\/v2\/media\/2077"}],"wp:attachment":[{"href":"https:\/\/211md.org\/pt\/wp-json\/wp\/v2\/media?parent=1023"}],"curies":[{"name":"wp","href":"https:\/\/api.w.org\/{rel}","templated":true}]}}