{"id":1030,"date":"2021-04-16T19:36:23","date_gmt":"2021-04-16T19:36:23","guid":{"rendered":"https:\/\/211md.org\/?page_id=1030"},"modified":"2026-03-31T14:23:21","modified_gmt":"2026-03-31T18:23:21","slug":"servicos-fiscais","status":"publish","type":"page","link":"https:\/\/211md.org\/pt\/resources\/tax-services\/","title":{"rendered":"Encontre assist\u00eancia fiscal gratuita em Maryland"},"content":{"rendered":"<figure data-animation-delay=\"0\" data-animation-duration=\"1\" itemscope=\"\" itemtype=\"https:\/\/schema.org\/ImageObject\">\n\t\t\t\t<img decoding=\"async\" src=\"https:\/\/stg-maryland211-staging.kinsta.cloud\/wp-content\/uploads\/2025\/08\/5-1-scaled.png\" alt=\"5\" height=\"692\" width=\"2560\" title=\"5\" onerror=\"this.style.display='none'\" loading=\"lazy\">\n\t<\/figure>\n\t\t<p>Free tax preparation is available to help with federal and Maryland taxes. Get connected to trusted programs by searching the 211 Community Resource Database by ZIP code&nbsp;<\/p>\n\t\t\t<a href=\"https:\/\/search.211md.org\/search?query=DT-8800%2CDM-1800.8500%2CDM-1800.8500&amp;query_label=I%20need%20tax%20help.&amp;query_type=taxonomy\" target=\"_blank\" rel=\"noopener\">\n\t\t\t\t\t\tFind Tax Help near you\n\t\t\t\t\t<\/a>\n\t<p>Not sure which program is best for your situation? Learn about the programs, eligibility, and tax credits that many Marylanders miss.&nbsp;<\/p>\n\t<h2>Free Tax Preparation Programs<\/h2>\n<p>There are several reputable organizations that offer free tax assistance, each with their own adjusted gross income guidelines. There&#8217;s even a program just for seniors. Learn about programs.<\/p>\n\t\t<h3><a href=\"http:\/\/www.getyourrefund.org\/en\/vita_providers\" target=\"_blank\" rel=\"noopener\">\t\n\tVITA<\/a><\/h3><p>The IRS Volunteer Income Tax Assistance (VITA) offers help preparing taxes for people who:<\/p>\n<ul>\n<li>Generally make $69,000 or less<\/li>\n<li>Persons with disabilities; and<\/li>\n<li>Limited English-speaking taxpayers<\/li>\n<\/ul>\n\t\t\t<a href=\"http:\/\/www.getyourrefund.org\/en\/vita_providers\" target=\"_blank\" rel=\"noopener\">\n\t\t\t\t\t\t\tFind a VITA site\n\t\t\t<\/a>\n\t\t<h3><a href=\"https:\/\/cashmd.org\/free-tax-preparationresources\/\" target=\"_blank\" rel=\"noopener\">\t\n\tCASH Campaign<\/a><\/h3><p>The CASH (Creating Assets, Savings and Hope) Campaign of Maryland and its partners provide free tax preparation services for individuals or households who made under $69,000. Schedule an appointment or find a CASH Campaign partner tax site.<\/p>\n\t\t\t<a href=\"https:\/\/cashmd.org\/free-tax-preparationresources\/\" target=\"_blank\" rel=\"noopener\">\n\t\t\t\t\t\tFind a CASH Campaign Location\n\t\t\t\t\t<\/a>\n\t\t<h3><a href=\"https:\/\/www.marylandcomptroller.gov\/about\/locations.html\" target=\"_blank\" rel=\"noopener\">\t\n\tComptroller of Maryland<\/a><\/h3><p>Dial 1-800-MDTAXES for questions. Help is available Monday-Friday from 8:30 to 4:30 pm. Branch locations throughout the state provide help without an appointment for general tax questions, form requests, and to accept completed returns.<\/p>\n<p>For tax filing, schedule an appointment in person or virtually.<\/p>\n\t\t\t<a href=\"https:\/\/www.marylandcomptroller.gov\/about\/locations.html\" target=\"_blank\" rel=\"noopener\">\n\t\t\t\t\t\tFind a Location or Schedule an Appointment\n\t\t\t\t\t<\/a>\n\t\t<h3><a href=\"https:\/\/myfreetaxes.com\/\" target=\"_blank\" rel=\"noopener\">\t\n\tMyFreeTaxes atrav\u00e9s da United Way<\/a><\/h3><p>In partnership with VITA, the United Way offers free tax preparation and free DIY tax programs.<\/p>\n<ul>\n<li>Income less than $69,000 &#8211; Free tax preparation online or in-person<\/li>\n<li>Income less than $89,000 &#8211; DIY preparation with free tax software<\/li>\n<\/ul>\n\t\t\t<a href=\"https:\/\/myfreetaxes.com\/\" target=\"_blank\" rel=\"noopener\">\n\t\t\t\t\t\t\tUse MyFreeTaxes\n\t\t\t<\/a>\n\t\t<h3><a href=\"https:\/\/taxaide.aarpfoundation.org\/\" target=\"_blank\" rel=\"noopener\">\t\n\tPrepara\u00e7\u00e3o de impostos gratuita AARP para idosos<\/a><\/h3><p>Free tax preparation for people over age 50, or you can prepare your own taxes for an adjusted gross income of $89,000 or less. If you make more money, you can still request help from Tax-Aide&#8217;s IRS-certified counselors.<\/p>\n\t\t\t<a href=\"https:\/\/taxaide.aarpfoundation.org\/\" target=\"_blank\" rel=\"noopener\">\n\t\t\t\t\t\tFind a Tax-Aide Provider\n\t\t\t\t\t<\/a>\n<figure itemscope=\"\" itemtype=\"https:\/\/schema.org\/ImageObject\">\n\t\t\t\t<img decoding=\"async\" src=\"http:\/\/211md.org\/wp-content\/uploads\/2026\/02\/High-rise-construction-worker-smiling.jpg\" alt=\"Construction worker smiling\" title=\"High rise construction worker smiling\" onerror=\"this.style.display='none'\" loading=\"lazy\">\n\t<\/figure>\n\t\t<h2>Maryland Earned Income Tax Credit (EITC)<\/h2>\n\t\t<p>When having your return prepared, ask about the Maryland Earned Income Tax Credit (EITC).<\/p>\n<p>If you&#8217;re using tax software to prepare taxes, make sure the platform verifies eligibility for the Maryland EITC. Some platforms don&#8217;t do this automatically.<\/p>\n<h3>What is it?<\/h3>\n<p>You earned it! Eligible taxpayers who work and have low to moderate income may qualify for up to $4,000 to reduce their taxes or increase their refund.&nbsp;The tax credit depends on income and family size.<\/p>\n<h3>Who qualifies?<\/h3>\n<p>Many people miss out on it because they didn&#8217;t know to ask about it. While everyone who qualifies for the federal EITC also qualifies for the state credit, there&#8217;s a group of people who qualify for the state credit but may not qualify federally. That includes individuals&nbsp;with an Individual Taxpayer Identification Number (ITIN) and childless adults aged 18-24.<\/p>\n<p>Seasonal gig workers, young adults, first-time workers, part-time employees, and caregivers may qualify for the Maryland EITC.<\/p>\n<p>The Comptroller has a screening tool to help determine if you qualify for the credit.<\/p>\n\t\t\t<a href=\"https:\/\/interactive2.marylandtaxes.gov\/EITCScreener\" target=\"_blank\" rel=\"noopener\">\n\t\t\t\t\t\tVerificar elegibilidade\n\t\t\t\t\t<\/a>\n\t\t<h3>Other tax credits<\/h3>\n\t\t<p>There are also other Maryland tax credits to ask your preparer about, including the Maryland Child Tax Credit (CTC), Child and Dependent Care Credit, and Senior Tax Credit.<\/p>\n\t\t\t<a href=\"https:\/\/services.marylandcomptroller.gov\/taxes\/en\/tax-credits-deductions-and-subtractions?id=kb_article_view&amp;sysparm_article=KB0010131\" target=\"_blank\" rel=\"noopener\">\n\t\t\t\t\t\tLearn about other credits\n\t\t\t\t\t<\/a>\n<figure data-animation-delay=\"0\" data-animation-duration=\"1\" itemscope=\"\" itemtype=\"https:\/\/schema.org\/ImageObject\">\n\t\t\t\t<img decoding=\"async\" src=\"https:\/\/211md.org\/wp-content\/uploads\/2025\/09\/person-doing-taxes.jpg\" alt=\"pessoa que faz impostos, preenchendo o formul\u00e1rio 1040\" height=\"1500\" width=\"2000\" title=\"pessoa que faz impostos\" onerror=\"this.style.display='none'\" loading=\"lazy\">\n\t<\/figure>\n\t\t<h2>Preparando voc\u00ea mesmo os impostos: arquivo gratuito do IRS<\/h2>\n\t\t<p>If you want to prepare your taxes on your own, the IRS Free File program links you to partner sites for free federal tax filing. IRS Free File is available to taxpayers with an adjusted gross income of $89,000 or less.<\/p>\n<p>Most sites are free if you meet the income requirements, but some may charge a small fee for state filing, depending on your income.<\/p>\n\t\t\t<a href=\"https:\/\/www.irs.gov\/e-file-do-your-taxes-for-free\" target=\"_blank\" rel=\"noopener\">\n\t\t\t\t\t\tUse Free Guided Tax Software\n\t\t\t\t\t<\/a>\n\t\t<h3>Free Military Tax Software<\/h3>\n\t\t<p>Members of the military and veterans may qualify for free tax filing through MilTax software, provided through the Department of Defense and Military OneSource. Access the tax preparation software through your Military OneSource account. You can file a federal return and up to three state returns for free.<\/p>\n<p>A ajuda pessoal tamb\u00e9m est\u00e1 dispon\u00edvel atrav\u00e9s do VITA.<\/p>\n\t\t\t<a href=\"https:\/\/www.militaryonesource.mil\/financial-legal\/taxes\/miltax-military-tax-services\/\" target=\"_blank\" rel=\"noopener\">\n\t\t\t\t\t\tUse MilTax\n\t\t\t\t\t<\/a>\n\t<h2>Impostos de Maryland<\/h2>\n<p>You must complete your federal return before you file your Maryland tax return.<\/p>\n<p>Marylanders may be eligible to file directly with the IRS for free. The federal tool will transfer your information to Maryland&#8217;s state tax tool, making filing easier. However, <a href=\"https:\/\/directfile.irs.gov\/state\" target=\"_blank\" rel=\"noopener\">verifique sua elegibilidade<\/a>. O IRS observa que esta n\u00e3o \u00e9 a melhor op\u00e7\u00e3o em algumas situa\u00e7\u00f5es.<\/p>\n<p>Se voc\u00ea usou um parceiro do programa IRS Free File para sua declara\u00e7\u00e3o federal, o parceiro confi\u00e1vel pode ser capaz de arquivar sua declara\u00e7\u00e3o de imposto estadual. Em alguns casos, est\u00e1 inclu\u00eddo e, em outros, h\u00e1 uma taxa. <a href=\"https:\/\/apps.irs.gov\/app\/freeFile\/browse-all-offers\/\" target=\"_blank\" rel=\"noopener\">Saiba o que est\u00e1 inclu\u00eddo para cada parceiro confi\u00e1vel<\/a>.<\/p>\n\t\t<h3>Declara\u00e7\u00e3o de Imposto Gratuita de Maryland<\/h3>\n\t\t<p>The Comptroller of Maryland can also help with state returns. They offer local tax help once you&#8217;ve completed your federal return.<\/p>\n<p>For help filing the Maryland Income Tax forms, local offices are located in Baltimore, Cumberland, Annapolis, Elkton, Frederick, Greenbelt, Hagerstown, Salisbury, Towson, Waldorf, and Wheaton.<\/p>\n<p>Schedule an appointment at one of these offices for free Maryland income tax assistance. You can get help filing an individual Maryland tax return, get an answer to a question, or get help with another type of Maryland tax.<\/p>\n<p>Voc\u00ea tamb\u00e9m pode ligar para o Taxpayer Services em 410-260-7980 em Central Maryland ou 1-800-MD-TAXES.<\/p>\n\t\t\t<a href=\"https:\/\/www.marylandtaxes.gov\/locations.php\" target=\"_self\" rel=\"noopener\">\n\t\t\t\t\t\tGet Help with Maryland Taxes\n\t\t\t\t\t<\/a>\n\t\t<h3>Onde est\u00e1 meu reembolso do estado de Maryland?<\/h3>\n\t\t<p>Are you looking for your Maryland tax refund? You can check the refund status through the Comptroller of Maryland. You&#8217;ll need your Social Security Number and the exact refund amount shown on your tax return.<\/p>\n<p>As devolu\u00e7\u00f5es em papel podem levar 30 dias para serem processadas. Se voc\u00ea fez o pedido eletronicamente por meio de um preparador de impostos profissional, tamb\u00e9m pode verificar com ele se n\u00e3o recebeu o reembolso.<\/p>\n\t\t\t<a href=\"https:\/\/interactive.marylandtaxes.gov\/INDIV\/refundstatus\/home.aspx\" target=\"_self\" rel=\"noopener\">\n\t\t\t\t\t\tCheck Refund status\n\t\t\t\t\t<\/a>\n\t<h2>Bring These Tax Documents<\/h2>\n<p>Se voc\u00ea agendar uma consulta com um contador ou com um servi\u00e7o gratuito de prepara\u00e7\u00e3o de impostos, precisar\u00e1 de determinados documentos de identifica\u00e7\u00e3o financeira e pessoal. Verifique com seu preparador fiscal os detalhes, mas em geral, traga os seguintes documentos para sua consulta:<\/p>\n<ul>\n<li>Cart\u00e3o da Seguran\u00e7a Social e\/ou ITN para cada membro da fam\u00edlia. As declara\u00e7\u00f5es fiscais do ano anterior n\u00e3o podem ser usadas para verifica\u00e7\u00e3o.<\/li>\n<li>Identifica\u00e7\u00e3o com foto para cada arquivador<\/li>\n<li>W-2 para todos os trabalhos<\/li>\n<li>Nome, endere\u00e7o e n\u00famero de identifica\u00e7\u00e3o fiscal ou CPF ou CPF do prestador de cuidados infantis<\/li>\n<li>Todas as informa\u00e7\u00f5es banc\u00e1rias para dep\u00f3sito direto do reembolso, se aplic\u00e1vel (um cheque anulado ou comprovante de dep\u00f3sito funcionar\u00e1)<\/li>\n<li>Declara\u00e7\u00e3o de imposto do ano passado<\/li>\n<li>Documentos relacionados a qualquer dinheiro que voc\u00ea recebeu do IRS ou do estado<\/li>\n<li>1099 formul\u00e1rios, se aplic\u00e1vel<\/li>\n<li>Quaisquer outros documentos relacionados com impostos<\/li>\n<li>Formul\u00e1rio 1095-A, B e\/ou C se voc\u00ea comprou seguro por meio do Marketplace, Medicare\/Medicaid ou seu empregador<\/li>\n<li>Certificado de isen\u00e7\u00e3o de mercado, se aplic\u00e1vel<\/li>\n<\/ul>\n<p>Entre em contato com a organiza\u00e7\u00e3o com perguntas espec\u00edficas.<\/p>\n<p>Se precisar de ajuda para preparar seus impostos, ligue para 211.<\/p>\n<figure itemscope=\"\" itemtype=\"https:\/\/schema.org\/ImageObject\">\n\t\t\t\t<img decoding=\"async\" src=\"https:\/\/211md.org\/wp-content\/plugins\/bb-plugin\/img\/pixel.png\" alt=\"\" onerror=\"this.style.display='none'\" loading=\"lazy\">\n\t<\/figure>\n\t\t<figure itemscope=\"\" itemtype=\"https:\/\/schema.org\/ImageObject\">\n\t\t\t\t<img decoding=\"async\" src=\"https:\/\/211md.org\/wp-content\/uploads\/bb-plugin\/cache\/Call-center-specialst-circle-4e9ecd7b3425be4576416abc911049bb-.jpg\" alt=\"Especialista em call center\" title=\"Especialista em call center\" onerror=\"this.style.display='none'\" loading=\"lazy\">\n\t<\/figure>\n<h2>Disque 211<\/h2><p>Converse com uma pessoa atenciosa e compassiva 24 horas por dia, 7 dias por semana. Ela tamb\u00e9m pode conectar voc\u00ea a recursos.&nbsp;<\/p>\n\t\t\t<a href=\"tel:%20+211\" target=\"_blank\" rel=\"noopener\">\n\t\t\t\t\t\tLigue para 211 (celular)\n\t\t\t\t\t<\/a>\n\t\t<h4><a href=\"\/pt\/recursos\/envelhecimento-incapacidade\/?utm_source=Home&amp;utm_medium=Referral&amp;utm_campaign=211Resources&amp;utm_content=Aging\" target=\"_self\">Envelhecimento e Defici\u00eancia<\/a><\/h4><figure itemscope=\"\" itemtype=\"https:\/\/schema.org\/ImageObject\">\n\t\t\t\t<a href=\"\/pt\/recursos\/envelhecimento-incapacidade\/?utm_source=Home&amp;utm_medium=Referral&amp;utm_campaign=211Resources&amp;utm_content=Aging\" target=\"_self\" itemprop=\"url\">\n\t\t\t\t<img decoding=\"async\" src=\"https:\/\/211md.org\/wp-content\/uploads\/bb-plugin\/cache\/2025_MdInfoNet_Icon-Sets_Aging-disability-square-c466727102cae71e5f27b8539bb51945-.png\" alt=\"\" onerror=\"this.style.display='none'\" loading=\"lazy\">\n\t\t\t\t<\/a>\n\t<\/figure>\n\t\t<h4><a href=\"\/pt\/recursos\/criancas-familias\/?utm_source=Home&amp;utm_medium=Referral&amp;utm_campaign=211Resources&amp;utm_content=Children\" target=\"_self\">Crian\u00e7as e Fam\u00edlias<\/a><\/h4><figure itemscope=\"\" itemtype=\"https:\/\/schema.org\/ImageObject\">\n\t\t\t\t<a href=\"\/pt\/recursos\/criancas-familias\/?utm_source=Home&amp;utm_medium=Referral&amp;utm_campaign=211Resources&amp;utm_content=Children\" target=\"_self\" itemprop=\"url\">\n\t\t\t\t<img decoding=\"async\" src=\"https:\/\/211md.org\/wp-content\/uploads\/bb-plugin\/cache\/2025_211_Icon-Sets_Child-care-square-f3b0d4edab3dcc467fadb5f55f4064c6-.png\" alt=\"parent and child icon for child care\" height=\"417\" width=\"417\" title=\"2025_211_Conjuntos de \u00edcones_Cuidados infantis\" onerror=\"this.style.display='none'\" loading=\"lazy\">\n\t\t\t\t<\/a>\n\t<\/figure>\n\t\t<h4><a href=\"\/pt\/recursos\/violencia-domestica-familiar\/?utm_source=Home&amp;utm_medium=Referral&amp;utm_campaign=211Resources&amp;utm_content=Domestic\" target=\"_self\">Viol\u00eancia dom\u00e9stica<\/a><\/h4><figure itemscope=\"\" itemtype=\"https:\/\/schema.org\/ImageObject\">\n\t\t\t\t<a href=\"\/pt\/recursos\/violencia-domestica-familiar\/?utm_source=Home&amp;utm_medium=Referral&amp;utm_campaign=211Resources&amp;utm_content=Domestic\" target=\"_self\" itemprop=\"url\">\n\t\t\t\t<img decoding=\"async\" src=\"https:\/\/211md.org\/wp-content\/uploads\/bb-plugin\/cache\/2025_211_Icon-Sets_Domestic-Violence-square-7b597694a6f05fe90cdc376aa573bc63-.png\" alt=\"House with a heart in the middle icon\" height=\"417\" width=\"417\" title=\"2025_211_Conjuntos de \u00edcones_Viol\u00eancia dom\u00e9stica\" onerror=\"this.style.display='none'\" loading=\"lazy\">\n\t\t\t\t<\/a>\n\t<\/figure>\n\t\t<h4><a href=\"\/pt\/recursos\/procura-de-emprego\/?utm_source=Home&amp;utm_medium=Referral&amp;utm_campaign=211Resources&amp;utm_content=Employment\" target=\"_self\">Emprego<\/a><\/h4><figure itemscope=\"\" itemtype=\"https:\/\/schema.org\/ImageObject\">\n\t\t\t\t<a href=\"\/pt\/recursos\/procura-de-emprego\/?utm_source=Home&amp;utm_medium=Referral&amp;utm_campaign=211Resources&amp;utm_content=Employment\" target=\"_self\" itemprop=\"url\">\n\t\t\t\t<img decoding=\"async\" src=\"https:\/\/211md.org\/wp-content\/uploads\/bb-plugin\/cache\/2025_MdInfoNet_Icon-Sets_Employment-square-44707bd410e4df10a470bf130ebcea86-.png\" alt=\"\" onerror=\"this.style.display='none'\" loading=\"lazy\">\n\t\t\t\t<\/a>\n\t<\/figure>\n\t\t<h4><a href=\"\/pt\/recursos\/cuidados-de-saude\/?utm_source=Home&amp;utm_medium=Referral&amp;utm_campaign=211Resources&amp;utm_content=Health%20Care\" target=\"_self\">Cuidados de sa\u00fade<\/a><\/h4><figure itemscope=\"\" itemtype=\"https:\/\/schema.org\/ImageObject\">\n\t\t\t\t<a href=\"\/pt\/recursos\/cuidados-de-saude\/?utm_source=Home&amp;utm_medium=Referral&amp;utm_campaign=211Resources&amp;utm_content=Health%20Care\" target=\"_self\" itemprop=\"url\">\n\t\t\t\t<img decoding=\"async\" src=\"https:\/\/211md.org\/wp-content\/uploads\/bb-plugin\/cache\/2025_MdInfoNet_Icon-Sets_Health-Care-square-dee98a0060cbe0e7f27eda253fc12679-.png\" alt=\"\" onerror=\"this.style.display='none'\" loading=\"lazy\">\n\t\t\t\t<\/a>\n\t<\/figure>\n\t\t<h4><a href=\"\/pt\/recursos\/novo-para-nos-e-marilandia\/?utm_source=Home&amp;utm_medium=Referral&amp;utm_campaign=211Resources&amp;utm_content=Immigration\" target=\"_self\">Imigra\u00e7\u00e3o<\/a><\/h4><figure itemscope=\"\" itemtype=\"https:\/\/schema.org\/ImageObject\">\n\t\t\t\t<a href=\"\/pt\/recursos\/novo-para-nos-e-marilandia\/?utm_source=Home&amp;utm_medium=Referral&amp;utm_campaign=211Resources&amp;utm_content=Immigration\" target=\"_self\" itemprop=\"url\">\n\t\t\t\t<img decoding=\"async\" src=\"https:\/\/211md.org\/wp-content\/uploads\/bb-plugin\/cache\/2025_MdInfoNet_Icon-Sets_Immigration-square-8b97b7fdfe5e6071405e216855065118-.png\" alt=\"\u00edcone de imigra\u00e7\u00e3o\" title=\"2025_MdInfoNet_Icon-Sets_Immigration\" onerror=\"this.style.display='none'\" loading=\"lazy\">\n\t\t\t\t<\/a>\n\t<\/figure>\n\t\t<h4><a href=\"\/pt\/recursos\/criancas-familias\/cuidados-de-parentesco\/?utm_source=Home&amp;utm_medium=Referral&amp;utm_campaign=211Resources&amp;utm_content=Kinship\" target=\"_self\">Parentesco<\/a><\/h4><figure itemscope=\"\" itemtype=\"https:\/\/schema.org\/ImageObject\">\n\t\t\t\t<a href=\"\/pt\/recursos\/criancas-familias\/cuidados-de-parentesco\/?utm_source=Home&amp;utm_medium=Referral&amp;utm_campaign=211Resources&amp;utm_content=Kinship\" target=\"_self\" itemprop=\"url\">\n\t\t\t\t<img decoding=\"async\" src=\"https:\/\/211md.org\/wp-content\/uploads\/bb-plugin\/cache\/2025_211_Icon-Sets_Kinship-square-45bdf872866f5735f842c32071109267-.png\" alt=\"\u00cdcone de parentesco\" height=\"417\" width=\"417\" title=\"2025_211_Conjuntos de \u00edcones_Parentesco\" onerror=\"this.style.display='none'\" loading=\"lazy\">\n\t\t\t\t<\/a>\n\t<\/figure>\n\t\t<h4><a href=\"\/pt\/recursos\/servicos-legais\/?utm_source=Home&amp;utm_medium=Referral&amp;utm_campaign=211Resources&amp;utm_content=Legal\" target=\"_self\">Servi\u00e7os legais<\/a><\/h4><figure itemscope=\"\" itemtype=\"https:\/\/schema.org\/ImageObject\">\n\t\t\t\t<a href=\"\/pt\/recursos\/servicos-legais\/?utm_source=Home&amp;utm_medium=Referral&amp;utm_campaign=211Resources&amp;utm_content=Legal\" target=\"_self\" itemprop=\"url\">\n\t\t\t\t<img decoding=\"async\" src=\"https:\/\/211md.org\/wp-content\/uploads\/bb-plugin\/cache\/2025_MdInfoNet_Icon-Sets_Legal-square-18fdf438feb8435588174d9046463257-.png\" alt=\"\" onerror=\"this.style.display='none'\" loading=\"lazy\">\n\t\t\t\t<\/a>\n\t<\/figure>\n\t\t<h4><a href=\"\/pt\/recursos\/saude-mental\/?utm_source=Home&amp;utm_medium=Referral&amp;utm_campaign=211Resources&amp;utm_content=Mental\" target=\"_self\">Sa\u00fade mental<\/a><\/h4><figure itemscope=\"\" itemtype=\"https:\/\/schema.org\/ImageObject\">\n\t\t\t\t<a href=\"\/pt\/recursos\/saude-mental\/?utm_source=Home&amp;utm_medium=Referral&amp;utm_campaign=211Resources&amp;utm_content=Mental\" target=\"_self\" itemprop=\"url\">\n\t\t\t\t<img decoding=\"async\" src=\"https:\/\/211md.org\/wp-content\/uploads\/bb-plugin\/cache\/2025_MdInfoNet_Icon-Sets_Mental-Health-square-c59b38c4a993a947d4c9280fbe2d2fee-.png\" alt=\"\" onerror=\"this.style.display='none'\" loading=\"lazy\">\n\t\t\t\t<\/a>\n\t<\/figure>\n\t\t<h4><a href=\"\/pt\/recursos\/mdreentry\/?utm_source=Home&amp;utm_medium=Referral&amp;utm_campaign=211Resources&amp;utm_content=Reentry\" target=\"_self\">Reentrada<\/a><\/h4><figure itemscope=\"\" itemtype=\"https:\/\/schema.org\/ImageObject\">\n\t\t\t\t<a href=\"\/pt\/recursos\/mdreentry\/?utm_source=Home&amp;utm_medium=Referral&amp;utm_campaign=211Resources&amp;utm_content=Reentry\" target=\"_self\" itemprop=\"url\">\n\t\t\t\t<img decoding=\"async\" src=\"https:\/\/211md.org\/wp-content\/uploads\/bb-plugin\/cache\/2025_211_Icon-Sets_Reentry-square-8676fea38abd920a832f45642fe31cca-.png\" alt=\"\u00cdcone de reentrada\" height=\"417\" width=\"417\" title=\"2025_211_Conjuntos de \u00edcones_Reentrada\" onerror=\"this.style.display='none'\" loading=\"lazy\">\n\t\t\t\t<\/a>\n\t<\/figure>\n\t\t<h4><a href=\"\/pt\/recursos\/uso-de-substancias\/?utm_source=Home&amp;utm_medium=Referral&amp;utm_campaign=211Resources&amp;utm_content=Substance\" target=\"_self\">Uso de subst\u00e2ncias<\/a><\/h4><figure itemscope=\"\" itemtype=\"https:\/\/schema.org\/ImageObject\">\n\t\t\t\t<a href=\"\/pt\/recursos\/uso-de-substancias\/?utm_source=Home&amp;utm_medium=Referral&amp;utm_campaign=211Resources&amp;utm_content=Substance\" target=\"_self\" itemprop=\"url\">\n\t\t\t\t<img decoding=\"async\" src=\"https:\/\/211md.org\/wp-content\/uploads\/bb-plugin\/cache\/2025_MdInfoNet_Icon-Sets_Substance-Abuse-square-4f414f085e657267739c181957754f48-.png\" alt=\"Pills for substance Use icon\" title=\"2025_MdInfoNet_Icon-Sets_Substance-Abuse\" onerror=\"this.style.display='none'\" loading=\"lazy\">\n\t\t\t\t<\/a>\n\t<\/figure>\n\t\t<h4><a href=\"\/pt\/recursos\/veteranos\/?utm_source=Home&amp;utm_medium=Referral&amp;utm_campaign=211Resources&amp;utm_content=Veterans\" target=\"_self\">veteranos<\/a><\/h4><figure itemscope=\"\" itemtype=\"https:\/\/schema.org\/ImageObject\">\n\t\t\t\t<a href=\"\/pt\/recursos\/veteranos\/?utm_source=Home&amp;utm_medium=Referral&amp;utm_campaign=211Resources&amp;utm_content=Veterans\" target=\"_self\" itemprop=\"url\">\n\t\t\t\t<img decoding=\"async\" src=\"https:\/\/211md.org\/wp-content\/uploads\/bb-plugin\/cache\/2025_MdInfoNet_Icon-Sets_Rating-square-6e60d00cce4faa8e0a6d4ad7366aa733-.png\" alt=\"\" onerror=\"this.style.display='none'\" loading=\"lazy\">\n\t\t\t\t<\/a>\n\t<\/figure>","protected":false},"excerpt":{"rendered":"<p>Free tax preparation is available to help with federal and Maryland taxes. Get connected to trusted programs by searching the 211 Community Resource Database by ZIP code&nbsp; Find Tax Help near you Not sure which program is best for your situation? Learn about the programs, eligibility, and tax credits that many Marylanders miss.&nbsp; Free Tax&hellip;<\/p>","protected":false},"author":8,"featured_media":1923,"parent":930,"menu_order":0,"comment_status":"closed","ping_status":"closed","template":"","meta":{"footnotes":""},"class_list":["post-1030","page","type-page","status-publish","has-post-thumbnail","hentry"],"_links":{"self":[{"href":"https:\/\/211md.org\/pt\/wp-json\/wp\/v2\/pages\/1030","targetHints":{"allow":["GET"]}}],"collection":[{"href":"https:\/\/211md.org\/pt\/wp-json\/wp\/v2\/pages"}],"about":[{"href":"https:\/\/211md.org\/pt\/wp-json\/wp\/v2\/types\/page"}],"author":[{"embeddable":true,"href":"https:\/\/211md.org\/pt\/wp-json\/wp\/v2\/users\/8"}],"replies":[{"embeddable":true,"href":"https:\/\/211md.org\/pt\/wp-json\/wp\/v2\/comments?post=1030"}],"version-history":[{"count":11,"href":"https:\/\/211md.org\/pt\/wp-json\/wp\/v2\/pages\/1030\/revisions"}],"predecessor-version":[{"id":34432,"href":"https:\/\/211md.org\/pt\/wp-json\/wp\/v2\/pages\/1030\/revisions\/34432"}],"up":[{"embeddable":true,"href":"https:\/\/211md.org\/pt\/wp-json\/wp\/v2\/pages\/930"}],"wp:featuredmedia":[{"embeddable":true,"href":"https:\/\/211md.org\/pt\/wp-json\/wp\/v2\/media\/1923"}],"wp:attachment":[{"href":"https:\/\/211md.org\/pt\/wp-json\/wp\/v2\/media?parent=1030"}],"curies":[{"name":"wp","href":"https:\/\/api.w.org\/{rel}","templated":true}]}}