{"id":1060,"date":"2021-04-16T22:07:54","date_gmt":"2021-04-16T22:07:54","guid":{"rendered":"https:\/\/211md.org\/?page_id=1060"},"modified":"2025-06-19T17:32:26","modified_gmt":"2025-06-19T21:32:26","slug":"contas-de-agua","status":"publish","type":"page","link":"https:\/\/211md.org\/pt\/resources\/utility-assistance\/water-bills\/","title":{"rendered":"contas de \u00e1gua"},"content":{"rendered":"<p>Se voc\u00ea tiver um aviso de desligamento, poder\u00e1 receber assist\u00eancia de institui\u00e7\u00f5es de caridade locais e organiza\u00e7\u00f5es religiosas. Saiba mais por\u00a0<a href=\"https:\/\/search.211md.org\/\" target=\"_blank\" rel=\"noopener\">pesquisando o banco de dados de 211 recursos para assist\u00eancia na conta de \u00e1gua<\/a> para encontrar organiza\u00e7\u00f5es locais que possam ajudar. Voc\u00ea tamb\u00e9m pode ligar para 211 ou saber mais sobre os programas de assist\u00eancia para contas de \u00e1gua de Maryland.<\/p>\n\t<h2>Ajuda com contas de \u00e1gua<\/h2>\n<p>Se precisar de ajuda para pagar a conta de \u00e1gua, \u00e9 importante buscar ajuda assim que perceber as dificuldades financeiras para evitar o desligamento da \u00e1gua.<\/p>\n<p>A ajuda est\u00e1 dispon\u00edvel por meio de programas locais de assist\u00eancia h\u00eddrica, o programa de contas de \u00e1gua de baixa renda dispon\u00edvel no estado de Maryland, organiza\u00e7\u00f5es locais ou programas de pagamento por meio de sua companhia de \u00e1gua.<\/p>\n<p>Primeiro, converse com seu fornecedor de servi\u00e7os p\u00fablicos sobre sua situa\u00e7\u00e3o financeira para evitar o desligamento da \u00e1gua.<\/p>\n<p>Voc\u00ea pode estender a data de vencimento ou elaborar outro acordo de pagamento.<\/p>\n<p>Aqui est\u00e3o alguns exemplos de programas de assist\u00eancia h\u00eddrica de empresas e provedores de \u00e1gua em Maryland.<\/p>\n\t\t\t\t<img decoding=\"async\" src=\"https:\/\/211md.org\/wp-content\/uploads\/2022\/09\/children-drinking-water.jpg\" alt=\"\u00e1gua pot\u00e1vel para crian\u00e7as\" itemprop=\"image\" height=\"667\" width=\"1000\" title=\"\u00e1gua pot\u00e1vel para crian\u00e7as\" onerror=\"this.style.display='none'\" loading='lazy' \/>\n\t<h3>Programas de Assist\u00eancia \u00e0 \u00c1gua WSSC<\/h3>\n<p>Por exemplo, se a WSSC Water (Condado de Montgomery e Prince George&#039;s) for sua empresa de \u00e1gua, voc\u00ea poder\u00e1 ser eleg\u00edvel para v\u00e1rios programas de assist\u00eancia.<\/p>\n<p>Primeiro, o\u00a0<a href=\"https:\/\/www.wsscwater.com\/waterfund\" target=\"_blank\" rel=\"noopener\">Fundo de \u00c1gua<\/a>\u00a0fornece at\u00e9 $500 por ano para clientes qualificados. O Ex\u00e9rcito de Salva\u00e7\u00e3o executa este programa.<\/p>\n<p>O Water Fund \u00e9 um programa de renda eleg\u00edvel para fam\u00edlias dentro de 200% do n\u00edvel de pobreza federal. Os fundos est\u00e3o dispon\u00edveis por ordem de chegada. Se a capacidade for atingida por um m\u00eas, o pr\u00f3ximo compromisso ser\u00e1 na primeira segunda-feira do m\u00eas seguinte.<\/p>\n<p>Segundo,\u00a0<a href=\"https:\/\/www.wsscwater.com\/payplans\" target=\"_blank\" rel=\"noopener\">O WSSC Water tamb\u00e9m oferece datas de vencimento estendidas e planos de pagamento convenientes<\/a>. Os planos de pagamento podem ser estendidos entre 36 e 48 meses, dependendo se voc\u00ea \u00e9 um Cliente Aprovado pelo CAP (Programa de Atendimento ao Cliente).<\/p>\n<p>Se voc\u00ea for inquilino, precisar\u00e1 da aprova\u00e7\u00e3o do propriet\u00e1rio para definir um plano de pagamento para sua conta de \u00e1gua.<\/p>\n<p>Em terceiro lugar, tamb\u00e9m pode haver programas especiais em seu condado para ajudar nos pagamentos.<\/p>\n<p>Por exemplo, no Condado de Montgomery, o\u00a0<a href=\"https:\/\/www.montgomerycountymd.gov\/HHS-Program\/SNHS\/rent-relief.html\" target=\"_blank\" rel=\"noopener\">O Programa de Al\u00edvio de Aluguel COVID-19 tamb\u00e9m cobre assist\u00eancia de servi\u00e7os p\u00fablicos<\/a>, Incluindo\u00a0<a href=\"https:\/\/www.wsscwater.com\/assistance\" target=\"_blank\" rel=\"noopener\">WSSC contas de \u00e1gua<\/a>\u00a0para fam\u00edlias eleg\u00edveis com dificuldades financeiras devido ao COVID-19.<\/p>\n<p>Estes s\u00e3o exemplos apenas para o WSSC Water, mas outras empresas de \u00e1gua podem oferecer programas de assist\u00eancia h\u00eddrica semelhantes ou adicionais.<\/p>\n<p>O 211 pode ajud\u00e1-lo a identificar programas que ajudem a pagar as contas de \u00e1gua em sua comunidade.<\/p>\n<h3>Contas de \u00e1gua da cidade de Baltimore<\/h3>\n<p>Se voc\u00ea mora em\u00a0<a href=\"https:\/\/211md.org\/pt\/recursos-por-condado\/cidade-de-baltimore\/\" target=\"_blank\" rel=\"noopener\">cidade de baltimore<\/a>, o programa de descontos Water4All ajuda a criar um acesso mais equitativo \u00e0 assist\u00eancia h\u00eddrica.<\/p>\n<p><a href=\"https:\/\/cityservices.baltimorecity.gov\/water\/\" target=\"_blank\" rel=\"noopener\">Water4All<\/a>\u00a0\u00e9 um programa de renda eleg\u00edvel para fam\u00edlias que ganham abaixo de 200% do n\u00edvel de pobreza federal. Embora as diretrizes de renda possam mudar, recentemente, uma fam\u00edlia de quatro pessoas da cidade de Baltimore ganhando menos de $55.500 por ano se qualificaria.<\/p>\n<p>Voc\u00ea n\u00e3o tem certeza de quanto deve?\u00a0<a href=\"https:\/\/cityservices.baltimorecity.gov\/water\/\" target=\"_blank\" rel=\"noopener\">Encontre uma conta de \u00e1gua em Baltimore City<\/a>\u00a0com o n\u00famero da conta ou endere\u00e7o do servi\u00e7o.<\/p>\n<p>Voc\u00ea tamb\u00e9m pode ser eleg\u00edvel para receber ajuda por meio de outro programa de assist\u00eancia h\u00eddrica ou organiza\u00e7\u00e3o comunit\u00e1ria.<\/p>\n<h3>211 Ajuda<\/h3>\n<p>Se voc\u00ea mora em outro condado, pode ligar para 211 a qualquer momento. Os especialistas do 211 podem identificar programas locais de assist\u00eancia h\u00eddrica perto de voc\u00ea, bem como <a href=\"https:\/\/211md.org\/pt\/recursos\/utilitario-assistencia\/\">programas para outras contas de servi\u00e7os p\u00fablicos<\/a>.<\/p>\n<p><a href=\"https:\/\/211md.org\/pt\/recursos-por-condado\/\">Voc\u00ea tamb\u00e9m pode pesquisar na p\u00e1gina de recursos do seu condado<\/a>.<\/p>\n<h2>Informa\u00e7\u00e3o relacionada<\/h2>\n<p><a title=\"Obtenha ajuda financeira com sua conta de aquecimento de Maryland\" href=\"https:\/\/211md.org\/pt\/recursos\/utilitario-assistencia\/contas-de-aquecimento\/\">Conta de aquecimento<\/a><\/p>\n<p><a href=\"https:\/\/211md.org\/pt\/recursos\/utilitario-assistencia\/conta-de-luz\/\">Conta el\u00e9trica<\/a><\/p>\n<p><a title=\"Servi\u00e7os telef\u00f4nicos\" href=\"https:\/\/211md.org\/pt\/recursos\/utilitario-assistencia\/servicos-telefonicos\/\">Servi\u00e7os de telefone e Internet<\/a><\/p>\n<p><a href=\"https:\/\/211md.org\/pt\/recursos\/utilitario-assistencia\/\">Todas as contas de servi\u00e7os p\u00fablicos<\/a><\/p>\n<h2>\n\t\t\tEncontrar recursos\t<\/h2>\n\t\t\t\t<a href=\"\/pt\/recursos\/envelhecimento-incapacidade\/\"  target=\"_self\" itemprop=\"url\">\n\t\t\t\t<img decoding=\"async\" src=\"https:\/\/211md.org\/wp-content\/uploads\/bb-plugin\/cache\/Mask-Group-41@2x-circle-73eaadba4cad8269faa4720e25cf1c85-.png\" alt=\"Os p\u00e9s de uma mulher mais velha e uma mulher mais jovem caminhando juntos\" itemprop=\"image\" height=\"500\" width=\"500\" title=\"Servi\u00e7os para deficientes\" onerror=\"this.style.display='none'\" loading='lazy' \/>\n\t\t\t\t<\/a>\n\t\t<h3><a href=\"\/pt\/recursos\/envelhecimento-incapacidade\/\" target=\"_self\">Envelhecimento e Defici\u00eancia<\/a><\/h3>\t\n\t\t\t\t<a href=\"\/pt\/recursos\/criancas-familias\/\"  target=\"_self\" itemprop=\"url\">\n\t\t\t\t<img decoding=\"async\" src=\"https:\/\/211md.org\/wp-content\/uploads\/bb-plugin\/cache\/Mask-Group-38@2x-circle-ac40d46265fbec62083cd27f6dcf23b0-.png\" alt=\"Um menino e uma menina sorrindo e olhando para a c\u00e2mera\" itemprop=\"image\" height=\"500\" width=\"500\" title=\"Grupo de m\u00e1scara 38@2x\" onerror=\"this.style.display='none'\" loading='lazy' \/>\n\t\t\t\t<\/a>\n\t\t<h3><a href=\"\/pt\/recursos\/criancas-familias\/\" target=\"_self\">Crian\u00e7as e Fam\u00edlias<\/a><\/h3>\t\n\t\t\t\t<a href=\"\/pt\/recursos\/violencia-domestica-familiar\/\"  target=\"_self\" itemprop=\"url\">\n\t\t\t\t<img decoding=\"async\" src=\"https:\/\/211md.org\/wp-content\/uploads\/bb-plugin\/cache\/Mask-Group-39@2x-circle-b2589197a13c791d910f46dd10b27a87-.png\" alt=\"Dois pares de m\u00e3os segurando um ao outro\" itemprop=\"image\" height=\"500\" width=\"500\" title=\"Grupo de m\u00e1scara 39@2x\" onerror=\"this.style.display='none'\" loading='lazy' \/>\n\t\t\t\t<\/a>\n\t\t<h3><a href=\"\/pt\/recursos\/violencia-domestica-familiar\/\" target=\"_self\">Viol\u00eancia Dom\u00e9stica\/Familiar<\/a><\/h3>\t\n\t\t\t\t<a href=\"\/pt\/recursos\/procura-de-emprego\/\"  target=\"_self\" itemprop=\"url\">\n\t\t\t\t<img decoding=\"async\" src=\"https:\/\/211md.org\/wp-content\/uploads\/bb-plugin\/cache\/Employment-circle-bf72562329e950df948954f5d3f44b2e-.png\" alt=\"um mec\u00e2nico de autom\u00f3veis\" itemprop=\"image\" height=\"500\" width=\"500\" title=\"Emprego\" onerror=\"this.style.display='none'\" loading='lazy' \/>\n\t\t\t\t<\/a>\n\t\t<h3><a href=\"\/pt\/recursos\/procura-de-emprego\/\" target=\"_self\">Emprego<\/a><\/h3>\t\n\t\t\t\t<a href=\"\/pt\/recursos\/cuidados-de-saude\/\"  target=\"_self\" itemprop=\"url\">\n\t\t\t\t<img decoding=\"async\" src=\"https:\/\/211md.org\/wp-content\/uploads\/bb-plugin\/cache\/Mask-Group-35@2x-circle-94be10c13e4adae1683b4589dc2f5b2f-.png\" alt=\"Doutor olhando para a perna de meninos\" itemprop=\"image\" height=\"500\" width=\"500\" title=\"Grupo de m\u00e1scara 35@2x\" onerror=\"this.style.display='none'\" loading='lazy' \/>\n\t\t\t\t<\/a>\n\t\t<h3><a href=\"\/pt\/recursos\/cuidados-de-saude\/\" target=\"_self\">Cuidados de sa\u00fade<\/a><\/h3>\t\n\t\t\t\t<a href=\"\/pt\/recursos\/comida\/\"  target=\"_self\" itemprop=\"url\">\n\t\t\t\t<img decoding=\"async\" src=\"https:\/\/211md.org\/wp-content\/uploads\/bb-plugin\/cache\/Mask-Group-32@2x-circle-1c6d647dcaf998fa079d26735cedc92b-.png\" alt=\"Vegetais frescos\" itemprop=\"image\" height=\"500\" width=\"500\" title=\"Grupo de m\u00e1scara 32@2x\" onerror=\"this.style.display='none'\" loading='lazy' \/>\n\t\t\t\t<\/a>\n\t\t<h3><a href=\"\/pt\/recursos\/comida\/\" target=\"_self\">Comida<\/a><\/h3>\t\n\t\t\t\t<a href=\"\/pt\/recursos\/casa-abrigo\/\"  target=\"_self\" itemprop=\"url\">\n\t\t\t\t<img decoding=\"async\" src=\"https:\/\/211md.org\/wp-content\/uploads\/bb-plugin\/cache\/Mask-Group-34@2x-circle-b99c55fc16ef21f35e2f2a1f7cc37b9a-.png\" alt=\"Varanda do complexo de apartamentos\" itemprop=\"image\" height=\"500\" width=\"500\" title=\"Complexo de apartamentos\" onerror=\"this.style.display='none'\" loading='lazy' \/>\n\t\t\t\t<\/a>\n\t\t<h3><a href=\"\/pt\/recursos\/casa-abrigo\/\" target=\"_self\">Habita\u00e7\u00e3o e Abrigo<\/a><\/h3>\t\n\t\t\t\t<a href=\"\/pt\/recursos\/novo-para-nos-e-marilandia\/\"  target=\"_self\" itemprop=\"url\">\n\t\t\t\t<img decoding=\"async\" src=\"https:\/\/211md.org\/wp-content\/uploads\/bb-plugin\/cache\/American-flag-circle-0016cc327e27ef7aeb080f1da6c6e98b-.jpg\" alt=\"novidade nos estados unidos\" itemprop=\"image\" height=\"364\" width=\"1366\" title=\"Bandeira americana\" onerror=\"this.style.display='none'\" loading='lazy' \/>\n\t\t\t\t<\/a>\n\t\t<h3><a href=\"\/pt\/recursos\/novo-para-nos-e-marilandia\/\" target=\"_self\">Imigra\u00e7\u00e3o<\/a><\/h3>\t\n\t\t\t\t<a href=\"\/pt\/recursos\/criancas-familias\/cuidados-de-parentesco\/\"  target=\"_self\" itemprop=\"url\">\n\t\t\t\t<img decoding=\"async\" src=\"https:\/\/211md.org\/wp-content\/uploads\/bb-plugin\/cache\/kinship-family-navigating-a-computer-circle-045fee9d587aefb20221bfea41a2cf9b-.png\" alt=\"fam\u00edlia de parentesco navegando em um computador\" itemprop=\"image\" title=\"fam\u00edlia de parentesco navegando em um computador\" onerror=\"this.style.display='none'\" loading='lazy' \/>\n\t\t\t\t<\/a>\n\t\t<h3><a href=\"\/pt\/recursos\/criancas-familias\/cuidados-de-parentesco\/\" target=\"_self\">Parentesco<\/a><\/h3>\t\n\t\t\t\t<a href=\"\/pt\/recursos\/servicos-legais\/\"  target=\"_self\" itemprop=\"url\">\n\t\t\t\t<img decoding=\"async\" src=\"https:\/\/211md.org\/wp-content\/uploads\/bb-plugin\/cache\/Housing-Legal-circle-9a8f3c1c72c54b6e1ce612d2993c1ad4-.png\" alt=\"Gavel legal com um modelo de pl\u00e1stico de uma casa ao lado\" itemprop=\"image\" height=\"348\" width=\"460\" title=\"Habita\u00e7\u00e3o Legal\" onerror=\"this.style.display='none'\" loading='lazy' \/>\n\t\t\t\t<\/a>\n\t\t<h3><a href=\"\/pt\/recursos\/servicos-legais\/\" target=\"_self\">Servi\u00e7os legais<\/a><\/h3>\t\n\t\t\t\t<a href=\"\/pt\/recursos\/saude-mental\/\"  target=\"_self\" itemprop=\"url\">\n\t\t\t\t<img decoding=\"async\" src=\"https:\/\/211md.org\/wp-content\/uploads\/bb-plugin\/cache\/Mask-Group-40@2x-circle-7bd9426367852fb3d841bc4bdc57a550-.png\" alt=\"Os perfis de um homem e uma mulher\" itemprop=\"image\" height=\"500\" width=\"500\" title=\"Grupo de m\u00e1scara 40@2x\" onerror=\"this.style.display='none'\" loading='lazy' \/>\n\t\t\t\t<\/a>\n\t\t<h3><a href=\"\/pt\/recursos\/saude-mental\/\" target=\"_self\">Sa\u00fade mental<\/a><\/h3>\t\n\t\t\t\t<a href=\"\/pt\/recursos\/mdreentry\/\"  target=\"_self\" itemprop=\"url\">\n\t\t\t\t<img decoding=\"async\" src=\"https:\/\/211md.org\/wp-content\/uploads\/bb-plugin\/cache\/Diverse-group-of-community-members-circle-4457c114cd48613bc79a0fb50060319c-.jpg\" alt=\"Grupo diversificado de membros da comunidade\" itemprop=\"image\" height=\"800\" width=\"1200\" title=\"Grupo diversificado de membros da comunidade\" onerror=\"this.style.display='none'\" loading='lazy' \/>\n\t\t\t\t<\/a>\n\t\t<h3><a href=\"\/pt\/recursos\/mdreentry\/\" target=\"_self\">Reentrada<\/a><\/h3>\t\n\t\t\t\t<a href=\"\/pt\/stophate\/\"  target=\"_self\" itemprop=\"url\">\n\t\t\t\t<img decoding=\"async\" src=\"https:\/\/211md.org\/wp-content\/uploads\/bb-plugin\/cache\/Background-section-MDStophate-circle-08e2bae1cf9f2ad6cc83e01e23da8cb9-.jpg\" alt=\"Background-section-MDStophate\" itemprop=\"image\" height=\"768\" width=\"1366\" title=\"Background-section-MDStophate\" onerror=\"this.style.display='none'\" loading='lazy' \/>\n\t\t\t\t<\/a>\n\t\t<h3><a href=\"\/pt\/stophate\/\" target=\"_self\">Pare de odiar<\/a><\/h3>\t\n\t\t\t\t<a href=\"\/pt\/recursos\/uso-de-substancias\/\"  target=\"_self\" itemprop=\"url\">\n\t\t\t\t<img decoding=\"async\" src=\"https:\/\/211md.org\/wp-content\/uploads\/bb-plugin\/cache\/Substance-Use-circle-ad2d564932dc31267e0c32a6fb2d915c-.png\" alt=\"P\u00edlulas para esmagar as m\u00e3os\" itemprop=\"image\" height=\"500\" width=\"500\" title=\"Uso de subst\u00e2ncias\" onerror=\"this.style.display='none'\" loading='lazy' \/>\n\t\t\t\t<\/a>\n\t\t<h3><a href=\"\/pt\/recursos\/uso-de-substancias\/\" target=\"_self\">Uso de subst\u00e2ncias<\/a><\/h3>\t\n\t\t\t\t<a href=\"\/pt\/recursos\/servicos-fiscais\/\"  target=\"_self\" itemprop=\"url\">\n\t\t\t\t<img decoding=\"async\" src=\"https:\/\/211md.org\/wp-content\/uploads\/bb-plugin\/cache\/Mask-Group-34-circle-166a606e37e61188c9a17d5e634cda3c-.png\" alt=\"Pessoa preenchendo a papelada do imposto de renda\" itemprop=\"image\" height=\"500\" width=\"500\" title=\"Grupo de m\u00e1scara 34\" onerror=\"this.style.display='none'\" loading='lazy' \/>\n\t\t\t\t<\/a>\n\t\t<h3><a href=\"\/pt\/recursos\/servicos-fiscais\/\" target=\"_self\">Servi\u00e7os fiscais<\/a><\/h3>\t\n\t\t\t\t<a href=\"\/pt\/recursos\/utilitario-assistencia\/\"  target=\"_self\" itemprop=\"url\">\n\t\t\t\t<img decoding=\"async\" src=\"https:\/\/211md.org\/wp-content\/uploads\/bb-plugin\/cache\/Mask-Group-37@2x-circle-9661a11b9c4082079c9a1f06bc539567-.png\" alt=\"Uma l\u00e2mpada acesa\" itemprop=\"image\" height=\"500\" width=\"500\" title=\"Grupo de m\u00e1scara 37@2x\" onerror=\"this.style.display='none'\" loading='lazy' \/>\n\t\t\t\t<\/a>\n\t\t<h3><a href=\"\/pt\/recursos\/utilitario-assistencia\/\" target=\"_self\">Assist\u00eancia de utilidade<\/a><\/h3>\t\n\t\t\t\t<a href=\"\/pt\/recursos\/veteranos\/\"  target=\"_self\" itemprop=\"url\">\n\t\t\t\t<img decoding=\"async\" src=\"https:\/\/211md.org\/wp-content\/uploads\/bb-plugin\/cache\/Veterans-circle-7c6972a59826c74f1f658f61df785fc3-.png\" alt=\"Um soldado apertando a m\u00e3o de algu\u00e9m e sorrindo\" itemprop=\"image\" title=\"veteranos\" onerror=\"this.style.display='none'\" loading='lazy' \/>\n\t\t\t\t<\/a>\n\t\t<h3><a href=\"\/pt\/recursos\/veteranos\/\" target=\"_self\">veteranos<\/a><\/h3>","protected":false},"excerpt":{"rendered":"<p>Se voc\u00ea recebeu um aviso de desligamento, pode ter direito a assist\u00eancia de institui\u00e7\u00f5es de caridade e organiza\u00e7\u00f5es religiosas locais. Saiba mais pesquisando o banco de dados de recursos 211 para Assist\u00eancia para Contas de \u00c1gua e encontre organiza\u00e7\u00f5es locais que possam ajudar. Voc\u00ea tamb\u00e9m pode ligar para o 211 ou saber mais sobre os programas de assist\u00eancia para contas de \u00e1gua de Maryland. Ajuda com contas de \u00e1gua Se voc\u00ea\u2026<\/p>","protected":false},"author":8,"featured_media":3287,"parent":932,"menu_order":0,"comment_status":"closed","ping_status":"closed","template":"","meta":{"footnotes":""},"class_list":["post-1060","page","type-page","status-publish","has-post-thumbnail","hentry"],"_links":{"self":[{"href":"https:\/\/211md.org\/pt\/wp-json\/wp\/v2\/pages\/1060","targetHints":{"allow":["GET"]}}],"collection":[{"href":"https:\/\/211md.org\/pt\/wp-json\/wp\/v2\/pages"}],"about":[{"href":"https:\/\/211md.org\/pt\/wp-json\/wp\/v2\/types\/page"}],"author":[{"embeddable":true,"href":"https:\/\/211md.org\/pt\/wp-json\/wp\/v2\/users\/8"}],"replies":[{"embeddable":true,"href":"https:\/\/211md.org\/pt\/wp-json\/wp\/v2\/comments?post=1060"}],"version-history":[{"count":2,"href":"https:\/\/211md.org\/pt\/wp-json\/wp\/v2\/pages\/1060\/revisions"}],"predecessor-version":[{"id":4787,"href":"https:\/\/211md.org\/pt\/wp-json\/wp\/v2\/pages\/1060\/revisions\/4787"}],"up":[{"embeddable":true,"href":"https:\/\/211md.org\/pt\/wp-json\/wp\/v2\/pages\/932"}],"wp:featuredmedia":[{"embeddable":true,"href":"https:\/\/211md.org\/pt\/wp-json\/wp\/v2\/media\/3287"}],"wp:attachment":[{"href":"https:\/\/211md.org\/pt\/wp-json\/wp\/v2\/media?parent=1060"}],"curies":[{"name":"wp","href":"https:\/\/api.w.org\/{rel}","templated":true}]}}