{"id":1061,"date":"2021-04-19T13:03:24","date_gmt":"2021-04-19T13:03:24","guid":{"rendered":"https:\/\/211md.org\/?page_id=1061"},"modified":"2025-06-09T12:58:58","modified_gmt":"2025-06-09T16:58:58","slug":"servicos-telefonicos","status":"publish","type":"page","link":"https:\/\/211md.org\/pt\/resources\/utility-assistance\/phone-services\/","title":{"rendered":"Ajuda para Conta de Telefone e Internet"},"content":{"rendered":"<h2><a href=\"https:\/\/search.211md.org\/\" target=\"_blank\"  rel=\"noopener\">Encontre recursos perto de mim<\/a><\/h2>\n\t\t\t<a href=\"https:\/\/search.211md.org\/\" target=\"_blank\" rel=\"noopener\">\n\t\t\t\t\t\t\tProcure agora\n\t\t\t<\/a>\n\t<p><strong><a href=\"\/pt\/juntar-nosso-banco-de-dados\/\">Adicione sua ag\u00eancia ou organiza\u00e7\u00e3o ao nosso banco de dados de recursos.<\/a><\/strong><\/p>\n\t<p>Voc\u00ea precisa de ajuda para pagar sua conta de telefone ou Internet? A ajuda est\u00e1 dispon\u00edvel para aqueles que se qualificam.<\/p>\n<p>O programa oferece descontos e n\u00e3o disponibiliza celulares gr\u00e1tis. No entanto, os provedores podem cobrir o custo de um telefone celular para o consumidor. Leia os termos e condi\u00e7\u00f5es com aten\u00e7\u00e3o e escolha um fornecedor autorizado da Lifeline.<\/p>\n<h2>Descontos em telefone e Internet Lifeline<\/h2>\n<p>Se voc\u00ea receber benef\u00edcios federais de um programa de assist\u00eancia governamental, poder\u00e1 ter direito a um desconto na conta telef\u00f4nica por meio do <a href=\"https:\/\/www.psc.state.md.us\/telecommunications\/lifeline-availability-maryland\/\" target=\"_blank\" rel=\"noopener\">programa linha de vida<\/a>.<\/p>\n<blockquote><p>Ele oferece aos clientes qualificados at\u00e9 $9,25 por m\u00eas de desconto no custo de telefone, Internet ou servi\u00e7os agregados. O desconto \u00e9 maior para quem mora em terras Tribais.<\/p><\/blockquote>\n<p>Este \u00e9 o \u00fanico programa federal que ajuda nas contas da Internet porque o Programa de Conectividade Acess\u00edvel terminou. Se voc\u00ea recebeu esse desconto no passado, pergunte ao seu provedor se ele tem outros planos de Internet de baixo custo.<\/p>\n<h3>Elegibilidade<\/h3>\n<p>Voc\u00ea \u00e9 eleg\u00edvel se receber benef\u00edcios de qualquer um destes programas em Maryland:<\/p>\n<ul>\n<li>Vale-Refei\u00e7\u00e3o\/Programa de Assist\u00eancia Nutricional Suplementar (SNAP)<\/li>\n<li>Programa de Assist\u00eancia \u00e0 Energia Residencial de Baixa Renda<\/li>\n<li>Medicaid<\/li>\n<li>Assist\u00eancia Habitacional Federal<\/li>\n<li>Renda de Seguran\u00e7a Suplementar (SSI)<\/li>\n<li>Pens\u00e3o para Veteranos e Programa de Benef\u00edcios para Sobreviventes<\/li>\n<\/ul>\n<p>Voc\u00ea tamb\u00e9m pode se qualificar se sua renda familiar total for igual ou inferior a 135% das Diretrizes Federais de Pobreza.<\/p>\n\t<h3>Como aplicar<\/h3>\n<p>Para se inscrever no Lifeline online:<\/p>\n<ol>\n<li><a href=\"https:\/\/getinternet.gov\/apply?id=nv_home&amp;ln=RW5nbGlzaA%3D%3D\" target=\"_blank\" rel=\"noopener\">Crie a sua conta aqui<\/a> e verifique a elegibilidade. Voc\u00ea precisar\u00e1 dos \u00faltimos quatro d\u00edgitos do seu n\u00famero de Seguro Social ou identifica\u00e7\u00e3o governamental.<\/li>\n<li>Se voc\u00ea se qualificar, ter\u00e1 90 dias para entrar em contato com sua empresa de telefone ou Internet para enviar sua inscri\u00e7\u00e3o.\u00a0 <a href=\"https:\/\/cnm.universalservice.org\/\" target=\"_blank\" rel=\"noopener\">Encontre um telefone ou provedor de Internet<\/a> que oferece Lifeline em Maryland.<\/li>\n<\/ol>\n<p>Voc\u00ea tamb\u00e9m pode baixar um aplicativo em <a href=\"https:\/\/www.lifelinesupport.org\/wp-content\/uploads\/documents\/get-lifeline\/LI_Application_NVstates.pdf\" target=\"_blank\" rel=\"noopener\">Ingl\u00eas<\/a> e <a href=\"https:\/\/www.lifelinesupport.org\/wp-content\/uploads\/documents\/get-lifeline\/LI-SP_Application_NVstates.pdf\" target=\"_blank\" rel=\"noopener\">Espanhol<\/a>.<\/p>\n<p>Voc\u00ea tamb\u00e9m pode ver an\u00fancios de telefones celulares gratuitos, mas certifique-se de usar um provedor autorizado da Lifeline. Voc\u00ea pode encontr\u00e1-los <a href=\"https:\/\/cnm.universalservice.org\/\" target=\"_blank\" rel=\"noopener\">aqui<\/a>. Al\u00e9m disso, leia os termos e condi\u00e7\u00f5es para ter certeza de que n\u00e3o h\u00e1 outras taxas. Por fim, conhe\u00e7a as regras do programa Lifeline.<\/p>\n<p>Apenas um benef\u00edcio Lifeline \u00e9 permitido por fam\u00edlia e o desconto \u00e9 de $9,25 por m\u00eas. Voc\u00ea deve recertificar seu desconto todos os anos.<\/p>\n<p>Se precisar de ajuda, ligue para 211.<\/p>\n\t\t\t\t<img decoding=\"async\" src=\"http:\/\/211md.org\/wp-content\/uploads\/2023\/03\/person-going-over-phone-bill.png\" alt=\"pessoa repassando conta de telefone\" itemprop=\"image\" title=\"pessoa repassando conta de telefone\" onerror=\"this.style.display='none'\" loading='lazy' \/>\n<h2>Informa\u00e7\u00e3o relacionada<\/h2>\n<a title=\"Obtenha ajuda financeira com sua conta de aquecimento de Maryland\" href=\"https:\/\/211md.org\/pt\/recursos\/utilitario-assistencia\/contas-de-aquecimento\/\">Projeto de lei de aquecimento de Maryland<\/a>\n<a title=\"contas de \u00e1gua\" href=\"https:\/\/211md.org\/pt\/recursos\/utilitario-assistencia\/contas-de-agua\/\">contas de \u00e1gua<\/a>\n<p><a href=\"https:\/\/211md.org\/pt\/recursos\/utilitario-assistencia\/conta-de-luz\/\">Conta el\u00e9trica<\/a><\/p>\n<h2>\n\t\t\tEncontrar recursos\t<\/h2>\n\t\t\t\t<a href=\"\/pt\/recursos\/envelhecimento-incapacidade\/\"  target=\"_self\" itemprop=\"url\">\n\t\t\t\t<img decoding=\"async\" src=\"https:\/\/211md.org\/wp-content\/uploads\/bb-plugin\/cache\/Mask-Group-41@2x-circle-73eaadba4cad8269faa4720e25cf1c85-.png\" alt=\"Os p\u00e9s de uma mulher mais velha e uma mulher mais jovem caminhando juntos\" itemprop=\"image\" height=\"500\" width=\"500\" title=\"Servi\u00e7os para deficientes\" onerror=\"this.style.display='none'\" loading='lazy' \/>\n\t\t\t\t<\/a>\n\t\t<h3><a href=\"\/pt\/recursos\/envelhecimento-incapacidade\/\" target=\"_self\">Envelhecimento e Defici\u00eancia<\/a><\/h3>\t\n\t\t\t\t<a href=\"\/pt\/recursos\/criancas-familias\/\"  target=\"_self\" itemprop=\"url\">\n\t\t\t\t<img decoding=\"async\" src=\"https:\/\/211md.org\/wp-content\/uploads\/bb-plugin\/cache\/Mask-Group-38@2x-circle-ac40d46265fbec62083cd27f6dcf23b0-.png\" alt=\"Um menino e uma menina sorrindo e olhando para a c\u00e2mera\" itemprop=\"image\" height=\"500\" width=\"500\" title=\"Grupo de m\u00e1scara 38@2x\" onerror=\"this.style.display='none'\" loading='lazy' \/>\n\t\t\t\t<\/a>\n\t\t<h3><a href=\"\/pt\/recursos\/criancas-familias\/\" target=\"_self\">Crian\u00e7as e Fam\u00edlias<\/a><\/h3>\t\n\t\t\t\t<a href=\"\/pt\/recursos\/violencia-domestica-familiar\/\"  target=\"_self\" itemprop=\"url\">\n\t\t\t\t<img decoding=\"async\" src=\"https:\/\/211md.org\/wp-content\/uploads\/bb-plugin\/cache\/Mask-Group-39@2x-circle-b2589197a13c791d910f46dd10b27a87-.png\" alt=\"Dois pares de m\u00e3os segurando um ao outro\" itemprop=\"image\" height=\"500\" width=\"500\" title=\"Grupo de m\u00e1scara 39@2x\" onerror=\"this.style.display='none'\" loading='lazy' \/>\n\t\t\t\t<\/a>\n\t\t<h3><a href=\"\/pt\/recursos\/violencia-domestica-familiar\/\" target=\"_self\">Viol\u00eancia Dom\u00e9stica\/Familiar<\/a><\/h3>\t\n\t\t\t\t<a href=\"\/pt\/recursos\/procura-de-emprego\/\"  target=\"_self\" itemprop=\"url\">\n\t\t\t\t<img decoding=\"async\" src=\"https:\/\/211md.org\/wp-content\/uploads\/bb-plugin\/cache\/Employment-circle-bf72562329e950df948954f5d3f44b2e-.png\" alt=\"um mec\u00e2nico de autom\u00f3veis\" itemprop=\"image\" height=\"500\" width=\"500\" title=\"Emprego\" onerror=\"this.style.display='none'\" loading='lazy' \/>\n\t\t\t\t<\/a>\n\t\t<h3><a href=\"\/pt\/recursos\/procura-de-emprego\/\" target=\"_self\">Emprego<\/a><\/h3>\t\n\t\t\t\t<a href=\"\/pt\/recursos\/cuidados-de-saude\/\"  target=\"_self\" itemprop=\"url\">\n\t\t\t\t<img decoding=\"async\" src=\"https:\/\/211md.org\/wp-content\/uploads\/bb-plugin\/cache\/Mask-Group-35@2x-circle-94be10c13e4adae1683b4589dc2f5b2f-.png\" alt=\"Doutor olhando para a perna de meninos\" itemprop=\"image\" height=\"500\" width=\"500\" title=\"Grupo de m\u00e1scara 35@2x\" onerror=\"this.style.display='none'\" loading='lazy' \/>\n\t\t\t\t<\/a>\n\t\t<h3><a href=\"\/pt\/recursos\/cuidados-de-saude\/\" target=\"_self\">Cuidados de sa\u00fade<\/a><\/h3>\t\n\t\t\t\t<a href=\"\/pt\/recursos\/comida\/\"  target=\"_self\" itemprop=\"url\">\n\t\t\t\t<img decoding=\"async\" src=\"https:\/\/211md.org\/wp-content\/uploads\/bb-plugin\/cache\/Mask-Group-32@2x-circle-1c6d647dcaf998fa079d26735cedc92b-.png\" alt=\"Vegetais frescos\" itemprop=\"image\" height=\"500\" width=\"500\" title=\"Grupo de m\u00e1scara 32@2x\" onerror=\"this.style.display='none'\" loading='lazy' \/>\n\t\t\t\t<\/a>\n\t\t<h3><a href=\"\/pt\/recursos\/comida\/\" target=\"_self\">Comida<\/a><\/h3>\t\n\t\t\t\t<a href=\"\/pt\/recursos\/casa-abrigo\/\"  target=\"_self\" itemprop=\"url\">\n\t\t\t\t<img decoding=\"async\" src=\"https:\/\/211md.org\/wp-content\/uploads\/bb-plugin\/cache\/Mask-Group-34@2x-circle-b99c55fc16ef21f35e2f2a1f7cc37b9a-.png\" alt=\"Varanda do complexo de apartamentos\" itemprop=\"image\" height=\"500\" width=\"500\" title=\"Complexo de apartamentos\" onerror=\"this.style.display='none'\" loading='lazy' \/>\n\t\t\t\t<\/a>\n\t\t<h3><a href=\"\/pt\/recursos\/casa-abrigo\/\" target=\"_self\">Habita\u00e7\u00e3o e Abrigo<\/a><\/h3>\t\n\t\t\t\t<a href=\"\/pt\/recursos\/novo-para-nos-e-marilandia\/\"  target=\"_self\" itemprop=\"url\">\n\t\t\t\t<img decoding=\"async\" src=\"https:\/\/211md.org\/wp-content\/uploads\/bb-plugin\/cache\/American-flag-circle-0016cc327e27ef7aeb080f1da6c6e98b-.jpg\" alt=\"novidade nos estados unidos\" itemprop=\"image\" height=\"364\" width=\"1366\" title=\"Bandeira americana\" onerror=\"this.style.display='none'\" loading='lazy' \/>\n\t\t\t\t<\/a>\n\t\t<h3><a href=\"\/pt\/recursos\/novo-para-nos-e-marilandia\/\" target=\"_self\">Imigra\u00e7\u00e3o<\/a><\/h3>\t\n\t\t\t\t<a href=\"\/pt\/recursos\/criancas-familias\/cuidados-de-parentesco\/\"  target=\"_self\" itemprop=\"url\">\n\t\t\t\t<img decoding=\"async\" src=\"https:\/\/211md.org\/wp-content\/uploads\/bb-plugin\/cache\/kinship-family-navigating-a-computer-circle-045fee9d587aefb20221bfea41a2cf9b-.png\" alt=\"fam\u00edlia de parentesco navegando em um computador\" itemprop=\"image\" title=\"fam\u00edlia de parentesco navegando em um computador\" onerror=\"this.style.display='none'\" loading='lazy' \/>\n\t\t\t\t<\/a>\n\t\t<h3><a href=\"\/pt\/recursos\/criancas-familias\/cuidados-de-parentesco\/\" target=\"_self\">Parentesco<\/a><\/h3>\t\n\t\t\t\t<a href=\"\/pt\/recursos\/servicos-legais\/\"  target=\"_self\" itemprop=\"url\">\n\t\t\t\t<img decoding=\"async\" src=\"https:\/\/211md.org\/wp-content\/uploads\/bb-plugin\/cache\/Housing-Legal-circle-9a8f3c1c72c54b6e1ce612d2993c1ad4-.png\" alt=\"Gavel legal com um modelo de pl\u00e1stico de uma casa ao lado\" itemprop=\"image\" height=\"348\" width=\"460\" title=\"Habita\u00e7\u00e3o Legal\" onerror=\"this.style.display='none'\" loading='lazy' \/>\n\t\t\t\t<\/a>\n\t\t<h3><a href=\"\/pt\/recursos\/servicos-legais\/\" target=\"_self\">Servi\u00e7os legais<\/a><\/h3>\t\n\t\t\t\t<a href=\"\/pt\/recursos\/saude-mental\/\"  target=\"_self\" itemprop=\"url\">\n\t\t\t\t<img decoding=\"async\" src=\"https:\/\/211md.org\/wp-content\/uploads\/bb-plugin\/cache\/Mask-Group-40@2x-circle-7bd9426367852fb3d841bc4bdc57a550-.png\" alt=\"Os perfis de um homem e uma mulher\" itemprop=\"image\" height=\"500\" width=\"500\" title=\"Grupo de m\u00e1scara 40@2x\" onerror=\"this.style.display='none'\" loading='lazy' \/>\n\t\t\t\t<\/a>\n\t\t<h3><a href=\"\/pt\/recursos\/saude-mental\/\" target=\"_self\">Sa\u00fade mental<\/a><\/h3>\t\n\t\t\t\t<a href=\"\/pt\/recursos\/mdreentry\/\"  target=\"_self\" itemprop=\"url\">\n\t\t\t\t<img decoding=\"async\" src=\"https:\/\/211md.org\/wp-content\/uploads\/bb-plugin\/cache\/Diverse-group-of-community-members-circle-4457c114cd48613bc79a0fb50060319c-.jpg\" alt=\"Grupo diversificado de membros da comunidade\" itemprop=\"image\" height=\"800\" width=\"1200\" title=\"Grupo diversificado de membros da comunidade\" onerror=\"this.style.display='none'\" loading='lazy' \/>\n\t\t\t\t<\/a>\n\t\t<h3><a href=\"\/pt\/recursos\/mdreentry\/\" target=\"_self\">Reentrada<\/a><\/h3>\t\n\t\t\t\t<a href=\"\/pt\/stophate\/\"  target=\"_self\" itemprop=\"url\">\n\t\t\t\t<img decoding=\"async\" src=\"https:\/\/211md.org\/wp-content\/uploads\/bb-plugin\/cache\/Background-section-MDStophate-circle-08e2bae1cf9f2ad6cc83e01e23da8cb9-.jpg\" alt=\"Background-section-MDStophate\" itemprop=\"image\" height=\"768\" width=\"1366\" title=\"Background-section-MDStophate\" onerror=\"this.style.display='none'\" loading='lazy' \/>\n\t\t\t\t<\/a>\n\t\t<h3><a href=\"\/pt\/stophate\/\" target=\"_self\">Pare de odiar<\/a><\/h3>\t\n\t\t\t\t<a href=\"\/pt\/recursos\/uso-de-substancias\/\"  target=\"_self\" itemprop=\"url\">\n\t\t\t\t<img decoding=\"async\" src=\"https:\/\/211md.org\/wp-content\/uploads\/bb-plugin\/cache\/Substance-Use-circle-ad2d564932dc31267e0c32a6fb2d915c-.png\" alt=\"P\u00edlulas para esmagar as m\u00e3os\" itemprop=\"image\" height=\"500\" width=\"500\" title=\"Uso de subst\u00e2ncias\" onerror=\"this.style.display='none'\" loading='lazy' \/>\n\t\t\t\t<\/a>\n\t\t<h3><a href=\"\/pt\/recursos\/uso-de-substancias\/\" target=\"_self\">Uso de subst\u00e2ncias<\/a><\/h3>\t\n\t\t\t\t<a href=\"\/pt\/recursos\/servicos-fiscais\/\"  target=\"_self\" itemprop=\"url\">\n\t\t\t\t<img decoding=\"async\" src=\"https:\/\/211md.org\/wp-content\/uploads\/bb-plugin\/cache\/Mask-Group-34-circle-166a606e37e61188c9a17d5e634cda3c-.png\" alt=\"Pessoa preenchendo a papelada do imposto de renda\" itemprop=\"image\" height=\"500\" width=\"500\" title=\"Grupo de m\u00e1scara 34\" onerror=\"this.style.display='none'\" loading='lazy' \/>\n\t\t\t\t<\/a>\n\t\t<h3><a href=\"\/pt\/recursos\/servicos-fiscais\/\" target=\"_self\">Servi\u00e7os fiscais<\/a><\/h3>\t\n\t\t\t\t<a href=\"\/pt\/recursos\/utilitario-assistencia\/\"  target=\"_self\" itemprop=\"url\">\n\t\t\t\t<img decoding=\"async\" src=\"https:\/\/211md.org\/wp-content\/uploads\/bb-plugin\/cache\/Mask-Group-37@2x-circle-9661a11b9c4082079c9a1f06bc539567-.png\" alt=\"Uma l\u00e2mpada acesa\" itemprop=\"image\" height=\"500\" width=\"500\" title=\"Grupo de m\u00e1scara 37@2x\" onerror=\"this.style.display='none'\" loading='lazy' \/>\n\t\t\t\t<\/a>\n\t\t<h3><a href=\"\/pt\/recursos\/utilitario-assistencia\/\" target=\"_self\">Assist\u00eancia de utilidade<\/a><\/h3>\t\n\t\t\t\t<a href=\"\/pt\/recursos\/veteranos\/\"  target=\"_self\" itemprop=\"url\">\n\t\t\t\t<img decoding=\"async\" src=\"https:\/\/211md.org\/wp-content\/uploads\/bb-plugin\/cache\/Veterans-circle-7c6972a59826c74f1f658f61df785fc3-.png\" alt=\"Um soldado apertando a m\u00e3o de algu\u00e9m e sorrindo\" itemprop=\"image\" title=\"veteranos\" onerror=\"this.style.display='none'\" loading='lazy' \/>\n\t\t\t\t<\/a>\n\t\t<h3><a href=\"\/pt\/recursos\/veteranos\/\" target=\"_self\">veteranos<\/a><\/h3>","protected":false},"excerpt":{"rendered":"<p>Encontre recursos perto de mim Pesquise agora Adicione sua ag\u00eancia ou organiza\u00e7\u00e3o ao nosso banco de dados de recursos. Voc\u00ea precisa de ajuda para pagar sua conta de telefone ou Internet? A ajuda est\u00e1 dispon\u00edvel para aqueles que se qualificam. O programa oferece descontos e n\u00e3o disponibiliza celulares gr\u00e1tis. No entanto, os provedores podem cobrir o custo de um telefone celular para\u2026<\/p>","protected":false},"author":8,"featured_media":3746,"parent":932,"menu_order":0,"comment_status":"closed","ping_status":"closed","template":"","meta":{"footnotes":""},"class_list":["post-1061","page","type-page","status-publish","has-post-thumbnail","hentry"],"_links":{"self":[{"href":"https:\/\/211md.org\/pt\/wp-json\/wp\/v2\/pages\/1061","targetHints":{"allow":["GET"]}}],"collection":[{"href":"https:\/\/211md.org\/pt\/wp-json\/wp\/v2\/pages"}],"about":[{"href":"https:\/\/211md.org\/pt\/wp-json\/wp\/v2\/types\/page"}],"author":[{"embeddable":true,"href":"https:\/\/211md.org\/pt\/wp-json\/wp\/v2\/users\/8"}],"replies":[{"embeddable":true,"href":"https:\/\/211md.org\/pt\/wp-json\/wp\/v2\/comments?post=1061"}],"version-history":[{"count":2,"href":"https:\/\/211md.org\/pt\/wp-json\/wp\/v2\/pages\/1061\/revisions"}],"predecessor-version":[{"id":4676,"href":"https:\/\/211md.org\/pt\/wp-json\/wp\/v2\/pages\/1061\/revisions\/4676"}],"up":[{"embeddable":true,"href":"https:\/\/211md.org\/pt\/wp-json\/wp\/v2\/pages\/932"}],"wp:featuredmedia":[{"embeddable":true,"href":"https:\/\/211md.org\/pt\/wp-json\/wp\/v2\/media\/3746"}],"wp:attachment":[{"href":"https:\/\/211md.org\/pt\/wp-json\/wp\/v2\/media?parent=1061"}],"curies":[{"name":"wp","href":"https:\/\/api.w.org\/{rel}","templated":true}]}}